{"id":5764,"date":"2020-05-11T14:52:30","date_gmt":"2020-05-11T12:52:30","guid":{"rendered":"https:\/\/escort-technology.com\/?page_id=5764"},"modified":"2020-05-11T14:52:30","modified_gmt":"2020-05-11T12:52:30","slug":"sonda-valeport-minictd-profiler","status":"publish","type":"page","link":"https:\/\/escort-technology.com\/pl\/sonda-valeport-minictd-profiler\/","title":{"rendered":"Sonda Valeport miniCTD Profiler"},"content":{"rendered":"<h1>\n<h2 class=\"uk-h1 uk-text-truncate\" style=\"text-align: center;\">Sonda Valeport miniCTD Profiler<\/h2>\n<\/h1>\n<hr>\n<p><img decoding=\"async\" src=\"wp-content\/uploads\/miniCTD-Acetal-Hero-2048x1366-1.jpg\" alt=\"\"><\/p>\n<div>\n<h1>Sonda MiniCTD zosta\u0142a opracowana, aby zapewni\u0107 op\u0142acalne narz\u0119dzie do gromadzenia profili CTD, bez straty dla jako\u015bci danych.<\/h1>\n<p>Idealnie nadaje si\u0119 do zastosowa\u0144 w pojazdach typu ROV, przybrze\u017cnych lub ma\u0142ych \u0142odziach, miniCTD spodoba si\u0119 zar\u00f3wno firmom badawczym, wojskowym, jak i akademickim, poniewa\u017c jest \u0142atwy w obs\u0142udze. <\/p>\n<\/div>\n<p><img decoding=\"async\" src=\"wp-content\/uploads\/miniCTD-Acetal-Additional-1-800x660-1.jpg\" alt=\"\"><br \/>\n<img decoding=\"async\" src=\"wp-content\/uploads\/miniCTD-Acetal-Additional-2-800x660-1.jpg\" alt=\"\"><\/p>\n<div>\n<div>\n<h3 style=\"text-align: center;\"><strong>Do pobrania<\/strong><\/h3>\n<p><a href=\"https:\/\/www.valeport.co.uk\/content\/uploads\/2020\/04\/miniCTD-Profiler-Datasheet-April-2020.pdf\">Karta katalogowa miniCTD<\/a><\/p>\n<p><a href=\"https:\/\/www.valeport.co.uk\/content\/uploads\/2020\/03\/MiniCTD-Operating-Manual-0660839e.pdf\">Instrukcja obs\u0142ugi miniCTD<\/a><\/p>\n<p><a href=\"https:\/\/www.valeport.co.uk\/content\/uploads\/2020\/03\/Datalog-Terminal-X2-04008333B.pdf\">Instrukcja obs\u0142ugi oprogramowania DataLog X2<\/a><\/p>\n<\/div>\n<\/div>\n<p><!-- {\"type\":\"layout\",\"children\":[{\"type\":\"section\",\"props\":{\"style\":\"default\",\"width\":\"default\",\"vertical_align\":\"middle\",\"title_position\":\"top-left\",\"title_rotation\":\"left\",\"title_breakpoint\":\"xl\",\"image_position\":\"center-center\",\"text_color\":\"\",\"width_expand\":\"\",\"height\":\"\",\"padding\":\"\",\"header_transparent\":\"\",\"animation\":\"\"},\"children\":[{\"type\":\"row\",\"props\":{\"layout\":\"1-1\",\"breakpoint\":\"m\",\"fixed_width\":\"large\",\"gutter\":\"\",\"width\":\"\",\"width_expand\":\"\",\"height\":\"\",\"margin\":\"\"},\"children\":[{\"type\":\"column\",\"props\":{\"widths\":[\"1-1\"],\"image_position\":\"center-center\",\"media_overlay_gradient\":\"\",\"vertical_align\":\"\",\"style\":\"\",\"text_color\":\"\",\"padding\":\"\"},\"children\":[{\"type\":\"headline\",\"props\":{\"title_element\":\"h1\",\"title_style\":\"\",\"title_decoration\":\"\",\"title_color\":\"\",\"text_align\":\"\",\"text_align_breakpoint\":\"\",\"text_align_fallback\":\"\",\"maxwidth\":\"\",\"maxwidth_align\":\"\",\"maxwidth_breakpoint\":\"\",\"margin\":\"\",\"animation\":\"\",\"visibility\":\"\",\"content\":\"\n\n<h2 class=\\\"uk-h1 uk-text-truncate\\\" style=\\\"text-align: center;\\\">Sonda Valeport miniCTD Profiler<\\\/h2>\"}},{\"type\":\"divider\",\"props\":{\"divider_element\":\"hr\",\"divider_style\":\"\",\"divider_align\":\"\",\"divider_align_breakpoint\":\"\",\"divider_align_fallback\":\"\",\"maxwidth\":\"\",\"maxwidth_align\":\"\",\"maxwidth_breakpoint\":\"\",\"margin\":\"\",\"animation\":\"\",\"visibility\":\"\"}},{\"type\":\"image\",\"props\":{\"margin\":\"default\",\"link_target\":\"\",\"image_border\":\"\",\"image_box_shadow\":\"\",\"image_hover_box_shadow\":\"\",\"image_box_decoration\":\"\",\"text_align\":\"\",\"text_align_breakpoint\":\"\",\"text_align_fallback\":\"\",\"maxwidth\":\"\",\"maxwidth_align\":\"\",\"maxwidth_breakpoint\":\"\",\"animation\":\"\",\"visibility\":\"\",\"image\":\"wp-content\\\/uploads\\\/miniCTD-Acetal-Hero-2048x1366-1.jpg\",\"image_width\":\"1500\",\"image_height\":\"500\"}}]}]}]},{\"type\":\"section\",\"props\":{\"style\":\"default\",\"width\":\"default\",\"vertical_align\":\"middle\",\"title_position\":\"top-left\",\"title_rotation\":\"left\",\"title_breakpoint\":\"xl\",\"image_position\":\"center-center\",\"text_color\":\"\",\"width_expand\":\"\",\"height\":\"\",\"padding\":\"\",\"header_transparent\":\"\",\"animation\":\"\"},\"children\":[{\"type\":\"row\",\"props\":{\"layout\":\",\",\"breakpoint\":\"m\",\"fixed_width\":\"large\",\"gutter\":\"\",\"width\":\"\",\"width_expand\":\"\",\"height\":\"\",\"margin\":\"\"},\"children\":[{\"type\":\"column\",\"props\":{\"widths\":[\"\"],\"image_position\":\"center-center\",\"media_overlay_gradient\":\"\",\"vertical_align\":\"\",\"style\":\"\",\"text_color\":\"\",\"padding\":\"\"},\"children\":[{\"type\":\"text\",\"props\":{\"margin\":\"default\",\"column_breakpoint\":\"m\",\"text_style\":\"\",\"text_color\":\"\",\"text_size\":\"\",\"column\":\"\",\"text_align\":\"\",\"text_align_breakpoint\":\"\",\"text_align_fallback\":\"\",\"maxwidth\":\"\",\"maxwidth_align\":\"\",\"maxwidth_breakpoint\":\"\",\"animation\":\"\",\"visibility\":\"\",\"content\":\"\n\n<h1>Sonda MiniCTD zosta\\u0142a opracowana, aby zapewni\\u0107 op\\u0142acalne narz\\u0119dzie do gromadzenia profili CTD, bez straty dla jako\\u015bci danych.<\\\/h1>\\n\n\n<p>Idealnie nadaje si\\u0119 do zastosowa\\u0144 w pojazdach typu ROV, przybrze\\u017cnych lub ma\\u0142ych \\u0142odziach, miniCTD spodoba si\\u0119 zar\\u00f3wno firmom badawczym, wojskowym, jak i akademickim, poniewa\\u017c jest \\u0142atwy w obs\\u0142udze. <\\\/p>\"}},{\"type\":\"image\",\"props\":{\"margin\":\"default\",\"link_target\":\"\",\"image_border\":\"\",\"image_box_shadow\":\"\",\"image_hover_box_shadow\":\"\",\"image_box_decoration\":\"\",\"text_align\":\"\",\"text_align_breakpoint\":\"\",\"text_align_fallback\":\"\",\"maxwidth\":\"\",\"maxwidth_align\":\"\",\"maxwidth_breakpoint\":\"\",\"animation\":\"\",\"visibility\":\"\",\"image\":\"wp-content\\\/uploads\\\/miniCTD-Acetal-Additional-1-800x660-1.jpg\"}}]},{\"type\":\"column\",\"props\":{\"widths\":[\"\"],\"image_position\":\"center-center\",\"media_overlay_gradient\":\"\",\"vertical_align\":\"\",\"style\":\"\",\"text_color\":\"\",\"padding\":\"\"},\"children\":[{\"type\":\"image\",\"props\":{\"margin\":\"default\",\"link_target\":\"\",\"image_border\":\"\",\"image_box_shadow\":\"\",\"image_hover_box_shadow\":\"\",\"image_box_decoration\":\"\",\"text_align\":\"\",\"text_align_breakpoint\":\"\",\"text_align_fallback\":\"\",\"maxwidth\":\"\",\"maxwidth_align\":\"\",\"maxwidth_breakpoint\":\"\",\"animation\":\"\",\"visibility\":\"\",\"image\":\"wp-content\\\/uploads\\\/miniCTD-Acetal-Additional-2-800x660-1.jpg\"}}]}]}]},{\"type\":\"section\",\"props\":{\"style\":\"default\",\"width\":\"default\",\"vertical_align\":\"middle\",\"title_position\":\"top-left\",\"title_rotation\":\"left\",\"title_breakpoint\":\"xl\",\"image_position\":\"center-center\",\"text_color\":\"\",\"width_expand\":\"\",\"height\":\"\",\"padding\":\"\",\"header_transparent\":\"\",\"animation\":\"\"},\"children\":[{\"type\":\"row\",\"props\":{\"layout\":\"1-1\",\"breakpoint\":\"m\",\"fixed_width\":\"large\",\"gutter\":\"\",\"width\":\"\",\"width_expand\":\"\",\"height\":\"\",\"margin\":\"\"},\"children\":[{\"type\":\"column\",\"props\":{\"widths\":[\"1-1\"],\"image_position\":\"center-center\",\"media_overlay_gradient\":\"\",\"vertical_align\":\"\",\"style\":\"\",\"text_color\":\"\",\"padding\":\"\"},\"children\":[{\"type\":\"panel\",\"props\":{\"link_text\":\"Read more\",\"title_element\":\"h3\",\"meta_style\":\"meta\",\"meta_align\":\"bottom\",\"icon_ratio\":4,\"image_align\":\"top\",\"image_grid_width\":\"1-2\",\"image_breakpoint\":\"m\",\"link_style\":\"default\",\"margin\":\"default\",\"panel_style\":\"card-secondary\",\"panel_size\":\"\",\"title_style\":\"\",\"title_decoration\":\"\",\"title_color\":\"\",\"meta_color\":\"\",\"meta_margin\":\"\",\"content_style\":\"\",\"image_border\":\"\",\"image_box_shadow\":\"\",\"image_hover_box_shadow\":\"\",\"image_box_decoration\":\"\",\"icon_color\":\"\",\"image_gutter\":\"\",\"link_size\":\"\",\"text_align\":\"\",\"text_align_breakpoint\":\"\",\"text_align_fallback\":\"\",\"maxwidth\":\"\",\"maxwidth_align\":\"\",\"maxwidth_breakpoint\":\"\",\"animation\":\"\",\"visibility\":\"\",\"content\":\"\n\n<h3 style=\\\"text-align: center;\\\"><strong>Do pobrania<\\\/strong><\\\/h3>\\n\n\n<p><a href=\\\"https:\\\/\\\/www.valeport.co.uk\\\/content\\\/uploads\\\/2020\\\/04\\\/miniCTD-Profiler-Datasheet-April-2020.pdf\\\">Karta katalogowa miniCTD<\\\/a><\\\/p>\\n\n\n<p><a href=\\\"https:\\\/\\\/www.valeport.co.uk\\\/content\\\/uploads\\\/2020\\\/03\\\/MiniCTD-Operating-Manual-0660839e.pdf\\\">Instrukcja obs\\u0142ugi miniCTD<\\\/a><\\\/p>\\n\n\n<p><a href=\\\"https:\\\/\\\/www.valeport.co.uk\\\/content\\\/uploads\\\/2020\\\/03\\\/Datalog-Terminal-X2-04008333B.pdf\\\">Instrukcja obs\\u0142ugi oprogramowania DataLog X2<\\\/a><\\\/p>\"}}]}]}]}]} --><\/p>\n","protected":false},"excerpt":{"rendered":"<p>Sonda Valeport miniCTD Profiler Sonda MiniCTD zosta\u0142a opracowana, aby zapewni\u0107 op\u0142acalne narz\u0119dzie do gromadzenia profili CTD, bez straty dla jako\u015bci danych. Idealnie nadaje si\u0119 do zastosowa\u0144 w pojazdach typu ROV, przybrze\u017cnych lub ma\u0142ych \u0142odziach, miniCTD spodoba si\u0119 zar\u00f3wno firmom badawczym, wojskowym, jak i akademickim, poniewa\u017c jest \u0142atwy w obs\u0142udze. Do pobrania Karta katalogowa miniCTD Instrukcja [&hellip;]<\/p>\n","protected":false},"author":10,"featured_media":0,"parent":0,"menu_order":0,"comment_status":"closed","ping_status":"closed","template":"","meta":{"footnotes":""},"class_list":["post-5764","page","type-page","status-publish","hentry"],"yoast_head":"<!-- This site is optimized with the Yoast SEO plugin v27.6 - https:\/\/yoast.com\/product\/yoast-seo-wordpress\/ -->\n<title>Sonda Valeport miniCTD Profiler - ESCORT TECHNOLOGY<\/title>\n<meta name=\"robots\" content=\"index, follow, max-snippet:-1, max-image-preview:large, max-video-preview:-1\" \/>\n<link rel=\"canonical\" href=\"https:\/\/escort-technology.com\/pl\/sonda-valeport-minictd-profiler\/\" \/>\n<meta property=\"og:locale\" content=\"pl_PL\" \/>\n<meta property=\"og:type\" content=\"article\" \/>\n<meta property=\"og:title\" content=\"Sonda Valeport miniCTD Profiler - ESCORT TECHNOLOGY\" \/>\n<meta property=\"og:description\" content=\"Sonda Valeport miniCTD Profiler Sonda MiniCTD zosta\u0142a opracowana, aby zapewni\u0107 op\u0142acalne narz\u0119dzie do gromadzenia profili CTD, bez straty dla jako\u015bci danych. Idealnie nadaje si\u0119 do zastosowa\u0144 w pojazdach typu ROV, przybrze\u017cnych lub ma\u0142ych \u0142odziach, miniCTD spodoba si\u0119 zar\u00f3wno firmom badawczym, wojskowym, jak i akademickim, poniewa\u017c jest \u0142atwy w obs\u0142udze. Do pobrania Karta katalogowa miniCTD Instrukcja [&hellip;]\" \/>\n<meta property=\"og:url\" content=\"https:\/\/escort-technology.com\/pl\/sonda-valeport-minictd-profiler\/\" \/>\n<meta property=\"og:site_name\" content=\"ESCORT TECHNOLOGY\" \/>\n<meta property=\"article:publisher\" content=\"https:\/\/www.facebook.com\/elektronika.morska\/\" \/>\n<meta property=\"og:image\" content=\"http:\/\/wp-content\/uploads\/miniCTD-Acetal-Hero-2048x1366-1.jpg\" \/>\n<meta name=\"twitter:card\" content=\"summary_large_image\" \/>\n<script type=\"application\/ld+json\" class=\"yoast-schema-graph\">{\"@context\":\"https:\\\/\\\/schema.org\",\"@graph\":[{\"@type\":\"WebPage\",\"@id\":\"https:\\\/\\\/escort-technology.com\\\/pl\\\/sonda-valeport-minictd-profiler\\\/\",\"url\":\"https:\\\/\\\/escort-technology.com\\\/pl\\\/sonda-valeport-minictd-profiler\\\/\",\"name\":\"Sonda Valeport miniCTD Profiler - ESCORT TECHNOLOGY\",\"isPartOf\":{\"@id\":\"http:\\\/\\\/escort-technology.com\\\/de\\\/#website\"},\"datePublished\":\"2020-05-11T12:52:30+00:00\",\"breadcrumb\":{\"@id\":\"https:\\\/\\\/escort-technology.com\\\/pl\\\/sonda-valeport-minictd-profiler\\\/#breadcrumb\"},\"inLanguage\":\"pl-PL\",\"potentialAction\":[{\"@type\":\"ReadAction\",\"target\":[\"https:\\\/\\\/escort-technology.com\\\/pl\\\/sonda-valeport-minictd-profiler\\\/\"]}]},{\"@type\":\"BreadcrumbList\",\"@id\":\"https:\\\/\\\/escort-technology.com\\\/pl\\\/sonda-valeport-minictd-profiler\\\/#breadcrumb\",\"itemListElement\":[{\"@type\":\"ListItem\",\"position\":1,\"name\":\"Strona g\u0142\u00f3wna\",\"item\":\"https:\\\/\\\/escort-technology.com\\\/\"},{\"@type\":\"ListItem\",\"position\":2,\"name\":\"Sonda Valeport miniCTD Profiler\"}]},{\"@type\":\"WebSite\",\"@id\":\"http:\\\/\\\/escort-technology.com\\\/de\\\/#website\",\"url\":\"http:\\\/\\\/escort-technology.com\\\/de\\\/\",\"name\":\"ESCORT TECHNOLOGY\",\"description\":\"Elektronika morska i l\u0105dowa\",\"publisher\":{\"@id\":\"http:\\\/\\\/escort-technology.com\\\/de\\\/#organization\"},\"potentialAction\":[{\"@type\":\"SearchAction\",\"target\":{\"@type\":\"EntryPoint\",\"urlTemplate\":\"http:\\\/\\\/escort-technology.com\\\/de\\\/?s={search_term_string}\"},\"query-input\":{\"@type\":\"PropertyValueSpecification\",\"valueRequired\":true,\"valueName\":\"search_term_string\"}}],\"inLanguage\":\"pl-PL\"},{\"@type\":\"Organization\",\"@id\":\"http:\\\/\\\/escort-technology.com\\\/de\\\/#organization\",\"name\":\"ESCORT TECHNOLOGY\",\"url\":\"http:\\\/\\\/escort-technology.com\\\/de\\\/\",\"logo\":{\"@type\":\"ImageObject\",\"inLanguage\":\"pl-PL\",\"@id\":\"http:\\\/\\\/escort-technology.com\\\/de\\\/#\\\/schema\\\/logo\\\/image\\\/\",\"url\":\"https:\\\/\\\/escort-technology.com\\\/wp-content\\\/uploads\\\/logo-1.jpg\",\"contentUrl\":\"https:\\\/\\\/escort-technology.com\\\/wp-content\\\/uploads\\\/logo-1.jpg\",\"width\":600,\"height\":165,\"caption\":\"ESCORT TECHNOLOGY\"},\"image\":{\"@id\":\"http:\\\/\\\/escort-technology.com\\\/de\\\/#\\\/schema\\\/logo\\\/image\\\/\"},\"sameAs\":[\"https:\\\/\\\/www.facebook.com\\\/elektronika.morska\\\/\",\"https:\\\/\\\/www.linkedin.com\\\/company\\\/escort-sp-z-o-o-\\\/\"]}]}<\/script>\n<!-- \/ Yoast SEO plugin. -->","yoast_head_json":{"title":"Sonda Valeport miniCTD Profiler - ESCORT TECHNOLOGY","robots":{"index":"index","follow":"follow","max-snippet":"max-snippet:-1","max-image-preview":"max-image-preview:large","max-video-preview":"max-video-preview:-1"},"canonical":"https:\/\/escort-technology.com\/pl\/sonda-valeport-minictd-profiler\/","og_locale":"pl_PL","og_type":"article","og_title":"Sonda Valeport miniCTD Profiler - ESCORT TECHNOLOGY","og_description":"Sonda Valeport miniCTD Profiler Sonda MiniCTD zosta\u0142a opracowana, aby zapewni\u0107 op\u0142acalne narz\u0119dzie do gromadzenia profili CTD, bez straty dla jako\u015bci danych. Idealnie nadaje si\u0119 do zastosowa\u0144 w pojazdach typu ROV, przybrze\u017cnych lub ma\u0142ych \u0142odziach, miniCTD spodoba si\u0119 zar\u00f3wno firmom badawczym, wojskowym, jak i akademickim, poniewa\u017c jest \u0142atwy w obs\u0142udze. Do pobrania Karta katalogowa miniCTD Instrukcja [&hellip;]","og_url":"https:\/\/escort-technology.com\/pl\/sonda-valeport-minictd-profiler\/","og_site_name":"ESCORT TECHNOLOGY","article_publisher":"https:\/\/www.facebook.com\/elektronika.morska\/","og_image":[{"url":"wp-content\/uploads\/miniCTD-Acetal-Hero-2048x1366-1.jpg","type":"","width":"","height":""}],"twitter_card":"summary_large_image","schema":{"@context":"https:\/\/schema.org","@graph":[{"@type":"WebPage","@id":"https:\/\/escort-technology.com\/pl\/sonda-valeport-minictd-profiler\/","url":"https:\/\/escort-technology.com\/pl\/sonda-valeport-minictd-profiler\/","name":"Sonda Valeport miniCTD Profiler - ESCORT TECHNOLOGY","isPartOf":{"@id":"http:\/\/escort-technology.com\/de\/#website"},"datePublished":"2020-05-11T12:52:30+00:00","breadcrumb":{"@id":"https:\/\/escort-technology.com\/pl\/sonda-valeport-minictd-profiler\/#breadcrumb"},"inLanguage":"pl-PL","potentialAction":[{"@type":"ReadAction","target":["https:\/\/escort-technology.com\/pl\/sonda-valeport-minictd-profiler\/"]}]},{"@type":"BreadcrumbList","@id":"https:\/\/escort-technology.com\/pl\/sonda-valeport-minictd-profiler\/#breadcrumb","itemListElement":[{"@type":"ListItem","position":1,"name":"Strona g\u0142\u00f3wna","item":"https:\/\/escort-technology.com\/"},{"@type":"ListItem","position":2,"name":"Sonda Valeport miniCTD Profiler"}]},{"@type":"WebSite","@id":"http:\/\/escort-technology.com\/de\/#website","url":"http:\/\/escort-technology.com\/de\/","name":"ESCORT TECHNOLOGY","description":"Elektronika morska i l\u0105dowa","publisher":{"@id":"http:\/\/escort-technology.com\/de\/#organization"},"potentialAction":[{"@type":"SearchAction","target":{"@type":"EntryPoint","urlTemplate":"http:\/\/escort-technology.com\/de\/?s={search_term_string}"},"query-input":{"@type":"PropertyValueSpecification","valueRequired":true,"valueName":"search_term_string"}}],"inLanguage":"pl-PL"},{"@type":"Organization","@id":"http:\/\/escort-technology.com\/de\/#organization","name":"ESCORT TECHNOLOGY","url":"http:\/\/escort-technology.com\/de\/","logo":{"@type":"ImageObject","inLanguage":"pl-PL","@id":"http:\/\/escort-technology.com\/de\/#\/schema\/logo\/image\/","url":"https:\/\/escort-technology.com\/wp-content\/uploads\/logo-1.jpg","contentUrl":"https:\/\/escort-technology.com\/wp-content\/uploads\/logo-1.jpg","width":600,"height":165,"caption":"ESCORT TECHNOLOGY"},"image":{"@id":"http:\/\/escort-technology.com\/de\/#\/schema\/logo\/image\/"},"sameAs":["https:\/\/www.facebook.com\/elektronika.morska\/","https:\/\/www.linkedin.com\/company\/escort-sp-z-o-o-\/"]}]}},"_links":{"self":[{"href":"https:\/\/escort-technology.com\/pl\/wp-json\/wp\/v2\/pages\/5764","targetHints":{"allow":["GET"]}}],"collection":[{"href":"https:\/\/escort-technology.com\/pl\/wp-json\/wp\/v2\/pages"}],"about":[{"href":"https:\/\/escort-technology.com\/pl\/wp-json\/wp\/v2\/types\/page"}],"author":[{"embeddable":true,"href":"https:\/\/escort-technology.com\/pl\/wp-json\/wp\/v2\/users\/10"}],"replies":[{"embeddable":true,"href":"https:\/\/escort-technology.com\/pl\/wp-json\/wp\/v2\/comments?post=5764"}],"version-history":[{"count":2,"href":"https:\/\/escort-technology.com\/pl\/wp-json\/wp\/v2\/pages\/5764\/revisions"}],"predecessor-version":[{"id":5770,"href":"https:\/\/escort-technology.com\/pl\/wp-json\/wp\/v2\/pages\/5764\/revisions\/5770"}],"wp:attachment":[{"href":"https:\/\/escort-technology.com\/pl\/wp-json\/wp\/v2\/media?parent=5764"}],"curies":[{"name":"wp","href":"https:\/\/api.w.org\/{rel}","templated":true}]}}