{"id":5817,"date":"2020-05-18T08:48:56","date_gmt":"2020-05-18T06:48:56","guid":{"rendered":"https:\/\/escort-technology.com\/?page_id=5817"},"modified":"2021-01-12T12:06:16","modified_gmt":"2021-01-12T11:06:16","slug":"kompasy-i-anteny-simrad","status":"publish","type":"page","link":"https:\/\/escort-technology.com\/pl\/kompasy-i-anteny-simrad\/","title":{"rendered":"Kompasy i anteny Simrad"},"content":{"rendered":"<h1>Kompasy i anteny Simrad<\/h1>\n<hr>\n<p><a href=\"https:\/\/escort-technology.com\/?page_id=5832&#038;preview=true\"><img decoding=\"async\" src=\"\/wp-content\/uploads\/HS75_LF.png\" alt=\"\"><\/a><\/p>\n<div>\n<p>\u00a0<\/p>\n<p>\u00a0<\/p>\n<p><span style=\"color: #000000;\"><a style=\"color: #000000;\" href=\"https:\/\/escort-technology.com\/?page_id=5832&amp;preview=true\"><strong>Kompas satelitarny GNSS Simrad HS75<\/strong><\/a><\/span><\/p>\n<p>Nowy lekki kompas satelitarny GNSS,przeznaczony na mniejsze jednostki, \u0142odzie rybackie i patrolowe. Na statki nie obj\u0119te wymogami Konwencji SOLAS.<\/p>\n<\/div>\n<p><a href=\"https:\/\/escort-technology.com\/kompas-satelitarny-simrad-hs60\/\"><img decoding=\"async\" src=\"\/wp-content\/uploads\/HS60.png\" alt=\"\"><\/a><\/p>\n<div>\n<p>\u00a0<\/p>\n<p>\u00a0<\/p>\n<p><span style=\"color: #000000;\"><a style=\"color: #000000;\" href=\"https:\/\/escort-technology.com\/kompas-satelitarny-simrad-hs60\/\"><strong>Kompas satelitarny GPS Simrad HS60 <\/strong><\/a><\/span><\/p>\n<p>Kompas GPS, przeznaczony dla ma\u0142ych jednostek, charakteryzuje si\u0119 niewielkimi rozmiarami. Bez uznania MED.<\/p>\n<p>\u00a0<\/p>\n<\/div>\n<p><a href=\"https:\/\/escort-technology.com\/pl\/kompas-satelitarny-simrad-hs80a\/\"><img decoding=\"async\" src=\"\/wp-content\/uploads\/HS80_ANTENNA.png\" alt=\"\"><\/a><\/p>\n<div>\n<p>\u00a0<\/p>\n<p>\u00a0<\/p>\n<p>\u00a0<\/p>\n<p><strong>Kompas satelitarny Simrad HS80A z GLONASS<\/strong><\/p>\n<p>Kompas przeznaczony na wszystkie statki obj\u0119te Konwencj\u0105 SOLAS, jako \u017ar\u00f3d\u0142o informacji o kursie, ROT i pozycji.<\/p>\n<\/div>\n<p><a href=\"https:\/\/escort-technology.com\/pl\/kompas-satelitarny-simrad-mx575d\/\"><img decoding=\"async\" src=\"\/wp-content\/uploads\/HS80_ANTENNA.png\" alt=\"\"><\/a><\/p>\n<div>\n<p>\u00a0<\/p>\n<p>\u00a0<\/p>\n<p><strong>Kompas satelitarny DGPS Simrad MX575D z GLONASS<\/strong><\/p>\n<p>Kompas przeznaczony na wszystkie statki obj\u0119te Konwencj\u0105 SOLAS, jako \u017ar\u00f3d\u0142o informacji o kursie, ROT i pozycji. Z poprawkami DGPS dla lepszej dok\u0142adno\u015bci danych.<\/p>\n<\/div>\n<p><a href=\"https:\/\/escort-technology.com\/?page_id=8067&#038;preview=true\"><img decoding=\"async\" src=\"\/wp-content\/uploads\/Precision9_Main.png\" alt=\"\"><\/a><\/p>\n<div>\n<p>\u00a0<\/p>\n<p><strong>Kompas magnetyczny PRECISION-9 COMPASS<\/strong><\/p>\n<p><span class=\"tlid-translation translation\" lang=\"pl\"><span class=\"\" title=\"\">Kompas Precision-9 dostarcza informacje o kursie i ROT do autopilota, radaru i system\u00f3w nawigacyjnych Simrad, B&amp;G i Lowrance.<\/span><\/span><\/p>\n<p>\u00a0<\/p>\n<\/div>\n<p><img decoding=\"async\" src=\"\/wp-content\/uploads\/pobrane.jpg\" alt=\"\"><\/p>\n<div>\n<p><strong>Interfejs kursu Simrad CDI80<\/strong><\/p>\n<p><span class=\"tlid-translation translation\" lang=\"pl\"><span class=\"\" title=\"\">Skrzynka interfejsu u\u017cywana do integracji czujnika kierunku kursu CD100A z sieci\u0105 SimNet \/ NMEA2000.<\/span><\/span><\/p>\n<\/div>\n<p><img decoding=\"async\" src=\"\/wp-content\/uploads\/GC80_Compact_System.png\" alt=\"\"><\/p>\n<div>\n<p>\u00a0<\/p>\n<p>\u00a0<\/p>\n<p><strong>\u017byrokompas Simrad GC80 <br \/><\/strong><\/p>\n<div class=\"text-wrap tlid-copy-target\">\n<div class=\"result-shield-container tlid-copy-target\" tabindex=\"0\"><span class=\"tlid-translation translation\" lang=\"pl\"><span title=\"\">\u017byrokompas z uznaniem MED, przeznaczony na standardowe jednostki. <\/span><span title=\"\"><br \/><\/span><\/span><\/div>\n<\/div>\n<div class=\"tlid-result-transliteration-container result-transliteration-container transliteration-container\">\n<div class=\"tlid-transliteration-content transliteration-content full\">\u00a0<\/div>\n<\/div>\n<div class=\"result-footer source-or-target-footer tlid-copy-target\">\u00a0<\/div>\n<\/div>\n<p><img decoding=\"async\" src=\"\/wp-content\/uploads\/GC80_dual.png\" alt=\"\"><\/p>\n<div>\n<p>\u00a0<\/p>\n<p>\u00a0<\/p>\n<p><strong>\u017byrokompas Simrad GC85<\/strong><\/p>\n<p>\u017byrokompas z uznaniem MED, przeznaczony na szybkie jednostki<\/p>\n<\/div>\n<p><img decoding=\"async\" src=\"\/wp-content\/uploads\/RGS50_lg.png\" alt=\"\"><\/p>\n<div>\n<p><strong>\u017byrokompas Simrad RGC50<\/strong><\/p>\n<p>\u017byrokompas przeznaczony dla ma\u0142ych jednostek.<\/p>\n<p>\u00a0<\/p>\n<\/div>\n<p><!-- {\"type\":\"layout\",\"children\":[{\"type\":\"section\",\"props\":{\"style\":\"default\",\"width\":\"large\",\"vertical_align\":\"middle\",\"title_position\":\"top-left\",\"title_rotation\":\"left\",\"title_breakpoint\":\"xl\",\"image_position\":\"center-center\"},\"children\":[{\"type\":\"row\",\"children\":[{\"type\":\"column\",\"props\":{\"image_position\":\"center-center\",\"media_overlay_gradient\":\"\",\"width_medium\":\"1-1\"},\"children\":[{\"type\":\"headline\",\"props\":{\"title_element\":\"h1\",\"content\":\"Kompasy i anteny Simrad\"}}]}]},{\"type\":\"row\",\"children\":[{\"type\":\"column\",\"props\":{\"image_position\":\"center-center\",\"media_overlay_gradient\":\"\",\"width_medium\":\"1-1\"},\"children\":[{\"type\":\"divider\",\"props\":{\"divider_element\":\"hr\",\"divider_style\":\"\",\"divider_align\":\"\",\"divider_align_breakpoint\":\"\",\"divider_align_fallback\":\"\"}}]}]}]},{\"type\":\"section\",\"props\":{\"style\":\"default\",\"width\":\"large\",\"vertical_align\":\"middle\",\"title_position\":\"top-left\",\"title_rotation\":\"left\",\"title_breakpoint\":\"xl\",\"image_position\":\"center-center\"},\"children\":[{\"type\":\"row\",\"props\":{\"layout\":\"1-3,1-3,1-3\"},\"children\":[{\"type\":\"column\",\"props\":{\"image_position\":\"center-center\",\"media_overlay_gradient\":\"\",\"width_medium\":\"1-3\"},\"children\":[{\"type\":\"image\",\"props\":{\"margin\":\"default\",\"image\":\"wp-content\\\/uploads\\\/HS75_LF.png\",\"image_height\":\"200\",\"image_width\":\"420\",\"image_svg_color\":\"emphasis\",\"link\":\"https:\\\/\\\/escort-technology.com\\\/?page_id=5832&preview=true\"}},{\"type\":\"text\",\"props\":{\"margin\":\"default\",\"column_breakpoint\":\"m\",\"content\":\"\n\n<p>\\u00a0<\\\/p>\\n\n\n<p>\\u00a0<\\\/p>\\n\n\n<p><span style=\\\"color: #000000;\\\"><a style=\\\"color: #000000;\\\" href=\\\"https:\\\/\\\/escort-technology.com\\\/?page_id=5832&amp;preview=true\\\"><strong>Kompas satelitarny GNSS Simrad HS75<\\\/strong><\\\/a><\\\/span><\\\/p>\\n\n\n<p>Nowy lekki kompas satelitarny GNSS,przeznaczony na mniejsze jednostki, \\u0142odzie rybackie i patrolowe. Na statki nie obj\\u0119te wymogami Konwencji SOLAS.<\\\/p>\"}}]},{\"type\":\"column\",\"props\":{\"image_position\":\"center-center\",\"media_overlay_gradient\":\"\",\"width_medium\":\"1-3\"},\"children\":[{\"type\":\"image\",\"props\":{\"margin\":\"default\",\"image\":\"wp-content\\\/uploads\\\/HS60.png\",\"image_width\":\"300\",\"image_height\":\"200\",\"link\":\"https:\\\/\\\/escort-technology.com\\\/kompas-satelitarny-simrad-hs60\\\/\",\"image_svg_color\":\"emphasis\"}},{\"type\":\"text\",\"props\":{\"margin\":\"default\",\"column_breakpoint\":\"m\",\"content\":\"\n\n<p>\\u00a0<\\\/p>\\n\n\n<p>\\u00a0<\\\/p>\\n\n\n<p><span style=\\\"color: #000000;\\\"><a style=\\\"color: #000000;\\\" href=\\\"https:\\\/\\\/escort-technology.com\\\/kompas-satelitarny-simrad-hs60\\\/\\\"><strong>Kompas satelitarny GPS Simrad HS60 <\\\/strong><\\\/a><\\\/span><\\\/p>\\n\n\n<p>Kompas GPS, przeznaczony dla ma\\u0142ych jednostek, charakteryzuje si\\u0119 niewielkimi rozmiarami. Bez uznania MED.<\\\/p>\\n\n\n<p>\\u00a0<\\\/p>\"}}]},{\"type\":\"column\",\"props\":{\"image_position\":\"center-center\",\"media_overlay_gradient\":\"\",\"width_medium\":\"1-3\"},\"children\":[{\"type\":\"image\",\"props\":{\"margin\":\"default\",\"image\":\"wp-content\\\/uploads\\\/HS80_ANTENNA.png\",\"image_width\":\"400\",\"image_svg_color\":\"emphasis\",\"link\":\"https:\\\/\\\/escort-technology.com\\\/pl\\\/kompas-satelitarny-simrad-hs80a\\\/\"}},{\"type\":\"text\",\"props\":{\"margin\":\"default\",\"column_breakpoint\":\"m\",\"content\":\"\n\n<p>\\u00a0<\\\/p>\\n\n\n<p>\\u00a0<\\\/p>\\n\n\n<p>\\u00a0<\\\/p>\\n\n\n<p><strong>Kompas satelitarny Simrad HS80A z GLONASS<\\\/strong><\\\/p>\\n\n\n<p>Kompas przeznaczony na wszystkie statki obj\\u0119te Konwencj\\u0105 SOLAS, jako \\u017ar\\u00f3d\\u0142o informacji o kursie, ROT i pozycji.<\\\/p>\"}}]}]},{\"type\":\"row\",\"props\":{\"layout\":\"1-3,1-3,1-3\"},\"children\":[{\"type\":\"column\",\"props\":{\"image_position\":\"center-center\",\"media_overlay_gradient\":\"\",\"width_medium\":\"1-3\"},\"children\":[{\"type\":\"image\",\"props\":{\"margin\":\"default\",\"image\":\"wp-content\\\/uploads\\\/HS80_ANTENNA.png\",\"image_height\":\"500\",\"image_svg_color\":\"emphasis\",\"link\":\"https:\\\/\\\/escort-technology.com\\\/pl\\\/kompas-satelitarny-simrad-mx575d\\\/\"}},{\"type\":\"text\",\"props\":{\"margin\":\"default\",\"column_breakpoint\":\"m\",\"content\":\"\n\n<p>\\u00a0<\\\/p>\\n\n\n<p>\\u00a0<\\\/p>\\n\n\n<p><strong>Kompas satelitarny DGPS Simrad MX575D z GLONASS<\\\/strong><\\\/p>\\n\n\n<p>Kompas przeznaczony na wszystkie statki obj\\u0119te Konwencj\\u0105 SOLAS, jako \\u017ar\\u00f3d\\u0142o informacji o kursie, ROT i pozycji. Z poprawkami DGPS dla lepszej dok\\u0142adno\\u015bci danych.<\\\/p>\"}}]},{\"type\":\"column\",\"props\":{\"image_position\":\"center-center\",\"media_overlay_gradient\":\"\",\"width_medium\":\"1-3\"},\"children\":[{\"type\":\"image\",\"props\":{\"margin\":\"default\",\"text_align\":\"center\",\"image\":\"wp-content\\\/uploads\\\/Precision9_Main.png\",\"image_height\":\"180\",\"image_svg_color\":\"emphasis\",\"link\":\"https:\\\/\\\/escort-technology.com\\\/?page_id=8067&preview=true\"}},{\"type\":\"text\",\"props\":{\"margin\":\"default\",\"column_breakpoint\":\"m\",\"content\":\"\n\n<p>\\u00a0<\\\/p>\\n\n\n<p><strong>Kompas magnetyczny PRECISION-9 COMPASS<\\\/strong><\\\/p>\\n\n\n<p><span class=\\\"tlid-translation translation\\\" lang=\\\"pl\\\"><span class=\\\"\\\" title=\\\"\\\">Kompas Precision-9 dostarcza informacje o kursie i ROT do autopilota, radaru i system\\u00f3w nawigacyjnych Simrad, B&amp;G i Lowrance.<\\\/span><\\\/span><\\\/p>\\n\n\n<p>\\u00a0<\\\/p>\"}}]},{\"type\":\"column\",\"props\":{\"image_position\":\"center-center\",\"media_overlay_gradient\":\"\",\"width_medium\":\"1-3\"},\"children\":[{\"type\":\"image\",\"props\":{\"margin\":\"default\",\"text_align\":\"center\",\"image\":\"wp-content\\\/uploads\\\/pobrane.jpg\",\"image_svg_color\":\"emphasis\"}},{\"type\":\"text\",\"props\":{\"margin\":\"default\",\"column_breakpoint\":\"m\",\"content\":\"\n\n<p><strong>Interfejs kursu Simrad CDI80<\\\/strong><\\\/p>\\n\n\n<p><span class=\\\"tlid-translation translation\\\" lang=\\\"pl\\\"><span class=\\\"\\\" title=\\\"\\\">Skrzynka interfejsu u\\u017cywana do integracji czujnika kierunku kursu CD100A z sieci\\u0105 SimNet \\\/ NMEA2000.<\\\/span><\\\/span><\\\/p>\"}}]}]},{\"type\":\"row\",\"props\":{\"layout\":\"1-3,1-3,1-3\"},\"children\":[{\"type\":\"column\",\"props\":{\"image_position\":\"center-center\",\"media_overlay_gradient\":\"\",\"width_medium\":\"1-3\"},\"children\":[{\"type\":\"image\",\"props\":{\"margin\":\"default\",\"image\":\"wp-content\\\/uploads\\\/GC80_Compact_System.png\",\"image_svg_color\":\"emphasis\"}},{\"type\":\"text\",\"props\":{\"margin\":\"default\",\"column_breakpoint\":\"m\",\"content\":\"\n\n<p>\\u00a0<\\\/p>\\n\n\n<p>\\u00a0<\\\/p>\\n\n\n<p><strong>\\u017byrokompas Simrad GC80 <br \\\/><\\\/strong><\\\/p>\\n\n\n<div class=\\\"text-wrap tlid-copy-target\\\">\\n\n\n<div class=\\\"result-shield-container tlid-copy-target\\\" tabindex=\\\"0\\\"><span class=\\\"tlid-translation translation\\\" lang=\\\"pl\\\"><span title=\\\"\\\">\\u017byrokompas z uznaniem MED, przeznaczony na standardowe jednostki. <\\\/span><span title=\\\"\\\"><br \\\/><\\\/span><\\\/span><\\\/div>\\n<\\\/div>\\n\n\n<div class=\\\"tlid-result-transliteration-container result-transliteration-container transliteration-container\\\">\\n\n\n<div class=\\\"tlid-transliteration-content transliteration-content full\\\">\\u00a0<\\\/div>\\n<\\\/div>\\n\n\n<div class=\\\"result-footer source-or-target-footer tlid-copy-target\\\">\\u00a0<\\\/div>\"}}]},{\"type\":\"column\",\"props\":{\"image_position\":\"center-center\",\"media_overlay_gradient\":\"\",\"width_medium\":\"1-3\"},\"children\":[{\"type\":\"image\",\"props\":{\"margin\":\"default\",\"image\":\"wp-content\\\/uploads\\\/GC80_dual.png\",\"image_svg_color\":\"emphasis\"}},{\"type\":\"text\",\"props\":{\"margin\":\"default\",\"column_breakpoint\":\"m\",\"content\":\"\n\n<p>\\u00a0<\\\/p>\\n\n\n<p>\\u00a0<\\\/p>\\n\n\n<p><strong>\\u017byrokompas Simrad GC85<\\\/strong><\\\/p>\\n\n\n<p>\\u017byrokompas z uznaniem MED, przeznaczony na szybkie jednostki<\\\/p>\"}}]},{\"type\":\"column\",\"props\":{\"image_position\":\"center-center\",\"media_overlay_gradient\":\"\",\"width_medium\":\"1-3\"},\"children\":[{\"type\":\"image\",\"props\":{\"margin\":\"default\",\"image\":\"wp-content\\\/uploads\\\/RGS50_lg.png\",\"image_height\":\"300\",\"image_svg_color\":\"emphasis\"}},{\"type\":\"text\",\"props\":{\"margin\":\"default\",\"column_breakpoint\":\"m\",\"content\":\"\n\n<p><strong>\\u017byrokompas Simrad RGC50<\\\/strong><\\\/p>\\n\n\n<p>\\u017byrokompas przeznaczony dla ma\\u0142ych jednostek.<\\\/p>\\n\n\n<p>\\u00a0<\\\/p>\"}}]}]}]}],\"version\":\"2.3.25\"} --><\/p>\n","protected":false},"excerpt":{"rendered":"<p>Kompasy i anteny Simrad \u00a0 \u00a0 Kompas satelitarny GNSS Simrad HS75 Nowy lekki kompas satelitarny GNSS,przeznaczony na mniejsze jednostki, \u0142odzie rybackie i patrolowe. Na statki nie obj\u0119te wymogami Konwencji SOLAS. \u00a0 \u00a0 Kompas satelitarny GPS Simrad HS60 Kompas GPS, przeznaczony dla ma\u0142ych jednostek, charakteryzuje si\u0119 niewielkimi rozmiarami. Bez uznania MED. \u00a0 \u00a0 \u00a0 \u00a0 Kompas [&hellip;]<\/p>\n","protected":false},"author":10,"featured_media":0,"parent":0,"menu_order":0,"comment_status":"closed","ping_status":"closed","template":"","meta":{"footnotes":""},"class_list":["post-5817","page","type-page","status-publish","hentry"],"yoast_head":"<!-- This site is optimized with the Yoast SEO plugin v27.6 - https:\/\/yoast.com\/product\/yoast-seo-wordpress\/ -->\n<title>Kompasy i anteny Simrad - ESCORT TECHNOLOGY<\/title>\n<meta name=\"robots\" content=\"index, follow, max-snippet:-1, max-image-preview:large, max-video-preview:-1\" \/>\n<link rel=\"canonical\" href=\"http:\/\/escort-technology.com\/pl\/de\/kompasy-i-anteny-simrad\/\" \/>\n<meta property=\"og:locale\" content=\"pl_PL\" \/>\n<meta property=\"og:type\" content=\"article\" \/>\n<meta property=\"og:title\" content=\"Kompasy i anteny Simrad - ESCORT TECHNOLOGY\" \/>\n<meta property=\"og:description\" content=\"Kompasy i anteny Simrad \u00a0 \u00a0 Kompas satelitarny GNSS Simrad HS75 Nowy lekki kompas satelitarny GNSS,przeznaczony na mniejsze jednostki, \u0142odzie rybackie i patrolowe. Na statki nie obj\u0119te wymogami Konwencji SOLAS. \u00a0 \u00a0 Kompas satelitarny GPS Simrad HS60 Kompas GPS, przeznaczony dla ma\u0142ych jednostek, charakteryzuje si\u0119 niewielkimi rozmiarami. Bez uznania MED. \u00a0 \u00a0 \u00a0 \u00a0 Kompas [&hellip;]\" \/>\n<meta property=\"og:url\" content=\"http:\/\/escort-technology.com\/pl\/de\/kompasy-i-anteny-simrad\/\" \/>\n<meta property=\"og:site_name\" content=\"ESCORT TECHNOLOGY\" \/>\n<meta property=\"article:publisher\" content=\"https:\/\/www.facebook.com\/elektronika.morska\/\" \/>\n<meta property=\"article:modified_time\" content=\"2021-01-12T11:06:16+00:00\" \/>\n<meta property=\"og:image\" content=\"https:\/\/escort-technology.com\/wp-content\/uploads\/HS75_LF.png\" \/>\n<meta name=\"twitter:card\" content=\"summary_large_image\" \/>\n<meta name=\"twitter:label1\" content=\"Szacowany czas czytania\" \/>\n\t<meta name=\"twitter:data1\" content=\"1 minuta\" \/>\n<script type=\"application\/ld+json\" class=\"yoast-schema-graph\">{\"@context\":\"https:\\\/\\\/schema.org\",\"@graph\":[{\"@type\":\"WebPage\",\"@id\":\"http:\\\/\\\/escort-technology.com\\\/de\\\/kompasy-i-anteny-simrad\\\/\",\"url\":\"http:\\\/\\\/escort-technology.com\\\/de\\\/kompasy-i-anteny-simrad\\\/\",\"name\":\"Kompasy i anteny Simrad - ESCORT TECHNOLOGY\",\"isPartOf\":{\"@id\":\"http:\\\/\\\/escort-technology.com\\\/de\\\/#website\"},\"datePublished\":\"2020-05-18T06:48:56+00:00\",\"dateModified\":\"2021-01-12T11:06:16+00:00\",\"breadcrumb\":{\"@id\":\"http:\\\/\\\/escort-technology.com\\\/de\\\/kompasy-i-anteny-simrad\\\/#breadcrumb\"},\"inLanguage\":\"pl-PL\",\"potentialAction\":[{\"@type\":\"ReadAction\",\"target\":[\"http:\\\/\\\/escort-technology.com\\\/de\\\/kompasy-i-anteny-simrad\\\/\"]}]},{\"@type\":\"BreadcrumbList\",\"@id\":\"http:\\\/\\\/escort-technology.com\\\/de\\\/kompasy-i-anteny-simrad\\\/#breadcrumb\",\"itemListElement\":[{\"@type\":\"ListItem\",\"position\":1,\"name\":\"Strona g\u0142\u00f3wna\",\"item\":\"https:\\\/\\\/escort-technology.com\\\/\"},{\"@type\":\"ListItem\",\"position\":2,\"name\":\"Kompasy i anteny Simrad\"}]},{\"@type\":\"WebSite\",\"@id\":\"http:\\\/\\\/escort-technology.com\\\/de\\\/#website\",\"url\":\"http:\\\/\\\/escort-technology.com\\\/de\\\/\",\"name\":\"ESCORT TECHNOLOGY\",\"description\":\"Elektronika morska i l\u0105dowa\",\"publisher\":{\"@id\":\"http:\\\/\\\/escort-technology.com\\\/de\\\/#organization\"},\"potentialAction\":[{\"@type\":\"SearchAction\",\"target\":{\"@type\":\"EntryPoint\",\"urlTemplate\":\"http:\\\/\\\/escort-technology.com\\\/de\\\/?s={search_term_string}\"},\"query-input\":{\"@type\":\"PropertyValueSpecification\",\"valueRequired\":true,\"valueName\":\"search_term_string\"}}],\"inLanguage\":\"pl-PL\"},{\"@type\":\"Organization\",\"@id\":\"http:\\\/\\\/escort-technology.com\\\/de\\\/#organization\",\"name\":\"ESCORT TECHNOLOGY\",\"url\":\"http:\\\/\\\/escort-technology.com\\\/de\\\/\",\"logo\":{\"@type\":\"ImageObject\",\"inLanguage\":\"pl-PL\",\"@id\":\"http:\\\/\\\/escort-technology.com\\\/de\\\/#\\\/schema\\\/logo\\\/image\\\/\",\"url\":\"https:\\\/\\\/escort-technology.com\\\/wp-content\\\/uploads\\\/logo-1.jpg\",\"contentUrl\":\"https:\\\/\\\/escort-technology.com\\\/wp-content\\\/uploads\\\/logo-1.jpg\",\"width\":600,\"height\":165,\"caption\":\"ESCORT TECHNOLOGY\"},\"image\":{\"@id\":\"http:\\\/\\\/escort-technology.com\\\/de\\\/#\\\/schema\\\/logo\\\/image\\\/\"},\"sameAs\":[\"https:\\\/\\\/www.facebook.com\\\/elektronika.morska\\\/\",\"https:\\\/\\\/www.linkedin.com\\\/company\\\/escort-sp-z-o-o-\\\/\"]}]}<\/script>\n<!-- \/ Yoast SEO plugin. -->","yoast_head_json":{"title":"Kompasy i anteny Simrad - ESCORT TECHNOLOGY","robots":{"index":"index","follow":"follow","max-snippet":"max-snippet:-1","max-image-preview":"max-image-preview:large","max-video-preview":"max-video-preview:-1"},"canonical":"http:\/\/escort-technology.com\/pl\/de\/kompasy-i-anteny-simrad\/","og_locale":"pl_PL","og_type":"article","og_title":"Kompasy i anteny Simrad - ESCORT TECHNOLOGY","og_description":"Kompasy i anteny Simrad \u00a0 \u00a0 Kompas satelitarny GNSS Simrad HS75 Nowy lekki kompas satelitarny GNSS,przeznaczony na mniejsze jednostki, \u0142odzie rybackie i patrolowe. Na statki nie obj\u0119te wymogami Konwencji SOLAS. \u00a0 \u00a0 Kompas satelitarny GPS Simrad HS60 Kompas GPS, przeznaczony dla ma\u0142ych jednostek, charakteryzuje si\u0119 niewielkimi rozmiarami. Bez uznania MED. \u00a0 \u00a0 \u00a0 \u00a0 Kompas [&hellip;]","og_url":"http:\/\/escort-technology.com\/pl\/de\/kompasy-i-anteny-simrad\/","og_site_name":"ESCORT TECHNOLOGY","article_publisher":"https:\/\/www.facebook.com\/elektronika.morska\/","article_modified_time":"2021-01-12T11:06:16+00:00","og_image":[{"url":"https:\/\/escort-technology.com\/wp-content\/uploads\/HS75_LF.png","type":"","width":"","height":""}],"twitter_card":"summary_large_image","twitter_misc":{"Szacowany czas czytania":"1 minuta"},"schema":{"@context":"https:\/\/schema.org","@graph":[{"@type":"WebPage","@id":"http:\/\/escort-technology.com\/de\/kompasy-i-anteny-simrad\/","url":"http:\/\/escort-technology.com\/de\/kompasy-i-anteny-simrad\/","name":"Kompasy i anteny Simrad - ESCORT TECHNOLOGY","isPartOf":{"@id":"http:\/\/escort-technology.com\/de\/#website"},"datePublished":"2020-05-18T06:48:56+00:00","dateModified":"2021-01-12T11:06:16+00:00","breadcrumb":{"@id":"http:\/\/escort-technology.com\/de\/kompasy-i-anteny-simrad\/#breadcrumb"},"inLanguage":"pl-PL","potentialAction":[{"@type":"ReadAction","target":["http:\/\/escort-technology.com\/de\/kompasy-i-anteny-simrad\/"]}]},{"@type":"BreadcrumbList","@id":"http:\/\/escort-technology.com\/de\/kompasy-i-anteny-simrad\/#breadcrumb","itemListElement":[{"@type":"ListItem","position":1,"name":"Strona g\u0142\u00f3wna","item":"https:\/\/escort-technology.com\/"},{"@type":"ListItem","position":2,"name":"Kompasy i anteny Simrad"}]},{"@type":"WebSite","@id":"http:\/\/escort-technology.com\/de\/#website","url":"http:\/\/escort-technology.com\/de\/","name":"ESCORT TECHNOLOGY","description":"Elektronika morska i l\u0105dowa","publisher":{"@id":"http:\/\/escort-technology.com\/de\/#organization"},"potentialAction":[{"@type":"SearchAction","target":{"@type":"EntryPoint","urlTemplate":"http:\/\/escort-technology.com\/de\/?s={search_term_string}"},"query-input":{"@type":"PropertyValueSpecification","valueRequired":true,"valueName":"search_term_string"}}],"inLanguage":"pl-PL"},{"@type":"Organization","@id":"http:\/\/escort-technology.com\/de\/#organization","name":"ESCORT TECHNOLOGY","url":"http:\/\/escort-technology.com\/de\/","logo":{"@type":"ImageObject","inLanguage":"pl-PL","@id":"http:\/\/escort-technology.com\/de\/#\/schema\/logo\/image\/","url":"https:\/\/escort-technology.com\/wp-content\/uploads\/logo-1.jpg","contentUrl":"https:\/\/escort-technology.com\/wp-content\/uploads\/logo-1.jpg","width":600,"height":165,"caption":"ESCORT TECHNOLOGY"},"image":{"@id":"http:\/\/escort-technology.com\/de\/#\/schema\/logo\/image\/"},"sameAs":["https:\/\/www.facebook.com\/elektronika.morska\/","https:\/\/www.linkedin.com\/company\/escort-sp-z-o-o-\/"]}]}},"_links":{"self":[{"href":"https:\/\/escort-technology.com\/pl\/wp-json\/wp\/v2\/pages\/5817","targetHints":{"allow":["GET"]}}],"collection":[{"href":"https:\/\/escort-technology.com\/pl\/wp-json\/wp\/v2\/pages"}],"about":[{"href":"https:\/\/escort-technology.com\/pl\/wp-json\/wp\/v2\/types\/page"}],"author":[{"embeddable":true,"href":"https:\/\/escort-technology.com\/pl\/wp-json\/wp\/v2\/users\/10"}],"replies":[{"embeddable":true,"href":"https:\/\/escort-technology.com\/pl\/wp-json\/wp\/v2\/comments?post=5817"}],"version-history":[{"count":9,"href":"https:\/\/escort-technology.com\/pl\/wp-json\/wp\/v2\/pages\/5817\/revisions"}],"predecessor-version":[{"id":8069,"href":"https:\/\/escort-technology.com\/pl\/wp-json\/wp\/v2\/pages\/5817\/revisions\/8069"}],"wp:attachment":[{"href":"https:\/\/escort-technology.com\/pl\/wp-json\/wp\/v2\/media?parent=5817"}],"curies":[{"name":"wp","href":"https:\/\/api.w.org\/{rel}","templated":true}]}}