{"id":5856,"date":"2020-05-25T13:37:02","date_gmt":"2020-05-25T11:37:02","guid":{"rendered":"https:\/\/escort-technology.com\/?page_id=5856"},"modified":"2020-05-25T13:39:27","modified_gmt":"2020-05-25T11:39:27","slug":"log-skipper-satlog-sl1200","status":"publish","type":"page","link":"https:\/\/escort-technology.com\/pl\/log-skipper-satlog-sl1200\/","title":{"rendered":"Log Skipper Satlog SL1200"},"content":{"rendered":"<h1>LOG Skipper SATLOG SL1200 ( tylko SOG)<\/h1>\n<hr>\n<p><img decoding=\"async\" src=\"wp-content\/uploads\/SATLOG1000-cropped.jpg\" alt=\"\"><\/p>\n<div>\n<p>&#8211; Pr\u0119dko\u015b\u0107 wzgl\u0119dem dna (SOG)<\/p>\n<p>&#8211; Ekran 9 cali z trybem pracy dzie\u0144\/ noc<\/p>\n<p>&#8211; Wyj\u015bcia NMEA0183<\/p>\n<p>&#8211; Pr\u0119dko\u015b\u0107\u00a0 GPS i GLONASS<\/p>\n<\/div>\n<div>\n<p>SKIPPER SATLOG SL1200 to trzyosiowy rejestrator pr\u0119dko\u015bci wzgl\u0119dem dna (SOG). SKIPPER SATLOG SL1200 zapewnia dok\u0142adne parametry nawigacyjne mierzone na bie\u017c\u0105co i prezentowane w logiczny, przyjazny dla u\u017cytkownika spos\u00f3b.<\/p>\n<p>Specyfikacja<\/p>\n<p>Log\u00a0 model SATLOG SL1200<br \/>Liczba osi 3<br \/>Zakres pr\u0119dko\u015bci wzd\u0142u\u017cny+\/- 99,9 W\u0119z\u0142y<br \/>Zakres pr\u0119dko\u015bci poprzeczny+\/- 99,9 W\u0119z\u0142y<\/p>\n<p>Podw\u00f3jna pr\u0119dko\u015b\u0107 GLONASS \/ GPS.<br \/>Urz\u0105dzenie nadaj\u0105ce kurs\u00a0 (THD).<br \/>GNSS typ NV08C-CSM.GPS L1: 1575,42 MHz GLONASS L1: 1602,0 MHz dla Fk = 0 gdzie k = (-7 do +13) odst\u0119py mi\u0119dzy kana\u0142ami 562,5 kHz<\/p>\n<p>\u015aledzenie dna: Wszystkie g\u0142\u0119boko\u015bci <br \/>Dok\u0142adno\u015b\u0107 (lepsza ni\u017c) &lt;0,2 lub 2% co jest wi\u0119ksze<\/p>\n<p>Zasilacz<\/p>\n<p>AC: 115\/230 VAC<br \/>DC: 20\u201332 V.<\/p>\n<p>Pob\u00f3r energii Wy\u015bwietlacz 5 W.<br \/>Jednostka elektroniczna 10 W.<\/p>\n<p>Wy\u015bwietlacz <br \/>9-calowy ekran dotykowy Multi-PanelPC, rozdzielczo\u015b\u0107 800&#215;480<\/p>\n<p>Standard wodoszczelno\u015bci\u00a0 IP 22<br \/>Antena IP66<\/p>\n<p>Wymiary monta\u017cowe<br \/>Wy\u015bwietlacz o szeroko\u015bci 224,5 mm x wysoko\u015bci 140 mm<br \/>Antena o wysoko\u015bci 100 mm, szeroko\u015bci 180 mm,\u00a0 d\u0142ugo\u015bci 780 mm<\/p>\n<p>Waga<br \/>Wy\u015bwietlacz 1,2 kg, <br \/>Antena 3 kg<br \/>Skrzynka przy\u0142\u0105czeniowa 2 kg<\/p>\n<p>J\u0119zyk<br \/>J\u0119zyk Angielski<\/p>\n<p>Potrzebne kable<br \/>Nie wliczone.<br \/>4 TSP (skr\u0119cone, ekranowane pary) Min. 0,5 mm. Maksymalna d\u0142ugo\u015b\u0107 100 m<br \/>Zewn\u0119trzny wymiar kabla 10-14 mm<\/p>\n<p>Interfejsy<br \/>1xLAN (IEC61192-450)<br \/>1xNMEA0183 Wyj\u015bcie (IEC61192-1)<br \/>2xNMEA 0183 Wej\u015bcia (IEC61192-1)<\/p>\n<p>Klasyfikacja<br \/>Wykonane zgodnie ze standardem\u00a0 IMO<\/p>\n<p>\u00a0<\/p>\n<\/div>\n<p><img decoding=\"async\" src=\"wp-content\/uploads\/SATLOG1200-display-cropped.gif\" alt=\"\"><\/p>\n<p>\n    <a href=\"http:\/\/www.skipper-service.no\/skipdoc\/data\/\/\/\/Product%20Brochures\/\/Navigational%20Speed%20Logs\/Satlog%20SL1200%20brochure.pdf\">Broszura<\/a>\n<\/p>\n<p><!-- {\"type\":\"layout\",\"children\":[{\"type\":\"section\",\"props\":{\"style\":\"default\",\"width\":\"default\",\"vertical_align\":\"middle\",\"title_position\":\"top-left\",\"title_rotation\":\"left\",\"title_breakpoint\":\"xl\",\"image_position\":\"center-center\",\"text_color\":\"\",\"width_expand\":\"\",\"height\":\"\",\"padding\":\"\",\"header_transparent\":\"\",\"animation\":\"\"},\"children\":[{\"type\":\"row\",\"props\":{\"layout\":\"1-1\",\"breakpoint\":\"m\",\"fixed_width\":\"large\",\"gutter\":\"\",\"width\":\"\",\"width_expand\":\"\",\"height\":\"\",\"margin\":\"\"},\"children\":[{\"type\":\"column\",\"props\":{\"widths\":[\"1-1\"],\"image_position\":\"center-center\",\"media_overlay_gradient\":\"\",\"vertical_align\":\"\",\"style\":\"\",\"text_color\":\"\",\"padding\":\"\"},\"children\":[{\"type\":\"headline\",\"props\":{\"title_element\":\"h1\",\"title_style\":\"\",\"title_decoration\":\"\",\"title_color\":\"\",\"text_align\":\"\",\"text_align_breakpoint\":\"\",\"text_align_fallback\":\"\",\"maxwidth\":\"\",\"maxwidth_align\":\"\",\"maxwidth_breakpoint\":\"\",\"margin\":\"\",\"animation\":\"\",\"visibility\":\"\",\"content\":\"LOG Skipper SATLOG SL1200 ( tylko SOG)\"}},{\"type\":\"divider\",\"props\":{\"divider_element\":\"hr\",\"divider_style\":\"\",\"divider_align\":\"\",\"divider_align_breakpoint\":\"\",\"divider_align_fallback\":\"\",\"maxwidth\":\"\",\"maxwidth_align\":\"\",\"maxwidth_breakpoint\":\"\",\"margin\":\"\",\"animation\":\"\",\"visibility\":\"\"}}]}]}]},{\"type\":\"section\",\"props\":{\"style\":\"default\",\"width\":\"default\",\"vertical_align\":\"middle\",\"title_position\":\"top-left\",\"title_rotation\":\"left\",\"title_breakpoint\":\"xl\",\"image_position\":\"center-center\",\"text_color\":\"\",\"width_expand\":\"\",\"height\":\"\",\"padding\":\"\",\"header_transparent\":\"\",\"animation\":\"\"},\"children\":[{\"type\":\"row\",\"props\":{\"layout\":\"3-4,\",\"breakpoint\":\"m\",\"fixed_width\":\"large\",\"gutter\":\"\",\"width\":\"\",\"width_expand\":\"\",\"height\":\"\",\"margin\":\"\"},\"children\":[{\"type\":\"column\",\"props\":{\"widths\":[\"3-4\"],\"image_position\":\"center-center\",\"media_overlay_gradient\":\"\",\"vertical_align\":\"\",\"style\":\"\",\"text_color\":\"\",\"padding\":\"\"},\"children\":[{\"type\":\"image\",\"props\":{\"margin\":\"default\",\"link_target\":\"\",\"image_border\":\"\",\"image_box_shadow\":\"\",\"image_hover_box_shadow\":\"\",\"image_box_decoration\":\"\",\"text_align\":\"center\",\"text_align_breakpoint\":\"\",\"text_align_fallback\":\"\",\"maxwidth\":\"\",\"maxwidth_align\":\"\",\"maxwidth_breakpoint\":\"\",\"animation\":\"\",\"visibility\":\"\",\"image\":\"wp-content\\\/uploads\\\/SATLOG1000-cropped.jpg\"}}]},{\"type\":\"column\",\"props\":{\"widths\":[\"\"],\"image_position\":\"center-center\",\"media_overlay_gradient\":\"\",\"vertical_align\":\"\",\"style\":\"\",\"text_color\":\"\",\"padding\":\"\"},\"children\":[{\"type\":\"text\",\"props\":{\"margin\":\"default\",\"column_breakpoint\":\"m\",\"text_style\":\"\",\"text_color\":\"\",\"text_size\":\"\",\"column\":\"\",\"text_align\":\"\",\"text_align_breakpoint\":\"\",\"text_align_fallback\":\"\",\"maxwidth\":\"\",\"maxwidth_align\":\"\",\"maxwidth_breakpoint\":\"\",\"animation\":\"\",\"visibility\":\"\",\"content\":\"\n\n<p>- Pr\\u0119dko\\u015b\\u0107 wzgl\\u0119dem dna (SOG)<\\\/p>\\n\n\n<p>- Ekran 9 cali z trybem pracy dzie\\u0144\\\/ noc<\\\/p>\\n\n\n<p>- Wyj\\u015bcia NMEA0183<\\\/p>\\n\n\n<p>- Pr\\u0119dko\\u015b\\u0107\\u00a0 GPS i GLONASS<\\\/p>\"}}]}]}]},{\"type\":\"section\",\"props\":{\"style\":\"default\",\"width\":\"default\",\"vertical_align\":\"middle\",\"title_position\":\"top-left\",\"title_rotation\":\"left\",\"title_breakpoint\":\"xl\",\"image_position\":\"center-center\",\"text_color\":\"\",\"width_expand\":\"\",\"height\":\"\",\"padding\":\"\",\"header_transparent\":\"\",\"animation\":\"\"},\"children\":[{\"type\":\"row\",\"props\":{\"layout\":\"3-4,\",\"breakpoint\":\"m\",\"fixed_width\":\"large\",\"gutter\":\"\",\"width\":\"\",\"width_expand\":\"\",\"height\":\"\",\"margin\":\"\"},\"children\":[{\"type\":\"column\",\"props\":{\"widths\":[\"3-4\"],\"image_position\":\"center-center\",\"media_overlay_gradient\":\"\",\"vertical_align\":\"\",\"style\":\"\",\"text_color\":\"\",\"padding\":\"\"},\"children\":[{\"type\":\"text\",\"props\":{\"margin\":\"default\",\"column_breakpoint\":\"m\",\"text_style\":\"\",\"text_color\":\"\",\"text_size\":\"\",\"column\":\"\",\"text_align\":\"\",\"text_align_breakpoint\":\"\",\"text_align_fallback\":\"\",\"maxwidth\":\"\",\"maxwidth_align\":\"\",\"maxwidth_breakpoint\":\"\",\"animation\":\"\",\"visibility\":\"\",\"content\":\"\n\n<p>SKIPPER SATLOG SL1200 to trzyosiowy rejestrator pr\\u0119dko\\u015bci wzgl\\u0119dem dna (SOG). SKIPPER SATLOG SL1200 zapewnia dok\\u0142adne parametry nawigacyjne mierzone na bie\\u017c\\u0105co i prezentowane w logiczny, przyjazny dla u\\u017cytkownika spos\\u00f3b.<\\\/p>\\n\n\n<p>Specyfikacja<\\\/p>\\n\n\n<p>Log\\u00a0 model SATLOG SL1200<br \\\/>Liczba osi 3<br \\\/>Zakres pr\\u0119dko\\u015bci wzd\\u0142u\\u017cny+\\\/- 99,9 W\\u0119z\\u0142y<br \\\/>Zakres pr\\u0119dko\\u015bci poprzeczny+\\\/- 99,9 W\\u0119z\\u0142y<\\\/p>\\n\n\n<p>Podw\\u00f3jna pr\\u0119dko\\u015b\\u0107 GLONASS \\\/ GPS.<br \\\/>Urz\\u0105dzenie nadaj\\u0105ce kurs\\u00a0 (THD).<br \\\/>GNSS typ NV08C-CSM.GPS L1: 1575,42 MHz GLONASS L1: 1602,0 MHz dla Fk = 0 gdzie k = (-7 do +13) odst\\u0119py mi\\u0119dzy kana\\u0142ami 562,5 kHz<\\\/p>\\n\n\n<p>\\u015aledzenie dna: Wszystkie g\\u0142\\u0119boko\\u015bci <br \\\/>Dok\\u0142adno\\u015b\\u0107 (lepsza ni\\u017c) &lt;0,2 lub 2% co jest wi\\u0119ksze<br \\\/><br \\\/>Zasilacz<\\\/p>\\n\n\n<p>AC: 115\\\/230 VAC<br \\\/>DC: 20\\u201332 V.<\\\/p>\\n\n\n<p>Pob\\u00f3r energii Wy\\u015bwietlacz 5 W.<br \\\/>Jednostka elektroniczna 10 W.<\\\/p>\\n\n\n<p>Wy\\u015bwietlacz <br \\\/>9-calowy ekran dotykowy Multi-PanelPC, rozdzielczo\\u015b\\u0107 800x480<\\\/p>\\n\n\n<p>Standard wodoszczelno\\u015bci\\u00a0 IP 22<br \\\/>Antena IP66<\\\/p>\\n\n\n<p>Wymiary monta\\u017cowe<br \\\/>Wy\\u015bwietlacz o szeroko\\u015bci 224,5 mm x wysoko\\u015bci 140 mm<br \\\/>Antena o wysoko\\u015bci 100 mm, szeroko\\u015bci 180 mm,\\u00a0 d\\u0142ugo\\u015bci 780 mm<\\\/p>\\n\n\n<p>Waga<br \\\/>Wy\\u015bwietlacz 1,2 kg, <br \\\/>Antena 3 kg<br \\\/>Skrzynka przy\\u0142\\u0105czeniowa 2 kg<\\\/p>\\n\n\n<p>J\\u0119zyk<br \\\/>J\\u0119zyk Angielski<\\\/p>\\n\n\n<p>Potrzebne kable<br \\\/>Nie wliczone.<br \\\/>4 TSP (skr\\u0119cone, ekranowane pary) Min. 0,5 mm. Maksymalna d\\u0142ugo\\u015b\\u0107 100 m<br \\\/>Zewn\\u0119trzny wymiar kabla 10-14 mm<\\\/p>\\n\n\n<p>Interfejsy<br \\\/>1xLAN (IEC61192-450)<br \\\/>1xNMEA0183 Wyj\\u015bcie (IEC61192-1)<br \\\/>2xNMEA 0183 Wej\\u015bcia (IEC61192-1)<\\\/p>\\n\n\n<p>Klasyfikacja<br \\\/>Wykonane zgodnie ze standardem\\u00a0 IMO<\\\/p>\\n\n\n<p>\\u00a0<\\\/p>\"}}]},{\"type\":\"column\",\"props\":{\"widths\":[\"\"],\"image_position\":\"center-center\",\"media_overlay_gradient\":\"\",\"vertical_align\":\"\",\"style\":\"\",\"text_color\":\"\",\"padding\":\"\"},\"children\":[{\"type\":\"image\",\"props\":{\"margin\":\"default\",\"link_target\":\"\",\"image_border\":\"\",\"image_box_shadow\":\"\",\"image_hover_box_shadow\":\"\",\"image_box_decoration\":\"\",\"text_align\":\"\",\"text_align_breakpoint\":\"\",\"text_align_fallback\":\"\",\"maxwidth\":\"\",\"maxwidth_align\":\"\",\"maxwidth_breakpoint\":\"\",\"animation\":\"\",\"visibility\":\"\",\"image\":\"wp-content\\\/uploads\\\/SATLOG1200-display-cropped.gif\"}}]}]}]},{\"type\":\"section\",\"props\":{\"style\":\"default\",\"width\":\"default\",\"vertical_align\":\"middle\",\"title_position\":\"top-left\",\"title_rotation\":\"left\",\"title_breakpoint\":\"xl\",\"image_position\":\"center-center\",\"text_color\":\"\",\"width_expand\":\"\",\"height\":\"\",\"padding\":\"\",\"header_transparent\":\"\",\"animation\":\"\"},\"children\":[{\"type\":\"row\",\"props\":{\"layout\":\"1-1\",\"breakpoint\":\"m\",\"fixed_width\":\"large\",\"gutter\":\"\",\"width\":\"\",\"width_expand\":\"\",\"height\":\"\",\"margin\":\"\"},\"children\":[{\"type\":\"column\",\"props\":{\"widths\":[\"1-1\"],\"image_position\":\"center-center\",\"media_overlay_gradient\":\"\",\"vertical_align\":\"\",\"style\":\"\",\"text_color\":\"\",\"padding\":\"\"},\"children\":[{\"type\":\"button\",\"props\":{\"gutter\":\"small\",\"margin\":\"default\",\"button_size\":\"\",\"text_align\":\"center\",\"text_align_breakpoint\":\"\",\"text_align_fallback\":\"\",\"maxwidth\":\"\",\"maxwidth_align\":\"\",\"maxwidth_breakpoint\":\"\",\"animation\":\"\",\"visibility\":\"\"},\"children\":[{\"type\":\"button_item\",\"props\":{\"button_style\":\"default\",\"icon_align\":\"left\",\"link_target\":\"\",\"content\":\"Broszura\",\"link\":\"http:\\\/\\\/www.skipper-service.no\\\/skipdoc\\\/data\\\/\\\/\\\/\\\/Product%20Brochures\\\/\\\/Navigational%20Speed%20Logs\\\/Satlog%20SL1200%20brochure.pdf\"}}]}]}]}]}]} --><\/p>\n","protected":false},"excerpt":{"rendered":"<p>LOG Skipper SATLOG SL1200 ( tylko SOG) &#8211; Pr\u0119dko\u015b\u0107 wzgl\u0119dem dna (SOG) &#8211; Ekran 9 cali z trybem pracy dzie\u0144\/ noc &#8211; Wyj\u015bcia NMEA0183 &#8211; Pr\u0119dko\u015b\u0107\u00a0 GPS i GLONASS SKIPPER SATLOG SL1200 to trzyosiowy rejestrator pr\u0119dko\u015bci wzgl\u0119dem dna (SOG). SKIPPER SATLOG SL1200 zapewnia dok\u0142adne parametry nawigacyjne mierzone na bie\u017c\u0105co i prezentowane w logiczny, przyjazny dla [&hellip;]<\/p>\n","protected":false},"author":10,"featured_media":0,"parent":0,"menu_order":0,"comment_status":"closed","ping_status":"closed","template":"","meta":{"footnotes":""},"class_list":["post-5856","page","type-page","status-publish","hentry"],"yoast_head":"<!-- This site is optimized with the Yoast SEO plugin v27.6 - https:\/\/yoast.com\/product\/yoast-seo-wordpress\/ -->\n<title>Log Skipper Satlog SL1200 - ESCORT TECHNOLOGY<\/title>\n<meta name=\"robots\" content=\"index, follow, max-snippet:-1, max-image-preview:large, max-video-preview:-1\" \/>\n<link rel=\"canonical\" href=\"https:\/\/escort-technology.com\/pl\/de\/log-skipper-satlog-sl1200\/\" \/>\n<meta property=\"og:locale\" content=\"pl_PL\" \/>\n<meta property=\"og:type\" content=\"article\" \/>\n<meta property=\"og:title\" content=\"Log Skipper Satlog SL1200 - ESCORT TECHNOLOGY\" \/>\n<meta property=\"og:description\" content=\"LOG Skipper SATLOG SL1200 ( tylko SOG) &#8211; Pr\u0119dko\u015b\u0107 wzgl\u0119dem dna (SOG) &#8211; Ekran 9 cali z trybem pracy dzie\u0144\/ noc &#8211; Wyj\u015bcia NMEA0183 &#8211; Pr\u0119dko\u015b\u0107\u00a0 GPS i GLONASS SKIPPER SATLOG SL1200 to trzyosiowy rejestrator pr\u0119dko\u015bci wzgl\u0119dem dna (SOG). SKIPPER SATLOG SL1200 zapewnia dok\u0142adne parametry nawigacyjne mierzone na bie\u017c\u0105co i prezentowane w logiczny, przyjazny dla [&hellip;]\" \/>\n<meta property=\"og:url\" content=\"https:\/\/escort-technology.com\/pl\/de\/log-skipper-satlog-sl1200\/\" \/>\n<meta property=\"og:site_name\" content=\"ESCORT TECHNOLOGY\" \/>\n<meta property=\"article:publisher\" content=\"https:\/\/www.facebook.com\/elektronika.morska\/\" \/>\n<meta property=\"article:modified_time\" content=\"2020-05-25T11:39:27+00:00\" \/>\n<meta property=\"og:image\" content=\"http:\/\/wp-content\/uploads\/SATLOG1000-cropped.jpg\" \/>\n<meta name=\"twitter:card\" content=\"summary_large_image\" \/>\n<meta name=\"twitter:label1\" content=\"Szacowany czas czytania\" \/>\n\t<meta name=\"twitter:data1\" content=\"1 minuta\" \/>\n<script type=\"application\/ld+json\" class=\"yoast-schema-graph\">{\"@context\":\"https:\\\/\\\/schema.org\",\"@graph\":[{\"@type\":\"WebPage\",\"@id\":\"https:\\\/\\\/escort-technology.com\\\/de\\\/log-skipper-satlog-sl1200\\\/\",\"url\":\"https:\\\/\\\/escort-technology.com\\\/de\\\/log-skipper-satlog-sl1200\\\/\",\"name\":\"Log Skipper Satlog SL1200 - ESCORT TECHNOLOGY\",\"isPartOf\":{\"@id\":\"http:\\\/\\\/escort-technology.com\\\/de\\\/#website\"},\"datePublished\":\"2020-05-25T11:37:02+00:00\",\"dateModified\":\"2020-05-25T11:39:27+00:00\",\"breadcrumb\":{\"@id\":\"https:\\\/\\\/escort-technology.com\\\/de\\\/log-skipper-satlog-sl1200\\\/#breadcrumb\"},\"inLanguage\":\"pl-PL\",\"potentialAction\":[{\"@type\":\"ReadAction\",\"target\":[\"https:\\\/\\\/escort-technology.com\\\/de\\\/log-skipper-satlog-sl1200\\\/\"]}]},{\"@type\":\"BreadcrumbList\",\"@id\":\"https:\\\/\\\/escort-technology.com\\\/de\\\/log-skipper-satlog-sl1200\\\/#breadcrumb\",\"itemListElement\":[{\"@type\":\"ListItem\",\"position\":1,\"name\":\"Strona g\u0142\u00f3wna\",\"item\":\"https:\\\/\\\/escort-technology.com\\\/\"},{\"@type\":\"ListItem\",\"position\":2,\"name\":\"Log Skipper Satlog SL1200\"}]},{\"@type\":\"WebSite\",\"@id\":\"http:\\\/\\\/escort-technology.com\\\/de\\\/#website\",\"url\":\"http:\\\/\\\/escort-technology.com\\\/de\\\/\",\"name\":\"ESCORT TECHNOLOGY\",\"description\":\"Elektronika morska i l\u0105dowa\",\"publisher\":{\"@id\":\"http:\\\/\\\/escort-technology.com\\\/de\\\/#organization\"},\"potentialAction\":[{\"@type\":\"SearchAction\",\"target\":{\"@type\":\"EntryPoint\",\"urlTemplate\":\"http:\\\/\\\/escort-technology.com\\\/de\\\/?s={search_term_string}\"},\"query-input\":{\"@type\":\"PropertyValueSpecification\",\"valueRequired\":true,\"valueName\":\"search_term_string\"}}],\"inLanguage\":\"pl-PL\"},{\"@type\":\"Organization\",\"@id\":\"http:\\\/\\\/escort-technology.com\\\/de\\\/#organization\",\"name\":\"ESCORT TECHNOLOGY\",\"url\":\"http:\\\/\\\/escort-technology.com\\\/de\\\/\",\"logo\":{\"@type\":\"ImageObject\",\"inLanguage\":\"pl-PL\",\"@id\":\"http:\\\/\\\/escort-technology.com\\\/de\\\/#\\\/schema\\\/logo\\\/image\\\/\",\"url\":\"https:\\\/\\\/escort-technology.com\\\/wp-content\\\/uploads\\\/logo-1.jpg\",\"contentUrl\":\"https:\\\/\\\/escort-technology.com\\\/wp-content\\\/uploads\\\/logo-1.jpg\",\"width\":600,\"height\":165,\"caption\":\"ESCORT TECHNOLOGY\"},\"image\":{\"@id\":\"http:\\\/\\\/escort-technology.com\\\/de\\\/#\\\/schema\\\/logo\\\/image\\\/\"},\"sameAs\":[\"https:\\\/\\\/www.facebook.com\\\/elektronika.morska\\\/\",\"https:\\\/\\\/www.linkedin.com\\\/company\\\/escort-sp-z-o-o-\\\/\"]}]}<\/script>\n<!-- \/ Yoast SEO plugin. -->","yoast_head_json":{"title":"Log Skipper Satlog SL1200 - ESCORT TECHNOLOGY","robots":{"index":"index","follow":"follow","max-snippet":"max-snippet:-1","max-image-preview":"max-image-preview:large","max-video-preview":"max-video-preview:-1"},"canonical":"https:\/\/escort-technology.com\/pl\/de\/log-skipper-satlog-sl1200\/","og_locale":"pl_PL","og_type":"article","og_title":"Log Skipper Satlog SL1200 - ESCORT TECHNOLOGY","og_description":"LOG Skipper SATLOG SL1200 ( tylko SOG) &#8211; Pr\u0119dko\u015b\u0107 wzgl\u0119dem dna (SOG) &#8211; Ekran 9 cali z trybem pracy dzie\u0144\/ noc &#8211; Wyj\u015bcia NMEA0183 &#8211; Pr\u0119dko\u015b\u0107\u00a0 GPS i GLONASS SKIPPER SATLOG SL1200 to trzyosiowy rejestrator pr\u0119dko\u015bci wzgl\u0119dem dna (SOG). SKIPPER SATLOG SL1200 zapewnia dok\u0142adne parametry nawigacyjne mierzone na bie\u017c\u0105co i prezentowane w logiczny, przyjazny dla [&hellip;]","og_url":"https:\/\/escort-technology.com\/pl\/de\/log-skipper-satlog-sl1200\/","og_site_name":"ESCORT TECHNOLOGY","article_publisher":"https:\/\/www.facebook.com\/elektronika.morska\/","article_modified_time":"2020-05-25T11:39:27+00:00","og_image":[{"url":"wp-content\/uploads\/SATLOG1000-cropped.jpg","type":"","width":"","height":""}],"twitter_card":"summary_large_image","twitter_misc":{"Szacowany czas czytania":"1 minuta"},"schema":{"@context":"https:\/\/schema.org","@graph":[{"@type":"WebPage","@id":"https:\/\/escort-technology.com\/de\/log-skipper-satlog-sl1200\/","url":"https:\/\/escort-technology.com\/de\/log-skipper-satlog-sl1200\/","name":"Log Skipper Satlog SL1200 - ESCORT TECHNOLOGY","isPartOf":{"@id":"http:\/\/escort-technology.com\/de\/#website"},"datePublished":"2020-05-25T11:37:02+00:00","dateModified":"2020-05-25T11:39:27+00:00","breadcrumb":{"@id":"https:\/\/escort-technology.com\/de\/log-skipper-satlog-sl1200\/#breadcrumb"},"inLanguage":"pl-PL","potentialAction":[{"@type":"ReadAction","target":["https:\/\/escort-technology.com\/de\/log-skipper-satlog-sl1200\/"]}]},{"@type":"BreadcrumbList","@id":"https:\/\/escort-technology.com\/de\/log-skipper-satlog-sl1200\/#breadcrumb","itemListElement":[{"@type":"ListItem","position":1,"name":"Strona g\u0142\u00f3wna","item":"https:\/\/escort-technology.com\/"},{"@type":"ListItem","position":2,"name":"Log Skipper Satlog SL1200"}]},{"@type":"WebSite","@id":"http:\/\/escort-technology.com\/de\/#website","url":"http:\/\/escort-technology.com\/de\/","name":"ESCORT TECHNOLOGY","description":"Elektronika morska i l\u0105dowa","publisher":{"@id":"http:\/\/escort-technology.com\/de\/#organization"},"potentialAction":[{"@type":"SearchAction","target":{"@type":"EntryPoint","urlTemplate":"http:\/\/escort-technology.com\/de\/?s={search_term_string}"},"query-input":{"@type":"PropertyValueSpecification","valueRequired":true,"valueName":"search_term_string"}}],"inLanguage":"pl-PL"},{"@type":"Organization","@id":"http:\/\/escort-technology.com\/de\/#organization","name":"ESCORT TECHNOLOGY","url":"http:\/\/escort-technology.com\/de\/","logo":{"@type":"ImageObject","inLanguage":"pl-PL","@id":"http:\/\/escort-technology.com\/de\/#\/schema\/logo\/image\/","url":"https:\/\/escort-technology.com\/wp-content\/uploads\/logo-1.jpg","contentUrl":"https:\/\/escort-technology.com\/wp-content\/uploads\/logo-1.jpg","width":600,"height":165,"caption":"ESCORT TECHNOLOGY"},"image":{"@id":"http:\/\/escort-technology.com\/de\/#\/schema\/logo\/image\/"},"sameAs":["https:\/\/www.facebook.com\/elektronika.morska\/","https:\/\/www.linkedin.com\/company\/escort-sp-z-o-o-\/"]}]}},"_links":{"self":[{"href":"https:\/\/escort-technology.com\/pl\/wp-json\/wp\/v2\/pages\/5856","targetHints":{"allow":["GET"]}}],"collection":[{"href":"https:\/\/escort-technology.com\/pl\/wp-json\/wp\/v2\/pages"}],"about":[{"href":"https:\/\/escort-technology.com\/pl\/wp-json\/wp\/v2\/types\/page"}],"author":[{"embeddable":true,"href":"https:\/\/escort-technology.com\/pl\/wp-json\/wp\/v2\/users\/10"}],"replies":[{"embeddable":true,"href":"https:\/\/escort-technology.com\/pl\/wp-json\/wp\/v2\/comments?post=5856"}],"version-history":[{"count":4,"href":"https:\/\/escort-technology.com\/pl\/wp-json\/wp\/v2\/pages\/5856\/revisions"}],"predecessor-version":[{"id":5863,"href":"https:\/\/escort-technology.com\/pl\/wp-json\/wp\/v2\/pages\/5856\/revisions\/5863"}],"wp:attachment":[{"href":"https:\/\/escort-technology.com\/pl\/wp-json\/wp\/v2\/media?parent=5856"}],"curies":[{"name":"wp","href":"https:\/\/api.w.org\/{rel}","templated":true}]}}