{"id":5932,"date":"2020-05-27T15:35:14","date_gmt":"2020-05-27T13:35:14","guid":{"rendered":"https:\/\/escort-technology.com\/?page_id=5932"},"modified":"2020-05-27T15:44:33","modified_gmt":"2020-05-27T13:44:33","slug":"zlacza-podwodne-subconn-circular-2-3-4-i-5-pin","status":"publish","type":"page","link":"https:\/\/escort-technology.com\/pl\/zlacza-podwodne-subconn-circular-2-3-4-i-5-pin\/","title":{"rendered":"Z\u0142\u0105cza podwodne SubConn Circular &#8211; 2, 3, 4 i 5 pin"},"content":{"rendered":"<h1>\n<h2 class=\"uk-h1 uk-text-truncate\">Z\u0142\u0105cza podwodne SubConn Circular &#8211; 2, 3, 4 i 5 pin<\/h2>\n<\/h1>\n<hr>\n<p><img decoding=\"async\" src=\"wp-content\/uploads\/subcon_circular_2-3-4and5_contacts-2.jpg\" alt=\"\"><\/p>\n<div>\n<p><strong>Informacje na rysunku<\/strong><\/p>\n<p>Wymiary w mm (1 mm = 0,03937 cala)<br \/>Gwinty w calach (1 cal = 25,4 mm)<\/p>\n<p><strong>Specyfikacja z\u0142\u0105czy<\/strong><\/p>\n<p>Napi\u0119cie znamionowe: 600 V DC\/AC rms<br \/>2 piny pr\u0105d znamionowy: 10 A na styk (maks. 20 A na z\u0142\u0105cze)<br \/>3, 4 i 5 pin\u00f3 pr\u0105d znamionowy: 10 A na styk (maks. 30 A na z\u0142\u0105cze)<br \/>Odporno\u015b\u0107 izolacji: &gt; 200 Mohm<br \/>Odporno\u015b\u0107 na dotyk: &lt; 0,01 om<br \/>Mokre maty: &gt; 500<br \/>Temperatura znamionowa (woda): &#8211; 4 do 60\u02daC, 25 do 140\u02daF<br \/>Temperatura znamionowa (powietrze): &#8211; 40 do 60\u02daC, &#8211; 40 do 140\u02daF<br \/>Temperatura przechowywania: &#8211; 40 do 60\u02daC, &#8211; 40 do 140\u02daF<br \/>Projektowa ocena g\u0142\u0119boko\u015bci: 1.400 bar, 20.000 psi<br \/>Kwalifikowany test ci\u015bnieniowy: 800 bar, 11 600 psi<br \/>Zakres g\u0142\u0119boko\u015bci PEEK: 300 bar\u00f3w, 4 350 psi<\/p>\n<p><strong>Specyfikacja materia\u0142owa<\/strong><\/p>\n<p>Materia\u0142 z\u0142\u0105cza: Kauczuk chloroprenowy<br \/>Materia\u0142 wersji bulkhead: Mosi\u0105dz, stal nierdzewna, tytan, aluminium anodowane lub PEEK<br \/>Materia\u0142 styk\u00f3w: Mosi\u0105dz platerowany z\u0142otem UNS &#8211; C36000<br \/>Pin stabilizuj\u0105cy: Stal nierdzewna AISI 303<br \/>O-rings: Nitryl<br \/>Ko\u0142nierze blokuj\u0105ce: POM lub stal nierdzewna<br \/>Snap ring: Stal nierdzewna AISI 302<br \/>Kabel 2, 3 i 4 pinowy inline (60 cm, 2 stopy): 16 AWG 1,31 mm2 gumy chloroprenowej<br \/>5 pin przewodu inline (60 cm, 2 ft): 18 AWG 0,82 mm2 gumy chloroprenowej<br \/>Ko\u0144c\u00f3wki przegrody (30 cm, 1 ft): 18 AWG 0,82 mm2 kolorowy PTFE<\/p>\n<p><strong>Widok z przodu (wersja m\u0119ska)<\/strong><\/p>\n<p>\u00a0<\/p>\n<\/div>\n<p><img decoding=\"async\" src=\"wp-content\/uploads\/circular_2-3-4and5_contacts-1.jpg\" alt=\"\"><\/p>\n<div>\n<p>Kod kolorystyczny kabla liniowego<\/p>\n<p>1: Czarny<br \/>2: Bia\u0142y<br \/>3: Czerwony<br \/>4: Zielony<br \/>5: Pomara\u0144czowy<\/p>\n<p>(3 piny przewodu kod kolor\u00f3w: 1 czarny, 2 bia\u0142y, 3 zielony)<\/p>\n<p>Nominalna \u015brednica zewn\u0119trzna przewodu (OD)<\/p>\n<p>2 pinowe z\u0142\u0105cze 0,365&#8221;, 9,3 mm<br \/>3 pinowe z\u0142\u0105cze\u00a0 0,385&#8221;, 9,8 mm<br \/>4 pinowe z\u0142acze 0,410&#8221;, 10,4 mm<br \/>5 pinowe z\u0142\u0105cze 0,465&#8221;, 11,8 mm<\/p>\n<\/div>\n<p><!-- {\"type\":\"layout\",\"children\":[{\"type\":\"section\",\"props\":{\"style\":\"default\",\"width\":\"default\",\"vertical_align\":\"middle\",\"title_position\":\"top-left\",\"title_rotation\":\"left\",\"title_breakpoint\":\"xl\",\"image_position\":\"center-center\",\"text_color\":\"\",\"width_expand\":\"\",\"height\":\"\",\"padding\":\"\",\"header_transparent\":\"\",\"animation\":\"\",\"image_effect\":\"\"},\"children\":[{\"type\":\"row\",\"props\":{\"layout\":\"1-1\",\"breakpoint\":\"m\",\"fixed_width\":\"large\",\"gutter\":\"\",\"width\":\"\",\"width_expand\":\"\",\"height\":\"\",\"margin\":\"\"},\"children\":[{\"type\":\"column\",\"props\":{\"widths\":[\"1-1\"],\"image_position\":\"center-center\",\"media_overlay_gradient\":\"\",\"vertical_align\":\"\",\"style\":\"\",\"text_color\":\"\",\"padding\":\"\"},\"children\":[{\"type\":\"headline\",\"props\":{\"title_element\":\"h1\",\"title_style\":\"\",\"title_decoration\":\"\",\"title_color\":\"\",\"text_align\":\"\",\"text_align_breakpoint\":\"\",\"text_align_fallback\":\"\",\"maxwidth\":\"\",\"maxwidth_align\":\"\",\"maxwidth_breakpoint\":\"\",\"margin\":\"\",\"animation\":\"\",\"visibility\":\"\",\"content\":\"\n\n<h2 class=\\\"uk-h1 uk-text-truncate\\\">Z\\u0142\\u0105cza podwodne SubConn Circular - 2, 3, 4 i 5 pin<\\\/h2>\"}},{\"type\":\"divider\",\"props\":{\"divider_element\":\"hr\",\"divider_style\":\"\",\"divider_align\":\"\",\"divider_align_breakpoint\":\"\",\"divider_align_fallback\":\"\",\"maxwidth\":\"\",\"maxwidth_align\":\"\",\"maxwidth_breakpoint\":\"\",\"margin\":\"\",\"animation\":\"\",\"visibility\":\"\"}}]}]}]},{\"type\":\"section\",\"props\":{\"style\":\"default\",\"width\":\"default\",\"vertical_align\":\"middle\",\"title_position\":\"top-left\",\"title_rotation\":\"left\",\"title_breakpoint\":\"xl\",\"image_position\":\"center-center\",\"text_color\":\"\",\"width_expand\":\"\",\"height\":\"\",\"padding\":\"\",\"header_transparent\":\"\",\"animation\":\"\",\"image_effect\":\"\"},\"children\":[{\"type\":\"row\",\"props\":{\"layout\":\"1-1\",\"breakpoint\":\"m\",\"fixed_width\":\"large\",\"gutter\":\"\",\"width\":\"\",\"width_expand\":\"\",\"height\":\"\",\"margin\":\"\"},\"children\":[{\"type\":\"column\",\"props\":{\"widths\":[\"1-1\"],\"image_position\":\"center-center\",\"media_overlay_gradient\":\"\",\"vertical_align\":\"\",\"style\":\"\",\"text_color\":\"\",\"padding\":\"\"},\"children\":[{\"type\":\"image\",\"props\":{\"margin\":\"default\",\"link_target\":\"\",\"image_border\":\"\",\"image_box_shadow\":\"\",\"image_hover_box_shadow\":\"\",\"image_box_decoration\":\"\",\"text_align\":\"\",\"text_align_breakpoint\":\"\",\"text_align_fallback\":\"\",\"maxwidth\":\"\",\"maxwidth_align\":\"\",\"maxwidth_breakpoint\":\"\",\"animation\":\"\",\"visibility\":\"\",\"image\":\"wp-content\\\/uploads\\\/subcon_circular_2-3-4and5_contacts-2.jpg\"}},{\"type\":\"text\",\"props\":{\"margin\":\"default\",\"column_breakpoint\":\"m\",\"text_style\":\"\",\"text_color\":\"\",\"text_size\":\"\",\"column\":\"\",\"text_align\":\"\",\"text_align_breakpoint\":\"\",\"text_align_fallback\":\"\",\"maxwidth\":\"\",\"maxwidth_align\":\"\",\"maxwidth_breakpoint\":\"\",\"animation\":\"\",\"visibility\":\"\",\"content\":\"\n\n<p><strong>Informacje na rysunku<\\\/strong><\\\/p>\\n\n\n<p>Wymiary w mm (1 mm = 0,03937 cala)<br \\\/>Gwinty w calach (1 cal = 25,4 mm)<\\\/p>\\n\n\n<p><strong>Specyfikacja z\\u0142\\u0105czy<\\\/strong><\\\/p>\\n\n\n<p>Napi\\u0119cie znamionowe: 600 V DC\\\/AC rms<br \\\/>2 piny pr\\u0105d znamionowy: 10 A na styk (maks. 20 A na z\\u0142\\u0105cze)<br \\\/>3, 4 i 5 pin\\u00f3 pr\\u0105d znamionowy: 10 A na styk (maks. 30 A na z\\u0142\\u0105cze)<br \\\/>Odporno\\u015b\\u0107 izolacji: &gt; 200 Mohm<br \\\/>Odporno\\u015b\\u0107 na dotyk: &lt; 0,01 om<br \\\/>Mokre maty: &gt; 500<br \\\/>Temperatura znamionowa (woda): - 4 do 60\\u02daC, 25 do 140\\u02daF<br \\\/>Temperatura znamionowa (powietrze): - 40 do 60\\u02daC, - 40 do 140\\u02daF<br \\\/>Temperatura przechowywania: - 40 do 60\\u02daC, - 40 do 140\\u02daF<br \\\/>Projektowa ocena g\\u0142\\u0119boko\\u015bci: 1.400 bar, 20.000 psi<br \\\/>Kwalifikowany test ci\\u015bnieniowy: 800 bar, 11 600 psi<br \\\/>Zakres g\\u0142\\u0119boko\\u015bci PEEK: 300 bar\\u00f3w, 4 350 psi<\\\/p>\\n\n\n<p><strong>Specyfikacja materia\\u0142owa<\\\/strong><\\\/p>\\n\n\n<p>Materia\\u0142 z\\u0142\\u0105cza: Kauczuk chloroprenowy<br \\\/>Materia\\u0142 wersji bulkhead: Mosi\\u0105dz, stal nierdzewna, tytan, aluminium anodowane lub PEEK<br \\\/>Materia\\u0142 styk\\u00f3w: Mosi\\u0105dz platerowany z\\u0142otem UNS - C36000<br \\\/>Pin stabilizuj\\u0105cy: Stal nierdzewna AISI 303<br \\\/>O-rings: Nitryl<br \\\/>Ko\\u0142nierze blokuj\\u0105ce: POM lub stal nierdzewna<br \\\/>Snap ring: Stal nierdzewna AISI 302<br \\\/>Kabel 2, 3 i 4 pinowy inline (60 cm, 2 stopy): 16 AWG 1,31 mm2 gumy chloroprenowej<br \\\/>5 pin przewodu inline (60 cm, 2 ft): 18 AWG 0,82 mm2 gumy chloroprenowej<br \\\/>Ko\\u0144c\\u00f3wki przegrody (30 cm, 1 ft): 18 AWG 0,82 mm2 kolorowy PTFE<\\\/p>\\n\n\n<p><strong>Widok z przodu (wersja m\\u0119ska)<\\\/strong><\\\/p>\\n\n\n<p>\\u00a0<\\\/p>\"}},{\"type\":\"image\",\"props\":{\"margin\":\"default\",\"link_target\":\"\",\"image_border\":\"\",\"image_box_shadow\":\"\",\"image_hover_box_shadow\":\"\",\"image_box_decoration\":\"\",\"text_align\":\"\",\"text_align_breakpoint\":\"\",\"text_align_fallback\":\"\",\"maxwidth\":\"\",\"maxwidth_align\":\"\",\"maxwidth_breakpoint\":\"\",\"animation\":\"\",\"visibility\":\"\",\"image\":\"wp-content\\\/uploads\\\/circular_2-3-4and5_contacts-1.jpg\"}},{\"type\":\"text\",\"props\":{\"margin\":\"default\",\"column_breakpoint\":\"m\",\"text_style\":\"\",\"text_color\":\"\",\"text_size\":\"\",\"column\":\"\",\"text_align\":\"\",\"text_align_breakpoint\":\"\",\"text_align_fallback\":\"\",\"maxwidth\":\"\",\"maxwidth_align\":\"\",\"maxwidth_breakpoint\":\"\",\"animation\":\"\",\"visibility\":\"\",\"content\":\"\n\n<p>Kod kolorystyczny kabla liniowego<\\\/p>\\n\n\n<p>1: Czarny<br \\\/>2: Bia\\u0142y<br \\\/>3: Czerwony<br \\\/>4: Zielony<br \\\/>5: Pomara\\u0144czowy<\\\/p>\\n\n\n<p>(3 piny przewodu kod kolor\\u00f3w: 1 czarny, 2 bia\\u0142y, 3 zielony)<\\\/p>\\n\n\n<p>Nominalna \\u015brednica zewn\\u0119trzna przewodu (OD)<\\\/p>\\n\n\n<p>2 pinowe z\\u0142\\u0105cze 0,365'', 9,3 mm<br \\\/>3 pinowe z\\u0142\\u0105cze\\u00a0 0,385'', 9,8 mm<br \\\/>4 pinowe z\\u0142acze 0,410'', 10,4 mm<br \\\/>5 pinowe z\\u0142\\u0105cze 0,465'', 11,8 mm<\\\/p>\"}}]}]}]}],\"props\":[],\"version\":\"1.18.0\"} --><\/p>\n","protected":false},"excerpt":{"rendered":"<p>Z\u0142\u0105cza podwodne SubConn Circular &#8211; 2, 3, 4 i 5 pin Informacje na rysunku Wymiary w mm (1 mm = 0,03937 cala)Gwinty w calach (1 cal = 25,4 mm) Specyfikacja z\u0142\u0105czy Napi\u0119cie znamionowe: 600 V DC\/AC rms2 piny pr\u0105d znamionowy: 10 A na styk (maks. 20 A na z\u0142\u0105cze)3, 4 i 5 pin\u00f3 pr\u0105d znamionowy: [&hellip;]<\/p>\n","protected":false},"author":10,"featured_media":0,"parent":0,"menu_order":0,"comment_status":"closed","ping_status":"closed","template":"","meta":{"footnotes":""},"class_list":["post-5932","page","type-page","status-publish","hentry"],"yoast_head":"<!-- This site is optimized with the Yoast SEO plugin v27.5 - https:\/\/yoast.com\/product\/yoast-seo-wordpress\/ -->\n<title>Z\u0142\u0105cza podwodne SubConn Circular - 2, 3, 4 i 5 pin - ESCORT TECHNOLOGY<\/title>\n<meta name=\"robots\" content=\"index, follow, max-snippet:-1, max-image-preview:large, max-video-preview:-1\" \/>\n<link rel=\"canonical\" href=\"https:\/\/escort-technology.com\/pl\/zlacza-podwodne-subconn-circular-2-3-4-i-5-pin\/\" \/>\n<meta property=\"og:locale\" content=\"pl_PL\" \/>\n<meta property=\"og:type\" content=\"article\" \/>\n<meta property=\"og:title\" content=\"Z\u0142\u0105cza podwodne SubConn Circular - 2, 3, 4 i 5 pin - ESCORT TECHNOLOGY\" \/>\n<meta property=\"og:description\" content=\"Z\u0142\u0105cza podwodne SubConn Circular &#8211; 2, 3, 4 i 5 pin Informacje na rysunku Wymiary w mm (1 mm = 0,03937 cala)Gwinty w calach (1 cal = 25,4 mm) Specyfikacja z\u0142\u0105czy Napi\u0119cie znamionowe: 600 V DC\/AC rms2 piny pr\u0105d znamionowy: 10 A na styk (maks. 20 A na z\u0142\u0105cze)3, 4 i 5 pin\u00f3 pr\u0105d znamionowy: [&hellip;]\" \/>\n<meta property=\"og:url\" content=\"https:\/\/escort-technology.com\/pl\/zlacza-podwodne-subconn-circular-2-3-4-i-5-pin\/\" \/>\n<meta property=\"og:site_name\" content=\"ESCORT TECHNOLOGY\" \/>\n<meta property=\"article:publisher\" content=\"https:\/\/www.facebook.com\/elektronika.morska\/\" \/>\n<meta property=\"article:modified_time\" content=\"2020-05-27T13:44:33+00:00\" \/>\n<meta property=\"og:image\" content=\"http:\/\/wp-content\/uploads\/subcon_circular_2-3-4and5_contacts-2.jpg\" \/>\n<meta name=\"twitter:card\" content=\"summary_large_image\" \/>\n<meta name=\"twitter:label1\" content=\"Szacowany czas czytania\" \/>\n\t<meta name=\"twitter:data1\" content=\"1 minuta\" \/>\n<script type=\"application\/ld+json\" class=\"yoast-schema-graph\">{\"@context\":\"https:\\\/\\\/schema.org\",\"@graph\":[{\"@type\":\"WebPage\",\"@id\":\"https:\\\/\\\/escort-technology.com\\\/pl\\\/zlacza-podwodne-subconn-circular-2-3-4-i-5-pin\\\/\",\"url\":\"https:\\\/\\\/escort-technology.com\\\/pl\\\/zlacza-podwodne-subconn-circular-2-3-4-i-5-pin\\\/\",\"name\":\"Z\u0142\u0105cza podwodne SubConn Circular - 2, 3, 4 i 5 pin - ESCORT TECHNOLOGY\",\"isPartOf\":{\"@id\":\"http:\\\/\\\/escort-technology.com\\\/de\\\/#website\"},\"datePublished\":\"2020-05-27T13:35:14+00:00\",\"dateModified\":\"2020-05-27T13:44:33+00:00\",\"breadcrumb\":{\"@id\":\"https:\\\/\\\/escort-technology.com\\\/pl\\\/zlacza-podwodne-subconn-circular-2-3-4-i-5-pin\\\/#breadcrumb\"},\"inLanguage\":\"pl-PL\",\"potentialAction\":[{\"@type\":\"ReadAction\",\"target\":[\"https:\\\/\\\/escort-technology.com\\\/pl\\\/zlacza-podwodne-subconn-circular-2-3-4-i-5-pin\\\/\"]}]},{\"@type\":\"BreadcrumbList\",\"@id\":\"https:\\\/\\\/escort-technology.com\\\/pl\\\/zlacza-podwodne-subconn-circular-2-3-4-i-5-pin\\\/#breadcrumb\",\"itemListElement\":[{\"@type\":\"ListItem\",\"position\":1,\"name\":\"Strona g\u0142\u00f3wna\",\"item\":\"https:\\\/\\\/escort-technology.com\\\/\"},{\"@type\":\"ListItem\",\"position\":2,\"name\":\"Z\u0142\u0105cza podwodne SubConn Circular &#8211; 2, 3, 4 i 5 pin\"}]},{\"@type\":\"WebSite\",\"@id\":\"http:\\\/\\\/escort-technology.com\\\/de\\\/#website\",\"url\":\"http:\\\/\\\/escort-technology.com\\\/de\\\/\",\"name\":\"ESCORT TECHNOLOGY\",\"description\":\"Elektronika morska i l\u0105dowa\",\"publisher\":{\"@id\":\"http:\\\/\\\/escort-technology.com\\\/de\\\/#organization\"},\"potentialAction\":[{\"@type\":\"SearchAction\",\"target\":{\"@type\":\"EntryPoint\",\"urlTemplate\":\"http:\\\/\\\/escort-technology.com\\\/de\\\/?s={search_term_string}\"},\"query-input\":{\"@type\":\"PropertyValueSpecification\",\"valueRequired\":true,\"valueName\":\"search_term_string\"}}],\"inLanguage\":\"pl-PL\"},{\"@type\":\"Organization\",\"@id\":\"http:\\\/\\\/escort-technology.com\\\/de\\\/#organization\",\"name\":\"ESCORT TECHNOLOGY\",\"url\":\"http:\\\/\\\/escort-technology.com\\\/de\\\/\",\"logo\":{\"@type\":\"ImageObject\",\"inLanguage\":\"pl-PL\",\"@id\":\"http:\\\/\\\/escort-technology.com\\\/de\\\/#\\\/schema\\\/logo\\\/image\\\/\",\"url\":\"https:\\\/\\\/escort-technology.com\\\/wp-content\\\/uploads\\\/logo-1.jpg\",\"contentUrl\":\"https:\\\/\\\/escort-technology.com\\\/wp-content\\\/uploads\\\/logo-1.jpg\",\"width\":600,\"height\":165,\"caption\":\"ESCORT TECHNOLOGY\"},\"image\":{\"@id\":\"http:\\\/\\\/escort-technology.com\\\/de\\\/#\\\/schema\\\/logo\\\/image\\\/\"},\"sameAs\":[\"https:\\\/\\\/www.facebook.com\\\/elektronika.morska\\\/\",\"https:\\\/\\\/www.linkedin.com\\\/company\\\/escort-sp-z-o-o-\\\/\"]}]}<\/script>\n<!-- \/ Yoast SEO plugin. -->","yoast_head_json":{"title":"Z\u0142\u0105cza podwodne SubConn Circular - 2, 3, 4 i 5 pin - ESCORT TECHNOLOGY","robots":{"index":"index","follow":"follow","max-snippet":"max-snippet:-1","max-image-preview":"max-image-preview:large","max-video-preview":"max-video-preview:-1"},"canonical":"https:\/\/escort-technology.com\/pl\/zlacza-podwodne-subconn-circular-2-3-4-i-5-pin\/","og_locale":"pl_PL","og_type":"article","og_title":"Z\u0142\u0105cza podwodne SubConn Circular - 2, 3, 4 i 5 pin - ESCORT TECHNOLOGY","og_description":"Z\u0142\u0105cza podwodne SubConn Circular &#8211; 2, 3, 4 i 5 pin Informacje na rysunku Wymiary w mm (1 mm = 0,03937 cala)Gwinty w calach (1 cal = 25,4 mm) Specyfikacja z\u0142\u0105czy Napi\u0119cie znamionowe: 600 V DC\/AC rms2 piny pr\u0105d znamionowy: 10 A na styk (maks. 20 A na z\u0142\u0105cze)3, 4 i 5 pin\u00f3 pr\u0105d znamionowy: [&hellip;]","og_url":"https:\/\/escort-technology.com\/pl\/zlacza-podwodne-subconn-circular-2-3-4-i-5-pin\/","og_site_name":"ESCORT TECHNOLOGY","article_publisher":"https:\/\/www.facebook.com\/elektronika.morska\/","article_modified_time":"2020-05-27T13:44:33+00:00","og_image":[{"url":"wp-content\/uploads\/subcon_circular_2-3-4and5_contacts-2.jpg","type":"","width":"","height":""}],"twitter_card":"summary_large_image","twitter_misc":{"Szacowany czas czytania":"1 minuta"},"schema":{"@context":"https:\/\/schema.org","@graph":[{"@type":"WebPage","@id":"https:\/\/escort-technology.com\/pl\/zlacza-podwodne-subconn-circular-2-3-4-i-5-pin\/","url":"https:\/\/escort-technology.com\/pl\/zlacza-podwodne-subconn-circular-2-3-4-i-5-pin\/","name":"Z\u0142\u0105cza podwodne SubConn Circular - 2, 3, 4 i 5 pin - ESCORT TECHNOLOGY","isPartOf":{"@id":"http:\/\/escort-technology.com\/de\/#website"},"datePublished":"2020-05-27T13:35:14+00:00","dateModified":"2020-05-27T13:44:33+00:00","breadcrumb":{"@id":"https:\/\/escort-technology.com\/pl\/zlacza-podwodne-subconn-circular-2-3-4-i-5-pin\/#breadcrumb"},"inLanguage":"pl-PL","potentialAction":[{"@type":"ReadAction","target":["https:\/\/escort-technology.com\/pl\/zlacza-podwodne-subconn-circular-2-3-4-i-5-pin\/"]}]},{"@type":"BreadcrumbList","@id":"https:\/\/escort-technology.com\/pl\/zlacza-podwodne-subconn-circular-2-3-4-i-5-pin\/#breadcrumb","itemListElement":[{"@type":"ListItem","position":1,"name":"Strona g\u0142\u00f3wna","item":"https:\/\/escort-technology.com\/"},{"@type":"ListItem","position":2,"name":"Z\u0142\u0105cza podwodne SubConn Circular &#8211; 2, 3, 4 i 5 pin"}]},{"@type":"WebSite","@id":"http:\/\/escort-technology.com\/de\/#website","url":"http:\/\/escort-technology.com\/de\/","name":"ESCORT TECHNOLOGY","description":"Elektronika morska i l\u0105dowa","publisher":{"@id":"http:\/\/escort-technology.com\/de\/#organization"},"potentialAction":[{"@type":"SearchAction","target":{"@type":"EntryPoint","urlTemplate":"http:\/\/escort-technology.com\/de\/?s={search_term_string}"},"query-input":{"@type":"PropertyValueSpecification","valueRequired":true,"valueName":"search_term_string"}}],"inLanguage":"pl-PL"},{"@type":"Organization","@id":"http:\/\/escort-technology.com\/de\/#organization","name":"ESCORT TECHNOLOGY","url":"http:\/\/escort-technology.com\/de\/","logo":{"@type":"ImageObject","inLanguage":"pl-PL","@id":"http:\/\/escort-technology.com\/de\/#\/schema\/logo\/image\/","url":"https:\/\/escort-technology.com\/wp-content\/uploads\/logo-1.jpg","contentUrl":"https:\/\/escort-technology.com\/wp-content\/uploads\/logo-1.jpg","width":600,"height":165,"caption":"ESCORT TECHNOLOGY"},"image":{"@id":"http:\/\/escort-technology.com\/de\/#\/schema\/logo\/image\/"},"sameAs":["https:\/\/www.facebook.com\/elektronika.morska\/","https:\/\/www.linkedin.com\/company\/escort-sp-z-o-o-\/"]}]}},"_links":{"self":[{"href":"https:\/\/escort-technology.com\/pl\/wp-json\/wp\/v2\/pages\/5932","targetHints":{"allow":["GET"]}}],"collection":[{"href":"https:\/\/escort-technology.com\/pl\/wp-json\/wp\/v2\/pages"}],"about":[{"href":"https:\/\/escort-technology.com\/pl\/wp-json\/wp\/v2\/types\/page"}],"author":[{"embeddable":true,"href":"https:\/\/escort-technology.com\/pl\/wp-json\/wp\/v2\/users\/10"}],"replies":[{"embeddable":true,"href":"https:\/\/escort-technology.com\/pl\/wp-json\/wp\/v2\/comments?post=5932"}],"version-history":[{"count":4,"href":"https:\/\/escort-technology.com\/pl\/wp-json\/wp\/v2\/pages\/5932\/revisions"}],"predecessor-version":[{"id":5941,"href":"https:\/\/escort-technology.com\/pl\/wp-json\/wp\/v2\/pages\/5932\/revisions\/5941"}],"wp:attachment":[{"href":"https:\/\/escort-technology.com\/pl\/wp-json\/wp\/v2\/media?parent=5932"}],"curies":[{"name":"wp","href":"https:\/\/api.w.org\/{rel}","templated":true}]}}