{"id":5990,"date":"2020-05-28T11:28:39","date_gmt":"2020-05-28T09:28:39","guid":{"rendered":"https:\/\/escort-technology.com\/?page_id=5990"},"modified":"2020-05-28T11:28:39","modified_gmt":"2020-05-28T09:28:39","slug":"zlacza-subconn-seria-power","status":"publish","type":"page","link":"https:\/\/escort-technology.com\/pl\/zlacza-subconn-seria-power\/","title":{"rendered":"Z\u0142\u0105cza Subconn seria Power"},"content":{"rendered":"<h1>\n<h1 class=\"uk-article-title\">Z\u0142\u0105cza Subconn seria Power<\/h1>\n<\/h1>\n<hr>\n<ul>\n<li>\n<p>        <img decoding=\"async\" src=\"wp-content\/uploads\/subconn_power_bh1m-1.jpg\" alt=\"\"><\/p>\n<\/li>\n<li>\n<p>        <img decoding=\"async\" src=\"wp-content\/uploads\/subconn_power_hpbh4f.jpg\" alt=\"\"><\/p>\n<\/li>\n<li>\n<p>        <img decoding=\"async\" src=\"wp-content\/uploads\/subconn_power_hpil4m.jpg\" alt=\"\"><\/p>\n<\/li>\n<\/ul>\n<div>\n<p>Seria SubConn\u00ae Power oferuje wysokowydajne, niezawodne rozwi\u0105zanie w zakresie z\u0142\u0105czy, aby sprosta\u0107 ci\u0105gle rosn\u0105cym wymaganiom operator\u00f3w system\u00f3w podwodnych i przemys\u0142u. Seria ta sk\u0142ada si\u0119 z pi\u0119ciu standardowych z\u0142\u0105czy, wspieranych przez szereg indywidualnych rozwi\u0105za\u0144.<\/p>\n<p>Wszystkie oparte na sprawdzonym z\u0142\u0105czu SubConn\u00ae i konstrukcji stykowej, seria SubConn\u00ae Power obejmuje jedno stykowe z\u0142\u0105cze zasilania, trzy z\u0142\u0105cza \u0142adowania akumulator\u00f3w (2, 3 i 4 piny) oraz 4-pinowe z\u0142\u0105cze du\u017cej mocy. Jedno pinowe z\u0142\u0105cze zasilania jest przeznaczone do stosowania z kablami o r\u00f3\u017cnych rozmiarach i mo\u017ce pracowa\u0107 przy napi\u0119ciu do 3 kV i 250 A. Z\u0142\u0105cza do \u0142adowania akumulator\u00f3w s\u0105 przystosowane do przenoszenia pr\u0105du do 25 A. Czteropinowe z\u0142\u0105cze du\u017cej mocy jest przystosowane do zasilania 600 V przy 50 A na pin i jest dostarczane w standardowych konfiguracjach SubConn\u00ae inline i bulkhead.<\/p>\n<p>Dla \u0142atwej integracji z systemami i urz\u0105dzeniami, z\u0142\u0105cza serii SubConn\u00ae Power s\u0105 dost\u0119pne z dedykowanymi kablami, polioksymetylenowymi (POM) lub nierdzewnymi tulejami blokuj\u0105cymi oraz manekinami odpornymi na nacisk. Wszystkie standardowe kable SubConn\u00ae serii SubConn\u00ae Power s\u0105 wykonane z elastycznego i wodoodpornego kauczuku chloroprenowego.<\/p>\n<p><strong>Zastosowania obejmuj\u0105<\/strong><\/p>\n<p>Zasilanie w energi\u0119 elektryczn\u0105 podmorskich system\u00f3w wydobywczych ropy naftowej i gazu ziemnego, energii odnawialnej i system\u00f3w podwodnych<br \/>Zasilanie pojazd\u00f3w zdalnie sterowanych (ROV) i maszyn do wykonywania wykop\u00f3w podwodnych<br \/>\u0141adowanie akumulator\u00f3w morskich<br \/>Zasilanie zespo\u0142\u00f3w pomp podwodnych<br \/>Zasilanie w energi\u0119 niebezpiecznego \u015brodowiska<\/p>\n<p><strong>Opcje obejmuj\u0105<\/strong><\/p>\n<p>Niestandardowe rozmieszczenie \u017cy\u0142 kablowych i bezpo\u015brednie zarabianie kompatybilnych kabli poliuretanowych (PUR)<br \/>Materia\u0142\u00a0 z\u0142\u0105cza i d\u0142ugo\u015bci kabli podane przez klienta<br \/>Wersje do monta\u017cu na miejscu dla wszystkich z\u0142\u0105czy serii SubConn\u00ae Power<br \/>Certyfikowane pr\u00f3by ci\u015bnieniowe na okre\u015blonych g\u0142\u0119boko\u015bciach oceanicznych<\/p>\n<\/div>\n<p><img decoding=\"async\" src=\"wp-content\/uploads\/power_1_contact-list-1.jpg\" alt=\"\"><\/p>\n<div>\n<p><strong>Z\u0142\u0105cza Subconn seria Power &#8211; 1 pin<br \/><\/strong><\/p>\n<\/div>\n<p><img decoding=\"async\" src=\"wp-content\/uploads\/power_battery_2-3and4_contacts-list-1.jpg\" alt=\"\"><\/p>\n<div>\n<p><strong>Z\u0142\u0105cza Subconn seria Power Battery &#8211; 2, 3 i 4 pin<\/strong><\/p>\n<\/div>\n<p><img decoding=\"async\" src=\"wp-content\/uploads\/high_power_4_contacts-list-1.jpg\" alt=\"\"><\/p>\n<div>\n<p><strong>Z\u0142\u0105cza Subconn seria Power- 4 pin<\/strong><\/p>\n<\/div>\n<p><!-- {\"type\":\"layout\",\"children\":[{\"type\":\"section\",\"props\":{\"style\":\"default\",\"width\":\"default\",\"vertical_align\":\"middle\",\"title_position\":\"top-left\",\"title_rotation\":\"left\",\"title_breakpoint\":\"xl\",\"image_position\":\"center-center\",\"text_color\":\"\",\"width_expand\":\"\",\"height\":\"\",\"padding\":\"\",\"header_transparent\":\"\",\"animation\":\"\",\"image_effect\":\"\"},\"children\":[{\"type\":\"row\",\"props\":{\"layout\":\"1-1\",\"breakpoint\":\"m\",\"fixed_width\":\"large\",\"gutter\":\"\",\"width\":\"\",\"width_expand\":\"\",\"height\":\"\",\"margin\":\"\"},\"children\":[{\"type\":\"column\",\"props\":{\"widths\":[\"1-1\"],\"image_position\":\"center-center\",\"media_overlay_gradient\":\"\",\"vertical_align\":\"\",\"style\":\"\",\"text_color\":\"\",\"padding\":\"\"},\"children\":[{\"type\":\"headline\",\"props\":{\"title_element\":\"h1\",\"title_style\":\"\",\"title_decoration\":\"\",\"title_color\":\"\",\"text_align\":\"\",\"text_align_breakpoint\":\"\",\"text_align_fallback\":\"\",\"maxwidth\":\"\",\"maxwidth_align\":\"\",\"maxwidth_breakpoint\":\"\",\"margin\":\"\",\"animation\":\"\",\"visibility\":\"\",\"content\":\"\n\n<h1 class=\\\"uk-article-title\\\">Z\\u0142\\u0105cza Subconn seria Power<\\\/h1>\"}},{\"type\":\"divider\",\"props\":{\"divider_element\":\"hr\",\"divider_style\":\"\",\"divider_align\":\"\",\"divider_align_breakpoint\":\"\",\"divider_align_fallback\":\"\",\"maxwidth\":\"\",\"maxwidth_align\":\"\",\"maxwidth_breakpoint\":\"\",\"margin\":\"\",\"animation\":\"\",\"visibility\":\"\"}},{\"type\":\"slideshow\",\"props\":{\"show_title\":true,\"show_meta\":true,\"show_content\":true,\"show_link\":true,\"show_thumbnail\":true,\"slideshow_min_height\":\"200\",\"slideshow_autoplay_pause\":true,\"nav\":\"dotnav\",\"nav_position\":\"bottom-center\",\"nav_position_margin\":\"medium\",\"nav_align\":\"center\",\"nav_breakpoint\":\"s\",\"thumbnav_width\":\"100\",\"thumbnav_height\":\"75\",\"slidenav\":\"default\",\"slidenav_margin\":\"medium\",\"slidenav_breakpoint\":\"s\",\"slidenav_outside_breakpoint\":\"xl\",\"overlay_position\":\"center-left\",\"overlay_animation\":\"parallax\",\"title_element\":\"h3\",\"meta_style\":\"meta\",\"meta_align\":\"bottom\",\"link_text\":\"Read more\",\"link_style\":\"default\",\"margin\":\"default\",\"slideshow_height\":\"\",\"text_color\":\"\",\"slideshow_box_shadow\":\"\",\"slideshow_box_decoration\":\"\",\"slideshow_animation\":\"\",\"slideshow_kenburns\":\"\",\"nav_margin\":\"\",\"nav_color\":\"\",\"slidenav_outside_color\":\"\",\"overlay_container\":\"\",\"overlay_container_padding\":\"\",\"overlay_margin\":\"\",\"overlay_style\":\"\",\"overlay_padding\":\"\",\"overlay_width\":\"\",\"title_style\":\"\",\"title_decoration\":\"\",\"title_color\":\"\",\"meta_color\":\"\",\"meta_margin\":\"\",\"content_style\":\"\",\"link_size\":\"\",\"text_align\":\"\",\"text_align_breakpoint\":\"\",\"text_align_fallback\":\"\",\"maxwidth\":\"\",\"maxwidth_align\":\"\",\"maxwidth_breakpoint\":\"\",\"animation\":\"\",\"visibility\":\"\",\"slideshow_max_height\":\"500\"},\"children\":[{\"type\":\"slideshow_item\",\"props\":{\"text_color\":\"\",\"image\":\"wp-content\\\/uploads\\\/subconn_power_bh1m-1.jpg\"}},{\"type\":\"slideshow_item\",\"props\":{\"text_color\":\"\",\"image\":\"wp-content\\\/uploads\\\/subconn_power_hpbh4f.jpg\"}},{\"type\":\"slideshow_item\",\"props\":{\"text_color\":\"\",\"image\":\"wp-content\\\/uploads\\\/subconn_power_hpil4m.jpg\"}}]},{\"type\":\"text\",\"props\":{\"margin\":\"default\",\"column_breakpoint\":\"m\",\"text_style\":\"\",\"text_color\":\"\",\"text_size\":\"\",\"column\":\"\",\"text_align\":\"\",\"text_align_breakpoint\":\"\",\"text_align_fallback\":\"\",\"maxwidth\":\"\",\"maxwidth_align\":\"\",\"maxwidth_breakpoint\":\"\",\"animation\":\"\",\"visibility\":\"\",\"content\":\"\n\n<p>Seria SubConn\\u00ae Power oferuje wysokowydajne, niezawodne rozwi\\u0105zanie w zakresie z\\u0142\\u0105czy, aby sprosta\\u0107 ci\\u0105gle rosn\\u0105cym wymaganiom operator\\u00f3w system\\u00f3w podwodnych i przemys\\u0142u. Seria ta sk\\u0142ada si\\u0119 z pi\\u0119ciu standardowych z\\u0142\\u0105czy, wspieranych przez szereg indywidualnych rozwi\\u0105za\\u0144.<\\\/p>\\n\n\n<p>Wszystkie oparte na sprawdzonym z\\u0142\\u0105czu SubConn\\u00ae i konstrukcji stykowej, seria SubConn\\u00ae Power obejmuje jedno stykowe z\\u0142\\u0105cze zasilania, trzy z\\u0142\\u0105cza \\u0142adowania akumulator\\u00f3w (2, 3 i 4 piny) oraz 4-pinowe z\\u0142\\u0105cze du\\u017cej mocy. Jedno pinowe z\\u0142\\u0105cze zasilania jest przeznaczone do stosowania z kablami o r\\u00f3\\u017cnych rozmiarach i mo\\u017ce pracowa\\u0107 przy napi\\u0119ciu do 3 kV i 250 A. Z\\u0142\\u0105cza do \\u0142adowania akumulator\\u00f3w s\\u0105 przystosowane do przenoszenia pr\\u0105du do 25 A. Czteropinowe z\\u0142\\u0105cze du\\u017cej mocy jest przystosowane do zasilania 600 V przy 50 A na pin i jest dostarczane w standardowych konfiguracjach SubConn\\u00ae inline i bulkhead.<\\\/p>\\n\n\n<p>Dla \\u0142atwej integracji z systemami i urz\\u0105dzeniami, z\\u0142\\u0105cza serii SubConn\\u00ae Power s\\u0105 dost\\u0119pne z dedykowanymi kablami, polioksymetylenowymi (POM) lub nierdzewnymi tulejami blokuj\\u0105cymi oraz manekinami odpornymi na nacisk. Wszystkie standardowe kable SubConn\\u00ae serii SubConn\\u00ae Power s\\u0105 wykonane z elastycznego i wodoodpornego kauczuku chloroprenowego.<\\\/p>\\n\n\n<p><strong>Zastosowania obejmuj\\u0105<\\\/strong><\\\/p>\\n\n\n<p>Zasilanie w energi\\u0119 elektryczn\\u0105 podmorskich system\\u00f3w wydobywczych ropy naftowej i gazu ziemnego, energii odnawialnej i system\\u00f3w podwodnych<br \\\/>Zasilanie pojazd\\u00f3w zdalnie sterowanych (ROV) i maszyn do wykonywania wykop\\u00f3w podwodnych<br \\\/>\\u0141adowanie akumulator\\u00f3w morskich<br \\\/>Zasilanie zespo\\u0142\\u00f3w pomp podwodnych<br \\\/>Zasilanie w energi\\u0119 niebezpiecznego \\u015brodowiska<\\\/p>\\n\n\n<p><strong>Opcje obejmuj\\u0105<\\\/strong><\\\/p>\\n\n\n<p>Niestandardowe rozmieszczenie \\u017cy\\u0142 kablowych i bezpo\\u015brednie zarabianie kompatybilnych kabli poliuretanowych (PUR)<br \\\/>Materia\\u0142\\u00a0 z\\u0142\\u0105cza i d\\u0142ugo\\u015bci kabli podane przez klienta<br \\\/>Wersje do monta\\u017cu na miejscu dla wszystkich z\\u0142\\u0105czy serii SubConn\\u00ae Power<br \\\/>Certyfikowane pr\\u00f3by ci\\u015bnieniowe na okre\\u015blonych g\\u0142\\u0119boko\\u015bciach oceanicznych<\\\/p>\"}}]}]},{\"type\":\"row\",\"props\":{\"layout\":\",,\",\"breakpoint\":\"m\",\"fixed_width\":\"large\",\"gutter\":\"\",\"width\":\"\",\"width_expand\":\"\",\"height\":\"\",\"margin\":\"\"},\"children\":[{\"type\":\"column\",\"props\":{\"widths\":[\"\"],\"image_position\":\"center-center\",\"media_overlay_gradient\":\"\",\"vertical_align\":\"\",\"style\":\"\",\"text_color\":\"\",\"padding\":\"\"},\"children\":[{\"type\":\"image\",\"props\":{\"margin\":\"default\",\"link_target\":\"\",\"image_border\":\"\",\"image_box_shadow\":\"\",\"image_hover_box_shadow\":\"\",\"image_box_decoration\":\"\",\"text_align\":\"\",\"text_align_breakpoint\":\"\",\"text_align_fallback\":\"\",\"maxwidth\":\"\",\"maxwidth_align\":\"\",\"maxwidth_breakpoint\":\"\",\"animation\":\"\",\"visibility\":\"\",\"image\":\"wp-content\\\/uploads\\\/power_1_contact-list-1.jpg\"}},{\"type\":\"text\",\"props\":{\"margin\":\"default\",\"column_breakpoint\":\"m\",\"text_style\":\"\",\"text_color\":\"\",\"text_size\":\"\",\"column\":\"\",\"text_align\":\"\",\"text_align_breakpoint\":\"\",\"text_align_fallback\":\"\",\"maxwidth\":\"\",\"maxwidth_align\":\"\",\"maxwidth_breakpoint\":\"\",\"animation\":\"\",\"visibility\":\"\",\"content\":\"\n\n<p><strong>Z\\u0142\\u0105cza Subconn seria Power - 1 pin<br \\\/><\\\/strong><\\\/p>\"}}]},{\"type\":\"column\",\"props\":{\"widths\":[\"\"],\"image_position\":\"center-center\",\"media_overlay_gradient\":\"\",\"vertical_align\":\"\",\"style\":\"\",\"text_color\":\"\",\"padding\":\"\"},\"children\":[{\"type\":\"image\",\"props\":{\"margin\":\"default\",\"link_target\":\"\",\"image_border\":\"\",\"image_box_shadow\":\"\",\"image_hover_box_shadow\":\"\",\"image_box_decoration\":\"\",\"text_align\":\"\",\"text_align_breakpoint\":\"\",\"text_align_fallback\":\"\",\"maxwidth\":\"\",\"maxwidth_align\":\"\",\"maxwidth_breakpoint\":\"\",\"animation\":\"\",\"visibility\":\"\",\"image\":\"wp-content\\\/uploads\\\/power_battery_2-3and4_contacts-list-1.jpg\"}},{\"type\":\"text\",\"props\":{\"margin\":\"default\",\"column_breakpoint\":\"m\",\"text_style\":\"\",\"text_color\":\"\",\"text_size\":\"\",\"column\":\"\",\"text_align\":\"\",\"text_align_breakpoint\":\"\",\"text_align_fallback\":\"\",\"maxwidth\":\"\",\"maxwidth_align\":\"\",\"maxwidth_breakpoint\":\"\",\"animation\":\"\",\"visibility\":\"\",\"content\":\"\n\n<p><strong>Z\\u0142\\u0105cza Subconn seria Power Battery - 2, 3 i 4 pin<\\\/strong><\\\/p>\"}}]},{\"type\":\"column\",\"props\":{\"widths\":[\"\"],\"image_position\":\"center-center\",\"media_overlay_gradient\":\"\",\"vertical_align\":\"\",\"style\":\"\",\"text_color\":\"\",\"padding\":\"\"},\"children\":[{\"type\":\"image\",\"props\":{\"margin\":\"default\",\"link_target\":\"\",\"image_border\":\"\",\"image_box_shadow\":\"\",\"image_hover_box_shadow\":\"\",\"image_box_decoration\":\"\",\"text_align\":\"\",\"text_align_breakpoint\":\"\",\"text_align_fallback\":\"\",\"maxwidth\":\"\",\"maxwidth_align\":\"\",\"maxwidth_breakpoint\":\"\",\"animation\":\"\",\"visibility\":\"\",\"image\":\"wp-content\\\/uploads\\\/high_power_4_contacts-list-1.jpg\"}},{\"type\":\"text\",\"props\":{\"margin\":\"default\",\"column_breakpoint\":\"m\",\"text_style\":\"\",\"text_color\":\"\",\"text_size\":\"\",\"column\":\"\",\"text_align\":\"\",\"text_align_breakpoint\":\"\",\"text_align_fallback\":\"\",\"maxwidth\":\"\",\"maxwidth_align\":\"\",\"maxwidth_breakpoint\":\"\",\"animation\":\"\",\"visibility\":\"\",\"content\":\"\n\n<p><strong>Z\\u0142\\u0105cza Subconn seria Power- 4 pin<\\\/strong><\\\/p>\"}}]}]}]}],\"props\":[],\"version\":\"1.18.0\"} --><\/p>\n","protected":false},"excerpt":{"rendered":"<p>Z\u0142\u0105cza Subconn seria Power Seria SubConn\u00ae Power oferuje wysokowydajne, niezawodne rozwi\u0105zanie w zakresie z\u0142\u0105czy, aby sprosta\u0107 ci\u0105gle rosn\u0105cym wymaganiom operator\u00f3w system\u00f3w podwodnych i przemys\u0142u. Seria ta sk\u0142ada si\u0119 z pi\u0119ciu standardowych z\u0142\u0105czy, wspieranych przez szereg indywidualnych rozwi\u0105za\u0144. Wszystkie oparte na sprawdzonym z\u0142\u0105czu SubConn\u00ae i konstrukcji stykowej, seria SubConn\u00ae Power obejmuje jedno stykowe z\u0142\u0105cze zasilania, trzy [&hellip;]<\/p>\n","protected":false},"author":10,"featured_media":0,"parent":0,"menu_order":0,"comment_status":"closed","ping_status":"closed","template":"","meta":{"footnotes":""},"class_list":["post-5990","page","type-page","status-publish","hentry"],"yoast_head":"<!-- This site is optimized with the Yoast SEO plugin v27.5 - https:\/\/yoast.com\/product\/yoast-seo-wordpress\/ -->\n<title>Z\u0142\u0105cza Subconn seria Power - ESCORT TECHNOLOGY<\/title>\n<meta name=\"robots\" content=\"index, follow, max-snippet:-1, max-image-preview:large, max-video-preview:-1\" \/>\n<link rel=\"canonical\" href=\"http:\/\/escort-technology.com\/pl\/zlacza-subconn-seria-power\/\" \/>\n<meta property=\"og:locale\" content=\"pl_PL\" \/>\n<meta property=\"og:type\" content=\"article\" \/>\n<meta property=\"og:title\" content=\"Z\u0142\u0105cza Subconn seria Power - ESCORT TECHNOLOGY\" \/>\n<meta property=\"og:description\" content=\"Z\u0142\u0105cza Subconn seria Power Seria SubConn\u00ae Power oferuje wysokowydajne, niezawodne rozwi\u0105zanie w zakresie z\u0142\u0105czy, aby sprosta\u0107 ci\u0105gle rosn\u0105cym wymaganiom operator\u00f3w system\u00f3w podwodnych i przemys\u0142u. Seria ta sk\u0142ada si\u0119 z pi\u0119ciu standardowych z\u0142\u0105czy, wspieranych przez szereg indywidualnych rozwi\u0105za\u0144. Wszystkie oparte na sprawdzonym z\u0142\u0105czu SubConn\u00ae i konstrukcji stykowej, seria SubConn\u00ae Power obejmuje jedno stykowe z\u0142\u0105cze zasilania, trzy [&hellip;]\" \/>\n<meta property=\"og:url\" content=\"http:\/\/escort-technology.com\/pl\/zlacza-subconn-seria-power\/\" \/>\n<meta property=\"og:site_name\" content=\"ESCORT TECHNOLOGY\" \/>\n<meta property=\"article:publisher\" content=\"https:\/\/www.facebook.com\/elektronika.morska\/\" \/>\n<meta property=\"og:image\" content=\"http:\/\/wp-content\/uploads\/subconn_power_bh1m-1.jpg\" \/>\n<meta name=\"twitter:card\" content=\"summary_large_image\" \/>\n<meta name=\"twitter:label1\" content=\"Szacowany czas czytania\" \/>\n\t<meta name=\"twitter:data1\" content=\"2 minuty\" \/>\n<script type=\"application\/ld+json\" class=\"yoast-schema-graph\">{\"@context\":\"https:\\\/\\\/schema.org\",\"@graph\":[{\"@type\":\"WebPage\",\"@id\":\"http:\\\/\\\/escort-technology.com\\\/en\\\/zlacza-subconn-seria-power\\\/\",\"url\":\"http:\\\/\\\/escort-technology.com\\\/en\\\/zlacza-subconn-seria-power\\\/\",\"name\":\"Z\u0142\u0105cza Subconn seria Power - ESCORT TECHNOLOGY\",\"isPartOf\":{\"@id\":\"http:\\\/\\\/escort-technology.com\\\/de\\\/#website\"},\"datePublished\":\"2020-05-28T09:28:39+00:00\",\"breadcrumb\":{\"@id\":\"http:\\\/\\\/escort-technology.com\\\/en\\\/zlacza-subconn-seria-power\\\/#breadcrumb\"},\"inLanguage\":\"pl-PL\",\"potentialAction\":[{\"@type\":\"ReadAction\",\"target\":[\"http:\\\/\\\/escort-technology.com\\\/en\\\/zlacza-subconn-seria-power\\\/\"]}]},{\"@type\":\"BreadcrumbList\",\"@id\":\"http:\\\/\\\/escort-technology.com\\\/en\\\/zlacza-subconn-seria-power\\\/#breadcrumb\",\"itemListElement\":[{\"@type\":\"ListItem\",\"position\":1,\"name\":\"Strona g\u0142\u00f3wna\",\"item\":\"https:\\\/\\\/escort-technology.com\\\/\"},{\"@type\":\"ListItem\",\"position\":2,\"name\":\"Z\u0142\u0105cza Subconn seria Power\"}]},{\"@type\":\"WebSite\",\"@id\":\"http:\\\/\\\/escort-technology.com\\\/de\\\/#website\",\"url\":\"http:\\\/\\\/escort-technology.com\\\/de\\\/\",\"name\":\"ESCORT TECHNOLOGY\",\"description\":\"Elektronika morska i l\u0105dowa\",\"publisher\":{\"@id\":\"http:\\\/\\\/escort-technology.com\\\/de\\\/#organization\"},\"potentialAction\":[{\"@type\":\"SearchAction\",\"target\":{\"@type\":\"EntryPoint\",\"urlTemplate\":\"http:\\\/\\\/escort-technology.com\\\/de\\\/?s={search_term_string}\"},\"query-input\":{\"@type\":\"PropertyValueSpecification\",\"valueRequired\":true,\"valueName\":\"search_term_string\"}}],\"inLanguage\":\"pl-PL\"},{\"@type\":\"Organization\",\"@id\":\"http:\\\/\\\/escort-technology.com\\\/de\\\/#organization\",\"name\":\"ESCORT TECHNOLOGY\",\"url\":\"http:\\\/\\\/escort-technology.com\\\/de\\\/\",\"logo\":{\"@type\":\"ImageObject\",\"inLanguage\":\"pl-PL\",\"@id\":\"http:\\\/\\\/escort-technology.com\\\/de\\\/#\\\/schema\\\/logo\\\/image\\\/\",\"url\":\"https:\\\/\\\/escort-technology.com\\\/wp-content\\\/uploads\\\/logo-1.jpg\",\"contentUrl\":\"https:\\\/\\\/escort-technology.com\\\/wp-content\\\/uploads\\\/logo-1.jpg\",\"width\":600,\"height\":165,\"caption\":\"ESCORT TECHNOLOGY\"},\"image\":{\"@id\":\"http:\\\/\\\/escort-technology.com\\\/de\\\/#\\\/schema\\\/logo\\\/image\\\/\"},\"sameAs\":[\"https:\\\/\\\/www.facebook.com\\\/elektronika.morska\\\/\",\"https:\\\/\\\/www.linkedin.com\\\/company\\\/escort-sp-z-o-o-\\\/\"]}]}<\/script>\n<!-- \/ Yoast SEO plugin. -->","yoast_head_json":{"title":"Z\u0142\u0105cza Subconn seria Power - ESCORT TECHNOLOGY","robots":{"index":"index","follow":"follow","max-snippet":"max-snippet:-1","max-image-preview":"max-image-preview:large","max-video-preview":"max-video-preview:-1"},"canonical":"http:\/\/escort-technology.com\/pl\/zlacza-subconn-seria-power\/","og_locale":"pl_PL","og_type":"article","og_title":"Z\u0142\u0105cza Subconn seria Power - ESCORT TECHNOLOGY","og_description":"Z\u0142\u0105cza Subconn seria Power Seria SubConn\u00ae Power oferuje wysokowydajne, niezawodne rozwi\u0105zanie w zakresie z\u0142\u0105czy, aby sprosta\u0107 ci\u0105gle rosn\u0105cym wymaganiom operator\u00f3w system\u00f3w podwodnych i przemys\u0142u. Seria ta sk\u0142ada si\u0119 z pi\u0119ciu standardowych z\u0142\u0105czy, wspieranych przez szereg indywidualnych rozwi\u0105za\u0144. Wszystkie oparte na sprawdzonym z\u0142\u0105czu SubConn\u00ae i konstrukcji stykowej, seria SubConn\u00ae Power obejmuje jedno stykowe z\u0142\u0105cze zasilania, trzy [&hellip;]","og_url":"http:\/\/escort-technology.com\/pl\/zlacza-subconn-seria-power\/","og_site_name":"ESCORT TECHNOLOGY","article_publisher":"https:\/\/www.facebook.com\/elektronika.morska\/","og_image":[{"url":"wp-content\/uploads\/subconn_power_bh1m-1.jpg","type":"","width":"","height":""}],"twitter_card":"summary_large_image","twitter_misc":{"Szacowany czas czytania":"2 minuty"},"schema":{"@context":"https:\/\/schema.org","@graph":[{"@type":"WebPage","@id":"http:\/\/escort-technology.com\/en\/zlacza-subconn-seria-power\/","url":"http:\/\/escort-technology.com\/en\/zlacza-subconn-seria-power\/","name":"Z\u0142\u0105cza Subconn seria Power - ESCORT TECHNOLOGY","isPartOf":{"@id":"http:\/\/escort-technology.com\/de\/#website"},"datePublished":"2020-05-28T09:28:39+00:00","breadcrumb":{"@id":"http:\/\/escort-technology.com\/en\/zlacza-subconn-seria-power\/#breadcrumb"},"inLanguage":"pl-PL","potentialAction":[{"@type":"ReadAction","target":["http:\/\/escort-technology.com\/en\/zlacza-subconn-seria-power\/"]}]},{"@type":"BreadcrumbList","@id":"http:\/\/escort-technology.com\/en\/zlacza-subconn-seria-power\/#breadcrumb","itemListElement":[{"@type":"ListItem","position":1,"name":"Strona g\u0142\u00f3wna","item":"https:\/\/escort-technology.com\/"},{"@type":"ListItem","position":2,"name":"Z\u0142\u0105cza Subconn seria Power"}]},{"@type":"WebSite","@id":"http:\/\/escort-technology.com\/de\/#website","url":"http:\/\/escort-technology.com\/de\/","name":"ESCORT TECHNOLOGY","description":"Elektronika morska i l\u0105dowa","publisher":{"@id":"http:\/\/escort-technology.com\/de\/#organization"},"potentialAction":[{"@type":"SearchAction","target":{"@type":"EntryPoint","urlTemplate":"http:\/\/escort-technology.com\/de\/?s={search_term_string}"},"query-input":{"@type":"PropertyValueSpecification","valueRequired":true,"valueName":"search_term_string"}}],"inLanguage":"pl-PL"},{"@type":"Organization","@id":"http:\/\/escort-technology.com\/de\/#organization","name":"ESCORT TECHNOLOGY","url":"http:\/\/escort-technology.com\/de\/","logo":{"@type":"ImageObject","inLanguage":"pl-PL","@id":"http:\/\/escort-technology.com\/de\/#\/schema\/logo\/image\/","url":"https:\/\/escort-technology.com\/wp-content\/uploads\/logo-1.jpg","contentUrl":"https:\/\/escort-technology.com\/wp-content\/uploads\/logo-1.jpg","width":600,"height":165,"caption":"ESCORT TECHNOLOGY"},"image":{"@id":"http:\/\/escort-technology.com\/de\/#\/schema\/logo\/image\/"},"sameAs":["https:\/\/www.facebook.com\/elektronika.morska\/","https:\/\/www.linkedin.com\/company\/escort-sp-z-o-o-\/"]}]}},"_links":{"self":[{"href":"https:\/\/escort-technology.com\/pl\/wp-json\/wp\/v2\/pages\/5990","targetHints":{"allow":["GET"]}}],"collection":[{"href":"https:\/\/escort-technology.com\/pl\/wp-json\/wp\/v2\/pages"}],"about":[{"href":"https:\/\/escort-technology.com\/pl\/wp-json\/wp\/v2\/types\/page"}],"author":[{"embeddable":true,"href":"https:\/\/escort-technology.com\/pl\/wp-json\/wp\/v2\/users\/10"}],"replies":[{"embeddable":true,"href":"https:\/\/escort-technology.com\/pl\/wp-json\/wp\/v2\/comments?post=5990"}],"version-history":[{"count":5,"href":"https:\/\/escort-technology.com\/pl\/wp-json\/wp\/v2\/pages\/5990\/revisions"}],"predecessor-version":[{"id":6003,"href":"https:\/\/escort-technology.com\/pl\/wp-json\/wp\/v2\/pages\/5990\/revisions\/6003"}],"wp:attachment":[{"href":"https:\/\/escort-technology.com\/pl\/wp-json\/wp\/v2\/media?parent=5990"}],"curies":[{"name":"wp","href":"https:\/\/api.w.org\/{rel}","templated":true}]}}