{"id":6044,"date":"2020-05-28T12:39:21","date_gmt":"2020-05-28T10:39:21","guid":{"rendered":"https:\/\/escort-technology.com\/?page_id=6044"},"modified":"2020-05-28T12:50:14","modified_gmt":"2020-05-28T10:50:14","slug":"zlacza-specjalne-subconn","status":"publish","type":"page","link":"https:\/\/escort-technology.com\/pl\/zlacza-specjalne-subconn\/","title":{"rendered":"Z\u0142\u0105cza specjalne SubConn"},"content":{"rendered":"<h1>Z\u0142\u0105cza specjalne SubConn<\/h1>\n<hr>\n<ul>\n<li>\n<p>        <img decoding=\"async\" src=\"wp-content\/uploads\/pro0036-1.jpg\" alt=\"\"><\/p>\n<\/li>\n<li>\n<p>        <img decoding=\"async\" src=\"wp-content\/uploads\/pro0037-1.jpg\" alt=\"\"><\/p>\n<\/li>\n<li>\n<p>        <img decoding=\"async\" src=\"wp-content\/uploads\/subconn_special-1.jpg\" alt=\"\"><\/p>\n<\/li>\n<li>\n<p>        <img decoding=\"async\" src=\"wp-content\/uploads\/subconn_special-2-1.jpg\" alt=\"\"><\/p>\n<\/li>\n<li>\n<p>        <img decoding=\"async\" src=\"wp-content\/uploads\/pro0016-1.jpg\" alt=\"\"><\/p>\n<\/li>\n<li>\n<p>        <img decoding=\"async\" src=\"wp-content\/uploads\/pro0033-1.jpg\" alt=\"\"><\/p>\n<\/li>\n<li>\n<p>        <img decoding=\"async\" src=\"wp-content\/uploads\/pro0028-1.jpg\" alt=\"\"><\/p>\n<\/li>\n<li>\n<p>        <img decoding=\"async\" src=\"wp-content\/uploads\/pro0023-1.jpg\" alt=\"\"><\/p>\n<\/li>\n<\/ul>\n<div>\n<p>Firma SubConn Inc. posiada bogate do\u015bwiadczenie i wiedz\u0119 specjalistyczn\u0105 w zakresie dostarczania specjalnych rozwi\u0105za\u0144 z\u0142\u0105czy dla szerokiej gamy specyficznych aplikacji klient\u00f3w, pocz\u0105wszy od sprz\u0119tu do czyszczenia basen\u00f3w, poprzez czujniki oceanograficzne, a\u017c po zaawansowane systemy morskie.<\/p>\n<p>Wszystkie z\u0142\u0105cza SubConn\u00ae Specials oparte s\u0105 na sprawdzonej konstrukcji styk\u00f3w SubConn\u00ae i skutecznie rozwi\u0105zuj\u0105 prawie ka\u017cde podwodne wyzwanie. SubConn\u00ae Specials doskonale integruje si\u0119 z istniej\u0105cymi lub nowopowsta\u0142ymi systemami klienckimi i z biegiem lat kilka SubConn\u00ae Specials sta\u0142o si\u0119 standardowym rozwi\u0105zaniem po\u0142\u0105czeniowym dla specyficznych zastosowa\u0144.<br \/>In\u017cynierowie firm SubConn Inc. i MacArtney zawsze ch\u0119tnie podejm\u0105 si\u0119 wszelkich unikalnych i z\u0142o\u017conych wyzwa\u0144 zwi\u0105zanych z \u0142\u0105czno\u015bci\u0105, przed kt\u00f3rymi staj\u0105 tw\u00f3rcy system\u00f3w i operatorzy. Wszystkie zapytania dotycz\u0105ce projekt\u00f3w i rozwi\u0105za\u0144 s\u0105 mile widziane i wspierane przez proces dzielenia si\u0119 wiedz\u0105 i dialog. Celem SubConn\u00ae jest tworzenie i dostarczanie najnowocze\u015bniejszych rozwi\u0105za\u0144.<\/p>\n<p>Produkty SubConn\u00ae Specials mog\u0105 by\u0107 r\u00f3wnie\u017c dostarczane jako kompletne rozwi\u0105zania po\u0142\u0105czeniowe z dedykowanymi kablami z kauczuku chloroprenowego lub poliuretanu (PUR), niestandardowymi listwami, zespo\u0142ami, tulejkami blokuj\u0105cymi, pier\u015bcieniami zatrzaskowymi lub ta\u015bmowymi systemami blokuj\u0105cymi oraz z za\u015blepkami. <\/p>\n<p><strong>Zastosowania obejmuj\u0105<\/strong><\/p>\n<p>Podwodne systemy wydobywcze ropy naftowej i gazu ziemnego, energii odnawialnej <br \/>Systemy i wyposa\u017cenie obronne<br \/>Systemy, wyposa\u017cenie i rozwi\u0105zania w zakresie oceanografii<br \/>Systemy zdalnie sterowanych pojazd\u00f3w (ROV) i zdalnie sterowanych pojazd\u00f3w holowanych (ROTV)<br \/>Podwodne kamery, systemy wideo i o\u015bwietlenia<br \/>Podwodne systemy telemetryczne<br \/>Systemy i sprz\u0119t do nurkowania<br \/>Inne zastosowania w \u015brodowisku wilgotnym, morskim i podwodnym<\/p>\n<p><strong>Opcje obejmuj\u0105<\/strong><\/p>\n<p>Indywidualne projekty z\u0142\u0105czy i monta\u017cu kabli<br \/>Niestandardowe kable\u00a0 i bezpo\u015brednie zarabianie wybranych kabli poliuretanowych (PUR)<br \/>Okre\u015blone przez klienta kable, przewody drutowe i d\u0142ugo\u015bci gwintu grodziowego<br \/>Materia\u0142\u00a0 z\u0142\u0105cza okre\u015blony przez klienta<br \/>Certyfikowane pr\u00f3by ci\u015bnieniowe na okre\u015blonych g\u0142\u0119boko\u015bciach oceanicznych<\/p>\n<\/div>\n<p><!-- {\"type\":\"layout\",\"children\":[{\"type\":\"section\",\"props\":{\"style\":\"default\",\"width\":\"default\",\"vertical_align\":\"middle\",\"title_position\":\"top-left\",\"title_rotation\":\"left\",\"title_breakpoint\":\"xl\",\"image_position\":\"center-center\",\"text_color\":\"\",\"width_expand\":\"\",\"height\":\"\",\"padding\":\"\",\"header_transparent\":\"\",\"animation\":\"\",\"image_effect\":\"\"},\"children\":[{\"type\":\"row\",\"props\":{\"layout\":\"1-1\",\"breakpoint\":\"m\",\"fixed_width\":\"large\",\"gutter\":\"\",\"width\":\"\",\"width_expand\":\"\",\"height\":\"\",\"margin\":\"\"},\"children\":[{\"type\":\"column\",\"props\":{\"widths\":[\"1-1\"],\"image_position\":\"center-center\",\"media_overlay_gradient\":\"\",\"vertical_align\":\"\",\"style\":\"\",\"text_color\":\"\",\"padding\":\"\"},\"children\":[{\"type\":\"headline\",\"props\":{\"title_element\":\"h1\",\"title_style\":\"\",\"title_decoration\":\"\",\"title_color\":\"\",\"text_align\":\"\",\"text_align_breakpoint\":\"\",\"text_align_fallback\":\"\",\"maxwidth\":\"\",\"maxwidth_align\":\"\",\"maxwidth_breakpoint\":\"\",\"margin\":\"\",\"animation\":\"\",\"visibility\":\"\",\"content\":\"Z\\u0142\\u0105cza specjalne SubConn\"}},{\"type\":\"divider\",\"props\":{\"divider_element\":\"hr\",\"divider_style\":\"\",\"divider_align\":\"\",\"divider_align_breakpoint\":\"\",\"divider_align_fallback\":\"\",\"maxwidth\":\"\",\"maxwidth_align\":\"\",\"maxwidth_breakpoint\":\"\",\"margin\":\"\",\"animation\":\"\",\"visibility\":\"\"}},{\"type\":\"slideshow\",\"props\":{\"show_title\":true,\"show_meta\":true,\"show_content\":true,\"show_link\":true,\"show_thumbnail\":true,\"slideshow_min_height\":\"200\",\"slideshow_autoplay_pause\":true,\"nav\":\"dotnav\",\"nav_position\":\"bottom-center\",\"nav_position_margin\":\"medium\",\"nav_align\":\"center\",\"nav_breakpoint\":\"s\",\"thumbnav_width\":\"100\",\"thumbnav_height\":\"75\",\"slidenav\":\"default\",\"slidenav_margin\":\"medium\",\"slidenav_breakpoint\":\"s\",\"slidenav_outside_breakpoint\":\"xl\",\"overlay_position\":\"center-left\",\"overlay_animation\":\"parallax\",\"title_element\":\"h3\",\"meta_style\":\"meta\",\"meta_align\":\"bottom\",\"link_text\":\"Read more\",\"link_style\":\"default\",\"margin\":\"default\",\"slideshow_height\":\"\",\"text_color\":\"\",\"slideshow_box_shadow\":\"\",\"slideshow_box_decoration\":\"\",\"slideshow_animation\":\"\",\"slideshow_kenburns\":\"\",\"nav_margin\":\"\",\"nav_color\":\"\",\"slidenav_outside_color\":\"\",\"overlay_container\":\"\",\"overlay_container_padding\":\"\",\"overlay_margin\":\"\",\"overlay_style\":\"\",\"overlay_padding\":\"\",\"overlay_width\":\"\",\"title_style\":\"\",\"title_decoration\":\"\",\"title_color\":\"\",\"meta_color\":\"\",\"meta_margin\":\"\",\"content_style\":\"\",\"link_size\":\"\",\"text_align\":\"\",\"text_align_breakpoint\":\"\",\"text_align_fallback\":\"\",\"maxwidth\":\"\",\"maxwidth_align\":\"\",\"maxwidth_breakpoint\":\"\",\"animation\":\"\",\"visibility\":\"\",\"slideshow_max_height\":\"500\"},\"children\":[{\"type\":\"slideshow_item\",\"props\":{\"text_color\":\"\",\"image\":\"wp-content\\\/uploads\\\/pro0036-1.jpg\"}},{\"type\":\"slideshow_item\",\"props\":{\"text_color\":\"\",\"image\":\"wp-content\\\/uploads\\\/pro0037-1.jpg\"}},{\"type\":\"slideshow_item\",\"props\":{\"text_color\":\"\",\"image\":\"wp-content\\\/uploads\\\/subconn_special-1.jpg\"}},{\"type\":\"slideshow_item\",\"props\":{\"text_color\":\"\",\"image\":\"wp-content\\\/uploads\\\/subconn_special-2-1.jpg\"}},{\"type\":\"slideshow_item\",\"props\":{\"text_color\":\"\",\"image\":\"wp-content\\\/uploads\\\/pro0016-1.jpg\"}},{\"type\":\"slideshow_item\",\"props\":{\"text_color\":\"\",\"image\":\"wp-content\\\/uploads\\\/pro0033-1.jpg\"}},{\"type\":\"slideshow_item\",\"props\":{\"text_color\":\"\",\"image\":\"wp-content\\\/uploads\\\/pro0028-1.jpg\"}},{\"type\":\"slideshow_item\",\"props\":{\"text_color\":\"\",\"image\":\"wp-content\\\/uploads\\\/pro0023-1.jpg\"}}]},{\"type\":\"text\",\"props\":{\"margin\":\"default\",\"column_breakpoint\":\"m\",\"text_style\":\"\",\"text_color\":\"\",\"text_size\":\"\",\"column\":\"\",\"text_align\":\"\",\"text_align_breakpoint\":\"\",\"text_align_fallback\":\"\",\"maxwidth\":\"\",\"maxwidth_align\":\"\",\"maxwidth_breakpoint\":\"\",\"animation\":\"\",\"visibility\":\"\",\"content\":\"\n\n<p>Firma SubConn Inc. posiada bogate do\\u015bwiadczenie i wiedz\\u0119 specjalistyczn\\u0105 w zakresie dostarczania specjalnych rozwi\\u0105za\\u0144 z\\u0142\\u0105czy dla szerokiej gamy specyficznych aplikacji klient\\u00f3w, pocz\\u0105wszy od sprz\\u0119tu do czyszczenia basen\\u00f3w, poprzez czujniki oceanograficzne, a\\u017c po zaawansowane systemy morskie.<\\\/p>\\n\n\n<p>Wszystkie z\\u0142\\u0105cza SubConn\\u00ae Specials oparte s\\u0105 na sprawdzonej konstrukcji styk\\u00f3w SubConn\\u00ae i skutecznie rozwi\\u0105zuj\\u0105 prawie ka\\u017cde podwodne wyzwanie. SubConn\\u00ae Specials doskonale integruje si\\u0119 z istniej\\u0105cymi lub nowopowsta\\u0142ymi systemami klienckimi i z biegiem lat kilka SubConn\\u00ae Specials sta\\u0142o si\\u0119 standardowym rozwi\\u0105zaniem po\\u0142\\u0105czeniowym dla specyficznych zastosowa\\u0144.<br \\\/>In\\u017cynierowie firm SubConn Inc. i MacArtney zawsze ch\\u0119tnie podejm\\u0105 si\\u0119 wszelkich unikalnych i z\\u0142o\\u017conych wyzwa\\u0144 zwi\\u0105zanych z \\u0142\\u0105czno\\u015bci\\u0105, przed kt\\u00f3rymi staj\\u0105 tw\\u00f3rcy system\\u00f3w i operatorzy. Wszystkie zapytania dotycz\\u0105ce projekt\\u00f3w i rozwi\\u0105za\\u0144 s\\u0105 mile widziane i wspierane przez proces dzielenia si\\u0119 wiedz\\u0105 i dialog. Celem SubConn\\u00ae jest tworzenie i dostarczanie najnowocze\\u015bniejszych rozwi\\u0105za\\u0144.<\\\/p>\\n\n\n<p>Produkty SubConn\\u00ae Specials mog\\u0105 by\\u0107 r\\u00f3wnie\\u017c dostarczane jako kompletne rozwi\\u0105zania po\\u0142\\u0105czeniowe z dedykowanymi kablami z kauczuku chloroprenowego lub poliuretanu (PUR), niestandardowymi listwami, zespo\\u0142ami, tulejkami blokuj\\u0105cymi, pier\\u015bcieniami zatrzaskowymi lub ta\\u015bmowymi systemami blokuj\\u0105cymi oraz z za\\u015blepkami. <\\\/p>\\n\n\n<p><strong>Zastosowania obejmuj\\u0105<\\\/strong><\\\/p>\\n\n\n<p>Podwodne systemy wydobywcze ropy naftowej i gazu ziemnego, energii odnawialnej <br \\\/>Systemy i wyposa\\u017cenie obronne<br \\\/>Systemy, wyposa\\u017cenie i rozwi\\u0105zania w zakresie oceanografii<br \\\/>Systemy zdalnie sterowanych pojazd\\u00f3w (ROV) i zdalnie sterowanych pojazd\\u00f3w holowanych (ROTV)<br \\\/>Podwodne kamery, systemy wideo i o\\u015bwietlenia<br \\\/>Podwodne systemy telemetryczne<br \\\/>Systemy i sprz\\u0119t do nurkowania<br \\\/>Inne zastosowania w \\u015brodowisku wilgotnym, morskim i podwodnym<\\\/p>\\n\n\n<p><strong>Opcje obejmuj\\u0105<\\\/strong><\\\/p>\\n\n\n<p>Indywidualne projekty z\\u0142\\u0105czy i monta\\u017cu kabli<br \\\/>Niestandardowe kable\\u00a0 i bezpo\\u015brednie zarabianie wybranych kabli poliuretanowych (PUR)<br \\\/>Okre\\u015blone przez klienta kable, przewody drutowe i d\\u0142ugo\\u015bci gwintu grodziowego<br \\\/>Materia\\u0142\\u00a0 z\\u0142\\u0105cza okre\\u015blony przez klienta<br \\\/>Certyfikowane pr\\u00f3by ci\\u015bnieniowe na okre\\u015blonych g\\u0142\\u0119boko\\u015bciach oceanicznych<\\\/p>\"}}]}]}]}],\"props\":[],\"version\":\"1.18.0\"} --><\/p>\n","protected":false},"excerpt":{"rendered":"<p>Z\u0142\u0105cza specjalne SubConn Firma SubConn Inc. posiada bogate do\u015bwiadczenie i wiedz\u0119 specjalistyczn\u0105 w zakresie dostarczania specjalnych rozwi\u0105za\u0144 z\u0142\u0105czy dla szerokiej gamy specyficznych aplikacji klient\u00f3w, pocz\u0105wszy od sprz\u0119tu do czyszczenia basen\u00f3w, poprzez czujniki oceanograficzne, a\u017c po zaawansowane systemy morskie. Wszystkie z\u0142\u0105cza SubConn\u00ae Specials oparte s\u0105 na sprawdzonej konstrukcji styk\u00f3w SubConn\u00ae i skutecznie rozwi\u0105zuj\u0105 prawie ka\u017cde podwodne [&hellip;]<\/p>\n","protected":false},"author":10,"featured_media":0,"parent":0,"menu_order":0,"comment_status":"closed","ping_status":"closed","template":"","meta":{"footnotes":""},"class_list":["post-6044","page","type-page","status-publish","hentry"],"yoast_head":"<!-- This site is optimized with the Yoast SEO plugin v27.5 - https:\/\/yoast.com\/product\/yoast-seo-wordpress\/ -->\n<title>Z\u0142\u0105cza specjalne SubConn - ESCORT TECHNOLOGY<\/title>\n<meta name=\"robots\" content=\"index, follow, max-snippet:-1, max-image-preview:large, max-video-preview:-1\" \/>\n<link rel=\"canonical\" href=\"https:\/\/escort-technology.com\/pl\/zlacza-specjalne-subconn\/\" \/>\n<meta property=\"og:locale\" content=\"pl_PL\" \/>\n<meta property=\"og:type\" content=\"article\" \/>\n<meta property=\"og:title\" content=\"Z\u0142\u0105cza specjalne SubConn - ESCORT TECHNOLOGY\" \/>\n<meta property=\"og:description\" content=\"Z\u0142\u0105cza specjalne SubConn Firma SubConn Inc. posiada bogate do\u015bwiadczenie i wiedz\u0119 specjalistyczn\u0105 w zakresie dostarczania specjalnych rozwi\u0105za\u0144 z\u0142\u0105czy dla szerokiej gamy specyficznych aplikacji klient\u00f3w, pocz\u0105wszy od sprz\u0119tu do czyszczenia basen\u00f3w, poprzez czujniki oceanograficzne, a\u017c po zaawansowane systemy morskie. Wszystkie z\u0142\u0105cza SubConn\u00ae Specials oparte s\u0105 na sprawdzonej konstrukcji styk\u00f3w SubConn\u00ae i skutecznie rozwi\u0105zuj\u0105 prawie ka\u017cde podwodne [&hellip;]\" \/>\n<meta property=\"og:url\" content=\"https:\/\/escort-technology.com\/pl\/zlacza-specjalne-subconn\/\" \/>\n<meta property=\"og:site_name\" content=\"ESCORT TECHNOLOGY\" \/>\n<meta property=\"article:publisher\" content=\"https:\/\/www.facebook.com\/elektronika.morska\/\" \/>\n<meta property=\"article:modified_time\" content=\"2020-05-28T10:50:14+00:00\" \/>\n<meta property=\"og:image\" content=\"http:\/\/wp-content\/uploads\/pro0036-1.jpg\" \/>\n<meta name=\"twitter:card\" content=\"summary_large_image\" \/>\n<meta name=\"twitter:label1\" content=\"Szacowany czas czytania\" \/>\n\t<meta name=\"twitter:data1\" content=\"2 minuty\" \/>\n<script type=\"application\/ld+json\" class=\"yoast-schema-graph\">{\"@context\":\"https:\\\/\\\/schema.org\",\"@graph\":[{\"@type\":\"WebPage\",\"@id\":\"https:\\\/\\\/escort-technology.com\\\/pl\\\/zlacza-specjalne-subconn\\\/\",\"url\":\"https:\\\/\\\/escort-technology.com\\\/pl\\\/zlacza-specjalne-subconn\\\/\",\"name\":\"Z\u0142\u0105cza specjalne SubConn - ESCORT TECHNOLOGY\",\"isPartOf\":{\"@id\":\"http:\\\/\\\/escort-technology.com\\\/de\\\/#website\"},\"datePublished\":\"2020-05-28T10:39:21+00:00\",\"dateModified\":\"2020-05-28T10:50:14+00:00\",\"breadcrumb\":{\"@id\":\"https:\\\/\\\/escort-technology.com\\\/pl\\\/zlacza-specjalne-subconn\\\/#breadcrumb\"},\"inLanguage\":\"pl-PL\",\"potentialAction\":[{\"@type\":\"ReadAction\",\"target\":[\"https:\\\/\\\/escort-technology.com\\\/pl\\\/zlacza-specjalne-subconn\\\/\"]}]},{\"@type\":\"BreadcrumbList\",\"@id\":\"https:\\\/\\\/escort-technology.com\\\/pl\\\/zlacza-specjalne-subconn\\\/#breadcrumb\",\"itemListElement\":[{\"@type\":\"ListItem\",\"position\":1,\"name\":\"Strona g\u0142\u00f3wna\",\"item\":\"https:\\\/\\\/escort-technology.com\\\/\"},{\"@type\":\"ListItem\",\"position\":2,\"name\":\"Z\u0142\u0105cza specjalne SubConn\"}]},{\"@type\":\"WebSite\",\"@id\":\"http:\\\/\\\/escort-technology.com\\\/de\\\/#website\",\"url\":\"http:\\\/\\\/escort-technology.com\\\/de\\\/\",\"name\":\"ESCORT TECHNOLOGY\",\"description\":\"Elektronika morska i l\u0105dowa\",\"publisher\":{\"@id\":\"http:\\\/\\\/escort-technology.com\\\/de\\\/#organization\"},\"potentialAction\":[{\"@type\":\"SearchAction\",\"target\":{\"@type\":\"EntryPoint\",\"urlTemplate\":\"http:\\\/\\\/escort-technology.com\\\/de\\\/?s={search_term_string}\"},\"query-input\":{\"@type\":\"PropertyValueSpecification\",\"valueRequired\":true,\"valueName\":\"search_term_string\"}}],\"inLanguage\":\"pl-PL\"},{\"@type\":\"Organization\",\"@id\":\"http:\\\/\\\/escort-technology.com\\\/de\\\/#organization\",\"name\":\"ESCORT TECHNOLOGY\",\"url\":\"http:\\\/\\\/escort-technology.com\\\/de\\\/\",\"logo\":{\"@type\":\"ImageObject\",\"inLanguage\":\"pl-PL\",\"@id\":\"http:\\\/\\\/escort-technology.com\\\/de\\\/#\\\/schema\\\/logo\\\/image\\\/\",\"url\":\"https:\\\/\\\/escort-technology.com\\\/wp-content\\\/uploads\\\/logo-1.jpg\",\"contentUrl\":\"https:\\\/\\\/escort-technology.com\\\/wp-content\\\/uploads\\\/logo-1.jpg\",\"width\":600,\"height\":165,\"caption\":\"ESCORT TECHNOLOGY\"},\"image\":{\"@id\":\"http:\\\/\\\/escort-technology.com\\\/de\\\/#\\\/schema\\\/logo\\\/image\\\/\"},\"sameAs\":[\"https:\\\/\\\/www.facebook.com\\\/elektronika.morska\\\/\",\"https:\\\/\\\/www.linkedin.com\\\/company\\\/escort-sp-z-o-o-\\\/\"]}]}<\/script>\n<!-- \/ Yoast SEO plugin. -->","yoast_head_json":{"title":"Z\u0142\u0105cza specjalne SubConn - ESCORT TECHNOLOGY","robots":{"index":"index","follow":"follow","max-snippet":"max-snippet:-1","max-image-preview":"max-image-preview:large","max-video-preview":"max-video-preview:-1"},"canonical":"https:\/\/escort-technology.com\/pl\/zlacza-specjalne-subconn\/","og_locale":"pl_PL","og_type":"article","og_title":"Z\u0142\u0105cza specjalne SubConn - ESCORT TECHNOLOGY","og_description":"Z\u0142\u0105cza specjalne SubConn Firma SubConn Inc. posiada bogate do\u015bwiadczenie i wiedz\u0119 specjalistyczn\u0105 w zakresie dostarczania specjalnych rozwi\u0105za\u0144 z\u0142\u0105czy dla szerokiej gamy specyficznych aplikacji klient\u00f3w, pocz\u0105wszy od sprz\u0119tu do czyszczenia basen\u00f3w, poprzez czujniki oceanograficzne, a\u017c po zaawansowane systemy morskie. Wszystkie z\u0142\u0105cza SubConn\u00ae Specials oparte s\u0105 na sprawdzonej konstrukcji styk\u00f3w SubConn\u00ae i skutecznie rozwi\u0105zuj\u0105 prawie ka\u017cde podwodne [&hellip;]","og_url":"https:\/\/escort-technology.com\/pl\/zlacza-specjalne-subconn\/","og_site_name":"ESCORT TECHNOLOGY","article_publisher":"https:\/\/www.facebook.com\/elektronika.morska\/","article_modified_time":"2020-05-28T10:50:14+00:00","og_image":[{"url":"wp-content\/uploads\/pro0036-1.jpg","type":"","width":"","height":""}],"twitter_card":"summary_large_image","twitter_misc":{"Szacowany czas czytania":"2 minuty"},"schema":{"@context":"https:\/\/schema.org","@graph":[{"@type":"WebPage","@id":"https:\/\/escort-technology.com\/pl\/zlacza-specjalne-subconn\/","url":"https:\/\/escort-technology.com\/pl\/zlacza-specjalne-subconn\/","name":"Z\u0142\u0105cza specjalne SubConn - ESCORT TECHNOLOGY","isPartOf":{"@id":"http:\/\/escort-technology.com\/de\/#website"},"datePublished":"2020-05-28T10:39:21+00:00","dateModified":"2020-05-28T10:50:14+00:00","breadcrumb":{"@id":"https:\/\/escort-technology.com\/pl\/zlacza-specjalne-subconn\/#breadcrumb"},"inLanguage":"pl-PL","potentialAction":[{"@type":"ReadAction","target":["https:\/\/escort-technology.com\/pl\/zlacza-specjalne-subconn\/"]}]},{"@type":"BreadcrumbList","@id":"https:\/\/escort-technology.com\/pl\/zlacza-specjalne-subconn\/#breadcrumb","itemListElement":[{"@type":"ListItem","position":1,"name":"Strona g\u0142\u00f3wna","item":"https:\/\/escort-technology.com\/"},{"@type":"ListItem","position":2,"name":"Z\u0142\u0105cza specjalne SubConn"}]},{"@type":"WebSite","@id":"http:\/\/escort-technology.com\/de\/#website","url":"http:\/\/escort-technology.com\/de\/","name":"ESCORT TECHNOLOGY","description":"Elektronika morska i l\u0105dowa","publisher":{"@id":"http:\/\/escort-technology.com\/de\/#organization"},"potentialAction":[{"@type":"SearchAction","target":{"@type":"EntryPoint","urlTemplate":"http:\/\/escort-technology.com\/de\/?s={search_term_string}"},"query-input":{"@type":"PropertyValueSpecification","valueRequired":true,"valueName":"search_term_string"}}],"inLanguage":"pl-PL"},{"@type":"Organization","@id":"http:\/\/escort-technology.com\/de\/#organization","name":"ESCORT TECHNOLOGY","url":"http:\/\/escort-technology.com\/de\/","logo":{"@type":"ImageObject","inLanguage":"pl-PL","@id":"http:\/\/escort-technology.com\/de\/#\/schema\/logo\/image\/","url":"https:\/\/escort-technology.com\/wp-content\/uploads\/logo-1.jpg","contentUrl":"https:\/\/escort-technology.com\/wp-content\/uploads\/logo-1.jpg","width":600,"height":165,"caption":"ESCORT TECHNOLOGY"},"image":{"@id":"http:\/\/escort-technology.com\/de\/#\/schema\/logo\/image\/"},"sameAs":["https:\/\/www.facebook.com\/elektronika.morska\/","https:\/\/www.linkedin.com\/company\/escort-sp-z-o-o-\/"]}]}},"_links":{"self":[{"href":"https:\/\/escort-technology.com\/pl\/wp-json\/wp\/v2\/pages\/6044","targetHints":{"allow":["GET"]}}],"collection":[{"href":"https:\/\/escort-technology.com\/pl\/wp-json\/wp\/v2\/pages"}],"about":[{"href":"https:\/\/escort-technology.com\/pl\/wp-json\/wp\/v2\/types\/page"}],"author":[{"embeddable":true,"href":"https:\/\/escort-technology.com\/pl\/wp-json\/wp\/v2\/users\/10"}],"replies":[{"embeddable":true,"href":"https:\/\/escort-technology.com\/pl\/wp-json\/wp\/v2\/comments?post=6044"}],"version-history":[{"count":10,"href":"https:\/\/escort-technology.com\/pl\/wp-json\/wp\/v2\/pages\/6044\/revisions"}],"predecessor-version":[{"id":6074,"href":"https:\/\/escort-technology.com\/pl\/wp-json\/wp\/v2\/pages\/6044\/revisions\/6074"}],"wp:attachment":[{"href":"https:\/\/escort-technology.com\/pl\/wp-json\/wp\/v2\/media?parent=6044"}],"curies":[{"name":"wp","href":"https:\/\/api.w.org\/{rel}","templated":true}]}}