{"id":6144,"date":"2020-06-02T08:54:33","date_gmt":"2020-06-02T06:54:33","guid":{"rendered":"https:\/\/escort-technology.com\/?page_id=6144"},"modified":"2020-06-02T11:49:36","modified_gmt":"2020-06-02T09:49:36","slug":"obudowy-do-akumulatorow","status":"publish","type":"page","link":"https:\/\/escort-technology.com\/pl\/obudowy-do-akumulatorow\/","title":{"rendered":"Obudowy do akumulator\u00f3w"},"content":{"rendered":"<h1>Obudowy do akumulator\u00f3w na zam\u00f3wienie<\/h1>\n<hr>\n<p><img decoding=\"async\" src=\"wp-content\/uploads\/obudowa--scaled.jpg\" alt=\"\"><\/p>\n<div>\n<p>\u00a0<\/p>\n<p>\u00a0<\/p>\n<p>\u00a0<\/p>\n<p>Przedstawiamy nowo\u015b\u0107 w naszej ofercie:<\/p>\n<p>Obudowy do akumulator\u00f3w, kt\u00f3re s\u0105 wykonywane na \u017cyczenie klienta, zgodnie z jego wymaganiami.<\/p>\n<p>Pomagamy dobra\u0107 odpowiedni wymiar skrzyni oraz dostosowujemy je do potrzeb klienta. Skrzynia umo\u017cliwia zamontowanie do 4 akumulator\u00f3w w jednej obudowie.<\/p>\n<p>Pojemniki s\u0105 wykonywane z w\u0142\u00f3kna szklanego, posiadaj\u0105 wieko zamykane na kandahar.<\/p>\n<p>Przyk\u0142adowe wymiary skrzyni to 580x 510 x 300 cm.<\/p>\n<p>Zapraszamy do kontaktu w celu indywidualnej wyceny.<\/p>\n<\/div>\n<p><img decoding=\"async\" src=\"wp-content\/uploads\/20200602_081816-scaled.jpg\" alt=\"\"><br \/>\n<img decoding=\"async\" src=\"wp-content\/uploads\/20200602_081803-scaled.jpg\" alt=\"\"><\/p>\n<p><!-- {\"type\":\"layout\",\"children\":[{\"type\":\"section\",\"props\":{\"style\":\"default\",\"width\":\"default\",\"vertical_align\":\"middle\",\"title_position\":\"top-left\",\"title_rotation\":\"left\",\"title_breakpoint\":\"xl\",\"image_position\":\"center-center\",\"text_color\":\"\",\"width_expand\":\"\",\"height\":\"\",\"padding\":\"\",\"header_transparent\":\"\",\"animation\":\"\",\"image_effect\":\"\"},\"children\":[{\"type\":\"row\",\"props\":{\"layout\":\"1-1\",\"breakpoint\":\"m\",\"fixed_width\":\"large\",\"gutter\":\"\",\"width\":\"\",\"width_expand\":\"\",\"height\":\"\",\"margin\":\"\"},\"children\":[{\"type\":\"column\",\"props\":{\"widths\":[\"1-1\"],\"image_position\":\"center-center\",\"media_overlay_gradient\":\"\",\"vertical_align\":\"\",\"style\":\"\",\"text_color\":\"\",\"padding\":\"\"},\"children\":[{\"type\":\"headline\",\"props\":{\"title_element\":\"h1\",\"title_style\":\"\",\"title_decoration\":\"\",\"title_color\":\"\",\"text_align\":\"\",\"text_align_breakpoint\":\"\",\"text_align_fallback\":\"\",\"maxwidth\":\"\",\"maxwidth_align\":\"\",\"maxwidth_breakpoint\":\"\",\"margin\":\"\",\"animation\":\"\",\"visibility\":\"\",\"content\":\"Obudowy do akumulator\\u00f3w na zam\\u00f3wienie\"}},{\"type\":\"divider\",\"props\":{\"divider_element\":\"hr\",\"divider_style\":\"\",\"divider_align\":\"\",\"divider_align_breakpoint\":\"\",\"divider_align_fallback\":\"\",\"maxwidth\":\"\",\"maxwidth_align\":\"\",\"maxwidth_breakpoint\":\"\",\"margin\":\"\",\"animation\":\"\",\"visibility\":\"\"}}]}]}]},{\"type\":\"section\",\"props\":{\"style\":\"default\",\"width\":\"default\",\"vertical_align\":\"middle\",\"title_position\":\"top-left\",\"title_rotation\":\"left\",\"title_breakpoint\":\"xl\",\"image_position\":\"center-center\",\"text_color\":\"\",\"width_expand\":\"\",\"height\":\"\",\"padding\":\"\",\"header_transparent\":\"\",\"animation\":\"\",\"image_effect\":\"\"},\"children\":[{\"type\":\"row\",\"props\":{\"layout\":\",\",\"breakpoint\":\"m\",\"fixed_width\":\"large\",\"gutter\":\"\",\"width\":\"\",\"width_expand\":\"\",\"height\":\"\",\"margin\":\"\"},\"children\":[{\"type\":\"column\",\"props\":{\"widths\":[\"\"],\"image_position\":\"center-center\",\"media_overlay_gradient\":\"\",\"vertical_align\":\"\",\"style\":\"\",\"text_color\":\"\",\"padding\":\"\"},\"children\":[{\"type\":\"image\",\"props\":{\"margin\":\"default\",\"link_target\":\"\",\"image_border\":\"\",\"image_box_shadow\":\"\",\"image_hover_box_shadow\":\"\",\"image_box_decoration\":\"\",\"text_align\":\"\",\"text_align_breakpoint\":\"\",\"text_align_fallback\":\"\",\"maxwidth\":\"\",\"maxwidth_align\":\"\",\"maxwidth_breakpoint\":\"\",\"animation\":\"\",\"visibility\":\"\",\"image\":\"wp-content\\\/uploads\\\/obudowa--scaled.jpg\",\"image_width\":\"500\"}}]},{\"type\":\"column\",\"props\":{\"widths\":[\"\"],\"image_position\":\"center-center\",\"media_overlay_gradient\":\"\",\"vertical_align\":\"\",\"style\":\"\",\"text_color\":\"\",\"padding\":\"\"},\"children\":[{\"type\":\"text\",\"props\":{\"margin\":\"default\",\"column_breakpoint\":\"m\",\"text_style\":\"\",\"text_color\":\"\",\"text_size\":\"\",\"column\":\"\",\"text_align\":\"\",\"text_align_breakpoint\":\"\",\"text_align_fallback\":\"\",\"maxwidth\":\"\",\"maxwidth_align\":\"\",\"maxwidth_breakpoint\":\"\",\"animation\":\"\",\"visibility\":\"\",\"content\":\"\n\n<p>\\u00a0<\\\/p>\\n\n\n<p>\\u00a0<\\\/p>\\n\n\n<p>\\u00a0<\\\/p>\\n\n\n<p>Przedstawiamy nowo\\u015b\\u0107 w naszej ofercie:<\\\/p>\\n\n\n<p>Obudowy do akumulator\\u00f3w, kt\\u00f3re s\\u0105 wykonywane na \\u017cyczenie klienta, zgodnie z jego wymaganiami.<\\\/p>\\n\n\n<p>Pomagamy dobra\\u0107 odpowiedni wymiar skrzyni oraz dostosowujemy je do potrzeb klienta. Skrzynia umo\\u017cliwia zamontowanie do 4 akumulator\\u00f3w w jednej obudowie.<\\\/p>\\n\n\n<p>Pojemniki s\\u0105 wykonywane z w\\u0142\\u00f3kna szklanego, posiadaj\\u0105 wieko zamykane na kandahar.<\\\/p>\\n\n\n<p>Przyk\\u0142adowe wymiary skrzyni to 580x 510 x 300 cm.<\\\/p>\\n\n\n<p>Zapraszamy do kontaktu w celu indywidualnej wyceny.<\\\/p>\"}}]}]}]},{\"type\":\"section\",\"props\":{\"style\":\"default\",\"width\":\"default\",\"vertical_align\":\"middle\",\"title_position\":\"top-left\",\"title_rotation\":\"left\",\"title_breakpoint\":\"xl\",\"image_position\":\"center-center\",\"text_color\":\"\",\"width_expand\":\"\",\"height\":\"\",\"padding\":\"\",\"header_transparent\":\"\",\"animation\":\"\"},\"children\":[{\"type\":\"row\",\"props\":{\"layout\":\",\",\"breakpoint\":\"m\",\"fixed_width\":\"large\",\"gutter\":\"\",\"width\":\"\",\"width_expand\":\"\",\"height\":\"\",\"margin\":\"\"},\"children\":[{\"type\":\"column\",\"props\":{\"widths\":[\"\"],\"image_position\":\"center-center\",\"media_overlay_gradient\":\"\",\"vertical_align\":\"\",\"style\":\"\",\"text_color\":\"\",\"padding\":\"\"},\"children\":[{\"type\":\"image\",\"props\":{\"margin\":\"default\",\"link_target\":\"\",\"image_border\":\"\",\"image_box_shadow\":\"\",\"image_hover_box_shadow\":\"\",\"image_box_decoration\":\"\",\"text_align\":\"\",\"text_align_breakpoint\":\"\",\"text_align_fallback\":\"\",\"maxwidth\":\"\",\"maxwidth_align\":\"\",\"maxwidth_breakpoint\":\"\",\"animation\":\"\",\"visibility\":\"\",\"image\":\"wp-content\\\/uploads\\\/20200602_081816-scaled.jpg\",\"image_width\":\"\"}}]},{\"type\":\"column\",\"props\":{\"widths\":[\"\"],\"image_position\":\"center-center\",\"media_overlay_gradient\":\"\",\"vertical_align\":\"\",\"style\":\"\",\"text_color\":\"\",\"padding\":\"\"},\"children\":[{\"type\":\"image\",\"props\":{\"margin\":\"default\",\"link_target\":\"\",\"image_border\":\"\",\"image_box_shadow\":\"\",\"image_hover_box_shadow\":\"\",\"image_box_decoration\":\"\",\"text_align\":\"\",\"text_align_breakpoint\":\"\",\"text_align_fallback\":\"\",\"maxwidth\":\"\",\"maxwidth_align\":\"\",\"maxwidth_breakpoint\":\"\",\"animation\":\"\",\"visibility\":\"\",\"image\":\"wp-content\\\/uploads\\\/20200602_081803-scaled.jpg\",\"margin_remove_top\":false,\"margin_remove_bottom\":false,\"image_width\":\"550\"}}]}]}]}],\"props\":[],\"version\":\"1.18.0\"} --><\/p>\n","protected":false},"excerpt":{"rendered":"<p>Obudowy do akumulator\u00f3w na zam\u00f3wienie \u00a0 \u00a0 \u00a0 Przedstawiamy nowo\u015b\u0107 w naszej ofercie: Obudowy do akumulator\u00f3w, kt\u00f3re s\u0105 wykonywane na \u017cyczenie klienta, zgodnie z jego wymaganiami. Pomagamy dobra\u0107 odpowiedni wymiar skrzyni oraz dostosowujemy je do potrzeb klienta. Skrzynia umo\u017cliwia zamontowanie do 4 akumulator\u00f3w w jednej obudowie. Pojemniki s\u0105 wykonywane z w\u0142\u00f3kna szklanego, posiadaj\u0105 wieko zamykane [&hellip;]<\/p>\n","protected":false},"author":10,"featured_media":0,"parent":0,"menu_order":0,"comment_status":"closed","ping_status":"closed","template":"","meta":{"footnotes":""},"class_list":["post-6144","page","type-page","status-publish","hentry"],"yoast_head":"<!-- This site is optimized with the Yoast SEO plugin v27.6 - https:\/\/yoast.com\/product\/yoast-seo-wordpress\/ -->\n<title>Obudowy do akumulator\u00f3w - ESCORT TECHNOLOGY<\/title>\n<meta name=\"robots\" content=\"index, follow, max-snippet:-1, max-image-preview:large, max-video-preview:-1\" \/>\n<link rel=\"canonical\" href=\"https:\/\/escort-technology.com\/pl\/obudowy-do-akumulatorow\/\" \/>\n<meta property=\"og:locale\" content=\"pl_PL\" \/>\n<meta property=\"og:type\" content=\"article\" \/>\n<meta property=\"og:title\" content=\"Obudowy do akumulator\u00f3w - ESCORT TECHNOLOGY\" \/>\n<meta property=\"og:description\" content=\"Obudowy do akumulator\u00f3w na zam\u00f3wienie \u00a0 \u00a0 \u00a0 Przedstawiamy nowo\u015b\u0107 w naszej ofercie: Obudowy do akumulator\u00f3w, kt\u00f3re s\u0105 wykonywane na \u017cyczenie klienta, zgodnie z jego wymaganiami. Pomagamy dobra\u0107 odpowiedni wymiar skrzyni oraz dostosowujemy je do potrzeb klienta. Skrzynia umo\u017cliwia zamontowanie do 4 akumulator\u00f3w w jednej obudowie. Pojemniki s\u0105 wykonywane z w\u0142\u00f3kna szklanego, posiadaj\u0105 wieko zamykane [&hellip;]\" \/>\n<meta property=\"og:url\" content=\"https:\/\/escort-technology.com\/pl\/obudowy-do-akumulatorow\/\" \/>\n<meta property=\"og:site_name\" content=\"ESCORT TECHNOLOGY\" \/>\n<meta property=\"article:publisher\" content=\"https:\/\/www.facebook.com\/elektronika.morska\/\" \/>\n<meta property=\"article:modified_time\" content=\"2020-06-02T09:49:36+00:00\" \/>\n<meta property=\"og:image\" content=\"http:\/\/wp-content\/uploads\/obudowa--scaled.jpg\" \/>\n<meta name=\"twitter:card\" content=\"summary_large_image\" \/>\n<script type=\"application\/ld+json\" class=\"yoast-schema-graph\">{\"@context\":\"https:\\\/\\\/schema.org\",\"@graph\":[{\"@type\":\"WebPage\",\"@id\":\"https:\\\/\\\/escort-technology.com\\\/en\\\/obudowy-do-akumulatorow\\\/\",\"url\":\"https:\\\/\\\/escort-technology.com\\\/en\\\/obudowy-do-akumulatorow\\\/\",\"name\":\"Obudowy do akumulator\u00f3w - ESCORT TECHNOLOGY\",\"isPartOf\":{\"@id\":\"http:\\\/\\\/escort-technology.com\\\/de\\\/#website\"},\"datePublished\":\"2020-06-02T06:54:33+00:00\",\"dateModified\":\"2020-06-02T09:49:36+00:00\",\"breadcrumb\":{\"@id\":\"https:\\\/\\\/escort-technology.com\\\/en\\\/obudowy-do-akumulatorow\\\/#breadcrumb\"},\"inLanguage\":\"pl-PL\",\"potentialAction\":[{\"@type\":\"ReadAction\",\"target\":[\"https:\\\/\\\/escort-technology.com\\\/en\\\/obudowy-do-akumulatorow\\\/\"]}]},{\"@type\":\"BreadcrumbList\",\"@id\":\"https:\\\/\\\/escort-technology.com\\\/en\\\/obudowy-do-akumulatorow\\\/#breadcrumb\",\"itemListElement\":[{\"@type\":\"ListItem\",\"position\":1,\"name\":\"Strona g\u0142\u00f3wna\",\"item\":\"https:\\\/\\\/escort-technology.com\\\/\"},{\"@type\":\"ListItem\",\"position\":2,\"name\":\"Obudowy do akumulator\u00f3w\"}]},{\"@type\":\"WebSite\",\"@id\":\"http:\\\/\\\/escort-technology.com\\\/de\\\/#website\",\"url\":\"http:\\\/\\\/escort-technology.com\\\/de\\\/\",\"name\":\"ESCORT TECHNOLOGY\",\"description\":\"Elektronika morska i l\u0105dowa\",\"publisher\":{\"@id\":\"http:\\\/\\\/escort-technology.com\\\/de\\\/#organization\"},\"potentialAction\":[{\"@type\":\"SearchAction\",\"target\":{\"@type\":\"EntryPoint\",\"urlTemplate\":\"http:\\\/\\\/escort-technology.com\\\/de\\\/?s={search_term_string}\"},\"query-input\":{\"@type\":\"PropertyValueSpecification\",\"valueRequired\":true,\"valueName\":\"search_term_string\"}}],\"inLanguage\":\"pl-PL\"},{\"@type\":\"Organization\",\"@id\":\"http:\\\/\\\/escort-technology.com\\\/de\\\/#organization\",\"name\":\"ESCORT TECHNOLOGY\",\"url\":\"http:\\\/\\\/escort-technology.com\\\/de\\\/\",\"logo\":{\"@type\":\"ImageObject\",\"inLanguage\":\"pl-PL\",\"@id\":\"http:\\\/\\\/escort-technology.com\\\/de\\\/#\\\/schema\\\/logo\\\/image\\\/\",\"url\":\"https:\\\/\\\/escort-technology.com\\\/wp-content\\\/uploads\\\/logo-1.jpg\",\"contentUrl\":\"https:\\\/\\\/escort-technology.com\\\/wp-content\\\/uploads\\\/logo-1.jpg\",\"width\":600,\"height\":165,\"caption\":\"ESCORT TECHNOLOGY\"},\"image\":{\"@id\":\"http:\\\/\\\/escort-technology.com\\\/de\\\/#\\\/schema\\\/logo\\\/image\\\/\"},\"sameAs\":[\"https:\\\/\\\/www.facebook.com\\\/elektronika.morska\\\/\",\"https:\\\/\\\/www.linkedin.com\\\/company\\\/escort-sp-z-o-o-\\\/\"]}]}<\/script>\n<!-- \/ Yoast SEO plugin. -->","yoast_head_json":{"title":"Obudowy do akumulator\u00f3w - ESCORT TECHNOLOGY","robots":{"index":"index","follow":"follow","max-snippet":"max-snippet:-1","max-image-preview":"max-image-preview:large","max-video-preview":"max-video-preview:-1"},"canonical":"https:\/\/escort-technology.com\/pl\/obudowy-do-akumulatorow\/","og_locale":"pl_PL","og_type":"article","og_title":"Obudowy do akumulator\u00f3w - ESCORT TECHNOLOGY","og_description":"Obudowy do akumulator\u00f3w na zam\u00f3wienie \u00a0 \u00a0 \u00a0 Przedstawiamy nowo\u015b\u0107 w naszej ofercie: Obudowy do akumulator\u00f3w, kt\u00f3re s\u0105 wykonywane na \u017cyczenie klienta, zgodnie z jego wymaganiami. Pomagamy dobra\u0107 odpowiedni wymiar skrzyni oraz dostosowujemy je do potrzeb klienta. Skrzynia umo\u017cliwia zamontowanie do 4 akumulator\u00f3w w jednej obudowie. Pojemniki s\u0105 wykonywane z w\u0142\u00f3kna szklanego, posiadaj\u0105 wieko zamykane [&hellip;]","og_url":"https:\/\/escort-technology.com\/pl\/obudowy-do-akumulatorow\/","og_site_name":"ESCORT TECHNOLOGY","article_publisher":"https:\/\/www.facebook.com\/elektronika.morska\/","article_modified_time":"2020-06-02T09:49:36+00:00","og_image":[{"url":"wp-content\/uploads\/obudowa--scaled.jpg","type":"","width":"","height":""}],"twitter_card":"summary_large_image","schema":{"@context":"https:\/\/schema.org","@graph":[{"@type":"WebPage","@id":"https:\/\/escort-technology.com\/en\/obudowy-do-akumulatorow\/","url":"https:\/\/escort-technology.com\/en\/obudowy-do-akumulatorow\/","name":"Obudowy do akumulator\u00f3w - ESCORT TECHNOLOGY","isPartOf":{"@id":"http:\/\/escort-technology.com\/de\/#website"},"datePublished":"2020-06-02T06:54:33+00:00","dateModified":"2020-06-02T09:49:36+00:00","breadcrumb":{"@id":"https:\/\/escort-technology.com\/en\/obudowy-do-akumulatorow\/#breadcrumb"},"inLanguage":"pl-PL","potentialAction":[{"@type":"ReadAction","target":["https:\/\/escort-technology.com\/en\/obudowy-do-akumulatorow\/"]}]},{"@type":"BreadcrumbList","@id":"https:\/\/escort-technology.com\/en\/obudowy-do-akumulatorow\/#breadcrumb","itemListElement":[{"@type":"ListItem","position":1,"name":"Strona g\u0142\u00f3wna","item":"https:\/\/escort-technology.com\/"},{"@type":"ListItem","position":2,"name":"Obudowy do akumulator\u00f3w"}]},{"@type":"WebSite","@id":"http:\/\/escort-technology.com\/de\/#website","url":"http:\/\/escort-technology.com\/de\/","name":"ESCORT TECHNOLOGY","description":"Elektronika morska i l\u0105dowa","publisher":{"@id":"http:\/\/escort-technology.com\/de\/#organization"},"potentialAction":[{"@type":"SearchAction","target":{"@type":"EntryPoint","urlTemplate":"http:\/\/escort-technology.com\/de\/?s={search_term_string}"},"query-input":{"@type":"PropertyValueSpecification","valueRequired":true,"valueName":"search_term_string"}}],"inLanguage":"pl-PL"},{"@type":"Organization","@id":"http:\/\/escort-technology.com\/de\/#organization","name":"ESCORT TECHNOLOGY","url":"http:\/\/escort-technology.com\/de\/","logo":{"@type":"ImageObject","inLanguage":"pl-PL","@id":"http:\/\/escort-technology.com\/de\/#\/schema\/logo\/image\/","url":"https:\/\/escort-technology.com\/wp-content\/uploads\/logo-1.jpg","contentUrl":"https:\/\/escort-technology.com\/wp-content\/uploads\/logo-1.jpg","width":600,"height":165,"caption":"ESCORT TECHNOLOGY"},"image":{"@id":"http:\/\/escort-technology.com\/de\/#\/schema\/logo\/image\/"},"sameAs":["https:\/\/www.facebook.com\/elektronika.morska\/","https:\/\/www.linkedin.com\/company\/escort-sp-z-o-o-\/"]}]}},"_links":{"self":[{"href":"https:\/\/escort-technology.com\/pl\/wp-json\/wp\/v2\/pages\/6144","targetHints":{"allow":["GET"]}}],"collection":[{"href":"https:\/\/escort-technology.com\/pl\/wp-json\/wp\/v2\/pages"}],"about":[{"href":"https:\/\/escort-technology.com\/pl\/wp-json\/wp\/v2\/types\/page"}],"author":[{"embeddable":true,"href":"https:\/\/escort-technology.com\/pl\/wp-json\/wp\/v2\/users\/10"}],"replies":[{"embeddable":true,"href":"https:\/\/escort-technology.com\/pl\/wp-json\/wp\/v2\/comments?post=6144"}],"version-history":[{"count":3,"href":"https:\/\/escort-technology.com\/pl\/wp-json\/wp\/v2\/pages\/6144\/revisions"}],"predecessor-version":[{"id":6154,"href":"https:\/\/escort-technology.com\/pl\/wp-json\/wp\/v2\/pages\/6144\/revisions\/6154"}],"wp:attachment":[{"href":"https:\/\/escort-technology.com\/pl\/wp-json\/wp\/v2\/media?parent=6144"}],"curies":[{"name":"wp","href":"https:\/\/api.w.org\/{rel}","templated":true}]}}