{"id":6286,"date":"2020-06-24T10:49:32","date_gmt":"2020-06-24T08:49:32","guid":{"rendered":"https:\/\/escort-technology.com\/?page_id=6286"},"modified":"2024-04-08T13:04:10","modified_gmt":"2024-04-08T11:04:10","slug":"odbiornik-rtk-trimble-sps461","status":"publish","type":"page","link":"https:\/\/escort-technology.com\/pl\/odbiornik-rtk-trimble-sps461\/","title":{"rendered":"Odbiornik RTK Trimble SPS461"},"content":{"rendered":"<h1>Odbiornik GPS Trimble SPS461<\/h1>\n<hr>\n<div>\n<h3>Model wycofany ze sprzeda\u017cy.<\/h3>\n<h3>Stale s\u0105 dost\u0119pne opcje oprogramowania do zakupu.<\/h3>\n<\/div>\n<p><img decoding=\"async\" src=\"\/wp-content\/uploads\/pobrane-4.jpg\" alt=\"\"><\/p>\n<div>\n<p>\u00a0<\/p>\n<p><strong>Funkcje SPS461<\/strong><br \/>Odbiornik posiada nast\u0119puj\u0105ce funkcje:<\/p>\n<ul>\n<li>Elastyczny, modu\u0142owy odbiornik GPS , kt\u00f3ry zapewnia precyzyjn\u0105 dok\u0142adno\u015b\u0107 pozycjonowania\u00a0 do zastosowa\u0144 morskich i OEM.<\/li>\n<li>Interfejs Ethernet i przegl\u0105darka, zapewnia zdalny dost\u0119p przez Internet lub za pomoc\u0105 kabla do danych i konfiguracji.<\/li>\n<li>Korzystanie z poprawek RTCM DGPS przez \u0142\u0105cze radiowe z lokalnej stacji referencyjnej lub przez \u0142\u0105cze kom\u00f3rkowe z internetowej stacji referencyjnej.<\/li>\n<li>Zintegrowana bezprzewodowa technologia Bluetooth do bezkablowej konfiguracji i pracy z komputerem lub telefonem kom\u00f3rkowym.<\/li>\n<li>72-kana\u0142owy L1 C\/A Kod, L1\/L2 Odbiornik GPS.<\/li>\n<li>Mo\u017cliwo\u015bci\u00a0 obs\u0142ugi OmniSTAR VBS<\/li>\n<li>4-kana\u0142owy WAAS (Wide Area Augmentation System), EGNOS (European Geo-Stationary Navigation System) oraz MSAS Satellite Base Augmentation (SBAS).<\/li>\n<li>Konfiguracja i monitorowanie interfejsu za pomoc\u0105 nast\u0119puj\u0105cych metod:<br \/>\u00a0\u00a0\u00a0 Interfejs internetowy<br \/>\u00a0\u00a0\u00a0 Sie\u0107\u00a0 lub peer-to-peer Ethernet<br \/>\u00a0\u00a0\u00a0 Zintegrowany wy\u015bwietlacz i klawiatura<\/li>\n<li>Kompaktowa konstrukcja<\/li>\n<li>\u0141atwy w u\u017cyciu menu do szybkiej konfiguracji i sprawdzania statusu<\/li>\n<li>Wytrzyma\u0142a, odporna na warunki atmosferyczne konstrukcja o klasie \u015brodowiskowej IP67<br \/>-40 \u00b0C do +65 \u00b0C (-40 \u00b0F do +149 \u00b0F) zakres temperatur roboczych<\/li>\n<li>11 V DC do 28 V DC zakres mocy wej\u015bciowej, z zabezpieczeniem nadnapi\u0119ciowym<\/li>\n<li>Zasilanie przez sie\u0107 Ethernet (PoE)<\/li>\n<li>Mo\u017cliwo\u015b\u0107 pracy rover ze stacj\u0105 referencyjn\u0105 opart\u0105 na Internecie<\/li>\n<li>Zgodno\u015b\u0107 z dyrektyw\u0105 RoHS<br \/>1 wyj\u015bcie impulsowe na sekund\u0119 (1PPS) (wymagany kabel P\/N 60789-00)<\/li>\n<\/ul>\n<p><strong>Funkcje opcjonalne odbiornika SPS461<\/strong><br \/>SPS461 jest dost\u0119pny w nast\u0119puj\u0105cych konfiguracjach sprz\u0119towych:<\/p>\n<ul>\n<li>Zintegrowany dwukana\u0142owy odbiornik MSK Beacon<\/li>\n<li>Wewn\u0119trzne radio odbiorcze 450 MHz (pasmo 410 MHz do 470 MHz) z wbudowanym dwukana\u0142owym odbiornikiem MSK Beacon<\/li>\n<li>Wewn\u0119trzne radio odbieraj\u0105ce tylko 900 MHz<\/li>\n<\/ul>\n<p><strong>Dla odbiornika SPS461 dost\u0119pne s\u0105 nast\u0119puj\u0105ce opcje i aktualizacje:<\/strong><\/p>\n<ul>\n<li>Lokalizacja RTK (obejmuje obs\u0142ug\u0119 OmniSTAR XP\/HP)<\/li>\n<li>Lokalizacja RTK z Precyzyjnym Pionem (PV)<\/li>\n<li>Precyzyjny RTK<\/li>\n<li>Wyb\u00f3r zewn\u0119trznej anteny GPS do pracy ze stacj\u0105 bazow\u0105 lub rowerem<\/li>\n<li>Zintegrowana lub zewn\u0119trzna antena radiowa do obs\u0142ugi radiowej rowera lub stacji bazowej o du\u017cym zysku<\/li>\n<li>Ma\u0142a, lekka konstrukcja &#8211; 1,65 kg (3,64 funta) odbiornik tylko z bateri\u0105; 4 kg (8,82 funta) kompletna waga systemowa (rower wraz z kontrolerem i dr\u0105\u017ckiem)<\/li>\n<li>Sta\u0142a\/p\u00f3\u0142sta\u0142a i mobilna szybka konfiguracja stacji bazowej<\/li>\n<li>Opcje monta\u017cu plecak\u00f3w, pas\u00f3w, dr\u0105\u017ck\u00f3w, ci\u0119\u017car\u00f3wek i statk\u00f3w morskich do zastosowania z rowerami<\/li>\n<li>Zdolno\u015b\u0107 do wykonywania wszystkich pomiar\u00f3w na miejscu i obserwacji w zasi\u0119gu radiowym lub kom\u00f3rkowym<\/li>\n<li>\u0141atwy w u\u017cyciu system menu do szybkiej konfiguracji i sprawdzania statusu<\/li>\n<li>Technologia AutoBase do szybkiej i zautomatyzowanej, powtarzalnej, codziennej konfiguracji stacji bazowej<\/li>\n<li>Wytrzyma\u0142a, odporna na warunki atmosferyczne konstrukcja o klasie \u015brodowiskowej IP67<\/li>\n<li>-40 \u00b0C do +65 \u00b0C (-40 \u00b0F do +149 \u00b0F) zakres temperatur roboczych<\/li>\n<li>11 V DC do 28 V DC zakres mocy wej\u015bciowej, z zabezpieczeniem nadnapi\u0119ciowym<\/li>\n<li>Zdolno\u015b\u0107 do pracy \u0142azik\u00f3w w sieci VRS<\/li>\n<li>Zgodno\u015b\u0107 z dyrektyw\u0105 RoHS<\/li>\n<li>1 impuls na sekund\u0119 (1PPS) wyj\u015bcie<\/li>\n<\/ul>\n<p><strong>Rover<\/strong><\/p>\n<ul>\n<li>5 Hz, 10 Hz, lub 20 Hz cz\u0119stotliwo\u015b\u0107 aktualizacji pomiar\u00f3w (maksymalnie 20 Hz w trybie kursu)<\/li>\n<li>Mo\u017cliwo\u015b\u0107 pracy odbiornika bez stacji bazowej w sieci VRS<\/li>\n<li>Mo\u017cliwo\u015b\u0107 pracy rowera bez stacji bazowej przy u\u017cyciu us\u0142ug OmniSTAR<\/li>\n<li>Dzia\u0142a jako rower SBAS, gdy zasi\u0119g jest dost\u0119pny.<\/li>\n<\/ul>\n<p>Odbiornik ten jest idealny dla wykonawc\u00f3w, kt\u00f3rzy obs\u0142uguj\u0105 projekty \u015bredniej i du\u017cej wielko\u015bci z kontrol\u0105 maszyn.<\/p>\n<p>\u00a0<\/p>\n<\/div>\n<p>\n    <a href=\"\/wp-content\/uploads\/Spec-Sheet-SPS461-DGPS-GPS-Heading-Receiver.pdf\">BROSZURA<\/a>\n<\/p>\n<p><!--more--><br \/>\n<!-- {\"type\":\"layout\",\"children\":[{\"type\":\"section\",\"props\":{\"image_position\":\"center-center\",\"style\":\"default\",\"title_breakpoint\":\"xl\",\"title_position\":\"top-left\",\"title_rotation\":\"left\",\"vertical_align\":\"middle\",\"width\":\"large\"},\"children\":[{\"type\":\"row\",\"children\":[{\"type\":\"column\",\"props\":{\"image_position\":\"center-center\",\"position_sticky_breakpoint\":\"m\",\"width_medium\":\"1-1\"},\"children\":[{\"type\":\"headline\",\"props\":{\"content\":\"Odbiornik GPS Trimble SPS461\",\"title_element\":\"h1\"}},{\"type\":\"divider\",\"props\":{\"divider_element\":\"hr\"}}]}]},{\"type\":\"row\",\"children\":[{\"type\":\"column\",\"props\":{\"image_position\":\"center-center\",\"position_sticky_breakpoint\":\"m\"},\"children\":[{\"type\":\"text\",\"props\":{\"column_breakpoint\":\"m\",\"content\":\"\n\n<h3>Model wycofany ze sprzeda\\u017cy.<\\\/h3>\\n\n\n<h3>Stale s\\u0105 dost\\u0119pne opcje oprogramowania do zakupu.<\\\/h3>\",\"margin\":\"default\"}}]}]}]},{\"type\":\"section\",\"props\":{\"image_position\":\"center-center\",\"style\":\"default\",\"title_breakpoint\":\"xl\",\"title_position\":\"top-left\",\"title_rotation\":\"left\",\"vertical_align\":\"middle\",\"width\":\"large\"},\"children\":[{\"type\":\"row\",\"children\":[{\"type\":\"column\",\"props\":{\"image_position\":\"center-center\",\"position_sticky_breakpoint\":\"m\",\"width_medium\":\"1-1\"},\"children\":[{\"type\":\"image\",\"props\":{\"image\":\"wp-content\\\/uploads\\\/pobrane-4.jpg\",\"image_svg_color\":\"emphasis\",\"margin\":\"default\",\"text_align\":\"center\"}},{\"type\":\"text\",\"props\":{\"column_breakpoint\":\"m\",\"content\":\"\n\n<p>\\u00a0<\\\/p>\\n\n\n<p><strong>Funkcje SPS461<\\\/strong><br \\\/>Odbiornik posiada nast\\u0119puj\\u0105ce funkcje:<\\\/p>\\n\n\n<ul>\\n\n\n<li>Elastyczny, modu\\u0142owy odbiornik GPS , kt\\u00f3ry zapewnia precyzyjn\\u0105 dok\\u0142adno\\u015b\\u0107 pozycjonowania\\u00a0 do zastosowa\\u0144 morskich i OEM.<\\\/li>\\n\n\n<li>Interfejs Ethernet i przegl\\u0105darka, zapewnia zdalny dost\\u0119p przez Internet lub za pomoc\\u0105 kabla do danych i konfiguracji.<\\\/li>\\n\n\n<li>Korzystanie z poprawek RTCM DGPS przez \\u0142\\u0105cze radiowe z lokalnej stacji referencyjnej lub przez \\u0142\\u0105cze kom\\u00f3rkowe z internetowej stacji referencyjnej.<\\\/li>\\n\n\n<li>Zintegrowana bezprzewodowa technologia Bluetooth do bezkablowej konfiguracji i pracy z komputerem lub telefonem kom\\u00f3rkowym.<\\\/li>\\n\n\n<li>72-kana\\u0142owy L1 C\\\/A Kod, L1\\\/L2 Odbiornik GPS.<\\\/li>\\n\n\n<li>Mo\\u017cliwo\\u015bci\\u00a0 obs\\u0142ugi OmniSTAR VBS<\\\/li>\\n\n\n<li>4-kana\\u0142owy WAAS (Wide Area Augmentation System), EGNOS (European Geo-Stationary Navigation System) oraz MSAS Satellite Base Augmentation (SBAS).<\\\/li>\\n\n\n<li>Konfiguracja i monitorowanie interfejsu za pomoc\\u0105 nast\\u0119puj\\u0105cych metod:<br \\\/>\\u00a0\\u00a0\\u00a0 Interfejs internetowy<br \\\/>\\u00a0\\u00a0\\u00a0 Sie\\u0107\\u00a0 lub peer-to-peer Ethernet<br \\\/>\\u00a0\\u00a0\\u00a0 Zintegrowany wy\\u015bwietlacz i klawiatura<\\\/li>\\n\n\n<li>Kompaktowa konstrukcja<\\\/li>\\n\n\n<li>\\u0141atwy w u\\u017cyciu menu do szybkiej konfiguracji i sprawdzania statusu<\\\/li>\\n\n\n<li>Wytrzyma\\u0142a, odporna na warunki atmosferyczne konstrukcja o klasie \\u015brodowiskowej IP67<br \\\/>-40 \\u00b0C do +65 \\u00b0C (-40 \\u00b0F do +149 \\u00b0F) zakres temperatur roboczych<\\\/li>\\n\n\n<li>11 V DC do 28 V DC zakres mocy wej\\u015bciowej, z zabezpieczeniem nadnapi\\u0119ciowym<\\\/li>\\n\n\n<li>Zasilanie przez sie\\u0107 Ethernet (PoE)<\\\/li>\\n\n\n<li>Mo\\u017cliwo\\u015b\\u0107 pracy rover ze stacj\\u0105 referencyjn\\u0105 opart\\u0105 na Internecie<\\\/li>\\n\n\n<li>Zgodno\\u015b\\u0107 z dyrektyw\\u0105 RoHS<br \\\/>1 wyj\\u015bcie impulsowe na sekund\\u0119 (1PPS) (wymagany kabel P\\\/N 60789-00)<\\\/li>\\n<\\\/ul>\\n\n\n<p><strong>Funkcje opcjonalne odbiornika SPS461<\\\/strong><br \\\/>SPS461 jest dost\\u0119pny w nast\\u0119puj\\u0105cych konfiguracjach sprz\\u0119towych:<\\\/p>\\n\n\n<ul>\\n\n\n<li>Zintegrowany dwukana\\u0142owy odbiornik MSK Beacon<\\\/li>\\n\n\n<li>Wewn\\u0119trzne radio odbiorcze 450 MHz (pasmo 410 MHz do 470 MHz) z wbudowanym dwukana\\u0142owym odbiornikiem MSK Beacon<\\\/li>\\n\n\n<li>Wewn\\u0119trzne radio odbieraj\\u0105ce tylko 900 MHz<\\\/li>\\n<\\\/ul>\\n\n\n<p><strong>Dla odbiornika SPS461 dost\\u0119pne s\\u0105 nast\\u0119puj\\u0105ce opcje i aktualizacje:<\\\/strong><\\\/p>\\n\n\n<ul>\\n\n\n<li>Lokalizacja RTK (obejmuje obs\\u0142ug\\u0119 OmniSTAR XP\\\/HP)<\\\/li>\\n\n\n<li>Lokalizacja RTK z Precyzyjnym Pionem (PV)<\\\/li>\\n\n\n<li>Precyzyjny RTK<\\\/li>\\n\n\n<li>Wyb\\u00f3r zewn\\u0119trznej anteny GPS do pracy ze stacj\\u0105 bazow\\u0105 lub rowerem<\\\/li>\\n\n\n<li>Zintegrowana lub zewn\\u0119trzna antena radiowa do obs\\u0142ugi radiowej rowera lub stacji bazowej o du\\u017cym zysku<\\\/li>\\n\n\n<li>Ma\\u0142a, lekka konstrukcja - 1,65 kg (3,64 funta) odbiornik tylko z bateri\\u0105; 4 kg (8,82 funta) kompletna waga systemowa (rower wraz z kontrolerem i dr\\u0105\\u017ckiem)<\\\/li>\\n\n\n<li>Sta\\u0142a\\\/p\\u00f3\\u0142sta\\u0142a i mobilna szybka konfiguracja stacji bazowej<\\\/li>\\n\n\n<li>Opcje monta\\u017cu plecak\\u00f3w, pas\\u00f3w, dr\\u0105\\u017ck\\u00f3w, ci\\u0119\\u017car\\u00f3wek i statk\\u00f3w morskich do zastosowania z rowerami<\\\/li>\\n\n\n<li>Zdolno\\u015b\\u0107 do wykonywania wszystkich pomiar\\u00f3w na miejscu i obserwacji w zasi\\u0119gu radiowym lub kom\\u00f3rkowym<\\\/li>\\n\n\n<li>\\u0141atwy w u\\u017cyciu system menu do szybkiej konfiguracji i sprawdzania statusu<\\\/li>\\n\n\n<li>Technologia AutoBase do szybkiej i zautomatyzowanej, powtarzalnej, codziennej konfiguracji stacji bazowej<\\\/li>\\n\n\n<li>Wytrzyma\\u0142a, odporna na warunki atmosferyczne konstrukcja o klasie \\u015brodowiskowej IP67<\\\/li>\\n\n\n<li>-40 \\u00b0C do +65 \\u00b0C (-40 \\u00b0F do +149 \\u00b0F) zakres temperatur roboczych<\\\/li>\\n\n\n<li>11 V DC do 28 V DC zakres mocy wej\\u015bciowej, z zabezpieczeniem nadnapi\\u0119ciowym<\\\/li>\\n\n\n<li>Zdolno\\u015b\\u0107 do pracy \\u0142azik\\u00f3w w sieci VRS<\\\/li>\\n\n\n<li>Zgodno\\u015b\\u0107 z dyrektyw\\u0105 RoHS<\\\/li>\\n\n\n<li>1 impuls na sekund\\u0119 (1PPS) wyj\\u015bcie<\\\/li>\\n<\\\/ul>\\n\n\n<p><strong>Rover<\\\/strong><\\\/p>\\n\n\n<ul>\\n\n\n<li>5 Hz, 10 Hz, lub 20 Hz cz\\u0119stotliwo\\u015b\\u0107 aktualizacji pomiar\\u00f3w (maksymalnie 20 Hz w trybie kursu)<\\\/li>\\n\n\n<li>Mo\\u017cliwo\\u015b\\u0107 pracy odbiornika bez stacji bazowej w sieci VRS<\\\/li>\\n\n\n<li>Mo\\u017cliwo\\u015b\\u0107 pracy rowera bez stacji bazowej przy u\\u017cyciu us\\u0142ug OmniSTAR<\\\/li>\\n\n\n<li>Dzia\\u0142a jako rower SBAS, gdy zasi\\u0119g jest dost\\u0119pny.<\\\/li>\\n<\\\/ul>\\n\n\n<p>Odbiornik ten jest idealny dla wykonawc\\u00f3w, kt\\u00f3rzy obs\\u0142uguj\\u0105 projekty \\u015bredniej i du\\u017cej wielko\\u015bci z kontrol\\u0105 maszyn.<\\\/p>\\n\n\n<p>\\u00a0<\\\/p>\",\"margin\":\"default\"}},{\"type\":\"button\",\"props\":{\"grid_column_gap\":\"small\",\"grid_row_gap\":\"small\",\"margin\":\"default\",\"text_align\":\"center\"},\"children\":[{\"type\":\"button_item\",\"props\":{\"button_style\":\"default\",\"content\":\"BROSZURA\",\"icon_align\":\"left\",\"link\":\"wp-content\\\/uploads\\\/Spec-Sheet-SPS461-DGPS-GPS-Heading-Receiver.pdf\"}}]}]}]}]}],\"version\":\"4.0.13\"} --><\/p>\n","protected":false},"excerpt":{"rendered":"<p>Odbiornik GPS Trimble SPS461 Model wycofany ze sprzeda\u017cy. Stale s\u0105 dost\u0119pne opcje oprogramowania do zakupu. \u00a0 Funkcje SPS461Odbiornik posiada nast\u0119puj\u0105ce funkcje: Elastyczny, modu\u0142owy odbiornik GPS , kt\u00f3ry zapewnia precyzyjn\u0105 dok\u0142adno\u015b\u0107 pozycjonowania\u00a0 do zastosowa\u0144 morskich i OEM. Interfejs Ethernet i przegl\u0105darka, zapewnia zdalny dost\u0119p przez Internet lub za pomoc\u0105 kabla do danych i konfiguracji. Korzystanie z [&hellip;]<\/p>\n","protected":false},"author":10,"featured_media":0,"parent":0,"menu_order":0,"comment_status":"closed","ping_status":"closed","template":"","meta":{"footnotes":""},"class_list":["post-6286","page","type-page","status-publish","hentry"],"yoast_head":"<!-- This site is optimized with the Yoast SEO plugin v27.6 - https:\/\/yoast.com\/product\/yoast-seo-wordpress\/ -->\n<title>Odbiornik RTK Trimble SPS461 - ESCORT TECHNOLOGY<\/title>\n<meta name=\"robots\" content=\"index, follow, max-snippet:-1, max-image-preview:large, max-video-preview:-1\" \/>\n<link rel=\"canonical\" href=\"https:\/\/escort-technology.com\/pl\/odbiornik-rtk-trimble-sps461\/\" \/>\n<meta property=\"og:locale\" content=\"pl_PL\" \/>\n<meta property=\"og:type\" content=\"article\" \/>\n<meta property=\"og:title\" content=\"Odbiornik RTK Trimble SPS461 - ESCORT TECHNOLOGY\" \/>\n<meta property=\"og:description\" content=\"Odbiornik GPS Trimble SPS461 Model wycofany ze sprzeda\u017cy. Stale s\u0105 dost\u0119pne opcje oprogramowania do zakupu. \u00a0 Funkcje SPS461Odbiornik posiada nast\u0119puj\u0105ce funkcje: Elastyczny, modu\u0142owy odbiornik GPS , kt\u00f3ry zapewnia precyzyjn\u0105 dok\u0142adno\u015b\u0107 pozycjonowania\u00a0 do zastosowa\u0144 morskich i OEM. Interfejs Ethernet i przegl\u0105darka, zapewnia zdalny dost\u0119p przez Internet lub za pomoc\u0105 kabla do danych i konfiguracji. Korzystanie z [&hellip;]\" \/>\n<meta property=\"og:url\" content=\"https:\/\/escort-technology.com\/pl\/odbiornik-rtk-trimble-sps461\/\" \/>\n<meta property=\"og:site_name\" content=\"ESCORT TECHNOLOGY\" \/>\n<meta property=\"article:publisher\" content=\"https:\/\/www.facebook.com\/elektronika.morska\/\" \/>\n<meta property=\"article:modified_time\" content=\"2024-04-08T11:04:10+00:00\" \/>\n<meta property=\"og:image\" content=\"http:\/\/wp-content\/uploads\/pobrane-4.jpg\" \/>\n<meta name=\"twitter:card\" content=\"summary_large_image\" \/>\n<meta name=\"twitter:label1\" content=\"Szacowany czas czytania\" \/>\n\t<meta name=\"twitter:data1\" content=\"3 minuty\" \/>\n<script type=\"application\/ld+json\" class=\"yoast-schema-graph\">{\"@context\":\"https:\\\/\\\/schema.org\",\"@graph\":[{\"@type\":\"WebPage\",\"@id\":\"https:\\\/\\\/escort-technology.com\\\/en\\\/odbiornik-rtk-trimble-sps461\\\/\",\"url\":\"https:\\\/\\\/escort-technology.com\\\/en\\\/odbiornik-rtk-trimble-sps461\\\/\",\"name\":\"Odbiornik RTK Trimble SPS461 - ESCORT TECHNOLOGY\",\"isPartOf\":{\"@id\":\"http:\\\/\\\/escort-technology.com\\\/de\\\/#website\"},\"datePublished\":\"2020-06-24T08:49:32+00:00\",\"dateModified\":\"2024-04-08T11:04:10+00:00\",\"breadcrumb\":{\"@id\":\"https:\\\/\\\/escort-technology.com\\\/en\\\/odbiornik-rtk-trimble-sps461\\\/#breadcrumb\"},\"inLanguage\":\"pl-PL\",\"potentialAction\":[{\"@type\":\"ReadAction\",\"target\":[\"https:\\\/\\\/escort-technology.com\\\/en\\\/odbiornik-rtk-trimble-sps461\\\/\"]}]},{\"@type\":\"BreadcrumbList\",\"@id\":\"https:\\\/\\\/escort-technology.com\\\/en\\\/odbiornik-rtk-trimble-sps461\\\/#breadcrumb\",\"itemListElement\":[{\"@type\":\"ListItem\",\"position\":1,\"name\":\"Strona g\u0142\u00f3wna\",\"item\":\"https:\\\/\\\/escort-technology.com\\\/\"},{\"@type\":\"ListItem\",\"position\":2,\"name\":\"Odbiornik RTK Trimble SPS461\"}]},{\"@type\":\"WebSite\",\"@id\":\"http:\\\/\\\/escort-technology.com\\\/de\\\/#website\",\"url\":\"http:\\\/\\\/escort-technology.com\\\/de\\\/\",\"name\":\"ESCORT TECHNOLOGY\",\"description\":\"Elektronika morska i l\u0105dowa\",\"publisher\":{\"@id\":\"http:\\\/\\\/escort-technology.com\\\/de\\\/#organization\"},\"potentialAction\":[{\"@type\":\"SearchAction\",\"target\":{\"@type\":\"EntryPoint\",\"urlTemplate\":\"http:\\\/\\\/escort-technology.com\\\/de\\\/?s={search_term_string}\"},\"query-input\":{\"@type\":\"PropertyValueSpecification\",\"valueRequired\":true,\"valueName\":\"search_term_string\"}}],\"inLanguage\":\"pl-PL\"},{\"@type\":\"Organization\",\"@id\":\"http:\\\/\\\/escort-technology.com\\\/de\\\/#organization\",\"name\":\"ESCORT TECHNOLOGY\",\"url\":\"http:\\\/\\\/escort-technology.com\\\/de\\\/\",\"logo\":{\"@type\":\"ImageObject\",\"inLanguage\":\"pl-PL\",\"@id\":\"http:\\\/\\\/escort-technology.com\\\/de\\\/#\\\/schema\\\/logo\\\/image\\\/\",\"url\":\"https:\\\/\\\/escort-technology.com\\\/wp-content\\\/uploads\\\/logo-1.jpg\",\"contentUrl\":\"https:\\\/\\\/escort-technology.com\\\/wp-content\\\/uploads\\\/logo-1.jpg\",\"width\":600,\"height\":165,\"caption\":\"ESCORT TECHNOLOGY\"},\"image\":{\"@id\":\"http:\\\/\\\/escort-technology.com\\\/de\\\/#\\\/schema\\\/logo\\\/image\\\/\"},\"sameAs\":[\"https:\\\/\\\/www.facebook.com\\\/elektronika.morska\\\/\",\"https:\\\/\\\/www.linkedin.com\\\/company\\\/escort-sp-z-o-o-\\\/\"]}]}<\/script>\n<!-- \/ Yoast SEO plugin. -->","yoast_head_json":{"title":"Odbiornik RTK Trimble SPS461 - ESCORT TECHNOLOGY","robots":{"index":"index","follow":"follow","max-snippet":"max-snippet:-1","max-image-preview":"max-image-preview:large","max-video-preview":"max-video-preview:-1"},"canonical":"https:\/\/escort-technology.com\/pl\/odbiornik-rtk-trimble-sps461\/","og_locale":"pl_PL","og_type":"article","og_title":"Odbiornik RTK Trimble SPS461 - ESCORT TECHNOLOGY","og_description":"Odbiornik GPS Trimble SPS461 Model wycofany ze sprzeda\u017cy. Stale s\u0105 dost\u0119pne opcje oprogramowania do zakupu. \u00a0 Funkcje SPS461Odbiornik posiada nast\u0119puj\u0105ce funkcje: Elastyczny, modu\u0142owy odbiornik GPS , kt\u00f3ry zapewnia precyzyjn\u0105 dok\u0142adno\u015b\u0107 pozycjonowania\u00a0 do zastosowa\u0144 morskich i OEM. Interfejs Ethernet i przegl\u0105darka, zapewnia zdalny dost\u0119p przez Internet lub za pomoc\u0105 kabla do danych i konfiguracji. Korzystanie z [&hellip;]","og_url":"https:\/\/escort-technology.com\/pl\/odbiornik-rtk-trimble-sps461\/","og_site_name":"ESCORT TECHNOLOGY","article_publisher":"https:\/\/www.facebook.com\/elektronika.morska\/","article_modified_time":"2024-04-08T11:04:10+00:00","og_image":[{"url":"wp-content\/uploads\/pobrane-4.jpg","type":"","width":"","height":""}],"twitter_card":"summary_large_image","twitter_misc":{"Szacowany czas czytania":"3 minuty"},"schema":{"@context":"https:\/\/schema.org","@graph":[{"@type":"WebPage","@id":"https:\/\/escort-technology.com\/en\/odbiornik-rtk-trimble-sps461\/","url":"https:\/\/escort-technology.com\/en\/odbiornik-rtk-trimble-sps461\/","name":"Odbiornik RTK Trimble SPS461 - ESCORT TECHNOLOGY","isPartOf":{"@id":"http:\/\/escort-technology.com\/de\/#website"},"datePublished":"2020-06-24T08:49:32+00:00","dateModified":"2024-04-08T11:04:10+00:00","breadcrumb":{"@id":"https:\/\/escort-technology.com\/en\/odbiornik-rtk-trimble-sps461\/#breadcrumb"},"inLanguage":"pl-PL","potentialAction":[{"@type":"ReadAction","target":["https:\/\/escort-technology.com\/en\/odbiornik-rtk-trimble-sps461\/"]}]},{"@type":"BreadcrumbList","@id":"https:\/\/escort-technology.com\/en\/odbiornik-rtk-trimble-sps461\/#breadcrumb","itemListElement":[{"@type":"ListItem","position":1,"name":"Strona g\u0142\u00f3wna","item":"https:\/\/escort-technology.com\/"},{"@type":"ListItem","position":2,"name":"Odbiornik RTK Trimble SPS461"}]},{"@type":"WebSite","@id":"http:\/\/escort-technology.com\/de\/#website","url":"http:\/\/escort-technology.com\/de\/","name":"ESCORT TECHNOLOGY","description":"Elektronika morska i l\u0105dowa","publisher":{"@id":"http:\/\/escort-technology.com\/de\/#organization"},"potentialAction":[{"@type":"SearchAction","target":{"@type":"EntryPoint","urlTemplate":"http:\/\/escort-technology.com\/de\/?s={search_term_string}"},"query-input":{"@type":"PropertyValueSpecification","valueRequired":true,"valueName":"search_term_string"}}],"inLanguage":"pl-PL"},{"@type":"Organization","@id":"http:\/\/escort-technology.com\/de\/#organization","name":"ESCORT TECHNOLOGY","url":"http:\/\/escort-technology.com\/de\/","logo":{"@type":"ImageObject","inLanguage":"pl-PL","@id":"http:\/\/escort-technology.com\/de\/#\/schema\/logo\/image\/","url":"https:\/\/escort-technology.com\/wp-content\/uploads\/logo-1.jpg","contentUrl":"https:\/\/escort-technology.com\/wp-content\/uploads\/logo-1.jpg","width":600,"height":165,"caption":"ESCORT TECHNOLOGY"},"image":{"@id":"http:\/\/escort-technology.com\/de\/#\/schema\/logo\/image\/"},"sameAs":["https:\/\/www.facebook.com\/elektronika.morska\/","https:\/\/www.linkedin.com\/company\/escort-sp-z-o-o-\/"]}]}},"_links":{"self":[{"href":"https:\/\/escort-technology.com\/pl\/wp-json\/wp\/v2\/pages\/6286","targetHints":{"allow":["GET"]}}],"collection":[{"href":"https:\/\/escort-technology.com\/pl\/wp-json\/wp\/v2\/pages"}],"about":[{"href":"https:\/\/escort-technology.com\/pl\/wp-json\/wp\/v2\/types\/page"}],"author":[{"embeddable":true,"href":"https:\/\/escort-technology.com\/pl\/wp-json\/wp\/v2\/users\/10"}],"replies":[{"embeddable":true,"href":"https:\/\/escort-technology.com\/pl\/wp-json\/wp\/v2\/comments?post=6286"}],"version-history":[{"count":7,"href":"https:\/\/escort-technology.com\/pl\/wp-json\/wp\/v2\/pages\/6286\/revisions"}],"predecessor-version":[{"id":13582,"href":"https:\/\/escort-technology.com\/pl\/wp-json\/wp\/v2\/pages\/6286\/revisions\/13582"}],"wp:attachment":[{"href":"https:\/\/escort-technology.com\/pl\/wp-json\/wp\/v2\/media?parent=6286"}],"curies":[{"name":"wp","href":"https:\/\/api.w.org\/{rel}","templated":true}]}}