{"id":6456,"date":"2020-07-06T14:52:45","date_gmt":"2020-07-06T12:52:45","guid":{"rendered":"https:\/\/escort-technology.com\/?page_id=6456"},"modified":"2020-07-06T14:52:45","modified_gmt":"2020-07-06T12:52:45","slug":"anteny-radarowe-marki-lowrance","status":"publish","type":"page","link":"https:\/\/escort-technology.com\/pl\/anteny-radarowe-marki-lowrance\/","title":{"rendered":"Anteny radarowe marki LOWRANCE"},"content":{"rendered":"<h1>Anteny radarowe marki LOWRANCE<\/h1>\n<hr>\n<div>\n<h2>Anteny zamkni\u0119te<\/h2>\n<\/div>\n<p><img decoding=\"async\" src=\"wp-content\/uploads\/HALO_20_LOWRANCE.png\" alt=\"\"><\/p>\n<div>\n<h3>Antena HALO20<\/h3>\n<p>Antena radarowa zamkni\u0119ta, 20 stopowa, zasi\u0119g pracy 24 Mm. Bez szkodliwego promieniowania.<\/p>\n<\/div>\n<p><img decoding=\"async\" src=\"wp-content\/uploads\/HALO_20_PLUS_LOWRANCE.png\" alt=\"\"><\/p>\n<div>\n<h3>Antena HALO20+<\/h3>\n<p>Antena radarowa zamkni\u0119ta, 20 stopowa, zasi\u0119g pracy 36 Mm, ilo\u015b\u0107 obrot\u00f3w anteny 60 RPM. Bez szkodliwego promieniowania.<\/p>\n<\/div>\n<p><img decoding=\"async\" src=\"wp-content\/uploads\/HALO_DOME_24_LOWRANCE.png\" alt=\"\"><\/p>\n<div>\n<h3>Antena HALO24<\/h3>\n<p>Antena radarowa zamkni\u0119ta, 24 stopowa, zasi\u0119g pracy 36 Mm, ilo\u015b\u0107 obrot\u00f3w anteny 60 RPM. Bez szkodliwego promieniowania.<\/p>\n<\/div>\n<p><!-- {\"type\":\"layout\",\"children\":[{\"type\":\"section\",\"props\":{\"style\":\"default\",\"width\":\"default\",\"vertical_align\":\"middle\",\"title_position\":\"top-left\",\"title_rotation\":\"left\",\"title_breakpoint\":\"xl\",\"image_position\":\"center-center\",\"text_color\":\"\",\"width_expand\":\"\",\"height\":\"\",\"padding\":\"\",\"header_transparent\":\"\",\"animation\":\"\"},\"children\":[{\"type\":\"row\",\"props\":{\"layout\":\"1-1\",\"breakpoint\":\"m\",\"fixed_width\":\"large\",\"gutter\":\"\",\"width\":\"\",\"width_expand\":\"\",\"height\":\"\",\"margin\":\"\"},\"children\":[{\"type\":\"column\",\"props\":{\"widths\":[\"1-1\"],\"image_position\":\"center-center\",\"media_overlay_gradient\":\"\",\"vertical_align\":\"\",\"style\":\"\",\"text_color\":\"\",\"padding\":\"\"},\"children\":[{\"type\":\"headline\",\"props\":{\"title_element\":\"h1\",\"title_style\":\"\",\"title_decoration\":\"\",\"title_color\":\"\",\"text_align\":\"\",\"text_align_breakpoint\":\"\",\"text_align_fallback\":\"\",\"maxwidth\":\"\",\"maxwidth_align\":\"\",\"maxwidth_breakpoint\":\"\",\"margin\":\"\",\"animation\":\"\",\"visibility\":\"\",\"content\":\"Anteny radarowe marki LOWRANCE\"}},{\"type\":\"divider\",\"props\":{\"divider_element\":\"hr\",\"divider_style\":\"\",\"divider_align\":\"\",\"divider_align_breakpoint\":\"\",\"divider_align_fallback\":\"\",\"maxwidth\":\"\",\"maxwidth_align\":\"\",\"maxwidth_breakpoint\":\"\",\"margin\":\"\",\"animation\":\"\",\"visibility\":\"\"}}]}]},{\"type\":\"row\",\"props\":{\"layout\":\"1-1\",\"breakpoint\":\"m\",\"fixed_width\":\"large\",\"gutter\":\"\",\"width\":\"\",\"width_expand\":\"\",\"height\":\"\",\"margin\":\"\"},\"children\":[{\"type\":\"column\",\"props\":{\"widths\":[\"1-1\"],\"image_position\":\"center-center\",\"media_overlay_gradient\":\"\",\"vertical_align\":\"\",\"style\":\"\",\"text_color\":\"\",\"padding\":\"\"},\"children\":[{\"type\":\"text\",\"props\":{\"margin\":\"default\",\"column_breakpoint\":\"m\",\"text_style\":\"\",\"text_color\":\"\",\"text_size\":\"\",\"column\":\"\",\"text_align\":\"\",\"text_align_breakpoint\":\"\",\"text_align_fallback\":\"\",\"maxwidth\":\"\",\"maxwidth_align\":\"\",\"maxwidth_breakpoint\":\"\",\"animation\":\"\",\"visibility\":\"\",\"content\":\"\n\n<h2>Anteny zamkni\\u0119te<\\\/h2>\"}}]}]}]},{\"type\":\"section\",\"props\":{\"style\":\"default\",\"width\":\"default\",\"vertical_align\":\"middle\",\"title_position\":\"top-left\",\"title_rotation\":\"left\",\"title_breakpoint\":\"xl\",\"image_position\":\"center-center\",\"text_color\":\"\",\"width_expand\":\"\",\"height\":\"\",\"padding\":\"\",\"header_transparent\":\"\",\"animation\":\"\"},\"children\":[{\"type\":\"row\",\"props\":{\"layout\":\",,\",\"breakpoint\":\"m\",\"fixed_width\":\"large\",\"gutter\":\"\",\"width\":\"\",\"width_expand\":\"\",\"height\":\"\",\"margin\":\"\"},\"children\":[{\"type\":\"column\",\"props\":{\"widths\":[\"\"],\"image_position\":\"center-center\",\"media_overlay_gradient\":\"\",\"vertical_align\":\"\",\"style\":\"\",\"text_color\":\"\",\"padding\":\"\"},\"children\":[{\"type\":\"image\",\"props\":{\"margin\":\"default\",\"link_target\":\"\",\"image_border\":\"\",\"image_box_shadow\":\"\",\"image_hover_box_shadow\":\"\",\"image_box_decoration\":\"\",\"text_align\":\"center\",\"text_align_breakpoint\":\"\",\"text_align_fallback\":\"\",\"maxwidth\":\"\",\"maxwidth_align\":\"\",\"maxwidth_breakpoint\":\"\",\"animation\":\"\",\"visibility\":\"\",\"image\":\"wp-content\\\/uploads\\\/HALO_20_LOWRANCE.png\",\"image_width\":\"200\"}},{\"type\":\"text\",\"props\":{\"margin\":\"default\",\"column_breakpoint\":\"m\",\"text_style\":\"\",\"text_color\":\"\",\"text_size\":\"\",\"column\":\"\",\"text_align\":\"\",\"text_align_breakpoint\":\"\",\"text_align_fallback\":\"\",\"maxwidth\":\"\",\"maxwidth_align\":\"\",\"maxwidth_breakpoint\":\"\",\"animation\":\"\",\"visibility\":\"\",\"content\":\"\n\n<h3>Antena HALO20<\\\/h3>\\n\n\n<p>Antena radarowa zamkni\\u0119ta, 20 stopowa, zasi\\u0119g pracy 24 Mm. Bez szkodliwego promieniowania.<\\\/p>\"}}]},{\"type\":\"column\",\"props\":{\"widths\":[\"\"],\"image_position\":\"center-center\",\"media_overlay_gradient\":\"\",\"vertical_align\":\"\",\"style\":\"\",\"text_color\":\"\",\"padding\":\"\"},\"children\":[{\"type\":\"image\",\"props\":{\"margin\":\"default\",\"link_target\":\"\",\"image_border\":\"\",\"image_box_shadow\":\"\",\"image_hover_box_shadow\":\"\",\"image_box_decoration\":\"\",\"text_align\":\"center\",\"text_align_breakpoint\":\"\",\"text_align_fallback\":\"\",\"maxwidth\":\"\",\"maxwidth_align\":\"\",\"maxwidth_breakpoint\":\"\",\"animation\":\"\",\"visibility\":\"\",\"image\":\"wp-content\\\/uploads\\\/HALO_20_PLUS_LOWRANCE.png\",\"image_width\":\"200\"}},{\"type\":\"text\",\"props\":{\"margin\":\"default\",\"column_breakpoint\":\"m\",\"text_style\":\"\",\"text_color\":\"\",\"text_size\":\"\",\"column\":\"\",\"text_align\":\"\",\"text_align_breakpoint\":\"\",\"text_align_fallback\":\"\",\"maxwidth\":\"\",\"maxwidth_align\":\"\",\"maxwidth_breakpoint\":\"\",\"animation\":\"\",\"visibility\":\"\",\"content\":\"\n\n<h3>Antena HALO20+<\\\/h3>\\n\n\n<p>Antena radarowa zamkni\\u0119ta, 20 stopowa, zasi\\u0119g pracy 36 Mm, ilo\\u015b\\u0107 obrot\\u00f3w anteny 60 RPM. Bez szkodliwego promieniowania.<\\\/p>\"}}]},{\"type\":\"column\",\"props\":{\"widths\":[\"\"],\"image_position\":\"center-center\",\"media_overlay_gradient\":\"\",\"vertical_align\":\"\",\"style\":\"\",\"text_color\":\"\",\"padding\":\"\"},\"children\":[{\"type\":\"image\",\"props\":{\"margin\":\"default\",\"link_target\":\"\",\"image_border\":\"\",\"image_box_shadow\":\"\",\"image_hover_box_shadow\":\"\",\"image_box_decoration\":\"\",\"text_align\":\"center\",\"text_align_breakpoint\":\"\",\"text_align_fallback\":\"\",\"maxwidth\":\"\",\"maxwidth_align\":\"\",\"maxwidth_breakpoint\":\"\",\"animation\":\"\",\"visibility\":\"\",\"image\":\"wp-content\\\/uploads\\\/HALO_DOME_24_LOWRANCE.png\",\"image_width\":\"200\"}},{\"type\":\"text\",\"props\":{\"margin\":\"default\",\"column_breakpoint\":\"m\",\"text_style\":\"\",\"text_color\":\"\",\"text_size\":\"\",\"column\":\"\",\"text_align\":\"\",\"text_align_breakpoint\":\"\",\"text_align_fallback\":\"\",\"maxwidth\":\"\",\"maxwidth_align\":\"\",\"maxwidth_breakpoint\":\"\",\"animation\":\"\",\"visibility\":\"\",\"content\":\"\n\n<h3>Antena HALO24<\\\/h3>\\n\n\n<p>Antena radarowa zamkni\\u0119ta, 24 stopowa, zasi\\u0119g pracy 36 Mm, ilo\\u015b\\u0107 obrot\\u00f3w anteny 60 RPM. Bez szkodliwego promieniowania.<\\\/p>\"}}]}]}]}]} --><\/p>\n","protected":false},"excerpt":{"rendered":"<p>Anteny radarowe marki LOWRANCE Anteny zamkni\u0119te Antena HALO20 Antena radarowa zamkni\u0119ta, 20 stopowa, zasi\u0119g pracy 24 Mm. Bez szkodliwego promieniowania. Antena HALO20+ Antena radarowa zamkni\u0119ta, 20 stopowa, zasi\u0119g pracy 36 Mm, ilo\u015b\u0107 obrot\u00f3w anteny 60 RPM. Bez szkodliwego promieniowania. Antena HALO24 Antena radarowa zamkni\u0119ta, 24 stopowa, zasi\u0119g pracy 36 Mm, ilo\u015b\u0107 obrot\u00f3w anteny 60 RPM. [&hellip;]<\/p>\n","protected":false},"author":10,"featured_media":0,"parent":0,"menu_order":0,"comment_status":"closed","ping_status":"closed","template":"","meta":{"footnotes":""},"class_list":["post-6456","page","type-page","status-publish","hentry"],"yoast_head":"<!-- This site is optimized with the Yoast SEO plugin v27.6 - https:\/\/yoast.com\/product\/yoast-seo-wordpress\/ -->\n<title>Anteny radarowe marki LOWRANCE - ESCORT TECHNOLOGY<\/title>\n<meta name=\"robots\" content=\"index, follow, max-snippet:-1, max-image-preview:large, max-video-preview:-1\" \/>\n<link rel=\"canonical\" href=\"https:\/\/escort-technology.com\/pl\/de\/anteny-radarowe-marki-lowrance\/\" \/>\n<meta property=\"og:locale\" content=\"pl_PL\" \/>\n<meta property=\"og:type\" content=\"article\" \/>\n<meta property=\"og:title\" content=\"Anteny radarowe marki LOWRANCE - ESCORT TECHNOLOGY\" \/>\n<meta property=\"og:description\" content=\"Anteny radarowe marki LOWRANCE Anteny zamkni\u0119te Antena HALO20 Antena radarowa zamkni\u0119ta, 20 stopowa, zasi\u0119g pracy 24 Mm. Bez szkodliwego promieniowania. Antena HALO20+ Antena radarowa zamkni\u0119ta, 20 stopowa, zasi\u0119g pracy 36 Mm, ilo\u015b\u0107 obrot\u00f3w anteny 60 RPM. Bez szkodliwego promieniowania. Antena HALO24 Antena radarowa zamkni\u0119ta, 24 stopowa, zasi\u0119g pracy 36 Mm, ilo\u015b\u0107 obrot\u00f3w anteny 60 RPM. [&hellip;]\" \/>\n<meta property=\"og:url\" content=\"https:\/\/escort-technology.com\/pl\/de\/anteny-radarowe-marki-lowrance\/\" \/>\n<meta property=\"og:site_name\" content=\"ESCORT TECHNOLOGY\" \/>\n<meta property=\"article:publisher\" content=\"https:\/\/www.facebook.com\/elektronika.morska\/\" \/>\n<meta property=\"og:image\" content=\"http:\/\/wp-content\/uploads\/HALO_20_LOWRANCE.png\" \/>\n<meta name=\"twitter:card\" content=\"summary_large_image\" \/>\n<script type=\"application\/ld+json\" class=\"yoast-schema-graph\">{\"@context\":\"https:\\\/\\\/schema.org\",\"@graph\":[{\"@type\":\"WebPage\",\"@id\":\"https:\\\/\\\/escort-technology.com\\\/de\\\/anteny-radarowe-marki-lowrance\\\/\",\"url\":\"https:\\\/\\\/escort-technology.com\\\/de\\\/anteny-radarowe-marki-lowrance\\\/\",\"name\":\"Anteny radarowe marki LOWRANCE - ESCORT TECHNOLOGY\",\"isPartOf\":{\"@id\":\"http:\\\/\\\/escort-technology.com\\\/de\\\/#website\"},\"datePublished\":\"2020-07-06T12:52:45+00:00\",\"breadcrumb\":{\"@id\":\"https:\\\/\\\/escort-technology.com\\\/de\\\/anteny-radarowe-marki-lowrance\\\/#breadcrumb\"},\"inLanguage\":\"pl-PL\",\"potentialAction\":[{\"@type\":\"ReadAction\",\"target\":[\"https:\\\/\\\/escort-technology.com\\\/de\\\/anteny-radarowe-marki-lowrance\\\/\"]}]},{\"@type\":\"BreadcrumbList\",\"@id\":\"https:\\\/\\\/escort-technology.com\\\/de\\\/anteny-radarowe-marki-lowrance\\\/#breadcrumb\",\"itemListElement\":[{\"@type\":\"ListItem\",\"position\":1,\"name\":\"Strona g\u0142\u00f3wna\",\"item\":\"https:\\\/\\\/escort-technology.com\\\/\"},{\"@type\":\"ListItem\",\"position\":2,\"name\":\"Anteny radarowe marki LOWRANCE\"}]},{\"@type\":\"WebSite\",\"@id\":\"http:\\\/\\\/escort-technology.com\\\/de\\\/#website\",\"url\":\"http:\\\/\\\/escort-technology.com\\\/de\\\/\",\"name\":\"ESCORT TECHNOLOGY\",\"description\":\"Elektronika morska i l\u0105dowa\",\"publisher\":{\"@id\":\"http:\\\/\\\/escort-technology.com\\\/de\\\/#organization\"},\"potentialAction\":[{\"@type\":\"SearchAction\",\"target\":{\"@type\":\"EntryPoint\",\"urlTemplate\":\"http:\\\/\\\/escort-technology.com\\\/de\\\/?s={search_term_string}\"},\"query-input\":{\"@type\":\"PropertyValueSpecification\",\"valueRequired\":true,\"valueName\":\"search_term_string\"}}],\"inLanguage\":\"pl-PL\"},{\"@type\":\"Organization\",\"@id\":\"http:\\\/\\\/escort-technology.com\\\/de\\\/#organization\",\"name\":\"ESCORT TECHNOLOGY\",\"url\":\"http:\\\/\\\/escort-technology.com\\\/de\\\/\",\"logo\":{\"@type\":\"ImageObject\",\"inLanguage\":\"pl-PL\",\"@id\":\"http:\\\/\\\/escort-technology.com\\\/de\\\/#\\\/schema\\\/logo\\\/image\\\/\",\"url\":\"https:\\\/\\\/escort-technology.com\\\/wp-content\\\/uploads\\\/logo-1.jpg\",\"contentUrl\":\"https:\\\/\\\/escort-technology.com\\\/wp-content\\\/uploads\\\/logo-1.jpg\",\"width\":600,\"height\":165,\"caption\":\"ESCORT TECHNOLOGY\"},\"image\":{\"@id\":\"http:\\\/\\\/escort-technology.com\\\/de\\\/#\\\/schema\\\/logo\\\/image\\\/\"},\"sameAs\":[\"https:\\\/\\\/www.facebook.com\\\/elektronika.morska\\\/\",\"https:\\\/\\\/www.linkedin.com\\\/company\\\/escort-sp-z-o-o-\\\/\"]}]}<\/script>\n<!-- \/ Yoast SEO plugin. -->","yoast_head_json":{"title":"Anteny radarowe marki LOWRANCE - ESCORT TECHNOLOGY","robots":{"index":"index","follow":"follow","max-snippet":"max-snippet:-1","max-image-preview":"max-image-preview:large","max-video-preview":"max-video-preview:-1"},"canonical":"https:\/\/escort-technology.com\/pl\/de\/anteny-radarowe-marki-lowrance\/","og_locale":"pl_PL","og_type":"article","og_title":"Anteny radarowe marki LOWRANCE - ESCORT TECHNOLOGY","og_description":"Anteny radarowe marki LOWRANCE Anteny zamkni\u0119te Antena HALO20 Antena radarowa zamkni\u0119ta, 20 stopowa, zasi\u0119g pracy 24 Mm. Bez szkodliwego promieniowania. Antena HALO20+ Antena radarowa zamkni\u0119ta, 20 stopowa, zasi\u0119g pracy 36 Mm, ilo\u015b\u0107 obrot\u00f3w anteny 60 RPM. Bez szkodliwego promieniowania. Antena HALO24 Antena radarowa zamkni\u0119ta, 24 stopowa, zasi\u0119g pracy 36 Mm, ilo\u015b\u0107 obrot\u00f3w anteny 60 RPM. [&hellip;]","og_url":"https:\/\/escort-technology.com\/pl\/de\/anteny-radarowe-marki-lowrance\/","og_site_name":"ESCORT TECHNOLOGY","article_publisher":"https:\/\/www.facebook.com\/elektronika.morska\/","og_image":[{"url":"wp-content\/uploads\/HALO_20_LOWRANCE.png","type":"","width":"","height":""}],"twitter_card":"summary_large_image","schema":{"@context":"https:\/\/schema.org","@graph":[{"@type":"WebPage","@id":"https:\/\/escort-technology.com\/de\/anteny-radarowe-marki-lowrance\/","url":"https:\/\/escort-technology.com\/de\/anteny-radarowe-marki-lowrance\/","name":"Anteny radarowe marki LOWRANCE - ESCORT TECHNOLOGY","isPartOf":{"@id":"http:\/\/escort-technology.com\/de\/#website"},"datePublished":"2020-07-06T12:52:45+00:00","breadcrumb":{"@id":"https:\/\/escort-technology.com\/de\/anteny-radarowe-marki-lowrance\/#breadcrumb"},"inLanguage":"pl-PL","potentialAction":[{"@type":"ReadAction","target":["https:\/\/escort-technology.com\/de\/anteny-radarowe-marki-lowrance\/"]}]},{"@type":"BreadcrumbList","@id":"https:\/\/escort-technology.com\/de\/anteny-radarowe-marki-lowrance\/#breadcrumb","itemListElement":[{"@type":"ListItem","position":1,"name":"Strona g\u0142\u00f3wna","item":"https:\/\/escort-technology.com\/"},{"@type":"ListItem","position":2,"name":"Anteny radarowe marki LOWRANCE"}]},{"@type":"WebSite","@id":"http:\/\/escort-technology.com\/de\/#website","url":"http:\/\/escort-technology.com\/de\/","name":"ESCORT TECHNOLOGY","description":"Elektronika morska i l\u0105dowa","publisher":{"@id":"http:\/\/escort-technology.com\/de\/#organization"},"potentialAction":[{"@type":"SearchAction","target":{"@type":"EntryPoint","urlTemplate":"http:\/\/escort-technology.com\/de\/?s={search_term_string}"},"query-input":{"@type":"PropertyValueSpecification","valueRequired":true,"valueName":"search_term_string"}}],"inLanguage":"pl-PL"},{"@type":"Organization","@id":"http:\/\/escort-technology.com\/de\/#organization","name":"ESCORT TECHNOLOGY","url":"http:\/\/escort-technology.com\/de\/","logo":{"@type":"ImageObject","inLanguage":"pl-PL","@id":"http:\/\/escort-technology.com\/de\/#\/schema\/logo\/image\/","url":"https:\/\/escort-technology.com\/wp-content\/uploads\/logo-1.jpg","contentUrl":"https:\/\/escort-technology.com\/wp-content\/uploads\/logo-1.jpg","width":600,"height":165,"caption":"ESCORT TECHNOLOGY"},"image":{"@id":"http:\/\/escort-technology.com\/de\/#\/schema\/logo\/image\/"},"sameAs":["https:\/\/www.facebook.com\/elektronika.morska\/","https:\/\/www.linkedin.com\/company\/escort-sp-z-o-o-\/"]}]}},"_links":{"self":[{"href":"https:\/\/escort-technology.com\/pl\/wp-json\/wp\/v2\/pages\/6456","targetHints":{"allow":["GET"]}}],"collection":[{"href":"https:\/\/escort-technology.com\/pl\/wp-json\/wp\/v2\/pages"}],"about":[{"href":"https:\/\/escort-technology.com\/pl\/wp-json\/wp\/v2\/types\/page"}],"author":[{"embeddable":true,"href":"https:\/\/escort-technology.com\/pl\/wp-json\/wp\/v2\/users\/10"}],"replies":[{"embeddable":true,"href":"https:\/\/escort-technology.com\/pl\/wp-json\/wp\/v2\/comments?post=6456"}],"version-history":[{"count":3,"href":"https:\/\/escort-technology.com\/pl\/wp-json\/wp\/v2\/pages\/6456\/revisions"}],"predecessor-version":[{"id":6462,"href":"https:\/\/escort-technology.com\/pl\/wp-json\/wp\/v2\/pages\/6456\/revisions\/6462"}],"wp:attachment":[{"href":"https:\/\/escort-technology.com\/pl\/wp-json\/wp\/v2\/media?parent=6456"}],"curies":[{"name":"wp","href":"https:\/\/api.w.org\/{rel}","templated":true}]}}