{"id":6470,"date":"2020-07-07T10:26:39","date_gmt":"2020-07-07T08:26:39","guid":{"rendered":"https:\/\/escort-technology.com\/?page_id=6470"},"modified":"2024-07-01T13:39:24","modified_gmt":"2024-07-01T11:39:24","slug":"stacje-nawigacyjne-marki-simrad","status":"publish","type":"page","link":"https:\/\/escort-technology.com\/pl\/stacje-nawigacyjne-marki-simrad\/","title":{"rendered":"Stacje nawigacyjne marki SIMRAD"},"content":{"rendered":"<h1>Stacje nawigacyjne marki SIMRAD<\/h1>\n<hr>\n<div>\n<p>Stacje nawigacyjne marki <strong>Simrad<\/strong> \u0142\u0105cz\u0105 ze sob\u0105 wiele funkcji takich jak ploter map, echosonda, wska\u017anik radaru i wiele wi\u0119cej.<\/p>\n<\/div>\n<p><a href=\"https:\/\/escort-technology.com\/ploter-z-echosonda-simrad-cruise\/\"><img decoding=\"async\" src=\"\/wp-content\/uploads\/2024\/06\/6b4eb0ee-2e06-4844-a49e-35ee452a7eff.png\" alt=\"\"><\/a><\/p>\n<div>\n<div class=\"uk-margin\">\n<h3><strong><span style=\"color: #000000;\"><a style=\"color: #000000;\" href=\"https:\/\/escort-technology.com\/ploter-z-echosonda-simrad-cruise\/\">Seria Cruise<\/a><\/span><\/strong><\/h3>\n<p>Ploter z funkcj\u0105 echosondy, wbudowana antena GPS, w zestawie z przetwornikiem. Ekrany o rozmiarach 5 i 9 cali<\/p>\n<\/div>\n<\/div>\n<p><a href=\"http:\/\/escort-technology.com\/stacje-nawigacyjne-serii-simrad-go\/\"><img decoding=\"async\" src=\"\/wp-content\/uploads\/2024\/06\/a13fcc94-669e-42dd-bc13-188658f3df06.png\" alt=\"\"><\/a><\/p>\n<div>\n<div class=\"uk-margin\">\n<h3><strong><span style=\"color: #000000;\"><a style=\"color: #000000;\" href=\"http:\/\/escort-technology.com\/stacje-nawigacyjne-serii-simrad-go\/\">Seria Go<\/a><\/span><\/strong><\/h3>\n<p>Ploter z funkcj\u0105 echosondy, wbudowana antena GPS oraz sie\u0107 NMEA2000. Ekrany o rozmiarach 7 i 9 cali.<\/p>\n<\/div>\n<\/div>\n<p><a href=\"https:\/\/escort-technology.com\/stacja-nawigacyjna-simrad-nss-evo3s\/\"><img decoding=\"async\" src=\"\/wp-content\/uploads\/2024\/06\/01468028-46b1-495d-a64a-97aadf9c6fdc.png\" alt=\"\"><\/a><\/p>\n<div>\n<h3><span style=\"color: #000000;\"><a style=\"color: #000000;\" href=\"https:\/\/escort-technology.com\/stacja-nawigacyjna-simrad-nss-evo3s\/\"><strong>Seria NSS evo3S\u00a0<\/strong><\/a><\/span><\/h3>\n<p>Ploter z funkcj\u0105 echosondy, wbudowana antena GPS oraz sie\u0107 NMEA2000. Ekrany o rozmiarach\u00a0 7, 9, 12 i 16 cali. Nowy szybszy procesor.<\/p>\n<\/div>\n<p><a href=\"https:\/\/escort-technology.com\/stacja-nawigacyjna-simrad-nsx\/\"><img decoding=\"async\" src=\"\/wp-content\/uploads\/2024\/06\/b5fe4b8a-6568-48e9-a76c-5e5ec4397b90.png\" alt=\"\"><\/a><\/p>\n<div>\n<h3 style=\"text-align: left;\"><a href=\"https:\/\/escort-technology.com\/stacja-nawigacyjna-simrad-nsx\/\"><strong>Seria NSX<\/strong><\/a><\/h3>\n<p>Ploter z funkcj\u0105 echosondy. Ekrany dost\u0119pne w rozmiarach 7, 9 i 12 cali.\u00a0<\/p>\n<\/div>\n<p><a href=\"https:\/\/escort-technology.com\/?page_id=9179&#038;preview=true\"><img decoding=\"async\" src=\"\/wp-content\/uploads\/NSOevo3S_16_MAIN.png\" alt=\"\"><\/a><\/p>\n<div>\n<h3><a style=\"color: #000000;\" href=\"https:\/\/escort-technology.com\/?page_id=9179&amp;preview=true\"><strong>Seria NSO evo3S<\/strong><\/a><\/h3>\n<p>Wersja modu\u0142owa plotera z mo\u017cliwo\u015bci\u0105 doboru dowolnego monitora. Wbudowana sie\u0107 NMEA2000. Wyb\u00f3r ekranu marki Simrad 16, 19 i 24 cali. Nowy szybszy procesor<\/p>\n<\/div>\n<p><!--more--><br \/>\n<!-- {\"type\":\"layout\",\"children\":[{\"type\":\"section\",\"props\":{\"image_position\":\"center-center\",\"style\":\"default\",\"title_breakpoint\":\"xl\",\"title_position\":\"top-left\",\"title_rotation\":\"left\",\"vertical_align\":\"middle\",\"width\":\"large\"},\"children\":[{\"type\":\"row\",\"children\":[{\"type\":\"column\",\"props\":{\"image_position\":\"center-center\",\"position_sticky_breakpoint\":\"m\",\"width_medium\":\"1-1\"},\"children\":[{\"type\":\"headline\",\"props\":{\"content\":\"Stacje nawigacyjne marki SIMRAD\",\"title_element\":\"h1\"}},{\"type\":\"divider\",\"props\":{\"divider_element\":\"hr\"}}]}]}]},{\"type\":\"section\",\"props\":{\"image_position\":\"center-center\",\"style\":\"default\",\"title_breakpoint\":\"xl\",\"title_position\":\"top-left\",\"title_rotation\":\"left\",\"vertical_align\":\"middle\",\"width\":\"large\"},\"children\":[{\"type\":\"row\",\"children\":[{\"type\":\"column\",\"props\":{\"image_position\":\"center-center\",\"position_sticky_breakpoint\":\"m\",\"width_medium\":\"1-1\"},\"children\":[{\"type\":\"text\",\"props\":{\"column_breakpoint\":\"m\",\"content\":\"\n\n<p>Stacje nawigacyjne marki <strong>Simrad<\\\/strong> \\u0142\\u0105cz\\u0105 ze sob\\u0105 wiele funkcji takich jak ploter map, echosonda, wska\\u017anik radaru i wiele wi\\u0119cej.<\\\/p>\",\"margin\":\"default\"}}]}]}]},{\"type\":\"section\",\"props\":{\"image_position\":\"center-center\",\"style\":\"default\",\"title_breakpoint\":\"xl\",\"title_position\":\"top-left\",\"title_rotation\":\"left\",\"vertical_align\":\"middle\",\"width\":\"large\"},\"children\":[{\"type\":\"row\",\"props\":{\"layout\":\"1-3,1-3,1-3\"},\"children\":[{\"type\":\"column\",\"props\":{\"image_position\":\"center-center\",\"position_sticky_breakpoint\":\"m\",\"width_medium\":\"1-3\"},\"children\":[{\"type\":\"image\",\"props\":{\"image\":\"wp-content\\\/uploads\\\/2024\\\/06\\\/6b4eb0ee-2e06-4844-a49e-35ee452a7eff.png\",\"image_svg_color\":\"emphasis\",\"image_width\":\"350\",\"link\":\"https:\\\/\\\/escort-technology.com\\\/ploter-z-echosonda-simrad-cruise\\\/\",\"margin\":\"default\",\"text_align\":\"center\"}},{\"type\":\"text\",\"props\":{\"column_breakpoint\":\"m\",\"content\":\"\n\n<div class=\\\"uk-margin\\\">\\n\n\n<h3><strong><span style=\\\"color: #000000;\\\"><a style=\\\"color: #000000;\\\" href=\\\"https:\\\/\\\/escort-technology.com\\\/ploter-z-echosonda-simrad-cruise\\\/\\\">Seria Cruise<\\\/a><\\\/span><\\\/strong><\\\/h3>\\n\n\n<p>Ploter z funkcj\\u0105 echosondy, wbudowana antena GPS, w zestawie z przetwornikiem. Ekrany o rozmiarach 5 i 9 cali<\\\/p>\\n<\\\/div>\",\"margin\":\"default\"}}]},{\"type\":\"column\",\"props\":{\"image_position\":\"center-center\",\"position_sticky_breakpoint\":\"m\",\"width_medium\":\"1-3\"},\"children\":[{\"type\":\"image\",\"props\":{\"image\":\"wp-content\\\/uploads\\\/2024\\\/06\\\/a13fcc94-669e-42dd-bc13-188658f3df06.png\",\"image_svg_color\":\"emphasis\",\"link\":\"http:\\\/\\\/escort-technology.com\\\/stacje-nawigacyjne-serii-simrad-go\\\/\",\"margin\":\"default\",\"text_align\":\"center\"}},{\"type\":\"text\",\"props\":{\"column_breakpoint\":\"m\",\"content\":\"\n\n<div class=\\\"uk-margin\\\">\\n\n\n<h3><strong><span style=\\\"color: #000000;\\\"><a style=\\\"color: #000000;\\\" href=\\\"http:\\\/\\\/escort-technology.com\\\/stacje-nawigacyjne-serii-simrad-go\\\/\\\">Seria Go<\\\/a><\\\/span><\\\/strong><\\\/h3>\\n\n\n<p>Ploter z funkcj\\u0105 echosondy, wbudowana antena GPS oraz sie\\u0107 NMEA2000. Ekrany o rozmiarach 7 i 9 cali.<\\\/p>\\n<\\\/div>\",\"margin\":\"default\"}}]},{\"type\":\"column\",\"props\":{\"image_position\":\"center-center\",\"position_sticky_breakpoint\":\"m\",\"width_medium\":\"1-3\"},\"children\":[{\"type\":\"image\",\"props\":{\"image\":\"wp-content\\\/uploads\\\/2024\\\/06\\\/01468028-46b1-495d-a64a-97aadf9c6fdc.png\",\"image_svg_color\":\"emphasis\",\"link\":\"https:\\\/\\\/escort-technology.com\\\/stacja-nawigacyjna-simrad-nss-evo3s\\\/\",\"margin\":\"default\"}},{\"type\":\"text\",\"props\":{\"column_breakpoint\":\"m\",\"content\":\"\n\n<h3><span style=\\\"color: #000000;\\\"><a style=\\\"color: #000000;\\\" href=\\\"https:\\\/\\\/escort-technology.com\\\/stacja-nawigacyjna-simrad-nss-evo3s\\\/\\\"><strong>Seria NSS evo3S\\u00a0<\\\/strong><\\\/a><\\\/span><\\\/h3>\\n\n\n<p>Ploter z funkcj\\u0105 echosondy, wbudowana antena GPS oraz sie\\u0107 NMEA2000. Ekrany o rozmiarach\\u00a0 7, 9, 12 i 16 cali. Nowy szybszy procesor.<\\\/p>\",\"margin\":\"default\"}}]}]}]},{\"type\":\"section\",\"props\":{\"image_position\":\"center-center\",\"style\":\"default\",\"title_breakpoint\":\"xl\",\"title_position\":\"top-left\",\"title_rotation\":\"left\",\"vertical_align\":\"middle\",\"width\":\"default\"},\"children\":[{\"type\":\"row\",\"props\":{\"layout\":\"1-3,1-3,1-3\"},\"children\":[{\"type\":\"column\",\"props\":{\"image_position\":\"center-center\",\"position_sticky_breakpoint\":\"m\",\"width_medium\":\"1-3\"},\"children\":[{\"type\":\"image\",\"props\":{\"image\":\"wp-content\\\/uploads\\\/2024\\\/06\\\/b5fe4b8a-6568-48e9-a76c-5e5ec4397b90.png\",\"image_svg_color\":\"emphasis\",\"link\":\"https:\\\/\\\/escort-technology.com\\\/stacja-nawigacyjna-simrad-nsx\\\/\",\"margin\":\"default\"}},{\"type\":\"text\",\"props\":{\"column_breakpoint\":\"m\",\"content\":\"\n\n<h3 style=\\\"text-align: left;\\\"><a href=\\\"https:\\\/\\\/escort-technology.com\\\/stacja-nawigacyjna-simrad-nsx\\\/\\\"><strong>Seria NSX<\\\/strong><\\\/a><\\\/h3>\\n\n\n<p>Ploter z funkcj\\u0105 echosondy. Ekrany dost\\u0119pne w rozmiarach 7, 9 i 12 cali.\\u00a0<\\\/p>\",\"margin\":\"default\"}}]},{\"type\":\"column\",\"props\":{\"image_position\":\"center-center\",\"position_sticky_breakpoint\":\"m\",\"width_medium\":\"1-3\"}},{\"type\":\"column\",\"props\":{\"image_position\":\"center-center\",\"position_sticky_breakpoint\":\"m\",\"width_medium\":\"1-3\"},\"children\":[{\"type\":\"image\",\"props\":{\"image\":\"wp-content\\\/uploads\\\/NSOevo3S_16_MAIN.png\",\"image_svg_color\":\"emphasis\",\"image_width\":\"400\",\"link\":\"https:\\\/\\\/escort-technology.com\\\/?page_id=9179&preview=true\",\"margin\":\"default\"}},{\"type\":\"text\",\"props\":{\"column_breakpoint\":\"m\",\"content\":\"\n\n<h3><a style=\\\"color: #000000;\\\" href=\\\"https:\\\/\\\/escort-technology.com\\\/?page_id=9179&amp;preview=true\\\"><strong>Seria NSO evo3S<\\\/strong><\\\/a><\\\/h3>\\n\n\n<p>Wersja modu\\u0142owa plotera z mo\\u017cliwo\\u015bci\\u0105 doboru dowolnego monitora. Wbudowana sie\\u0107 NMEA2000. Wyb\\u00f3r ekranu marki Simrad 16, 19 i 24 cali. Nowy szybszy procesor<\\\/p>\",\"margin\":\"default\"}}]}]}]}],\"version\":\"4.0.13\"} --><\/p>\n","protected":false},"excerpt":{"rendered":"<p>Stacje nawigacyjne marki SIMRAD Stacje nawigacyjne marki Simrad \u0142\u0105cz\u0105 ze sob\u0105 wiele funkcji takich jak ploter map, echosonda, wska\u017anik radaru i wiele wi\u0119cej. Seria Cruise Ploter z funkcj\u0105 echosondy, wbudowana antena GPS, w zestawie z przetwornikiem. Ekrany o rozmiarach 5 i 9 cali Seria Go Ploter z funkcj\u0105 echosondy, wbudowana antena GPS oraz sie\u0107 NMEA2000. [&hellip;]<\/p>\n","protected":false},"author":10,"featured_media":0,"parent":0,"menu_order":0,"comment_status":"closed","ping_status":"closed","template":"","meta":{"footnotes":""},"class_list":["post-6470","page","type-page","status-publish","hentry"],"yoast_head":"<!-- This site is optimized with the Yoast SEO plugin v27.6 - https:\/\/yoast.com\/product\/yoast-seo-wordpress\/ -->\n<title>Stacje nawigacyjne marki SIMRAD - ESCORT TECHNOLOGY<\/title>\n<meta name=\"robots\" content=\"index, follow, max-snippet:-1, max-image-preview:large, max-video-preview:-1\" \/>\n<link rel=\"canonical\" href=\"http:\/\/escort-technology.com\/pl\/stacje-nawigacyjne-marki-simrad\/\" \/>\n<meta property=\"og:locale\" content=\"pl_PL\" \/>\n<meta property=\"og:type\" content=\"article\" \/>\n<meta property=\"og:title\" content=\"Stacje nawigacyjne marki SIMRAD - ESCORT TECHNOLOGY\" \/>\n<meta property=\"og:description\" content=\"Stacje nawigacyjne marki SIMRAD Stacje nawigacyjne marki Simrad \u0142\u0105cz\u0105 ze sob\u0105 wiele funkcji takich jak ploter map, echosonda, wska\u017anik radaru i wiele wi\u0119cej. Seria Cruise Ploter z funkcj\u0105 echosondy, wbudowana antena GPS, w zestawie z przetwornikiem. Ekrany o rozmiarach 5 i 9 cali Seria Go Ploter z funkcj\u0105 echosondy, wbudowana antena GPS oraz sie\u0107 NMEA2000. [&hellip;]\" \/>\n<meta property=\"og:url\" content=\"http:\/\/escort-technology.com\/pl\/stacje-nawigacyjne-marki-simrad\/\" \/>\n<meta property=\"og:site_name\" content=\"ESCORT TECHNOLOGY\" \/>\n<meta property=\"article:publisher\" content=\"https:\/\/www.facebook.com\/elektronika.morska\/\" \/>\n<meta property=\"article:modified_time\" content=\"2024-07-01T11:39:24+00:00\" \/>\n<meta property=\"og:image\" content=\"https:\/\/escort-technology.com\/wp-content\/uploads\/000-14999-001_01-1.jpg\" \/>\n<meta name=\"twitter:card\" content=\"summary_large_image\" \/>\n<meta name=\"twitter:label1\" content=\"Szacowany czas czytania\" \/>\n\t<meta name=\"twitter:data1\" content=\"1 minuta\" \/>\n<script type=\"application\/ld+json\" class=\"yoast-schema-graph\">{\"@context\":\"https:\\\/\\\/schema.org\",\"@graph\":[{\"@type\":\"WebPage\",\"@id\":\"http:\\\/\\\/escort-technology.com\\\/pl\\\/stacje-nawigacyjne-marki-simrad\\\/\",\"url\":\"http:\\\/\\\/escort-technology.com\\\/pl\\\/stacje-nawigacyjne-marki-simrad\\\/\",\"name\":\"Stacje nawigacyjne marki SIMRAD - ESCORT TECHNOLOGY\",\"isPartOf\":{\"@id\":\"http:\\\/\\\/escort-technology.com\\\/de\\\/#website\"},\"datePublished\":\"2020-07-07T08:26:39+00:00\",\"dateModified\":\"2024-07-01T11:39:24+00:00\",\"breadcrumb\":{\"@id\":\"http:\\\/\\\/escort-technology.com\\\/pl\\\/stacje-nawigacyjne-marki-simrad\\\/#breadcrumb\"},\"inLanguage\":\"pl-PL\",\"potentialAction\":[{\"@type\":\"ReadAction\",\"target\":[\"http:\\\/\\\/escort-technology.com\\\/pl\\\/stacje-nawigacyjne-marki-simrad\\\/\"]}]},{\"@type\":\"BreadcrumbList\",\"@id\":\"http:\\\/\\\/escort-technology.com\\\/pl\\\/stacje-nawigacyjne-marki-simrad\\\/#breadcrumb\",\"itemListElement\":[{\"@type\":\"ListItem\",\"position\":1,\"name\":\"Strona g\u0142\u00f3wna\",\"item\":\"https:\\\/\\\/escort-technology.com\\\/\"},{\"@type\":\"ListItem\",\"position\":2,\"name\":\"Stacje nawigacyjne marki SIMRAD\"}]},{\"@type\":\"WebSite\",\"@id\":\"http:\\\/\\\/escort-technology.com\\\/de\\\/#website\",\"url\":\"http:\\\/\\\/escort-technology.com\\\/de\\\/\",\"name\":\"ESCORT TECHNOLOGY\",\"description\":\"Elektronika morska i l\u0105dowa\",\"publisher\":{\"@id\":\"http:\\\/\\\/escort-technology.com\\\/de\\\/#organization\"},\"potentialAction\":[{\"@type\":\"SearchAction\",\"target\":{\"@type\":\"EntryPoint\",\"urlTemplate\":\"http:\\\/\\\/escort-technology.com\\\/de\\\/?s={search_term_string}\"},\"query-input\":{\"@type\":\"PropertyValueSpecification\",\"valueRequired\":true,\"valueName\":\"search_term_string\"}}],\"inLanguage\":\"pl-PL\"},{\"@type\":\"Organization\",\"@id\":\"http:\\\/\\\/escort-technology.com\\\/de\\\/#organization\",\"name\":\"ESCORT TECHNOLOGY\",\"url\":\"http:\\\/\\\/escort-technology.com\\\/de\\\/\",\"logo\":{\"@type\":\"ImageObject\",\"inLanguage\":\"pl-PL\",\"@id\":\"http:\\\/\\\/escort-technology.com\\\/de\\\/#\\\/schema\\\/logo\\\/image\\\/\",\"url\":\"https:\\\/\\\/escort-technology.com\\\/wp-content\\\/uploads\\\/logo-1.jpg\",\"contentUrl\":\"https:\\\/\\\/escort-technology.com\\\/wp-content\\\/uploads\\\/logo-1.jpg\",\"width\":600,\"height\":165,\"caption\":\"ESCORT TECHNOLOGY\"},\"image\":{\"@id\":\"http:\\\/\\\/escort-technology.com\\\/de\\\/#\\\/schema\\\/logo\\\/image\\\/\"},\"sameAs\":[\"https:\\\/\\\/www.facebook.com\\\/elektronika.morska\\\/\",\"https:\\\/\\\/www.linkedin.com\\\/company\\\/escort-sp-z-o-o-\\\/\"]}]}<\/script>\n<!-- \/ Yoast SEO plugin. -->","yoast_head_json":{"title":"Stacje nawigacyjne marki SIMRAD - ESCORT TECHNOLOGY","robots":{"index":"index","follow":"follow","max-snippet":"max-snippet:-1","max-image-preview":"max-image-preview:large","max-video-preview":"max-video-preview:-1"},"canonical":"http:\/\/escort-technology.com\/pl\/stacje-nawigacyjne-marki-simrad\/","og_locale":"pl_PL","og_type":"article","og_title":"Stacje nawigacyjne marki SIMRAD - ESCORT TECHNOLOGY","og_description":"Stacje nawigacyjne marki SIMRAD Stacje nawigacyjne marki Simrad \u0142\u0105cz\u0105 ze sob\u0105 wiele funkcji takich jak ploter map, echosonda, wska\u017anik radaru i wiele wi\u0119cej. Seria Cruise Ploter z funkcj\u0105 echosondy, wbudowana antena GPS, w zestawie z przetwornikiem. Ekrany o rozmiarach 5 i 9 cali Seria Go Ploter z funkcj\u0105 echosondy, wbudowana antena GPS oraz sie\u0107 NMEA2000. [&hellip;]","og_url":"http:\/\/escort-technology.com\/pl\/stacje-nawigacyjne-marki-simrad\/","og_site_name":"ESCORT TECHNOLOGY","article_publisher":"https:\/\/www.facebook.com\/elektronika.morska\/","article_modified_time":"2024-07-01T11:39:24+00:00","og_image":[{"url":"https:\/\/escort-technology.com\/wp-content\/uploads\/000-14999-001_01-1.jpg","type":"","width":"","height":""}],"twitter_card":"summary_large_image","twitter_misc":{"Szacowany czas czytania":"1 minuta"},"schema":{"@context":"https:\/\/schema.org","@graph":[{"@type":"WebPage","@id":"http:\/\/escort-technology.com\/pl\/stacje-nawigacyjne-marki-simrad\/","url":"http:\/\/escort-technology.com\/pl\/stacje-nawigacyjne-marki-simrad\/","name":"Stacje nawigacyjne marki SIMRAD - ESCORT TECHNOLOGY","isPartOf":{"@id":"http:\/\/escort-technology.com\/de\/#website"},"datePublished":"2020-07-07T08:26:39+00:00","dateModified":"2024-07-01T11:39:24+00:00","breadcrumb":{"@id":"http:\/\/escort-technology.com\/pl\/stacje-nawigacyjne-marki-simrad\/#breadcrumb"},"inLanguage":"pl-PL","potentialAction":[{"@type":"ReadAction","target":["http:\/\/escort-technology.com\/pl\/stacje-nawigacyjne-marki-simrad\/"]}]},{"@type":"BreadcrumbList","@id":"http:\/\/escort-technology.com\/pl\/stacje-nawigacyjne-marki-simrad\/#breadcrumb","itemListElement":[{"@type":"ListItem","position":1,"name":"Strona g\u0142\u00f3wna","item":"https:\/\/escort-technology.com\/"},{"@type":"ListItem","position":2,"name":"Stacje nawigacyjne marki SIMRAD"}]},{"@type":"WebSite","@id":"http:\/\/escort-technology.com\/de\/#website","url":"http:\/\/escort-technology.com\/de\/","name":"ESCORT TECHNOLOGY","description":"Elektronika morska i l\u0105dowa","publisher":{"@id":"http:\/\/escort-technology.com\/de\/#organization"},"potentialAction":[{"@type":"SearchAction","target":{"@type":"EntryPoint","urlTemplate":"http:\/\/escort-technology.com\/de\/?s={search_term_string}"},"query-input":{"@type":"PropertyValueSpecification","valueRequired":true,"valueName":"search_term_string"}}],"inLanguage":"pl-PL"},{"@type":"Organization","@id":"http:\/\/escort-technology.com\/de\/#organization","name":"ESCORT TECHNOLOGY","url":"http:\/\/escort-technology.com\/de\/","logo":{"@type":"ImageObject","inLanguage":"pl-PL","@id":"http:\/\/escort-technology.com\/de\/#\/schema\/logo\/image\/","url":"https:\/\/escort-technology.com\/wp-content\/uploads\/logo-1.jpg","contentUrl":"https:\/\/escort-technology.com\/wp-content\/uploads\/logo-1.jpg","width":600,"height":165,"caption":"ESCORT TECHNOLOGY"},"image":{"@id":"http:\/\/escort-technology.com\/de\/#\/schema\/logo\/image\/"},"sameAs":["https:\/\/www.facebook.com\/elektronika.morska\/","https:\/\/www.linkedin.com\/company\/escort-sp-z-o-o-\/"]}]}},"_links":{"self":[{"href":"https:\/\/escort-technology.com\/pl\/wp-json\/wp\/v2\/pages\/6470","targetHints":{"allow":["GET"]}}],"collection":[{"href":"https:\/\/escort-technology.com\/pl\/wp-json\/wp\/v2\/pages"}],"about":[{"href":"https:\/\/escort-technology.com\/pl\/wp-json\/wp\/v2\/types\/page"}],"author":[{"embeddable":true,"href":"https:\/\/escort-technology.com\/pl\/wp-json\/wp\/v2\/users\/10"}],"replies":[{"embeddable":true,"href":"https:\/\/escort-technology.com\/pl\/wp-json\/wp\/v2\/comments?post=6470"}],"version-history":[{"count":36,"href":"https:\/\/escort-technology.com\/pl\/wp-json\/wp\/v2\/pages\/6470\/revisions"}],"predecessor-version":[{"id":13911,"href":"https:\/\/escort-technology.com\/pl\/wp-json\/wp\/v2\/pages\/6470\/revisions\/13911"}],"wp:attachment":[{"href":"https:\/\/escort-technology.com\/pl\/wp-json\/wp\/v2\/media?parent=6470"}],"curies":[{"name":"wp","href":"https:\/\/api.w.org\/{rel}","templated":true}]}}