{"id":6493,"date":"2020-11-17T14:51:15","date_gmt":"2020-11-17T13:51:15","guid":{"rendered":"https:\/\/escort-technology.com\/?page_id=6493"},"modified":"2020-11-17T14:51:15","modified_gmt":"2020-11-17T13:51:15","slug":"stacje-nawigacyjne-marki-lowrance","status":"publish","type":"page","link":"https:\/\/escort-technology.com\/pl\/stacje-nawigacyjne-marki-lowrance\/","title":{"rendered":"Stacje nawigacyjne marki Lowrance"},"content":{"rendered":"<h1>Stacje nawigacyjne marki LOWRANCE<\/h1>\n<hr>\n<p><img decoding=\"async\" src=\"wp-content\/uploads\/7_FF_50_200_FishReveal.Blue_.png\" alt=\"\"><\/p>\n<div>\n<h3>Seria Hook Reveal<\/h3>\n<p>Echosonda z funkcj\u0105 plotera. Dost\u0119pne r\u00f3\u017cne wersje i konfiguracje. Ekrany dost\u0119pne w rozmiarach 5, 7 i 9 cali.\u00a0<\/p>\n<\/div>\n<p><img decoding=\"async\" src=\"wp-content\/uploads\/ELITE_TI2_12_MAIN.png\" alt=\"\"><\/p>\n<div>\n<div class=\"uk-margin\" data-id=\"page#10\">\n<h3>Seria Elite<\/h3>\n<p>Echosonda z funkcj\u0105 plotera. Dost\u0119pne r\u00f3\u017cne wersje i konfiguracje. Ekrany dost\u0119pne w rozmiarach 7, 9 i 12 cali.\u00a0<\/p>\n<\/div>\n<\/div>\n<p><img decoding=\"async\" src=\"wp-content\/uploads\/HDS_LIVE_MAIN_9.png\" alt=\"\"><\/p>\n<div>\n<div class=\"uk-margin\" data-id=\"page#10\">\n<h3>Seria HDS Live<\/h3>\n<p>Echosonda z funkcj\u0105 plotera. Dost\u0119pne r\u00f3\u017cne wersje i konfiguracje. Ekrany dost\u0119pne w rozmiarach 7, 9, 12 i 16 cali.\u00a0<\/p>\n<\/div>\n<\/div>\n<p><!-- {\"type\":\"layout\",\"children\":[{\"type\":\"section\",\"props\":{\"style\":\"default\",\"width\":\"default\",\"vertical_align\":\"middle\",\"title_position\":\"top-left\",\"title_rotation\":\"left\",\"title_breakpoint\":\"xl\",\"image_position\":\"center-center\",\"text_color\":\"\",\"width_expand\":\"\",\"height\":\"\",\"padding\":\"\",\"header_transparent\":\"\",\"animation\":\"\"},\"children\":[{\"type\":\"row\",\"props\":{\"layout\":\"1-1\",\"breakpoint\":\"m\",\"fixed_width\":\"large\",\"gutter\":\"\",\"width\":\"\",\"width_expand\":\"\",\"height\":\"\",\"margin\":\"\"},\"children\":[{\"type\":\"column\",\"props\":{\"widths\":[\"1-1\"],\"image_position\":\"center-center\",\"media_overlay_gradient\":\"\",\"vertical_align\":\"\",\"style\":\"\",\"text_color\":\"\",\"padding\":\"\"},\"children\":[{\"type\":\"headline\",\"props\":{\"title_element\":\"h1\",\"title_style\":\"\",\"title_decoration\":\"\",\"title_color\":\"\",\"text_align\":\"\",\"text_align_breakpoint\":\"\",\"text_align_fallback\":\"\",\"maxwidth\":\"\",\"maxwidth_align\":\"\",\"maxwidth_breakpoint\":\"\",\"margin\":\"\",\"animation\":\"\",\"visibility\":\"\",\"content\":\"Stacje nawigacyjne marki LOWRANCE\"}},{\"type\":\"divider\",\"props\":{\"divider_element\":\"hr\",\"divider_style\":\"\",\"divider_align\":\"\",\"divider_align_breakpoint\":\"\",\"divider_align_fallback\":\"\",\"maxwidth\":\"\",\"maxwidth_align\":\"\",\"maxwidth_breakpoint\":\"\",\"margin\":\"\",\"animation\":\"\",\"visibility\":\"\"}}]}]}]},{\"type\":\"section\",\"props\":{\"style\":\"default\",\"width\":\"default\",\"vertical_align\":\"middle\",\"title_position\":\"top-left\",\"title_rotation\":\"left\",\"title_breakpoint\":\"xl\",\"image_position\":\"center-center\",\"text_color\":\"\",\"width_expand\":\"\",\"height\":\"\",\"padding\":\"\",\"header_transparent\":\"\",\"animation\":\"\"},\"children\":[{\"type\":\"row\",\"props\":{\"layout\":\",,\",\"breakpoint\":\"m\",\"fixed_width\":\"large\",\"gutter\":\"\",\"width\":\"\",\"width_expand\":\"\",\"height\":\"\",\"margin\":\"\"},\"children\":[{\"type\":\"column\",\"props\":{\"widths\":[\"\"],\"image_position\":\"center-center\",\"media_overlay_gradient\":\"\",\"vertical_align\":\"\",\"style\":\"\",\"text_color\":\"\",\"padding\":\"\"},\"children\":[{\"type\":\"image\",\"props\":{\"margin\":\"default\",\"link_target\":\"\",\"image_border\":\"\",\"image_box_shadow\":\"\",\"image_hover_box_shadow\":\"\",\"image_box_decoration\":\"\",\"text_align\":\"center\",\"text_align_breakpoint\":\"\",\"text_align_fallback\":\"\",\"maxwidth\":\"\",\"maxwidth_align\":\"\",\"maxwidth_breakpoint\":\"\",\"animation\":\"\",\"visibility\":\"\",\"image\":\"wp-content\\\/uploads\\\/7_FF_50_200_FishReveal.Blue_.png\",\"image_width\":\"250\"}},{\"type\":\"text\",\"props\":{\"margin\":\"default\",\"column_breakpoint\":\"m\",\"text_style\":\"\",\"text_color\":\"\",\"text_size\":\"\",\"column\":\"\",\"text_align\":\"\",\"text_align_breakpoint\":\"\",\"text_align_fallback\":\"\",\"maxwidth\":\"\",\"maxwidth_align\":\"\",\"maxwidth_breakpoint\":\"\",\"animation\":\"\",\"visibility\":\"\",\"content\":\"\n\n<h3>Seria Hook Reveal<\\\/h3>\\n\n\n<p>Echosonda z funkcj\\u0105 plotera. Dost\\u0119pne r\\u00f3\\u017cne wersje i konfiguracje. Ekrany dost\\u0119pne w rozmiarach 5, 7 i 9 cali.\\u00a0<\\\/p>\"}}]},{\"type\":\"column\",\"props\":{\"widths\":[\"\"],\"image_position\":\"center-center\",\"media_overlay_gradient\":\"\",\"vertical_align\":\"\",\"style\":\"\",\"text_color\":\"\",\"padding\":\"\"},\"children\":[{\"type\":\"image\",\"props\":{\"margin\":\"default\",\"link_target\":\"\",\"image_border\":\"\",\"image_box_shadow\":\"\",\"image_hover_box_shadow\":\"\",\"image_box_decoration\":\"\",\"text_align\":\"center\",\"text_align_breakpoint\":\"\",\"text_align_fallback\":\"\",\"maxwidth\":\"\",\"maxwidth_align\":\"\",\"maxwidth_breakpoint\":\"\",\"animation\":\"\",\"visibility\":\"\",\"image\":\"wp-content\\\/uploads\\\/ELITE_TI2_12_MAIN.png\",\"image_width\":\"200\"}},{\"type\":\"text\",\"props\":{\"margin\":\"default\",\"column_breakpoint\":\"m\",\"text_style\":\"\",\"text_color\":\"\",\"text_size\":\"\",\"column\":\"\",\"text_align\":\"\",\"text_align_breakpoint\":\"\",\"text_align_fallback\":\"\",\"maxwidth\":\"\",\"maxwidth_align\":\"\",\"maxwidth_breakpoint\":\"\",\"animation\":\"\",\"visibility\":\"\",\"content\":\"\n\n<div class=\\\"uk-margin\\\" data-id=\\\"page#10\\\">\\n\n\n<h3>Seria Elite<\\\/h3>\\n\n\n<p>Echosonda z funkcj\\u0105 plotera. Dost\\u0119pne r\\u00f3\\u017cne wersje i konfiguracje. Ekrany dost\\u0119pne w rozmiarach 7, 9 i 12 cali.\\u00a0<\\\/p>\\n<\\\/div>\"}}]},{\"type\":\"column\",\"props\":{\"widths\":[\"\"],\"image_position\":\"center-center\",\"media_overlay_gradient\":\"\",\"vertical_align\":\"\",\"style\":\"\",\"text_color\":\"\",\"padding\":\"\"},\"children\":[{\"type\":\"image\",\"props\":{\"margin\":\"default\",\"link_target\":\"\",\"image_border\":\"\",\"image_box_shadow\":\"\",\"image_hover_box_shadow\":\"\",\"image_box_decoration\":\"\",\"text_align\":\"center\",\"text_align_breakpoint\":\"\",\"text_align_fallback\":\"\",\"maxwidth\":\"\",\"maxwidth_align\":\"\",\"maxwidth_breakpoint\":\"\",\"animation\":\"\",\"visibility\":\"\",\"image\":\"wp-content\\\/uploads\\\/HDS_LIVE_MAIN_9.png\",\"image_width\":\"250\"}},{\"type\":\"text\",\"props\":{\"margin\":\"default\",\"column_breakpoint\":\"m\",\"text_style\":\"\",\"text_color\":\"\",\"text_size\":\"\",\"column\":\"\",\"text_align\":\"\",\"text_align_breakpoint\":\"\",\"text_align_fallback\":\"\",\"maxwidth\":\"\",\"maxwidth_align\":\"\",\"maxwidth_breakpoint\":\"\",\"animation\":\"\",\"visibility\":\"\",\"content\":\"\n\n<div class=\\\"uk-margin\\\" data-id=\\\"page#10\\\">\\n\n\n<h3>Seria HDS Live<\\\/h3>\\n\n\n<p>Echosonda z funkcj\\u0105 plotera. Dost\\u0119pne r\\u00f3\\u017cne wersje i konfiguracje. Ekrany dost\\u0119pne w rozmiarach 7, 9, 12 i 16 cali.\\u00a0<\\\/p>\\n<\\\/div>\"}}]}]}]}]} --><\/p>\n","protected":false},"excerpt":{"rendered":"<p>Stacje nawigacyjne marki LOWRANCE Seria Hook Reveal Echosonda z funkcj\u0105 plotera. Dost\u0119pne r\u00f3\u017cne wersje i konfiguracje. Ekrany dost\u0119pne w rozmiarach 5, 7 i 9 cali.\u00a0 Seria Elite Echosonda z funkcj\u0105 plotera. Dost\u0119pne r\u00f3\u017cne wersje i konfiguracje. Ekrany dost\u0119pne w rozmiarach 7, 9 i 12 cali.\u00a0 Seria HDS Live Echosonda z funkcj\u0105 plotera. Dost\u0119pne r\u00f3\u017cne wersje [&hellip;]<\/p>\n","protected":false},"author":10,"featured_media":0,"parent":0,"menu_order":0,"comment_status":"closed","ping_status":"closed","template":"","meta":{"footnotes":""},"class_list":["post-6493","page","type-page","status-publish","hentry"],"yoast_head":"<!-- This site is optimized with the Yoast SEO plugin v27.6 - https:\/\/yoast.com\/product\/yoast-seo-wordpress\/ -->\n<title>Stacje nawigacyjne marki Lowrance - ESCORT TECHNOLOGY<\/title>\n<meta name=\"robots\" content=\"index, follow, max-snippet:-1, max-image-preview:large, max-video-preview:-1\" \/>\n<link rel=\"canonical\" href=\"https:\/\/escort-technology.com\/pl\/stacje-nawigacyjne-marki-lowrance\/\" \/>\n<meta property=\"og:locale\" content=\"pl_PL\" \/>\n<meta property=\"og:type\" content=\"article\" \/>\n<meta property=\"og:title\" content=\"Stacje nawigacyjne marki Lowrance - ESCORT TECHNOLOGY\" \/>\n<meta property=\"og:description\" content=\"Stacje nawigacyjne marki LOWRANCE Seria Hook Reveal Echosonda z funkcj\u0105 plotera. Dost\u0119pne r\u00f3\u017cne wersje i konfiguracje. Ekrany dost\u0119pne w rozmiarach 5, 7 i 9 cali.\u00a0 Seria Elite Echosonda z funkcj\u0105 plotera. Dost\u0119pne r\u00f3\u017cne wersje i konfiguracje. Ekrany dost\u0119pne w rozmiarach 7, 9 i 12 cali.\u00a0 Seria HDS Live Echosonda z funkcj\u0105 plotera. Dost\u0119pne r\u00f3\u017cne wersje [&hellip;]\" \/>\n<meta property=\"og:url\" content=\"https:\/\/escort-technology.com\/pl\/stacje-nawigacyjne-marki-lowrance\/\" \/>\n<meta property=\"og:site_name\" content=\"ESCORT TECHNOLOGY\" \/>\n<meta property=\"article:publisher\" content=\"https:\/\/www.facebook.com\/elektronika.morska\/\" \/>\n<meta property=\"og:image\" content=\"http:\/\/wp-content\/uploads\/7_FF_50_200_FishReveal.Blue_.png\" \/>\n<meta name=\"twitter:card\" content=\"summary_large_image\" \/>\n<script type=\"application\/ld+json\" class=\"yoast-schema-graph\">{\"@context\":\"https:\\\/\\\/schema.org\",\"@graph\":[{\"@type\":\"WebPage\",\"@id\":\"https:\\\/\\\/escort-technology.com\\\/en\\\/stacje-nawigacyjne-marki-lowrance\\\/\",\"url\":\"https:\\\/\\\/escort-technology.com\\\/en\\\/stacje-nawigacyjne-marki-lowrance\\\/\",\"name\":\"Stacje nawigacyjne marki Lowrance - ESCORT TECHNOLOGY\",\"isPartOf\":{\"@id\":\"http:\\\/\\\/escort-technology.com\\\/de\\\/#website\"},\"datePublished\":\"2020-11-17T13:51:15+00:00\",\"breadcrumb\":{\"@id\":\"https:\\\/\\\/escort-technology.com\\\/en\\\/stacje-nawigacyjne-marki-lowrance\\\/#breadcrumb\"},\"inLanguage\":\"pl-PL\",\"potentialAction\":[{\"@type\":\"ReadAction\",\"target\":[\"https:\\\/\\\/escort-technology.com\\\/en\\\/stacje-nawigacyjne-marki-lowrance\\\/\"]}]},{\"@type\":\"BreadcrumbList\",\"@id\":\"https:\\\/\\\/escort-technology.com\\\/en\\\/stacje-nawigacyjne-marki-lowrance\\\/#breadcrumb\",\"itemListElement\":[{\"@type\":\"ListItem\",\"position\":1,\"name\":\"Strona g\u0142\u00f3wna\",\"item\":\"https:\\\/\\\/escort-technology.com\\\/\"},{\"@type\":\"ListItem\",\"position\":2,\"name\":\"Stacje nawigacyjne marki Lowrance\"}]},{\"@type\":\"WebSite\",\"@id\":\"http:\\\/\\\/escort-technology.com\\\/de\\\/#website\",\"url\":\"http:\\\/\\\/escort-technology.com\\\/de\\\/\",\"name\":\"ESCORT TECHNOLOGY\",\"description\":\"Elektronika morska i l\u0105dowa\",\"publisher\":{\"@id\":\"http:\\\/\\\/escort-technology.com\\\/de\\\/#organization\"},\"potentialAction\":[{\"@type\":\"SearchAction\",\"target\":{\"@type\":\"EntryPoint\",\"urlTemplate\":\"http:\\\/\\\/escort-technology.com\\\/de\\\/?s={search_term_string}\"},\"query-input\":{\"@type\":\"PropertyValueSpecification\",\"valueRequired\":true,\"valueName\":\"search_term_string\"}}],\"inLanguage\":\"pl-PL\"},{\"@type\":\"Organization\",\"@id\":\"http:\\\/\\\/escort-technology.com\\\/de\\\/#organization\",\"name\":\"ESCORT TECHNOLOGY\",\"url\":\"http:\\\/\\\/escort-technology.com\\\/de\\\/\",\"logo\":{\"@type\":\"ImageObject\",\"inLanguage\":\"pl-PL\",\"@id\":\"http:\\\/\\\/escort-technology.com\\\/de\\\/#\\\/schema\\\/logo\\\/image\\\/\",\"url\":\"https:\\\/\\\/escort-technology.com\\\/wp-content\\\/uploads\\\/logo-1.jpg\",\"contentUrl\":\"https:\\\/\\\/escort-technology.com\\\/wp-content\\\/uploads\\\/logo-1.jpg\",\"width\":600,\"height\":165,\"caption\":\"ESCORT TECHNOLOGY\"},\"image\":{\"@id\":\"http:\\\/\\\/escort-technology.com\\\/de\\\/#\\\/schema\\\/logo\\\/image\\\/\"},\"sameAs\":[\"https:\\\/\\\/www.facebook.com\\\/elektronika.morska\\\/\",\"https:\\\/\\\/www.linkedin.com\\\/company\\\/escort-sp-z-o-o-\\\/\"]}]}<\/script>\n<!-- \/ Yoast SEO plugin. -->","yoast_head_json":{"title":"Stacje nawigacyjne marki Lowrance - ESCORT TECHNOLOGY","robots":{"index":"index","follow":"follow","max-snippet":"max-snippet:-1","max-image-preview":"max-image-preview:large","max-video-preview":"max-video-preview:-1"},"canonical":"https:\/\/escort-technology.com\/pl\/stacje-nawigacyjne-marki-lowrance\/","og_locale":"pl_PL","og_type":"article","og_title":"Stacje nawigacyjne marki Lowrance - ESCORT TECHNOLOGY","og_description":"Stacje nawigacyjne marki LOWRANCE Seria Hook Reveal Echosonda z funkcj\u0105 plotera. Dost\u0119pne r\u00f3\u017cne wersje i konfiguracje. Ekrany dost\u0119pne w rozmiarach 5, 7 i 9 cali.\u00a0 Seria Elite Echosonda z funkcj\u0105 plotera. Dost\u0119pne r\u00f3\u017cne wersje i konfiguracje. Ekrany dost\u0119pne w rozmiarach 7, 9 i 12 cali.\u00a0 Seria HDS Live Echosonda z funkcj\u0105 plotera. Dost\u0119pne r\u00f3\u017cne wersje [&hellip;]","og_url":"https:\/\/escort-technology.com\/pl\/stacje-nawigacyjne-marki-lowrance\/","og_site_name":"ESCORT TECHNOLOGY","article_publisher":"https:\/\/www.facebook.com\/elektronika.morska\/","og_image":[{"url":"wp-content\/uploads\/7_FF_50_200_FishReveal.Blue_.png","type":"","width":"","height":""}],"twitter_card":"summary_large_image","schema":{"@context":"https:\/\/schema.org","@graph":[{"@type":"WebPage","@id":"https:\/\/escort-technology.com\/en\/stacje-nawigacyjne-marki-lowrance\/","url":"https:\/\/escort-technology.com\/en\/stacje-nawigacyjne-marki-lowrance\/","name":"Stacje nawigacyjne marki Lowrance - ESCORT TECHNOLOGY","isPartOf":{"@id":"http:\/\/escort-technology.com\/de\/#website"},"datePublished":"2020-11-17T13:51:15+00:00","breadcrumb":{"@id":"https:\/\/escort-technology.com\/en\/stacje-nawigacyjne-marki-lowrance\/#breadcrumb"},"inLanguage":"pl-PL","potentialAction":[{"@type":"ReadAction","target":["https:\/\/escort-technology.com\/en\/stacje-nawigacyjne-marki-lowrance\/"]}]},{"@type":"BreadcrumbList","@id":"https:\/\/escort-technology.com\/en\/stacje-nawigacyjne-marki-lowrance\/#breadcrumb","itemListElement":[{"@type":"ListItem","position":1,"name":"Strona g\u0142\u00f3wna","item":"https:\/\/escort-technology.com\/"},{"@type":"ListItem","position":2,"name":"Stacje nawigacyjne marki Lowrance"}]},{"@type":"WebSite","@id":"http:\/\/escort-technology.com\/de\/#website","url":"http:\/\/escort-technology.com\/de\/","name":"ESCORT TECHNOLOGY","description":"Elektronika morska i l\u0105dowa","publisher":{"@id":"http:\/\/escort-technology.com\/de\/#organization"},"potentialAction":[{"@type":"SearchAction","target":{"@type":"EntryPoint","urlTemplate":"http:\/\/escort-technology.com\/de\/?s={search_term_string}"},"query-input":{"@type":"PropertyValueSpecification","valueRequired":true,"valueName":"search_term_string"}}],"inLanguage":"pl-PL"},{"@type":"Organization","@id":"http:\/\/escort-technology.com\/de\/#organization","name":"ESCORT TECHNOLOGY","url":"http:\/\/escort-technology.com\/de\/","logo":{"@type":"ImageObject","inLanguage":"pl-PL","@id":"http:\/\/escort-technology.com\/de\/#\/schema\/logo\/image\/","url":"https:\/\/escort-technology.com\/wp-content\/uploads\/logo-1.jpg","contentUrl":"https:\/\/escort-technology.com\/wp-content\/uploads\/logo-1.jpg","width":600,"height":165,"caption":"ESCORT TECHNOLOGY"},"image":{"@id":"http:\/\/escort-technology.com\/de\/#\/schema\/logo\/image\/"},"sameAs":["https:\/\/www.facebook.com\/elektronika.morska\/","https:\/\/www.linkedin.com\/company\/escort-sp-z-o-o-\/"]}]}},"_links":{"self":[{"href":"https:\/\/escort-technology.com\/pl\/wp-json\/wp\/v2\/pages\/6493","targetHints":{"allow":["GET"]}}],"collection":[{"href":"https:\/\/escort-technology.com\/pl\/wp-json\/wp\/v2\/pages"}],"about":[{"href":"https:\/\/escort-technology.com\/pl\/wp-json\/wp\/v2\/types\/page"}],"author":[{"embeddable":true,"href":"https:\/\/escort-technology.com\/pl\/wp-json\/wp\/v2\/users\/10"}],"replies":[{"embeddable":true,"href":"https:\/\/escort-technology.com\/pl\/wp-json\/wp\/v2\/comments?post=6493"}],"version-history":[{"count":3,"href":"https:\/\/escort-technology.com\/pl\/wp-json\/wp\/v2\/pages\/6493\/revisions"}],"predecessor-version":[{"id":6499,"href":"https:\/\/escort-technology.com\/pl\/wp-json\/wp\/v2\/pages\/6493\/revisions\/6499"}],"wp:attachment":[{"href":"https:\/\/escort-technology.com\/pl\/wp-json\/wp\/v2\/media?parent=6493"}],"curies":[{"name":"wp","href":"https:\/\/api.w.org\/{rel}","templated":true}]}}