{"id":6503,"date":"2020-07-08T08:44:11","date_gmt":"2020-07-08T06:44:11","guid":{"rendered":"https:\/\/escort-technology.com\/?page_id=6503"},"modified":"2020-07-08T08:45:24","modified_gmt":"2020-07-08T06:45:24","slug":"stacje-nawigacyjne-marki-bg","status":"publish","type":"page","link":"https:\/\/escort-technology.com\/pl\/stacje-nawigacyjne-marki-bg\/","title":{"rendered":"Stacje nawigacyjne marki B&#038;G"},"content":{"rendered":"<h1>Stacje nawigacyjne marki B&amp;G<\/h1>\n<hr>\n<p><img decoding=\"async\" src=\"wp-content\/uploads\/vv7000-14082-001.jpg\" alt=\"\"><\/p>\n<div>\n<h3>Seria Vulcan<\/h3>\n<p>Stacje nawigacyjne z funkcj\u0105 echosondy, wbudowana antena GPS oraz sie\u0107 NMEA2000. Ekrany o rozmiarach\u00a0 7, 9 i\u00a0 12 cali.<\/p>\n<\/div>\n<p><img decoding=\"async\" src=\"wp-content\/uploads\/Zeus3_12.png\" alt=\"\"><\/p>\n<div>\n<div class=\"uk-margin\" data-id=\"page#10\">\n<h3>Seria Zeus3<\/h3>\n<p>Stacje nawigacyjne z funkcj\u0105 echosondy, wbudowana antena GPS oraz sie\u0107 NMEA2000. Ekrany o rozmiarach\u00a0 7, 9, 12 i 16 cali.<\/p>\n<\/div>\n<\/div>\n<p><img decoding=\"async\" src=\"wp-content\/uploads\/ZESU2_GH_KIT.png\" alt=\"\"><\/p>\n<div>\n<h3>Seria Zeus3S Glass Helm<\/h3>\n<p>Wersja modu\u0142owa plotera z mo\u017cliwo\u015bci\u0105 doboru dowolnego monitora. Wbudowana sie\u0107 NMEA2000. Wyb\u00f3r ekranu marki B&amp;G 16, 19 i 24 cali.<\/p>\n<\/div>\n<p><!-- {\"type\":\"layout\",\"children\":[{\"type\":\"section\",\"props\":{\"style\":\"default\",\"width\":\"default\",\"vertical_align\":\"middle\",\"title_position\":\"top-left\",\"title_rotation\":\"left\",\"title_breakpoint\":\"xl\",\"image_position\":\"center-center\",\"text_color\":\"\",\"width_expand\":\"\",\"height\":\"\",\"padding\":\"\",\"header_transparent\":\"\",\"animation\":\"\",\"image_effect\":\"\"},\"children\":[{\"type\":\"row\",\"props\":{\"layout\":\"1-1\",\"breakpoint\":\"m\",\"fixed_width\":\"large\",\"gutter\":\"\",\"width\":\"\",\"width_expand\":\"\",\"height\":\"\",\"margin\":\"\"},\"children\":[{\"type\":\"column\",\"props\":{\"widths\":[\"1-1\"],\"image_position\":\"center-center\",\"media_overlay_gradient\":\"\",\"vertical_align\":\"\",\"style\":\"\",\"text_color\":\"\",\"padding\":\"\"},\"children\":[{\"type\":\"headline\",\"props\":{\"title_element\":\"h1\",\"title_style\":\"\",\"title_decoration\":\"\",\"title_color\":\"\",\"text_align\":\"\",\"text_align_breakpoint\":\"\",\"text_align_fallback\":\"\",\"maxwidth\":\"\",\"maxwidth_align\":\"\",\"maxwidth_breakpoint\":\"\",\"margin\":\"\",\"animation\":\"\",\"visibility\":\"\",\"content\":\"Stacje nawigacyjne marki B&amp;G\"}},{\"type\":\"divider\",\"props\":{\"divider_element\":\"hr\",\"divider_style\":\"\",\"divider_align\":\"\",\"divider_align_breakpoint\":\"\",\"divider_align_fallback\":\"\",\"maxwidth\":\"\",\"maxwidth_align\":\"\",\"maxwidth_breakpoint\":\"\",\"margin\":\"\",\"animation\":\"\",\"visibility\":\"\"}}]}]}]},{\"type\":\"section\",\"props\":{\"style\":\"default\",\"width\":\"default\",\"vertical_align\":\"middle\",\"title_position\":\"top-left\",\"title_rotation\":\"left\",\"title_breakpoint\":\"xl\",\"image_position\":\"center-center\",\"text_color\":\"\",\"width_expand\":\"\",\"height\":\"\",\"padding\":\"\",\"header_transparent\":\"\",\"animation\":\"\",\"image_effect\":\"\"},\"children\":[{\"type\":\"row\",\"props\":{\"layout\":\",,\",\"breakpoint\":\"m\",\"fixed_width\":\"large\",\"gutter\":\"\",\"width\":\"\",\"width_expand\":\"\",\"height\":\"\",\"margin\":\"\"},\"children\":[{\"type\":\"column\",\"props\":{\"widths\":[\"\"],\"image_position\":\"center-center\",\"media_overlay_gradient\":\"\",\"vertical_align\":\"\",\"style\":\"\",\"text_color\":\"\",\"padding\":\"\"},\"children\":[{\"type\":\"image\",\"props\":{\"margin\":\"default\",\"link_target\":\"\",\"image_border\":\"\",\"image_box_shadow\":\"\",\"image_hover_box_shadow\":\"\",\"image_box_decoration\":\"\",\"text_align\":\"center\",\"text_align_breakpoint\":\"\",\"text_align_fallback\":\"\",\"maxwidth\":\"\",\"maxwidth_align\":\"\",\"maxwidth_breakpoint\":\"\",\"animation\":\"\",\"visibility\":\"\",\"image\":\"wp-content\\\/uploads\\\/vv7000-14082-001.jpg\"}},{\"type\":\"text\",\"props\":{\"margin\":\"default\",\"column_breakpoint\":\"m\",\"text_style\":\"\",\"text_color\":\"\",\"text_size\":\"\",\"column\":\"\",\"text_align\":\"\",\"text_align_breakpoint\":\"\",\"text_align_fallback\":\"\",\"maxwidth\":\"\",\"maxwidth_align\":\"\",\"maxwidth_breakpoint\":\"\",\"animation\":\"\",\"visibility\":\"\",\"content\":\"\n\n<h3>Seria Vulcan<\\\/h3>\\n\n\n<p>Stacje nawigacyjne z funkcj\\u0105 echosondy, wbudowana antena GPS oraz sie\\u0107 NMEA2000. Ekrany o rozmiarach\\u00a0 7, 9 i\\u00a0 12 cali.<\\\/p>\"}}]},{\"type\":\"column\",\"props\":{\"widths\":[\"\"],\"image_position\":\"center-center\",\"media_overlay_gradient\":\"\",\"vertical_align\":\"\",\"style\":\"\",\"text_color\":\"\",\"padding\":\"\"},\"children\":[{\"type\":\"image\",\"props\":{\"margin\":\"default\",\"link_target\":\"\",\"image_border\":\"\",\"image_box_shadow\":\"\",\"image_hover_box_shadow\":\"\",\"image_box_decoration\":\"\",\"text_align\":\"center\",\"text_align_breakpoint\":\"\",\"text_align_fallback\":\"\",\"maxwidth\":\"\",\"maxwidth_align\":\"\",\"maxwidth_breakpoint\":\"\",\"animation\":\"\",\"visibility\":\"\",\"image\":\"wp-content\\\/uploads\\\/Zeus3_12.png\",\"image_width\":\"250\"}},{\"type\":\"text\",\"props\":{\"margin\":\"default\",\"column_breakpoint\":\"m\",\"text_style\":\"\",\"text_color\":\"\",\"text_size\":\"\",\"column\":\"\",\"text_align\":\"\",\"text_align_breakpoint\":\"\",\"text_align_fallback\":\"\",\"maxwidth\":\"\",\"maxwidth_align\":\"\",\"maxwidth_breakpoint\":\"\",\"animation\":\"\",\"visibility\":\"\",\"content\":\"\n\n<div class=\\\"uk-margin\\\" data-id=\\\"page#10\\\">\\n\n\n<h3>Seria Zeus3<\\\/h3>\\n\n\n<p>Stacje nawigacyjne z funkcj\\u0105 echosondy, wbudowana antena GPS oraz sie\\u0107 NMEA2000. Ekrany o rozmiarach\\u00a0 7, 9, 12 i 16 cali.<\\\/p>\\n<\\\/div>\"}}]},{\"type\":\"column\",\"props\":{\"widths\":[\"\"],\"image_position\":\"center-center\",\"media_overlay_gradient\":\"\",\"vertical_align\":\"\",\"style\":\"\",\"text_color\":\"\",\"padding\":\"\"},\"children\":[{\"type\":\"image\",\"props\":{\"margin\":\"default\",\"link_target\":\"\",\"image_border\":\"\",\"image_box_shadow\":\"\",\"image_hover_box_shadow\":\"\",\"image_box_decoration\":\"\",\"text_align\":\"center\",\"text_align_breakpoint\":\"\",\"text_align_fallback\":\"\",\"maxwidth\":\"\",\"maxwidth_align\":\"\",\"maxwidth_breakpoint\":\"\",\"animation\":\"\",\"visibility\":\"\",\"image\":\"wp-content\\\/uploads\\\/ZESU2_GH_KIT.png\",\"image_width\":\"200\"}},{\"type\":\"text\",\"props\":{\"margin\":\"default\",\"column_breakpoint\":\"m\",\"text_style\":\"\",\"text_color\":\"\",\"text_size\":\"\",\"column\":\"\",\"text_align\":\"\",\"text_align_breakpoint\":\"\",\"text_align_fallback\":\"\",\"maxwidth\":\"\",\"maxwidth_align\":\"\",\"maxwidth_breakpoint\":\"\",\"animation\":\"\",\"visibility\":\"\",\"content\":\"\n\n<h3>Seria Zeus3S Glass Helm<\\\/h3>\\n\n\n<p>Wersja modu\\u0142owa plotera z mo\\u017cliwo\\u015bci\\u0105 doboru dowolnego monitora. Wbudowana sie\\u0107 NMEA2000. Wyb\\u00f3r ekranu marki B&amp;G 16, 19 i 24 cali.<\\\/p>\"}}]}]}]}],\"props\":[],\"version\":\"1.18.0\"} --><\/p>\n","protected":false},"excerpt":{"rendered":"<p>Stacje nawigacyjne marki B&amp;G Seria Vulcan Stacje nawigacyjne z funkcj\u0105 echosondy, wbudowana antena GPS oraz sie\u0107 NMEA2000. Ekrany o rozmiarach\u00a0 7, 9 i\u00a0 12 cali. Seria Zeus3 Stacje nawigacyjne z funkcj\u0105 echosondy, wbudowana antena GPS oraz sie\u0107 NMEA2000. Ekrany o rozmiarach\u00a0 7, 9, 12 i 16 cali. Seria Zeus3S Glass Helm Wersja modu\u0142owa plotera z [&hellip;]<\/p>\n","protected":false},"author":10,"featured_media":0,"parent":0,"menu_order":0,"comment_status":"closed","ping_status":"closed","template":"","meta":{"footnotes":""},"class_list":["post-6503","page","type-page","status-publish","hentry"],"yoast_head":"<!-- This site is optimized with the Yoast SEO plugin v27.6 - https:\/\/yoast.com\/product\/yoast-seo-wordpress\/ -->\n<title>Stacje nawigacyjne marki B&amp;G - ESCORT TECHNOLOGY<\/title>\n<meta name=\"robots\" content=\"index, follow, max-snippet:-1, max-image-preview:large, max-video-preview:-1\" \/>\n<link rel=\"canonical\" href=\"https:\/\/escort-technology.com\/pl\/de\/stacje-nawigacyjne-marki-bg\/\" \/>\n<meta property=\"og:locale\" content=\"pl_PL\" \/>\n<meta property=\"og:type\" content=\"article\" \/>\n<meta property=\"og:title\" content=\"Stacje nawigacyjne marki B&amp;G - ESCORT TECHNOLOGY\" \/>\n<meta property=\"og:description\" content=\"Stacje nawigacyjne marki B&amp;G Seria Vulcan Stacje nawigacyjne z funkcj\u0105 echosondy, wbudowana antena GPS oraz sie\u0107 NMEA2000. Ekrany o rozmiarach\u00a0 7, 9 i\u00a0 12 cali. Seria Zeus3 Stacje nawigacyjne z funkcj\u0105 echosondy, wbudowana antena GPS oraz sie\u0107 NMEA2000. Ekrany o rozmiarach\u00a0 7, 9, 12 i 16 cali. Seria Zeus3S Glass Helm Wersja modu\u0142owa plotera z [&hellip;]\" \/>\n<meta property=\"og:url\" content=\"https:\/\/escort-technology.com\/pl\/de\/stacje-nawigacyjne-marki-bg\/\" \/>\n<meta property=\"og:site_name\" content=\"ESCORT TECHNOLOGY\" \/>\n<meta property=\"article:publisher\" content=\"https:\/\/www.facebook.com\/elektronika.morska\/\" \/>\n<meta property=\"article:modified_time\" content=\"2020-07-08T06:45:24+00:00\" \/>\n<meta property=\"og:image\" content=\"http:\/\/wp-content\/uploads\/vv7000-14082-001.jpg\" \/>\n<meta name=\"twitter:card\" content=\"summary_large_image\" \/>\n<script type=\"application\/ld+json\" class=\"yoast-schema-graph\">{\"@context\":\"https:\\\/\\\/schema.org\",\"@graph\":[{\"@type\":\"WebPage\",\"@id\":\"https:\\\/\\\/escort-technology.com\\\/de\\\/stacje-nawigacyjne-marki-bg\\\/\",\"url\":\"https:\\\/\\\/escort-technology.com\\\/de\\\/stacje-nawigacyjne-marki-bg\\\/\",\"name\":\"Stacje nawigacyjne marki B&G - ESCORT TECHNOLOGY\",\"isPartOf\":{\"@id\":\"http:\\\/\\\/escort-technology.com\\\/de\\\/#website\"},\"datePublished\":\"2020-07-08T06:44:11+00:00\",\"dateModified\":\"2020-07-08T06:45:24+00:00\",\"breadcrumb\":{\"@id\":\"https:\\\/\\\/escort-technology.com\\\/de\\\/stacje-nawigacyjne-marki-bg\\\/#breadcrumb\"},\"inLanguage\":\"pl-PL\",\"potentialAction\":[{\"@type\":\"ReadAction\",\"target\":[\"https:\\\/\\\/escort-technology.com\\\/de\\\/stacje-nawigacyjne-marki-bg\\\/\"]}]},{\"@type\":\"BreadcrumbList\",\"@id\":\"https:\\\/\\\/escort-technology.com\\\/de\\\/stacje-nawigacyjne-marki-bg\\\/#breadcrumb\",\"itemListElement\":[{\"@type\":\"ListItem\",\"position\":1,\"name\":\"Strona g\u0142\u00f3wna\",\"item\":\"https:\\\/\\\/escort-technology.com\\\/\"},{\"@type\":\"ListItem\",\"position\":2,\"name\":\"Stacje nawigacyjne marki B&#038;G\"}]},{\"@type\":\"WebSite\",\"@id\":\"http:\\\/\\\/escort-technology.com\\\/de\\\/#website\",\"url\":\"http:\\\/\\\/escort-technology.com\\\/de\\\/\",\"name\":\"ESCORT TECHNOLOGY\",\"description\":\"Elektronika morska i l\u0105dowa\",\"publisher\":{\"@id\":\"http:\\\/\\\/escort-technology.com\\\/de\\\/#organization\"},\"potentialAction\":[{\"@type\":\"SearchAction\",\"target\":{\"@type\":\"EntryPoint\",\"urlTemplate\":\"http:\\\/\\\/escort-technology.com\\\/de\\\/?s={search_term_string}\"},\"query-input\":{\"@type\":\"PropertyValueSpecification\",\"valueRequired\":true,\"valueName\":\"search_term_string\"}}],\"inLanguage\":\"pl-PL\"},{\"@type\":\"Organization\",\"@id\":\"http:\\\/\\\/escort-technology.com\\\/de\\\/#organization\",\"name\":\"ESCORT TECHNOLOGY\",\"url\":\"http:\\\/\\\/escort-technology.com\\\/de\\\/\",\"logo\":{\"@type\":\"ImageObject\",\"inLanguage\":\"pl-PL\",\"@id\":\"http:\\\/\\\/escort-technology.com\\\/de\\\/#\\\/schema\\\/logo\\\/image\\\/\",\"url\":\"https:\\\/\\\/escort-technology.com\\\/wp-content\\\/uploads\\\/logo-1.jpg\",\"contentUrl\":\"https:\\\/\\\/escort-technology.com\\\/wp-content\\\/uploads\\\/logo-1.jpg\",\"width\":600,\"height\":165,\"caption\":\"ESCORT TECHNOLOGY\"},\"image\":{\"@id\":\"http:\\\/\\\/escort-technology.com\\\/de\\\/#\\\/schema\\\/logo\\\/image\\\/\"},\"sameAs\":[\"https:\\\/\\\/www.facebook.com\\\/elektronika.morska\\\/\",\"https:\\\/\\\/www.linkedin.com\\\/company\\\/escort-sp-z-o-o-\\\/\"]}]}<\/script>\n<!-- \/ Yoast SEO plugin. -->","yoast_head_json":{"title":"Stacje nawigacyjne marki B&G - ESCORT TECHNOLOGY","robots":{"index":"index","follow":"follow","max-snippet":"max-snippet:-1","max-image-preview":"max-image-preview:large","max-video-preview":"max-video-preview:-1"},"canonical":"https:\/\/escort-technology.com\/pl\/de\/stacje-nawigacyjne-marki-bg\/","og_locale":"pl_PL","og_type":"article","og_title":"Stacje nawigacyjne marki B&G - ESCORT TECHNOLOGY","og_description":"Stacje nawigacyjne marki B&amp;G Seria Vulcan Stacje nawigacyjne z funkcj\u0105 echosondy, wbudowana antena GPS oraz sie\u0107 NMEA2000. Ekrany o rozmiarach\u00a0 7, 9 i\u00a0 12 cali. Seria Zeus3 Stacje nawigacyjne z funkcj\u0105 echosondy, wbudowana antena GPS oraz sie\u0107 NMEA2000. Ekrany o rozmiarach\u00a0 7, 9, 12 i 16 cali. Seria Zeus3S Glass Helm Wersja modu\u0142owa plotera z [&hellip;]","og_url":"https:\/\/escort-technology.com\/pl\/de\/stacje-nawigacyjne-marki-bg\/","og_site_name":"ESCORT TECHNOLOGY","article_publisher":"https:\/\/www.facebook.com\/elektronika.morska\/","article_modified_time":"2020-07-08T06:45:24+00:00","og_image":[{"url":"wp-content\/uploads\/vv7000-14082-001.jpg","type":"","width":"","height":""}],"twitter_card":"summary_large_image","schema":{"@context":"https:\/\/schema.org","@graph":[{"@type":"WebPage","@id":"https:\/\/escort-technology.com\/de\/stacje-nawigacyjne-marki-bg\/","url":"https:\/\/escort-technology.com\/de\/stacje-nawigacyjne-marki-bg\/","name":"Stacje nawigacyjne marki B&G - ESCORT TECHNOLOGY","isPartOf":{"@id":"http:\/\/escort-technology.com\/de\/#website"},"datePublished":"2020-07-08T06:44:11+00:00","dateModified":"2020-07-08T06:45:24+00:00","breadcrumb":{"@id":"https:\/\/escort-technology.com\/de\/stacje-nawigacyjne-marki-bg\/#breadcrumb"},"inLanguage":"pl-PL","potentialAction":[{"@type":"ReadAction","target":["https:\/\/escort-technology.com\/de\/stacje-nawigacyjne-marki-bg\/"]}]},{"@type":"BreadcrumbList","@id":"https:\/\/escort-technology.com\/de\/stacje-nawigacyjne-marki-bg\/#breadcrumb","itemListElement":[{"@type":"ListItem","position":1,"name":"Strona g\u0142\u00f3wna","item":"https:\/\/escort-technology.com\/"},{"@type":"ListItem","position":2,"name":"Stacje nawigacyjne marki B&#038;G"}]},{"@type":"WebSite","@id":"http:\/\/escort-technology.com\/de\/#website","url":"http:\/\/escort-technology.com\/de\/","name":"ESCORT TECHNOLOGY","description":"Elektronika morska i l\u0105dowa","publisher":{"@id":"http:\/\/escort-technology.com\/de\/#organization"},"potentialAction":[{"@type":"SearchAction","target":{"@type":"EntryPoint","urlTemplate":"http:\/\/escort-technology.com\/de\/?s={search_term_string}"},"query-input":{"@type":"PropertyValueSpecification","valueRequired":true,"valueName":"search_term_string"}}],"inLanguage":"pl-PL"},{"@type":"Organization","@id":"http:\/\/escort-technology.com\/de\/#organization","name":"ESCORT TECHNOLOGY","url":"http:\/\/escort-technology.com\/de\/","logo":{"@type":"ImageObject","inLanguage":"pl-PL","@id":"http:\/\/escort-technology.com\/de\/#\/schema\/logo\/image\/","url":"https:\/\/escort-technology.com\/wp-content\/uploads\/logo-1.jpg","contentUrl":"https:\/\/escort-technology.com\/wp-content\/uploads\/logo-1.jpg","width":600,"height":165,"caption":"ESCORT TECHNOLOGY"},"image":{"@id":"http:\/\/escort-technology.com\/de\/#\/schema\/logo\/image\/"},"sameAs":["https:\/\/www.facebook.com\/elektronika.morska\/","https:\/\/www.linkedin.com\/company\/escort-sp-z-o-o-\/"]}]}},"_links":{"self":[{"href":"https:\/\/escort-technology.com\/pl\/wp-json\/wp\/v2\/pages\/6503","targetHints":{"allow":["GET"]}}],"collection":[{"href":"https:\/\/escort-technology.com\/pl\/wp-json\/wp\/v2\/pages"}],"about":[{"href":"https:\/\/escort-technology.com\/pl\/wp-json\/wp\/v2\/types\/page"}],"author":[{"embeddable":true,"href":"https:\/\/escort-technology.com\/pl\/wp-json\/wp\/v2\/users\/10"}],"replies":[{"embeddable":true,"href":"https:\/\/escort-technology.com\/pl\/wp-json\/wp\/v2\/comments?post=6503"}],"version-history":[{"count":5,"href":"https:\/\/escort-technology.com\/pl\/wp-json\/wp\/v2\/pages\/6503\/revisions"}],"predecessor-version":[{"id":6515,"href":"https:\/\/escort-technology.com\/pl\/wp-json\/wp\/v2\/pages\/6503\/revisions\/6515"}],"wp:attachment":[{"href":"https:\/\/escort-technology.com\/pl\/wp-json\/wp\/v2\/media?parent=6503"}],"curies":[{"name":"wp","href":"https:\/\/api.w.org\/{rel}","templated":true}]}}