{"id":6941,"date":"2020-09-16T12:13:11","date_gmt":"2020-09-16T10:13:11","guid":{"rendered":"https:\/\/escort-technology.com\/?page_id=6941"},"modified":"2024-04-08T12:21:20","modified_gmt":"2024-04-08T10:21:20","slug":"anteny-gnss-trimble","status":"publish","type":"page","link":"https:\/\/escort-technology.com\/pl\/anteny-gnss-trimble\/","title":{"rendered":"Anteny GNSS Trimble"},"content":{"rendered":"<h1>Anteny GNSS marki Trimble<\/h1>\n<hr>\n<p><img decoding=\"async\" src=\"\/wp-content\/uploads\/GNSS-Antennas-for-Construction-1040x1040_0.png\" alt=\"\"><\/p>\n<div>\n<p>\u00a0<\/p>\n<p>\u00a0<\/p>\n<h3>\u00a0<\/h3>\n<h3>Anteny GNSS do zastosowa\u0144 morskich<\/h3>\n<p>Anteny GNSS do zastosowa\u0144 morskich marki <br \/>Trimble oferuj\u0105 kilka modeli anten GPS i GNSS dostosowanych do konkretnych zastosowa\u0144, \u015bledzenia sygna\u0142u i wymaga\u0144 bud\u017cetowych.<\/p>\n<\/div>\n<p>\n    <a href=\"http:\/\/trl.trimble.com\/docushare\/dsweb\/Get\/Document-882667\">Por\u00f3wnanie anten<\/a>\n<\/p>\n<div>\n<h3 style=\"text-align: center;\"><strong>Cechy i korzy\u015bci<\/strong><br \/>Modu\u0142owe anteny GNSS Trimble to dobra inwestycja na przysz\u0142o\u015b\u0107, z mo\u017cliwo\u015bci\u0105 \u015bledzenia zmodernizowanych sygna\u0142\u00f3w GPS, BeiDou, GLONASS, Galileo, MSS (CenterPoint RTX, OmniSTAR), QZSS i SBAS. Antena GA830 \u015bledzi r\u00f3wnie\u017c sygna\u0142 MSK Beacon.<\/h3>\n<\/div>\n<p><a href=\"https:\/\/escort-technology.com\/?page_id=7079&#038;preview=true\"><img decoding=\"async\" src=\"\/wp-content\/uploads\/Zephyr3Base-1040x1040-v2.png\" alt=\"\"><\/a><\/p>\n<div>\n<h2><span style=\"color: #000000;\"><a style=\"color: #000000;\" href=\"https:\/\/escort-technology.com\/?page_id=7079&amp;preview=true\">Zefir 3 Base<\/a><\/span><\/h2>\n<p>Trimble Zephyr 3 Base jest zalecany do wszystkich zastosowa\u0144 stacji bazowych. Antena ta jest r\u00f3wnie\u017c odpowiednia jako sta\u0142a antena do roweru do u\u017cytku w \u015brodowiskach o du\u017cej ilo\u015bci tras, takich jak barki morskie.<\/p>\n<p><strong>Kluczowe cechy Zephyr 3 Base:<\/strong><\/p>\n<ul>\n<li>Zoptymalizowana do zastosowa\u0144 w stacjach bazowych GNSS<\/li>\n<li>Wszechstronne wsparcie dla GNSS<\/li>\n<li>Solidne \u015bledzenie na niskiej elewacji satelit\u00f3w<\/li>\n<li>Du\u017ca p\u0142aszczyzna gruntu dla najlepszego odrzucenia wielu \u015bcie\u017cek<\/li>\n<li>Idealne rozwi\u0105zanie dla sta\u0142ych stacji referencyjnych i sieci infrastruktury GNSS<\/li>\n<\/ul>\n<p>\u00a0<\/p>\n<\/div>\n<p><a href=\"https:\/\/escort-technology.com\/?page_id=7061&#038;preview=true\"><img decoding=\"async\" src=\"\/wp-content\/uploads\/Zephyr3Rugged-1040x1040-v2.png\" alt=\"\"><\/a><\/p>\n<div>\n<h2><span style=\"color: #000000;\"><a style=\"color: #000000;\" href=\"https:\/\/escort-technology.com\/?page_id=7061&amp;preview=true\">Zefir 3 Rudgged<\/a><\/span><\/h2>\n<p>Antena Trimble Zephyr 3 Rugged jest przeznaczona do instalacji w miejscach nara\u017conych na du\u017ce wstrz\u0105sy i wibracje. Idealna do platform wiertniczych, statk\u00f3w morskich, d\u017awig\u00f3w i innych zastosowa\u0144 motoryzacyjnych, oferuje precyzyjne pozycjonowanie z submilimetrow\u0105 dok\u0142adno\u015bci\u0105. Filtracja RF o wysokim poziomie odrzucenia redukuje skutki transmisji Iridium, kt\u00f3re cz\u0119sto mog\u0105 by\u0107 przyczyn\u0105 utraty sygna\u0142u GNSS na morskich statkach budowlanych.<\/p>\n<p><strong>Kluczowe cechy modelu Zephyr 3 Rugged:<\/strong><\/p>\n<ul>\n<li>Zoptymalizowany do zastosowa\u0144 z rowerem GNSS<\/li>\n<li>Kompleksowa obs\u0142uga GNSS, w tym sygna\u0142\u00f3w zmodernizowanego systemu GPS, GLONASS i Galileo<\/li>\n<li>Solidne \u015bledzenie na niskiej elewacji satelit\u00f3w<\/li>\n<li>Submilimetrowa dok\u0142adno\u015b\u0107<\/li>\n<li>Dodatkowa filtracja 1614 &#8211; 1624 MHz w celu zmniejszenia zak\u0142\u00f3ce\u0144 z transmisji Iridium<\/li>\n<\/ul>\n<p>\u00a0<\/p>\n<\/div>\n<p><a href=\"https:\/\/escort-technology.com\/?page_id=7089&#038;preview=true\"><img decoding=\"async\" src=\"\/wp-content\/uploads\/GA830-1040x1040-1.png\" alt=\"\"><\/a><\/p>\n<div>\n<h2><span style=\"color: #000000;\"><a style=\"color: #000000;\" href=\"https:\/\/escort-technology.com\/?page_id=7089&amp;preview=true\">Antena GNSS GA830<\/a><\/span><\/h2>\n<p>Antena GNSS Trimble GA830 to antena GNSS og\u00f3lnego przeznaczenia w szczeg\u00f3lno\u015bci do zastosowa\u0144 w \u015brodowisku morskim. Mo\u017ce by\u0107 u\u017cywana zar\u00f3wno do pozycjonowania, jak i naprowadzania, a tak\u017ce posiada doskona\u0142e parametry RTK i mobilnych us\u0142ug satelitarnych (MSS).<\/p>\n<p>Antena GA830 jest zoptymalizowana do \u015bledzenia satelit\u00f3w znajduj\u0105cych si\u0119 na niewielkich elewacjach i zapewnia lepszy stosunek sygna\u0142u do szumu. Dzi\u0119ki wytrzyma\u0142ej obudowie i niezawodnym osi\u0105gom, GA830 jest przeznaczony do instalacji na barkach budowlanych, palownicach, statkach morskich, d\u017awigach i innych dynamicznych platformach morskich. Filtracja RF o wysokim wsp\u00f3\u0142czynniku odrzucenia redukuje skutki transmisji Iridium, kt\u00f3re cz\u0119sto mog\u0105 by\u0107 przyczyn\u0105 utraty sygna\u0142u GNSS na morskich statkach budowlanych.<\/p>\n<p><strong>Kluczowe cechy GA830:<\/strong><\/p>\n<ul>\n<li>Ekonomiczna antena GNSS do precyzyjnych zastosowa\u0144 morskich RTK<\/li>\n<li>Wytrzyma\u0142a obudowa do warunk\u00f3w morskich<\/li>\n<li>Dodatkowa filtracja 1614 &#8211; 1624 MHz w celu zmniejszenia zak\u0142\u00f3ce\u0144 z transmisji Iridium<\/li>\n<li>Mo\u017cliwo\u015b\u0107 stosowania bezp\u0142atnych korekt r\u00f3\u017cnicowych z MSK Beacons i SBAS<\/li>\n<li>Zalecany dla najlepszego odbioru MSS (obejmuje Fugro Marinestar\u00ae, OmniSTAR i CenterPoint RTX).<\/li>\n<li>Wszechstronne wsparcie dla GNSS<\/li>\n<li>Solidne \u015bledzenie na niskiej elewacji satelit\u00f3w<\/li>\n<\/ul>\n<p>\u00a0<\/p>\n<\/div>\n<p><a href=\"https:\/\/escort-technology.com\/?page_id=7100&#038;preview=true\"><img decoding=\"async\" src=\"\/wp-content\/uploads\/Zephyr3Rover-1040x1040-v2.png\" alt=\"\"><\/a><\/p>\n<div>\n<h2><span style=\"color: #000000;\"><a style=\"color: #000000;\" href=\"https:\/\/escort-technology.com\/?page_id=7100&amp;preview=true\">Zefir 3 Rover<\/a><\/span><\/h2>\n<p>Trimble Zephyr 3 Rover jest lekk\u0105, wysokowydajn\u0105 anten\u0105 typu rover GNSS zoptymalizowan\u0105 do precyzyjnych zastosowa\u0144 RTK.<\/p>\n<p><strong>Kluczowe cechy anteny Zephyr 3 Rover:<\/strong><\/p>\n<ul>\n<li>Zoptymalizowana do zastosowa\u0144 z roverem GNSS<\/li>\n<li>Kompleksowa obs\u0142uga GNSS, w tym sygna\u0142\u00f3w zmodernizowanego systemu GPS, GLONASS i Galileo<\/li>\n<li>Solidne \u015bledzenie na niskiej elewacji satelit\u00f3w<\/li>\n<\/ul>\n<\/div>\n<p><!--more--><br \/>\n<!-- {\"type\":\"layout\",\"children\":[{\"type\":\"section\",\"props\":{\"image_position\":\"center-center\",\"style\":\"default\",\"title_breakpoint\":\"xl\",\"title_position\":\"top-left\",\"title_rotation\":\"left\",\"vertical_align\":\"middle\",\"width\":\"large\"},\"children\":[{\"type\":\"row\",\"children\":[{\"type\":\"column\",\"props\":{\"image_position\":\"center-center\",\"position_sticky_breakpoint\":\"m\",\"width_medium\":\"1-1\"},\"children\":[{\"type\":\"headline\",\"props\":{\"content\":\"Anteny GNSS marki Trimble\",\"title_element\":\"h1\"}},{\"type\":\"divider\",\"props\":{\"divider_element\":\"hr\"}}]}]}]},{\"type\":\"section\",\"props\":{\"image_position\":\"center-center\",\"style\":\"default\",\"title_breakpoint\":\"xl\",\"title_position\":\"top-left\",\"title_rotation\":\"left\",\"vertical_align\":\"middle\",\"width\":\"large\"},\"children\":[{\"type\":\"row\",\"props\":{\"layout\":\"1-2,1-2\"},\"children\":[{\"type\":\"column\",\"props\":{\"image_position\":\"center-center\",\"position_sticky_breakpoint\":\"m\",\"width_medium\":\"1-2\"},\"children\":[{\"type\":\"image\",\"props\":{\"image\":\"wp-content\\\/uploads\\\/GNSS-Antennas-for-Construction-1040x1040_0.png\",\"image_svg_color\":\"emphasis\",\"margin\":\"default\"}}]},{\"type\":\"column\",\"props\":{\"image_position\":\"center-center\",\"position_sticky_breakpoint\":\"m\",\"width_medium\":\"1-2\"},\"children\":[{\"type\":\"text\",\"props\":{\"column_breakpoint\":\"m\",\"content\":\"\n\n<p>\\u00a0<\\\/p>\\n\n\n<p>\\u00a0<\\\/p>\\n\n\n<h3>\\u00a0<\\\/h3>\\n\n\n<h3>Anteny GNSS do zastosowa\\u0144 morskich<\\\/h3>\\n\n\n<p>Anteny GNSS do zastosowa\\u0144 morskich marki <br \\\/>Trimble oferuj\\u0105 kilka modeli anten GPS i GNSS dostosowanych do konkretnych zastosowa\\u0144, \\u015bledzenia sygna\\u0142u i wymaga\\u0144 bud\\u017cetowych.<\\\/p>\",\"margin\":\"default\"}},{\"type\":\"button\",\"props\":{\"grid_column_gap\":\"small\",\"grid_row_gap\":\"small\",\"margin\":\"default\",\"text_align\":\"left\"},\"children\":[{\"type\":\"button_item\",\"props\":{\"button_style\":\"default\",\"content\":\"Por\\u00f3wnanie anten\",\"icon_align\":\"left\",\"link\":\"http:\\\/\\\/trl.trimble.com\\\/docushare\\\/dsweb\\\/Get\\\/Document-882667\"}}]}]}]}]},{\"type\":\"section\",\"props\":{\"image_position\":\"center-center\",\"style\":\"secondary\",\"title_breakpoint\":\"xl\",\"title_position\":\"top-left\",\"title_rotation\":\"left\",\"vertical_align\":\"middle\",\"width\":\"large\"},\"children\":[{\"type\":\"row\",\"children\":[{\"type\":\"column\",\"props\":{\"image_position\":\"center-center\",\"position_sticky_breakpoint\":\"m\",\"width_medium\":\"1-1\"},\"children\":[{\"type\":\"text\",\"props\":{\"column_breakpoint\":\"m\",\"content\":\"\n\n<h3 style=\\\"text-align: center;\\\"><strong>Cechy i korzy\\u015bci<\\\/strong><br \\\/>Modu\\u0142owe anteny GNSS Trimble to dobra inwestycja na przysz\\u0142o\\u015b\\u0107, z mo\\u017cliwo\\u015bci\\u0105 \\u015bledzenia zmodernizowanych sygna\\u0142\\u00f3w GPS, BeiDou, GLONASS, Galileo, MSS (CenterPoint RTX, OmniSTAR), QZSS i SBAS. Antena GA830 \\u015bledzi r\\u00f3wnie\\u017c sygna\\u0142 MSK Beacon.<\\\/h3>\",\"margin\":\"default\"}}]}]}]},{\"type\":\"section\",\"props\":{\"image_position\":\"center-center\",\"style\":\"default\",\"title_breakpoint\":\"xl\",\"title_position\":\"top-left\",\"title_rotation\":\"left\",\"vertical_align\":\"middle\",\"width\":\"large\"},\"children\":[{\"type\":\"row\",\"props\":{\"layout\":\"1-2,1-2\"},\"children\":[{\"type\":\"column\",\"props\":{\"image_position\":\"center-center\",\"position_sticky_breakpoint\":\"m\",\"style\":\"tile-muted\",\"width_medium\":\"1-2\"},\"children\":[{\"type\":\"image\",\"props\":{\"image\":\"wp-content\\\/uploads\\\/Zephyr3Base-1040x1040-v2.png\",\"image_svg_color\":\"emphasis\",\"link\":\"https:\\\/\\\/escort-technology.com\\\/?page_id=7079&preview=true\",\"margin\":\"default\"}},{\"type\":\"text\",\"props\":{\"column_breakpoint\":\"m\",\"content\":\"\n\n<h2><span style=\\\"color: #000000;\\\"><a style=\\\"color: #000000;\\\" href=\\\"https:\\\/\\\/escort-technology.com\\\/?page_id=7079&amp;preview=true\\\">Zefir 3 Base<\\\/a><\\\/span><\\\/h2>\\n\n\n<p>Trimble Zephyr 3 Base jest zalecany do wszystkich zastosowa\\u0144 stacji bazowych. Antena ta jest r\\u00f3wnie\\u017c odpowiednia jako sta\\u0142a antena do roweru do u\\u017cytku w \\u015brodowiskach o du\\u017cej ilo\\u015bci tras, takich jak barki morskie.<\\\/p>\\n\n\n<p><strong>Kluczowe cechy Zephyr 3 Base:<\\\/strong><\\\/p>\\n\n\n<ul>\\n\n\n<li>Zoptymalizowana do zastosowa\\u0144 w stacjach bazowych GNSS<\\\/li>\\n\n\n<li>Wszechstronne wsparcie dla GNSS<\\\/li>\\n\n\n<li>Solidne \\u015bledzenie na niskiej elewacji satelit\\u00f3w<\\\/li>\\n\n\n<li>Du\\u017ca p\\u0142aszczyzna gruntu dla najlepszego odrzucenia wielu \\u015bcie\\u017cek<\\\/li>\\n\n\n<li>Idealne rozwi\\u0105zanie dla sta\\u0142ych stacji referencyjnych i sieci infrastruktury GNSS<\\\/li>\\n<\\\/ul>\\n\n\n<p>\\u00a0<\\\/p>\",\"margin\":\"default\"}}]},{\"type\":\"column\",\"props\":{\"image_position\":\"center-center\",\"position_sticky_breakpoint\":\"m\",\"style\":\"tile-muted\",\"width_medium\":\"1-2\"},\"children\":[{\"type\":\"image\",\"props\":{\"image\":\"wp-content\\\/uploads\\\/Zephyr3Rugged-1040x1040-v2.png\",\"image_svg_color\":\"emphasis\",\"link\":\"https:\\\/\\\/escort-technology.com\\\/?page_id=7061&preview=true\",\"margin\":\"default\"}},{\"type\":\"text\",\"props\":{\"column_breakpoint\":\"m\",\"content\":\"\n\n<h2><span style=\\\"color: #000000;\\\"><a style=\\\"color: #000000;\\\" href=\\\"https:\\\/\\\/escort-technology.com\\\/?page_id=7061&amp;preview=true\\\">Zefir 3 Rudgged<\\\/a><\\\/span><\\\/h2>\\n\n\n<p>Antena Trimble Zephyr 3 Rugged jest przeznaczona do instalacji w miejscach nara\\u017conych na du\\u017ce wstrz\\u0105sy i wibracje. Idealna do platform wiertniczych, statk\\u00f3w morskich, d\\u017awig\\u00f3w i innych zastosowa\\u0144 motoryzacyjnych, oferuje precyzyjne pozycjonowanie z submilimetrow\\u0105 dok\\u0142adno\\u015bci\\u0105. Filtracja RF o wysokim poziomie odrzucenia redukuje skutki transmisji Iridium, kt\\u00f3re cz\\u0119sto mog\\u0105 by\\u0107 przyczyn\\u0105 utraty sygna\\u0142u GNSS na morskich statkach budowlanych.<\\\/p>\\n\n\n<p><strong>Kluczowe cechy modelu Zephyr 3 Rugged:<\\\/strong><\\\/p>\\n\n\n<ul>\\n\n\n<li>Zoptymalizowany do zastosowa\\u0144 z rowerem GNSS<\\\/li>\\n\n\n<li>Kompleksowa obs\\u0142uga GNSS, w tym sygna\\u0142\\u00f3w zmodernizowanego systemu GPS, GLONASS i Galileo<\\\/li>\\n\n\n<li>Solidne \\u015bledzenie na niskiej elewacji satelit\\u00f3w<\\\/li>\\n\n\n<li>Submilimetrowa dok\\u0142adno\\u015b\\u0107<\\\/li>\\n\n\n<li>Dodatkowa filtracja 1614 - 1624 MHz w celu zmniejszenia zak\\u0142\\u00f3ce\\u0144 z transmisji Iridium<\\\/li>\\n<\\\/ul>\\n\n\n<p>\\u00a0<\\\/p>\",\"margin\":\"default\"}}]}]}]},{\"type\":\"section\",\"props\":{\"image_position\":\"center-center\",\"style\":\"default\",\"title_breakpoint\":\"xl\",\"title_position\":\"top-left\",\"title_rotation\":\"left\",\"vertical_align\":\"middle\",\"width\":\"large\"},\"children\":[{\"type\":\"row\",\"props\":{\"layout\":\"1-2,1-2\"},\"children\":[{\"type\":\"column\",\"props\":{\"image_position\":\"center-center\",\"position_sticky_breakpoint\":\"m\",\"style\":\"tile-muted\",\"width_medium\":\"1-2\"},\"children\":[{\"type\":\"image\",\"props\":{\"image\":\"wp-content\\\/uploads\\\/GA830-1040x1040-1.png\",\"image_svg_color\":\"emphasis\",\"link\":\"https:\\\/\\\/escort-technology.com\\\/?page_id=7089&preview=true\",\"margin\":\"default\"}},{\"type\":\"text\",\"props\":{\"column_breakpoint\":\"m\",\"content\":\"\n\n<h2><span style=\\\"color: #000000;\\\"><a style=\\\"color: #000000;\\\" href=\\\"https:\\\/\\\/escort-technology.com\\\/?page_id=7089&amp;preview=true\\\">Antena GNSS GA830<\\\/a><\\\/span><\\\/h2>\\n\n\n<p>Antena GNSS Trimble GA830 to antena GNSS og\\u00f3lnego przeznaczenia w szczeg\\u00f3lno\\u015bci do zastosowa\\u0144 w \\u015brodowisku morskim. Mo\\u017ce by\\u0107 u\\u017cywana zar\\u00f3wno do pozycjonowania, jak i naprowadzania, a tak\\u017ce posiada doskona\\u0142e parametry RTK i mobilnych us\\u0142ug satelitarnych (MSS).<\\\/p>\\n\n\n<p>Antena GA830 jest zoptymalizowana do \\u015bledzenia satelit\\u00f3w znajduj\\u0105cych si\\u0119 na niewielkich elewacjach i zapewnia lepszy stosunek sygna\\u0142u do szumu. Dzi\\u0119ki wytrzyma\\u0142ej obudowie i niezawodnym osi\\u0105gom, GA830 jest przeznaczony do instalacji na barkach budowlanych, palownicach, statkach morskich, d\\u017awigach i innych dynamicznych platformach morskich. Filtracja RF o wysokim wsp\\u00f3\\u0142czynniku odrzucenia redukuje skutki transmisji Iridium, kt\\u00f3re cz\\u0119sto mog\\u0105 by\\u0107 przyczyn\\u0105 utraty sygna\\u0142u GNSS na morskich statkach budowlanych.<\\\/p>\\n\n\n<p><strong>Kluczowe cechy GA830:<\\\/strong><\\\/p>\\n\n\n<ul>\\n\n\n<li>Ekonomiczna antena GNSS do precyzyjnych zastosowa\\u0144 morskich RTK<\\\/li>\\n\n\n<li>Wytrzyma\\u0142a obudowa do warunk\\u00f3w morskich<\\\/li>\\n\n\n<li>Dodatkowa filtracja 1614 - 1624 MHz w celu zmniejszenia zak\\u0142\\u00f3ce\\u0144 z transmisji Iridium<\\\/li>\\n\n\n<li>Mo\\u017cliwo\\u015b\\u0107 stosowania bezp\\u0142atnych korekt r\\u00f3\\u017cnicowych z MSK Beacons i SBAS<\\\/li>\\n\n\n<li>Zalecany dla najlepszego odbioru MSS (obejmuje Fugro Marinestar\\u00ae, OmniSTAR i CenterPoint RTX).<\\\/li>\\n\n\n<li>Wszechstronne wsparcie dla GNSS<\\\/li>\\n\n\n<li>Solidne \\u015bledzenie na niskiej elewacji satelit\\u00f3w<\\\/li>\\n<\\\/ul>\\n\n\n<p>\\u00a0<\\\/p>\",\"margin\":\"default\"}}]},{\"type\":\"column\",\"props\":{\"image_position\":\"center-center\",\"position_sticky_breakpoint\":\"m\",\"style\":\"tile-muted\",\"width_medium\":\"1-2\"},\"children\":[{\"type\":\"image\",\"props\":{\"image\":\"wp-content\\\/uploads\\\/Zephyr3Rover-1040x1040-v2.png\",\"image_svg_color\":\"emphasis\",\"link\":\"https:\\\/\\\/escort-technology.com\\\/?page_id=7100&preview=true\",\"margin\":\"default\"}},{\"type\":\"text\",\"props\":{\"column_breakpoint\":\"m\",\"content\":\"\n\n<h2><span style=\\\"color: #000000;\\\"><a style=\\\"color: #000000;\\\" href=\\\"https:\\\/\\\/escort-technology.com\\\/?page_id=7100&amp;preview=true\\\">Zefir 3 Rover<\\\/a><\\\/span><\\\/h2>\\n\n\n<p>Trimble Zephyr 3 Rover jest lekk\\u0105, wysokowydajn\\u0105 anten\\u0105 typu rover GNSS zoptymalizowan\\u0105 do precyzyjnych zastosowa\\u0144 RTK.<\\\/p>\\n\n\n<p><strong>Kluczowe cechy anteny Zephyr 3 Rover:<\\\/strong><\\\/p>\\n\n\n<ul>\\n\n\n<li>Zoptymalizowana do zastosowa\\u0144 z roverem GNSS<\\\/li>\\n\n\n<li>Kompleksowa obs\\u0142uga GNSS, w tym sygna\\u0142\\u00f3w zmodernizowanego systemu GPS, GLONASS i Galileo<\\\/li>\\n\n\n<li>Solidne \\u015bledzenie na niskiej elewacji satelit\\u00f3w<\\\/li>\\n<\\\/ul>\",\"margin\":\"default\"}}]}]}]}],\"version\":\"4.0.13\"} --><\/p>\n","protected":false},"excerpt":{"rendered":"<p>Anteny GNSS marki Trimble \u00a0 \u00a0 \u00a0 Anteny GNSS do zastosowa\u0144 morskich Anteny GNSS do zastosowa\u0144 morskich marki Trimble oferuj\u0105 kilka modeli anten GPS i GNSS dostosowanych do konkretnych zastosowa\u0144, \u015bledzenia sygna\u0142u i wymaga\u0144 bud\u017cetowych. Por\u00f3wnanie anten Cechy i korzy\u015bciModu\u0142owe anteny GNSS Trimble to dobra inwestycja na przysz\u0142o\u015b\u0107, z mo\u017cliwo\u015bci\u0105 \u015bledzenia zmodernizowanych sygna\u0142\u00f3w GPS, BeiDou, [&hellip;]<\/p>\n","protected":false},"author":10,"featured_media":0,"parent":0,"menu_order":0,"comment_status":"closed","ping_status":"closed","template":"","meta":{"footnotes":""},"class_list":["post-6941","page","type-page","status-publish","hentry"],"yoast_head":"<!-- This site is optimized with the Yoast SEO plugin v27.5 - https:\/\/yoast.com\/product\/yoast-seo-wordpress\/ -->\n<title>Anteny GNSS Trimble - ESCORT TECHNOLOGY<\/title>\n<meta name=\"robots\" content=\"index, follow, max-snippet:-1, max-image-preview:large, max-video-preview:-1\" \/>\n<link rel=\"canonical\" href=\"https:\/\/escort-technology.com\/pl\/anteny-gnss-trimble\/\" \/>\n<meta property=\"og:locale\" content=\"pl_PL\" \/>\n<meta property=\"og:type\" content=\"article\" \/>\n<meta property=\"og:title\" content=\"Anteny GNSS Trimble - ESCORT TECHNOLOGY\" \/>\n<meta property=\"og:description\" content=\"Anteny GNSS marki Trimble \u00a0 \u00a0 \u00a0 Anteny GNSS do zastosowa\u0144 morskich Anteny GNSS do zastosowa\u0144 morskich marki Trimble oferuj\u0105 kilka modeli anten GPS i GNSS dostosowanych do konkretnych zastosowa\u0144, \u015bledzenia sygna\u0142u i wymaga\u0144 bud\u017cetowych. Por\u00f3wnanie anten Cechy i korzy\u015bciModu\u0142owe anteny GNSS Trimble to dobra inwestycja na przysz\u0142o\u015b\u0107, z mo\u017cliwo\u015bci\u0105 \u015bledzenia zmodernizowanych sygna\u0142\u00f3w GPS, BeiDou, [&hellip;]\" \/>\n<meta property=\"og:url\" content=\"https:\/\/escort-technology.com\/pl\/anteny-gnss-trimble\/\" \/>\n<meta property=\"og:site_name\" content=\"ESCORT TECHNOLOGY\" \/>\n<meta property=\"article:publisher\" content=\"https:\/\/www.facebook.com\/elektronika.morska\/\" \/>\n<meta property=\"article:modified_time\" content=\"2024-04-08T10:21:20+00:00\" \/>\n<meta property=\"og:image\" content=\"http:\/\/wp-content\/uploads\/GNSS-Antennas-for-Construction-1040x1040_0.png\" \/>\n<meta name=\"twitter:card\" content=\"summary_large_image\" \/>\n<meta name=\"twitter:label1\" content=\"Szacowany czas czytania\" \/>\n\t<meta name=\"twitter:data1\" content=\"3 minuty\" \/>\n<script type=\"application\/ld+json\" class=\"yoast-schema-graph\">{\"@context\":\"https:\\\/\\\/schema.org\",\"@graph\":[{\"@type\":\"WebPage\",\"@id\":\"https:\\\/\\\/escort-technology.com\\\/pl\\\/anteny-gnss-trimble\\\/\",\"url\":\"https:\\\/\\\/escort-technology.com\\\/pl\\\/anteny-gnss-trimble\\\/\",\"name\":\"Anteny GNSS Trimble - ESCORT TECHNOLOGY\",\"isPartOf\":{\"@id\":\"http:\\\/\\\/escort-technology.com\\\/de\\\/#website\"},\"datePublished\":\"2020-09-16T10:13:11+00:00\",\"dateModified\":\"2024-04-08T10:21:20+00:00\",\"breadcrumb\":{\"@id\":\"https:\\\/\\\/escort-technology.com\\\/pl\\\/anteny-gnss-trimble\\\/#breadcrumb\"},\"inLanguage\":\"pl-PL\",\"potentialAction\":[{\"@type\":\"ReadAction\",\"target\":[\"https:\\\/\\\/escort-technology.com\\\/pl\\\/anteny-gnss-trimble\\\/\"]}]},{\"@type\":\"BreadcrumbList\",\"@id\":\"https:\\\/\\\/escort-technology.com\\\/pl\\\/anteny-gnss-trimble\\\/#breadcrumb\",\"itemListElement\":[{\"@type\":\"ListItem\",\"position\":1,\"name\":\"Strona g\u0142\u00f3wna\",\"item\":\"https:\\\/\\\/escort-technology.com\\\/\"},{\"@type\":\"ListItem\",\"position\":2,\"name\":\"Anteny GNSS Trimble\"}]},{\"@type\":\"WebSite\",\"@id\":\"http:\\\/\\\/escort-technology.com\\\/de\\\/#website\",\"url\":\"http:\\\/\\\/escort-technology.com\\\/de\\\/\",\"name\":\"ESCORT TECHNOLOGY\",\"description\":\"Elektronika morska i l\u0105dowa\",\"publisher\":{\"@id\":\"http:\\\/\\\/escort-technology.com\\\/de\\\/#organization\"},\"potentialAction\":[{\"@type\":\"SearchAction\",\"target\":{\"@type\":\"EntryPoint\",\"urlTemplate\":\"http:\\\/\\\/escort-technology.com\\\/de\\\/?s={search_term_string}\"},\"query-input\":{\"@type\":\"PropertyValueSpecification\",\"valueRequired\":true,\"valueName\":\"search_term_string\"}}],\"inLanguage\":\"pl-PL\"},{\"@type\":\"Organization\",\"@id\":\"http:\\\/\\\/escort-technology.com\\\/de\\\/#organization\",\"name\":\"ESCORT TECHNOLOGY\",\"url\":\"http:\\\/\\\/escort-technology.com\\\/de\\\/\",\"logo\":{\"@type\":\"ImageObject\",\"inLanguage\":\"pl-PL\",\"@id\":\"http:\\\/\\\/escort-technology.com\\\/de\\\/#\\\/schema\\\/logo\\\/image\\\/\",\"url\":\"https:\\\/\\\/escort-technology.com\\\/wp-content\\\/uploads\\\/logo-1.jpg\",\"contentUrl\":\"https:\\\/\\\/escort-technology.com\\\/wp-content\\\/uploads\\\/logo-1.jpg\",\"width\":600,\"height\":165,\"caption\":\"ESCORT TECHNOLOGY\"},\"image\":{\"@id\":\"http:\\\/\\\/escort-technology.com\\\/de\\\/#\\\/schema\\\/logo\\\/image\\\/\"},\"sameAs\":[\"https:\\\/\\\/www.facebook.com\\\/elektronika.morska\\\/\",\"https:\\\/\\\/www.linkedin.com\\\/company\\\/escort-sp-z-o-o-\\\/\"]}]}<\/script>\n<!-- \/ Yoast SEO plugin. -->","yoast_head_json":{"title":"Anteny GNSS Trimble - ESCORT TECHNOLOGY","robots":{"index":"index","follow":"follow","max-snippet":"max-snippet:-1","max-image-preview":"max-image-preview:large","max-video-preview":"max-video-preview:-1"},"canonical":"https:\/\/escort-technology.com\/pl\/anteny-gnss-trimble\/","og_locale":"pl_PL","og_type":"article","og_title":"Anteny GNSS Trimble - ESCORT TECHNOLOGY","og_description":"Anteny GNSS marki Trimble \u00a0 \u00a0 \u00a0 Anteny GNSS do zastosowa\u0144 morskich Anteny GNSS do zastosowa\u0144 morskich marki Trimble oferuj\u0105 kilka modeli anten GPS i GNSS dostosowanych do konkretnych zastosowa\u0144, \u015bledzenia sygna\u0142u i wymaga\u0144 bud\u017cetowych. Por\u00f3wnanie anten Cechy i korzy\u015bciModu\u0142owe anteny GNSS Trimble to dobra inwestycja na przysz\u0142o\u015b\u0107, z mo\u017cliwo\u015bci\u0105 \u015bledzenia zmodernizowanych sygna\u0142\u00f3w GPS, BeiDou, [&hellip;]","og_url":"https:\/\/escort-technology.com\/pl\/anteny-gnss-trimble\/","og_site_name":"ESCORT TECHNOLOGY","article_publisher":"https:\/\/www.facebook.com\/elektronika.morska\/","article_modified_time":"2024-04-08T10:21:20+00:00","og_image":[{"url":"wp-content\/uploads\/GNSS-Antennas-for-Construction-1040x1040_0.png","type":"","width":"","height":""}],"twitter_card":"summary_large_image","twitter_misc":{"Szacowany czas czytania":"3 minuty"},"schema":{"@context":"https:\/\/schema.org","@graph":[{"@type":"WebPage","@id":"https:\/\/escort-technology.com\/pl\/anteny-gnss-trimble\/","url":"https:\/\/escort-technology.com\/pl\/anteny-gnss-trimble\/","name":"Anteny GNSS Trimble - ESCORT TECHNOLOGY","isPartOf":{"@id":"http:\/\/escort-technology.com\/de\/#website"},"datePublished":"2020-09-16T10:13:11+00:00","dateModified":"2024-04-08T10:21:20+00:00","breadcrumb":{"@id":"https:\/\/escort-technology.com\/pl\/anteny-gnss-trimble\/#breadcrumb"},"inLanguage":"pl-PL","potentialAction":[{"@type":"ReadAction","target":["https:\/\/escort-technology.com\/pl\/anteny-gnss-trimble\/"]}]},{"@type":"BreadcrumbList","@id":"https:\/\/escort-technology.com\/pl\/anteny-gnss-trimble\/#breadcrumb","itemListElement":[{"@type":"ListItem","position":1,"name":"Strona g\u0142\u00f3wna","item":"https:\/\/escort-technology.com\/"},{"@type":"ListItem","position":2,"name":"Anteny GNSS Trimble"}]},{"@type":"WebSite","@id":"http:\/\/escort-technology.com\/de\/#website","url":"http:\/\/escort-technology.com\/de\/","name":"ESCORT TECHNOLOGY","description":"Elektronika morska i l\u0105dowa","publisher":{"@id":"http:\/\/escort-technology.com\/de\/#organization"},"potentialAction":[{"@type":"SearchAction","target":{"@type":"EntryPoint","urlTemplate":"http:\/\/escort-technology.com\/de\/?s={search_term_string}"},"query-input":{"@type":"PropertyValueSpecification","valueRequired":true,"valueName":"search_term_string"}}],"inLanguage":"pl-PL"},{"@type":"Organization","@id":"http:\/\/escort-technology.com\/de\/#organization","name":"ESCORT TECHNOLOGY","url":"http:\/\/escort-technology.com\/de\/","logo":{"@type":"ImageObject","inLanguage":"pl-PL","@id":"http:\/\/escort-technology.com\/de\/#\/schema\/logo\/image\/","url":"https:\/\/escort-technology.com\/wp-content\/uploads\/logo-1.jpg","contentUrl":"https:\/\/escort-technology.com\/wp-content\/uploads\/logo-1.jpg","width":600,"height":165,"caption":"ESCORT TECHNOLOGY"},"image":{"@id":"http:\/\/escort-technology.com\/de\/#\/schema\/logo\/image\/"},"sameAs":["https:\/\/www.facebook.com\/elektronika.morska\/","https:\/\/www.linkedin.com\/company\/escort-sp-z-o-o-\/"]}]}},"_links":{"self":[{"href":"https:\/\/escort-technology.com\/pl\/wp-json\/wp\/v2\/pages\/6941","targetHints":{"allow":["GET"]}}],"collection":[{"href":"https:\/\/escort-technology.com\/pl\/wp-json\/wp\/v2\/pages"}],"about":[{"href":"https:\/\/escort-technology.com\/pl\/wp-json\/wp\/v2\/types\/page"}],"author":[{"embeddable":true,"href":"https:\/\/escort-technology.com\/pl\/wp-json\/wp\/v2\/users\/10"}],"replies":[{"embeddable":true,"href":"https:\/\/escort-technology.com\/pl\/wp-json\/wp\/v2\/comments?post=6941"}],"version-history":[{"count":14,"href":"https:\/\/escort-technology.com\/pl\/wp-json\/wp\/v2\/pages\/6941\/revisions"}],"predecessor-version":[{"id":13576,"href":"https:\/\/escort-technology.com\/pl\/wp-json\/wp\/v2\/pages\/6941\/revisions\/13576"}],"wp:attachment":[{"href":"https:\/\/escort-technology.com\/pl\/wp-json\/wp\/v2\/media?parent=6941"}],"curies":[{"name":"wp","href":"https:\/\/api.w.org\/{rel}","templated":true}]}}