{"id":6958,"date":"2020-09-16T15:20:46","date_gmt":"2020-09-16T13:20:46","guid":{"rendered":"https:\/\/escort-technology.com\/?page_id=6958"},"modified":"2020-09-22T14:52:49","modified_gmt":"2020-09-22T12:52:49","slug":"morskie-rozwiazania-trimble","status":"publish","type":"page","link":"https:\/\/escort-technology.com\/pl\/morskie-rozwiazania-trimble\/","title":{"rendered":"Morskie rozwi\u0105zania Trimble"},"content":{"rendered":"<h1>Morskie rozwi\u0105zania marki Trimble<\/h1>\n<hr>\n<p><img decoding=\"async\" src=\"wp-content\/uploads\/Trimble.jpg\" alt=\"\"><\/p>\n<div>\n<h2>Obserwacja pod wod\u0105 i na powierzchni<\/h2>\n<p>Tu chodzi o lokalizacj\u0119, lokalizacj\u0119, lokalizacj\u0119. Z morskimi systemami budowlanymi Trimble, nigdy nie b\u0119dziesz musia\u0142 martwi\u0107 si\u0119 o swoj\u0105.<\/p>\n<p>Trimble oferuje elastyczne, wysokowydajne systemy pozycjonowania, aby sprosta\u0107 unikalnym potrzebom budownictwa morskiego, zar\u00f3wno w prostych, jak i z\u0142o\u017conych projektach. Nasze rozwi\u0105zania obejmuj\u0105 zar\u00f3wno sprz\u0119t, jak i oprogramowanie, i mog\u0105 by\u0107 \u0142atwo zintegrowane z systemami innych firm.<\/p>\n<\/div>\n<p><a href=\"https:\/\/escort-technology.com\/?page_id=7000&#038;preview=true\"><img decoding=\"async\" src=\"wp-content\/uploads\/Construction-Lifting_teaser.jpg\" alt=\"\"><\/a><\/p>\n<div>\n<h2><span style=\"color: #000000;\"><a style=\"color: #000000;\" href=\"https:\/\/escort-technology.com\/?page_id=7000&amp;preview=true\">Sprz\u0119t do podnoszenia<\/a><\/span><\/h2>\n<p>Efektywne zintegrowanie monitorowania obci\u0105\u017cenia i wskazania d\u017awigu w procesach budowlanych przy jednoczesnej poprawie bezpiecze\u0144stwa na miejscu pracy.<\/p>\n<\/div>\n<p><a href=\"https:\/\/escort-technology.com\/?page_id=7014&#038;preview=true\"><img decoding=\"async\" src=\"wp-content\/uploads\/Machinecontrol_marine_teaser_0.jpg\" alt=\"\"><\/a><\/p>\n<div>\n<h2><span style=\"color: #000000;\"><a style=\"color: #000000;\" href=\"https:\/\/escort-technology.com\/?page_id=7014&amp;preview=true\">Kontrola maszyn<\/a><\/span><\/h2>\n<p>Marka Trimble zapewnia dok\u0142adn\u0105 wizualizacj\u0119 3D w celu zwi\u0119kszenia wydajno\u015bci i zmniejszenia ilo\u015bci przer\u00f3bek.<\/p>\n<\/div>\n<p><a href=\"https:\/\/escort-technology.com\/oprogramowanie-trimble\/\"><img decoding=\"async\" src=\"wp-content\/uploads\/Software_marine_teaser.jpg\" alt=\"\"><\/a><\/p>\n<div>\n<h2><span style=\"color: #000000;\"><a style=\"color: #000000;\" href=\"https:\/\/escort-technology.com\/oprogramowanie-trimble\/\">Oprogramowanie<\/a><\/span><\/h2>\n<p>Poprawa wydajno\u015bci i efektywno\u015bci w zastosowaniach zwi\u0105zanych z budownictwem morskim, w tym w pog\u0142\u0119bianiu, pracach d\u017awigowych, palowaniu i badaniach hydrograficznych.<\/p>\n<\/div>\n<p><a href=\"https:\/\/escort-technology.com\/?page_id=6971&#038;preview=true\"><img decoding=\"async\" src=\"wp-content\/uploads\/Surveying_marine_teaser.jpg\" alt=\"\"><\/a><\/p>\n<div>\n<h2><span style=\"color: #000000;\"><a style=\"color: #000000;\" href=\"https:\/\/escort-technology.com\/?page_id=6971&amp;preview=true\">Pomiary hydrograficzne<\/a><\/span><\/h2>\n<p>Rozwi\u0105zania pomiarowe Trimble dla budownictwa morskiego zapewniaj\u0105 dok\u0142adno\u015b\u0107 i niezawodno\u015b\u0107, kt\u00f3rej potrzebujesz.<\/p>\n<\/div>\n<p><!-- {\"type\":\"layout\",\"children\":[{\"type\":\"section\",\"props\":{\"style\":\"default\",\"width\":\"default\",\"vertical_align\":\"middle\",\"title_position\":\"top-left\",\"title_rotation\":\"left\",\"title_breakpoint\":\"xl\",\"image_position\":\"center-center\",\"text_color\":\"\",\"width_expand\":\"\",\"height\":\"\",\"padding\":\"\",\"header_transparent\":\"\",\"animation\":\"\",\"image_effect\":\"\"},\"children\":[{\"type\":\"row\",\"props\":{\"layout\":\"1-1\",\"breakpoint\":\"m\",\"fixed_width\":\"large\",\"gutter\":\"\",\"width\":\"\",\"width_expand\":\"\",\"height\":\"\",\"margin\":\"\"},\"children\":[{\"type\":\"column\",\"props\":{\"widths\":[\"1-1\"],\"image_position\":\"center-center\",\"media_overlay_gradient\":\"\",\"vertical_align\":\"\",\"style\":\"\",\"text_color\":\"\",\"padding\":\"\"},\"children\":[{\"type\":\"headline\",\"props\":{\"title_element\":\"h1\",\"title_style\":\"\",\"title_decoration\":\"\",\"title_color\":\"\",\"text_align\":\"\",\"text_align_breakpoint\":\"\",\"text_align_fallback\":\"\",\"maxwidth\":\"\",\"maxwidth_align\":\"\",\"maxwidth_breakpoint\":\"\",\"margin\":\"\",\"animation\":\"\",\"visibility\":\"\",\"content\":\"Morskie rozwi\\u0105zania marki Trimble\"}},{\"type\":\"divider\",\"props\":{\"divider_element\":\"hr\",\"divider_style\":\"\",\"divider_align\":\"\",\"divider_align_breakpoint\":\"\",\"divider_align_fallback\":\"\",\"maxwidth\":\"\",\"maxwidth_align\":\"\",\"maxwidth_breakpoint\":\"\",\"margin\":\"\",\"animation\":\"\",\"visibility\":\"\"}}]}]}]},{\"type\":\"section\",\"props\":{\"style\":\"default\",\"width\":\"default\",\"vertical_align\":\"middle\",\"title_position\":\"top-left\",\"title_rotation\":\"left\",\"title_breakpoint\":\"xl\",\"image_position\":\"center-center\",\"text_color\":\"\",\"width_expand\":\"\",\"height\":\"\",\"padding\":\"\",\"header_transparent\":\"\",\"animation\":\"\",\"image_effect\":\"\"},\"children\":[{\"type\":\"row\",\"props\":{\"layout\":\"1-1\",\"breakpoint\":\"m\",\"fixed_width\":\"large\",\"gutter\":\"\",\"width\":\"\",\"width_expand\":\"\",\"height\":\"\",\"margin\":\"\"},\"children\":[{\"type\":\"column\",\"props\":{\"widths\":[\"1-1\"],\"image_position\":\"center-center\",\"media_overlay_gradient\":\"\",\"vertical_align\":\"\",\"style\":\"secondary\",\"text_color\":\"\",\"padding\":\"\"},\"children\":[{\"type\":\"image\",\"props\":{\"margin\":\"default\",\"link_target\":\"\",\"image_border\":\"\",\"image_box_shadow\":\"\",\"image_hover_box_shadow\":\"\",\"image_box_decoration\":\"\",\"text_align\":\"\",\"text_align_breakpoint\":\"\",\"text_align_fallback\":\"\",\"maxwidth\":\"\",\"maxwidth_align\":\"\",\"maxwidth_breakpoint\":\"\",\"animation\":\"\",\"visibility\":\"\",\"image\":\"wp-content\\\/uploads\\\/Trimble.jpg\"}},{\"type\":\"text\",\"props\":{\"margin\":\"default\",\"column_breakpoint\":\"m\",\"text_style\":\"\",\"text_color\":\"\",\"text_size\":\"\",\"column\":\"\",\"text_align\":\"\",\"text_align_breakpoint\":\"\",\"text_align_fallback\":\"\",\"maxwidth\":\"\",\"maxwidth_align\":\"\",\"maxwidth_breakpoint\":\"\",\"animation\":\"\",\"visibility\":\"\",\"content\":\"\n\n<h2>Obserwacja pod wod\\u0105 i na powierzchni<\\\/h2>\\n\n\n<p>Tu chodzi o lokalizacj\\u0119, lokalizacj\\u0119, lokalizacj\\u0119. Z morskimi systemami budowlanymi Trimble, nigdy nie b\\u0119dziesz musia\\u0142 martwi\\u0107 si\\u0119 o swoj\\u0105.<\\\/p>\\n\n\n<p>Trimble oferuje elastyczne, wysokowydajne systemy pozycjonowania, aby sprosta\\u0107 unikalnym potrzebom budownictwa morskiego, zar\\u00f3wno w prostych, jak i z\\u0142o\\u017conych projektach. Nasze rozwi\\u0105zania obejmuj\\u0105 zar\\u00f3wno sprz\\u0119t, jak i oprogramowanie, i mog\\u0105 by\\u0107 \\u0142atwo zintegrowane z systemami innych firm.<\\\/p>\"}}]}]}]},{\"type\":\"section\",\"props\":{\"style\":\"default\",\"width\":\"default\",\"vertical_align\":\"middle\",\"title_position\":\"top-left\",\"title_rotation\":\"left\",\"title_breakpoint\":\"xl\",\"image_position\":\"center-center\",\"text_color\":\"\",\"width_expand\":\"\",\"height\":\"\",\"padding\":\"\",\"header_transparent\":\"\",\"animation\":\"\",\"image_effect\":\"\"},\"children\":[{\"type\":\"row\",\"props\":{\"layout\":\",\",\"breakpoint\":\"m\",\"fixed_width\":\"large\",\"gutter\":\"\",\"width\":\"\",\"width_expand\":\"\",\"height\":\"\",\"margin\":\"\"},\"children\":[{\"type\":\"column\",\"props\":{\"widths\":[\"\"],\"image_position\":\"center-center\",\"media_overlay_gradient\":\"\",\"vertical_align\":\"\",\"style\":\"muted\",\"text_color\":\"\",\"padding\":\"\"},\"children\":[{\"type\":\"image\",\"props\":{\"margin\":\"default\",\"link_target\":\"\",\"image_border\":\"\",\"image_box_shadow\":\"\",\"image_hover_box_shadow\":\"\",\"image_box_decoration\":\"\",\"text_align\":\"\",\"text_align_breakpoint\":\"\",\"text_align_fallback\":\"\",\"maxwidth\":\"\",\"maxwidth_align\":\"\",\"maxwidth_breakpoint\":\"\",\"animation\":\"\",\"visibility\":\"\",\"image\":\"wp-content\\\/uploads\\\/Construction-Lifting_teaser.jpg\",\"link\":\"https:\\\/\\\/escort-technology.com\\\/?page_id=7000&preview=true\"}},{\"type\":\"text\",\"props\":{\"margin\":\"default\",\"column_breakpoint\":\"m\",\"text_style\":\"\",\"text_color\":\"\",\"text_size\":\"\",\"column\":\"\",\"text_align\":\"\",\"text_align_breakpoint\":\"\",\"text_align_fallback\":\"\",\"maxwidth\":\"\",\"maxwidth_align\":\"\",\"maxwidth_breakpoint\":\"\",\"animation\":\"\",\"visibility\":\"\",\"content\":\"\n\n<h2><span style=\\\"color: #000000;\\\"><a style=\\\"color: #000000;\\\" href=\\\"https:\\\/\\\/escort-technology.com\\\/?page_id=7000&amp;preview=true\\\">Sprz\\u0119t do podnoszenia<\\\/a><\\\/span><\\\/h2>\\n\n\n<p><br \\\/>Efektywne zintegrowanie monitorowania obci\\u0105\\u017cenia i wskazania d\\u017awigu w procesach budowlanych przy jednoczesnej poprawie bezpiecze\\u0144stwa na miejscu pracy.<\\\/p>\"}}]},{\"type\":\"column\",\"props\":{\"widths\":[\"\"],\"image_position\":\"center-center\",\"media_overlay_gradient\":\"\",\"vertical_align\":\"\",\"style\":\"muted\",\"text_color\":\"\",\"padding\":\"\"},\"children\":[{\"type\":\"image\",\"props\":{\"margin\":\"default\",\"link_target\":\"\",\"image_border\":\"\",\"image_box_shadow\":\"\",\"image_hover_box_shadow\":\"\",\"image_box_decoration\":\"\",\"text_align\":\"\",\"text_align_breakpoint\":\"\",\"text_align_fallback\":\"\",\"maxwidth\":\"\",\"maxwidth_align\":\"\",\"maxwidth_breakpoint\":\"\",\"animation\":\"\",\"visibility\":\"\",\"image\":\"wp-content\\\/uploads\\\/Machinecontrol_marine_teaser_0.jpg\",\"link\":\"https:\\\/\\\/escort-technology.com\\\/?page_id=7014&preview=true\"}},{\"type\":\"text\",\"props\":{\"margin\":\"default\",\"column_breakpoint\":\"m\",\"text_style\":\"\",\"text_color\":\"\",\"text_size\":\"\",\"column\":\"\",\"text_align\":\"\",\"text_align_breakpoint\":\"\",\"text_align_fallback\":\"\",\"maxwidth\":\"\",\"maxwidth_align\":\"\",\"maxwidth_breakpoint\":\"\",\"animation\":\"\",\"visibility\":\"\",\"content\":\"\n\n<h2><span style=\\\"color: #000000;\\\"><a style=\\\"color: #000000;\\\" href=\\\"https:\\\/\\\/escort-technology.com\\\/?page_id=7014&amp;preview=true\\\">Kontrola maszyn<\\\/a><\\\/span><\\\/h2>\\n\n\n<p>Marka Trimble zapewnia dok\\u0142adn\\u0105 wizualizacj\\u0119 3D w celu zwi\\u0119kszenia wydajno\\u015bci i zmniejszenia ilo\\u015bci przer\\u00f3bek.<\\\/p>\"}}]}]}]},{\"type\":\"section\",\"props\":{\"style\":\"default\",\"width\":\"default\",\"vertical_align\":\"middle\",\"title_position\":\"top-left\",\"title_rotation\":\"left\",\"title_breakpoint\":\"xl\",\"image_position\":\"center-center\",\"text_color\":\"\",\"width_expand\":\"\",\"height\":\"\",\"padding\":\"\",\"header_transparent\":\"\",\"animation\":\"\"},\"children\":[{\"type\":\"row\",\"props\":{\"layout\":\",\",\"breakpoint\":\"m\",\"fixed_width\":\"large\",\"gutter\":\"\",\"width\":\"\",\"width_expand\":\"\",\"height\":\"\",\"margin\":\"\"},\"children\":[{\"type\":\"column\",\"props\":{\"widths\":[\"\"],\"image_position\":\"center-center\",\"media_overlay_gradient\":\"\",\"vertical_align\":\"\",\"style\":\"muted\",\"text_color\":\"\",\"padding\":\"\"},\"children\":[{\"type\":\"image\",\"props\":{\"margin\":\"default\",\"link_target\":\"\",\"image_border\":\"\",\"image_box_shadow\":\"\",\"image_hover_box_shadow\":\"\",\"image_box_decoration\":\"\",\"text_align\":\"\",\"text_align_breakpoint\":\"\",\"text_align_fallback\":\"\",\"maxwidth\":\"\",\"maxwidth_align\":\"\",\"maxwidth_breakpoint\":\"\",\"animation\":\"\",\"visibility\":\"\",\"image\":\"wp-content\\\/uploads\\\/Software_marine_teaser.jpg\",\"link\":\"https:\\\/\\\/escort-technology.com\\\/oprogramowanie-trimble\\\/\"}},{\"type\":\"text\",\"props\":{\"margin\":\"default\",\"column_breakpoint\":\"m\",\"text_style\":\"\",\"text_color\":\"\",\"text_size\":\"\",\"column\":\"\",\"text_align\":\"\",\"text_align_breakpoint\":\"\",\"text_align_fallback\":\"\",\"maxwidth\":\"\",\"maxwidth_align\":\"\",\"maxwidth_breakpoint\":\"\",\"animation\":\"\",\"visibility\":\"\",\"content\":\"\n\n<h2><span style=\\\"color: #000000;\\\"><a style=\\\"color: #000000;\\\" href=\\\"https:\\\/\\\/escort-technology.com\\\/oprogramowanie-trimble\\\/\\\">Oprogramowanie<\\\/a><\\\/span><\\\/h2>\\n\n\n<p>Poprawa wydajno\\u015bci i efektywno\\u015bci w zastosowaniach zwi\\u0105zanych z budownictwem morskim, w tym w pog\\u0142\\u0119bianiu, pracach d\\u017awigowych, palowaniu i badaniach hydrograficznych.<\\\/p>\"}}]},{\"type\":\"column\",\"props\":{\"widths\":[\"\"],\"image_position\":\"center-center\",\"media_overlay_gradient\":\"\",\"vertical_align\":\"\",\"style\":\"muted\",\"text_color\":\"\",\"padding\":\"\"},\"children\":[{\"type\":\"image\",\"props\":{\"margin\":\"default\",\"link_target\":\"\",\"image_border\":\"\",\"image_box_shadow\":\"\",\"image_hover_box_shadow\":\"\",\"image_box_decoration\":\"\",\"text_align\":\"\",\"text_align_breakpoint\":\"\",\"text_align_fallback\":\"\",\"maxwidth\":\"\",\"maxwidth_align\":\"\",\"maxwidth_breakpoint\":\"\",\"animation\":\"\",\"visibility\":\"\",\"image\":\"wp-content\\\/uploads\\\/Surveying_marine_teaser.jpg\",\"link\":\"https:\\\/\\\/escort-technology.com\\\/?page_id=6971&preview=true\"}},{\"type\":\"text\",\"props\":{\"margin\":\"default\",\"column_breakpoint\":\"m\",\"text_style\":\"\",\"text_color\":\"\",\"text_size\":\"\",\"column\":\"\",\"text_align\":\"\",\"text_align_breakpoint\":\"\",\"text_align_fallback\":\"\",\"maxwidth\":\"\",\"maxwidth_align\":\"\",\"maxwidth_breakpoint\":\"\",\"animation\":\"\",\"visibility\":\"\",\"content\":\"\n\n<h2><span style=\\\"color: #000000;\\\"><a style=\\\"color: #000000;\\\" href=\\\"https:\\\/\\\/escort-technology.com\\\/?page_id=6971&amp;preview=true\\\">Pomiary hydrograficzne<\\\/a><\\\/span><\\\/h2>\\n\n\n<p>Rozwi\\u0105zania pomiarowe Trimble dla budownictwa morskiego zapewniaj\\u0105 dok\\u0142adno\\u015b\\u0107 i niezawodno\\u015b\\u0107, kt\\u00f3rej potrzebujesz.<\\\/p>\"}}]}]}]}],\"props\":[],\"version\":\"1.18.0\"} --><\/p>\n","protected":false},"excerpt":{"rendered":"<p>Morskie rozwi\u0105zania marki Trimble Obserwacja pod wod\u0105 i na powierzchni Tu chodzi o lokalizacj\u0119, lokalizacj\u0119, lokalizacj\u0119. Z morskimi systemami budowlanymi Trimble, nigdy nie b\u0119dziesz musia\u0142 martwi\u0107 si\u0119 o swoj\u0105. Trimble oferuje elastyczne, wysokowydajne systemy pozycjonowania, aby sprosta\u0107 unikalnym potrzebom budownictwa morskiego, zar\u00f3wno w prostych, jak i z\u0142o\u017conych projektach. Nasze rozwi\u0105zania obejmuj\u0105 zar\u00f3wno sprz\u0119t, jak i [&hellip;]<\/p>\n","protected":false},"author":10,"featured_media":0,"parent":0,"menu_order":0,"comment_status":"closed","ping_status":"closed","template":"","meta":{"footnotes":""},"class_list":["post-6958","page","type-page","status-publish","hentry"],"yoast_head":"<!-- This site is optimized with the Yoast SEO plugin v27.6 - https:\/\/yoast.com\/product\/yoast-seo-wordpress\/ -->\n<title>Morskie rozwi\u0105zania Trimble - ESCORT TECHNOLOGY<\/title>\n<meta name=\"robots\" content=\"index, follow, max-snippet:-1, max-image-preview:large, max-video-preview:-1\" \/>\n<link rel=\"canonical\" href=\"http:\/\/escort-technology.com\/pl\/de\/morskie-rozwiazania-trimble\/\" \/>\n<meta property=\"og:locale\" content=\"pl_PL\" \/>\n<meta property=\"og:type\" content=\"article\" \/>\n<meta property=\"og:title\" content=\"Morskie rozwi\u0105zania Trimble - ESCORT TECHNOLOGY\" \/>\n<meta property=\"og:description\" content=\"Morskie rozwi\u0105zania marki Trimble Obserwacja pod wod\u0105 i na powierzchni Tu chodzi o lokalizacj\u0119, lokalizacj\u0119, lokalizacj\u0119. Z morskimi systemami budowlanymi Trimble, nigdy nie b\u0119dziesz musia\u0142 martwi\u0107 si\u0119 o swoj\u0105. Trimble oferuje elastyczne, wysokowydajne systemy pozycjonowania, aby sprosta\u0107 unikalnym potrzebom budownictwa morskiego, zar\u00f3wno w prostych, jak i z\u0142o\u017conych projektach. Nasze rozwi\u0105zania obejmuj\u0105 zar\u00f3wno sprz\u0119t, jak i [&hellip;]\" \/>\n<meta property=\"og:url\" content=\"http:\/\/escort-technology.com\/pl\/de\/morskie-rozwiazania-trimble\/\" \/>\n<meta property=\"og:site_name\" content=\"ESCORT TECHNOLOGY\" \/>\n<meta property=\"article:publisher\" content=\"https:\/\/www.facebook.com\/elektronika.morska\/\" \/>\n<meta property=\"article:modified_time\" content=\"2020-09-22T12:52:49+00:00\" \/>\n<meta property=\"og:image\" content=\"http:\/\/wp-content\/uploads\/Trimble.jpg\" \/>\n<meta name=\"twitter:card\" content=\"summary_large_image\" \/>\n<meta name=\"twitter:label1\" content=\"Szacowany czas czytania\" \/>\n\t<meta name=\"twitter:data1\" content=\"1 minuta\" \/>\n<script type=\"application\/ld+json\" class=\"yoast-schema-graph\">{\"@context\":\"https:\\\/\\\/schema.org\",\"@graph\":[{\"@type\":\"WebPage\",\"@id\":\"http:\\\/\\\/escort-technology.com\\\/de\\\/morskie-rozwiazania-trimble\\\/\",\"url\":\"http:\\\/\\\/escort-technology.com\\\/de\\\/morskie-rozwiazania-trimble\\\/\",\"name\":\"Morskie rozwi\u0105zania Trimble - ESCORT TECHNOLOGY\",\"isPartOf\":{\"@id\":\"http:\\\/\\\/escort-technology.com\\\/de\\\/#website\"},\"datePublished\":\"2020-09-16T13:20:46+00:00\",\"dateModified\":\"2020-09-22T12:52:49+00:00\",\"breadcrumb\":{\"@id\":\"http:\\\/\\\/escort-technology.com\\\/de\\\/morskie-rozwiazania-trimble\\\/#breadcrumb\"},\"inLanguage\":\"pl-PL\",\"potentialAction\":[{\"@type\":\"ReadAction\",\"target\":[\"http:\\\/\\\/escort-technology.com\\\/de\\\/morskie-rozwiazania-trimble\\\/\"]}]},{\"@type\":\"BreadcrumbList\",\"@id\":\"http:\\\/\\\/escort-technology.com\\\/de\\\/morskie-rozwiazania-trimble\\\/#breadcrumb\",\"itemListElement\":[{\"@type\":\"ListItem\",\"position\":1,\"name\":\"Strona g\u0142\u00f3wna\",\"item\":\"https:\\\/\\\/escort-technology.com\\\/\"},{\"@type\":\"ListItem\",\"position\":2,\"name\":\"Morskie rozwi\u0105zania Trimble\"}]},{\"@type\":\"WebSite\",\"@id\":\"http:\\\/\\\/escort-technology.com\\\/de\\\/#website\",\"url\":\"http:\\\/\\\/escort-technology.com\\\/de\\\/\",\"name\":\"ESCORT TECHNOLOGY\",\"description\":\"Elektronika morska i l\u0105dowa\",\"publisher\":{\"@id\":\"http:\\\/\\\/escort-technology.com\\\/de\\\/#organization\"},\"potentialAction\":[{\"@type\":\"SearchAction\",\"target\":{\"@type\":\"EntryPoint\",\"urlTemplate\":\"http:\\\/\\\/escort-technology.com\\\/de\\\/?s={search_term_string}\"},\"query-input\":{\"@type\":\"PropertyValueSpecification\",\"valueRequired\":true,\"valueName\":\"search_term_string\"}}],\"inLanguage\":\"pl-PL\"},{\"@type\":\"Organization\",\"@id\":\"http:\\\/\\\/escort-technology.com\\\/de\\\/#organization\",\"name\":\"ESCORT TECHNOLOGY\",\"url\":\"http:\\\/\\\/escort-technology.com\\\/de\\\/\",\"logo\":{\"@type\":\"ImageObject\",\"inLanguage\":\"pl-PL\",\"@id\":\"http:\\\/\\\/escort-technology.com\\\/de\\\/#\\\/schema\\\/logo\\\/image\\\/\",\"url\":\"https:\\\/\\\/escort-technology.com\\\/wp-content\\\/uploads\\\/logo-1.jpg\",\"contentUrl\":\"https:\\\/\\\/escort-technology.com\\\/wp-content\\\/uploads\\\/logo-1.jpg\",\"width\":600,\"height\":165,\"caption\":\"ESCORT TECHNOLOGY\"},\"image\":{\"@id\":\"http:\\\/\\\/escort-technology.com\\\/de\\\/#\\\/schema\\\/logo\\\/image\\\/\"},\"sameAs\":[\"https:\\\/\\\/www.facebook.com\\\/elektronika.morska\\\/\",\"https:\\\/\\\/www.linkedin.com\\\/company\\\/escort-sp-z-o-o-\\\/\"]}]}<\/script>\n<!-- \/ Yoast SEO plugin. -->","yoast_head_json":{"title":"Morskie rozwi\u0105zania Trimble - ESCORT TECHNOLOGY","robots":{"index":"index","follow":"follow","max-snippet":"max-snippet:-1","max-image-preview":"max-image-preview:large","max-video-preview":"max-video-preview:-1"},"canonical":"http:\/\/escort-technology.com\/pl\/de\/morskie-rozwiazania-trimble\/","og_locale":"pl_PL","og_type":"article","og_title":"Morskie rozwi\u0105zania Trimble - ESCORT TECHNOLOGY","og_description":"Morskie rozwi\u0105zania marki Trimble Obserwacja pod wod\u0105 i na powierzchni Tu chodzi o lokalizacj\u0119, lokalizacj\u0119, lokalizacj\u0119. Z morskimi systemami budowlanymi Trimble, nigdy nie b\u0119dziesz musia\u0142 martwi\u0107 si\u0119 o swoj\u0105. Trimble oferuje elastyczne, wysokowydajne systemy pozycjonowania, aby sprosta\u0107 unikalnym potrzebom budownictwa morskiego, zar\u00f3wno w prostych, jak i z\u0142o\u017conych projektach. Nasze rozwi\u0105zania obejmuj\u0105 zar\u00f3wno sprz\u0119t, jak i [&hellip;]","og_url":"http:\/\/escort-technology.com\/pl\/de\/morskie-rozwiazania-trimble\/","og_site_name":"ESCORT TECHNOLOGY","article_publisher":"https:\/\/www.facebook.com\/elektronika.morska\/","article_modified_time":"2020-09-22T12:52:49+00:00","og_image":[{"url":"wp-content\/uploads\/Trimble.jpg","type":"","width":"","height":""}],"twitter_card":"summary_large_image","twitter_misc":{"Szacowany czas czytania":"1 minuta"},"schema":{"@context":"https:\/\/schema.org","@graph":[{"@type":"WebPage","@id":"http:\/\/escort-technology.com\/de\/morskie-rozwiazania-trimble\/","url":"http:\/\/escort-technology.com\/de\/morskie-rozwiazania-trimble\/","name":"Morskie rozwi\u0105zania Trimble - ESCORT TECHNOLOGY","isPartOf":{"@id":"http:\/\/escort-technology.com\/de\/#website"},"datePublished":"2020-09-16T13:20:46+00:00","dateModified":"2020-09-22T12:52:49+00:00","breadcrumb":{"@id":"http:\/\/escort-technology.com\/de\/morskie-rozwiazania-trimble\/#breadcrumb"},"inLanguage":"pl-PL","potentialAction":[{"@type":"ReadAction","target":["http:\/\/escort-technology.com\/de\/morskie-rozwiazania-trimble\/"]}]},{"@type":"BreadcrumbList","@id":"http:\/\/escort-technology.com\/de\/morskie-rozwiazania-trimble\/#breadcrumb","itemListElement":[{"@type":"ListItem","position":1,"name":"Strona g\u0142\u00f3wna","item":"https:\/\/escort-technology.com\/"},{"@type":"ListItem","position":2,"name":"Morskie rozwi\u0105zania Trimble"}]},{"@type":"WebSite","@id":"http:\/\/escort-technology.com\/de\/#website","url":"http:\/\/escort-technology.com\/de\/","name":"ESCORT TECHNOLOGY","description":"Elektronika morska i l\u0105dowa","publisher":{"@id":"http:\/\/escort-technology.com\/de\/#organization"},"potentialAction":[{"@type":"SearchAction","target":{"@type":"EntryPoint","urlTemplate":"http:\/\/escort-technology.com\/de\/?s={search_term_string}"},"query-input":{"@type":"PropertyValueSpecification","valueRequired":true,"valueName":"search_term_string"}}],"inLanguage":"pl-PL"},{"@type":"Organization","@id":"http:\/\/escort-technology.com\/de\/#organization","name":"ESCORT TECHNOLOGY","url":"http:\/\/escort-technology.com\/de\/","logo":{"@type":"ImageObject","inLanguage":"pl-PL","@id":"http:\/\/escort-technology.com\/de\/#\/schema\/logo\/image\/","url":"https:\/\/escort-technology.com\/wp-content\/uploads\/logo-1.jpg","contentUrl":"https:\/\/escort-technology.com\/wp-content\/uploads\/logo-1.jpg","width":600,"height":165,"caption":"ESCORT TECHNOLOGY"},"image":{"@id":"http:\/\/escort-technology.com\/de\/#\/schema\/logo\/image\/"},"sameAs":["https:\/\/www.facebook.com\/elektronika.morska\/","https:\/\/www.linkedin.com\/company\/escort-sp-z-o-o-\/"]}]}},"_links":{"self":[{"href":"https:\/\/escort-technology.com\/pl\/wp-json\/wp\/v2\/pages\/6958","targetHints":{"allow":["GET"]}}],"collection":[{"href":"https:\/\/escort-technology.com\/pl\/wp-json\/wp\/v2\/pages"}],"about":[{"href":"https:\/\/escort-technology.com\/pl\/wp-json\/wp\/v2\/types\/page"}],"author":[{"embeddable":true,"href":"https:\/\/escort-technology.com\/pl\/wp-json\/wp\/v2\/users\/10"}],"replies":[{"embeddable":true,"href":"https:\/\/escort-technology.com\/pl\/wp-json\/wp\/v2\/comments?post=6958"}],"version-history":[{"count":10,"href":"https:\/\/escort-technology.com\/pl\/wp-json\/wp\/v2\/pages\/6958\/revisions"}],"predecessor-version":[{"id":7041,"href":"https:\/\/escort-technology.com\/pl\/wp-json\/wp\/v2\/pages\/6958\/revisions\/7041"}],"wp:attachment":[{"href":"https:\/\/escort-technology.com\/pl\/wp-json\/wp\/v2\/media?parent=6958"}],"curies":[{"name":"wp","href":"https:\/\/api.w.org\/{rel}","templated":true}]}}