{"id":7079,"date":"2020-09-24T11:37:43","date_gmt":"2020-09-24T09:37:43","guid":{"rendered":"https:\/\/escort-technology.com\/?page_id=7079"},"modified":"2020-09-24T11:42:35","modified_gmt":"2020-09-24T09:42:35","slug":"antena-trimble-zephyr-3-base","status":"publish","type":"page","link":"https:\/\/escort-technology.com\/pl\/antena-trimble-zephyr-3-base\/","title":{"rendered":"Antena Trimble Zephyr 3 Base"},"content":{"rendered":"<h1>Antena Trimble Zephyr 3 Base<\/h1>\n<hr>\n<p><img decoding=\"async\" src=\"wp-content\/uploads\/Zephyr-Base-Antenna.jpg\" alt=\"\"><\/p>\n<div>\n<p>Anten\u0119 cechuje funkcja Trimble Stealth&#x2122; w celu zminimalizowania wielodro\u017cno\u015bci i zabezpieczona materia\u0142ami odpornymi na warunki atmosferyczne, antena Zephyr 3 Base\u00a0 jest idealn\u0105 anten\u0105 do prac kontrolnych.<\/p>\n<\/div>\n<p>\n    <a href=\"http:\/\/trl.trimble.com\/docushare\/dsweb\/Get\/Document-876020\/\">Broszura<\/a>\n<\/p>\n<ul>\n<li>\n<h3>OPIS<\/h3>\n<div>\n<p>Zewn\u0119trzne anteny GNSS Trimble Zephyr&#x2122;external zawieraj\u0105 zaawansowan\u0105 technologi\u0119 redukcji wielu \u015bcie\u017cek, wyj\u0105tkowe \u015bledzenie satelit\u00f3w na ma\u0142ej wysoko\u015bci i submilimetrow\u0105 stabilno\u015b\u0107 centrum fazowego.<\/p>\n<\/div>\n<\/li>\n<li>\n<h3>SPECYFIKACJA<\/h3>\n<div>\n<div class=\"highlights_container\">\n<div id=\"scbody_0_dvspm\" class=\"contentRight\">\n<p>\u00a0<\/p>\n<\/div>\n<\/div>\n<div class=\"industry_tab\">\n<div id=\"scbody_0_sctabmodule_0_mainDiv\">\n<div id=\"TabbedPanels1\" class=\"TabbedPanels\">\u00a0<\/div>\n<\/div>\n<\/div>\n<div class=\"TabbedPanelsContent TabbedPanelsContentVisible\">\n<table border=\"1\">\n<tbody>\n<tr>\n<td>Wymiary\u00a0<\/td>\n<td>34.3 cm \u015brednica x 7.9 cm wysoko\u015b\u0107<br \/>(13.5&#8221; \u015brednica x 3.1&#8221; wysoko\u015b\u0107)<\/td>\n<\/tr>\n<tr>\n<td>Waga<\/td>\n<td>1.36 kg (3 lbs)<\/td>\n<\/tr>\n<tr>\n<td>Metoda monta\u017cu\u00a0 \u00a0 \u00a0<\/td>\n<td>5\/8\u201d &#8211; 11 \u017be\u0144ski\u00a0<\/td>\n<\/tr>\n<tr>\n<td>Rodzaj z\u0142\u0105cza\u00a0<\/td>\n<td>TNC \u017be\u0144ski<\/td>\n<\/tr>\n<tr>\n<td>Zasilanie<\/td>\n<td>3.5 V DC do 20 V DC<\/td>\n<\/tr>\n<\/tbody>\n<\/table>\n<h3>\u00a0<\/h3>\n<\/div>\n<\/div>\n<\/li>\n<li>\n<h3>G\u0141\u00d3WNE CECHY<\/h3>\n<div>\n<ul>\n<li>Kompleksowe wsparcie dla GNSS, w tym sygna\u0142y GPS, GLONASS, BeiDou i Galileo<\/li>\n<li>\u015aledzenie satelit\u00f3w o niskiej wysoko\u015bci<\/li>\n<li>Du\u017ca p\u0142aszczyzna uziemienia Trimble StealthTM do odrzucania wielu \u015bcie\u017cek<\/li>\n<li>Powtarzalno\u015b\u0107 centrum fazowego w milimetrach<\/li>\n<li>Idealne rozwi\u0105zanie dla sta\u0142ych stacji referencyjnych i sieci infrastruktury GNSS<\/li>\n<li>Dodatkowe filtrowanie Irydium i japo\u0144skie LTE<\/li>\n<li>Wysokie wzmocnienie sygna\u0142u (50 dB) dla niezawodnego \u015bledzenia ruchu<\/li>\n<li>Niski profil przekroju poprzecznego w celu zmniejszenia obci\u0105\u017cenia wiatrem<\/li>\n<\/ul>\n<\/div>\n<\/li>\n<li>\n<h3>LINKI<\/h3>\n<div>\n<div id=\"TRLcontent1\" class=\"centercol\">\n<ul>\n<li class=\"linkposition\"><a class=\"CenterLink\" href=\"http:\/\/trl.trimble.com\/dscgi\/ds.py\/Get\/File-876023\/Trimble OEMAntennas_BR_0819.pdf\" target=\"_blank\" rel=\"noopener noreferrer\">Trimble_OEMAntennas_BR_0819.pdf<\/a><span class=\"trlFileSize\"> (835 KB)<\/span><\/li>\n<li class=\"linkposition\"><a class=\"CenterLink\" href=\"http:\/\/trl.trimble.com\/dscgi\/ds.py\/Get\/File-876020\/Trimble Zephyr 3 Base_DS_0819_LR.pdf\" target=\"_blank\" rel=\"noopener noreferrer\">Trimble Zephyr 3 Base_DS_0819_LR.pdf<\/a><span class=\"trlFileSize\"> (300 KB)<\/span><\/li>\n<li class=\"linkposition\"><a class=\"CenterLink\" href=\"http:\/\/trl.trimble.com\/dscgi\/ds.py\/Get\/File-876022\/Trimble Zephyr 3 Rugged_DS_0819_LR.pdf\" target=\"_blank\" rel=\"noopener noreferrer\">Trimble Zephyr 3 Rugged_DS_0819_LR.pdf<\/a><span class=\"trlFileSize\"> (349 KB)<\/span><\/li>\n<li class=\"linkposition\"><a class=\"CenterLink\" href=\"http:\/\/trl.trimble.com\/dscgi\/ds.py\/Get\/File-876021\/Trimble Zephyr 3 Rover_DS_0819_LR.pdf\" target=\"_blank\" rel=\"noopener noreferrer\">Trimble Zephyr 3 Rover_DS_0819_LR.pdf<\/a><span class=\"trlFileSize\"> (257 KB)<\/span><\/li>\n<\/ul>\n<\/div>\n<p>\u00a0<\/p>\n<\/div>\n<\/li>\n<\/ul>\n<p><!-- {\"type\":\"layout\",\"children\":[{\"type\":\"section\",\"props\":{\"style\":\"default\",\"width\":\"default\",\"vertical_align\":\"middle\",\"title_position\":\"top-left\",\"title_rotation\":\"left\",\"title_breakpoint\":\"xl\",\"image_position\":\"center-center\",\"text_color\":\"\",\"width_expand\":\"\",\"height\":\"\",\"padding\":\"\",\"header_transparent\":\"\",\"animation\":\"\",\"image_effect\":\"\"},\"children\":[{\"type\":\"row\",\"props\":{\"layout\":\"1-1\",\"breakpoint\":\"m\",\"fixed_width\":\"large\",\"gutter\":\"\",\"width\":\"\",\"width_expand\":\"\",\"height\":\"\",\"margin\":\"\"},\"children\":[{\"type\":\"column\",\"props\":{\"widths\":[\"1-1\"],\"image_position\":\"center-center\",\"media_overlay_gradient\":\"\",\"vertical_align\":\"\",\"style\":\"\",\"text_color\":\"\",\"padding\":\"\"},\"children\":[{\"type\":\"headline\",\"props\":{\"title_element\":\"h1\",\"title_style\":\"\",\"title_decoration\":\"\",\"title_color\":\"\",\"text_align\":\"\",\"text_align_breakpoint\":\"\",\"text_align_fallback\":\"\",\"maxwidth\":\"\",\"maxwidth_align\":\"\",\"maxwidth_breakpoint\":\"\",\"margin\":\"\",\"animation\":\"\",\"visibility\":\"\",\"content\":\"Antena Trimble Zephyr 3 Base\"}},{\"type\":\"divider\",\"props\":{\"divider_element\":\"hr\",\"divider_style\":\"\",\"divider_align\":\"\",\"divider_align_breakpoint\":\"\",\"divider_align_fallback\":\"\",\"maxwidth\":\"\",\"maxwidth_align\":\"\",\"maxwidth_breakpoint\":\"\",\"margin\":\"\",\"animation\":\"\",\"visibility\":\"\"}}]}]}]},{\"type\":\"section\",\"props\":{\"style\":\"default\",\"width\":\"default\",\"vertical_align\":\"middle\",\"title_position\":\"top-left\",\"title_rotation\":\"left\",\"title_breakpoint\":\"xl\",\"image_position\":\"center-center\",\"text_color\":\"\",\"width_expand\":\"\",\"height\":\"\",\"padding\":\"\",\"header_transparent\":\"\",\"animation\":\"\",\"image_effect\":\"\"},\"children\":[{\"type\":\"row\",\"props\":{\"layout\":\",2-3\",\"breakpoint\":\"m\",\"fixed_width\":\"large\",\"gutter\":\"\",\"width\":\"\",\"width_expand\":\"\",\"height\":\"\",\"margin\":\"\"},\"children\":[{\"type\":\"column\",\"props\":{\"widths\":[\"\"],\"image_position\":\"center-center\",\"media_overlay_gradient\":\"\",\"vertical_align\":\"\",\"style\":\"\",\"text_color\":\"\",\"padding\":\"\"},\"children\":[{\"type\":\"image\",\"props\":{\"margin\":\"default\",\"link_target\":\"\",\"image_border\":\"\",\"image_box_shadow\":\"\",\"image_hover_box_shadow\":\"\",\"image_box_decoration\":\"\",\"text_align\":\"\",\"text_align_breakpoint\":\"\",\"text_align_fallback\":\"\",\"maxwidth\":\"\",\"maxwidth_align\":\"\",\"maxwidth_breakpoint\":\"\",\"animation\":\"\",\"visibility\":\"\",\"image\":\"wp-content\\\/uploads\\\/Zephyr-Base-Antenna.jpg\"}}]},{\"type\":\"column\",\"props\":{\"widths\":[\"2-3\"],\"image_position\":\"center-center\",\"media_overlay_gradient\":\"\",\"vertical_align\":\"\",\"style\":\"\",\"text_color\":\"\",\"padding\":\"\"},\"children\":[{\"type\":\"text\",\"props\":{\"margin\":\"default\",\"column_breakpoint\":\"m\",\"text_style\":\"\",\"text_color\":\"\",\"text_size\":\"\",\"column\":\"\",\"text_align\":\"\",\"text_align_breakpoint\":\"\",\"text_align_fallback\":\"\",\"maxwidth\":\"\",\"maxwidth_align\":\"\",\"maxwidth_breakpoint\":\"\",\"animation\":\"\",\"visibility\":\"\",\"content\":\"\n\n<p>Anten\\u0119 cechuje funkcja Trimble Stealth\\u2122 w celu zminimalizowania wielodro\\u017cno\\u015bci i zabezpieczona materia\\u0142ami odpornymi na warunki atmosferyczne, antena Zephyr 3 Base\\u00a0 jest idealn\\u0105 anten\\u0105 do prac kontrolnych.<\\\/p>\"}},{\"type\":\"button\",\"props\":{\"gutter\":\"small\",\"margin\":\"default\",\"button_size\":\"\",\"text_align\":\"center\",\"text_align_breakpoint\":\"\",\"text_align_fallback\":\"\",\"maxwidth\":\"\",\"maxwidth_align\":\"\",\"maxwidth_breakpoint\":\"\",\"animation\":\"\",\"visibility\":\"\"},\"children\":[{\"type\":\"button_item\",\"props\":{\"button_style\":\"default\",\"icon_align\":\"left\",\"link_target\":\"\",\"content\":\"Broszura\",\"link\":\"http:\\\/\\\/trl.trimble.com\\\/docushare\\\/dsweb\\\/Get\\\/Document-876020\\\/\"}}]},{\"type\":\"switcher\",\"props\":{\"show_title\":true,\"show_meta\":true,\"show_content\":true,\"show_image\":true,\"show_link\":true,\"show_label\":true,\"show_thumbnail\":true,\"switcher_style\":\"tab\",\"switcher_position\":\"top\",\"switcher_align\":\"left\",\"switcher_grid_width\":\"auto\",\"switcher_breakpoint\":\"m\",\"switcher_animation\":\"fade\",\"switcher_height\":true,\"title_element\":\"h3\",\"meta_style\":\"meta\",\"meta_align\":\"bottom\",\"image_align\":\"top\",\"image_grid_width\":\"1-2\",\"image_breakpoint\":\"m\",\"switcher_thumbnail_width\":\"100\",\"switcher_thumbnail_height\":\"75\",\"link_text\":\"Read more\",\"link_style\":\"default\",\"margin\":\"default\",\"switcher_margin\":\"\",\"switcher_gutter\":\"\",\"title_style\":\"\",\"title_decoration\":\"\",\"title_color\":\"\",\"meta_color\":\"\",\"meta_margin\":\"\",\"content_style\":\"\",\"image_border\":\"\",\"image_box_shadow\":\"\",\"image_box_decoration\":\"\",\"image_gutter\":\"\",\"link_size\":\"\",\"text_align\":\"\",\"text_align_breakpoint\":\"\",\"text_align_fallback\":\"\",\"maxwidth\":\"\",\"maxwidth_align\":\"\",\"maxwidth_breakpoint\":\"\",\"animation\":\"\",\"visibility\":\"\"},\"children\":[{\"type\":\"switcher_item\",\"props\":{\"title\":\"OPIS\",\"content\":\"\n\n<p>Zewn\\u0119trzne anteny GNSS Trimble Zephyr\\u2122external zawieraj\\u0105 zaawansowan\\u0105 technologi\\u0119 redukcji wielu \\u015bcie\\u017cek, wyj\\u0105tkowe \\u015bledzenie satelit\\u00f3w na ma\\u0142ej wysoko\\u015bci i submilimetrow\\u0105 stabilno\\u015b\\u0107 centrum fazowego.<\\\/p>\"}},{\"type\":\"switcher_item\",\"props\":{\"content\":\"\n\n<div class=\\\"highlights_container\\\">\\n\n\n<div id=\\\"scbody_0_dvspm\\\" class=\\\"contentRight\\\">\\n\n\n<p>\\u00a0<\\\/p>\\n<\\\/div>\\n<\\\/div>\\n\n\n<div class=\\\"industry_tab\\\">\\n\n\n<div id=\\\"scbody_0_sctabmodule_0_mainDiv\\\">\\n\n\n<div id=\\\"TabbedPanels1\\\" class=\\\"TabbedPanels\\\">\\u00a0<\\\/div>\\n<\\\/div>\\n<\\\/div>\\n\n\n<div class=\\\"TabbedPanelsContent TabbedPanelsContentVisible\\\">\\n\n\n<table border=\\\"1\\\">\\n\n\n<tbody>\\n\n\n<tr>\\n\n\n<td>Wymiary\\u00a0<\\\/td>\\n\n\n<td>34.3 cm \\u015brednica x 7.9 cm wysoko\\u015b\\u0107<br \\\/>(13.5'' \\u015brednica x 3.1'' wysoko\\u015b\\u0107)<\\\/td>\\n<\\\/tr>\\n\n\n<tr>\\n\n\n<td>Waga<\\\/td>\\n\n\n<td>1.36 kg (3 lbs)<\\\/td>\\n<\\\/tr>\\n\n\n<tr>\\n\n\n<td>Metoda monta\\u017cu\\u00a0 \\u00a0 \\u00a0<\\\/td>\\n\n\n<td>5\\\/8\\u201d - 11 \\u017be\\u0144ski\\u00a0<\\\/td>\\n<\\\/tr>\\n\n\n<tr>\\n\n\n<td>Rodzaj z\\u0142\\u0105cza\\u00a0<\\\/td>\\n\n\n<td>TNC \\u017be\\u0144ski<\\\/td>\\n<\\\/tr>\\n\n\n<tr>\\n\n\n<td>Zasilanie<\\\/td>\\n\n\n<td>3.5 V DC do 20 V DC<\\\/td>\\n<\\\/tr>\\n<\\\/tbody>\\n<\\\/table>\\n\n\n<h3>\\u00a0<\\\/h3>\\n<\\\/div>\",\"title\":\"SPECYFIKACJA\"}},{\"type\":\"switcher_item\",\"props\":{\"title\":\"G\\u0141\\u00d3WNE CECHY\",\"content\":\"\n\n<ul>\\n\n\n<li>Kompleksowe wsparcie dla GNSS, w tym sygna\\u0142y GPS, GLONASS, BeiDou i Galileo<\\\/li>\\n\n\n<li>\\u015aledzenie satelit\\u00f3w o niskiej wysoko\\u015bci<\\\/li>\\n\n\n<li>Du\\u017ca p\\u0142aszczyzna uziemienia Trimble StealthTM do odrzucania wielu \\u015bcie\\u017cek<\\\/li>\\n\n\n<li>Powtarzalno\\u015b\\u0107 centrum fazowego w milimetrach<\\\/li>\\n\n\n<li>Idealne rozwi\\u0105zanie dla sta\\u0142ych stacji referencyjnych i sieci infrastruktury GNSS<\\\/li>\\n\n\n<li>Dodatkowe filtrowanie Irydium i japo\\u0144skie LTE<\\\/li>\\n\n\n<li>Wysokie wzmocnienie sygna\\u0142u (50 dB) dla niezawodnego \\u015bledzenia ruchu<\\\/li>\\n\n\n<li>Niski profil przekroju poprzecznego w celu zmniejszenia obci\\u0105\\u017cenia wiatrem<\\\/li>\\n<\\\/ul>\"}},{\"type\":\"switcher_item\",\"props\":{\"title\":\"LINKI\",\"content\":\"\n\n<div id=\\\"TRLcontent1\\\" class=\\\"centercol\\\">\\n\n\n<ul>\\n\n\n<li class=\\\"linkposition\\\"><a class=\\\"CenterLink\\\" href=\\\"http:\\\/\\\/trl.trimble.com\\\/dscgi\\\/ds.py\\\/Get\\\/File-876023\\\/Trimble OEMAntennas_BR_0819.pdf\\\" target=\\\"_blank\\\" rel=\\\"noopener\\\">Trimble_OEMAntennas_BR_0819.pdf<\\\/a><span class=\\\"trlFileSize\\\"> (835 KB)<\\\/span><\\\/li>\\n\n\n<li class=\\\"linkposition\\\"><a class=\\\"CenterLink\\\" href=\\\"http:\\\/\\\/trl.trimble.com\\\/dscgi\\\/ds.py\\\/Get\\\/File-876020\\\/Trimble Zephyr 3 Base_DS_0819_LR.pdf\\\" target=\\\"_blank\\\" rel=\\\"noopener\\\">Trimble Zephyr 3 Base_DS_0819_LR.pdf<\\\/a><span class=\\\"trlFileSize\\\"> (300 KB)<\\\/span><\\\/li>\\n\n\n<li class=\\\"linkposition\\\"><a class=\\\"CenterLink\\\" href=\\\"http:\\\/\\\/trl.trimble.com\\\/dscgi\\\/ds.py\\\/Get\\\/File-876022\\\/Trimble Zephyr 3 Rugged_DS_0819_LR.pdf\\\" target=\\\"_blank\\\" rel=\\\"noopener\\\">Trimble Zephyr 3 Rugged_DS_0819_LR.pdf<\\\/a><span class=\\\"trlFileSize\\\"> (349 KB)<\\\/span><\\\/li>\\n\n\n<li class=\\\"linkposition\\\"><a class=\\\"CenterLink\\\" href=\\\"http:\\\/\\\/trl.trimble.com\\\/dscgi\\\/ds.py\\\/Get\\\/File-876021\\\/Trimble Zephyr 3 Rover_DS_0819_LR.pdf\\\" target=\\\"_blank\\\" rel=\\\"noopener\\\">Trimble Zephyr 3 Rover_DS_0819_LR.pdf<\\\/a><span class=\\\"trlFileSize\\\"> (257 KB)<\\\/span><\\\/li>\\n<\\\/ul>\\n<\\\/div>\\n\n\n<p>\\u00a0<\\\/p>\"}}]}]}]}]}],\"props\":[],\"version\":\"1.18.0\"} --><\/p>\n","protected":false},"excerpt":{"rendered":"<p>Antena Trimble Zephyr 3 Base Anten\u0119 cechuje funkcja Trimble Stealth&#x2122; w celu zminimalizowania wielodro\u017cno\u015bci i zabezpieczona materia\u0142ami odpornymi na warunki atmosferyczne, antena Zephyr 3 Base\u00a0 jest idealn\u0105 anten\u0105 do prac kontrolnych. Broszura OPIS Zewn\u0119trzne anteny GNSS Trimble Zephyr&#x2122;external zawieraj\u0105 zaawansowan\u0105 technologi\u0119 redukcji wielu \u015bcie\u017cek, wyj\u0105tkowe \u015bledzenie satelit\u00f3w na ma\u0142ej wysoko\u015bci i submilimetrow\u0105 stabilno\u015b\u0107 centrum fazowego. [&hellip;]<\/p>\n","protected":false},"author":10,"featured_media":0,"parent":0,"menu_order":0,"comment_status":"closed","ping_status":"closed","template":"","meta":{"footnotes":""},"class_list":["post-7079","page","type-page","status-publish","hentry"],"yoast_head":"<!-- This site is optimized with the Yoast SEO plugin v27.5 - https:\/\/yoast.com\/product\/yoast-seo-wordpress\/ -->\n<title>Antena Trimble Zephyr 3 Base - ESCORT TECHNOLOGY<\/title>\n<meta name=\"robots\" content=\"index, follow, max-snippet:-1, max-image-preview:large, max-video-preview:-1\" \/>\n<link rel=\"canonical\" href=\"https:\/\/escort-technology.com\/pl\/antena-trimble-zephyr-3-base\/\" \/>\n<meta property=\"og:locale\" content=\"pl_PL\" \/>\n<meta property=\"og:type\" content=\"article\" \/>\n<meta property=\"og:title\" content=\"Antena Trimble Zephyr 3 Base - ESCORT TECHNOLOGY\" \/>\n<meta property=\"og:description\" content=\"Antena Trimble Zephyr 3 Base Anten\u0119 cechuje funkcja Trimble Stealth&#x2122; w celu zminimalizowania wielodro\u017cno\u015bci i zabezpieczona materia\u0142ami odpornymi na warunki atmosferyczne, antena Zephyr 3 Base\u00a0 jest idealn\u0105 anten\u0105 do prac kontrolnych. Broszura OPIS Zewn\u0119trzne anteny GNSS Trimble Zephyr&#x2122;external zawieraj\u0105 zaawansowan\u0105 technologi\u0119 redukcji wielu \u015bcie\u017cek, wyj\u0105tkowe \u015bledzenie satelit\u00f3w na ma\u0142ej wysoko\u015bci i submilimetrow\u0105 stabilno\u015b\u0107 centrum fazowego. [&hellip;]\" \/>\n<meta property=\"og:url\" content=\"https:\/\/escort-technology.com\/pl\/antena-trimble-zephyr-3-base\/\" \/>\n<meta property=\"og:site_name\" content=\"ESCORT TECHNOLOGY\" \/>\n<meta property=\"article:publisher\" content=\"https:\/\/www.facebook.com\/elektronika.morska\/\" \/>\n<meta property=\"article:modified_time\" content=\"2020-09-24T09:42:35+00:00\" \/>\n<meta property=\"og:image\" content=\"http:\/\/wp-content\/uploads\/Zephyr-Base-Antenna.jpg\" \/>\n<meta name=\"twitter:card\" content=\"summary_large_image\" \/>\n<meta name=\"twitter:label1\" content=\"Szacowany czas czytania\" \/>\n\t<meta name=\"twitter:data1\" content=\"1 minuta\" \/>\n<script type=\"application\/ld+json\" class=\"yoast-schema-graph\">{\"@context\":\"https:\\\/\\\/schema.org\",\"@graph\":[{\"@type\":\"WebPage\",\"@id\":\"https:\\\/\\\/escort-technology.com\\\/pl\\\/antena-trimble-zephyr-3-base\\\/\",\"url\":\"https:\\\/\\\/escort-technology.com\\\/pl\\\/antena-trimble-zephyr-3-base\\\/\",\"name\":\"Antena Trimble Zephyr 3 Base - ESCORT TECHNOLOGY\",\"isPartOf\":{\"@id\":\"http:\\\/\\\/escort-technology.com\\\/de\\\/#website\"},\"datePublished\":\"2020-09-24T09:37:43+00:00\",\"dateModified\":\"2020-09-24T09:42:35+00:00\",\"breadcrumb\":{\"@id\":\"https:\\\/\\\/escort-technology.com\\\/pl\\\/antena-trimble-zephyr-3-base\\\/#breadcrumb\"},\"inLanguage\":\"pl-PL\",\"potentialAction\":[{\"@type\":\"ReadAction\",\"target\":[\"https:\\\/\\\/escort-technology.com\\\/pl\\\/antena-trimble-zephyr-3-base\\\/\"]}]},{\"@type\":\"BreadcrumbList\",\"@id\":\"https:\\\/\\\/escort-technology.com\\\/pl\\\/antena-trimble-zephyr-3-base\\\/#breadcrumb\",\"itemListElement\":[{\"@type\":\"ListItem\",\"position\":1,\"name\":\"Strona g\u0142\u00f3wna\",\"item\":\"https:\\\/\\\/escort-technology.com\\\/\"},{\"@type\":\"ListItem\",\"position\":2,\"name\":\"Antena Trimble Zephyr 3 Base\"}]},{\"@type\":\"WebSite\",\"@id\":\"http:\\\/\\\/escort-technology.com\\\/de\\\/#website\",\"url\":\"http:\\\/\\\/escort-technology.com\\\/de\\\/\",\"name\":\"ESCORT TECHNOLOGY\",\"description\":\"Elektronika morska i l\u0105dowa\",\"publisher\":{\"@id\":\"http:\\\/\\\/escort-technology.com\\\/de\\\/#organization\"},\"potentialAction\":[{\"@type\":\"SearchAction\",\"target\":{\"@type\":\"EntryPoint\",\"urlTemplate\":\"http:\\\/\\\/escort-technology.com\\\/de\\\/?s={search_term_string}\"},\"query-input\":{\"@type\":\"PropertyValueSpecification\",\"valueRequired\":true,\"valueName\":\"search_term_string\"}}],\"inLanguage\":\"pl-PL\"},{\"@type\":\"Organization\",\"@id\":\"http:\\\/\\\/escort-technology.com\\\/de\\\/#organization\",\"name\":\"ESCORT TECHNOLOGY\",\"url\":\"http:\\\/\\\/escort-technology.com\\\/de\\\/\",\"logo\":{\"@type\":\"ImageObject\",\"inLanguage\":\"pl-PL\",\"@id\":\"http:\\\/\\\/escort-technology.com\\\/de\\\/#\\\/schema\\\/logo\\\/image\\\/\",\"url\":\"https:\\\/\\\/escort-technology.com\\\/wp-content\\\/uploads\\\/logo-1.jpg\",\"contentUrl\":\"https:\\\/\\\/escort-technology.com\\\/wp-content\\\/uploads\\\/logo-1.jpg\",\"width\":600,\"height\":165,\"caption\":\"ESCORT TECHNOLOGY\"},\"image\":{\"@id\":\"http:\\\/\\\/escort-technology.com\\\/de\\\/#\\\/schema\\\/logo\\\/image\\\/\"},\"sameAs\":[\"https:\\\/\\\/www.facebook.com\\\/elektronika.morska\\\/\",\"https:\\\/\\\/www.linkedin.com\\\/company\\\/escort-sp-z-o-o-\\\/\"]}]}<\/script>\n<!-- \/ Yoast SEO plugin. -->","yoast_head_json":{"title":"Antena Trimble Zephyr 3 Base - ESCORT TECHNOLOGY","robots":{"index":"index","follow":"follow","max-snippet":"max-snippet:-1","max-image-preview":"max-image-preview:large","max-video-preview":"max-video-preview:-1"},"canonical":"https:\/\/escort-technology.com\/pl\/antena-trimble-zephyr-3-base\/","og_locale":"pl_PL","og_type":"article","og_title":"Antena Trimble Zephyr 3 Base - ESCORT TECHNOLOGY","og_description":"Antena Trimble Zephyr 3 Base Anten\u0119 cechuje funkcja Trimble Stealth&#x2122; w celu zminimalizowania wielodro\u017cno\u015bci i zabezpieczona materia\u0142ami odpornymi na warunki atmosferyczne, antena Zephyr 3 Base\u00a0 jest idealn\u0105 anten\u0105 do prac kontrolnych. Broszura OPIS Zewn\u0119trzne anteny GNSS Trimble Zephyr&#x2122;external zawieraj\u0105 zaawansowan\u0105 technologi\u0119 redukcji wielu \u015bcie\u017cek, wyj\u0105tkowe \u015bledzenie satelit\u00f3w na ma\u0142ej wysoko\u015bci i submilimetrow\u0105 stabilno\u015b\u0107 centrum fazowego. [&hellip;]","og_url":"https:\/\/escort-technology.com\/pl\/antena-trimble-zephyr-3-base\/","og_site_name":"ESCORT TECHNOLOGY","article_publisher":"https:\/\/www.facebook.com\/elektronika.morska\/","article_modified_time":"2020-09-24T09:42:35+00:00","og_image":[{"url":"wp-content\/uploads\/Zephyr-Base-Antenna.jpg","type":"","width":"","height":""}],"twitter_card":"summary_large_image","twitter_misc":{"Szacowany czas czytania":"1 minuta"},"schema":{"@context":"https:\/\/schema.org","@graph":[{"@type":"WebPage","@id":"https:\/\/escort-technology.com\/pl\/antena-trimble-zephyr-3-base\/","url":"https:\/\/escort-technology.com\/pl\/antena-trimble-zephyr-3-base\/","name":"Antena Trimble Zephyr 3 Base - ESCORT TECHNOLOGY","isPartOf":{"@id":"http:\/\/escort-technology.com\/de\/#website"},"datePublished":"2020-09-24T09:37:43+00:00","dateModified":"2020-09-24T09:42:35+00:00","breadcrumb":{"@id":"https:\/\/escort-technology.com\/pl\/antena-trimble-zephyr-3-base\/#breadcrumb"},"inLanguage":"pl-PL","potentialAction":[{"@type":"ReadAction","target":["https:\/\/escort-technology.com\/pl\/antena-trimble-zephyr-3-base\/"]}]},{"@type":"BreadcrumbList","@id":"https:\/\/escort-technology.com\/pl\/antena-trimble-zephyr-3-base\/#breadcrumb","itemListElement":[{"@type":"ListItem","position":1,"name":"Strona g\u0142\u00f3wna","item":"https:\/\/escort-technology.com\/"},{"@type":"ListItem","position":2,"name":"Antena Trimble Zephyr 3 Base"}]},{"@type":"WebSite","@id":"http:\/\/escort-technology.com\/de\/#website","url":"http:\/\/escort-technology.com\/de\/","name":"ESCORT TECHNOLOGY","description":"Elektronika morska i l\u0105dowa","publisher":{"@id":"http:\/\/escort-technology.com\/de\/#organization"},"potentialAction":[{"@type":"SearchAction","target":{"@type":"EntryPoint","urlTemplate":"http:\/\/escort-technology.com\/de\/?s={search_term_string}"},"query-input":{"@type":"PropertyValueSpecification","valueRequired":true,"valueName":"search_term_string"}}],"inLanguage":"pl-PL"},{"@type":"Organization","@id":"http:\/\/escort-technology.com\/de\/#organization","name":"ESCORT TECHNOLOGY","url":"http:\/\/escort-technology.com\/de\/","logo":{"@type":"ImageObject","inLanguage":"pl-PL","@id":"http:\/\/escort-technology.com\/de\/#\/schema\/logo\/image\/","url":"https:\/\/escort-technology.com\/wp-content\/uploads\/logo-1.jpg","contentUrl":"https:\/\/escort-technology.com\/wp-content\/uploads\/logo-1.jpg","width":600,"height":165,"caption":"ESCORT TECHNOLOGY"},"image":{"@id":"http:\/\/escort-technology.com\/de\/#\/schema\/logo\/image\/"},"sameAs":["https:\/\/www.facebook.com\/elektronika.morska\/","https:\/\/www.linkedin.com\/company\/escort-sp-z-o-o-\/"]}]}},"_links":{"self":[{"href":"https:\/\/escort-technology.com\/pl\/wp-json\/wp\/v2\/pages\/7079","targetHints":{"allow":["GET"]}}],"collection":[{"href":"https:\/\/escort-technology.com\/pl\/wp-json\/wp\/v2\/pages"}],"about":[{"href":"https:\/\/escort-technology.com\/pl\/wp-json\/wp\/v2\/types\/page"}],"author":[{"embeddable":true,"href":"https:\/\/escort-technology.com\/pl\/wp-json\/wp\/v2\/users\/10"}],"replies":[{"embeddable":true,"href":"https:\/\/escort-technology.com\/pl\/wp-json\/wp\/v2\/comments?post=7079"}],"version-history":[{"count":7,"href":"https:\/\/escort-technology.com\/pl\/wp-json\/wp\/v2\/pages\/7079\/revisions"}],"predecessor-version":[{"id":7088,"href":"https:\/\/escort-technology.com\/pl\/wp-json\/wp\/v2\/pages\/7079\/revisions\/7088"}],"wp:attachment":[{"href":"https:\/\/escort-technology.com\/pl\/wp-json\/wp\/v2\/media?parent=7079"}],"curies":[{"name":"wp","href":"https:\/\/api.w.org\/{rel}","templated":true}]}}