{"id":7210,"date":"2020-10-02T10:21:10","date_gmt":"2020-10-02T08:21:10","guid":{"rendered":"https:\/\/escort-technology.com\/?page_id=7210"},"modified":"2020-10-02T10:25:11","modified_gmt":"2020-10-02T08:25:11","slug":"czujnik-predkosci-dzwieku-valeport-uvsvx","status":"publish","type":"page","link":"https:\/\/escort-technology.com\/pl\/czujnik-predkosci-dzwieku-valeport-uvsvx\/","title":{"rendered":"Czujnik pr\u0119dko\u015bci d\u017awi\u0119ku Valeport uvSVX"},"content":{"rendered":"<h1>\n<h1 class=\"uk-article-title\">Czujnik pr\u0119dko\u015bci d\u017awi\u0119ku Valeport uvSVX<\/h1>\n<\/h1>\n<hr>\n<p><img decoding=\"async\" src=\"wp-content\/uploads\/uvSVX-on-water-background-Additional-32-2048x1365-1.jpg\" alt=\"\"><\/p>\n<div>\n<h2>Czujnik przeznaczony do pojazd\u00f3w podwodnych, mierz\u0105cy pr\u0119dko\u015b\u0107 d\u017awi\u0119ku, temperatur\u0119 i ci\u015bnienie z obliczonym zasoleniem i g\u0119sto\u015bci\u0105.<\/h2>\n<p>Kompaktowy uvSVX, zaprojektowany dla pojazd\u00f3w podwodnych, gdzie przestrze\u0144 jest na wag\u0119 z\u0142ota, posiada technologi\u0119 Valeport Time of Flight, kt\u00f3ra dostarcza SVP z danymi o zasoleniu i g\u0119sto\u015bci.<\/p>\n<\/div>\n<p><img decoding=\"async\" src=\"wp-content\/uploads\/uvSVX-close-up-Additional-2-800x660-1.jpg\" alt=\"\"><br \/>\n<img decoding=\"async\" src=\"wp-content\/uploads\/uvSVX-sensor-end-800x660-1.jpg\" alt=\"\"><\/p>\n<div>\n<h2 style=\"text-align: center;\">Dok\u0142adno\u015b\u0107<br \/>Wymienne czujniki ci\u015bnienia<\/h2>\n<p style=\"text-align: center;\">Wysoka dok\u0142adno\u015b\u0107 danych jest zapewniona dzi\u0119ki dodaniu unikalnego, wymiennego modu\u0142u ci\u015bnieniowego Valeport, kt\u00f3ry pozwala u\u017cytkownikom zmaksymalizowa\u0107 operacyjne wymagania dotycz\u0105ce g\u0142\u0119boko\u015bci.<\/p>\n<p style=\"text-align: center;\">Ten zaawansowany, skalibrowany modu\u0142 ci\u015bnieniowy, jest szybko i \u0142atwo wymieniany podczas pracy w terenie, przy u\u017cyciu adaptera dostarczonego przez Valeport i bez otwierania urz\u0105dzenia. Dostarczany z dok\u0142adno\u015bci\u0105 do 0,01%, wymienny przetwornik ci\u015bnienia jest dost\u0119pny w wariantach 10, 20, 30, 50, 100, 200, 300, 400 i 600 Bar.<\/p>\n<p style=\"text-align: center;\">Wykorzystuj\u0105c najnowsze osi\u0105gni\u0119cia w technologii czujnik\u00f3w cyfrowych, nowy uvSVX jest lekki, umieszczony w tytanowej obudowie o g\u0142\u0119boko\u015bci 6000 m i zapewnia niezawodne, dok\u0142adne dzia\u0142anie w ka\u017cdych warunkach.<\/p>\n<p style=\"text-align: center;\">\u00a0<\/p>\n<\/div>\n<p><img decoding=\"async\" src=\"wp-content\/uploads\/uvSVX-vert-anno-1.svg\" alt=\"\"><br \/>\n<img decoding=\"async\" src=\"wp-content\/uploads\/uvSVX-w-Pressure-Transducers-Additional-10-2048x1365-1.jpg\" alt=\"\"><\/p>\n<div>\n<h2 style=\"text-align: center;\">Do pobrania<\/h2>\n<\/div>\n<div>\n<p><a href=\"https:\/\/www.valeport.co.uk\/content\/uploads\/2020\/09\/uvSVX-datasheet-september-2020.pdf\">Karta katalogowa uvSVX<\/a><\/p>\n<p><a href=\"https:\/\/www.valeport.co.uk\/content\/uploads\/2020\/09\/uvSVX-Operating-Manual-1.pdf\">Instrukcja obs\u0142ugi uvSVX<\/a><\/p>\n<\/div>\n<p><!-- {\"type\":\"layout\",\"children\":[{\"type\":\"section\",\"props\":{\"style\":\"default\",\"width\":\"default\",\"vertical_align\":\"middle\",\"title_position\":\"top-left\",\"title_rotation\":\"left\",\"title_breakpoint\":\"xl\",\"image_position\":\"center-center\",\"text_color\":\"\",\"width_expand\":\"\",\"height\":\"\",\"padding\":\"\",\"header_transparent\":\"\",\"animation\":\"\",\"image_effect\":\"\"},\"children\":[{\"type\":\"row\",\"props\":{\"layout\":\"1-1\",\"breakpoint\":\"m\",\"fixed_width\":\"large\",\"gutter\":\"\",\"width\":\"\",\"width_expand\":\"\",\"height\":\"\",\"margin\":\"\"},\"children\":[{\"type\":\"column\",\"props\":{\"widths\":[\"1-1\"],\"image_position\":\"center-center\",\"media_overlay_gradient\":\"\",\"vertical_align\":\"\",\"style\":\"\",\"text_color\":\"\",\"padding\":\"\"},\"children\":[{\"type\":\"headline\",\"props\":{\"title_element\":\"h1\",\"title_style\":\"\",\"title_decoration\":\"\",\"title_color\":\"\",\"text_align\":\"\",\"text_align_breakpoint\":\"\",\"text_align_fallback\":\"\",\"maxwidth\":\"\",\"maxwidth_align\":\"\",\"maxwidth_breakpoint\":\"\",\"margin\":\"\",\"animation\":\"\",\"visibility\":\"\",\"content\":\"\n\n<h1 class=\\\"uk-article-title\\\">Czujnik pr\\u0119dko\\u015bci d\\u017awi\\u0119ku Valeport uvSVX<\\\/h1>\"}},{\"type\":\"divider\",\"props\":{\"divider_element\":\"hr\",\"divider_style\":\"\",\"divider_align\":\"\",\"divider_align_breakpoint\":\"\",\"divider_align_fallback\":\"\",\"maxwidth\":\"\",\"maxwidth_align\":\"\",\"maxwidth_breakpoint\":\"\",\"margin\":\"\",\"animation\":\"\",\"visibility\":\"\"}}]}]}]},{\"type\":\"section\",\"props\":{\"style\":\"default\",\"width\":\"default\",\"vertical_align\":\"middle\",\"title_position\":\"top-left\",\"title_rotation\":\"left\",\"title_breakpoint\":\"xl\",\"image_position\":\"center-center\",\"text_color\":\"\",\"width_expand\":\"\",\"height\":\"\",\"padding\":\"\",\"header_transparent\":\"\",\"animation\":\"\",\"image_effect\":\"\"},\"children\":[{\"type\":\"row\",\"props\":{\"layout\":\"1-1\",\"breakpoint\":\"m\",\"fixed_width\":\"large\",\"gutter\":\"\",\"width\":\"\",\"width_expand\":\"\",\"height\":\"\",\"margin\":\"\"},\"children\":[{\"type\":\"column\",\"props\":{\"widths\":[\"1-1\"],\"image_position\":\"center-center\",\"media_overlay_gradient\":\"\",\"vertical_align\":\"\",\"style\":\"\",\"text_color\":\"\",\"padding\":\"\"},\"children\":[{\"type\":\"image\",\"props\":{\"margin\":\"default\",\"link_target\":\"\",\"image_border\":\"\",\"image_box_shadow\":\"\",\"image_hover_box_shadow\":\"\",\"image_box_decoration\":\"\",\"text_align\":\"\",\"text_align_breakpoint\":\"\",\"text_align_fallback\":\"\",\"maxwidth\":\"\",\"maxwidth_align\":\"\",\"maxwidth_breakpoint\":\"\",\"animation\":\"\",\"visibility\":\"\",\"image\":\"wp-content\\\/uploads\\\/uvSVX-on-water-background-Additional-32-2048x1365-1.jpg\"}}]}]}]},{\"type\":\"section\",\"props\":{\"style\":\"default\",\"width\":\"default\",\"vertical_align\":\"middle\",\"title_position\":\"top-left\",\"title_rotation\":\"left\",\"title_breakpoint\":\"xl\",\"image_position\":\"center-center\",\"text_color\":\"\",\"width_expand\":\"\",\"height\":\"\",\"padding\":\"\",\"header_transparent\":\"\",\"animation\":\"\",\"image_effect\":\"\"},\"children\":[{\"type\":\"row\",\"props\":{\"layout\":\",\",\"breakpoint\":\"m\",\"fixed_width\":\"large\",\"gutter\":\"\",\"width\":\"\",\"width_expand\":\"\",\"height\":\"\",\"margin\":\"\"},\"children\":[{\"type\":\"column\",\"props\":{\"widths\":[\"\"],\"image_position\":\"center-center\",\"media_overlay_gradient\":\"\",\"vertical_align\":\"\",\"style\":\"\",\"text_color\":\"\",\"padding\":\"\"},\"children\":[{\"type\":\"text\",\"props\":{\"margin\":\"default\",\"column_breakpoint\":\"m\",\"text_style\":\"\",\"text_color\":\"\",\"text_size\":\"\",\"column\":\"\",\"text_align\":\"\",\"text_align_breakpoint\":\"\",\"text_align_fallback\":\"\",\"maxwidth\":\"\",\"maxwidth_align\":\"\",\"maxwidth_breakpoint\":\"\",\"animation\":\"\",\"visibility\":\"\",\"content\":\"\n\n<h2>Czujnik przeznaczony do pojazd\\u00f3w podwodnych, mierz\\u0105cy pr\\u0119dko\\u015b\\u0107 d\\u017awi\\u0119ku, temperatur\\u0119 i ci\\u015bnienie z obliczonym zasoleniem i g\\u0119sto\\u015bci\\u0105.<\\\/h2>\\n\n\n<p>Kompaktowy uvSVX, zaprojektowany dla pojazd\\u00f3w podwodnych, gdzie przestrze\\u0144 jest na wag\\u0119 z\\u0142ota, posiada technologi\\u0119 Valeport Time of Flight, kt\\u00f3ra dostarcza SVP z danymi o zasoleniu i g\\u0119sto\\u015bci.<\\\/p>\"}},{\"type\":\"image\",\"props\":{\"margin\":\"default\",\"link_target\":\"\",\"image_border\":\"\",\"image_box_shadow\":\"\",\"image_hover_box_shadow\":\"\",\"image_box_decoration\":\"\",\"text_align\":\"\",\"text_align_breakpoint\":\"\",\"text_align_fallback\":\"\",\"maxwidth\":\"\",\"maxwidth_align\":\"\",\"maxwidth_breakpoint\":\"\",\"animation\":\"\",\"visibility\":\"\",\"image\":\"wp-content\\\/uploads\\\/uvSVX-close-up-Additional-2-800x660-1.jpg\"}}]},{\"type\":\"column\",\"props\":{\"widths\":[\"\"],\"image_position\":\"center-center\",\"media_overlay_gradient\":\"\",\"vertical_align\":\"\",\"style\":\"\",\"text_color\":\"\",\"padding\":\"\"},\"children\":[{\"type\":\"image\",\"props\":{\"margin\":\"default\",\"link_target\":\"\",\"image_border\":\"\",\"image_box_shadow\":\"\",\"image_hover_box_shadow\":\"\",\"image_box_decoration\":\"\",\"text_align\":\"\",\"text_align_breakpoint\":\"\",\"text_align_fallback\":\"\",\"maxwidth\":\"\",\"maxwidth_align\":\"\",\"maxwidth_breakpoint\":\"\",\"animation\":\"\",\"visibility\":\"\",\"image\":\"wp-content\\\/uploads\\\/uvSVX-sensor-end-800x660-1.jpg\"}}]}]}]},{\"type\":\"section\",\"props\":{\"style\":\"secondary\",\"width\":\"default\",\"vertical_align\":\"middle\",\"title_position\":\"top-left\",\"title_rotation\":\"left\",\"title_breakpoint\":\"xl\",\"image_position\":\"center-center\",\"text_color\":\"\",\"width_expand\":\"\",\"height\":\"\",\"padding\":\"\",\"header_transparent\":\"\",\"animation\":\"\",\"image_effect\":\"\"},\"children\":[{\"type\":\"row\",\"props\":{\"layout\":\"1-1\",\"breakpoint\":\"m\",\"fixed_width\":\"large\",\"gutter\":\"\",\"width\":\"\",\"width_expand\":\"\",\"height\":\"\",\"margin\":\"\"},\"children\":[{\"type\":\"column\",\"props\":{\"widths\":[\"1-1\"],\"image_position\":\"center-center\",\"media_overlay_gradient\":\"\",\"vertical_align\":\"\",\"style\":\"\",\"text_color\":\"\",\"padding\":\"\"},\"children\":[{\"type\":\"text\",\"props\":{\"margin\":\"default\",\"column_breakpoint\":\"m\",\"text_style\":\"\",\"text_color\":\"\",\"text_size\":\"\",\"column\":\"\",\"text_align\":\"\",\"text_align_breakpoint\":\"\",\"text_align_fallback\":\"\",\"maxwidth\":\"\",\"maxwidth_align\":\"\",\"maxwidth_breakpoint\":\"\",\"animation\":\"\",\"visibility\":\"\",\"content\":\"\n\n<h2 style=\\\"text-align: center;\\\">Dok\\u0142adno\\u015b\\u0107<br \\\/>Wymienne czujniki ci\\u015bnienia<\\\/h2>\\n\n\n<p style=\\\"text-align: center;\\\">Wysoka dok\\u0142adno\\u015b\\u0107 danych jest zapewniona dzi\\u0119ki dodaniu unikalnego, wymiennego modu\\u0142u ci\\u015bnieniowego Valeport, kt\\u00f3ry pozwala u\\u017cytkownikom zmaksymalizowa\\u0107 operacyjne wymagania dotycz\\u0105ce g\\u0142\\u0119boko\\u015bci.<\\\/p>\\n\n\n<p style=\\\"text-align: center;\\\">Ten zaawansowany, skalibrowany modu\\u0142 ci\\u015bnieniowy, jest szybko i \\u0142atwo wymieniany podczas pracy w terenie, przy u\\u017cyciu adaptera dostarczonego przez Valeport i bez otwierania urz\\u0105dzenia. Dostarczany z dok\\u0142adno\\u015bci\\u0105 do 0,01%, wymienny przetwornik ci\\u015bnienia jest dost\\u0119pny w wariantach 10, 20, 30, 50, 100, 200, 300, 400 i 600 Bar.<\\\/p>\\n\n\n<p style=\\\"text-align: center;\\\">Wykorzystuj\\u0105c najnowsze osi\\u0105gni\\u0119cia w technologii czujnik\\u00f3w cyfrowych, nowy uvSVX jest lekki, umieszczony w tytanowej obudowie o g\\u0142\\u0119boko\\u015bci 6000 m i zapewnia niezawodne, dok\\u0142adne dzia\\u0142anie w ka\\u017cdych warunkach.<\\\/p>\\n\n\n<p style=\\\"text-align: center;\\\">\\u00a0<\\\/p>\"}},{\"type\":\"image\",\"props\":{\"margin\":\"default\",\"link_target\":\"\",\"image_border\":\"\",\"image_box_shadow\":\"\",\"image_hover_box_shadow\":\"\",\"image_box_decoration\":\"\",\"text_align\":\"\",\"text_align_breakpoint\":\"\",\"text_align_fallback\":\"\",\"maxwidth\":\"\",\"maxwidth_align\":\"\",\"maxwidth_breakpoint\":\"\",\"animation\":\"\",\"visibility\":\"\",\"image\":\"wp-content\\\/uploads\\\/uvSVX-vert-anno-1.svg\"}}]}]}]},{\"type\":\"section\",\"props\":{\"style\":\"default\",\"width\":\"default\",\"vertical_align\":\"middle\",\"title_position\":\"top-left\",\"title_rotation\":\"left\",\"title_breakpoint\":\"xl\",\"image_position\":\"center-center\",\"text_color\":\"\",\"width_expand\":\"\",\"height\":\"\",\"padding\":\"\",\"header_transparent\":\"\",\"animation\":\"\",\"image_effect\":\"\"},\"children\":[{\"type\":\"row\",\"props\":{\"layout\":\"1-1\",\"breakpoint\":\"m\",\"fixed_width\":\"large\",\"gutter\":\"\",\"width\":\"\",\"width_expand\":\"\",\"height\":\"\",\"margin\":\"\"},\"children\":[{\"type\":\"column\",\"props\":{\"widths\":[\"1-1\"],\"image_position\":\"center-center\",\"media_overlay_gradient\":\"\",\"vertical_align\":\"\",\"style\":\"\",\"text_color\":\"\",\"padding\":\"\"},\"children\":[{\"type\":\"image\",\"props\":{\"margin\":\"default\",\"link_target\":\"\",\"image_border\":\"\",\"image_box_shadow\":\"\",\"image_hover_box_shadow\":\"\",\"image_box_decoration\":\"\",\"text_align\":\"\",\"text_align_breakpoint\":\"\",\"text_align_fallback\":\"\",\"maxwidth\":\"\",\"maxwidth_align\":\"\",\"maxwidth_breakpoint\":\"\",\"animation\":\"\",\"visibility\":\"\",\"image\":\"wp-content\\\/uploads\\\/uvSVX-w-Pressure-Transducers-Additional-10-2048x1365-1.jpg\"}}]}]}]},{\"type\":\"section\",\"props\":{\"style\":\"secondary\",\"width\":\"default\",\"vertical_align\":\"middle\",\"title_position\":\"top-left\",\"title_rotation\":\"left\",\"title_breakpoint\":\"xl\",\"image_position\":\"center-center\",\"text_color\":\"\",\"width_expand\":\"\",\"height\":\"\",\"padding\":\"\",\"header_transparent\":\"\",\"animation\":\"\",\"image_effect\":\"\"},\"children\":[{\"type\":\"row\",\"props\":{\"layout\":\"1-1\",\"breakpoint\":\"m\",\"fixed_width\":\"large\",\"gutter\":\"\",\"width\":\"\",\"width_expand\":\"\",\"height\":\"\",\"margin\":\"\"},\"children\":[{\"type\":\"column\",\"props\":{\"widths\":[\"1-1\"],\"image_position\":\"center-center\",\"media_overlay_gradient\":\"\",\"vertical_align\":\"\",\"style\":\"\",\"text_color\":\"\",\"padding\":\"\"},\"children\":[{\"type\":\"text\",\"props\":{\"margin\":\"default\",\"column_breakpoint\":\"m\",\"text_style\":\"\",\"text_color\":\"\",\"text_size\":\"\",\"column\":\"\",\"text_align\":\"\",\"text_align_breakpoint\":\"\",\"text_align_fallback\":\"\",\"maxwidth\":\"\",\"maxwidth_align\":\"\",\"maxwidth_breakpoint\":\"\",\"animation\":\"\",\"visibility\":\"\",\"content\":\"\n\n<h2 style=\\\"text-align: center;\\\">Do pobrania<\\\/h2>\"}},{\"type\":\"text\",\"props\":{\"margin\":\"default\",\"column_breakpoint\":\"m\",\"text_style\":\"\",\"text_color\":\"\",\"text_size\":\"\",\"column\":\"\",\"text_align\":\"\",\"text_align_breakpoint\":\"\",\"text_align_fallback\":\"\",\"maxwidth\":\"\",\"maxwidth_align\":\"\",\"maxwidth_breakpoint\":\"\",\"animation\":\"\",\"visibility\":\"\",\"content\":\"\n\n<p><a href=\\\"https:\\\/\\\/www.valeport.co.uk\\\/content\\\/uploads\\\/2020\\\/09\\\/uvSVX-datasheet-september-2020.pdf\\\">Karta katalogowa uvSVX<\\\/a><\\\/p>\\n\n\n<p><a href=\\\"https:\\\/\\\/www.valeport.co.uk\\\/content\\\/uploads\\\/2020\\\/09\\\/uvSVX-Operating-Manual-1.pdf\\\">Instrukcja obs\\u0142ugi uvSVX<\\\/a><\\\/p>\"}}]}]}]}],\"props\":[],\"version\":\"1.18.0\"} --><\/p>\n","protected":false},"excerpt":{"rendered":"<p>Czujnik pr\u0119dko\u015bci d\u017awi\u0119ku Valeport uvSVX Czujnik przeznaczony do pojazd\u00f3w podwodnych, mierz\u0105cy pr\u0119dko\u015b\u0107 d\u017awi\u0119ku, temperatur\u0119 i ci\u015bnienie z obliczonym zasoleniem i g\u0119sto\u015bci\u0105. Kompaktowy uvSVX, zaprojektowany dla pojazd\u00f3w podwodnych, gdzie przestrze\u0144 jest na wag\u0119 z\u0142ota, posiada technologi\u0119 Valeport Time of Flight, kt\u00f3ra dostarcza SVP z danymi o zasoleniu i g\u0119sto\u015bci. Dok\u0142adno\u015b\u0107Wymienne czujniki ci\u015bnienia Wysoka dok\u0142adno\u015b\u0107 danych jest [&hellip;]<\/p>\n","protected":false},"author":10,"featured_media":0,"parent":0,"menu_order":0,"comment_status":"closed","ping_status":"closed","template":"","meta":{"footnotes":""},"class_list":["post-7210","page","type-page","status-publish","hentry"],"yoast_head":"<!-- This site is optimized with the Yoast SEO plugin v27.5 - https:\/\/yoast.com\/product\/yoast-seo-wordpress\/ -->\n<title>Czujnik pr\u0119dko\u015bci d\u017awi\u0119ku Valeport uvSVX - ESCORT TECHNOLOGY<\/title>\n<meta name=\"robots\" content=\"index, follow, max-snippet:-1, max-image-preview:large, max-video-preview:-1\" \/>\n<link rel=\"canonical\" href=\"https:\/\/escort-technology.com\/pl\/czujnik-predkosci-dzwieku-valeport-uvsvx\/\" \/>\n<meta property=\"og:locale\" content=\"pl_PL\" \/>\n<meta property=\"og:type\" content=\"article\" \/>\n<meta property=\"og:title\" content=\"Czujnik pr\u0119dko\u015bci d\u017awi\u0119ku Valeport uvSVX - ESCORT TECHNOLOGY\" \/>\n<meta property=\"og:description\" content=\"Czujnik pr\u0119dko\u015bci d\u017awi\u0119ku Valeport uvSVX Czujnik przeznaczony do pojazd\u00f3w podwodnych, mierz\u0105cy pr\u0119dko\u015b\u0107 d\u017awi\u0119ku, temperatur\u0119 i ci\u015bnienie z obliczonym zasoleniem i g\u0119sto\u015bci\u0105. Kompaktowy uvSVX, zaprojektowany dla pojazd\u00f3w podwodnych, gdzie przestrze\u0144 jest na wag\u0119 z\u0142ota, posiada technologi\u0119 Valeport Time of Flight, kt\u00f3ra dostarcza SVP z danymi o zasoleniu i g\u0119sto\u015bci. Dok\u0142adno\u015b\u0107Wymienne czujniki ci\u015bnienia Wysoka dok\u0142adno\u015b\u0107 danych jest [&hellip;]\" \/>\n<meta property=\"og:url\" content=\"https:\/\/escort-technology.com\/pl\/czujnik-predkosci-dzwieku-valeport-uvsvx\/\" \/>\n<meta property=\"og:site_name\" content=\"ESCORT TECHNOLOGY\" \/>\n<meta property=\"article:publisher\" content=\"https:\/\/www.facebook.com\/elektronika.morska\/\" \/>\n<meta property=\"article:modified_time\" content=\"2020-10-02T08:25:11+00:00\" \/>\n<meta property=\"og:image\" content=\"http:\/\/wp-content\/uploads\/uvSVX-on-water-background-Additional-32-2048x1365-1.jpg\" \/>\n<meta name=\"twitter:card\" content=\"summary_large_image\" \/>\n<meta name=\"twitter:label1\" content=\"Szacowany czas czytania\" \/>\n\t<meta name=\"twitter:data1\" content=\"1 minuta\" \/>\n<script type=\"application\/ld+json\" class=\"yoast-schema-graph\">{\"@context\":\"https:\\\/\\\/schema.org\",\"@graph\":[{\"@type\":\"WebPage\",\"@id\":\"https:\\\/\\\/escort-technology.com\\\/pl\\\/czujnik-predkosci-dzwieku-valeport-uvsvx\\\/\",\"url\":\"https:\\\/\\\/escort-technology.com\\\/pl\\\/czujnik-predkosci-dzwieku-valeport-uvsvx\\\/\",\"name\":\"Czujnik pr\u0119dko\u015bci d\u017awi\u0119ku Valeport uvSVX - ESCORT TECHNOLOGY\",\"isPartOf\":{\"@id\":\"http:\\\/\\\/escort-technology.com\\\/de\\\/#website\"},\"datePublished\":\"2020-10-02T08:21:10+00:00\",\"dateModified\":\"2020-10-02T08:25:11+00:00\",\"breadcrumb\":{\"@id\":\"https:\\\/\\\/escort-technology.com\\\/pl\\\/czujnik-predkosci-dzwieku-valeport-uvsvx\\\/#breadcrumb\"},\"inLanguage\":\"pl-PL\",\"potentialAction\":[{\"@type\":\"ReadAction\",\"target\":[\"https:\\\/\\\/escort-technology.com\\\/pl\\\/czujnik-predkosci-dzwieku-valeport-uvsvx\\\/\"]}]},{\"@type\":\"BreadcrumbList\",\"@id\":\"https:\\\/\\\/escort-technology.com\\\/pl\\\/czujnik-predkosci-dzwieku-valeport-uvsvx\\\/#breadcrumb\",\"itemListElement\":[{\"@type\":\"ListItem\",\"position\":1,\"name\":\"Strona g\u0142\u00f3wna\",\"item\":\"https:\\\/\\\/escort-technology.com\\\/\"},{\"@type\":\"ListItem\",\"position\":2,\"name\":\"Czujnik pr\u0119dko\u015bci d\u017awi\u0119ku Valeport uvSVX\"}]},{\"@type\":\"WebSite\",\"@id\":\"http:\\\/\\\/escort-technology.com\\\/de\\\/#website\",\"url\":\"http:\\\/\\\/escort-technology.com\\\/de\\\/\",\"name\":\"ESCORT TECHNOLOGY\",\"description\":\"Elektronika morska i l\u0105dowa\",\"publisher\":{\"@id\":\"http:\\\/\\\/escort-technology.com\\\/de\\\/#organization\"},\"potentialAction\":[{\"@type\":\"SearchAction\",\"target\":{\"@type\":\"EntryPoint\",\"urlTemplate\":\"http:\\\/\\\/escort-technology.com\\\/de\\\/?s={search_term_string}\"},\"query-input\":{\"@type\":\"PropertyValueSpecification\",\"valueRequired\":true,\"valueName\":\"search_term_string\"}}],\"inLanguage\":\"pl-PL\"},{\"@type\":\"Organization\",\"@id\":\"http:\\\/\\\/escort-technology.com\\\/de\\\/#organization\",\"name\":\"ESCORT TECHNOLOGY\",\"url\":\"http:\\\/\\\/escort-technology.com\\\/de\\\/\",\"logo\":{\"@type\":\"ImageObject\",\"inLanguage\":\"pl-PL\",\"@id\":\"http:\\\/\\\/escort-technology.com\\\/de\\\/#\\\/schema\\\/logo\\\/image\\\/\",\"url\":\"https:\\\/\\\/escort-technology.com\\\/wp-content\\\/uploads\\\/logo-1.jpg\",\"contentUrl\":\"https:\\\/\\\/escort-technology.com\\\/wp-content\\\/uploads\\\/logo-1.jpg\",\"width\":600,\"height\":165,\"caption\":\"ESCORT TECHNOLOGY\"},\"image\":{\"@id\":\"http:\\\/\\\/escort-technology.com\\\/de\\\/#\\\/schema\\\/logo\\\/image\\\/\"},\"sameAs\":[\"https:\\\/\\\/www.facebook.com\\\/elektronika.morska\\\/\",\"https:\\\/\\\/www.linkedin.com\\\/company\\\/escort-sp-z-o-o-\\\/\"]}]}<\/script>\n<!-- \/ Yoast SEO plugin. -->","yoast_head_json":{"title":"Czujnik pr\u0119dko\u015bci d\u017awi\u0119ku Valeport uvSVX - ESCORT TECHNOLOGY","robots":{"index":"index","follow":"follow","max-snippet":"max-snippet:-1","max-image-preview":"max-image-preview:large","max-video-preview":"max-video-preview:-1"},"canonical":"https:\/\/escort-technology.com\/pl\/czujnik-predkosci-dzwieku-valeport-uvsvx\/","og_locale":"pl_PL","og_type":"article","og_title":"Czujnik pr\u0119dko\u015bci d\u017awi\u0119ku Valeport uvSVX - ESCORT TECHNOLOGY","og_description":"Czujnik pr\u0119dko\u015bci d\u017awi\u0119ku Valeport uvSVX Czujnik przeznaczony do pojazd\u00f3w podwodnych, mierz\u0105cy pr\u0119dko\u015b\u0107 d\u017awi\u0119ku, temperatur\u0119 i ci\u015bnienie z obliczonym zasoleniem i g\u0119sto\u015bci\u0105. Kompaktowy uvSVX, zaprojektowany dla pojazd\u00f3w podwodnych, gdzie przestrze\u0144 jest na wag\u0119 z\u0142ota, posiada technologi\u0119 Valeport Time of Flight, kt\u00f3ra dostarcza SVP z danymi o zasoleniu i g\u0119sto\u015bci. Dok\u0142adno\u015b\u0107Wymienne czujniki ci\u015bnienia Wysoka dok\u0142adno\u015b\u0107 danych jest [&hellip;]","og_url":"https:\/\/escort-technology.com\/pl\/czujnik-predkosci-dzwieku-valeport-uvsvx\/","og_site_name":"ESCORT TECHNOLOGY","article_publisher":"https:\/\/www.facebook.com\/elektronika.morska\/","article_modified_time":"2020-10-02T08:25:11+00:00","og_image":[{"url":"wp-content\/uploads\/uvSVX-on-water-background-Additional-32-2048x1365-1.jpg","type":"","width":"","height":""}],"twitter_card":"summary_large_image","twitter_misc":{"Szacowany czas czytania":"1 minuta"},"schema":{"@context":"https:\/\/schema.org","@graph":[{"@type":"WebPage","@id":"https:\/\/escort-technology.com\/pl\/czujnik-predkosci-dzwieku-valeport-uvsvx\/","url":"https:\/\/escort-technology.com\/pl\/czujnik-predkosci-dzwieku-valeport-uvsvx\/","name":"Czujnik pr\u0119dko\u015bci d\u017awi\u0119ku Valeport uvSVX - ESCORT TECHNOLOGY","isPartOf":{"@id":"http:\/\/escort-technology.com\/de\/#website"},"datePublished":"2020-10-02T08:21:10+00:00","dateModified":"2020-10-02T08:25:11+00:00","breadcrumb":{"@id":"https:\/\/escort-technology.com\/pl\/czujnik-predkosci-dzwieku-valeport-uvsvx\/#breadcrumb"},"inLanguage":"pl-PL","potentialAction":[{"@type":"ReadAction","target":["https:\/\/escort-technology.com\/pl\/czujnik-predkosci-dzwieku-valeport-uvsvx\/"]}]},{"@type":"BreadcrumbList","@id":"https:\/\/escort-technology.com\/pl\/czujnik-predkosci-dzwieku-valeport-uvsvx\/#breadcrumb","itemListElement":[{"@type":"ListItem","position":1,"name":"Strona g\u0142\u00f3wna","item":"https:\/\/escort-technology.com\/"},{"@type":"ListItem","position":2,"name":"Czujnik pr\u0119dko\u015bci d\u017awi\u0119ku Valeport uvSVX"}]},{"@type":"WebSite","@id":"http:\/\/escort-technology.com\/de\/#website","url":"http:\/\/escort-technology.com\/de\/","name":"ESCORT TECHNOLOGY","description":"Elektronika morska i l\u0105dowa","publisher":{"@id":"http:\/\/escort-technology.com\/de\/#organization"},"potentialAction":[{"@type":"SearchAction","target":{"@type":"EntryPoint","urlTemplate":"http:\/\/escort-technology.com\/de\/?s={search_term_string}"},"query-input":{"@type":"PropertyValueSpecification","valueRequired":true,"valueName":"search_term_string"}}],"inLanguage":"pl-PL"},{"@type":"Organization","@id":"http:\/\/escort-technology.com\/de\/#organization","name":"ESCORT TECHNOLOGY","url":"http:\/\/escort-technology.com\/de\/","logo":{"@type":"ImageObject","inLanguage":"pl-PL","@id":"http:\/\/escort-technology.com\/de\/#\/schema\/logo\/image\/","url":"https:\/\/escort-technology.com\/wp-content\/uploads\/logo-1.jpg","contentUrl":"https:\/\/escort-technology.com\/wp-content\/uploads\/logo-1.jpg","width":600,"height":165,"caption":"ESCORT TECHNOLOGY"},"image":{"@id":"http:\/\/escort-technology.com\/de\/#\/schema\/logo\/image\/"},"sameAs":["https:\/\/www.facebook.com\/elektronika.morska\/","https:\/\/www.linkedin.com\/company\/escort-sp-z-o-o-\/"]}]}},"_links":{"self":[{"href":"https:\/\/escort-technology.com\/pl\/wp-json\/wp\/v2\/pages\/7210","targetHints":{"allow":["GET"]}}],"collection":[{"href":"https:\/\/escort-technology.com\/pl\/wp-json\/wp\/v2\/pages"}],"about":[{"href":"https:\/\/escort-technology.com\/pl\/wp-json\/wp\/v2\/types\/page"}],"author":[{"embeddable":true,"href":"https:\/\/escort-technology.com\/pl\/wp-json\/wp\/v2\/users\/10"}],"replies":[{"embeddable":true,"href":"https:\/\/escort-technology.com\/pl\/wp-json\/wp\/v2\/comments?post=7210"}],"version-history":[{"count":3,"href":"https:\/\/escort-technology.com\/pl\/wp-json\/wp\/v2\/pages\/7210\/revisions"}],"predecessor-version":[{"id":7263,"href":"https:\/\/escort-technology.com\/pl\/wp-json\/wp\/v2\/pages\/7210\/revisions\/7263"}],"wp:attachment":[{"href":"https:\/\/escort-technology.com\/pl\/wp-json\/wp\/v2\/media?parent=7210"}],"curies":[{"name":"wp","href":"https:\/\/api.w.org\/{rel}","templated":true}]}}