{"id":7588,"date":"2020-11-05T08:00:32","date_gmt":"2020-11-05T07:00:32","guid":{"rendered":"https:\/\/escort-technology.com\/?page_id=7588"},"modified":"2020-11-05T08:00:32","modified_gmt":"2020-11-05T07:00:32","slug":"promocja-koden","status":"publish","type":"page","link":"https:\/\/escort-technology.com\/pl\/promocja-koden\/","title":{"rendered":"Promocja Koden"},"content":{"rendered":"<h1>Promocja na radary marki Koden<\/h1>\n<hr>\n<p><video src=\"wp-content\/uploads\/KODEN-KRD-10.mp4\" poster=\"\"><\/p>\n<div>\n<h2>Specjalna oferta promuj\u0105ca nowy wska\u017anik marki Koden<\/h2>\n<p>Pragniemy poinformowa\u0107 Pa\u0144stwa o specjalnej ofercie na radary KODEN, KGC-300 GPS-compass<br \/>i KGP-922 GPS-navigator. Ceny specjalne obowi\u0105zuj\u0105 od dnia dzisiejszego do 30 grudnia 2020 r. pod nast\u0119puj\u0105cymi warunkami:<\/p>\n<h3>Radary IMO MDC-7000P z monitorem EIZO \/ MDC-7900P<\/h3>\n<p>Cena katalogowa tego radaru IMO jest obni\u017cona. Dodatkowo otrzymujesz zdalny wy\u015bwietlacz KODEN KRD-10 za za darmo.<\/p>\n<h3>Radary PRS MDC-7000 z monitorem EIZO \/ MDC-7900<\/h3>\n<p>Zdalny wy\u015bwietlacz KODEN KRD-10 dostajesz za darmo.<\/p>\n<h3>Radary PRS MDC-5000 z monitorem EIZO \/ MDC-5200 \/ MDC-5500<\/h3>\n<p>Zdalny wy\u015bwietlacz KODEN KRD-10 dostajesz za darmo.<\/p>\n<h3>Kompas GPS IMO KGC-300 \/ Nawigator GPS IMO KGP-922<\/h3>\n<p>Zdalny wy\u015bwietlacz KODEN KRD-10 dostajesz za darmo.<\/p>\n<p>\u00a0<\/p>\n<\/div>\n<p><!-- {\"type\":\"layout\",\"children\":[{\"type\":\"section\",\"props\":{\"style\":\"default\",\"width\":\"default\",\"vertical_align\":\"middle\",\"title_position\":\"top-left\",\"title_rotation\":\"left\",\"title_breakpoint\":\"xl\",\"image_position\":\"center-center\",\"text_color\":\"\",\"width_expand\":\"\",\"height\":\"\",\"padding\":\"\",\"header_transparent\":\"\",\"animation\":\"\"},\"children\":[{\"type\":\"row\",\"props\":{\"layout\":\"1-1\",\"breakpoint\":\"m\",\"fixed_width\":\"large\",\"gutter\":\"\",\"width\":\"\",\"width_expand\":\"\",\"height\":\"\",\"margin\":\"\"},\"children\":[{\"type\":\"column\",\"props\":{\"widths\":[\"1-1\"],\"image_position\":\"center-center\",\"media_overlay_gradient\":\"\",\"vertical_align\":\"\",\"style\":\"\",\"text_color\":\"\",\"padding\":\"\"},\"children\":[{\"type\":\"headline\",\"props\":{\"title_element\":\"h1\",\"title_style\":\"\",\"title_decoration\":\"\",\"title_color\":\"\",\"text_align\":\"\",\"text_align_breakpoint\":\"\",\"text_align_fallback\":\"\",\"maxwidth\":\"\",\"maxwidth_align\":\"\",\"maxwidth_breakpoint\":\"\",\"margin\":\"\",\"animation\":\"\",\"visibility\":\"\",\"content\":\"Promocja na radary marki Koden\"}},{\"type\":\"divider\",\"props\":{\"divider_element\":\"hr\",\"divider_style\":\"\",\"divider_align\":\"\",\"divider_align_breakpoint\":\"\",\"divider_align_fallback\":\"\",\"maxwidth\":\"\",\"maxwidth_align\":\"\",\"maxwidth_breakpoint\":\"\",\"margin\":\"\",\"animation\":\"\",\"visibility\":\"\"}}]}]}]},{\"type\":\"section\",\"props\":{\"style\":\"default\",\"width\":\"default\",\"vertical_align\":\"middle\",\"title_position\":\"top-left\",\"title_rotation\":\"left\",\"title_breakpoint\":\"xl\",\"image_position\":\"center-center\",\"text_color\":\"\",\"width_expand\":\"\",\"height\":\"\",\"padding\":\"\",\"header_transparent\":\"\",\"animation\":\"\"},\"children\":[{\"type\":\"row\",\"props\":{\"layout\":\",\",\"breakpoint\":\"m\",\"fixed_width\":\"large\",\"gutter\":\"\",\"width\":\"\",\"width_expand\":\"\",\"height\":\"\",\"margin\":\"\"},\"children\":[{\"type\":\"column\",\"props\":{\"widths\":[\"\"],\"image_position\":\"center-center\",\"media_overlay_gradient\":\"\",\"vertical_align\":\"\",\"style\":\"\",\"text_color\":\"\",\"padding\":\"\"},\"children\":[{\"type\":\"video\",\"props\":{\"video_controls\":true,\"margin\":\"default\",\"video_autoplay\":true,\"video_box_shadow\":\"\",\"video_box_decoration\":\"\",\"text_align\":\"\",\"text_align_breakpoint\":\"\",\"text_align_fallback\":\"\",\"maxwidth\":\"\",\"maxwidth_align\":\"\",\"maxwidth_breakpoint\":\"\",\"animation\":\"\",\"visibility\":\"\",\"video\":\"wp-content\\\/uploads\\\/KODEN-KRD-10.mp4\"}}]},{\"type\":\"column\",\"props\":{\"widths\":[\"\"],\"image_position\":\"center-center\",\"media_overlay_gradient\":\"\",\"vertical_align\":\"\",\"style\":\"\",\"text_color\":\"\",\"padding\":\"\"},\"children\":[{\"type\":\"text\",\"props\":{\"margin\":\"default\",\"column_breakpoint\":\"m\",\"text_style\":\"\",\"text_color\":\"\",\"text_size\":\"\",\"column\":\"\",\"text_align\":\"\",\"text_align_breakpoint\":\"\",\"text_align_fallback\":\"\",\"maxwidth\":\"\",\"maxwidth_align\":\"\",\"maxwidth_breakpoint\":\"\",\"animation\":\"\",\"visibility\":\"\",\"content\":\"\n\n<h2>Specjalna oferta promuj\\u0105ca nowy wska\\u017anik marki Koden<\\\/h2>\\n\n\n<p>Pragniemy poinformowa\\u0107 Pa\\u0144stwa o specjalnej ofercie na radary KODEN, KGC-300 GPS-compass<br \\\/>i KGP-922 GPS-navigator. Ceny specjalne obowi\\u0105zuj\\u0105 od dnia dzisiejszego do 30 grudnia 2020 r. pod nast\\u0119puj\\u0105cymi warunkami:<\\\/p>\\n\n\n<h3>Radary IMO MDC-7000P z monitorem EIZO \\\/ MDC-7900P<\\\/h3>\\n\n\n<p>Cena katalogowa tego radaru IMO jest obni\\u017cona. Dodatkowo otrzymujesz zdalny wy\\u015bwietlacz KODEN KRD-10 za za darmo.<\\\/p>\\n\n\n<h3>Radary PRS MDC-7000 z monitorem EIZO \\\/ MDC-7900<\\\/h3>\\n\n\n<p>Zdalny wy\\u015bwietlacz KODEN KRD-10 dostajesz za darmo.<\\\/p>\\n\n\n<h3><br \\\/>Radary PRS MDC-5000 z monitorem EIZO \\\/ MDC-5200 \\\/ MDC-5500<\\\/h3>\\n\n\n<p>Zdalny wy\\u015bwietlacz KODEN KRD-10 dostajesz za darmo.<\\\/p>\\n\n\n<h3><br \\\/>Kompas GPS IMO KGC-300 \\\/ Nawigator GPS IMO KGP-922<\\\/h3>\\n\n\n<p>Zdalny wy\\u015bwietlacz KODEN KRD-10 dostajesz za darmo.<\\\/p>\\n\n\n<p>\\u00a0<\\\/p>\"}}]}]}]}]} --><\/p>\n","protected":false},"excerpt":{"rendered":"<p>Promocja na radary marki Koden Specjalna oferta promuj\u0105ca nowy wska\u017anik marki Koden Pragniemy poinformowa\u0107 Pa\u0144stwa o specjalnej ofercie na radary KODEN, KGC-300 GPS-compassi KGP-922 GPS-navigator. Ceny specjalne obowi\u0105zuj\u0105 od dnia dzisiejszego do 30 grudnia 2020 r. pod nast\u0119puj\u0105cymi warunkami: Radary IMO MDC-7000P z monitorem EIZO \/ MDC-7900P Cena katalogowa tego radaru IMO jest obni\u017cona. Dodatkowo [&hellip;]<\/p>\n","protected":false},"author":10,"featured_media":0,"parent":0,"menu_order":0,"comment_status":"closed","ping_status":"closed","template":"","meta":{"footnotes":""},"class_list":["post-7588","page","type-page","status-publish","hentry"],"yoast_head":"<!-- This site is optimized with the Yoast SEO plugin v27.5 - https:\/\/yoast.com\/product\/yoast-seo-wordpress\/ -->\n<title>Promocja Koden - ESCORT TECHNOLOGY<\/title>\n<meta name=\"robots\" content=\"index, follow, max-snippet:-1, max-image-preview:large, max-video-preview:-1\" \/>\n<link rel=\"canonical\" href=\"https:\/\/escort-technology.com\/pl\/promocja-koden\/\" \/>\n<meta property=\"og:locale\" content=\"pl_PL\" \/>\n<meta property=\"og:type\" content=\"article\" \/>\n<meta property=\"og:title\" content=\"Promocja Koden - ESCORT TECHNOLOGY\" \/>\n<meta property=\"og:description\" content=\"Promocja na radary marki Koden Specjalna oferta promuj\u0105ca nowy wska\u017anik marki Koden Pragniemy poinformowa\u0107 Pa\u0144stwa o specjalnej ofercie na radary KODEN, KGC-300 GPS-compassi KGP-922 GPS-navigator. Ceny specjalne obowi\u0105zuj\u0105 od dnia dzisiejszego do 30 grudnia 2020 r. pod nast\u0119puj\u0105cymi warunkami: Radary IMO MDC-7000P z monitorem EIZO \/ MDC-7900P Cena katalogowa tego radaru IMO jest obni\u017cona. Dodatkowo [&hellip;]\" \/>\n<meta property=\"og:url\" content=\"https:\/\/escort-technology.com\/pl\/promocja-koden\/\" \/>\n<meta property=\"og:site_name\" content=\"ESCORT TECHNOLOGY\" \/>\n<meta property=\"article:publisher\" content=\"https:\/\/www.facebook.com\/elektronika.morska\/\" \/>\n<meta name=\"twitter:card\" content=\"summary_large_image\" \/>\n<meta name=\"twitter:label1\" content=\"Szacowany czas czytania\" \/>\n\t<meta name=\"twitter:data1\" content=\"1 minuta\" \/>\n<script type=\"application\/ld+json\" class=\"yoast-schema-graph\">{\"@context\":\"https:\\\/\\\/schema.org\",\"@graph\":[{\"@type\":\"WebPage\",\"@id\":\"https:\\\/\\\/escort-technology.com\\\/pl\\\/promocja-koden\\\/\",\"url\":\"https:\\\/\\\/escort-technology.com\\\/pl\\\/promocja-koden\\\/\",\"name\":\"Promocja Koden - ESCORT TECHNOLOGY\",\"isPartOf\":{\"@id\":\"http:\\\/\\\/escort-technology.com\\\/de\\\/#website\"},\"datePublished\":\"2020-11-05T07:00:32+00:00\",\"breadcrumb\":{\"@id\":\"https:\\\/\\\/escort-technology.com\\\/pl\\\/promocja-koden\\\/#breadcrumb\"},\"inLanguage\":\"pl-PL\",\"potentialAction\":[{\"@type\":\"ReadAction\",\"target\":[\"https:\\\/\\\/escort-technology.com\\\/pl\\\/promocja-koden\\\/\"]}]},{\"@type\":\"BreadcrumbList\",\"@id\":\"https:\\\/\\\/escort-technology.com\\\/pl\\\/promocja-koden\\\/#breadcrumb\",\"itemListElement\":[{\"@type\":\"ListItem\",\"position\":1,\"name\":\"Strona g\u0142\u00f3wna\",\"item\":\"https:\\\/\\\/escort-technology.com\\\/\"},{\"@type\":\"ListItem\",\"position\":2,\"name\":\"Promocja Koden\"}]},{\"@type\":\"WebSite\",\"@id\":\"http:\\\/\\\/escort-technology.com\\\/de\\\/#website\",\"url\":\"http:\\\/\\\/escort-technology.com\\\/de\\\/\",\"name\":\"ESCORT TECHNOLOGY\",\"description\":\"Elektronika morska i l\u0105dowa\",\"publisher\":{\"@id\":\"http:\\\/\\\/escort-technology.com\\\/de\\\/#organization\"},\"potentialAction\":[{\"@type\":\"SearchAction\",\"target\":{\"@type\":\"EntryPoint\",\"urlTemplate\":\"http:\\\/\\\/escort-technology.com\\\/de\\\/?s={search_term_string}\"},\"query-input\":{\"@type\":\"PropertyValueSpecification\",\"valueRequired\":true,\"valueName\":\"search_term_string\"}}],\"inLanguage\":\"pl-PL\"},{\"@type\":\"Organization\",\"@id\":\"http:\\\/\\\/escort-technology.com\\\/de\\\/#organization\",\"name\":\"ESCORT TECHNOLOGY\",\"url\":\"http:\\\/\\\/escort-technology.com\\\/de\\\/\",\"logo\":{\"@type\":\"ImageObject\",\"inLanguage\":\"pl-PL\",\"@id\":\"http:\\\/\\\/escort-technology.com\\\/de\\\/#\\\/schema\\\/logo\\\/image\\\/\",\"url\":\"https:\\\/\\\/escort-technology.com\\\/wp-content\\\/uploads\\\/logo-1.jpg\",\"contentUrl\":\"https:\\\/\\\/escort-technology.com\\\/wp-content\\\/uploads\\\/logo-1.jpg\",\"width\":600,\"height\":165,\"caption\":\"ESCORT TECHNOLOGY\"},\"image\":{\"@id\":\"http:\\\/\\\/escort-technology.com\\\/de\\\/#\\\/schema\\\/logo\\\/image\\\/\"},\"sameAs\":[\"https:\\\/\\\/www.facebook.com\\\/elektronika.morska\\\/\",\"https:\\\/\\\/www.linkedin.com\\\/company\\\/escort-sp-z-o-o-\\\/\"]}]}<\/script>\n<!-- \/ Yoast SEO plugin. -->","yoast_head_json":{"title":"Promocja Koden - ESCORT TECHNOLOGY","robots":{"index":"index","follow":"follow","max-snippet":"max-snippet:-1","max-image-preview":"max-image-preview:large","max-video-preview":"max-video-preview:-1"},"canonical":"https:\/\/escort-technology.com\/pl\/promocja-koden\/","og_locale":"pl_PL","og_type":"article","og_title":"Promocja Koden - ESCORT TECHNOLOGY","og_description":"Promocja na radary marki Koden Specjalna oferta promuj\u0105ca nowy wska\u017anik marki Koden Pragniemy poinformowa\u0107 Pa\u0144stwa o specjalnej ofercie na radary KODEN, KGC-300 GPS-compassi KGP-922 GPS-navigator. Ceny specjalne obowi\u0105zuj\u0105 od dnia dzisiejszego do 30 grudnia 2020 r. pod nast\u0119puj\u0105cymi warunkami: Radary IMO MDC-7000P z monitorem EIZO \/ MDC-7900P Cena katalogowa tego radaru IMO jest obni\u017cona. Dodatkowo [&hellip;]","og_url":"https:\/\/escort-technology.com\/pl\/promocja-koden\/","og_site_name":"ESCORT TECHNOLOGY","article_publisher":"https:\/\/www.facebook.com\/elektronika.morska\/","twitter_card":"summary_large_image","twitter_misc":{"Szacowany czas czytania":"1 minuta"},"schema":{"@context":"https:\/\/schema.org","@graph":[{"@type":"WebPage","@id":"https:\/\/escort-technology.com\/pl\/promocja-koden\/","url":"https:\/\/escort-technology.com\/pl\/promocja-koden\/","name":"Promocja Koden - ESCORT TECHNOLOGY","isPartOf":{"@id":"http:\/\/escort-technology.com\/de\/#website"},"datePublished":"2020-11-05T07:00:32+00:00","breadcrumb":{"@id":"https:\/\/escort-technology.com\/pl\/promocja-koden\/#breadcrumb"},"inLanguage":"pl-PL","potentialAction":[{"@type":"ReadAction","target":["https:\/\/escort-technology.com\/pl\/promocja-koden\/"]}]},{"@type":"BreadcrumbList","@id":"https:\/\/escort-technology.com\/pl\/promocja-koden\/#breadcrumb","itemListElement":[{"@type":"ListItem","position":1,"name":"Strona g\u0142\u00f3wna","item":"https:\/\/escort-technology.com\/"},{"@type":"ListItem","position":2,"name":"Promocja Koden"}]},{"@type":"WebSite","@id":"http:\/\/escort-technology.com\/de\/#website","url":"http:\/\/escort-technology.com\/de\/","name":"ESCORT TECHNOLOGY","description":"Elektronika morska i l\u0105dowa","publisher":{"@id":"http:\/\/escort-technology.com\/de\/#organization"},"potentialAction":[{"@type":"SearchAction","target":{"@type":"EntryPoint","urlTemplate":"http:\/\/escort-technology.com\/de\/?s={search_term_string}"},"query-input":{"@type":"PropertyValueSpecification","valueRequired":true,"valueName":"search_term_string"}}],"inLanguage":"pl-PL"},{"@type":"Organization","@id":"http:\/\/escort-technology.com\/de\/#organization","name":"ESCORT TECHNOLOGY","url":"http:\/\/escort-technology.com\/de\/","logo":{"@type":"ImageObject","inLanguage":"pl-PL","@id":"http:\/\/escort-technology.com\/de\/#\/schema\/logo\/image\/","url":"https:\/\/escort-technology.com\/wp-content\/uploads\/logo-1.jpg","contentUrl":"https:\/\/escort-technology.com\/wp-content\/uploads\/logo-1.jpg","width":600,"height":165,"caption":"ESCORT TECHNOLOGY"},"image":{"@id":"http:\/\/escort-technology.com\/de\/#\/schema\/logo\/image\/"},"sameAs":["https:\/\/www.facebook.com\/elektronika.morska\/","https:\/\/www.linkedin.com\/company\/escort-sp-z-o-o-\/"]}]}},"_links":{"self":[{"href":"https:\/\/escort-technology.com\/pl\/wp-json\/wp\/v2\/pages\/7588","targetHints":{"allow":["GET"]}}],"collection":[{"href":"https:\/\/escort-technology.com\/pl\/wp-json\/wp\/v2\/pages"}],"about":[{"href":"https:\/\/escort-technology.com\/pl\/wp-json\/wp\/v2\/types\/page"}],"author":[{"embeddable":true,"href":"https:\/\/escort-technology.com\/pl\/wp-json\/wp\/v2\/users\/10"}],"replies":[{"embeddable":true,"href":"https:\/\/escort-technology.com\/pl\/wp-json\/wp\/v2\/comments?post=7588"}],"version-history":[{"count":2,"href":"https:\/\/escort-technology.com\/pl\/wp-json\/wp\/v2\/pages\/7588\/revisions"}],"predecessor-version":[{"id":7594,"href":"https:\/\/escort-technology.com\/pl\/wp-json\/wp\/v2\/pages\/7588\/revisions\/7594"}],"wp:attachment":[{"href":"https:\/\/escort-technology.com\/pl\/wp-json\/wp\/v2\/media?parent=7588"}],"curies":[{"name":"wp","href":"https:\/\/api.w.org\/{rel}","templated":true}]}}