{"id":7703,"date":"2020-11-12T13:54:02","date_gmt":"2020-11-12T12:54:02","guid":{"rendered":"https:\/\/escort-technology.com\/?page_id=7703"},"modified":"2020-11-25T14:12:30","modified_gmt":"2020-11-25T13:12:30","slug":"nowy-transponder-ais-klasy-b-icom-ma-510tr","status":"publish","type":"page","link":"https:\/\/escort-technology.com\/pl\/nowy-transponder-ais-klasy-b-icom-ma-510tr\/","title":{"rendered":"Nowy Transponder AIS klasy B ICOM MA-510TR"},"content":{"rendered":"<h1>Transponder AIS klasy B ICOM MA-510TR<\/h1>\n<hr>\n<p><img decoding=\"async\" src=\"wp-content\/uploads\/MT-510.png\" alt=\"\"><\/p>\n<div>\n<h2><span class=\"fontstyle0\">Podobnie jak jego poprzednik, MA-510TR r\u00f3wnie<\/span><span class=\"fontstyle2\">\u017c <\/span><span class=\"fontstyle0\">posiada w\u0142asny wy<\/span><span class=\"fontstyle2\">\u015b<\/span><span class=\"fontstyle0\">wietlacz, dzi<\/span><span class=\"fontstyle2\">\u0119<\/span><span class=\"fontstyle0\">ki czemu obiekty AIS i szczeg\u00f3\u0142owe informacje mo<\/span><span class=\"fontstyle2\">\u017c<\/span><span class=\"fontstyle0\">na \u0142atwo zidentyfikowa<\/span><span class=\"fontstyle2\">\u0107 <\/span><span class=\"fontstyle0\">bez dodatkowego plotera nawigacyjnego. <\/span><\/h2>\n<p><span class=\"fontstyle0\">Dzi<\/span><span class=\"fontstyle2\">\u0119<\/span><span class=\"fontstyle0\">ki nowemu, wi<\/span><span class=\"fontstyle2\">\u0119<\/span><span class=\"fontstyle0\">kszemu kolorowemu wy<\/span><span class=\"fontstyle2\">\u015b<\/span><span class=\"fontstyle0\">wietlaczowi TFT (z trybem nocnym) wszystkie dane s<\/span><span class=\"fontstyle2\">\u0105 <\/span><span class=\"fontstyle0\">przedstawiane teraz znacznie wyra<\/span><span class=\"fontstyle2\">\u017a<\/span><span class=\"fontstyle0\">niej i wygodniej dla u<\/span><span class=\"fontstyle2\">\u017c<\/span><span class=\"fontstyle0\">ytkownika.<br \/>Inne funkcjonalno<\/span><span class=\"fontstyle2\">\u015b<\/span><span class=\"fontstyle0\">ci:<br \/>Uproszczona funkcja nawigacji (waypoint), tryb cichy,<br \/>funkcja anchor watch, NMEA-2000, NMEA-0183, IPX7, kompatybilny ze <\/span><span class=\"fontstyle2\">\u017a<\/span><span class=\"fontstyle0\">r\u00f3d\u0142ami zasilania 12 V i 24 V<\/span><\/p>\n<\/div>\n<div>\n<h3 style=\"text-align: center;\">Do pobrania<\/h3>\n<p>\u00a0<\/p>\n<\/div>\n<p>\n    <a href=\"wp-content\/uploads\/MA-510TR-1PL.pdf\">Broszura<\/a>\n<\/p>\n<p><!-- {\"type\":\"layout\",\"children\":[{\"type\":\"section\",\"props\":{\"style\":\"default\",\"width\":\"default\",\"vertical_align\":\"middle\",\"title_position\":\"top-left\",\"title_rotation\":\"left\",\"title_breakpoint\":\"xl\",\"image_position\":\"center-center\",\"text_color\":\"\",\"width_expand\":\"\",\"height\":\"\",\"padding\":\"\",\"header_transparent\":\"\",\"animation\":\"\",\"image_effect\":\"\"},\"children\":[{\"type\":\"row\",\"props\":{\"layout\":\"1-1\",\"breakpoint\":\"m\",\"fixed_width\":\"large\",\"gutter\":\"\",\"width\":\"\",\"width_expand\":\"\",\"height\":\"\",\"margin\":\"\"},\"children\":[{\"type\":\"column\",\"props\":{\"widths\":[\"1-1\"],\"image_position\":\"center-center\",\"media_overlay_gradient\":\"\",\"vertical_align\":\"\",\"style\":\"\",\"text_color\":\"\",\"padding\":\"\"},\"children\":[{\"type\":\"headline\",\"props\":{\"title_element\":\"h1\",\"title_style\":\"\",\"title_decoration\":\"\",\"title_color\":\"\",\"text_align\":\"\",\"text_align_breakpoint\":\"\",\"text_align_fallback\":\"\",\"maxwidth\":\"\",\"maxwidth_align\":\"\",\"maxwidth_breakpoint\":\"\",\"margin\":\"\",\"animation\":\"\",\"visibility\":\"\",\"content\":\"Transponder AIS klasy B ICOM MA-510TR\"}},{\"type\":\"divider\",\"props\":{\"divider_element\":\"hr\",\"divider_style\":\"\",\"divider_align\":\"\",\"divider_align_breakpoint\":\"\",\"divider_align_fallback\":\"\",\"maxwidth\":\"\",\"maxwidth_align\":\"\",\"maxwidth_breakpoint\":\"\",\"margin\":\"\",\"animation\":\"\",\"visibility\":\"\"}}]}]}]},{\"type\":\"section\",\"props\":{\"style\":\"default\",\"width\":\"default\",\"vertical_align\":\"middle\",\"title_position\":\"top-left\",\"title_rotation\":\"left\",\"title_breakpoint\":\"xl\",\"image_position\":\"center-center\",\"text_color\":\"\",\"width_expand\":\"\",\"height\":\"\",\"padding\":\"\",\"header_transparent\":\"\",\"animation\":\"\",\"image_effect\":\"\"},\"children\":[{\"type\":\"row\",\"props\":{\"layout\":\",\",\"breakpoint\":\"m\",\"fixed_width\":\"large\",\"gutter\":\"\",\"width\":\"\",\"width_expand\":\"\",\"height\":\"\",\"margin\":\"\"},\"children\":[{\"type\":\"column\",\"props\":{\"widths\":[\"\"],\"image_position\":\"center-center\",\"media_overlay_gradient\":\"\",\"vertical_align\":\"\",\"style\":\"\",\"text_color\":\"\",\"padding\":\"\"},\"children\":[{\"type\":\"image\",\"props\":{\"margin\":\"default\",\"link_target\":\"\",\"image_border\":\"\",\"image_box_shadow\":\"\",\"image_hover_box_shadow\":\"\",\"image_box_decoration\":\"\",\"text_align\":\"\",\"text_align_breakpoint\":\"\",\"text_align_fallback\":\"\",\"maxwidth\":\"\",\"maxwidth_align\":\"\",\"maxwidth_breakpoint\":\"\",\"animation\":\"\",\"visibility\":\"\",\"image\":\"wp-content\\\/uploads\\\/MT-510.png\"}}]},{\"type\":\"column\",\"props\":{\"widths\":[\"\"],\"image_position\":\"center-center\",\"media_overlay_gradient\":\"\",\"vertical_align\":\"\",\"style\":\"\",\"text_color\":\"\",\"padding\":\"\"},\"children\":[{\"type\":\"text\",\"props\":{\"margin\":\"default\",\"column_breakpoint\":\"m\",\"text_style\":\"\",\"text_color\":\"\",\"text_size\":\"\",\"column\":\"\",\"text_align\":\"\",\"text_align_breakpoint\":\"\",\"text_align_fallback\":\"\",\"maxwidth\":\"\",\"maxwidth_align\":\"\",\"maxwidth_breakpoint\":\"\",\"animation\":\"\",\"visibility\":\"\",\"content\":\"\n\n<h2><span class=\\\"fontstyle0\\\">Podobnie jak jego poprzednik, MA-510TR r\\u00f3wnie<\\\/span><span class=\\\"fontstyle2\\\">\\u017c <\\\/span><span class=\\\"fontstyle0\\\">posiada w\\u0142asny wy<\\\/span><span class=\\\"fontstyle2\\\">\\u015b<\\\/span><span class=\\\"fontstyle0\\\">wietlacz, dzi<\\\/span><span class=\\\"fontstyle2\\\">\\u0119<\\\/span><span class=\\\"fontstyle0\\\">ki czemu obiekty AIS i szczeg\\u00f3\\u0142owe informacje mo<\\\/span><span class=\\\"fontstyle2\\\">\\u017c<\\\/span><span class=\\\"fontstyle0\\\">na \\u0142atwo zidentyfikowa<\\\/span><span class=\\\"fontstyle2\\\">\\u0107 <\\\/span><span class=\\\"fontstyle0\\\">bez dodatkowego plotera nawigacyjnego. <\\\/span><\\\/h2>\\n\n\n<p><span class=\\\"fontstyle0\\\">Dzi<\\\/span><span class=\\\"fontstyle2\\\">\\u0119<\\\/span><span class=\\\"fontstyle0\\\">ki nowemu, wi<\\\/span><span class=\\\"fontstyle2\\\">\\u0119<\\\/span><span class=\\\"fontstyle0\\\">kszemu kolorowemu wy<\\\/span><span class=\\\"fontstyle2\\\">\\u015b<\\\/span><span class=\\\"fontstyle0\\\">wietlaczowi TFT (z trybem nocnym) wszystkie dane s<\\\/span><span class=\\\"fontstyle2\\\">\\u0105 <\\\/span><span class=\\\"fontstyle0\\\">przedstawiane teraz znacznie wyra<\\\/span><span class=\\\"fontstyle2\\\">\\u017a<\\\/span><span class=\\\"fontstyle0\\\">niej i wygodniej dla u<\\\/span><span class=\\\"fontstyle2\\\">\\u017c<\\\/span><span class=\\\"fontstyle0\\\">ytkownika.<br \\\/>Inne funkcjonalno<\\\/span><span class=\\\"fontstyle2\\\">\\u015b<\\\/span><span class=\\\"fontstyle0\\\">ci:<br \\\/>Uproszczona funkcja nawigacji (waypoint), tryb cichy,<br \\\/>funkcja anchor watch, NMEA-2000, NMEA-0183, IPX7, kompatybilny ze <\\\/span><span class=\\\"fontstyle2\\\">\\u017a<\\\/span><span class=\\\"fontstyle0\\\">r\\u00f3d\\u0142ami zasilania 12 V i 24 V<\\\/span><\\\/p>\"}}]}]}]},{\"type\":\"section\",\"props\":{\"style\":\"secondary\",\"width\":\"default\",\"vertical_align\":\"middle\",\"title_position\":\"top-left\",\"title_rotation\":\"left\",\"title_breakpoint\":\"xl\",\"image_position\":\"center-center\",\"text_color\":\"\",\"width_expand\":\"\",\"height\":\"\",\"padding\":\"\",\"header_transparent\":\"\",\"animation\":\"\",\"image_effect\":\"\"},\"children\":[{\"type\":\"row\",\"props\":{\"layout\":\"1-1\",\"breakpoint\":\"m\",\"fixed_width\":\"large\",\"gutter\":\"\",\"width\":\"\",\"width_expand\":\"\",\"height\":\"\",\"margin\":\"\"},\"children\":[{\"type\":\"column\",\"props\":{\"widths\":[\"1-1\"],\"image_position\":\"center-center\",\"media_overlay_gradient\":\"\",\"vertical_align\":\"\",\"style\":\"\",\"text_color\":\"\",\"padding\":\"\"},\"children\":[{\"type\":\"text\",\"props\":{\"margin\":\"default\",\"column_breakpoint\":\"m\",\"text_style\":\"\",\"text_color\":\"\",\"text_size\":\"\",\"column\":\"\",\"text_align\":\"\",\"text_align_breakpoint\":\"\",\"text_align_fallback\":\"\",\"maxwidth\":\"\",\"maxwidth_align\":\"\",\"maxwidth_breakpoint\":\"\",\"animation\":\"\",\"visibility\":\"\",\"content\":\"\n\n<h3 style=\\\"text-align: center;\\\">Do pobrania<\\\/h3>\\n\n\n<p>\\u00a0<\\\/p>\"}},{\"type\":\"button\",\"props\":{\"gutter\":\"small\",\"margin\":\"default\",\"button_size\":\"\",\"text_align\":\"center\",\"text_align_breakpoint\":\"\",\"text_align_fallback\":\"\",\"maxwidth\":\"\",\"maxwidth_align\":\"\",\"maxwidth_breakpoint\":\"\",\"animation\":\"\",\"visibility\":\"\"},\"children\":[{\"type\":\"button_item\",\"props\":{\"button_style\":\"default\",\"icon_align\":\"left\",\"link_target\":\"\",\"content\":\"Broszura\",\"link\":\"wp-content\\\/uploads\\\/MA-510TR-1PL.pdf\"}}]}]}]}]}],\"props\":[],\"version\":\"1.18.0\"} --><\/p>\n","protected":false},"excerpt":{"rendered":"<p>Transponder AIS klasy B ICOM MA-510TR Podobnie jak jego poprzednik, MA-510TR r\u00f3wnie\u017c posiada w\u0142asny wy\u015bwietlacz, dzi\u0119ki czemu obiekty AIS i szczeg\u00f3\u0142owe informacje mo\u017cna \u0142atwo zidentyfikowa\u0107 bez dodatkowego plotera nawigacyjnego. Dzi\u0119ki nowemu, wi\u0119kszemu kolorowemu wy\u015bwietlaczowi TFT (z trybem nocnym) wszystkie dane s\u0105 przedstawiane teraz znacznie wyra\u017aniej i wygodniej dla u\u017cytkownika.Inne funkcjonalno\u015bci:Uproszczona funkcja nawigacji (waypoint), tryb cichy,funkcja [&hellip;]<\/p>\n","protected":false},"author":10,"featured_media":0,"parent":0,"menu_order":0,"comment_status":"closed","ping_status":"closed","template":"","meta":{"footnotes":""},"class_list":["post-7703","page","type-page","status-publish","hentry"],"yoast_head":"<!-- This site is optimized with the Yoast SEO plugin v27.4 - https:\/\/yoast.com\/product\/yoast-seo-wordpress\/ -->\n<title>Nowy Transponder AIS klasy B ICOM MA-510TR - ESCORT TECHNOLOGY<\/title>\n<meta name=\"robots\" content=\"index, follow, max-snippet:-1, max-image-preview:large, max-video-preview:-1\" \/>\n<link rel=\"canonical\" href=\"https:\/\/escort-technology.com\/pl\/nowy-transponder-ais-klasy-b-icom-ma-510tr\/\" \/>\n<meta property=\"og:locale\" content=\"pl_PL\" \/>\n<meta property=\"og:type\" content=\"article\" \/>\n<meta property=\"og:title\" content=\"Nowy Transponder AIS klasy B ICOM MA-510TR - ESCORT TECHNOLOGY\" \/>\n<meta property=\"og:description\" content=\"Transponder AIS klasy B ICOM MA-510TR Podobnie jak jego poprzednik, MA-510TR r\u00f3wnie\u017c posiada w\u0142asny wy\u015bwietlacz, dzi\u0119ki czemu obiekty AIS i szczeg\u00f3\u0142owe informacje mo\u017cna \u0142atwo zidentyfikowa\u0107 bez dodatkowego plotera nawigacyjnego. Dzi\u0119ki nowemu, wi\u0119kszemu kolorowemu wy\u015bwietlaczowi TFT (z trybem nocnym) wszystkie dane s\u0105 przedstawiane teraz znacznie wyra\u017aniej i wygodniej dla u\u017cytkownika.Inne funkcjonalno\u015bci:Uproszczona funkcja nawigacji (waypoint), tryb cichy,funkcja [&hellip;]\" \/>\n<meta property=\"og:url\" content=\"https:\/\/escort-technology.com\/pl\/nowy-transponder-ais-klasy-b-icom-ma-510tr\/\" \/>\n<meta property=\"og:site_name\" content=\"ESCORT TECHNOLOGY\" \/>\n<meta property=\"article:publisher\" content=\"https:\/\/www.facebook.com\/elektronika.morska\/\" \/>\n<meta property=\"article:modified_time\" content=\"2020-11-25T13:12:30+00:00\" \/>\n<meta property=\"og:image\" content=\"http:\/\/wp-content\/uploads\/MT-510.png\" \/>\n<meta name=\"twitter:card\" content=\"summary_large_image\" \/>\n<script type=\"application\/ld+json\" class=\"yoast-schema-graph\">{\"@context\":\"https:\\\/\\\/schema.org\",\"@graph\":[{\"@type\":\"WebPage\",\"@id\":\"https:\\\/\\\/escort-technology.com\\\/pl\\\/nowy-transponder-ais-klasy-b-icom-ma-510tr\\\/\",\"url\":\"https:\\\/\\\/escort-technology.com\\\/pl\\\/nowy-transponder-ais-klasy-b-icom-ma-510tr\\\/\",\"name\":\"Nowy Transponder AIS klasy B ICOM MA-510TR - ESCORT TECHNOLOGY\",\"isPartOf\":{\"@id\":\"http:\\\/\\\/escort-technology.com\\\/de\\\/#website\"},\"datePublished\":\"2020-11-12T12:54:02+00:00\",\"dateModified\":\"2020-11-25T13:12:30+00:00\",\"breadcrumb\":{\"@id\":\"https:\\\/\\\/escort-technology.com\\\/pl\\\/nowy-transponder-ais-klasy-b-icom-ma-510tr\\\/#breadcrumb\"},\"inLanguage\":\"pl-PL\",\"potentialAction\":[{\"@type\":\"ReadAction\",\"target\":[\"https:\\\/\\\/escort-technology.com\\\/pl\\\/nowy-transponder-ais-klasy-b-icom-ma-510tr\\\/\"]}]},{\"@type\":\"BreadcrumbList\",\"@id\":\"https:\\\/\\\/escort-technology.com\\\/pl\\\/nowy-transponder-ais-klasy-b-icom-ma-510tr\\\/#breadcrumb\",\"itemListElement\":[{\"@type\":\"ListItem\",\"position\":1,\"name\":\"Strona g\u0142\u00f3wna\",\"item\":\"https:\\\/\\\/escort-technology.com\\\/\"},{\"@type\":\"ListItem\",\"position\":2,\"name\":\"Nowy Transponder AIS klasy B ICOM MA-510TR\"}]},{\"@type\":\"WebSite\",\"@id\":\"http:\\\/\\\/escort-technology.com\\\/de\\\/#website\",\"url\":\"http:\\\/\\\/escort-technology.com\\\/de\\\/\",\"name\":\"ESCORT TECHNOLOGY\",\"description\":\"Elektronika morska i l\u0105dowa\",\"publisher\":{\"@id\":\"http:\\\/\\\/escort-technology.com\\\/de\\\/#organization\"},\"potentialAction\":[{\"@type\":\"SearchAction\",\"target\":{\"@type\":\"EntryPoint\",\"urlTemplate\":\"http:\\\/\\\/escort-technology.com\\\/de\\\/?s={search_term_string}\"},\"query-input\":{\"@type\":\"PropertyValueSpecification\",\"valueRequired\":true,\"valueName\":\"search_term_string\"}}],\"inLanguage\":\"pl-PL\"},{\"@type\":\"Organization\",\"@id\":\"http:\\\/\\\/escort-technology.com\\\/de\\\/#organization\",\"name\":\"ESCORT TECHNOLOGY\",\"url\":\"http:\\\/\\\/escort-technology.com\\\/de\\\/\",\"logo\":{\"@type\":\"ImageObject\",\"inLanguage\":\"pl-PL\",\"@id\":\"http:\\\/\\\/escort-technology.com\\\/de\\\/#\\\/schema\\\/logo\\\/image\\\/\",\"url\":\"https:\\\/\\\/escort-technology.com\\\/wp-content\\\/uploads\\\/logo-1.jpg\",\"contentUrl\":\"https:\\\/\\\/escort-technology.com\\\/wp-content\\\/uploads\\\/logo-1.jpg\",\"width\":600,\"height\":165,\"caption\":\"ESCORT TECHNOLOGY\"},\"image\":{\"@id\":\"http:\\\/\\\/escort-technology.com\\\/de\\\/#\\\/schema\\\/logo\\\/image\\\/\"},\"sameAs\":[\"https:\\\/\\\/www.facebook.com\\\/elektronika.morska\\\/\",\"https:\\\/\\\/www.linkedin.com\\\/company\\\/escort-sp-z-o-o-\\\/\"]}]}<\/script>\n<!-- \/ Yoast SEO plugin. -->","yoast_head_json":{"title":"Nowy Transponder AIS klasy B ICOM MA-510TR - ESCORT TECHNOLOGY","robots":{"index":"index","follow":"follow","max-snippet":"max-snippet:-1","max-image-preview":"max-image-preview:large","max-video-preview":"max-video-preview:-1"},"canonical":"https:\/\/escort-technology.com\/pl\/nowy-transponder-ais-klasy-b-icom-ma-510tr\/","og_locale":"pl_PL","og_type":"article","og_title":"Nowy Transponder AIS klasy B ICOM MA-510TR - ESCORT TECHNOLOGY","og_description":"Transponder AIS klasy B ICOM MA-510TR Podobnie jak jego poprzednik, MA-510TR r\u00f3wnie\u017c posiada w\u0142asny wy\u015bwietlacz, dzi\u0119ki czemu obiekty AIS i szczeg\u00f3\u0142owe informacje mo\u017cna \u0142atwo zidentyfikowa\u0107 bez dodatkowego plotera nawigacyjnego. Dzi\u0119ki nowemu, wi\u0119kszemu kolorowemu wy\u015bwietlaczowi TFT (z trybem nocnym) wszystkie dane s\u0105 przedstawiane teraz znacznie wyra\u017aniej i wygodniej dla u\u017cytkownika.Inne funkcjonalno\u015bci:Uproszczona funkcja nawigacji (waypoint), tryb cichy,funkcja [&hellip;]","og_url":"https:\/\/escort-technology.com\/pl\/nowy-transponder-ais-klasy-b-icom-ma-510tr\/","og_site_name":"ESCORT TECHNOLOGY","article_publisher":"https:\/\/www.facebook.com\/elektronika.morska\/","article_modified_time":"2020-11-25T13:12:30+00:00","og_image":[{"url":"wp-content\/uploads\/MT-510.png","type":"","width":"","height":""}],"twitter_card":"summary_large_image","schema":{"@context":"https:\/\/schema.org","@graph":[{"@type":"WebPage","@id":"https:\/\/escort-technology.com\/pl\/nowy-transponder-ais-klasy-b-icom-ma-510tr\/","url":"https:\/\/escort-technology.com\/pl\/nowy-transponder-ais-klasy-b-icom-ma-510tr\/","name":"Nowy Transponder AIS klasy B ICOM MA-510TR - ESCORT TECHNOLOGY","isPartOf":{"@id":"http:\/\/escort-technology.com\/de\/#website"},"datePublished":"2020-11-12T12:54:02+00:00","dateModified":"2020-11-25T13:12:30+00:00","breadcrumb":{"@id":"https:\/\/escort-technology.com\/pl\/nowy-transponder-ais-klasy-b-icom-ma-510tr\/#breadcrumb"},"inLanguage":"pl-PL","potentialAction":[{"@type":"ReadAction","target":["https:\/\/escort-technology.com\/pl\/nowy-transponder-ais-klasy-b-icom-ma-510tr\/"]}]},{"@type":"BreadcrumbList","@id":"https:\/\/escort-technology.com\/pl\/nowy-transponder-ais-klasy-b-icom-ma-510tr\/#breadcrumb","itemListElement":[{"@type":"ListItem","position":1,"name":"Strona g\u0142\u00f3wna","item":"https:\/\/escort-technology.com\/"},{"@type":"ListItem","position":2,"name":"Nowy Transponder AIS klasy B ICOM MA-510TR"}]},{"@type":"WebSite","@id":"http:\/\/escort-technology.com\/de\/#website","url":"http:\/\/escort-technology.com\/de\/","name":"ESCORT TECHNOLOGY","description":"Elektronika morska i l\u0105dowa","publisher":{"@id":"http:\/\/escort-technology.com\/de\/#organization"},"potentialAction":[{"@type":"SearchAction","target":{"@type":"EntryPoint","urlTemplate":"http:\/\/escort-technology.com\/de\/?s={search_term_string}"},"query-input":{"@type":"PropertyValueSpecification","valueRequired":true,"valueName":"search_term_string"}}],"inLanguage":"pl-PL"},{"@type":"Organization","@id":"http:\/\/escort-technology.com\/de\/#organization","name":"ESCORT TECHNOLOGY","url":"http:\/\/escort-technology.com\/de\/","logo":{"@type":"ImageObject","inLanguage":"pl-PL","@id":"http:\/\/escort-technology.com\/de\/#\/schema\/logo\/image\/","url":"https:\/\/escort-technology.com\/wp-content\/uploads\/logo-1.jpg","contentUrl":"https:\/\/escort-technology.com\/wp-content\/uploads\/logo-1.jpg","width":600,"height":165,"caption":"ESCORT TECHNOLOGY"},"image":{"@id":"http:\/\/escort-technology.com\/de\/#\/schema\/logo\/image\/"},"sameAs":["https:\/\/www.facebook.com\/elektronika.morska\/","https:\/\/www.linkedin.com\/company\/escort-sp-z-o-o-\/"]}]}},"_links":{"self":[{"href":"https:\/\/escort-technology.com\/pl\/wp-json\/wp\/v2\/pages\/7703","targetHints":{"allow":["GET"]}}],"collection":[{"href":"https:\/\/escort-technology.com\/pl\/wp-json\/wp\/v2\/pages"}],"about":[{"href":"https:\/\/escort-technology.com\/pl\/wp-json\/wp\/v2\/types\/page"}],"author":[{"embeddable":true,"href":"https:\/\/escort-technology.com\/pl\/wp-json\/wp\/v2\/users\/10"}],"replies":[{"embeddable":true,"href":"https:\/\/escort-technology.com\/pl\/wp-json\/wp\/v2\/comments?post=7703"}],"version-history":[{"count":3,"href":"https:\/\/escort-technology.com\/pl\/wp-json\/wp\/v2\/pages\/7703\/revisions"}],"predecessor-version":[{"id":7936,"href":"https:\/\/escort-technology.com\/pl\/wp-json\/wp\/v2\/pages\/7703\/revisions\/7936"}],"wp:attachment":[{"href":"https:\/\/escort-technology.com\/pl\/wp-json\/wp\/v2\/media?parent=7703"}],"curies":[{"name":"wp","href":"https:\/\/api.w.org\/{rel}","templated":true}]}}