{"id":8040,"date":"2020-12-29T14:07:17","date_gmt":"2020-12-29T13:07:17","guid":{"rendered":"https:\/\/escort-technology.com\/?page_id=8040"},"modified":"2021-03-05T08:41:08","modified_gmt":"2021-03-05T07:41:08","slug":"radioplawa-hf-w880","status":"publish","type":"page","link":"https:\/\/escort-technology.com\/pl\/radioplawa-hf-w880\/","title":{"rendered":"Radiop\u0142awa HF W880"},"content":{"rendered":"<h1>\n<h2 class=\"uk-h1 uk-text-truncate\">Radiop\u0142awa HF W880- monitoring sieci rybackich<\/h2>\n<\/h1>\n<hr>\n<p><img decoding=\"async\" src=\"\/wp-content\/uploads\/2020\/12\/Wamblee43393.jpg\" alt=\"\"><\/p>\n<p>\n    <a href=\"\/wp-content\/uploads\/2020\/12\/W880-1.pdf\">Karta katalogowa<\/a>\n<\/p>\n<div>\n<h3>Nowo\u015b\u0107 w naszej ofercie<\/h3>\n<p>W880 jest radiop\u0142aw\u0105 dzia\u0142aj\u0105c\u0105 w pa\u015bmie HF, sygnalizuj\u0105c\u0105 po\u0142o\u017cenie system\u00f3w po\u0142owowych zagubionych lub porzuconych na morzu. Wysy\u0142aj\u0105c komunikat w (programowalnych) odst\u0119pach czasu, mo\u017cliwe jest okre\u015blenie, za pomoc\u0105 specjalnego pok\u0142adowego odbiornika W830, po\u0142o\u017cenia zerwanych sieci.<\/p>\n<h3>Jak dzia\u0142a system?<\/h3>\n<p>Informacje s\u0105 przesy\u0142ane w formacie zaszyfrowanym i mog\u0105 by\u0107 odszyfrowane wy\u0142\u0105cznie przez w\u0142a\u015bciciela radiop\u0142awy, a czas transmisji jest r\u00f3wnie\u017c odpowiednio zoptymalizowany, aby zapobiec nielegalnemu przechwyceniu. Wysokowydajny akumulator i optymalizacja zu\u017cycia energii, zapewniaj\u0105 d\u0142u\u017cszy czas pracy &#8211; radiop\u0142awa W880 mo\u017ce pracowa\u0107 do 10 dni (zgodnie z interwa\u0142ami czasowymi nadawania komunikat\u00f3w).<\/p>\n<h3>Jak odbiera\u0107 dane?<\/h3>\n<p>Wszelkie informacje otrzymane od radiop\u0142awy W880 s\u0105 dost\u0119pne za po\u015brednictwem odbiornika W830, kt\u00f3ry przy wsparciu map nawigacyjnych zapewnia og\u00f3lny podgl\u0105d na sieci.<\/p>\n<h3>Cechy systemu:<\/h3>\n<p>Odleg\u0142o\u015b\u0107: do 50 nm.<br \/>Wzmocniona pokrywa zapewnia odporno\u015b\u0107 na wysokie ci\u015bnienie, trwa\u0142o\u015b\u0107 i wodoszczelno\u015b\u0107 .<br \/>Bateria o d\u0142ugiej \u017cywotno\u015bci, 10 dni* , w pe\u0142ni zabezpieczona przed prze\u0142adowaniem i temperatur\u0105.<br \/>\u0141atwe programowanie (szybko\u015b\u0107 i tryb flash) bez konieczno\u015bci otwierania boi.<br \/>G\u0142\u0119boko\u015b\u0107: do 100 metr\u00f3w<br \/>Zakodowana wiadomo\u015b\u0107 dopasowana do systemu w\u0142a\u015bciciela<br \/>Programowalna cz\u0119stotliwo\u015b\u0107 od 10 minut do 6 godzin<br \/>Programowalna lampa b\u0142yskowa o wysokiej mocy LED (Wszystkie w\u0142\u0105czone, wy\u0142\u0105czone lub tryb o\u015bwietlenia nocnego)<br \/>Nie wymaga dedykowanego odbiornika HF. Sygna\u0142 jest przetwarzany bezpo\u015brednio przez odbiornik W830 pod\u0142\u0105czony do komputera poprzez port USB.<\/p>\n<p>* 10 dni,wiadomo\u015b\u0107 co 15 minut, tryb nocny flash<\/p>\n<\/div>\n<p><!-- {\"type\":\"layout\",\"children\":[{\"type\":\"section\",\"props\":{\"style\":\"default\",\"width\":\"default\",\"vertical_align\":\"middle\",\"title_position\":\"top-left\",\"title_rotation\":\"left\",\"title_breakpoint\":\"xl\",\"image_position\":\"center-center\"},\"children\":[{\"type\":\"row\",\"children\":[{\"type\":\"column\",\"props\":{\"image_position\":\"center-center\",\"media_overlay_gradient\":\"\"},\"children\":[{\"type\":\"headline\",\"props\":{\"title_element\":\"h1\",\"content\":\"\n\n<h2 class=\\\"uk-h1 uk-text-truncate\\\">Radiop\\u0142awa HF W880- monitoring sieci rybackich<\\\/h2>\"}},{\"type\":\"divider\",\"props\":{\"divider_element\":\"hr\"}}]}]}]},{\"type\":\"section\",\"props\":{\"style\":\"default\",\"width\":\"default\",\"vertical_align\":\"middle\",\"title_position\":\"top-left\",\"title_rotation\":\"left\",\"title_breakpoint\":\"xl\",\"image_position\":\"center-center\"},\"children\":[{\"type\":\"row\",\"children\":[{\"type\":\"column\",\"props\":{\"image_position\":\"center-center\",\"media_overlay_gradient\":\"\",\"width_medium\":\"1-2\"},\"children\":[{\"type\":\"image\",\"props\":{\"margin\":\"default\",\"image_svg_color\":\"emphasis\",\"image\":\"wp-content\\\/uploads\\\/2020\\\/12\\\/Wamblee43393.jpg\"}},{\"type\":\"button\",\"props\":{\"grid_column_gap\":\"small\",\"grid_row_gap\":\"small\",\"margin\":\"default\",\"text_align\":\"center\"},\"children\":[{\"type\":\"button_item\",\"props\":{\"button_style\":\"default\",\"icon_align\":\"left\",\"content\":\"Karta katalogowa\",\"link\":\"wp-content\\\/uploads\\\/2020\\\/12\\\/W880-1.pdf\"}}]}]},{\"type\":\"column\",\"props\":{\"image_position\":\"center-center\",\"media_overlay_gradient\":\"\",\"width_medium\":\"1-2\"},\"children\":[{\"type\":\"text\",\"props\":{\"margin\":\"default\",\"column_breakpoint\":\"m\",\"content\":\"\n\n<h3>Nowo\\u015b\\u0107 w naszej ofercie<\\\/h3>\\n\n\n<p>W880 jest radiop\\u0142aw\\u0105 dzia\\u0142aj\\u0105c\\u0105 w pa\\u015bmie HF, sygnalizuj\\u0105c\\u0105 po\\u0142o\\u017cenie system\\u00f3w po\\u0142owowych zagubionych lub porzuconych na morzu. Wysy\\u0142aj\\u0105c komunikat w (programowalnych) odst\\u0119pach czasu, mo\\u017cliwe jest okre\\u015blenie, za pomoc\\u0105 specjalnego pok\\u0142adowego odbiornika W830, po\\u0142o\\u017cenia zerwanych sieci.<\\\/p>\\n\n\n<h3>Jak dzia\\u0142a system?<\\\/h3>\\n\n\n<p>Informacje s\\u0105 przesy\\u0142ane w formacie zaszyfrowanym i mog\\u0105 by\\u0107 odszyfrowane wy\\u0142\\u0105cznie przez w\\u0142a\\u015bciciela radiop\\u0142awy, a czas transmisji jest r\\u00f3wnie\\u017c odpowiednio zoptymalizowany, aby zapobiec nielegalnemu przechwyceniu. Wysokowydajny akumulator i optymalizacja zu\\u017cycia energii, zapewniaj\\u0105 d\\u0142u\\u017cszy czas pracy - radiop\\u0142awa W880 mo\\u017ce pracowa\\u0107 do 10 dni (zgodnie z interwa\\u0142ami czasowymi nadawania komunikat\\u00f3w).<\\\/p>\\n\n\n<h3>Jak odbiera\\u0107 dane?<\\\/h3>\\n\n\n<p>Wszelkie informacje otrzymane od radiop\\u0142awy W880 s\\u0105 dost\\u0119pne za po\\u015brednictwem odbiornika W830, kt\\u00f3ry przy wsparciu map nawigacyjnych zapewnia og\\u00f3lny podgl\\u0105d na sieci.<\\\/p>\\n\n\n<h3>Cechy systemu:<\\\/h3>\\n\n\n<p>Odleg\\u0142o\\u015b\\u0107: do 50 nm.<br \\\/>Wzmocniona pokrywa zapewnia odporno\\u015b\\u0107 na wysokie ci\\u015bnienie, trwa\\u0142o\\u015b\\u0107 i wodoszczelno\\u015b\\u0107 .<br \\\/>Bateria o d\\u0142ugiej \\u017cywotno\\u015bci, 10 dni* , w pe\\u0142ni zabezpieczona przed prze\\u0142adowaniem i temperatur\\u0105.<br \\\/>\\u0141atwe programowanie (szybko\\u015b\\u0107 i tryb flash) bez konieczno\\u015bci otwierania boi.<br \\\/>G\\u0142\\u0119boko\\u015b\\u0107: do 100 metr\\u00f3w<br \\\/>Zakodowana wiadomo\\u015b\\u0107 dopasowana do systemu w\\u0142a\\u015bciciela<br \\\/>Programowalna cz\\u0119stotliwo\\u015b\\u0107 od 10 minut do 6 godzin<br \\\/>Programowalna lampa b\\u0142yskowa o wysokiej mocy LED (Wszystkie w\\u0142\\u0105czone, wy\\u0142\\u0105czone lub tryb o\\u015bwietlenia nocnego)<br \\\/>Nie wymaga dedykowanego odbiornika HF. Sygna\\u0142 jest przetwarzany bezpo\\u015brednio przez odbiornik W830 pod\\u0142\\u0105czony do komputera poprzez port USB.<\\\/p>\\n\n\n<p>* 10 dni,wiadomo\\u015b\\u0107 co 15 minut, tryb nocny flash<\\\/p>\"}}]}],\"props\":{\"layout\":\"1-2,1-2\"}}]}],\"version\":\"2.3.25\"} --><\/p>\n","protected":false},"excerpt":{"rendered":"<p>Radiop\u0142awa HF W880- monitoring sieci rybackich Karta katalogowa Nowo\u015b\u0107 w naszej ofercie W880 jest radiop\u0142aw\u0105 dzia\u0142aj\u0105c\u0105 w pa\u015bmie HF, sygnalizuj\u0105c\u0105 po\u0142o\u017cenie system\u00f3w po\u0142owowych zagubionych lub porzuconych na morzu. Wysy\u0142aj\u0105c komunikat w (programowalnych) odst\u0119pach czasu, mo\u017cliwe jest okre\u015blenie, za pomoc\u0105 specjalnego pok\u0142adowego odbiornika W830, po\u0142o\u017cenia zerwanych sieci. Jak dzia\u0142a system? Informacje s\u0105 przesy\u0142ane w formacie zaszyfrowanym [&hellip;]<\/p>\n","protected":false},"author":10,"featured_media":0,"parent":0,"menu_order":0,"comment_status":"closed","ping_status":"closed","template":"","meta":{"footnotes":""},"class_list":["post-8040","page","type-page","status-publish","hentry"],"yoast_head":"<!-- This site is optimized with the Yoast SEO plugin v27.6 - https:\/\/yoast.com\/product\/yoast-seo-wordpress\/ -->\n<title>Radiop\u0142awa HF W880 - ESCORT TECHNOLOGY<\/title>\n<meta name=\"robots\" content=\"index, follow, max-snippet:-1, max-image-preview:large, max-video-preview:-1\" \/>\n<link rel=\"canonical\" href=\"https:\/\/escort-technology.com\/pl\/radioplawa-hf-w880\/\" \/>\n<meta property=\"og:locale\" content=\"pl_PL\" \/>\n<meta property=\"og:type\" content=\"article\" \/>\n<meta property=\"og:title\" content=\"Radiop\u0142awa HF W880 - ESCORT TECHNOLOGY\" \/>\n<meta property=\"og:description\" content=\"Radiop\u0142awa HF W880- monitoring sieci rybackich Karta katalogowa Nowo\u015b\u0107 w naszej ofercie W880 jest radiop\u0142aw\u0105 dzia\u0142aj\u0105c\u0105 w pa\u015bmie HF, sygnalizuj\u0105c\u0105 po\u0142o\u017cenie system\u00f3w po\u0142owowych zagubionych lub porzuconych na morzu. Wysy\u0142aj\u0105c komunikat w (programowalnych) odst\u0119pach czasu, mo\u017cliwe jest okre\u015blenie, za pomoc\u0105 specjalnego pok\u0142adowego odbiornika W830, po\u0142o\u017cenia zerwanych sieci. Jak dzia\u0142a system? Informacje s\u0105 przesy\u0142ane w formacie zaszyfrowanym [&hellip;]\" \/>\n<meta property=\"og:url\" content=\"https:\/\/escort-technology.com\/pl\/radioplawa-hf-w880\/\" \/>\n<meta property=\"og:site_name\" content=\"ESCORT TECHNOLOGY\" \/>\n<meta property=\"article:publisher\" content=\"https:\/\/www.facebook.com\/elektronika.morska\/\" \/>\n<meta property=\"article:modified_time\" content=\"2021-03-05T07:41:08+00:00\" \/>\n<meta property=\"og:image\" content=\"https:\/\/escort-technology.com\/wp-content\/uploads\/2020\/12\/Wamblee43393.jpg\" \/>\n<meta name=\"twitter:card\" content=\"summary_large_image\" \/>\n<meta name=\"twitter:label1\" content=\"Szacowany czas czytania\" \/>\n\t<meta name=\"twitter:data1\" content=\"1 minuta\" \/>\n<script type=\"application\/ld+json\" class=\"yoast-schema-graph\">{\"@context\":\"https:\\\/\\\/schema.org\",\"@graph\":[{\"@type\":\"WebPage\",\"@id\":\"https:\\\/\\\/escort-technology.com\\\/pl\\\/radioplawa-hf-w880\\\/\",\"url\":\"https:\\\/\\\/escort-technology.com\\\/pl\\\/radioplawa-hf-w880\\\/\",\"name\":\"Radiop\u0142awa HF W880 - ESCORT TECHNOLOGY\",\"isPartOf\":{\"@id\":\"http:\\\/\\\/escort-technology.com\\\/de\\\/#website\"},\"datePublished\":\"2020-12-29T13:07:17+00:00\",\"dateModified\":\"2021-03-05T07:41:08+00:00\",\"breadcrumb\":{\"@id\":\"https:\\\/\\\/escort-technology.com\\\/pl\\\/radioplawa-hf-w880\\\/#breadcrumb\"},\"inLanguage\":\"pl-PL\",\"potentialAction\":[{\"@type\":\"ReadAction\",\"target\":[\"https:\\\/\\\/escort-technology.com\\\/pl\\\/radioplawa-hf-w880\\\/\"]}]},{\"@type\":\"BreadcrumbList\",\"@id\":\"https:\\\/\\\/escort-technology.com\\\/pl\\\/radioplawa-hf-w880\\\/#breadcrumb\",\"itemListElement\":[{\"@type\":\"ListItem\",\"position\":1,\"name\":\"Strona g\u0142\u00f3wna\",\"item\":\"https:\\\/\\\/escort-technology.com\\\/\"},{\"@type\":\"ListItem\",\"position\":2,\"name\":\"Radiop\u0142awa HF W880\"}]},{\"@type\":\"WebSite\",\"@id\":\"http:\\\/\\\/escort-technology.com\\\/de\\\/#website\",\"url\":\"http:\\\/\\\/escort-technology.com\\\/de\\\/\",\"name\":\"ESCORT TECHNOLOGY\",\"description\":\"Elektronika morska i l\u0105dowa\",\"publisher\":{\"@id\":\"http:\\\/\\\/escort-technology.com\\\/de\\\/#organization\"},\"potentialAction\":[{\"@type\":\"SearchAction\",\"target\":{\"@type\":\"EntryPoint\",\"urlTemplate\":\"http:\\\/\\\/escort-technology.com\\\/de\\\/?s={search_term_string}\"},\"query-input\":{\"@type\":\"PropertyValueSpecification\",\"valueRequired\":true,\"valueName\":\"search_term_string\"}}],\"inLanguage\":\"pl-PL\"},{\"@type\":\"Organization\",\"@id\":\"http:\\\/\\\/escort-technology.com\\\/de\\\/#organization\",\"name\":\"ESCORT TECHNOLOGY\",\"url\":\"http:\\\/\\\/escort-technology.com\\\/de\\\/\",\"logo\":{\"@type\":\"ImageObject\",\"inLanguage\":\"pl-PL\",\"@id\":\"http:\\\/\\\/escort-technology.com\\\/de\\\/#\\\/schema\\\/logo\\\/image\\\/\",\"url\":\"https:\\\/\\\/escort-technology.com\\\/wp-content\\\/uploads\\\/logo-1.jpg\",\"contentUrl\":\"https:\\\/\\\/escort-technology.com\\\/wp-content\\\/uploads\\\/logo-1.jpg\",\"width\":600,\"height\":165,\"caption\":\"ESCORT TECHNOLOGY\"},\"image\":{\"@id\":\"http:\\\/\\\/escort-technology.com\\\/de\\\/#\\\/schema\\\/logo\\\/image\\\/\"},\"sameAs\":[\"https:\\\/\\\/www.facebook.com\\\/elektronika.morska\\\/\",\"https:\\\/\\\/www.linkedin.com\\\/company\\\/escort-sp-z-o-o-\\\/\"]}]}<\/script>\n<!-- \/ Yoast SEO plugin. -->","yoast_head_json":{"title":"Radiop\u0142awa HF W880 - ESCORT TECHNOLOGY","robots":{"index":"index","follow":"follow","max-snippet":"max-snippet:-1","max-image-preview":"max-image-preview:large","max-video-preview":"max-video-preview:-1"},"canonical":"https:\/\/escort-technology.com\/pl\/radioplawa-hf-w880\/","og_locale":"pl_PL","og_type":"article","og_title":"Radiop\u0142awa HF W880 - ESCORT TECHNOLOGY","og_description":"Radiop\u0142awa HF W880- monitoring sieci rybackich Karta katalogowa Nowo\u015b\u0107 w naszej ofercie W880 jest radiop\u0142aw\u0105 dzia\u0142aj\u0105c\u0105 w pa\u015bmie HF, sygnalizuj\u0105c\u0105 po\u0142o\u017cenie system\u00f3w po\u0142owowych zagubionych lub porzuconych na morzu. Wysy\u0142aj\u0105c komunikat w (programowalnych) odst\u0119pach czasu, mo\u017cliwe jest okre\u015blenie, za pomoc\u0105 specjalnego pok\u0142adowego odbiornika W830, po\u0142o\u017cenia zerwanych sieci. Jak dzia\u0142a system? Informacje s\u0105 przesy\u0142ane w formacie zaszyfrowanym [&hellip;]","og_url":"https:\/\/escort-technology.com\/pl\/radioplawa-hf-w880\/","og_site_name":"ESCORT TECHNOLOGY","article_publisher":"https:\/\/www.facebook.com\/elektronika.morska\/","article_modified_time":"2021-03-05T07:41:08+00:00","og_image":[{"url":"https:\/\/escort-technology.com\/wp-content\/uploads\/2020\/12\/Wamblee43393.jpg","type":"","width":"","height":""}],"twitter_card":"summary_large_image","twitter_misc":{"Szacowany czas czytania":"1 minuta"},"schema":{"@context":"https:\/\/schema.org","@graph":[{"@type":"WebPage","@id":"https:\/\/escort-technology.com\/pl\/radioplawa-hf-w880\/","url":"https:\/\/escort-technology.com\/pl\/radioplawa-hf-w880\/","name":"Radiop\u0142awa HF W880 - ESCORT TECHNOLOGY","isPartOf":{"@id":"http:\/\/escort-technology.com\/de\/#website"},"datePublished":"2020-12-29T13:07:17+00:00","dateModified":"2021-03-05T07:41:08+00:00","breadcrumb":{"@id":"https:\/\/escort-technology.com\/pl\/radioplawa-hf-w880\/#breadcrumb"},"inLanguage":"pl-PL","potentialAction":[{"@type":"ReadAction","target":["https:\/\/escort-technology.com\/pl\/radioplawa-hf-w880\/"]}]},{"@type":"BreadcrumbList","@id":"https:\/\/escort-technology.com\/pl\/radioplawa-hf-w880\/#breadcrumb","itemListElement":[{"@type":"ListItem","position":1,"name":"Strona g\u0142\u00f3wna","item":"https:\/\/escort-technology.com\/"},{"@type":"ListItem","position":2,"name":"Radiop\u0142awa HF W880"}]},{"@type":"WebSite","@id":"http:\/\/escort-technology.com\/de\/#website","url":"http:\/\/escort-technology.com\/de\/","name":"ESCORT TECHNOLOGY","description":"Elektronika morska i l\u0105dowa","publisher":{"@id":"http:\/\/escort-technology.com\/de\/#organization"},"potentialAction":[{"@type":"SearchAction","target":{"@type":"EntryPoint","urlTemplate":"http:\/\/escort-technology.com\/de\/?s={search_term_string}"},"query-input":{"@type":"PropertyValueSpecification","valueRequired":true,"valueName":"search_term_string"}}],"inLanguage":"pl-PL"},{"@type":"Organization","@id":"http:\/\/escort-technology.com\/de\/#organization","name":"ESCORT TECHNOLOGY","url":"http:\/\/escort-technology.com\/de\/","logo":{"@type":"ImageObject","inLanguage":"pl-PL","@id":"http:\/\/escort-technology.com\/de\/#\/schema\/logo\/image\/","url":"https:\/\/escort-technology.com\/wp-content\/uploads\/logo-1.jpg","contentUrl":"https:\/\/escort-technology.com\/wp-content\/uploads\/logo-1.jpg","width":600,"height":165,"caption":"ESCORT TECHNOLOGY"},"image":{"@id":"http:\/\/escort-technology.com\/de\/#\/schema\/logo\/image\/"},"sameAs":["https:\/\/www.facebook.com\/elektronika.morska\/","https:\/\/www.linkedin.com\/company\/escort-sp-z-o-o-\/"]}]}},"_links":{"self":[{"href":"https:\/\/escort-technology.com\/pl\/wp-json\/wp\/v2\/pages\/8040","targetHints":{"allow":["GET"]}}],"collection":[{"href":"https:\/\/escort-technology.com\/pl\/wp-json\/wp\/v2\/pages"}],"about":[{"href":"https:\/\/escort-technology.com\/pl\/wp-json\/wp\/v2\/types\/page"}],"author":[{"embeddable":true,"href":"https:\/\/escort-technology.com\/pl\/wp-json\/wp\/v2\/users\/10"}],"replies":[{"embeddable":true,"href":"https:\/\/escort-technology.com\/pl\/wp-json\/wp\/v2\/comments?post=8040"}],"version-history":[{"count":5,"href":"https:\/\/escort-technology.com\/pl\/wp-json\/wp\/v2\/pages\/8040\/revisions"}],"predecessor-version":[{"id":8549,"href":"https:\/\/escort-technology.com\/pl\/wp-json\/wp\/v2\/pages\/8040\/revisions\/8549"}],"wp:attachment":[{"href":"https:\/\/escort-technology.com\/pl\/wp-json\/wp\/v2\/media?parent=8040"}],"curies":[{"name":"wp","href":"https:\/\/api.w.org\/{rel}","templated":true}]}}