{"id":8096,"date":"2021-01-15T11:38:50","date_gmt":"2021-01-15T10:38:50","guid":{"rendered":"https:\/\/escort-technology.com\/?page_id=8096"},"modified":"2021-01-15T12:01:15","modified_gmt":"2021-01-15T11:01:15","slug":"winda-c-max-vigo","status":"publish","type":"page","link":"https:\/\/escort-technology.com\/pl\/winda-c-max-vigo\/","title":{"rendered":"Winda C-Max Vigo"},"content":{"rendered":"<h1>\n<h2 class=\"uk-h1 uk-text-truncate\">Winda C-Max Vigo<\/h2>\n<\/h1>\n<hr>\n<p><img decoding=\"async\" src=\"\/wp-content\/uploads\/2021\/01\/c-max-vigo.jpg\" alt=\"\"><\/p>\n<div>\n<p>\u00a0<\/p>\n<p>\u00a0<\/p>\n<p>Winda dedykowana dla profilomierzy pr\u0119dko\u015bci d\u017awi\u0119ku w wodzie, do prac na statku.\u00a0<\/p>\n<\/div>\n<div>\n<p><strong>SPECYFIKACJA<\/strong><\/p>\n<p>Wymiary: 63 x 33 x 40 cm<br \/>D\u0142ugo\u015b\u0107 (wysi\u0119gnik): 140 cm<br \/>Waga: 35 kg<br \/>Moc: 220-240VAC, 1,7kW<br \/>Pojemno\u015b\u0107 linii (2,5 mm): 500 m<br \/>Maksymalna pr\u0119dko\u015b\u0107 holowania: 6 m\/s<br \/>Materia\u0142: 316 Stal nierdzewna<\/p>\n<\/div>\n<p><img decoding=\"async\" src=\"\/wp-content\/uploads\/2021\/01\/Vigo-Back-cutout-992x1030-1.jpg\" alt=\"\"><\/p>\n<div>\n<p><strong>INTERFEJS STEROWANIA<\/strong><\/p>\n<p>10\/100 Ethernet<br \/>Zintegrowany interfejs internetowy<br \/>W pe\u0142ni programowalne rozmieszczenie<br \/>i cykl powrotu.<br \/>Zintegrowany GPS<br \/>R\u0119czne sterowanie biegiem<\/p>\n<\/div>\n<h1>\n<h2 style=\"text-align: center;\">Co to jest profilowanie pr\u0119dko\u015bci d\u017awi\u0119ku w drodze?<\/h2>\n<\/h1>\n<p><img decoding=\"async\" src=\"\/wp-content\/uploads\/2021\/01\/std-profiling-1.jpg\" alt=\"\"><\/p>\n<div>\n<h3>Konwencjonalne profilowanie pr\u0119dko\u015bci d\u017awi\u0119ku<\/h3>\n<p>Wymaga zatrzymania statku przy ka\u017cdym pr\u00f3bkowaniu<br \/>sond\u0105 SV.<\/p>\n<\/div>\n<div>\n<h3>Profilowanie pr\u0119dko\u015bci d\u017awi\u0119ku w drodze\u00a0<\/h3>\n<p>Pozwala na przeprowadzenie badania gdy statek utrzymuje sta\u0142y kurs i pr\u0119dko\u015b\u0107.\u00a0<\/p>\n<\/div>\n<p><img decoding=\"async\" src=\"\/wp-content\/uploads\/2021\/01\/Vigo-profiling.jpg\" alt=\"\"><\/p>\n<p>\n    <a href=\"\/wp-content\/uploads\/2021\/01\/Vigo20.pdf\">Broszura<\/a>\n<\/p>\n<p><!-- {\"type\":\"layout\",\"children\":[{\"type\":\"section\",\"props\":{\"style\":\"default\",\"width\":\"default\",\"vertical_align\":\"middle\",\"title_position\":\"top-left\",\"title_rotation\":\"left\",\"title_breakpoint\":\"xl\",\"image_position\":\"center-center\"},\"children\":[{\"type\":\"row\",\"children\":[{\"type\":\"column\",\"props\":{\"image_position\":\"center-center\",\"media_overlay_gradient\":\"\"},\"children\":[{\"type\":\"headline\",\"props\":{\"title_element\":\"h1\",\"content\":\"\n\n<h2 class=\\\"uk-h1 uk-text-truncate\\\">Winda C-Max Vigo<\\\/h2>\"}},{\"type\":\"divider\",\"props\":{\"divider_element\":\"hr\"}}]}]}]},{\"type\":\"section\",\"props\":{\"style\":\"default\",\"width\":\"default\",\"vertical_align\":\"middle\",\"title_position\":\"top-left\",\"title_rotation\":\"left\",\"title_breakpoint\":\"xl\",\"image_position\":\"center-center\"},\"children\":[{\"type\":\"row\",\"props\":{\"layout\":\"1-2,1-2\"},\"children\":[{\"type\":\"column\",\"props\":{\"image_position\":\"center-center\",\"media_overlay_gradient\":\"\",\"width_medium\":\"1-2\"},\"children\":[{\"type\":\"image\",\"props\":{\"margin\":\"default\",\"image_svg_color\":\"emphasis\",\"image\":\"wp-content\\\/uploads\\\/2021\\\/01\\\/c-max-vigo.jpg\",\"image_width\":\"400\"}}]},{\"type\":\"column\",\"props\":{\"image_position\":\"center-center\",\"media_overlay_gradient\":\"\",\"width_medium\":\"1-2\"},\"children\":[{\"type\":\"text\",\"props\":{\"margin\":\"default\",\"column_breakpoint\":\"m\",\"content\":\"\n\n<p>\\u00a0<\\\/p>\\n\n\n<p>\\u00a0<\\\/p>\\n\n\n<p>Winda dedykowana dla profilomierzy pr\\u0119dko\\u015bci d\\u017awi\\u0119ku w wodzie, do prac na statku.\\u00a0<\\\/p>\"}}]}]}]},{\"type\":\"section\",\"props\":{\"style\":\"default\",\"width\":\"default\",\"vertical_align\":\"middle\",\"title_position\":\"top-left\",\"title_rotation\":\"left\",\"title_breakpoint\":\"xl\",\"image_position\":\"center-center\"},\"children\":[{\"type\":\"row\",\"props\":{\"layout\":\"1-3,1-3,1-3\"},\"children\":[{\"type\":\"column\",\"props\":{\"image_position\":\"center-center\",\"media_overlay_gradient\":\"\",\"width_medium\":\"1-3\"},\"children\":[{\"type\":\"text\",\"props\":{\"margin\":\"default\",\"column_breakpoint\":\"m\",\"content\":\"\n\n<p><strong>SPECYFIKACJA<\\\/strong><\\\/p>\\n\n\n<p>Wymiary: 63 x 33 x 40 cm<br \\\/>D\\u0142ugo\\u015b\\u0107 (wysi\\u0119gnik): 140 cm<br \\\/>Waga: 35 kg<br \\\/>Moc: 220-240VAC, 1,7kW<br \\\/>Pojemno\\u015b\\u0107 linii (2,5 mm): 500 m<br \\\/>Maksymalna pr\\u0119dko\\u015b\\u0107 holowania: 6 m\\\/s<br \\\/>Materia\\u0142: 316 Stal nierdzewna<\\\/p>\"}}]},{\"type\":\"column\",\"props\":{\"image_position\":\"center-center\",\"media_overlay_gradient\":\"\",\"width_medium\":\"1-3\"},\"children\":[{\"type\":\"image\",\"props\":{\"margin\":\"default\",\"image_svg_color\":\"emphasis\",\"image\":\"wp-content\\\/uploads\\\/2021\\\/01\\\/Vigo-Back-cutout-992x1030-1.jpg\"}}]},{\"type\":\"column\",\"props\":{\"image_position\":\"center-center\",\"media_overlay_gradient\":\"\",\"width_medium\":\"1-3\"},\"children\":[{\"type\":\"text\",\"props\":{\"margin\":\"default\",\"column_breakpoint\":\"m\",\"content\":\"\n\n<p><strong>INTERFEJS STEROWANIA<\\\/strong><\\\/p>\\n\n\n<p>10\\\/100 Ethernet<br \\\/>Zintegrowany interfejs internetowy<br \\\/>W pe\\u0142ni programowalne rozmieszczenie<br \\\/>i cykl powrotu.<br \\\/>Zintegrowany GPS<br \\\/>R\\u0119czne sterowanie biegiem<\\\/p>\"}}]}]}]},{\"type\":\"section\",\"props\":{\"style\":\"default\",\"width\":\"default\",\"vertical_align\":\"middle\",\"title_position\":\"top-left\",\"title_rotation\":\"left\",\"title_breakpoint\":\"xl\",\"image_position\":\"center-center\"},\"children\":[{\"type\":\"row\",\"children\":[{\"type\":\"column\",\"props\":{\"image_position\":\"center-center\",\"media_overlay_gradient\":\"\"},\"children\":[{\"type\":\"headline\",\"props\":{\"title_element\":\"h1\",\"content\":\"\n\n<h2 style=\\\"text-align: center;\\\">Co to jest profilowanie pr\\u0119dko\\u015bci d\\u017awi\\u0119ku w drodze?<\\\/h2>\"}}]}]}]},{\"type\":\"section\",\"props\":{\"style\":\"default\",\"width\":\"default\",\"vertical_align\":\"middle\",\"title_position\":\"top-left\",\"title_rotation\":\"left\",\"title_breakpoint\":\"xl\",\"image_position\":\"center-center\"},\"children\":[{\"type\":\"row\",\"props\":{\"layout\":\"1-2,1-2\"},\"children\":[{\"type\":\"column\",\"props\":{\"image_position\":\"center-center\",\"media_overlay_gradient\":\"\",\"width_medium\":\"1-2\"},\"children\":[{\"type\":\"image\",\"props\":{\"margin\":\"default\",\"image_svg_color\":\"emphasis\",\"image\":\"wp-content\\\/uploads\\\/2021\\\/01\\\/std-profiling-1.jpg\"}},{\"type\":\"text\",\"props\":{\"margin\":\"default\",\"column_breakpoint\":\"m\",\"content\":\"\n\n<h3>Konwencjonalne profilowanie pr\\u0119dko\\u015bci d\\u017awi\\u0119ku<\\\/h3>\\n\n\n<p>Wymaga zatrzymania statku przy ka\\u017cdym pr\\u00f3bkowaniu<br \\\/>sond\\u0105 SV.<\\\/p>\"}}]},{\"type\":\"column\",\"props\":{\"image_position\":\"center-center\",\"media_overlay_gradient\":\"\",\"width_medium\":\"1-2\"},\"children\":[{\"type\":\"text\",\"props\":{\"margin\":\"default\",\"column_breakpoint\":\"m\",\"content\":\"\n\n<h3>Profilowanie pr\\u0119dko\\u015bci d\\u017awi\\u0119ku w drodze\\u00a0<\\\/h3>\\n\n\n<p>Pozwala na przeprowadzenie badania gdy statek utrzymuje sta\\u0142y kurs i pr\\u0119dko\\u015b\\u0107.\\u00a0<br \\\/><br \\\/><\\\/p>\"}},{\"type\":\"image\",\"props\":{\"margin\":\"default\",\"image_svg_color\":\"emphasis\",\"image\":\"wp-content\\\/uploads\\\/2021\\\/01\\\/Vigo-profiling.jpg\"}}]}]}]},{\"type\":\"section\",\"props\":{\"style\":\"default\",\"width\":\"default\",\"vertical_align\":\"middle\",\"title_position\":\"top-left\",\"title_rotation\":\"left\",\"title_breakpoint\":\"xl\",\"image_position\":\"center-center\"},\"children\":[{\"type\":\"row\",\"children\":[{\"type\":\"column\",\"props\":{\"image_position\":\"center-center\",\"media_overlay_gradient\":\"\"},\"children\":[{\"type\":\"button\",\"props\":{\"grid_column_gap\":\"small\",\"grid_row_gap\":\"small\",\"margin\":\"default\",\"text_align\":\"center\"},\"children\":[{\"type\":\"button_item\",\"props\":{\"button_style\":\"default\",\"icon_align\":\"left\",\"content\":\"Broszura\",\"link\":\"wp-content\\\/uploads\\\/2021\\\/01\\\/Vigo20.pdf\"}}]}]}]}]}],\"version\":\"2.3.25\"} --><\/p>\n","protected":false},"excerpt":{"rendered":"<p>Winda C-Max Vigo \u00a0 \u00a0 Winda dedykowana dla profilomierzy pr\u0119dko\u015bci d\u017awi\u0119ku w wodzie, do prac na statku.\u00a0 SPECYFIKACJA Wymiary: 63 x 33 x 40 cmD\u0142ugo\u015b\u0107 (wysi\u0119gnik): 140 cmWaga: 35 kgMoc: 220-240VAC, 1,7kWPojemno\u015b\u0107 linii (2,5 mm): 500 mMaksymalna pr\u0119dko\u015b\u0107 holowania: 6 m\/sMateria\u0142: 316 Stal nierdzewna INTERFEJS STEROWANIA 10\/100 EthernetZintegrowany interfejs internetowyW pe\u0142ni programowalne rozmieszczeniei cykl powrotu.Zintegrowany [&hellip;]<\/p>\n","protected":false},"author":10,"featured_media":0,"parent":0,"menu_order":0,"comment_status":"closed","ping_status":"closed","template":"","meta":{"footnotes":""},"class_list":["post-8096","page","type-page","status-publish","hentry"],"yoast_head":"<!-- This site is optimized with the Yoast SEO plugin v27.5 - https:\/\/yoast.com\/product\/yoast-seo-wordpress\/ -->\n<title>Winda C-Max Vigo - ESCORT TECHNOLOGY<\/title>\n<meta name=\"robots\" content=\"index, follow, max-snippet:-1, max-image-preview:large, max-video-preview:-1\" \/>\n<link rel=\"canonical\" href=\"https:\/\/escort-technology.com\/pl\/winda-c-max-vigo\/\" \/>\n<meta property=\"og:locale\" content=\"pl_PL\" \/>\n<meta property=\"og:type\" content=\"article\" \/>\n<meta property=\"og:title\" content=\"Winda C-Max Vigo - ESCORT TECHNOLOGY\" \/>\n<meta property=\"og:description\" content=\"Winda C-Max Vigo \u00a0 \u00a0 Winda dedykowana dla profilomierzy pr\u0119dko\u015bci d\u017awi\u0119ku w wodzie, do prac na statku.\u00a0 SPECYFIKACJA Wymiary: 63 x 33 x 40 cmD\u0142ugo\u015b\u0107 (wysi\u0119gnik): 140 cmWaga: 35 kgMoc: 220-240VAC, 1,7kWPojemno\u015b\u0107 linii (2,5 mm): 500 mMaksymalna pr\u0119dko\u015b\u0107 holowania: 6 m\/sMateria\u0142: 316 Stal nierdzewna INTERFEJS STEROWANIA 10\/100 EthernetZintegrowany interfejs internetowyW pe\u0142ni programowalne rozmieszczeniei cykl powrotu.Zintegrowany [&hellip;]\" \/>\n<meta property=\"og:url\" content=\"https:\/\/escort-technology.com\/pl\/winda-c-max-vigo\/\" \/>\n<meta property=\"og:site_name\" content=\"ESCORT TECHNOLOGY\" \/>\n<meta property=\"article:publisher\" content=\"https:\/\/www.facebook.com\/elektronika.morska\/\" \/>\n<meta property=\"article:modified_time\" content=\"2021-01-15T11:01:15+00:00\" \/>\n<meta property=\"og:image\" content=\"https:\/\/escort-technology.com\/wp-content\/uploads\/2021\/01\/c-max-vigo.jpg\" \/>\n<meta name=\"twitter:card\" content=\"summary_large_image\" \/>\n<meta name=\"twitter:label1\" content=\"Szacowany czas czytania\" \/>\n\t<meta name=\"twitter:data1\" content=\"1 minuta\" \/>\n<script type=\"application\/ld+json\" class=\"yoast-schema-graph\">{\"@context\":\"https:\\\/\\\/schema.org\",\"@graph\":[{\"@type\":\"WebPage\",\"@id\":\"https:\\\/\\\/escort-technology.com\\\/en\\\/winda-c-max-vigo\\\/\",\"url\":\"https:\\\/\\\/escort-technology.com\\\/en\\\/winda-c-max-vigo\\\/\",\"name\":\"Winda C-Max Vigo - ESCORT TECHNOLOGY\",\"isPartOf\":{\"@id\":\"http:\\\/\\\/escort-technology.com\\\/de\\\/#website\"},\"datePublished\":\"2021-01-15T10:38:50+00:00\",\"dateModified\":\"2021-01-15T11:01:15+00:00\",\"breadcrumb\":{\"@id\":\"https:\\\/\\\/escort-technology.com\\\/en\\\/winda-c-max-vigo\\\/#breadcrumb\"},\"inLanguage\":\"pl-PL\",\"potentialAction\":[{\"@type\":\"ReadAction\",\"target\":[\"https:\\\/\\\/escort-technology.com\\\/en\\\/winda-c-max-vigo\\\/\"]}]},{\"@type\":\"BreadcrumbList\",\"@id\":\"https:\\\/\\\/escort-technology.com\\\/en\\\/winda-c-max-vigo\\\/#breadcrumb\",\"itemListElement\":[{\"@type\":\"ListItem\",\"position\":1,\"name\":\"Strona g\u0142\u00f3wna\",\"item\":\"https:\\\/\\\/escort-technology.com\\\/\"},{\"@type\":\"ListItem\",\"position\":2,\"name\":\"Winda C-Max Vigo\"}]},{\"@type\":\"WebSite\",\"@id\":\"http:\\\/\\\/escort-technology.com\\\/de\\\/#website\",\"url\":\"http:\\\/\\\/escort-technology.com\\\/de\\\/\",\"name\":\"ESCORT TECHNOLOGY\",\"description\":\"Elektronika morska i l\u0105dowa\",\"publisher\":{\"@id\":\"http:\\\/\\\/escort-technology.com\\\/de\\\/#organization\"},\"potentialAction\":[{\"@type\":\"SearchAction\",\"target\":{\"@type\":\"EntryPoint\",\"urlTemplate\":\"http:\\\/\\\/escort-technology.com\\\/de\\\/?s={search_term_string}\"},\"query-input\":{\"@type\":\"PropertyValueSpecification\",\"valueRequired\":true,\"valueName\":\"search_term_string\"}}],\"inLanguage\":\"pl-PL\"},{\"@type\":\"Organization\",\"@id\":\"http:\\\/\\\/escort-technology.com\\\/de\\\/#organization\",\"name\":\"ESCORT TECHNOLOGY\",\"url\":\"http:\\\/\\\/escort-technology.com\\\/de\\\/\",\"logo\":{\"@type\":\"ImageObject\",\"inLanguage\":\"pl-PL\",\"@id\":\"http:\\\/\\\/escort-technology.com\\\/de\\\/#\\\/schema\\\/logo\\\/image\\\/\",\"url\":\"https:\\\/\\\/escort-technology.com\\\/wp-content\\\/uploads\\\/logo-1.jpg\",\"contentUrl\":\"https:\\\/\\\/escort-technology.com\\\/wp-content\\\/uploads\\\/logo-1.jpg\",\"width\":600,\"height\":165,\"caption\":\"ESCORT TECHNOLOGY\"},\"image\":{\"@id\":\"http:\\\/\\\/escort-technology.com\\\/de\\\/#\\\/schema\\\/logo\\\/image\\\/\"},\"sameAs\":[\"https:\\\/\\\/www.facebook.com\\\/elektronika.morska\\\/\",\"https:\\\/\\\/www.linkedin.com\\\/company\\\/escort-sp-z-o-o-\\\/\"]}]}<\/script>\n<!-- \/ Yoast SEO plugin. -->","yoast_head_json":{"title":"Winda C-Max Vigo - ESCORT TECHNOLOGY","robots":{"index":"index","follow":"follow","max-snippet":"max-snippet:-1","max-image-preview":"max-image-preview:large","max-video-preview":"max-video-preview:-1"},"canonical":"https:\/\/escort-technology.com\/pl\/winda-c-max-vigo\/","og_locale":"pl_PL","og_type":"article","og_title":"Winda C-Max Vigo - ESCORT TECHNOLOGY","og_description":"Winda C-Max Vigo \u00a0 \u00a0 Winda dedykowana dla profilomierzy pr\u0119dko\u015bci d\u017awi\u0119ku w wodzie, do prac na statku.\u00a0 SPECYFIKACJA Wymiary: 63 x 33 x 40 cmD\u0142ugo\u015b\u0107 (wysi\u0119gnik): 140 cmWaga: 35 kgMoc: 220-240VAC, 1,7kWPojemno\u015b\u0107 linii (2,5 mm): 500 mMaksymalna pr\u0119dko\u015b\u0107 holowania: 6 m\/sMateria\u0142: 316 Stal nierdzewna INTERFEJS STEROWANIA 10\/100 EthernetZintegrowany interfejs internetowyW pe\u0142ni programowalne rozmieszczeniei cykl powrotu.Zintegrowany [&hellip;]","og_url":"https:\/\/escort-technology.com\/pl\/winda-c-max-vigo\/","og_site_name":"ESCORT TECHNOLOGY","article_publisher":"https:\/\/www.facebook.com\/elektronika.morska\/","article_modified_time":"2021-01-15T11:01:15+00:00","og_image":[{"url":"https:\/\/escort-technology.com\/wp-content\/uploads\/2021\/01\/c-max-vigo.jpg","type":"","width":"","height":""}],"twitter_card":"summary_large_image","twitter_misc":{"Szacowany czas czytania":"1 minuta"},"schema":{"@context":"https:\/\/schema.org","@graph":[{"@type":"WebPage","@id":"https:\/\/escort-technology.com\/en\/winda-c-max-vigo\/","url":"https:\/\/escort-technology.com\/en\/winda-c-max-vigo\/","name":"Winda C-Max Vigo - ESCORT TECHNOLOGY","isPartOf":{"@id":"http:\/\/escort-technology.com\/de\/#website"},"datePublished":"2021-01-15T10:38:50+00:00","dateModified":"2021-01-15T11:01:15+00:00","breadcrumb":{"@id":"https:\/\/escort-technology.com\/en\/winda-c-max-vigo\/#breadcrumb"},"inLanguage":"pl-PL","potentialAction":[{"@type":"ReadAction","target":["https:\/\/escort-technology.com\/en\/winda-c-max-vigo\/"]}]},{"@type":"BreadcrumbList","@id":"https:\/\/escort-technology.com\/en\/winda-c-max-vigo\/#breadcrumb","itemListElement":[{"@type":"ListItem","position":1,"name":"Strona g\u0142\u00f3wna","item":"https:\/\/escort-technology.com\/"},{"@type":"ListItem","position":2,"name":"Winda C-Max Vigo"}]},{"@type":"WebSite","@id":"http:\/\/escort-technology.com\/de\/#website","url":"http:\/\/escort-technology.com\/de\/","name":"ESCORT TECHNOLOGY","description":"Elektronika morska i l\u0105dowa","publisher":{"@id":"http:\/\/escort-technology.com\/de\/#organization"},"potentialAction":[{"@type":"SearchAction","target":{"@type":"EntryPoint","urlTemplate":"http:\/\/escort-technology.com\/de\/?s={search_term_string}"},"query-input":{"@type":"PropertyValueSpecification","valueRequired":true,"valueName":"search_term_string"}}],"inLanguage":"pl-PL"},{"@type":"Organization","@id":"http:\/\/escort-technology.com\/de\/#organization","name":"ESCORT TECHNOLOGY","url":"http:\/\/escort-technology.com\/de\/","logo":{"@type":"ImageObject","inLanguage":"pl-PL","@id":"http:\/\/escort-technology.com\/de\/#\/schema\/logo\/image\/","url":"https:\/\/escort-technology.com\/wp-content\/uploads\/logo-1.jpg","contentUrl":"https:\/\/escort-technology.com\/wp-content\/uploads\/logo-1.jpg","width":600,"height":165,"caption":"ESCORT TECHNOLOGY"},"image":{"@id":"http:\/\/escort-technology.com\/de\/#\/schema\/logo\/image\/"},"sameAs":["https:\/\/www.facebook.com\/elektronika.morska\/","https:\/\/www.linkedin.com\/company\/escort-sp-z-o-o-\/"]}]}},"_links":{"self":[{"href":"https:\/\/escort-technology.com\/pl\/wp-json\/wp\/v2\/pages\/8096","targetHints":{"allow":["GET"]}}],"collection":[{"href":"https:\/\/escort-technology.com\/pl\/wp-json\/wp\/v2\/pages"}],"about":[{"href":"https:\/\/escort-technology.com\/pl\/wp-json\/wp\/v2\/types\/page"}],"author":[{"embeddable":true,"href":"https:\/\/escort-technology.com\/pl\/wp-json\/wp\/v2\/users\/10"}],"replies":[{"embeddable":true,"href":"https:\/\/escort-technology.com\/pl\/wp-json\/wp\/v2\/comments?post=8096"}],"version-history":[{"count":2,"href":"https:\/\/escort-technology.com\/pl\/wp-json\/wp\/v2\/pages\/8096\/revisions"}],"predecessor-version":[{"id":8106,"href":"https:\/\/escort-technology.com\/pl\/wp-json\/wp\/v2\/pages\/8096\/revisions\/8106"}],"wp:attachment":[{"href":"https:\/\/escort-technology.com\/pl\/wp-json\/wp\/v2\/media?parent=8096"}],"curies":[{"name":"wp","href":"https:\/\/api.w.org\/{rel}","templated":true}]}}