{"id":8127,"date":"2021-01-18T11:12:43","date_gmt":"2021-01-18T10:12:43","guid":{"rendered":"https:\/\/escort-technology.com\/?page_id=8127"},"modified":"2021-01-18T13:20:27","modified_gmt":"2021-01-18T12:20:27","slug":"sonda-valeport-swift-ctd","status":"publish","type":"page","link":"https:\/\/escort-technology.com\/pl\/sonda-valeport-swift-ctd\/","title":{"rendered":"Sonda Valeport SWiFT CTD"},"content":{"rendered":"<h1>\n<h1 class=\"uk-article-title\">Sonda Valeport SWiFT CTD<\/h1>\n<\/h1>\n<hr>\n<div>\n<h2>Zaprojektowany dla p\u0142ynnego przebiegu pracy. Nowy SWiFT CTD jest najnowszym modelem w popularnym asortymencie profiler\u00f3w SWiFT firmy Valeport i zapewnia wi\u0119ksz\u0105 dok\u0142adno\u015b\u0107 i wszechstronno\u015b\u0107 dla tych, kt\u00f3rzy wymagaj\u0105 pomiar\u00f3w CTD.<\/h2>\n<\/div>\n<p><img decoding=\"async\" src=\"\/wp-content\/uploads\/2021\/01\/DSC00712-800x660-1.jpg\" alt=\"\"><br \/>\n<img decoding=\"async\" src=\"\/wp-content\/uploads\/2021\/01\/DSC00688-Edit-800x660-1.jpg\" alt=\"\"><\/p>\n<p>\n    <a href=\"\/wp-content\/uploads\/2021\/01\/Valeport-SWiFT-CTD-Datasheet-FAW.pdf\">Karta katalogowa<\/a>\n<\/p>\n<p><iframe src=\"https:\/\/vimeo.com\/501422024\"><\/iframe><br \/>\n<img decoding=\"async\" src=\"\/wp-content\/uploads\/2021\/01\/SWiFT-end-cap-diagram-1024x1024-1.png\" alt=\"\"><\/p>\n<div>\n<h3>Pomiar CTD ze wszystkimi zaletami SWiFT<\/h3>\n<p>Nowy profiler SWiFT CTD oferuje technologi\u0119 czujnik\u00f3w w po\u0142\u0105czeniu z wygod\u0105\u00a0 \u00a0 \u00a0 \u00a0 \u00a0 \u00a0 \u00a0 \u00a0 \u00a0 \u00a0 bezprzewodowej technologii Bluetooth\u00ae, akumulatorem i zintegrowanym\u00a0 \u00a0 \u00a0 \u00a0 \u00a0 \u00a0 \u00a0 \u00a0 \u00a0 \u00a0 \u00a0 \u00a0 \u00a0modu\u0142em GPS do lokalizacji ka\u017cdego profilu.<\/p>\n<p>\u0141atwo\u015b\u0107 u\u017cytkowania jest centralnym elementem serii SWiFT, a nowy SWiFT CTD nie tylko sprawia, \u017ce ka\u017cda problematyczna wymiana baterii odchodzi w przesz\u0142o\u015b\u0107 i zapewnia w pe\u0142ni zautomatyzowany transfer danych bez konieczno\u015bci wprowadzania danych przez u\u017cytkownika, ale tak\u017ce posiada magnetyczny pier\u015bcie\u0144 prze\u0142\u0105czaj\u0105cy SWiFT firmy Valeport. Pier\u015bcie\u0144 prze\u0142\u0105czaj\u0105cy jest \u0142atwy w obs\u0142udze nawet przy zimnych d\u0142oniach, po prostu obraca si\u0119 o 90 stopni. Ko\u0144cowa nasadka posiada przyjazne dla u\u017cytkownika wska\u017aniki LED informuj\u0105ce o stanie pracy, GPS, bateri\u0119 i technologi\u0119 bezprzewodow\u0105 Bluetooth\u00ae.<\/p>\n<\/div>\n<div>\n<h3>Zwi\u0119kszona dok\u0142adno\u015b\u0107<\/h3>\n<p>Wykorzystuj\u0105c wiod\u0105c\u0105 na \u015bwiecie technologi\u0119 czujnik\u00f3w o wysokiej dok\u0142adno\u015bci Valeport do \u0142\u0105czenia czujnik\u00f3w dla wielu profili w jednej obudowie, SWiFT CTD posiada now\u0105, szybko reaguj\u0105c\u0105 sond\u0119 temperatury i pracuje standardowo do 500m, zapewniaj\u0105c bezpo\u015brednio mierzone przewodnictwo, temperatur\u0119 i g\u0142\u0119boko\u015b\u0107. Ponadto, SWiFT CTD zapewnia obliczone zasolenie, g\u0119sto\u015b\u0107 i pr\u0119dko\u015b\u0107 d\u017awi\u0119ku.<\/p>\n<p>\u00a0<\/p>\n<\/div>\n<div>\n<h3>OPROGRAMOWANIE<br \/>Pobieranie i przegl\u0105danie danych z Valeport Ocean<\/h3>\n<p>Dane mog\u0105 by\u0107 szybko i \u0142atwo pobrane bezprzewodowo i korzystaj\u0105 z nowego oprogramowania Valeport Ocean dla platform iOS, Android i PC. Dane mog\u0105 by\u0107 natychmiast udost\u0119pnione w standardowych formatach danych.<\/p>\n<p>\u00a0<\/p>\n<\/div>\n<p><img decoding=\"async\" src=\"\/wp-content\/uploads\/2021\/01\/phone-line-drawing-white-1024x1018-1.png\" alt=\"\"><br \/>\n<img decoding=\"async\" src=\"\/wp-content\/uploads\/2021\/01\/DSC00678-Edit-800x660-1.jpg\" alt=\"\"><br \/>\n<img decoding=\"async\" src=\"\/wp-content\/uploads\/2021\/01\/DSC00655-Edit-800x660-1.jpg\" alt=\"\"><\/p>\n<div>\n<h3>Wiele zastosowa\u0144<\/h3>\n<p>Bateria SWiFT CTD o \u017cywotno\u015bci do o\u015bmiu dni, w oparciu o scenariusz ustawienia od 150 profili do 100m, w po\u0142\u0105czeniu z wygod\u0105 \u0142adowania przez USB, jest przeznaczona do zastosowa\u0144 morskich, przybrze\u017cnych, portowych i \u015br\u00f3dl\u0105dowych w badaniach \u015brodowiskowych i hydrograficznych.<\/p>\n<p>SWiFT CTD jest wytrzyma\u0142y i przeno\u015bny. Wykonane z tytanu, aby zapewni\u0107 niezr\u00f3wnan\u0105 trwa\u0142o\u015b\u0107, czujniki CTD s\u0105 umieszczone w mocnej, acetalowej obudowie ochronnej. Opcjonalnie dost\u0119pna jest r\u00f3wnie\u017c klatka monta\u017cowa, kt\u00f3r\u0105 mo\u017cna przykr\u0119ci\u0107 do przyrz\u0105du w celu zamocowania dodatkowego ci\u0119\u017caru, dzi\u0119ki czemu SWiFT CTD mo\u017ce dotrze\u0107 na g\u0142\u0119boko\u015b\u0107 w szybko przep\u0142ywaj\u0105cych pr\u0105dach.<\/p>\n<\/div>\n<div>\n<h3 style=\"text-align: center;\">Do pobrania\u00a0<\/h3>\n<p><a href=\"https:\/\/www.valeport.co.uk\/content\/uploads\/2021\/01\/Valeport-SWiFT-CTD-Datasheet-FAW.pdf\">Karta katalogowa\u00a0<\/a><\/p>\n<p>\u00a0<\/p>\n<\/div>\n<p><!-- {\"type\":\"layout\",\"children\":[{\"type\":\"section\",\"props\":{\"style\":\"default\",\"width\":\"default\",\"vertical_align\":\"middle\",\"title_position\":\"top-left\",\"title_rotation\":\"left\",\"title_breakpoint\":\"xl\",\"image_position\":\"center-center\"},\"children\":[{\"type\":\"row\",\"children\":[{\"type\":\"column\",\"props\":{\"image_position\":\"center-center\",\"media_overlay_gradient\":\"\"},\"children\":[{\"type\":\"headline\",\"props\":{\"title_element\":\"h1\",\"content\":\"\n\n<h1 class=\\\"uk-article-title\\\">Sonda Valeport SWiFT CTD<\\\/h1>\"}},{\"type\":\"divider\",\"props\":{\"divider_element\":\"hr\"}}]}]}]},{\"type\":\"section\",\"props\":{\"style\":\"default\",\"width\":\"default\",\"vertical_align\":\"middle\",\"title_position\":\"top-left\",\"title_rotation\":\"left\",\"title_breakpoint\":\"xl\",\"image_position\":\"center-center\",\"image\":\"wp-content\\\/uploads\\\/2021\\\/01\\\/Valeport-SWiFT-CTD-3000-2000-2048x1365-1.jpg\",\"height\":\"full\"},\"children\":[{\"type\":\"row\",\"children\":[{\"type\":\"column\",\"props\":{\"image_position\":\"center-center\",\"media_overlay_gradient\":\"\"},\"children\":[]}]}]},{\"type\":\"section\",\"props\":{\"style\":\"default\",\"width\":\"default\",\"vertical_align\":\"middle\",\"title_position\":\"top-left\",\"title_rotation\":\"left\",\"title_breakpoint\":\"xl\",\"image_position\":\"center-center\"},\"children\":[{\"type\":\"row\",\"props\":{\"layout\":\"1-2,1-2\"},\"children\":[{\"type\":\"column\",\"props\":{\"image_position\":\"center-center\",\"media_overlay_gradient\":\"\",\"width_medium\":\"1-2\"},\"children\":[{\"type\":\"text\",\"props\":{\"margin\":\"default\",\"column_breakpoint\":\"m\",\"content\":\"\n\n<h2>Zaprojektowany dla p\\u0142ynnego przebiegu pracy. Nowy SWiFT CTD jest najnowszym modelem w popularnym asortymencie profiler\\u00f3w SWiFT firmy Valeport i zapewnia wi\\u0119ksz\\u0105 dok\\u0142adno\\u015b\\u0107 i wszechstronno\\u015b\\u0107 dla tych, kt\\u00f3rzy wymagaj\\u0105 pomiar\\u00f3w CTD.<\\\/h2>\"}},{\"type\":\"image\",\"props\":{\"margin\":\"default\",\"image_svg_color\":\"emphasis\",\"image\":\"wp-content\\\/uploads\\\/2021\\\/01\\\/DSC00712-800x660-1.jpg\"}}]},{\"type\":\"column\",\"props\":{\"image_position\":\"center-center\",\"media_overlay_gradient\":\"\",\"width_medium\":\"1-2\"},\"children\":[{\"type\":\"image\",\"props\":{\"margin\":\"default\",\"image_svg_color\":\"emphasis\",\"image\":\"wp-content\\\/uploads\\\/2021\\\/01\\\/DSC00688-Edit-800x660-1.jpg\"}},{\"type\":\"button\",\"props\":{\"grid_column_gap\":\"small\",\"grid_row_gap\":\"small\",\"margin\":\"default\",\"text_align\":\"center\"},\"children\":[{\"type\":\"button_item\",\"props\":{\"button_style\":\"default\",\"icon_align\":\"left\",\"content\":\"Karta katalogowa\",\"link\":\"wp-content\\\/uploads\\\/2021\\\/01\\\/Valeport-SWiFT-CTD-Datasheet-FAW.pdf\"}}]}]}]}]},{\"type\":\"section\",\"props\":{\"style\":\"default\",\"width\":\"xlarge\",\"vertical_align\":\"middle\",\"title_position\":\"top-left\",\"title_rotation\":\"left\",\"title_breakpoint\":\"xl\",\"image_position\":\"center-center\"},\"children\":[{\"type\":\"row\",\"children\":[{\"type\":\"column\",\"props\":{\"image_position\":\"center-center\",\"media_overlay_gradient\":\"\"},\"children\":[{\"type\":\"video\",\"props\":{\"video_controls\":true,\"margin\":\"\",\"video\":\"https:\\\/\\\/vimeo.com\\\/501422024\",\"video_box_shadow\":\"\",\"video_box_decoration\":\"\",\"position\":\"relative\",\"maxwidth\":\"2xlarge\",\"block_align\":\"center\",\"maxwidth_breakpoint\":\"xl\",\"text_align\":\"center\",\"video_width\":\"600\"}}]}]}]},{\"type\":\"section\",\"props\":{\"style\":\"secondary\",\"width\":\"default\",\"vertical_align\":\"middle\",\"title_position\":\"top-left\",\"title_rotation\":\"left\",\"title_breakpoint\":\"xl\",\"image_position\":\"center-center\"},\"children\":[{\"type\":\"row\",\"props\":{\"layout\":\"1-2,1-2\"},\"children\":[{\"type\":\"column\",\"props\":{\"image_position\":\"center-center\",\"media_overlay_gradient\":\"\",\"width_medium\":\"1-2\"},\"children\":[{\"type\":\"image\",\"props\":{\"margin\":\"default\",\"image_svg_color\":\"emphasis\",\"image\":\"wp-content\\\/uploads\\\/2021\\\/01\\\/SWiFT-end-cap-diagram-1024x1024-1.png\"}}]},{\"type\":\"column\",\"props\":{\"image_position\":\"center-center\",\"media_overlay_gradient\":\"\",\"width_medium\":\"1-2\"},\"children\":[{\"type\":\"text\",\"props\":{\"margin\":\"default\",\"column_breakpoint\":\"m\",\"content\":\"\n\n<h3>Pomiar CTD ze wszystkimi zaletami SWiFT<\\\/h3>\\n\n\n<p>Nowy profiler SWiFT CTD oferuje technologi\\u0119 czujnik\\u00f3w w po\\u0142\\u0105czeniu z wygod\\u0105\\u00a0 \\u00a0 \\u00a0 \\u00a0 \\u00a0 \\u00a0 \\u00a0 \\u00a0 \\u00a0 \\u00a0 bezprzewodowej technologii Bluetooth\\u00ae, akumulatorem i zintegrowanym\\u00a0 \\u00a0 \\u00a0 \\u00a0 \\u00a0 \\u00a0 \\u00a0 \\u00a0 \\u00a0 \\u00a0 \\u00a0 \\u00a0 \\u00a0modu\\u0142em GPS do lokalizacji ka\\u017cdego profilu.<\\\/p>\\n\n\n<p>\\u0141atwo\\u015b\\u0107 u\\u017cytkowania jest centralnym elementem serii SWiFT, a nowy SWiFT CTD nie tylko sprawia, \\u017ce ka\\u017cda problematyczna wymiana baterii odchodzi w przesz\\u0142o\\u015b\\u0107 i zapewnia w pe\\u0142ni zautomatyzowany transfer danych bez konieczno\\u015bci wprowadzania danych przez u\\u017cytkownika, ale tak\\u017ce posiada magnetyczny pier\\u015bcie\\u0144 prze\\u0142\\u0105czaj\\u0105cy SWiFT firmy Valeport. Pier\\u015bcie\\u0144 prze\\u0142\\u0105czaj\\u0105cy jest \\u0142atwy w obs\\u0142udze nawet przy zimnych d\\u0142oniach, po prostu obraca si\\u0119 o 90 stopni. Ko\\u0144cowa nasadka posiada przyjazne dla u\\u017cytkownika wska\\u017aniki LED informuj\\u0105ce o stanie pracy, GPS, bateri\\u0119 i technologi\\u0119 bezprzewodow\\u0105 Bluetooth\\u00ae.<\\\/p>\"}}]}]}]},{\"type\":\"section\",\"props\":{\"style\":\"default\",\"width\":\"default\",\"vertical_align\":\"middle\",\"title_position\":\"top-left\",\"title_rotation\":\"left\",\"title_breakpoint\":\"xl\",\"image_position\":\"center-center\"},\"children\":[{\"type\":\"row\",\"children\":[{\"type\":\"column\",\"props\":{\"image_position\":\"center-center\",\"media_overlay_gradient\":\"\"},\"children\":[{\"type\":\"text\",\"props\":{\"margin\":\"default\",\"column_breakpoint\":\"m\",\"content\":\"\n\n<h3>Zwi\\u0119kszona dok\\u0142adno\\u015b\\u0107<\\\/h3>\\n\n\n<p>Wykorzystuj\\u0105c wiod\\u0105c\\u0105 na \\u015bwiecie technologi\\u0119 czujnik\\u00f3w o wysokiej dok\\u0142adno\\u015bci Valeport do \\u0142\\u0105czenia czujnik\\u00f3w dla wielu profili w jednej obudowie, SWiFT CTD posiada now\\u0105, szybko reaguj\\u0105c\\u0105 sond\\u0119 temperatury i pracuje standardowo do 500m, zapewniaj\\u0105c bezpo\\u015brednio mierzone przewodnictwo, temperatur\\u0119 i g\\u0142\\u0119boko\\u015b\\u0107. Ponadto, SWiFT CTD zapewnia obliczone zasolenie, g\\u0119sto\\u015b\\u0107 i pr\\u0119dko\\u015b\\u0107 d\\u017awi\\u0119ku.<\\\/p>\\n\n\n<p>\\u00a0<\\\/p>\"}}]}]}]},{\"type\":\"section\",\"props\":{\"style\":\"secondary\",\"width\":\"default\",\"vertical_align\":\"middle\",\"title_position\":\"top-left\",\"title_rotation\":\"left\",\"title_breakpoint\":\"xl\",\"image_position\":\"center-center\"},\"children\":[{\"type\":\"row\",\"props\":{\"layout\":\"1-2,1-2\"},\"children\":[{\"type\":\"column\",\"props\":{\"image_position\":\"center-center\",\"media_overlay_gradient\":\"\",\"width_medium\":\"1-2\"},\"children\":[{\"type\":\"text\",\"props\":{\"margin\":\"default\",\"column_breakpoint\":\"m\",\"content\":\"\n\n<h3>OPROGRAMOWANIE<br \\\/>Pobieranie i przegl\\u0105danie danych z Valeport Ocean<\\\/h3>\\n\n\n<p>Dane mog\\u0105 by\\u0107 szybko i \\u0142atwo pobrane bezprzewodowo i korzystaj\\u0105 z nowego oprogramowania Valeport Ocean dla platform iOS, Android i PC. Dane mog\\u0105 by\\u0107 natychmiast udost\\u0119pnione w standardowych formatach danych.<\\\/p>\\n\n\n<p>\\u00a0<\\\/p>\"}}]},{\"type\":\"column\",\"props\":{\"image_position\":\"center-center\",\"media_overlay_gradient\":\"\",\"width_medium\":\"1-2\"},\"children\":[{\"type\":\"image\",\"props\":{\"margin\":\"remove-vertical\",\"image_svg_color\":\"emphasis\",\"image\":\"wp-content\\\/uploads\\\/2021\\\/01\\\/phone-line-drawing-white-1024x1018-1.png\",\"text_align\":\"right\",\"image_width\":\"400\"}}]}]}]},{\"type\":\"section\",\"props\":{\"style\":\"default\",\"width\":\"default\",\"vertical_align\":\"middle\",\"title_position\":\"top-left\",\"title_rotation\":\"left\",\"title_breakpoint\":\"xl\",\"image_position\":\"center-center\"},\"children\":[{\"type\":\"row\",\"props\":{\"layout\":\"1-2,1-2\"},\"children\":[{\"type\":\"column\",\"props\":{\"image_position\":\"center-center\",\"media_overlay_gradient\":\"\",\"width_medium\":\"1-2\"},\"children\":[{\"type\":\"image\",\"props\":{\"margin\":\"default\",\"image_svg_color\":\"emphasis\",\"image\":\"wp-content\\\/uploads\\\/2021\\\/01\\\/DSC00678-Edit-800x660-1.jpg\"}}]},{\"type\":\"column\",\"props\":{\"image_position\":\"center-center\",\"media_overlay_gradient\":\"\",\"width_medium\":\"1-2\"},\"children\":[{\"type\":\"image\",\"props\":{\"margin\":\"default\",\"image_svg_color\":\"emphasis\",\"image\":\"wp-content\\\/uploads\\\/2021\\\/01\\\/DSC00655-Edit-800x660-1.jpg\"}}]}]}]},{\"type\":\"section\",\"props\":{\"style\":\"default\",\"width\":\"default\",\"vertical_align\":\"middle\",\"title_position\":\"top-left\",\"title_rotation\":\"left\",\"title_breakpoint\":\"xl\",\"image_position\":\"center-center\"},\"children\":[{\"type\":\"row\",\"children\":[{\"type\":\"column\",\"props\":{\"image_position\":\"center-center\",\"media_overlay_gradient\":\"\"},\"children\":[{\"type\":\"text\",\"props\":{\"margin\":\"default\",\"column_breakpoint\":\"m\",\"content\":\"\n\n<h3>Wiele zastosowa\\u0144<\\\/h3>\\n\n\n<p>Bateria SWiFT CTD o \\u017cywotno\\u015bci do o\\u015bmiu dni, w oparciu o scenariusz ustawienia od 150 profili do 100m, w po\\u0142\\u0105czeniu z wygod\\u0105 \\u0142adowania przez USB, jest przeznaczona do zastosowa\\u0144 morskich, przybrze\\u017cnych, portowych i \\u015br\\u00f3dl\\u0105dowych w badaniach \\u015brodowiskowych i hydrograficznych.<\\\/p>\\n\n\n<p>SWiFT CTD jest wytrzyma\\u0142y i przeno\\u015bny. Wykonane z tytanu, aby zapewni\\u0107 niezr\\u00f3wnan\\u0105 trwa\\u0142o\\u015b\\u0107, czujniki CTD s\\u0105 umieszczone w mocnej, acetalowej obudowie ochronnej. Opcjonalnie dost\\u0119pna jest r\\u00f3wnie\\u017c klatka monta\\u017cowa, kt\\u00f3r\\u0105 mo\\u017cna przykr\\u0119ci\\u0107 do przyrz\\u0105du w celu zamocowania dodatkowego ci\\u0119\\u017caru, dzi\\u0119ki czemu SWiFT CTD mo\\u017ce dotrze\\u0107 na g\\u0142\\u0119boko\\u015b\\u0107 w szybko przep\\u0142ywaj\\u0105cych pr\\u0105dach.<\\\/p>\"}}]}]}]},{\"type\":\"section\",\"props\":{\"style\":\"secondary\",\"width\":\"default\",\"vertical_align\":\"middle\",\"title_position\":\"top-left\",\"title_rotation\":\"left\",\"title_breakpoint\":\"xl\",\"image_position\":\"center-center\"},\"children\":[{\"type\":\"row\",\"children\":[{\"type\":\"column\",\"props\":{\"image_position\":\"center-center\",\"media_overlay_gradient\":\"\"},\"children\":[{\"type\":\"text\",\"props\":{\"margin\":\"default\",\"column_breakpoint\":\"m\",\"content\":\"\n\n<h3 style=\\\"text-align: center;\\\">Do pobrania\\u00a0<\\\/h3>\\n\n\n<p><a href=\\\"https:\\\/\\\/www.valeport.co.uk\\\/content\\\/uploads\\\/2021\\\/01\\\/Valeport-SWiFT-CTD-Datasheet-FAW.pdf\\\">Karta katalogowa\\u00a0<\\\/a><\\\/p>\\n\n\n<p>\\u00a0<\\\/p>\"}}]}]}]}],\"version\":\"2.3.25\"} --><\/p>\n","protected":false},"excerpt":{"rendered":"<p>Sonda Valeport SWiFT CTD Zaprojektowany dla p\u0142ynnego przebiegu pracy. Nowy SWiFT CTD jest najnowszym modelem w popularnym asortymencie profiler\u00f3w SWiFT firmy Valeport i zapewnia wi\u0119ksz\u0105 dok\u0142adno\u015b\u0107 i wszechstronno\u015b\u0107 dla tych, kt\u00f3rzy wymagaj\u0105 pomiar\u00f3w CTD. Karta katalogowa Pomiar CTD ze wszystkimi zaletami SWiFT Nowy profiler SWiFT CTD oferuje technologi\u0119 czujnik\u00f3w w po\u0142\u0105czeniu z wygod\u0105\u00a0 \u00a0 \u00a0 [&hellip;]<\/p>\n","protected":false},"author":10,"featured_media":0,"parent":0,"menu_order":0,"comment_status":"closed","ping_status":"closed","template":"","meta":{"footnotes":""},"class_list":["post-8127","page","type-page","status-publish","hentry"],"yoast_head":"<!-- This site is optimized with the Yoast SEO plugin v27.5 - https:\/\/yoast.com\/product\/yoast-seo-wordpress\/ -->\n<title>Sonda Valeport SWiFT CTD - ESCORT TECHNOLOGY<\/title>\n<meta name=\"robots\" content=\"index, follow, max-snippet:-1, max-image-preview:large, max-video-preview:-1\" \/>\n<link rel=\"canonical\" href=\"https:\/\/escort-technology.com\/pl\/sonda-valeport-swift-ctd\/\" \/>\n<meta property=\"og:locale\" content=\"pl_PL\" \/>\n<meta property=\"og:type\" content=\"article\" \/>\n<meta property=\"og:title\" content=\"Sonda Valeport SWiFT CTD - ESCORT TECHNOLOGY\" \/>\n<meta property=\"og:description\" content=\"Sonda Valeport SWiFT CTD Zaprojektowany dla p\u0142ynnego przebiegu pracy. Nowy SWiFT CTD jest najnowszym modelem w popularnym asortymencie profiler\u00f3w SWiFT firmy Valeport i zapewnia wi\u0119ksz\u0105 dok\u0142adno\u015b\u0107 i wszechstronno\u015b\u0107 dla tych, kt\u00f3rzy wymagaj\u0105 pomiar\u00f3w CTD. Karta katalogowa Pomiar CTD ze wszystkimi zaletami SWiFT Nowy profiler SWiFT CTD oferuje technologi\u0119 czujnik\u00f3w w po\u0142\u0105czeniu z wygod\u0105\u00a0 \u00a0 \u00a0 [&hellip;]\" \/>\n<meta property=\"og:url\" content=\"https:\/\/escort-technology.com\/pl\/sonda-valeport-swift-ctd\/\" \/>\n<meta property=\"og:site_name\" content=\"ESCORT TECHNOLOGY\" \/>\n<meta property=\"article:publisher\" content=\"https:\/\/www.facebook.com\/elektronika.morska\/\" \/>\n<meta property=\"article:modified_time\" content=\"2021-01-18T12:20:27+00:00\" \/>\n<meta property=\"og:image\" content=\"https:\/\/escort-technology.com\/wp-content\/uploads\/2021\/01\/DSC00712-800x660-1.jpg\" \/>\n<meta name=\"twitter:card\" content=\"summary_large_image\" \/>\n<meta name=\"twitter:label1\" content=\"Szacowany czas czytania\" \/>\n\t<meta name=\"twitter:data1\" content=\"2 minuty\" \/>\n<script type=\"application\/ld+json\" class=\"yoast-schema-graph\">{\"@context\":\"https:\\\/\\\/schema.org\",\"@graph\":[{\"@type\":\"WebPage\",\"@id\":\"https:\\\/\\\/escort-technology.com\\\/en\\\/sonda-valeport-swift-ctd\\\/\",\"url\":\"https:\\\/\\\/escort-technology.com\\\/en\\\/sonda-valeport-swift-ctd\\\/\",\"name\":\"Sonda Valeport SWiFT CTD - ESCORT TECHNOLOGY\",\"isPartOf\":{\"@id\":\"http:\\\/\\\/escort-technology.com\\\/de\\\/#website\"},\"datePublished\":\"2021-01-18T10:12:43+00:00\",\"dateModified\":\"2021-01-18T12:20:27+00:00\",\"breadcrumb\":{\"@id\":\"https:\\\/\\\/escort-technology.com\\\/en\\\/sonda-valeport-swift-ctd\\\/#breadcrumb\"},\"inLanguage\":\"pl-PL\",\"potentialAction\":[{\"@type\":\"ReadAction\",\"target\":[\"https:\\\/\\\/escort-technology.com\\\/en\\\/sonda-valeport-swift-ctd\\\/\"]}]},{\"@type\":\"BreadcrumbList\",\"@id\":\"https:\\\/\\\/escort-technology.com\\\/en\\\/sonda-valeport-swift-ctd\\\/#breadcrumb\",\"itemListElement\":[{\"@type\":\"ListItem\",\"position\":1,\"name\":\"Strona g\u0142\u00f3wna\",\"item\":\"https:\\\/\\\/escort-technology.com\\\/\"},{\"@type\":\"ListItem\",\"position\":2,\"name\":\"Sonda Valeport SWiFT CTD\"}]},{\"@type\":\"WebSite\",\"@id\":\"http:\\\/\\\/escort-technology.com\\\/de\\\/#website\",\"url\":\"http:\\\/\\\/escort-technology.com\\\/de\\\/\",\"name\":\"ESCORT TECHNOLOGY\",\"description\":\"Elektronika morska i l\u0105dowa\",\"publisher\":{\"@id\":\"http:\\\/\\\/escort-technology.com\\\/de\\\/#organization\"},\"potentialAction\":[{\"@type\":\"SearchAction\",\"target\":{\"@type\":\"EntryPoint\",\"urlTemplate\":\"http:\\\/\\\/escort-technology.com\\\/de\\\/?s={search_term_string}\"},\"query-input\":{\"@type\":\"PropertyValueSpecification\",\"valueRequired\":true,\"valueName\":\"search_term_string\"}}],\"inLanguage\":\"pl-PL\"},{\"@type\":\"Organization\",\"@id\":\"http:\\\/\\\/escort-technology.com\\\/de\\\/#organization\",\"name\":\"ESCORT TECHNOLOGY\",\"url\":\"http:\\\/\\\/escort-technology.com\\\/de\\\/\",\"logo\":{\"@type\":\"ImageObject\",\"inLanguage\":\"pl-PL\",\"@id\":\"http:\\\/\\\/escort-technology.com\\\/de\\\/#\\\/schema\\\/logo\\\/image\\\/\",\"url\":\"https:\\\/\\\/escort-technology.com\\\/wp-content\\\/uploads\\\/logo-1.jpg\",\"contentUrl\":\"https:\\\/\\\/escort-technology.com\\\/wp-content\\\/uploads\\\/logo-1.jpg\",\"width\":600,\"height\":165,\"caption\":\"ESCORT TECHNOLOGY\"},\"image\":{\"@id\":\"http:\\\/\\\/escort-technology.com\\\/de\\\/#\\\/schema\\\/logo\\\/image\\\/\"},\"sameAs\":[\"https:\\\/\\\/www.facebook.com\\\/elektronika.morska\\\/\",\"https:\\\/\\\/www.linkedin.com\\\/company\\\/escort-sp-z-o-o-\\\/\"]}]}<\/script>\n<!-- \/ Yoast SEO plugin. -->","yoast_head_json":{"title":"Sonda Valeport SWiFT CTD - ESCORT TECHNOLOGY","robots":{"index":"index","follow":"follow","max-snippet":"max-snippet:-1","max-image-preview":"max-image-preview:large","max-video-preview":"max-video-preview:-1"},"canonical":"https:\/\/escort-technology.com\/pl\/sonda-valeport-swift-ctd\/","og_locale":"pl_PL","og_type":"article","og_title":"Sonda Valeport SWiFT CTD - ESCORT TECHNOLOGY","og_description":"Sonda Valeport SWiFT CTD Zaprojektowany dla p\u0142ynnego przebiegu pracy. Nowy SWiFT CTD jest najnowszym modelem w popularnym asortymencie profiler\u00f3w SWiFT firmy Valeport i zapewnia wi\u0119ksz\u0105 dok\u0142adno\u015b\u0107 i wszechstronno\u015b\u0107 dla tych, kt\u00f3rzy wymagaj\u0105 pomiar\u00f3w CTD. Karta katalogowa Pomiar CTD ze wszystkimi zaletami SWiFT Nowy profiler SWiFT CTD oferuje technologi\u0119 czujnik\u00f3w w po\u0142\u0105czeniu z wygod\u0105\u00a0 \u00a0 \u00a0 [&hellip;]","og_url":"https:\/\/escort-technology.com\/pl\/sonda-valeport-swift-ctd\/","og_site_name":"ESCORT TECHNOLOGY","article_publisher":"https:\/\/www.facebook.com\/elektronika.morska\/","article_modified_time":"2021-01-18T12:20:27+00:00","og_image":[{"url":"https:\/\/escort-technology.com\/wp-content\/uploads\/2021\/01\/DSC00712-800x660-1.jpg","type":"","width":"","height":""}],"twitter_card":"summary_large_image","twitter_misc":{"Szacowany czas czytania":"2 minuty"},"schema":{"@context":"https:\/\/schema.org","@graph":[{"@type":"WebPage","@id":"https:\/\/escort-technology.com\/en\/sonda-valeport-swift-ctd\/","url":"https:\/\/escort-technology.com\/en\/sonda-valeport-swift-ctd\/","name":"Sonda Valeport SWiFT CTD - ESCORT TECHNOLOGY","isPartOf":{"@id":"http:\/\/escort-technology.com\/de\/#website"},"datePublished":"2021-01-18T10:12:43+00:00","dateModified":"2021-01-18T12:20:27+00:00","breadcrumb":{"@id":"https:\/\/escort-technology.com\/en\/sonda-valeport-swift-ctd\/#breadcrumb"},"inLanguage":"pl-PL","potentialAction":[{"@type":"ReadAction","target":["https:\/\/escort-technology.com\/en\/sonda-valeport-swift-ctd\/"]}]},{"@type":"BreadcrumbList","@id":"https:\/\/escort-technology.com\/en\/sonda-valeport-swift-ctd\/#breadcrumb","itemListElement":[{"@type":"ListItem","position":1,"name":"Strona g\u0142\u00f3wna","item":"https:\/\/escort-technology.com\/"},{"@type":"ListItem","position":2,"name":"Sonda Valeport SWiFT CTD"}]},{"@type":"WebSite","@id":"http:\/\/escort-technology.com\/de\/#website","url":"http:\/\/escort-technology.com\/de\/","name":"ESCORT TECHNOLOGY","description":"Elektronika morska i l\u0105dowa","publisher":{"@id":"http:\/\/escort-technology.com\/de\/#organization"},"potentialAction":[{"@type":"SearchAction","target":{"@type":"EntryPoint","urlTemplate":"http:\/\/escort-technology.com\/de\/?s={search_term_string}"},"query-input":{"@type":"PropertyValueSpecification","valueRequired":true,"valueName":"search_term_string"}}],"inLanguage":"pl-PL"},{"@type":"Organization","@id":"http:\/\/escort-technology.com\/de\/#organization","name":"ESCORT TECHNOLOGY","url":"http:\/\/escort-technology.com\/de\/","logo":{"@type":"ImageObject","inLanguage":"pl-PL","@id":"http:\/\/escort-technology.com\/de\/#\/schema\/logo\/image\/","url":"https:\/\/escort-technology.com\/wp-content\/uploads\/logo-1.jpg","contentUrl":"https:\/\/escort-technology.com\/wp-content\/uploads\/logo-1.jpg","width":600,"height":165,"caption":"ESCORT TECHNOLOGY"},"image":{"@id":"http:\/\/escort-technology.com\/de\/#\/schema\/logo\/image\/"},"sameAs":["https:\/\/www.facebook.com\/elektronika.morska\/","https:\/\/www.linkedin.com\/company\/escort-sp-z-o-o-\/"]}]}},"_links":{"self":[{"href":"https:\/\/escort-technology.com\/pl\/wp-json\/wp\/v2\/pages\/8127","targetHints":{"allow":["GET"]}}],"collection":[{"href":"https:\/\/escort-technology.com\/pl\/wp-json\/wp\/v2\/pages"}],"about":[{"href":"https:\/\/escort-technology.com\/pl\/wp-json\/wp\/v2\/types\/page"}],"author":[{"embeddable":true,"href":"https:\/\/escort-technology.com\/pl\/wp-json\/wp\/v2\/users\/10"}],"replies":[{"embeddable":true,"href":"https:\/\/escort-technology.com\/pl\/wp-json\/wp\/v2\/comments?post=8127"}],"version-history":[{"count":10,"href":"https:\/\/escort-technology.com\/pl\/wp-json\/wp\/v2\/pages\/8127\/revisions"}],"predecessor-version":[{"id":8152,"href":"https:\/\/escort-technology.com\/pl\/wp-json\/wp\/v2\/pages\/8127\/revisions\/8152"}],"wp:attachment":[{"href":"https:\/\/escort-technology.com\/pl\/wp-json\/wp\/v2\/media?parent=8127"}],"curies":[{"name":"wp","href":"https:\/\/api.w.org\/{rel}","templated":true}]}}