{"id":8340,"date":"2021-02-15T12:44:03","date_gmt":"2021-02-15T11:44:03","guid":{"rendered":"https:\/\/escort-technology.com\/?page_id=8340"},"modified":"2021-02-15T12:44:03","modified_gmt":"2021-02-15T11:44:03","slug":"echosonda-koden-cvs-707d","status":"publish","type":"page","link":"https:\/\/escort-technology.com\/pl\/echosonda-koden-cvs-707d\/","title":{"rendered":"Echosonda KODEN CVS-707D"},"content":{"rendered":"<h1>\n<h2 class=\"uk-h1 uk-text-truncate\">Echosonda KODEN CVS-707D<\/h2>\n<\/h1>\n<hr>\n<p><img decoding=\"async\" src=\"\/wp-content\/uploads\/2021\/02\/CVS-707D.jpg\" alt=\"\"><\/p>\n<p>\n    <a href=\"https:\/\/www.koden-electronics.co.jp\/cms\/wp-content\/uploads\/2015\/09\/CVS-702D_705D_707D-e.pdf\">Broszura<\/a>\n<\/p>\n<div>\n<h3>Najlepsza\u00a0 echosonda dla profesjonalist\u00f3w<br \/>Cechy<\/h3>\n<ul>\n<li>Wysoka moc<\/li>\n<li>Zoptymalizowana dla g\u0142\u0119bokich w\u00f3d z moc\u0105 wyj\u015bciow\u0105 3kw lub 5kw.<\/li>\n<li>Podw\u00f3jna cz\u0119stotliwo\u015b\u0107<\/li>\n<li>Dwie cz\u0119stotliwo\u015bci mog\u0105 by\u0107 wybrane w zale\u017cno\u015bci od preferowanej kombinacji.<\/li>\n<li>Pami\u0119\u0107 stanu<\/li>\n<li>Do sze\u015bciu ustawie\u0144 mo\u017ce by\u0107 przechowywanych w pami\u0119ci stanu (CM). U\u017cytkownik mo\u017ce szybko przywo\u0142a\u0107 ka\u017cde ustawienie, po prostu naciskaj\u0105c przyciski CM.<\/li>\n<li>Przechowywanie obraz\u00f3w<\/li>\n<li>Przechowuje do 500 obraz\u00f3w z ekranu we wbudowanej pami\u0119ci, aby przywo\u0142a\u0107 je p\u00f3\u017aniej za pomoc\u0105 jednego dotkni\u0119cia.<\/li>\n<li>Dobra widoczno\u015b\u0107 w \u015bwietle s\u0142onecznym<\/li>\n<li>Zastosowano wysokiej jako\u015bci 17-calowy wy\u015bwietlacz XGA. Ekran LCD i p\u0142yta akrylowa z filtrem antyrefleksyjnym s\u0105 bezpo\u015brednio po\u0142\u0105czone. Zwi\u0119ksza to widoczno\u015b\u0107 w bezpo\u015brednim \u015bwietle s\u0142onecznym i zapobiega kondensacji.<\/li>\n<li>Wej\u015bcie kamery CCD*<\/li>\n<\/ul>\n<p>Po\u0142\u0105czenie z kamer\u0105 CCD dostarczon\u0105 przez w\u0142a\u015bciciela oraz z zewn\u0119trznym monitorem jest dost\u0119pne, aby zapewni\u0107 wi\u0119ksz\u0105 wygod\u0119 dla wszechstronnej prezentacji graficznej.<\/p>\n<p>* Kamera CCD jest dostarczana przez w\u0142a\u015bciciela.<\/p>\n<\/div>\n<p><!-- {\"type\":\"layout\",\"children\":[{\"type\":\"section\",\"props\":{\"style\":\"default\",\"width\":\"default\",\"vertical_align\":\"middle\",\"title_position\":\"top-left\",\"title_rotation\":\"left\",\"title_breakpoint\":\"xl\",\"image_position\":\"center-center\"},\"children\":[{\"type\":\"row\",\"children\":[{\"type\":\"column\",\"props\":{\"image_position\":\"center-center\",\"media_overlay_gradient\":\"\"},\"children\":[{\"type\":\"headline\",\"props\":{\"title_element\":\"h1\",\"content\":\"\n\n<h2 class=\\\"uk-h1 uk-text-truncate\\\">Echosonda KODEN CVS-707D<\\\/h2>\"}},{\"type\":\"divider\",\"props\":{\"divider_element\":\"hr\"}}]}]}]},{\"type\":\"section\",\"props\":{\"style\":\"default\",\"width\":\"default\",\"vertical_align\":\"middle\",\"title_position\":\"top-left\",\"title_rotation\":\"left\",\"title_breakpoint\":\"xl\",\"image_position\":\"center-center\"},\"children\":[{\"type\":\"row\",\"props\":{\"layout\":\"1-2,1-2\"},\"children\":[{\"type\":\"column\",\"props\":{\"image_position\":\"center-center\",\"media_overlay_gradient\":\"\",\"width_medium\":\"1-2\"},\"children\":[{\"type\":\"image\",\"props\":{\"margin\":\"default\",\"image_svg_color\":\"emphasis\",\"image\":\"wp-content\\\/uploads\\\/2021\\\/02\\\/CVS-707D.jpg\",\"text_align\":\"center\"}},{\"type\":\"button\",\"props\":{\"grid_column_gap\":\"small\",\"grid_row_gap\":\"small\",\"margin\":\"default\",\"text_align\":\"center\"},\"children\":[{\"type\":\"button_item\",\"props\":{\"button_style\":\"default\",\"icon_align\":\"left\",\"content\":\"Broszura\",\"link\":\"https:\\\/\\\/www.koden-electronics.co.jp\\\/cms\\\/wp-content\\\/uploads\\\/2015\\\/09\\\/CVS-702D_705D_707D-e.pdf\"}}]}]},{\"type\":\"column\",\"props\":{\"image_position\":\"center-center\",\"media_overlay_gradient\":\"\",\"width_medium\":\"1-2\"},\"children\":[{\"type\":\"text\",\"props\":{\"margin\":\"default\",\"column_breakpoint\":\"m\",\"content\":\"\n\n<h3>Najlepsza\\u00a0 echosonda dla profesjonalist\\u00f3w<br \\\/>Cechy<\\\/h3>\\n\n\n<ul>\\n\n\n<li>Wysoka moc<\\\/li>\\n\n\n<li>Zoptymalizowana dla g\\u0142\\u0119bokich w\\u00f3d z moc\\u0105 wyj\\u015bciow\\u0105 3kw lub 5kw.<\\\/li>\\n\n\n<li>Podw\\u00f3jna cz\\u0119stotliwo\\u015b\\u0107<\\\/li>\\n\n\n<li>Dwie cz\\u0119stotliwo\\u015bci mog\\u0105 by\\u0107 wybrane w zale\\u017cno\\u015bci od preferowanej kombinacji.<\\\/li>\\n\n\n<li>Pami\\u0119\\u0107 stanu<\\\/li>\\n\n\n<li>Do sze\\u015bciu ustawie\\u0144 mo\\u017ce by\\u0107 przechowywanych w pami\\u0119ci stanu (CM). U\\u017cytkownik mo\\u017ce szybko przywo\\u0142a\\u0107 ka\\u017cde ustawienie, po prostu naciskaj\\u0105c przyciski CM.<\\\/li>\\n\n\n<li>Przechowywanie obraz\\u00f3w<\\\/li>\\n\n\n<li>Przechowuje do 500 obraz\\u00f3w z ekranu we wbudowanej pami\\u0119ci, aby przywo\\u0142a\\u0107 je p\\u00f3\\u017aniej za pomoc\\u0105 jednego dotkni\\u0119cia.<\\\/li>\\n\n\n<li>Dobra widoczno\\u015b\\u0107 w \\u015bwietle s\\u0142onecznym<\\\/li>\\n\n\n<li>Zastosowano wysokiej jako\\u015bci 17-calowy wy\\u015bwietlacz XGA. Ekran LCD i p\\u0142yta akrylowa z filtrem antyrefleksyjnym s\\u0105 bezpo\\u015brednio po\\u0142\\u0105czone. Zwi\\u0119ksza to widoczno\\u015b\\u0107 w bezpo\\u015brednim \\u015bwietle s\\u0142onecznym i zapobiega kondensacji.<\\\/li>\\n\n\n<li>Wej\\u015bcie kamery CCD*<\\\/li>\\n<\\\/ul>\\n\n\n<p>Po\\u0142\\u0105czenie z kamer\\u0105 CCD dostarczon\\u0105 przez w\\u0142a\\u015bciciela oraz z zewn\\u0119trznym monitorem jest dost\\u0119pne, aby zapewni\\u0107 wi\\u0119ksz\\u0105 wygod\\u0119 dla wszechstronnej prezentacji graficznej.<\\\/p>\\n\n\n<p>* Kamera CCD jest dostarczana przez w\\u0142a\\u015bciciela.<\\\/p>\"}}]}]}]}],\"version\":\"2.3.25\"} --><\/p>\n","protected":false},"excerpt":{"rendered":"<p>Echosonda KODEN CVS-707D Broszura Najlepsza\u00a0 echosonda dla profesjonalist\u00f3wCechy Wysoka moc Zoptymalizowana dla g\u0142\u0119bokich w\u00f3d z moc\u0105 wyj\u015bciow\u0105 3kw lub 5kw. Podw\u00f3jna cz\u0119stotliwo\u015b\u0107 Dwie cz\u0119stotliwo\u015bci mog\u0105 by\u0107 wybrane w zale\u017cno\u015bci od preferowanej kombinacji. Pami\u0119\u0107 stanu Do sze\u015bciu ustawie\u0144 mo\u017ce by\u0107 przechowywanych w pami\u0119ci stanu (CM). U\u017cytkownik mo\u017ce szybko przywo\u0142a\u0107 ka\u017cde ustawienie, po prostu naciskaj\u0105c przyciski CM. [&hellip;]<\/p>\n","protected":false},"author":10,"featured_media":0,"parent":0,"menu_order":0,"comment_status":"closed","ping_status":"closed","template":"","meta":{"footnotes":""},"class_list":["post-8340","page","type-page","status-publish","hentry"],"yoast_head":"<!-- This site is optimized with the Yoast SEO plugin v27.4 - https:\/\/yoast.com\/product\/yoast-seo-wordpress\/ -->\n<title>Echosonda KODEN CVS-707D - ESCORT TECHNOLOGY<\/title>\n<meta name=\"robots\" content=\"index, follow, max-snippet:-1, max-image-preview:large, max-video-preview:-1\" \/>\n<link rel=\"canonical\" href=\"https:\/\/escort-technology.com\/pl\/echosonda-koden-cvs-707d\/\" \/>\n<meta property=\"og:locale\" content=\"pl_PL\" \/>\n<meta property=\"og:type\" content=\"article\" \/>\n<meta property=\"og:title\" content=\"Echosonda KODEN CVS-707D - ESCORT TECHNOLOGY\" \/>\n<meta property=\"og:description\" content=\"Echosonda KODEN CVS-707D Broszura Najlepsza\u00a0 echosonda dla profesjonalist\u00f3wCechy Wysoka moc Zoptymalizowana dla g\u0142\u0119bokich w\u00f3d z moc\u0105 wyj\u015bciow\u0105 3kw lub 5kw. Podw\u00f3jna cz\u0119stotliwo\u015b\u0107 Dwie cz\u0119stotliwo\u015bci mog\u0105 by\u0107 wybrane w zale\u017cno\u015bci od preferowanej kombinacji. Pami\u0119\u0107 stanu Do sze\u015bciu ustawie\u0144 mo\u017ce by\u0107 przechowywanych w pami\u0119ci stanu (CM). U\u017cytkownik mo\u017ce szybko przywo\u0142a\u0107 ka\u017cde ustawienie, po prostu naciskaj\u0105c przyciski CM. [&hellip;]\" \/>\n<meta property=\"og:url\" content=\"https:\/\/escort-technology.com\/pl\/echosonda-koden-cvs-707d\/\" \/>\n<meta property=\"og:site_name\" content=\"ESCORT TECHNOLOGY\" \/>\n<meta property=\"article:publisher\" content=\"https:\/\/www.facebook.com\/elektronika.morska\/\" \/>\n<meta property=\"og:image\" content=\"https:\/\/escort-technology.com\/wp-content\/uploads\/2021\/02\/CVS-707D.jpg\" \/>\n<meta name=\"twitter:card\" content=\"summary_large_image\" \/>\n<meta name=\"twitter:label1\" content=\"Szacowany czas czytania\" \/>\n\t<meta name=\"twitter:data1\" content=\"1 minuta\" \/>\n<script type=\"application\/ld+json\" class=\"yoast-schema-graph\">{\"@context\":\"https:\\\/\\\/schema.org\",\"@graph\":[{\"@type\":\"WebPage\",\"@id\":\"https:\\\/\\\/escort-technology.com\\\/en\\\/echosonda-koden-cvs-707d\\\/\",\"url\":\"https:\\\/\\\/escort-technology.com\\\/en\\\/echosonda-koden-cvs-707d\\\/\",\"name\":\"Echosonda KODEN CVS-707D - ESCORT TECHNOLOGY\",\"isPartOf\":{\"@id\":\"http:\\\/\\\/escort-technology.com\\\/de\\\/#website\"},\"datePublished\":\"2021-02-15T11:44:03+00:00\",\"breadcrumb\":{\"@id\":\"https:\\\/\\\/escort-technology.com\\\/en\\\/echosonda-koden-cvs-707d\\\/#breadcrumb\"},\"inLanguage\":\"pl-PL\",\"potentialAction\":[{\"@type\":\"ReadAction\",\"target\":[\"https:\\\/\\\/escort-technology.com\\\/en\\\/echosonda-koden-cvs-707d\\\/\"]}]},{\"@type\":\"BreadcrumbList\",\"@id\":\"https:\\\/\\\/escort-technology.com\\\/en\\\/echosonda-koden-cvs-707d\\\/#breadcrumb\",\"itemListElement\":[{\"@type\":\"ListItem\",\"position\":1,\"name\":\"Strona g\u0142\u00f3wna\",\"item\":\"https:\\\/\\\/escort-technology.com\\\/\"},{\"@type\":\"ListItem\",\"position\":2,\"name\":\"Echosonda KODEN CVS-707D\"}]},{\"@type\":\"WebSite\",\"@id\":\"http:\\\/\\\/escort-technology.com\\\/de\\\/#website\",\"url\":\"http:\\\/\\\/escort-technology.com\\\/de\\\/\",\"name\":\"ESCORT TECHNOLOGY\",\"description\":\"Elektronika morska i l\u0105dowa\",\"publisher\":{\"@id\":\"http:\\\/\\\/escort-technology.com\\\/de\\\/#organization\"},\"potentialAction\":[{\"@type\":\"SearchAction\",\"target\":{\"@type\":\"EntryPoint\",\"urlTemplate\":\"http:\\\/\\\/escort-technology.com\\\/de\\\/?s={search_term_string}\"},\"query-input\":{\"@type\":\"PropertyValueSpecification\",\"valueRequired\":true,\"valueName\":\"search_term_string\"}}],\"inLanguage\":\"pl-PL\"},{\"@type\":\"Organization\",\"@id\":\"http:\\\/\\\/escort-technology.com\\\/de\\\/#organization\",\"name\":\"ESCORT TECHNOLOGY\",\"url\":\"http:\\\/\\\/escort-technology.com\\\/de\\\/\",\"logo\":{\"@type\":\"ImageObject\",\"inLanguage\":\"pl-PL\",\"@id\":\"http:\\\/\\\/escort-technology.com\\\/de\\\/#\\\/schema\\\/logo\\\/image\\\/\",\"url\":\"https:\\\/\\\/escort-technology.com\\\/wp-content\\\/uploads\\\/logo-1.jpg\",\"contentUrl\":\"https:\\\/\\\/escort-technology.com\\\/wp-content\\\/uploads\\\/logo-1.jpg\",\"width\":600,\"height\":165,\"caption\":\"ESCORT TECHNOLOGY\"},\"image\":{\"@id\":\"http:\\\/\\\/escort-technology.com\\\/de\\\/#\\\/schema\\\/logo\\\/image\\\/\"},\"sameAs\":[\"https:\\\/\\\/www.facebook.com\\\/elektronika.morska\\\/\",\"https:\\\/\\\/www.linkedin.com\\\/company\\\/escort-sp-z-o-o-\\\/\"]}]}<\/script>\n<!-- \/ Yoast SEO plugin. -->","yoast_head_json":{"title":"Echosonda KODEN CVS-707D - ESCORT TECHNOLOGY","robots":{"index":"index","follow":"follow","max-snippet":"max-snippet:-1","max-image-preview":"max-image-preview:large","max-video-preview":"max-video-preview:-1"},"canonical":"https:\/\/escort-technology.com\/pl\/echosonda-koden-cvs-707d\/","og_locale":"pl_PL","og_type":"article","og_title":"Echosonda KODEN CVS-707D - ESCORT TECHNOLOGY","og_description":"Echosonda KODEN CVS-707D Broszura Najlepsza\u00a0 echosonda dla profesjonalist\u00f3wCechy Wysoka moc Zoptymalizowana dla g\u0142\u0119bokich w\u00f3d z moc\u0105 wyj\u015bciow\u0105 3kw lub 5kw. Podw\u00f3jna cz\u0119stotliwo\u015b\u0107 Dwie cz\u0119stotliwo\u015bci mog\u0105 by\u0107 wybrane w zale\u017cno\u015bci od preferowanej kombinacji. Pami\u0119\u0107 stanu Do sze\u015bciu ustawie\u0144 mo\u017ce by\u0107 przechowywanych w pami\u0119ci stanu (CM). U\u017cytkownik mo\u017ce szybko przywo\u0142a\u0107 ka\u017cde ustawienie, po prostu naciskaj\u0105c przyciski CM. [&hellip;]","og_url":"https:\/\/escort-technology.com\/pl\/echosonda-koden-cvs-707d\/","og_site_name":"ESCORT TECHNOLOGY","article_publisher":"https:\/\/www.facebook.com\/elektronika.morska\/","og_image":[{"url":"https:\/\/escort-technology.com\/wp-content\/uploads\/2021\/02\/CVS-707D.jpg","type":"","width":"","height":""}],"twitter_card":"summary_large_image","twitter_misc":{"Szacowany czas czytania":"1 minuta"},"schema":{"@context":"https:\/\/schema.org","@graph":[{"@type":"WebPage","@id":"https:\/\/escort-technology.com\/en\/echosonda-koden-cvs-707d\/","url":"https:\/\/escort-technology.com\/en\/echosonda-koden-cvs-707d\/","name":"Echosonda KODEN CVS-707D - ESCORT TECHNOLOGY","isPartOf":{"@id":"http:\/\/escort-technology.com\/de\/#website"},"datePublished":"2021-02-15T11:44:03+00:00","breadcrumb":{"@id":"https:\/\/escort-technology.com\/en\/echosonda-koden-cvs-707d\/#breadcrumb"},"inLanguage":"pl-PL","potentialAction":[{"@type":"ReadAction","target":["https:\/\/escort-technology.com\/en\/echosonda-koden-cvs-707d\/"]}]},{"@type":"BreadcrumbList","@id":"https:\/\/escort-technology.com\/en\/echosonda-koden-cvs-707d\/#breadcrumb","itemListElement":[{"@type":"ListItem","position":1,"name":"Strona g\u0142\u00f3wna","item":"https:\/\/escort-technology.com\/"},{"@type":"ListItem","position":2,"name":"Echosonda KODEN CVS-707D"}]},{"@type":"WebSite","@id":"http:\/\/escort-technology.com\/de\/#website","url":"http:\/\/escort-technology.com\/de\/","name":"ESCORT TECHNOLOGY","description":"Elektronika morska i l\u0105dowa","publisher":{"@id":"http:\/\/escort-technology.com\/de\/#organization"},"potentialAction":[{"@type":"SearchAction","target":{"@type":"EntryPoint","urlTemplate":"http:\/\/escort-technology.com\/de\/?s={search_term_string}"},"query-input":{"@type":"PropertyValueSpecification","valueRequired":true,"valueName":"search_term_string"}}],"inLanguage":"pl-PL"},{"@type":"Organization","@id":"http:\/\/escort-technology.com\/de\/#organization","name":"ESCORT TECHNOLOGY","url":"http:\/\/escort-technology.com\/de\/","logo":{"@type":"ImageObject","inLanguage":"pl-PL","@id":"http:\/\/escort-technology.com\/de\/#\/schema\/logo\/image\/","url":"https:\/\/escort-technology.com\/wp-content\/uploads\/logo-1.jpg","contentUrl":"https:\/\/escort-technology.com\/wp-content\/uploads\/logo-1.jpg","width":600,"height":165,"caption":"ESCORT TECHNOLOGY"},"image":{"@id":"http:\/\/escort-technology.com\/de\/#\/schema\/logo\/image\/"},"sameAs":["https:\/\/www.facebook.com\/elektronika.morska\/","https:\/\/www.linkedin.com\/company\/escort-sp-z-o-o-\/"]}]}},"_links":{"self":[{"href":"https:\/\/escort-technology.com\/pl\/wp-json\/wp\/v2\/pages\/8340","targetHints":{"allow":["GET"]}}],"collection":[{"href":"https:\/\/escort-technology.com\/pl\/wp-json\/wp\/v2\/pages"}],"about":[{"href":"https:\/\/escort-technology.com\/pl\/wp-json\/wp\/v2\/types\/page"}],"author":[{"embeddable":true,"href":"https:\/\/escort-technology.com\/pl\/wp-json\/wp\/v2\/users\/10"}],"replies":[{"embeddable":true,"href":"https:\/\/escort-technology.com\/pl\/wp-json\/wp\/v2\/comments?post=8340"}],"version-history":[{"count":3,"href":"https:\/\/escort-technology.com\/pl\/wp-json\/wp\/v2\/pages\/8340\/revisions"}],"predecessor-version":[{"id":8344,"href":"https:\/\/escort-technology.com\/pl\/wp-json\/wp\/v2\/pages\/8340\/revisions\/8344"}],"wp:attachment":[{"href":"https:\/\/escort-technology.com\/pl\/wp-json\/wp\/v2\/media?parent=8340"}],"curies":[{"name":"wp","href":"https:\/\/api.w.org\/{rel}","templated":true}]}}