{"id":836,"date":"2018-02-21T09:01:49","date_gmt":"2018-02-21T09:01:49","guid":{"rendered":"http:\/\/escort-technology.com\/?page_id=836"},"modified":"2020-02-12T13:29:20","modified_gmt":"2020-02-12T12:29:20","slug":"system-pozycjonowania-podwodnego","status":"publish","type":"page","link":"https:\/\/escort-technology.com\/pl\/system-pozycjonowania-podwodnego\/","title":{"rendered":"System pozycjonowania podwodnego"},"content":{"rendered":"<p>POZYCJONOWANIE PODWODNE<\/p>\n<p>SYSTEM POZYCJONOWANIA PODWODNEGO HSPP tzw. GPS PODWODNY<\/p>\n<p>Oferujemy prace polegaj\u0105ce na monitorowaniu i pozycjonowaniu podwodnym przy wykorzystaniu Hydroakustycznego Systemu Pozycjonowania Podwodnego HSPP, kt\u00f3rego jeste\u015bmy producentem. System pozwala monitorowa\u0107 i pozycjonowa\u0107 pojazd ROV oraz nurka. Pozycja geograficzna mo\u017ce by\u0107 wysy\u0142ana do zewn\u0119trznych program\u00f3w takich jak program MS1000 czy QINSy. Dzi\u0119ki po\u0142\u0105czeniu pojazdu ROV, sonaru skanuj\u0105cego oraz systemu pozycjonowania, jeste\u015bmy w stanie lokalizowa\u0107 obiekty podwodne oraz okre\u015bla\u0107 ich pozycj\u0119 geograficzn\u0105. Dok\u0142adno\u015b\u0107 okre\u015blania pozycji naszego systemu to ok. 1,5 m przy zasi\u0119gu do 1 km (mi\u0119dzy bojami pomiarowymi).<\/p>\n<p>Po\u0142o\u017cenie jest obliczane na podstawie zmierzonych r\u00f3\u017cnic czasu odbioru impulsu sygna\u0142u akustycznego jaki wysy\u0142a pinger zamontowany na poje\u017adzie podwodnym lub przyczopiony do skafandra nurka. Odbiornikami impuls\u00f3w sygna\u0142u akustycznego s\u0105 hydrofony na bojach. Uk\u0142ady elektroniczne zamontowane na bajach przesy\u0142aj\u0105 czas odebranego pinga wraz z swoj\u0105 pozycj\u0105 do komputera obliczaj\u0105cego na tej podstawie pozycj\u0119 pingera.<\/p>\n<p>Opr\u00f3cz pozycji geograficznej, system pozwala na rejestrowanie aktualnej g\u0142\u0119boko\u015bci. Poni\u017cszy obraz ukazuje zapis g\u0142\u0119boko\u015bci podczas pracy nurka od momentu zej\u015bcia pod wod\u0119 do momentu wynurzenia. Nadajnik systemu HSPP zamocowany by\u0142 do skafandra nurka. Dzi\u0119ki temu system pozwala\u0142 na ci\u0105g\u0142e monitorowanie zar\u00f3wno pozycji jak i g\u0142\u0119boko\u015bci, na kt\u00f3rej znajdowa\u0142 si\u0119 nurek.<\/p>\n<p>Dok\u0142adno\u015b\u0107 pomiaru po\u0142o\u017cenia zale\u017cy od warunk\u00f3w panuj\u0105cych w akwenie, szczeg\u00f3lnie gradientu\u00a0temperatur wody. Przyk\u0142adowy rozrzut pozycji nadajnika zmierzony w ci\u0105gu 10 minut podczas pr\u00f3b\u00a0przedstawia poni\u017cszy rysunek:<\/p>\n<p><!-- {\"name\":\"\",\"type\":\"layout\",\"children\":[{\"name\":\"Hero\",\"type\":\"section\",\"props\":{\"width\":\"default\",\"padding\":\"small\",\"style\":\"default\",\"text_color\":\"light\",\"media\":\"images\\\/home-header.jpg\",\"height_viewport\":true,\"header_overlay\":\"light\",\"image\":\"wp-content\\\/uploads\\\/rov2.png\",\"media_advanced\":true,\"image_size\":\"\",\"media_background\":null,\"media_overlay\":\"rgba(0, 0, 0, 0)\",\"height\":\"expand\",\"animation\":\"fade\",\"header_transparent\":\"dark\",\"image_position\":\"bottom-center\",\"image_fixed\":false,\"class\":\"\",\"overlap\":true,\"vertical_align\":\"middle\",\"title_position\":\"top-left\",\"title_rotation\":\"left\",\"title_breakpoint\":\"xl\",\"padding_remove_top\":false,\"padding_remove_bottom\":false,\"preserve_color\":true,\"header_transparent_noplaceholder\":false,\"animation_delay\":true},\"children\":[{\"name\":\"\",\"type\":\"row\",\"props\":{\"layout\":\"1-1\",\"breakpoint\":\"m\",\"fixed_width\":\"large\"},\"children\":[{\"name\":\"\",\"type\":\"column\",\"props\":{\"image_position\":\"center-center\",\"widths\":[\"1-1\"]},\"children\":[{\"name\":\"rybki\",\"type\":\"headline\",\"props\":{\"title_element\":\"h2\",\"content\":\"\n\n<h1 style=\\\"text-align: center;\\\"><strong>POZYCJONOWANIE PODWODNE<br \\\/><\\\/strong><\\\/h1>\",\"animation\":\"slide-left-medium\",\"title_style\":\"heading-primary\",\"margin\":\"small\",\"text_align\":\"center\",\"text_align_breakpoint\":\"s\",\"text_align_fallback\":\"center\",\"margin_remove_top\":true,\"title_color\":\"muted\"}}]}]}]},{\"name\":\"\",\"type\":\"section\",\"props\":{\"style\":\"default\",\"width\":\"default\",\"vertical_align\":\"middle\",\"title_position\":\"top-left\",\"title_rotation\":\"left\",\"title_breakpoint\":\"xl\",\"image_position\":\"center-center\"},\"children\":[{\"name\":\"\",\"type\":\"row\",\"props\":{\"fixed_width\":\"large\",\"breakpoint\":\"m\",\"layout\":\"1-1\"},\"children\":[{\"name\":\"\",\"type\":\"column\",\"props\":{\"widths\":[\"1-1\"],\"image_position\":\"center-center\"},\"children\":[{\"name\":\"\",\"type\":\"headline\",\"props\":{\"title_element\":\"h1\",\"content\":\"SYSTEM POZYCJONOWANIA PODWODNEGO HSPP tzw. GPS PODWODNY\",\"title_style\":\"h2\",\"title_decoration\":\"\",\"title_color\":\"\",\"text_align\":\"\",\"text_align_breakpoint\":\"\",\"text_align_fallback\":\"\",\"maxwidth\":\"\",\"maxwidth_align\":\"\",\"maxwidth_breakpoint\":\"\",\"margin\":\"\",\"animation\":\"\",\"visibility\":\"\"}},{\"name\":\"\",\"type\":\"text\",\"props\":{\"margin\":\"default\",\"column_breakpoint\":\"m\",\"content\":\"\n\n<p>Oferujemy prace polegaj\\u0105ce na monitorowaniu i pozycjonowaniu podwodnym przy wykorzystaniu <strong>H<\\\/strong>ydroakustycznego <strong>S<\\\/strong>ystemu <strong>P<\\\/strong>ozycjonowania <strong>P<\\\/strong>odwodnego <strong>HSPP<\\\/strong>, kt\\u00f3rego jeste\\u015bmy producentem. System pozwala monitorowa\\u0107 i pozycjonowa\\u0107 pojazd ROV oraz nurka. Pozycja geograficzna mo\\u017ce by\\u0107 wysy\\u0142ana do zewn\\u0119trznych program\\u00f3w takich jak program MS1000 czy QINSy. Dzi\\u0119ki po\\u0142\\u0105czeniu pojazdu ROV, sonaru skanuj\\u0105cego oraz systemu pozycjonowania, jeste\\u015bmy w stanie lokalizowa\\u0107 obiekty podwodne oraz okre\\u015bla\\u0107 ich pozycj\\u0119 geograficzn\\u0105. Dok\\u0142adno\\u015b\\u0107 okre\\u015blania pozycji naszego systemu to ok. 1,5 m przy zasi\\u0119gu do 1 km (mi\\u0119dzy bojami pomiarowymi).<\\\/p>\",\"text_align\":\"justify\",\"text_style\":\"\",\"text_color\":\"\",\"text_size\":\"\",\"column\":\"\",\"text_align_breakpoint\":\"\",\"text_align_fallback\":\"\",\"maxwidth\":\"\",\"maxwidth_align\":\"\",\"maxwidth_breakpoint\":\"\",\"animation\":\"\",\"visibility\":\"\"}},{\"name\":\"\",\"type\":\"image\",\"props\":{\"margin\":\"default\",\"image\":\"wp-content\\\/uploads\\\/pozycjonowanie_1.jpg\",\"image_width\":\"700\",\"text_align\":\"center\"}},{\"name\":\"\",\"type\":\"text\",\"props\":{\"margin\":\"default\",\"column_breakpoint\":\"m\",\"content\":\"\n\n<p>Po\\u0142o\\u017cenie jest obliczane na podstawie zmierzonych r\\u00f3\\u017cnic czasu odbioru impulsu sygna\\u0142u akustycznego jaki wysy\\u0142a pinger zamontowany na poje\\u017adzie podwodnym lub przyczopiony do skafandra nurka. Odbiornikami impuls\\u00f3w sygna\\u0142u akustycznego s\\u0105 hydrofony na bojach. Uk\\u0142ady elektroniczne zamontowane na bajach przesy\\u0142aj\\u0105 czas odebranego pinga wraz z swoj\\u0105 pozycj\\u0105 do komputera obliczaj\\u0105cego na tej podstawie pozycj\\u0119 pingera.<\\\/p>\",\"text_align\":\"justify\"}},{\"name\":\"\",\"type\":\"image\",\"props\":{\"margin\":\"default\",\"image\":\"wp-content\\\/uploads\\\/Dzia\\u0142anie_systemu_pozycjonowania_podwodnego.png\",\"image_width\":\"700\",\"text_align\":\"center\"}},{\"name\":\"\",\"type\":\"text\",\"props\":{\"margin\":\"default\",\"column_breakpoint\":\"m\",\"content\":\"\n\n<p>Opr\\u00f3cz pozycji geograficznej, system pozwala na rejestrowanie aktualnej g\\u0142\\u0119boko\\u015bci. Poni\\u017cszy obraz ukazuje zapis g\\u0142\\u0119boko\\u015bci podczas pracy nurka od momentu zej\\u015bcia pod wod\\u0119 do momentu wynurzenia. Nadajnik systemu HSPP zamocowany by\\u0142 do skafandra nurka. Dzi\\u0119ki temu system pozwala\\u0142 na ci\\u0105g\\u0142e monitorowanie zar\\u00f3wno pozycji jak i g\\u0142\\u0119boko\\u015bci, na kt\\u00f3rej znajdowa\\u0142 si\\u0119 nurek.<\\\/p>\",\"text_align\":\"justify\",\"text_style\":\"\",\"text_color\":\"\",\"text_size\":\"\",\"column\":\"\",\"text_align_breakpoint\":\"\",\"text_align_fallback\":\"\",\"maxwidth\":\"\",\"maxwidth_align\":\"\",\"maxwidth_breakpoint\":\"\",\"animation\":\"\",\"visibility\":\"\"}},{\"name\":\"\",\"type\":\"image\",\"props\":{\"margin\":\"default\",\"image\":\"wp-content\\\/uploads\\\/rejestracja_gleboko\\u015bci.jpg\",\"image_width\":\"650\",\"text_align\":\"center\"}},{\"name\":\"\",\"type\":\"text\",\"props\":{\"margin\":\"default\",\"column_breakpoint\":\"m\",\"content\":\"\n\n<p>Dok\\u0142adno\\u015b\\u0107 pomiaru po\\u0142o\\u017cenia zale\\u017cy od warunk\\u00f3w panuj\\u0105cych w akwenie, szczeg\\u00f3lnie gradientu\\u00a0temperatur wody. Przyk\\u0142adowy rozrzut pozycji nadajnika zmierzony w ci\\u0105gu 10 minut podczas pr\\u00f3b\\u00a0przedstawia poni\\u017cszy rysunek:<\\\/p>\",\"text_align\":\"justify\"}},{\"name\":\"\",\"type\":\"image\",\"props\":{\"margin\":\"default\",\"image\":\"wp-content\\\/uploads\\\/dok\\u0142adno\\u015b\\u0107_pozycjonowania.png\",\"image_width\":\"650\",\"text_align\":\"center\"}}]}]}]}]} --><\/p>\n","protected":false},"excerpt":{"rendered":"<p>POZYCJONOWANIE PODWODNE SYSTEM POZYCJONOWANIA PODWODNEGO HSPP tzw. GPS PODWODNY Oferujemy prace polegaj\u0105ce na monitorowaniu i pozycjonowaniu podwodnym przy wykorzystaniu Hydroakustycznego Systemu Pozycjonowania Podwodnego HSPP, kt\u00f3rego jeste\u015bmy producentem. System pozwala monitorowa\u0107 i pozycjonowa\u0107 pojazd ROV oraz nurka. Pozycja geograficzna mo\u017ce by\u0107 wysy\u0142ana do zewn\u0119trznych program\u00f3w takich jak program MS1000 czy QINSy. Dzi\u0119ki po\u0142\u0105czeniu pojazdu ROV, sonaru [&hellip;]<\/p>\n","protected":false},"author":1,"featured_media":0,"parent":0,"menu_order":0,"comment_status":"closed","ping_status":"closed","template":"","meta":{"footnotes":""},"class_list":["post-836","page","type-page","status-publish","hentry"],"yoast_head":"<!-- This site is optimized with the Yoast SEO plugin v27.5 - https:\/\/yoast.com\/product\/yoast-seo-wordpress\/ -->\n<title>System pozycjonowania podwodnego - firma Escort \u01c0 Szczecin<\/title>\n<meta name=\"description\" content=\"Oferujemy systemy pozycjonowania podwodnego, mi\u0119dzy innymi podwodnych pojazd\u00f3w ROV oraz nurk\u00f3w. Zach\u0119camy do zapoznania si\u0119 ze szczeg\u00f3\u0142ami na naszej stronie!\" \/>\n<meta name=\"robots\" content=\"index, follow, max-snippet:-1, max-image-preview:large, max-video-preview:-1\" \/>\n<link rel=\"canonical\" href=\"http:\/\/escort-technology.com\/pl\/system-pozycjonowania-podwodnego\/\" \/>\n<meta property=\"og:locale\" content=\"pl_PL\" \/>\n<meta property=\"og:type\" content=\"article\" \/>\n<meta property=\"og:title\" content=\"System pozycjonowania podwodnego - firma Escort \u01c0 Szczecin\" \/>\n<meta property=\"og:description\" content=\"Oferujemy systemy pozycjonowania podwodnego, mi\u0119dzy innymi podwodnych pojazd\u00f3w ROV oraz nurk\u00f3w. Zach\u0119camy do zapoznania si\u0119 ze szczeg\u00f3\u0142ami na naszej stronie!\" \/>\n<meta property=\"og:url\" content=\"http:\/\/escort-technology.com\/pl\/system-pozycjonowania-podwodnego\/\" \/>\n<meta property=\"og:site_name\" content=\"ESCORT TECHNOLOGY\" \/>\n<meta property=\"article:publisher\" content=\"https:\/\/www.facebook.com\/elektronika.morska\/\" \/>\n<meta property=\"article:modified_time\" content=\"2020-02-12T12:29:20+00:00\" \/>\n<meta name=\"twitter:card\" content=\"summary_large_image\" \/>\n<meta name=\"twitter:label1\" content=\"Szacowany czas czytania\" \/>\n\t<meta name=\"twitter:data1\" content=\"1 minuta\" \/>\n<script type=\"application\/ld+json\" class=\"yoast-schema-graph\">{\"@context\":\"https:\\\/\\\/schema.org\",\"@graph\":[{\"@type\":\"WebPage\",\"@id\":\"http:\\\/\\\/escort-technology.com\\\/en\\\/system-pozycjonowania-podwodnego\\\/\",\"url\":\"http:\\\/\\\/escort-technology.com\\\/en\\\/system-pozycjonowania-podwodnego\\\/\",\"name\":\"System pozycjonowania podwodnego - firma Escort \u01c0 Szczecin\",\"isPartOf\":{\"@id\":\"http:\\\/\\\/escort-technology.com\\\/de\\\/#website\"},\"datePublished\":\"2018-02-21T09:01:49+00:00\",\"dateModified\":\"2020-02-12T12:29:20+00:00\",\"description\":\"Oferujemy systemy pozycjonowania podwodnego, mi\u0119dzy innymi podwodnych pojazd\u00f3w ROV oraz nurk\u00f3w. Zach\u0119camy do zapoznania si\u0119 ze szczeg\u00f3\u0142ami na naszej stronie!\",\"breadcrumb\":{\"@id\":\"http:\\\/\\\/escort-technology.com\\\/en\\\/system-pozycjonowania-podwodnego\\\/#breadcrumb\"},\"inLanguage\":\"pl-PL\",\"potentialAction\":[{\"@type\":\"ReadAction\",\"target\":[\"http:\\\/\\\/escort-technology.com\\\/en\\\/system-pozycjonowania-podwodnego\\\/\"]}]},{\"@type\":\"BreadcrumbList\",\"@id\":\"http:\\\/\\\/escort-technology.com\\\/en\\\/system-pozycjonowania-podwodnego\\\/#breadcrumb\",\"itemListElement\":[{\"@type\":\"ListItem\",\"position\":1,\"name\":\"Strona g\u0142\u00f3wna\",\"item\":\"https:\\\/\\\/escort-technology.com\\\/\"},{\"@type\":\"ListItem\",\"position\":2,\"name\":\"System pozycjonowania podwodnego\"}]},{\"@type\":\"WebSite\",\"@id\":\"http:\\\/\\\/escort-technology.com\\\/de\\\/#website\",\"url\":\"http:\\\/\\\/escort-technology.com\\\/de\\\/\",\"name\":\"ESCORT TECHNOLOGY\",\"description\":\"Elektronika morska i l\u0105dowa\",\"publisher\":{\"@id\":\"http:\\\/\\\/escort-technology.com\\\/de\\\/#organization\"},\"potentialAction\":[{\"@type\":\"SearchAction\",\"target\":{\"@type\":\"EntryPoint\",\"urlTemplate\":\"http:\\\/\\\/escort-technology.com\\\/de\\\/?s={search_term_string}\"},\"query-input\":{\"@type\":\"PropertyValueSpecification\",\"valueRequired\":true,\"valueName\":\"search_term_string\"}}],\"inLanguage\":\"pl-PL\"},{\"@type\":\"Organization\",\"@id\":\"http:\\\/\\\/escort-technology.com\\\/de\\\/#organization\",\"name\":\"ESCORT TECHNOLOGY\",\"url\":\"http:\\\/\\\/escort-technology.com\\\/de\\\/\",\"logo\":{\"@type\":\"ImageObject\",\"inLanguage\":\"pl-PL\",\"@id\":\"http:\\\/\\\/escort-technology.com\\\/de\\\/#\\\/schema\\\/logo\\\/image\\\/\",\"url\":\"https:\\\/\\\/escort-technology.com\\\/wp-content\\\/uploads\\\/logo-1.jpg\",\"contentUrl\":\"https:\\\/\\\/escort-technology.com\\\/wp-content\\\/uploads\\\/logo-1.jpg\",\"width\":600,\"height\":165,\"caption\":\"ESCORT TECHNOLOGY\"},\"image\":{\"@id\":\"http:\\\/\\\/escort-technology.com\\\/de\\\/#\\\/schema\\\/logo\\\/image\\\/\"},\"sameAs\":[\"https:\\\/\\\/www.facebook.com\\\/elektronika.morska\\\/\",\"https:\\\/\\\/www.linkedin.com\\\/company\\\/escort-sp-z-o-o-\\\/\"]}]}<\/script>\n<!-- \/ Yoast SEO plugin. -->","yoast_head_json":{"title":"System pozycjonowania podwodnego - firma Escort \u01c0 Szczecin","description":"Oferujemy systemy pozycjonowania podwodnego, mi\u0119dzy innymi podwodnych pojazd\u00f3w ROV oraz nurk\u00f3w. Zach\u0119camy do zapoznania si\u0119 ze szczeg\u00f3\u0142ami na naszej stronie!","robots":{"index":"index","follow":"follow","max-snippet":"max-snippet:-1","max-image-preview":"max-image-preview:large","max-video-preview":"max-video-preview:-1"},"canonical":"http:\/\/escort-technology.com\/pl\/system-pozycjonowania-podwodnego\/","og_locale":"pl_PL","og_type":"article","og_title":"System pozycjonowania podwodnego - firma Escort \u01c0 Szczecin","og_description":"Oferujemy systemy pozycjonowania podwodnego, mi\u0119dzy innymi podwodnych pojazd\u00f3w ROV oraz nurk\u00f3w. Zach\u0119camy do zapoznania si\u0119 ze szczeg\u00f3\u0142ami na naszej stronie!","og_url":"http:\/\/escort-technology.com\/pl\/system-pozycjonowania-podwodnego\/","og_site_name":"ESCORT TECHNOLOGY","article_publisher":"https:\/\/www.facebook.com\/elektronika.morska\/","article_modified_time":"2020-02-12T12:29:20+00:00","twitter_card":"summary_large_image","twitter_misc":{"Szacowany czas czytania":"1 minuta"},"schema":{"@context":"https:\/\/schema.org","@graph":[{"@type":"WebPage","@id":"http:\/\/escort-technology.com\/en\/system-pozycjonowania-podwodnego\/","url":"http:\/\/escort-technology.com\/en\/system-pozycjonowania-podwodnego\/","name":"System pozycjonowania podwodnego - firma Escort \u01c0 Szczecin","isPartOf":{"@id":"http:\/\/escort-technology.com\/de\/#website"},"datePublished":"2018-02-21T09:01:49+00:00","dateModified":"2020-02-12T12:29:20+00:00","description":"Oferujemy systemy pozycjonowania podwodnego, mi\u0119dzy innymi podwodnych pojazd\u00f3w ROV oraz nurk\u00f3w. Zach\u0119camy do zapoznania si\u0119 ze szczeg\u00f3\u0142ami na naszej stronie!","breadcrumb":{"@id":"http:\/\/escort-technology.com\/en\/system-pozycjonowania-podwodnego\/#breadcrumb"},"inLanguage":"pl-PL","potentialAction":[{"@type":"ReadAction","target":["http:\/\/escort-technology.com\/en\/system-pozycjonowania-podwodnego\/"]}]},{"@type":"BreadcrumbList","@id":"http:\/\/escort-technology.com\/en\/system-pozycjonowania-podwodnego\/#breadcrumb","itemListElement":[{"@type":"ListItem","position":1,"name":"Strona g\u0142\u00f3wna","item":"https:\/\/escort-technology.com\/"},{"@type":"ListItem","position":2,"name":"System pozycjonowania podwodnego"}]},{"@type":"WebSite","@id":"http:\/\/escort-technology.com\/de\/#website","url":"http:\/\/escort-technology.com\/de\/","name":"ESCORT TECHNOLOGY","description":"Elektronika morska i l\u0105dowa","publisher":{"@id":"http:\/\/escort-technology.com\/de\/#organization"},"potentialAction":[{"@type":"SearchAction","target":{"@type":"EntryPoint","urlTemplate":"http:\/\/escort-technology.com\/de\/?s={search_term_string}"},"query-input":{"@type":"PropertyValueSpecification","valueRequired":true,"valueName":"search_term_string"}}],"inLanguage":"pl-PL"},{"@type":"Organization","@id":"http:\/\/escort-technology.com\/de\/#organization","name":"ESCORT TECHNOLOGY","url":"http:\/\/escort-technology.com\/de\/","logo":{"@type":"ImageObject","inLanguage":"pl-PL","@id":"http:\/\/escort-technology.com\/de\/#\/schema\/logo\/image\/","url":"https:\/\/escort-technology.com\/wp-content\/uploads\/logo-1.jpg","contentUrl":"https:\/\/escort-technology.com\/wp-content\/uploads\/logo-1.jpg","width":600,"height":165,"caption":"ESCORT TECHNOLOGY"},"image":{"@id":"http:\/\/escort-technology.com\/de\/#\/schema\/logo\/image\/"},"sameAs":["https:\/\/www.facebook.com\/elektronika.morska\/","https:\/\/www.linkedin.com\/company\/escort-sp-z-o-o-\/"]}]}},"_links":{"self":[{"href":"https:\/\/escort-technology.com\/pl\/wp-json\/wp\/v2\/pages\/836","targetHints":{"allow":["GET"]}}],"collection":[{"href":"https:\/\/escort-technology.com\/pl\/wp-json\/wp\/v2\/pages"}],"about":[{"href":"https:\/\/escort-technology.com\/pl\/wp-json\/wp\/v2\/types\/page"}],"author":[{"embeddable":true,"href":"https:\/\/escort-technology.com\/pl\/wp-json\/wp\/v2\/users\/1"}],"replies":[{"embeddable":true,"href":"https:\/\/escort-technology.com\/pl\/wp-json\/wp\/v2\/comments?post=836"}],"version-history":[{"count":48,"href":"https:\/\/escort-technology.com\/pl\/wp-json\/wp\/v2\/pages\/836\/revisions"}],"predecessor-version":[{"id":5474,"href":"https:\/\/escort-technology.com\/pl\/wp-json\/wp\/v2\/pages\/836\/revisions\/5474"}],"wp:attachment":[{"href":"https:\/\/escort-technology.com\/pl\/wp-json\/wp\/v2\/media?parent=836"}],"curies":[{"name":"wp","href":"https:\/\/api.w.org\/{rel}","templated":true}]}}