{"id":837,"date":"2018-02-21T09:01:49","date_gmt":"2018-02-21T09:01:49","guid":{"rendered":"http:\/\/escort-technology.com\/?page_id=837"},"modified":"2019-09-16T10:59:08","modified_gmt":"2019-09-16T08:59:08","slug":"zalecenia-do-przeplawek-2","status":"publish","type":"page","link":"https:\/\/escort-technology.com\/pl\/zalecenia-do-przeplawek-2\/","title":{"rendered":"Zalecenia do przep\u0142awek"},"content":{"rendered":"<p>ZALECENIA DLA PROJEKTANT\u00d3W STANOWISK MONITOROWANIA RYB\u00a0W PRZEP\u0141AWKACH<\/p>\n<p>ZALECENIA DLA PROJEKTANT\u00d3W PRZEP\u0141AWEK<\/p>\n<p>Skuteczno\u015b\u0107 dzia\u0142ania system\u00f3w s\u0142u\u017c\u0105cych do monitorowania ryb w przep\u0142awkach, zar\u00f3wno optycznych jak i akustycznych zale\u017cy g\u0142\u00f3wnie od warunk\u00f3w hydrologicznych panuj\u0105cych w wodzie. Dodatkowo praca system\u00f3w optycznych jest silnie uzale\u017cniona od stopnia przejrzysto\u015bci wody. Przejrzysto\u015b\u0107 wody w praktyce nie ma wi\u0119kszego wp\u0142ywu na poprawno\u015b\u0107 dzia\u0142ania system\u00f3w akustycznych.Cz\u0119sto jednak konstrukcja system\u00f3w monitorowania oparta jest na wykorzystywaniu zar\u00f3wno optyki jak i akustyki. W takich przypadkach wa\u017cny jest stopie\u0144 zapowietrzenia oraz przejrzysto\u015bci wody.Podstawowym wymogiem dla obu typ\u00f3w system\u00f3w monitorowania jest zachowanie jak najmniejszego zapowietrzenia wody w miejscu instalowania urz\u0105dze\u0144 monitoringu. B\u0105ble powietrza w wodzie powoduj\u0105 powstawanie silnych zak\u0142\u00f3ce\u0144 w pracy system\u00f3w. Szczeg\u00f3lnie w przypadku szybkiego nurtu wi\u0119ksze b\u0105ble powietrza przybieraj\u0105 kszta\u0142t wrzecionowaty, od kt\u00f3rego echo mo\u017ce by\u0107 mylnie rozpoznawane jako echo od ryby. Taki kszta\u0142t b\u0105bli powietrza w warunkach ma\u0142ej przejrzysto\u015bci wody mo\u017ce powodowa\u0107 mylne rozpoznawanie obrazu z kamery i kwalifikowanie wi\u0119kszych b\u0105bli jako szybko przep\u0142ywaj\u0105cych ryb.<br \/>\nStopie\u0144 przejrzysto\u015bci wody ma charakter obiektywny. Przejrzysto\u015b\u0107 wody zale\u017cy od wielu czynnik\u00f3w, na kt\u00f3re cz\u0142owiek nie ma wp\u0142ywu. Jednak konstrukcje kana\u0142\u00f3w przep\u0142awek maj\u0105 ogromny wp\u0142yw na warunki hydrologiczne i na stopie\u0144 zapowietrzenia wody. W zwi\u0105zku z tym zaleca si\u0119, aby w procesie projektowania zachowa\u0107 pewne podstawowe wymogi, kt\u00f3re pozwol\u0105 na skuteczn\u0105 prac\u0119 system\u00f3w monitorowania instalowanych w przep\u0142awkach.<br \/>\nPrzyczyny powstawania odbi\u0107 (ech) w wodzie:Podstaw\u0105 wszystkich system\u00f3w akustycznych jest kierunkowe wysy\u0142anie do wody d\u017awi\u0119ku o r\u00f3\u017cnych cz\u0119stotliwo\u015bciach i rejestrowanie jego odbi\u0107 przez odpowiednie odbiorniki. Odbicie (echo) wyst\u0119puje na warstwach granicznych pomi\u0119dzy wod\u0105 a powierzchni\u0105 dna albo ryby. Podobnie jakiekolwiek b\u0105ble powietrza w wodzie powoduj\u0105 wyst\u0119powanie bardzo wyra\u017anych warstw granicznych. W warunkach gdy woda nie jest zapowietrzona, fala d\u017awi\u0119kowa przenika przez ni\u0105 bez przeszk\u00f3d umo\u017cliwiaj\u0105c poprawn\u0105 transmisj\u0119 oraz poprawne odczyty danych o obiektach znajduj\u0105cych si\u0119 w wodzie. Ale je\u015bli na drodze fali d\u017awi\u0119kowej pojawi si\u0119 powietrze w formie ma\u0142ych lub du\u017cych b\u0105bli ( o rozmiarach od poni\u017cej 1mm do ponad kilku cm), fala d\u017awi\u0119kowa jest t\u0142umiona i odbijana. W rezultacie albo nie ma mo\u017cliwo\u015bci poprawnej rejestracji ech, albo s\u0105 one trudno rozr\u00f3\u017cnialne na tle szum\u00f3w akustycznych.<br \/>\nPrzyczyny powstawania zapowietrzenia w wodzie:Pierwszym \u017ar\u00f3d\u0142em jest powierzchniowe zapowietrzenie wody powodowane wiatrem wywo\u0142uj\u0105cym falowanie wody a tak\u017ce opadami deszczu. W miar\u0119 wzrostu pr\u0119dko\u015bci wiatru powstaj\u0105ce fale mieszaj\u0105 wod\u0119 z powietrzem. Obserwuj\u0105c wod\u0119 mo\u017cna zauwa\u017cy\u0107 bia\u0142\u0105 powierzchni\u0119 zawieraj\u0105c\u0105 ba\u0144ki powietrza.Drugim \u017ar\u00f3d\u0142em zapowietrzenia jest sam ruch wody w ograniczonych przestrzeniach. W wyniku wi\u0119kszej pr\u0119dko\u015bci wody betonowe powierzchnie graniczne kana\u0142u wywo\u0142uj\u0105 powstawanie wir\u00f3w, co wp\u0142ywa na powstawanie b\u0105bli powietrza powoduj\u0105cych odbicia fal akustycznych. W przypadkach nieregularnych powierzchni \u015bcian kana\u0142u przep\u0142awki, nurt o du\u017cej pr\u0119dko\u015bci powoduje przechwytywanie b\u0105bli powierzchniowych i wci\u0105ganie ich g\u0142\u0119biej w to\u0144. Gdy nurt jest wolny, b\u0105ble powierzchniowe unosz\u0105 si\u0119 do g\u00f3ry i zanikaj\u0105 samoczynnie.Bardziej ukryte s\u0105 ba\u0144ki powstaj\u0105ce w wyniku proces\u00f3w kawitacji zwane &#8222;ba\u0144kami kawitacyjnymi&#8221;. Przyczyny zjawiska powstawania kawitacji nie s\u0105 w pe\u0142ni wyja\u015bnione i przewidywalne. Cz\u0119sto wyja\u015bnienia naukowe nie sprawdzaj\u0105 si\u0119 i trzeba bardziej polega\u0107 na sprawdzonych faktach. Z praktyki wiadomo, \u017ce ba\u0144ki kawitacyjne powstaj\u0105 gdy istniej\u0105 ma\u0142e i nawet bardzo ma\u0142e wiry, szczeg\u00f3lnie przy ostrych kraw\u0119dziach. Woda w wirach, nawet o takiej ma\u0142ej skali, podlega du\u017cym r\u00f3\u017cnicom ci\u015bnie\u0144. Przy ostrych kraw\u0119dziach ci\u015bnienie nagle si\u0119 zmienia, w\u00f3wczas mog\u0105 powstawa\u0107 ba\u0144ki kawitacyjne. Ba\u0144ki kawitacyjne w swojej istocie nie s\u0105 ba\u0144kami powietrza lecz ba\u0144kami chwilowej pr\u00f3\u017cni. Pod dzia\u0142aniem ci\u015bnienia wody takie ba\u0144ki pr\u00f3\u017cniowe ulegaj\u0105 gwa\u0142townej implozji wywo\u0142uj\u0105c powstawanie silnych zak\u0142\u00f3ce\u0144 akustycznych w wodzie.<\/p>\n<p>Na podstawie opisanych wy\u017cej zjawisk oraz przyczyn powstawania zak\u0142\u00f3ce\u0144 akustycznych w wodzie mo\u017cna wysnu\u0107 kilka podstawowych wniosk\u00f3w, kt\u00f3re mog\u0105 by\u0107 pomocne w procesie projektowania miejsc monitoringu ryb w kana\u0142ach przep\u0142awek.<br \/>\n1. Najlepszym miejscem na stacje monitoringu jest tzw. \u201eg\u00f3rna woda&#8221;.2. Przed stacj\u0105 monitoringu od strony nap\u0142ywowej nie zaleca si\u0119 umieszcza\u0107 element\u00f3w spowalniaj\u0105cych nurt. Mog\u0105 one powodowa\u0107 szkodliwe zaburzenia w wodzie.3. Nale\u017cy d\u0105\u017cy\u0107 do zachowania g\u0142adkich powierzchni \u015bcian kana\u0142u przep\u0142awki.4. Zaleca si\u0119 projektowanie przep\u0142awki tak, aby od strony wody nap\u0142ywowej d\u0142u\u017cszy odcinek kana\u0142u przed stacj\u0105 monitoringu by\u0142 maksymalnie prosty, bez zakr\u0119t\u00f3w. Zakr\u0119ty mog\u0105 powodowa\u0107 zaburzenia wody.5. Wymuszanie zmiany kierunku wartkiego nurtu zawsze powoduje powstawanie silnego zapowietrzenia wody.6. Je\u015bli po stronie nap\u0142ywowej wyst\u0119puje silny nurt, zaleca si\u0119 aby kraw\u0119dzie jakichkolwiek element\u00f3w np. prowadnic zasuw zamykaj\u0105cych koryto przep\u0142awki by\u0142y wyoblone. Nale\u017cy maksymalnie unika\u0107 ostrych kraw\u0119dzi. Ostre kraw\u0119dzie lub kszta\u0142ty powoduj\u0105 powstawanie baniek kawitacyjnych.<\/p>\n<p><!-- {\"name\":\"\",\"type\":\"layout\",\"children\":[{\"name\":\"Hero\",\"type\":\"section\",\"props\":{\"width\":\"\",\"padding\":\"small\",\"style\":\"default\",\"text_color\":\"light\",\"media\":\"images\\\/home-header.jpg\",\"height_viewport\":true,\"header_overlay\":\"light\",\"image\":\"wp-content\\\/uploads\\\/rybki3.gif\",\"media_advanced\":true,\"image_size\":\"\",\"media_background\":null,\"media_overlay\":\"rgba(0, 0, 0, 0)\",\"height\":\"\",\"animation\":\"\",\"header_transparent\":\"dark\",\"image_position\":\"bottom-center\",\"image_fixed\":false,\"class\":\"\",\"overlap\":true,\"vertical_align\":\"middle\",\"title_position\":\"top-left\",\"title_rotation\":\"left\",\"title_breakpoint\":\"xl\",\"title\":\"\"},\"children\":[{\"name\":\"\",\"type\":\"row\",\"props\":{\"fixed_width\":\"large\",\"breakpoint\":\"m\",\"layout\":\"1-1\"},\"children\":[{\"name\":\"\",\"type\":\"column\",\"props\":{\"widths\":[\"1-1\"],\"image_position\":\"center-center\"},\"children\":[{\"name\":\"rybki\",\"type\":\"headline\",\"props\":{\"title_element\":\"h2\",\"content\":\"\n\n<h2 style=\\\"text-align: center;\\\">ZALECENIA DLA PROJEKTANT\\u00d3W STANOWISK MONITOROWANIA RYB\\u00a0W PRZEP\\u0141AWKACH<\\\/h2>\",\"animation\":\"slide-left-medium\",\"title_style\":\"heading-primary\",\"margin\":\"small\",\"text_align\":\"center\",\"text_align_breakpoint\":\"s\",\"text_align_fallback\":\"center\",\"margin_remove_top\":true,\"title_color\":\"muted\"}}]}]}]},{\"name\":\"\",\"type\":\"section\",\"props\":{\"style\":\"default\",\"width\":\"default\",\"vertical_align\":\"middle\",\"title_position\":\"top-left\",\"title_rotation\":\"left\",\"title_breakpoint\":\"xl\",\"image_position\":\"center-center\",\"padding\":\"xsmall\",\"padding_remove_top\":true,\"padding_remove_bottom\":true},\"children\":[{\"name\":\"\",\"type\":\"row\",\"props\":{\"fixed_width\":\"large\",\"breakpoint\":\"m\",\"layout\":\"1-1\"},\"children\":[{\"name\":\"\",\"type\":\"column\",\"props\":{\"widths\":[\"1-1\"],\"image_position\":\"center-center\"},\"children\":[{\"name\":\"\",\"type\":\"headline\",\"props\":{\"title_element\":\"h1\",\"content\":\"<strong><br \\\/>ZALECENIA DLA PROJEKTANT\\u00d3W PRZEP\\u0141AWEK<\\\/strong>\",\"title_style\":\"h3\",\"margin\":\"medium\"}},{\"name\":\"\",\"type\":\"text\",\"props\":{\"margin\":\"default\",\"column_breakpoint\":\"m\",\"content\":\"\n\n<p>Skuteczno\\u015b\\u0107 dzia\\u0142ania system\\u00f3w s\\u0142u\\u017c\\u0105cych do monitorowania ryb w przep\\u0142awkach, zar\\u00f3wno optycznych jak i akustycznych zale\\u017cy g\\u0142\\u00f3wnie od warunk\\u00f3w hydrologicznych panuj\\u0105cych w wodzie. Dodatkowo praca system\\u00f3w optycznych jest silnie uzale\\u017cniona od stopnia przejrzysto\\u015bci wody. Przejrzysto\\u015b\\u0107 wody w praktyce nie ma wi\\u0119kszego wp\\u0142ywu na poprawno\\u015b\\u0107 dzia\\u0142ania system\\u00f3w akustycznych.<br \\\/>Cz\\u0119sto jednak konstrukcja system\\u00f3w monitorowania oparta jest na wykorzystywaniu zar\\u00f3wno optyki jak i akustyki. W takich przypadkach wa\\u017cny jest stopie\\u0144 zapowietrzenia oraz przejrzysto\\u015bci wody.<br \\\/>Podstawowym wymogiem dla obu typ\\u00f3w system\\u00f3w monitorowania jest zachowanie jak najmniejszego zapowietrzenia wody w miejscu instalowania urz\\u0105dze\\u0144 monitoringu. B\\u0105ble powietrza w wodzie powoduj\\u0105 powstawanie silnych zak\\u0142\\u00f3ce\\u0144 w pracy system\\u00f3w. Szczeg\\u00f3lnie w przypadku szybkiego nurtu wi\\u0119ksze b\\u0105ble powietrza przybieraj\\u0105 kszta\\u0142t wrzecionowaty, od kt\\u00f3rego echo mo\\u017ce by\\u0107 mylnie rozpoznawane jako echo od ryby. Taki kszta\\u0142t b\\u0105bli powietrza w warunkach ma\\u0142ej przejrzysto\\u015bci wody mo\\u017ce powodowa\\u0107 mylne rozpoznawanie obrazu z kamery i kwalifikowanie wi\\u0119kszych b\\u0105bli jako szybko przep\\u0142ywaj\\u0105cych ryb.<\\\/p>\\n\n\n<p>Stopie\\u0144 przejrzysto\\u015bci wody ma charakter obiektywny. Przejrzysto\\u015b\\u0107 wody zale\\u017cy od wielu czynnik\\u00f3w, na kt\\u00f3re cz\\u0142owiek nie ma wp\\u0142ywu. Jednak konstrukcje kana\\u0142\\u00f3w przep\\u0142awek maj\\u0105 ogromny wp\\u0142yw na warunki hydrologiczne i na stopie\\u0144 zapowietrzenia wody. W zwi\\u0105zku z tym zaleca si\\u0119, aby w procesie projektowania zachowa\\u0107 pewne podstawowe wymogi, kt\\u00f3re pozwol\\u0105 na skuteczn\\u0105 prac\\u0119 system\\u00f3w monitorowania instalowanych w przep\\u0142awkach.<\\\/p>\\n\n\n<p><strong>Przyczyny powstawania odbi\\u0107 (ech) w wodzie:<\\\/strong><br \\\/>Podstaw\\u0105 wszystkich system\\u00f3w akustycznych jest kierunkowe wysy\\u0142anie do wody d\\u017awi\\u0119ku o r\\u00f3\\u017cnych cz\\u0119stotliwo\\u015bciach i rejestrowanie jego odbi\\u0107 przez odpowiednie odbiorniki. Odbicie (echo) wyst\\u0119puje na warstwach granicznych pomi\\u0119dzy wod\\u0105 a powierzchni\\u0105 dna albo ryby. Podobnie jakiekolwiek b\\u0105ble powietrza w wodzie powoduj\\u0105 wyst\\u0119powanie bardzo wyra\\u017anych warstw granicznych. W warunkach gdy woda nie jest zapowietrzona, fala d\\u017awi\\u0119kowa przenika przez ni\\u0105 bez przeszk\\u00f3d umo\\u017cliwiaj\\u0105c poprawn\\u0105 transmisj\\u0119 oraz poprawne odczyty danych o obiektach znajduj\\u0105cych si\\u0119 w wodzie. Ale je\\u015bli na drodze fali d\\u017awi\\u0119kowej pojawi si\\u0119 powietrze w formie ma\\u0142ych lub du\\u017cych b\\u0105bli ( o rozmiarach od poni\\u017cej 1mm do ponad kilku cm), fala d\\u017awi\\u0119kowa jest t\\u0142umiona i odbijana. W rezultacie albo nie ma mo\\u017cliwo\\u015bci poprawnej rejestracji ech, albo s\\u0105 one trudno rozr\\u00f3\\u017cnialne na tle szum\\u00f3w akustycznych.<\\\/p>\\n\n\n<p><strong>Przyczyny powstawania zapowietrzenia w wodzie:<\\\/strong><br \\\/>Pierwszym \\u017ar\\u00f3d\\u0142em jest powierzchniowe zapowietrzenie wody powodowane wiatrem wywo\\u0142uj\\u0105cym falowanie wody a tak\\u017ce opadami deszczu. W miar\\u0119 wzrostu pr\\u0119dko\\u015bci wiatru powstaj\\u0105ce fale mieszaj\\u0105 wod\\u0119 z powietrzem. Obserwuj\\u0105c wod\\u0119 mo\\u017cna zauwa\\u017cy\\u0107 bia\\u0142\\u0105 powierzchni\\u0119 zawieraj\\u0105c\\u0105 ba\\u0144ki powietrza.<br \\\/>Drugim \\u017ar\\u00f3d\\u0142em zapowietrzenia jest sam ruch wody w ograniczonych przestrzeniach. W wyniku wi\\u0119kszej pr\\u0119dko\\u015bci wody betonowe powierzchnie graniczne kana\\u0142u wywo\\u0142uj\\u0105 powstawanie wir\\u00f3w, co wp\\u0142ywa na powstawanie b\\u0105bli powietrza powoduj\\u0105cych odbicia fal akustycznych. W przypadkach nieregularnych powierzchni \\u015bcian kana\\u0142u przep\\u0142awki, nurt o du\\u017cej pr\\u0119dko\\u015bci powoduje przechwytywanie b\\u0105bli powierzchniowych i wci\\u0105ganie ich g\\u0142\\u0119biej w to\\u0144. Gdy nurt jest wolny, b\\u0105ble powierzchniowe unosz\\u0105 si\\u0119 do g\\u00f3ry i zanikaj\\u0105 samoczynnie.<br \\\/>Bardziej ukryte s\\u0105 ba\\u0144ki powstaj\\u0105ce w wyniku proces\\u00f3w kawitacji zwane \\\"ba\\u0144kami kawitacyjnymi\\\". Przyczyny zjawiska powstawania kawitacji nie s\\u0105 w pe\\u0142ni wyja\\u015bnione i przewidywalne. Cz\\u0119sto wyja\\u015bnienia naukowe nie sprawdzaj\\u0105 si\\u0119 i trzeba bardziej polega\\u0107 na sprawdzonych faktach. Z praktyki wiadomo, \\u017ce ba\\u0144ki kawitacyjne powstaj\\u0105 gdy istniej\\u0105 ma\\u0142e i nawet bardzo ma\\u0142e wiry, szczeg\\u00f3lnie przy ostrych kraw\\u0119dziach. Woda w wirach, nawet o takiej ma\\u0142ej skali, podlega du\\u017cym r\\u00f3\\u017cnicom ci\\u015bnie\\u0144. Przy ostrych kraw\\u0119dziach ci\\u015bnienie nagle si\\u0119 zmienia, w\\u00f3wczas mog\\u0105 powstawa\\u0107 ba\\u0144ki kawitacyjne. Ba\\u0144ki kawitacyjne w swojej istocie nie s\\u0105 ba\\u0144kami powietrza lecz ba\\u0144kami chwilowej pr\\u00f3\\u017cni. Pod dzia\\u0142aniem ci\\u015bnienia wody takie ba\\u0144ki pr\\u00f3\\u017cniowe ulegaj\\u0105 gwa\\u0142townej implozji wywo\\u0142uj\\u0105c powstawanie silnych zak\\u0142\\u00f3ce\\u0144 akustycznych w wodzie.<\\\/p>\",\"text_align\":\"justify\"}},{\"name\":\"\",\"type\":\"image\",\"props\":{\"margin\":\"default\",\"image\":\"wp-content\\\/uploads\\\/Zalecenia.gif\",\"text_align\":\"center\"}},{\"name\":\"\",\"type\":\"text\",\"props\":{\"margin\":\"default\",\"column_breakpoint\":\"m\",\"content\":\"\n\n<p>Na podstawie opisanych wy\\u017cej zjawisk oraz przyczyn powstawania zak\\u0142\\u00f3ce\\u0144 akustycznych w wodzie mo\\u017cna wysnu\\u0107 kilka podstawowych wniosk\\u00f3w, kt\\u00f3re mog\\u0105 by\\u0107 pomocne w procesie projektowania miejsc monitoringu ryb w kana\\u0142ach przep\\u0142awek.<\\\/p>\\n\n\n<p>1. Najlepszym miejscem na stacje monitoringu jest tzw. \\u201eg\\u00f3rna woda\\\".<br \\\/>2. Przed stacj\\u0105 monitoringu od strony nap\\u0142ywowej nie zaleca si\\u0119 umieszcza\\u0107 element\\u00f3w spowalniaj\\u0105cych nurt. Mog\\u0105 one powodowa\\u0107 szkodliwe zaburzenia w wodzie.<br \\\/>3. Nale\\u017cy d\\u0105\\u017cy\\u0107 do zachowania g\\u0142adkich powierzchni \\u015bcian kana\\u0142u przep\\u0142awki.<br \\\/>4. Zaleca si\\u0119 projektowanie przep\\u0142awki tak, aby od strony wody nap\\u0142ywowej d\\u0142u\\u017cszy odcinek kana\\u0142u przed stacj\\u0105 monitoringu by\\u0142 maksymalnie prosty, bez zakr\\u0119t\\u00f3w. Zakr\\u0119ty mog\\u0105 powodowa\\u0107 zaburzenia wody.<br \\\/>5. Wymuszanie zmiany kierunku wartkiego nurtu zawsze powoduje powstawanie silnego zapowietrzenia wody.<br \\\/>6. Je\\u015bli po stronie nap\\u0142ywowej wyst\\u0119puje silny nurt, zaleca si\\u0119 aby kraw\\u0119dzie jakichkolwiek element\\u00f3w np. prowadnic zasuw zamykaj\\u0105cych koryto przep\\u0142awki by\\u0142y wyoblone. Nale\\u017cy maksymalnie unika\\u0107 ostrych kraw\\u0119dzi. Ostre kraw\\u0119dzie lub kszta\\u0142ty powoduj\\u0105 powstawanie baniek kawitacyjnych.<\\\/p>\",\"text_align\":\"justify\"}}]}]}]}]} --><\/p>\n","protected":false},"excerpt":{"rendered":"<p>ZALECENIA DLA PROJEKTANT\u00d3W STANOWISK MONITOROWANIA RYB\u00a0W PRZEP\u0141AWKACH ZALECENIA DLA PROJEKTANT\u00d3W PRZEP\u0141AWEK Skuteczno\u015b\u0107 dzia\u0142ania system\u00f3w s\u0142u\u017c\u0105cych do monitorowania ryb w przep\u0142awkach, zar\u00f3wno optycznych jak i akustycznych zale\u017cy g\u0142\u00f3wnie od warunk\u00f3w hydrologicznych panuj\u0105cych w wodzie. Dodatkowo praca system\u00f3w optycznych jest silnie uzale\u017cniona od stopnia przejrzysto\u015bci wody. Przejrzysto\u015b\u0107 wody w praktyce nie ma wi\u0119kszego wp\u0142ywu na poprawno\u015b\u0107 dzia\u0142ania [&hellip;]<\/p>\n","protected":false},"author":1,"featured_media":0,"parent":0,"menu_order":0,"comment_status":"closed","ping_status":"closed","template":"","meta":{"footnotes":""},"class_list":["post-837","page","type-page","status-publish","hentry"],"yoast_head":"<!-- This site is optimized with the Yoast SEO plugin v27.6 - https:\/\/yoast.com\/product\/yoast-seo-wordpress\/ -->\n<title>Zalecenia dla projektant\u00f3w stanowisk monitorowania ryb - Escort<\/title>\n<meta name=\"description\" content=\"W naszej ofercie znajd\u0105 Pa\u0144stwo system do monitoringu przep\u0142awek dla ryb. Oferujemy te\u017c zalecenia dla projektant\u00f3w stanowisk monitorowania. Szczeg\u00f3\u0142y na stronie!\" \/>\n<meta name=\"robots\" content=\"index, follow, max-snippet:-1, max-image-preview:large, max-video-preview:-1\" \/>\n<link rel=\"canonical\" href=\"https:\/\/escort-technology.com\/pl\/zalecenia-do-przeplawek-2\/\" \/>\n<meta property=\"og:locale\" content=\"pl_PL\" \/>\n<meta property=\"og:type\" content=\"article\" \/>\n<meta property=\"og:title\" content=\"Zalecenia dla projektant\u00f3w stanowisk monitorowania ryb - Escort\" \/>\n<meta property=\"og:description\" content=\"W naszej ofercie znajd\u0105 Pa\u0144stwo system do monitoringu przep\u0142awek dla ryb. Oferujemy te\u017c zalecenia dla projektant\u00f3w stanowisk monitorowania. Szczeg\u00f3\u0142y na stronie!\" \/>\n<meta property=\"og:url\" content=\"https:\/\/escort-technology.com\/pl\/zalecenia-do-przeplawek-2\/\" \/>\n<meta property=\"og:site_name\" content=\"ESCORT TECHNOLOGY\" \/>\n<meta property=\"article:publisher\" content=\"https:\/\/www.facebook.com\/elektronika.morska\/\" \/>\n<meta property=\"article:modified_time\" content=\"2019-09-16T08:59:08+00:00\" \/>\n<meta name=\"twitter:card\" content=\"summary_large_image\" \/>\n<meta name=\"twitter:label1\" content=\"Szacowany czas czytania\" \/>\n\t<meta name=\"twitter:data1\" content=\"4 minuty\" \/>\n<script type=\"application\/ld+json\" class=\"yoast-schema-graph\">{\"@context\":\"https:\\\/\\\/schema.org\",\"@graph\":[{\"@type\":\"WebPage\",\"@id\":\"https:\\\/\\\/escort-technology.com\\\/en\\\/zalecenia-do-przeplawek-2\\\/\",\"url\":\"https:\\\/\\\/escort-technology.com\\\/en\\\/zalecenia-do-przeplawek-2\\\/\",\"name\":\"Zalecenia dla projektant\u00f3w stanowisk monitorowania ryb - Escort\",\"isPartOf\":{\"@id\":\"http:\\\/\\\/escort-technology.com\\\/de\\\/#website\"},\"datePublished\":\"2018-02-21T09:01:49+00:00\",\"dateModified\":\"2019-09-16T08:59:08+00:00\",\"description\":\"W naszej ofercie znajd\u0105 Pa\u0144stwo system do monitoringu przep\u0142awek dla ryb. Oferujemy te\u017c zalecenia dla projektant\u00f3w stanowisk monitorowania. Szczeg\u00f3\u0142y na stronie!\",\"breadcrumb\":{\"@id\":\"https:\\\/\\\/escort-technology.com\\\/en\\\/zalecenia-do-przeplawek-2\\\/#breadcrumb\"},\"inLanguage\":\"pl-PL\",\"potentialAction\":[{\"@type\":\"ReadAction\",\"target\":[\"https:\\\/\\\/escort-technology.com\\\/en\\\/zalecenia-do-przeplawek-2\\\/\"]}]},{\"@type\":\"BreadcrumbList\",\"@id\":\"https:\\\/\\\/escort-technology.com\\\/en\\\/zalecenia-do-przeplawek-2\\\/#breadcrumb\",\"itemListElement\":[{\"@type\":\"ListItem\",\"position\":1,\"name\":\"Strona g\u0142\u00f3wna\",\"item\":\"https:\\\/\\\/escort-technology.com\\\/\"},{\"@type\":\"ListItem\",\"position\":2,\"name\":\"Zalecenia do przep\u0142awek\"}]},{\"@type\":\"WebSite\",\"@id\":\"http:\\\/\\\/escort-technology.com\\\/de\\\/#website\",\"url\":\"http:\\\/\\\/escort-technology.com\\\/de\\\/\",\"name\":\"ESCORT TECHNOLOGY\",\"description\":\"Elektronika morska i l\u0105dowa\",\"publisher\":{\"@id\":\"http:\\\/\\\/escort-technology.com\\\/de\\\/#organization\"},\"potentialAction\":[{\"@type\":\"SearchAction\",\"target\":{\"@type\":\"EntryPoint\",\"urlTemplate\":\"http:\\\/\\\/escort-technology.com\\\/de\\\/?s={search_term_string}\"},\"query-input\":{\"@type\":\"PropertyValueSpecification\",\"valueRequired\":true,\"valueName\":\"search_term_string\"}}],\"inLanguage\":\"pl-PL\"},{\"@type\":\"Organization\",\"@id\":\"http:\\\/\\\/escort-technology.com\\\/de\\\/#organization\",\"name\":\"ESCORT TECHNOLOGY\",\"url\":\"http:\\\/\\\/escort-technology.com\\\/de\\\/\",\"logo\":{\"@type\":\"ImageObject\",\"inLanguage\":\"pl-PL\",\"@id\":\"http:\\\/\\\/escort-technology.com\\\/de\\\/#\\\/schema\\\/logo\\\/image\\\/\",\"url\":\"https:\\\/\\\/escort-technology.com\\\/wp-content\\\/uploads\\\/logo-1.jpg\",\"contentUrl\":\"https:\\\/\\\/escort-technology.com\\\/wp-content\\\/uploads\\\/logo-1.jpg\",\"width\":600,\"height\":165,\"caption\":\"ESCORT TECHNOLOGY\"},\"image\":{\"@id\":\"http:\\\/\\\/escort-technology.com\\\/de\\\/#\\\/schema\\\/logo\\\/image\\\/\"},\"sameAs\":[\"https:\\\/\\\/www.facebook.com\\\/elektronika.morska\\\/\",\"https:\\\/\\\/www.linkedin.com\\\/company\\\/escort-sp-z-o-o-\\\/\"]}]}<\/script>\n<!-- \/ Yoast SEO plugin. -->","yoast_head_json":{"title":"Zalecenia dla projektant\u00f3w stanowisk monitorowania ryb - Escort","description":"W naszej ofercie znajd\u0105 Pa\u0144stwo system do monitoringu przep\u0142awek dla ryb. Oferujemy te\u017c zalecenia dla projektant\u00f3w stanowisk monitorowania. Szczeg\u00f3\u0142y na stronie!","robots":{"index":"index","follow":"follow","max-snippet":"max-snippet:-1","max-image-preview":"max-image-preview:large","max-video-preview":"max-video-preview:-1"},"canonical":"https:\/\/escort-technology.com\/pl\/zalecenia-do-przeplawek-2\/","og_locale":"pl_PL","og_type":"article","og_title":"Zalecenia dla projektant\u00f3w stanowisk monitorowania ryb - Escort","og_description":"W naszej ofercie znajd\u0105 Pa\u0144stwo system do monitoringu przep\u0142awek dla ryb. Oferujemy te\u017c zalecenia dla projektant\u00f3w stanowisk monitorowania. Szczeg\u00f3\u0142y na stronie!","og_url":"https:\/\/escort-technology.com\/pl\/zalecenia-do-przeplawek-2\/","og_site_name":"ESCORT TECHNOLOGY","article_publisher":"https:\/\/www.facebook.com\/elektronika.morska\/","article_modified_time":"2019-09-16T08:59:08+00:00","twitter_card":"summary_large_image","twitter_misc":{"Szacowany czas czytania":"4 minuty"},"schema":{"@context":"https:\/\/schema.org","@graph":[{"@type":"WebPage","@id":"https:\/\/escort-technology.com\/en\/zalecenia-do-przeplawek-2\/","url":"https:\/\/escort-technology.com\/en\/zalecenia-do-przeplawek-2\/","name":"Zalecenia dla projektant\u00f3w stanowisk monitorowania ryb - Escort","isPartOf":{"@id":"http:\/\/escort-technology.com\/de\/#website"},"datePublished":"2018-02-21T09:01:49+00:00","dateModified":"2019-09-16T08:59:08+00:00","description":"W naszej ofercie znajd\u0105 Pa\u0144stwo system do monitoringu przep\u0142awek dla ryb. Oferujemy te\u017c zalecenia dla projektant\u00f3w stanowisk monitorowania. Szczeg\u00f3\u0142y na stronie!","breadcrumb":{"@id":"https:\/\/escort-technology.com\/en\/zalecenia-do-przeplawek-2\/#breadcrumb"},"inLanguage":"pl-PL","potentialAction":[{"@type":"ReadAction","target":["https:\/\/escort-technology.com\/en\/zalecenia-do-przeplawek-2\/"]}]},{"@type":"BreadcrumbList","@id":"https:\/\/escort-technology.com\/en\/zalecenia-do-przeplawek-2\/#breadcrumb","itemListElement":[{"@type":"ListItem","position":1,"name":"Strona g\u0142\u00f3wna","item":"https:\/\/escort-technology.com\/"},{"@type":"ListItem","position":2,"name":"Zalecenia do przep\u0142awek"}]},{"@type":"WebSite","@id":"http:\/\/escort-technology.com\/de\/#website","url":"http:\/\/escort-technology.com\/de\/","name":"ESCORT TECHNOLOGY","description":"Elektronika morska i l\u0105dowa","publisher":{"@id":"http:\/\/escort-technology.com\/de\/#organization"},"potentialAction":[{"@type":"SearchAction","target":{"@type":"EntryPoint","urlTemplate":"http:\/\/escort-technology.com\/de\/?s={search_term_string}"},"query-input":{"@type":"PropertyValueSpecification","valueRequired":true,"valueName":"search_term_string"}}],"inLanguage":"pl-PL"},{"@type":"Organization","@id":"http:\/\/escort-technology.com\/de\/#organization","name":"ESCORT TECHNOLOGY","url":"http:\/\/escort-technology.com\/de\/","logo":{"@type":"ImageObject","inLanguage":"pl-PL","@id":"http:\/\/escort-technology.com\/de\/#\/schema\/logo\/image\/","url":"https:\/\/escort-technology.com\/wp-content\/uploads\/logo-1.jpg","contentUrl":"https:\/\/escort-technology.com\/wp-content\/uploads\/logo-1.jpg","width":600,"height":165,"caption":"ESCORT TECHNOLOGY"},"image":{"@id":"http:\/\/escort-technology.com\/de\/#\/schema\/logo\/image\/"},"sameAs":["https:\/\/www.facebook.com\/elektronika.morska\/","https:\/\/www.linkedin.com\/company\/escort-sp-z-o-o-\/"]}]}},"_links":{"self":[{"href":"https:\/\/escort-technology.com\/pl\/wp-json\/wp\/v2\/pages\/837","targetHints":{"allow":["GET"]}}],"collection":[{"href":"https:\/\/escort-technology.com\/pl\/wp-json\/wp\/v2\/pages"}],"about":[{"href":"https:\/\/escort-technology.com\/pl\/wp-json\/wp\/v2\/types\/page"}],"author":[{"embeddable":true,"href":"https:\/\/escort-technology.com\/pl\/wp-json\/wp\/v2\/users\/1"}],"replies":[{"embeddable":true,"href":"https:\/\/escort-technology.com\/pl\/wp-json\/wp\/v2\/comments?post=837"}],"version-history":[{"count":56,"href":"https:\/\/escort-technology.com\/pl\/wp-json\/wp\/v2\/pages\/837\/revisions"}],"predecessor-version":[{"id":1794,"href":"https:\/\/escort-technology.com\/pl\/wp-json\/wp\/v2\/pages\/837\/revisions\/1794"}],"wp:attachment":[{"href":"https:\/\/escort-technology.com\/pl\/wp-json\/wp\/v2\/media?parent=837"}],"curies":[{"name":"wp","href":"https:\/\/api.w.org\/{rel}","templated":true}]}}