{"id":8414,"date":"2021-04-23T14:34:23","date_gmt":"2021-04-23T12:34:23","guid":{"rendered":"https:\/\/escort-technology.com\/?page_id=8414"},"modified":"2021-04-23T14:34:23","modified_gmt":"2021-04-23T12:34:23","slug":"oprogramowanie-qps-qastor","status":"publish","type":"page","link":"https:\/\/escort-technology.com\/pl\/oprogramowanie-qps-qastor\/","title":{"rendered":"Oprogramowanie QPS Qastor"},"content":{"rendered":"<h1>\n<h2 class=\"uk-article-title\">Oprogramowanie QPS Qastor<\/h2>\n<\/h1>\n<hr>\n<div>\n<p>Qastor to pakiet precyzyjnego oprogramowania nawigacyjnego do pilotowania i dokowania. Dzi\u0119ki mo\u017cliwo\u015bci aktualizacji informacji w czasie rzeczywistym, pozwala na najwy\u017csze bezpiecze\u0144stwo na morzu. Qastor wy\u015bwietla wiarygodne i dok\u0142adne dane o pozycji i kierunku, dla optymalnego planowania, \u015bwiadomo\u015bci sytuacyjnej i bezpiecze\u0144stwa w celu wsparcia wszelkich operacji morskich &#8211; pilotowania, dokowania, obs\u0142ugi statk\u00f3w, pozycjonowania platform wiertniczych, barek \u015br\u00f3dl\u0105dowych, operacji promowych, podej\u015bcia do tankowc\u00f3w i dokowania,\u00a0 operacje holownik\u00f3w i wiele innych. Dost\u0119pne s\u0105 r\u00f3wnie\u017c tryby dostosowane do cumowania tandemowego, bocznego i cumowania jednopunktowego.<br \/>Informacje w czasie rzeczywistym poprzez serwer, zwi\u0119kszaj\u0105 \u015bwiadomo\u015b\u0107 sytuacyjn\u0105 dzi\u0119ki aktualizowanym p\u0142ywom, pr\u0105dom, wysoko\u015bciom fal,<br \/>wiatrem i potwierdzonymi informacjami o ruchu pochodz\u0105cymi z centrum VTS.<br \/>Qastor jest niezale\u017cny od platformy i mo\u017ce by\u0107 u\u017cywany na komputerze stacjonarnym, tablecie lub telefonie kom\u00f3rkowym z systemem Windows lub iOS. Obs\u0142ugiwane s\u0105 operacje przewodowe lub bezprzewodowe. A dane mog\u0105 by\u0107 wysy\u0142ane przez Wifi do urz\u0105dze\u0144 mobilnych dla optymalnej elastyczno\u015bci klienta.<br \/>Qastor wy\u015bwietla w czasie rzeczywistym pr\u0119dko\u015b\u0107 statku, kierunek, kurs nad dnem i pr\u0119dko\u015b\u0107 zwrotu. Formaty ENC obejmuj\u0105:<br \/>S-57, Primar, C-MAP, ARCS, DENC i bENC. Przewidywanie \u015bcie\u017cki statku oparte s\u0105 na zdefiniowanym przez u\u017cytkownika okresie czasu na podstawie pr\u0119dko\u015bci, kursu nad dnem. Najbli\u017cszy punkt podej\u015bcia dla wszystkich cel\u00f3w VTS i AIS jest wy\u015bwietlany.\u00a0<\/p>\n<\/div>\n<p><img decoding=\"async\" src=\"\/wp-content\/uploads\/2021\/02\/QASTOR2.jpg\" alt=\"\"><br \/>\n<img decoding=\"async\" src=\"\/wp-content\/uploads\/2021\/02\/QASTOR.jpg\" alt=\"\"><br \/>\n<img decoding=\"async\" src=\"\/wp-content\/uploads\/2021\/02\/QASTOR3.jpg\" alt=\"\"><\/p>\n<div>\n<h3>Qastor 3<\/h3>\n<\/div>\n<div>\n<h3>\u00a0<\/h3>\n<h3>Dodatek do dokowania<br \/>Dost\u0119pne z:<br \/>Qastor<\/h3>\n<\/div>\n<div>\n<h3>\u00a0<\/h3>\n<h3>Po\u0142\u0105cz si\u0119 z serwerem<\/h3>\n<\/div>\n<div>\n<h3>\u00a0<\/h3>\n<h3>Dodatek DUKC<br \/>Dost\u0119pny z:<br \/>Connect Server<\/h3>\n<\/div>\n<div>\n<h3>\u00a0<\/h3>\n<h3>Dodatek Hydro\/Meteo<br \/>Dost\u0119pny z:<br \/>Connect Server<\/h3>\n<\/div>\n<div>\n<h3>Dane na \u017cywo Dodatek<br \/>Dost\u0119pne z:<br \/>Connect Server<\/h3>\n<\/div>\n<div>\n<p>Wy\u015bwietlacz nawigacyjny pokazuj\u0105cy pozycj\u0119 statku do nawigacji wektorem pr\u0119dko\u015bci nad dnem i przewidywaniem \u015bcie\u017cki, kt\u00f3re jest interaktywne z<br \/>z za\u0142adowan\u0105 map\u0105. ENC s\u0105 automatycznie aktualizowane w oparciu o zanurzenie statku i<br \/>prze\u015bwit pod st\u0119pk\u0105. Qastor pozwala na pod\u0142\u0105czenie do \u017ar\u00f3d\u0142a danych AIS dla wizualizacji i interakcji z AIS.<\/p>\n<\/div>\n<div>\n<p>Dodatek Docking pozwala na prze\u0142\u0105czenie wy\u015bwietlacza w tryb dokowania lub podej\u015bcia do \u015bluzy.<br \/>Tryb podej\u015bcia, z wektorami pr\u0119dko\u015bci pokazywanymi od dziobu i rufy a tak\u017ce odleg\u0142o\u015bci do \u015bcian nabrze\u017ca lub \u015bluzy oraz wska\u017aniki pr\u0119dko\u015bci z ramion dziobu i rufy.<\/p>\n<\/div>\n<div>\n<p>Serwer Connect pozwala na po\u0142\u0105czenie pilota przez Internet z natychmiastow\u0105 informacj\u0105 w celu zwi\u0119kszenia \u015bwiadomo\u015bci sytuacyjnej pilota. A Standardow\u0105 funkcj\u0105 Serwera Connect jest udost\u0119pnianie informacji takich jak pliki adnotacji i najnowsze aktualizacje ENC dostarczane przez portowe biuro hydrograficzne.<\/p>\n<\/div>\n<div>\n<p>Dodatek DUKC pozwala na dok\u0142adn\u0105 wizualizacj\u0119 obszar\u00f3w, w kt\u00f3rych mo\u017cna i nie mo\u017cna p\u0142yn\u0105\u0107, w oparciu o dynamiczny prze\u015bwit pod st\u0119pk\u0105 statku. Dodatek ten dzia\u0142a w po\u0142\u0105czeniu z oprogramowaniem OMC DUKC\u00ae , kt\u00f3re bierze pod uwag\u0119 pr\u0119dko\u015b\u0107 oraz typ i rozmiar statku.<\/p>\n<\/div>\n<div>\n<p>\u00a0<\/p>\n<p>Dodatek Hydro\/Meteo wy\u015bwietla informacje hydro- i meteorologiczne LIVE informacje takie jak wysoko\u015b\u0107 fali, kierunek i pr\u0119dko\u015b\u0107 pr\u0105du, kierunek i pr\u0119dko\u015b\u0107 wiatru<br \/>kierunek i pr\u0119dko\u015b\u0107 wiatru, itp. Wy\u015bwietlane w\u0142a\u015bciwo\u015bci zale\u017c\u0105 od czujnik\u00f3w, kt\u00f3re s\u0105 po\u0142\u0105czone z serwerem Connect.<\/p>\n<\/div>\n<div>\n<p>Dodatek -Dane na \u017cywo umo\u017cliwia wizualizacj\u0119 w czasie rzeczywistym zatwierdzonego obrazu ruchu dostarczonego przez centrum VTS. Informacje te s\u0105 wy\u015bwietlane jako cele AIS w Qastorze i umo\u017cliwiaj\u0105 por\u00f3wnanie informacji o celach AIS i VTS.<\/p>\n<\/div>\n<p><!-- {\"type\":\"layout\",\"children\":[{\"type\":\"section\",\"props\":{\"style\":\"default\",\"width\":\"default\",\"vertical_align\":\"middle\",\"title_position\":\"top-left\",\"title_rotation\":\"left\",\"title_breakpoint\":\"xl\",\"image_position\":\"center-center\"},\"children\":[{\"type\":\"row\",\"children\":[{\"type\":\"column\",\"props\":{\"image_position\":\"center-center\",\"media_overlay_gradient\":\"\"},\"children\":[{\"type\":\"headline\",\"props\":{\"title_element\":\"h1\",\"content\":\"\n\n<h2 class=\\\"uk-article-title\\\">Oprogramowanie QPS Qastor<\\\/h2>\"}},{\"type\":\"divider\",\"props\":{\"divider_element\":\"hr\"}}]}]}]},{\"type\":\"section\",\"props\":{\"style\":\"default\",\"width\":\"default\",\"vertical_align\":\"middle\",\"title_position\":\"top-left\",\"title_rotation\":\"left\",\"title_breakpoint\":\"xl\",\"image_position\":\"center-center\"},\"children\":[{\"type\":\"row\",\"children\":[{\"type\":\"column\",\"props\":{\"image_position\":\"center-center\",\"media_overlay_gradient\":\"\"},\"children\":[{\"type\":\"text\",\"props\":{\"margin\":\"default\",\"column_breakpoint\":\"m\",\"content\":\"\n\n<p>Qastor to pakiet precyzyjnego oprogramowania nawigacyjnego do pilotowania i dokowania. Dzi\\u0119ki mo\\u017cliwo\\u015bci aktualizacji informacji w czasie rzeczywistym, pozwala na najwy\\u017csze bezpiecze\\u0144stwo na morzu. Qastor wy\\u015bwietla wiarygodne i dok\\u0142adne dane o pozycji i kierunku, dla optymalnego planowania, \\u015bwiadomo\\u015bci sytuacyjnej i bezpiecze\\u0144stwa w celu wsparcia wszelkich operacji morskich - pilotowania, dokowania, obs\\u0142ugi statk\\u00f3w, pozycjonowania platform wiertniczych, barek \\u015br\\u00f3dl\\u0105dowych, operacji promowych, podej\\u015bcia do tankowc\\u00f3w i dokowania,\\u00a0 operacje holownik\\u00f3w i wiele innych. Dost\\u0119pne s\\u0105 r\\u00f3wnie\\u017c tryby dostosowane do cumowania tandemowego, bocznego i cumowania jednopunktowego.<br \\\/>Informacje w czasie rzeczywistym poprzez serwer, zwi\\u0119kszaj\\u0105 \\u015bwiadomo\\u015b\\u0107 sytuacyjn\\u0105 dzi\\u0119ki aktualizowanym p\\u0142ywom, pr\\u0105dom, wysoko\\u015bciom fal,<br \\\/>wiatrem i potwierdzonymi informacjami o ruchu pochodz\\u0105cymi z centrum VTS.<br \\\/>Qastor jest niezale\\u017cny od platformy i mo\\u017ce by\\u0107 u\\u017cywany na komputerze stacjonarnym, tablecie lub telefonie kom\\u00f3rkowym z systemem Windows lub iOS. Obs\\u0142ugiwane s\\u0105 operacje przewodowe lub bezprzewodowe. A dane mog\\u0105 by\\u0107 wysy\\u0142ane przez Wifi do urz\\u0105dze\\u0144 mobilnych dla optymalnej elastyczno\\u015bci klienta.<br \\\/>Qastor wy\\u015bwietla w czasie rzeczywistym pr\\u0119dko\\u015b\\u0107 statku, kierunek, kurs nad dnem i pr\\u0119dko\\u015b\\u0107 zwrotu. Formaty ENC obejmuj\\u0105:<br \\\/>S-57, Primar, C-MAP, ARCS, DENC i bENC. Przewidywanie \\u015bcie\\u017cki statku oparte s\\u0105 na zdefiniowanym przez u\\u017cytkownika okresie czasu na podstawie pr\\u0119dko\\u015bci, kursu nad dnem. Najbli\\u017cszy punkt podej\\u015bcia dla wszystkich cel\\u00f3w VTS i AIS jest wy\\u015bwietlany.\\u00a0<br \\\/><br \\\/><\\\/p>\"}}]}]}]},{\"type\":\"section\",\"props\":{\"style\":\"default\",\"width\":\"default\",\"vertical_align\":\"middle\",\"title_position\":\"top-left\",\"title_rotation\":\"left\",\"title_breakpoint\":\"xl\",\"image_position\":\"center-center\"},\"children\":[{\"type\":\"row\",\"props\":{\"layout\":\"1-3,1-3,1-3\"},\"children\":[{\"type\":\"column\",\"props\":{\"image_position\":\"center-center\",\"media_overlay_gradient\":\"\",\"width_medium\":\"1-3\"},\"children\":[{\"type\":\"image\",\"props\":{\"margin\":\"default\",\"image_svg_color\":\"emphasis\",\"image\":\"wp-content\\\/uploads\\\/2021\\\/02\\\/QASTOR2.jpg\"}}]},{\"type\":\"column\",\"props\":{\"image_position\":\"center-center\",\"media_overlay_gradient\":\"\",\"width_medium\":\"1-3\"},\"children\":[{\"type\":\"image\",\"props\":{\"margin\":\"default\",\"image_svg_color\":\"emphasis\",\"image\":\"wp-content\\\/uploads\\\/2021\\\/02\\\/QASTOR.jpg\"}}]},{\"type\":\"column\",\"props\":{\"image_position\":\"center-center\",\"media_overlay_gradient\":\"\",\"width_medium\":\"1-3\"},\"children\":[{\"type\":\"image\",\"props\":{\"margin\":\"default\",\"image_svg_color\":\"emphasis\",\"image\":\"wp-content\\\/uploads\\\/2021\\\/02\\\/QASTOR3.jpg\"}}]}]}]},{\"type\":\"section\",\"props\":{\"style\":\"default\",\"width\":\"default\",\"vertical_align\":\"middle\",\"title_position\":\"top-left\",\"title_rotation\":\"left\",\"title_breakpoint\":\"xl\",\"image_position\":\"center-center\"},\"children\":[{\"type\":\"row\",\"props\":{\"layout\":\"1-4,3-4\"},\"children\":[{\"type\":\"column\",\"props\":{\"image_position\":\"center-center\",\"media_overlay_gradient\":\"\",\"width_medium\":\"1-4\"},\"children\":[{\"type\":\"text\",\"props\":{\"margin\":\"default\",\"column_breakpoint\":\"m\",\"content\":\"\n\n<h3>Qastor 3<\\\/h3>\"}},{\"type\":\"text\",\"props\":{\"margin\":\"default\",\"column_breakpoint\":\"m\",\"content\":\"\n\n<h3>\\u00a0<\\\/h3>\\n\n\n<h3>Dodatek do dokowania<br \\\/>Dost\\u0119pne z:<br \\\/>Qastor<\\\/h3>\"}},{\"type\":\"text\",\"props\":{\"margin\":\"default\",\"column_breakpoint\":\"m\",\"content\":\"\n\n<h3>\\u00a0<\\\/h3>\\n\n\n<h3>Po\\u0142\\u0105cz si\\u0119 z serwerem<\\\/h3>\"}},{\"type\":\"text\",\"props\":{\"margin\":\"default\",\"column_breakpoint\":\"m\",\"content\":\"\n\n<h3>\\u00a0<\\\/h3>\\n\n\n<h3>Dodatek DUKC<br \\\/>Dost\\u0119pny z:<br \\\/>Connect Server<\\\/h3>\"}},{\"type\":\"text\",\"props\":{\"margin\":\"default\",\"column_breakpoint\":\"m\",\"content\":\"\n\n<h3>\\u00a0<\\\/h3>\\n\n\n<h3>Dodatek Hydro\\\/Meteo<br \\\/>Dost\\u0119pny z:<br \\\/>Connect Server<\\\/h3>\"}},{\"type\":\"text\",\"props\":{\"margin\":\"default\",\"column_breakpoint\":\"m\",\"content\":\"\n\n<h3>Dane na \\u017cywo Dodatek<br \\\/>Dost\\u0119pne z:<br \\\/>Connect Server<\\\/h3>\"}}]},{\"type\":\"column\",\"props\":{\"image_position\":\"center-center\",\"media_overlay_gradient\":\"\",\"width_medium\":\"3-4\"},\"children\":[{\"type\":\"text\",\"props\":{\"margin\":\"default\",\"column_breakpoint\":\"m\",\"content\":\"\n\n<p>Wy\\u015bwietlacz nawigacyjny pokazuj\\u0105cy pozycj\\u0119 statku do nawigacji wektorem pr\\u0119dko\\u015bci nad dnem i przewidywaniem \\u015bcie\\u017cki, kt\\u00f3re jest interaktywne z<br \\\/>z za\\u0142adowan\\u0105 map\\u0105. ENC s\\u0105 automatycznie aktualizowane w oparciu o zanurzenie statku i<br \\\/>prze\\u015bwit pod st\\u0119pk\\u0105. Qastor pozwala na pod\\u0142\\u0105czenie do \\u017ar\\u00f3d\\u0142a danych AIS dla wizualizacji i interakcji z AIS.<\\\/p>\"}},{\"type\":\"text\",\"props\":{\"margin\":\"default\",\"column_breakpoint\":\"m\",\"content\":\"\n\n<p>Dodatek Docking pozwala na prze\\u0142\\u0105czenie wy\\u015bwietlacza w tryb dokowania lub podej\\u015bcia do \\u015bluzy.<br \\\/>Tryb podej\\u015bcia, z wektorami pr\\u0119dko\\u015bci pokazywanymi od dziobu i rufy a tak\\u017ce odleg\\u0142o\\u015bci do \\u015bcian nabrze\\u017ca lub \\u015bluzy oraz wska\\u017aniki pr\\u0119dko\\u015bci z ramion dziobu i rufy.<br \\\/><br \\\/><\\\/p>\"}},{\"type\":\"text\",\"props\":{\"margin\":\"default\",\"column_breakpoint\":\"m\",\"content\":\"\n\n<p>Serwer Connect pozwala na po\\u0142\\u0105czenie pilota przez Internet z natychmiastow\\u0105 informacj\\u0105 w celu zwi\\u0119kszenia \\u015bwiadomo\\u015bci sytuacyjnej pilota. A Standardow\\u0105 funkcj\\u0105 Serwera Connect jest udost\\u0119pnianie informacji takich jak pliki adnotacji i najnowsze aktualizacje ENC dostarczane przez portowe biuro hydrograficzne.<\\\/p>\"}},{\"type\":\"text\",\"props\":{\"margin\":\"default\",\"column_breakpoint\":\"m\",\"content\":\"\n\n<p>Dodatek DUKC pozwala na dok\\u0142adn\\u0105 wizualizacj\\u0119 obszar\\u00f3w, w kt\\u00f3rych mo\\u017cna i nie mo\\u017cna p\\u0142yn\\u0105\\u0107, w oparciu o dynamiczny prze\\u015bwit pod st\\u0119pk\\u0105 statku. Dodatek ten dzia\\u0142a w po\\u0142\\u0105czeniu z oprogramowaniem OMC DUKC\\u00ae , kt\\u00f3re bierze pod uwag\\u0119 pr\\u0119dko\\u015b\\u0107 oraz typ i rozmiar statku.<\\\/p>\"}},{\"type\":\"text\",\"props\":{\"margin\":\"default\",\"column_breakpoint\":\"m\",\"content\":\"\n\n<p>\\u00a0<\\\/p>\\n\n\n<p>Dodatek Hydro\\\/Meteo wy\\u015bwietla informacje hydro- i meteorologiczne LIVE informacje takie jak wysoko\\u015b\\u0107 fali, kierunek i pr\\u0119dko\\u015b\\u0107 pr\\u0105du, kierunek i pr\\u0119dko\\u015b\\u0107 wiatru<br \\\/>kierunek i pr\\u0119dko\\u015b\\u0107 wiatru, itp. Wy\\u015bwietlane w\\u0142a\\u015bciwo\\u015bci zale\\u017c\\u0105 od czujnik\\u00f3w, kt\\u00f3re s\\u0105 po\\u0142\\u0105czone z serwerem Connect.<\\\/p>\"}},{\"type\":\"text\",\"props\":{\"margin\":\"default\",\"column_breakpoint\":\"m\",\"content\":\"\n\n<p>Dodatek -Dane na \\u017cywo umo\\u017cliwia wizualizacj\\u0119 w czasie rzeczywistym zatwierdzonego obrazu ruchu dostarczonego przez centrum VTS. Informacje te s\\u0105 wy\\u015bwietlane jako cele AIS w Qastorze i umo\\u017cliwiaj\\u0105 por\\u00f3wnanie informacji o celach AIS i VTS.<\\\/p>\"}}]}]}]}],\"version\":\"2.3.25\"} --><\/p>\n","protected":false},"excerpt":{"rendered":"<p>Oprogramowanie QPS Qastor Qastor to pakiet precyzyjnego oprogramowania nawigacyjnego do pilotowania i dokowania. Dzi\u0119ki mo\u017cliwo\u015bci aktualizacji informacji w czasie rzeczywistym, pozwala na najwy\u017csze bezpiecze\u0144stwo na morzu. Qastor wy\u015bwietla wiarygodne i dok\u0142adne dane o pozycji i kierunku, dla optymalnego planowania, \u015bwiadomo\u015bci sytuacyjnej i bezpiecze\u0144stwa w celu wsparcia wszelkich operacji morskich &#8211; pilotowania, dokowania, obs\u0142ugi statk\u00f3w, pozycjonowania [&hellip;]<\/p>\n","protected":false},"author":10,"featured_media":0,"parent":0,"menu_order":0,"comment_status":"closed","ping_status":"closed","template":"","meta":{"footnotes":""},"class_list":["post-8414","page","type-page","status-publish","hentry"],"yoast_head":"<!-- This site is optimized with the Yoast SEO plugin v27.4 - https:\/\/yoast.com\/product\/yoast-seo-wordpress\/ -->\n<title>Oprogramowanie QPS Qastor - ESCORT TECHNOLOGY<\/title>\n<meta name=\"robots\" content=\"index, follow, max-snippet:-1, max-image-preview:large, max-video-preview:-1\" \/>\n<link rel=\"canonical\" href=\"https:\/\/escort-technology.com\/pl\/oprogramowanie-qps-qastor\/\" \/>\n<meta property=\"og:locale\" content=\"pl_PL\" \/>\n<meta property=\"og:type\" content=\"article\" \/>\n<meta property=\"og:title\" content=\"Oprogramowanie QPS Qastor - ESCORT TECHNOLOGY\" \/>\n<meta property=\"og:description\" content=\"Oprogramowanie QPS Qastor Qastor to pakiet precyzyjnego oprogramowania nawigacyjnego do pilotowania i dokowania. Dzi\u0119ki mo\u017cliwo\u015bci aktualizacji informacji w czasie rzeczywistym, pozwala na najwy\u017csze bezpiecze\u0144stwo na morzu. Qastor wy\u015bwietla wiarygodne i dok\u0142adne dane o pozycji i kierunku, dla optymalnego planowania, \u015bwiadomo\u015bci sytuacyjnej i bezpiecze\u0144stwa w celu wsparcia wszelkich operacji morskich &#8211; pilotowania, dokowania, obs\u0142ugi statk\u00f3w, pozycjonowania [&hellip;]\" \/>\n<meta property=\"og:url\" content=\"https:\/\/escort-technology.com\/pl\/oprogramowanie-qps-qastor\/\" \/>\n<meta property=\"og:site_name\" content=\"ESCORT TECHNOLOGY\" \/>\n<meta property=\"article:publisher\" content=\"https:\/\/www.facebook.com\/elektronika.morska\/\" \/>\n<meta property=\"og:image\" content=\"https:\/\/escort-technology.com\/wp-content\/uploads\/2021\/02\/QASTOR2.jpg\" \/>\n<meta name=\"twitter:card\" content=\"summary_large_image\" \/>\n<meta name=\"twitter:label1\" content=\"Szacowany czas czytania\" \/>\n\t<meta name=\"twitter:data1\" content=\"3 minuty\" \/>\n<script type=\"application\/ld+json\" class=\"yoast-schema-graph\">{\"@context\":\"https:\\\/\\\/schema.org\",\"@graph\":[{\"@type\":\"WebPage\",\"@id\":\"https:\\\/\\\/escort-technology.com\\\/en\\\/oprogramowanie-qps-qastor\\\/\",\"url\":\"https:\\\/\\\/escort-technology.com\\\/en\\\/oprogramowanie-qps-qastor\\\/\",\"name\":\"Oprogramowanie QPS Qastor - ESCORT TECHNOLOGY\",\"isPartOf\":{\"@id\":\"http:\\\/\\\/escort-technology.com\\\/de\\\/#website\"},\"datePublished\":\"2021-04-23T12:34:23+00:00\",\"breadcrumb\":{\"@id\":\"https:\\\/\\\/escort-technology.com\\\/en\\\/oprogramowanie-qps-qastor\\\/#breadcrumb\"},\"inLanguage\":\"pl-PL\",\"potentialAction\":[{\"@type\":\"ReadAction\",\"target\":[\"https:\\\/\\\/escort-technology.com\\\/en\\\/oprogramowanie-qps-qastor\\\/\"]}]},{\"@type\":\"BreadcrumbList\",\"@id\":\"https:\\\/\\\/escort-technology.com\\\/en\\\/oprogramowanie-qps-qastor\\\/#breadcrumb\",\"itemListElement\":[{\"@type\":\"ListItem\",\"position\":1,\"name\":\"Strona g\u0142\u00f3wna\",\"item\":\"https:\\\/\\\/escort-technology.com\\\/\"},{\"@type\":\"ListItem\",\"position\":2,\"name\":\"Oprogramowanie QPS Qastor\"}]},{\"@type\":\"WebSite\",\"@id\":\"http:\\\/\\\/escort-technology.com\\\/de\\\/#website\",\"url\":\"http:\\\/\\\/escort-technology.com\\\/de\\\/\",\"name\":\"ESCORT TECHNOLOGY\",\"description\":\"Elektronika morska i l\u0105dowa\",\"publisher\":{\"@id\":\"http:\\\/\\\/escort-technology.com\\\/de\\\/#organization\"},\"potentialAction\":[{\"@type\":\"SearchAction\",\"target\":{\"@type\":\"EntryPoint\",\"urlTemplate\":\"http:\\\/\\\/escort-technology.com\\\/de\\\/?s={search_term_string}\"},\"query-input\":{\"@type\":\"PropertyValueSpecification\",\"valueRequired\":true,\"valueName\":\"search_term_string\"}}],\"inLanguage\":\"pl-PL\"},{\"@type\":\"Organization\",\"@id\":\"http:\\\/\\\/escort-technology.com\\\/de\\\/#organization\",\"name\":\"ESCORT TECHNOLOGY\",\"url\":\"http:\\\/\\\/escort-technology.com\\\/de\\\/\",\"logo\":{\"@type\":\"ImageObject\",\"inLanguage\":\"pl-PL\",\"@id\":\"http:\\\/\\\/escort-technology.com\\\/de\\\/#\\\/schema\\\/logo\\\/image\\\/\",\"url\":\"https:\\\/\\\/escort-technology.com\\\/wp-content\\\/uploads\\\/logo-1.jpg\",\"contentUrl\":\"https:\\\/\\\/escort-technology.com\\\/wp-content\\\/uploads\\\/logo-1.jpg\",\"width\":600,\"height\":165,\"caption\":\"ESCORT TECHNOLOGY\"},\"image\":{\"@id\":\"http:\\\/\\\/escort-technology.com\\\/de\\\/#\\\/schema\\\/logo\\\/image\\\/\"},\"sameAs\":[\"https:\\\/\\\/www.facebook.com\\\/elektronika.morska\\\/\",\"https:\\\/\\\/www.linkedin.com\\\/company\\\/escort-sp-z-o-o-\\\/\"]}]}<\/script>\n<!-- \/ Yoast SEO plugin. -->","yoast_head_json":{"title":"Oprogramowanie QPS Qastor - ESCORT TECHNOLOGY","robots":{"index":"index","follow":"follow","max-snippet":"max-snippet:-1","max-image-preview":"max-image-preview:large","max-video-preview":"max-video-preview:-1"},"canonical":"https:\/\/escort-technology.com\/pl\/oprogramowanie-qps-qastor\/","og_locale":"pl_PL","og_type":"article","og_title":"Oprogramowanie QPS Qastor - ESCORT TECHNOLOGY","og_description":"Oprogramowanie QPS Qastor Qastor to pakiet precyzyjnego oprogramowania nawigacyjnego do pilotowania i dokowania. Dzi\u0119ki mo\u017cliwo\u015bci aktualizacji informacji w czasie rzeczywistym, pozwala na najwy\u017csze bezpiecze\u0144stwo na morzu. Qastor wy\u015bwietla wiarygodne i dok\u0142adne dane o pozycji i kierunku, dla optymalnego planowania, \u015bwiadomo\u015bci sytuacyjnej i bezpiecze\u0144stwa w celu wsparcia wszelkich operacji morskich &#8211; pilotowania, dokowania, obs\u0142ugi statk\u00f3w, pozycjonowania [&hellip;]","og_url":"https:\/\/escort-technology.com\/pl\/oprogramowanie-qps-qastor\/","og_site_name":"ESCORT TECHNOLOGY","article_publisher":"https:\/\/www.facebook.com\/elektronika.morska\/","og_image":[{"url":"https:\/\/escort-technology.com\/wp-content\/uploads\/2021\/02\/QASTOR2.jpg","type":"","width":"","height":""}],"twitter_card":"summary_large_image","twitter_misc":{"Szacowany czas czytania":"3 minuty"},"schema":{"@context":"https:\/\/schema.org","@graph":[{"@type":"WebPage","@id":"https:\/\/escort-technology.com\/en\/oprogramowanie-qps-qastor\/","url":"https:\/\/escort-technology.com\/en\/oprogramowanie-qps-qastor\/","name":"Oprogramowanie QPS Qastor - ESCORT TECHNOLOGY","isPartOf":{"@id":"http:\/\/escort-technology.com\/de\/#website"},"datePublished":"2021-04-23T12:34:23+00:00","breadcrumb":{"@id":"https:\/\/escort-technology.com\/en\/oprogramowanie-qps-qastor\/#breadcrumb"},"inLanguage":"pl-PL","potentialAction":[{"@type":"ReadAction","target":["https:\/\/escort-technology.com\/en\/oprogramowanie-qps-qastor\/"]}]},{"@type":"BreadcrumbList","@id":"https:\/\/escort-technology.com\/en\/oprogramowanie-qps-qastor\/#breadcrumb","itemListElement":[{"@type":"ListItem","position":1,"name":"Strona g\u0142\u00f3wna","item":"https:\/\/escort-technology.com\/"},{"@type":"ListItem","position":2,"name":"Oprogramowanie QPS Qastor"}]},{"@type":"WebSite","@id":"http:\/\/escort-technology.com\/de\/#website","url":"http:\/\/escort-technology.com\/de\/","name":"ESCORT TECHNOLOGY","description":"Elektronika morska i l\u0105dowa","publisher":{"@id":"http:\/\/escort-technology.com\/de\/#organization"},"potentialAction":[{"@type":"SearchAction","target":{"@type":"EntryPoint","urlTemplate":"http:\/\/escort-technology.com\/de\/?s={search_term_string}"},"query-input":{"@type":"PropertyValueSpecification","valueRequired":true,"valueName":"search_term_string"}}],"inLanguage":"pl-PL"},{"@type":"Organization","@id":"http:\/\/escort-technology.com\/de\/#organization","name":"ESCORT TECHNOLOGY","url":"http:\/\/escort-technology.com\/de\/","logo":{"@type":"ImageObject","inLanguage":"pl-PL","@id":"http:\/\/escort-technology.com\/de\/#\/schema\/logo\/image\/","url":"https:\/\/escort-technology.com\/wp-content\/uploads\/logo-1.jpg","contentUrl":"https:\/\/escort-technology.com\/wp-content\/uploads\/logo-1.jpg","width":600,"height":165,"caption":"ESCORT TECHNOLOGY"},"image":{"@id":"http:\/\/escort-technology.com\/de\/#\/schema\/logo\/image\/"},"sameAs":["https:\/\/www.facebook.com\/elektronika.morska\/","https:\/\/www.linkedin.com\/company\/escort-sp-z-o-o-\/"]}]}},"_links":{"self":[{"href":"https:\/\/escort-technology.com\/pl\/wp-json\/wp\/v2\/pages\/8414","targetHints":{"allow":["GET"]}}],"collection":[{"href":"https:\/\/escort-technology.com\/pl\/wp-json\/wp\/v2\/pages"}],"about":[{"href":"https:\/\/escort-technology.com\/pl\/wp-json\/wp\/v2\/types\/page"}],"author":[{"embeddable":true,"href":"https:\/\/escort-technology.com\/pl\/wp-json\/wp\/v2\/users\/10"}],"replies":[{"embeddable":true,"href":"https:\/\/escort-technology.com\/pl\/wp-json\/wp\/v2\/comments?post=8414"}],"version-history":[{"count":4,"href":"https:\/\/escort-technology.com\/pl\/wp-json\/wp\/v2\/pages\/8414\/revisions"}],"predecessor-version":[{"id":8424,"href":"https:\/\/escort-technology.com\/pl\/wp-json\/wp\/v2\/pages\/8414\/revisions\/8424"}],"wp:attachment":[{"href":"https:\/\/escort-technology.com\/pl\/wp-json\/wp\/v2\/media?parent=8414"}],"curies":[{"name":"wp","href":"https:\/\/api.w.org\/{rel}","templated":true}]}}