{"id":8487,"date":"2021-03-09T14:04:10","date_gmt":"2021-03-09T13:04:10","guid":{"rendered":"https:\/\/escort-technology.com\/?page_id=8487"},"modified":"2021-03-09T14:05:26","modified_gmt":"2021-03-09T13:05:26","slug":"echosonda-parametryczna-innomar-standard","status":"publish","type":"page","link":"https:\/\/escort-technology.com\/pl\/echosonda-parametryczna-innomar-standard\/","title":{"rendered":"Echosonda parametryczna Innomar Standard"},"content":{"rendered":"<h1>\n<h1 class=\"uk-article-title\">Echosonda parametryczna Innomar standard<\/h1>\n<\/h1>\n<hr>\n<p><img decoding=\"async\" src=\"\/wp-content\/uploads\/2021\/02\/Innomar_standard_topside-left.png\" alt=\"\"><\/p>\n<p>\n    <a href=\"\/innomar-flyer\/Innomar-standard-SBP_7U_Flyer.pdf\">Broszura <\/a>\n<\/p>\n<div>\n<p>Z szerokiej gamy echosond parametrycznych\u00a0 Innomar, standardowy model Innomar jest najbardziej wszechstronny: jest wystarczaj\u0105co ma\u0142y, aby m\u00f3g\u0142 by\u0107 u\u017cywany na ma\u0142ych \u0142odziach do bada\u0144 przybrze\u017cnych, ale r\u00f3wnie\u017c wystarczaj\u0105co wydajny, aby m\u00f3g\u0142 by\u0107 stosowany do bada\u0144 morskich do g\u0142\u0119boko\u015bci 500 metr\u00f3w.<\/p>\n<p>Wysoka cz\u0119stotliwo\u015b\u0107 ping\u00f3w, niewielki rozmiar i mo\u017cliwo\u015b\u0107 transmisji impuls\u00f3w d\u017awi\u0119kowych w szerokim zakresie cz\u0119stotliwo\u015bci zapewniaj\u0105 dane o dnie morza z doskona\u0142\u0105 rozdzielczo\u015bci\u0105 i bardzo dobr\u0105 penetracj\u0105 osad\u00f3w. Elektroniczna stabilizacja wi\u0105zki daje dobre wyniki r\u00f3wnie\u017c w z\u0142ych warunkach pogodowych.<\/p>\n<p>Przyjazne dla u\u017cytkownika oprogramowanie do akwizycji danych i sterowania systemem (SESWIN) umo\u017cliwia zdaln\u0105 prac\u0119 w sieci, jak r\u00f3wnie\u017c zdaln\u0105 wizualizacj\u0119 danych.<\/p>\n<p>Standardowy model Innomar pozyskuje dane pe\u0142nofalowe, kt\u00f3re mog\u0105 by\u0107 przetwarzane przez dowolne oprogramowanie sejsmiczne (format SEG-Y). Innomar dostarcza r\u00f3wnie\u017c oprogramowanie do postprocessingu ISE specjalizowane dla danych Innomar SBP.<\/p>\n<p>Model ten by\u0142 pierwszym modelem Innomar SBP (&#8222;SES-96 standard&#8221;), wprowadzonym na rynek mi\u0119dzynarodowy w 1997 roku. Najnowsza generacja zosta\u0142a wprowadzona na rynek pod koniec 2020 roku.<\/p>\n<p>Model &#8222;Innomar standard&#8221; by\u0142 wcze\u015bniej znany r\u00f3wnie\u017c jako &#8222;SES-96 standard&#8221;, &#8222;SES-2000 standard&#8221; i &#8222;SES standard&#8221;.<\/p>\n<\/div>\n<p><img decoding=\"async\" src=\"\/wp-content\/uploads\/2021\/02\/echoprint-shallow-06.jpg\" alt=\"\"><\/p>\n<div>\n<p style=\"text-align: center;\">Przyk\u0142ad standardowych danych SBP firmy Innomar (cz\u0119stotliwo\u015b\u0107 8kHz; zakres 160-205m)<\/p>\n<\/div>\n<div>\n<h2 style=\"text-align: left;\">Specyfikacja techniczna\u00a0<\/h2>\n<table width=\"100%\">\n<colgroup>\n<col width=\"40%\" \/>\n<col width=\"60%\" \/> <\/colgroup>\n<tbody>\n<tr>\n<td>Zakres g\u0142\u0119boko\u015bci\u00a0<\/td>\n<td>0.5\u2009\u2013\u2009500\u2009m<\/td>\n<\/tr>\n<tr>\n<td>Penetracja osad\u00f3w<\/td>\n<td>do 50 m (w zale\u017cno\u015bci od rodzaju osad\u00f3w i ha\u0142asu)<\/td>\n<\/tr>\n<tr>\n<td>Zasi\u0119g \/ Rozdzielczo\u015b\u0107 warstwy<\/td>\n<td>ok. 1\u2009cm \/ do 5\u2009cm<\/td>\n<\/tr>\n<tr>\n<td>Szeroko\u015b\u0107 wi\u0105zki nadawczej (-3dB)<\/td>\n<td>ok. \u00b12\u00b0 \/ powierzchnia &lt;7% g\u0142\u0119boko\u015bci wody<\/td>\n<\/tr>\n<tr>\n<td>Cz\u0119stotliwo\u015bci podstawowe (PF)<\/td>\n<td>ok. 100\u2009kHz (pasmo cz\u0119stotliwo\u015bci 85\u2009\u2013\u2009115\u2009kHz)<\/td>\n<\/tr>\n<tr>\n<td>PF Poziom \u017ar\u00f3d\u0142a \/ Moc akustyczna<\/td>\n<td>&gt;240\u2009dB\/\/\u00b5Pa\u2009re\u20091m \/ ~3.5\u2009kW<\/td>\n<\/tr>\n<tr>\n<td>Wt\u00f3rna niska cz\u0119stotliwo\u015b\u0107 (SLF)<\/td>\n<td>Cz\u0119stotliwo\u015b\u0107 \u015brodkowa wybierana przez u\u017cytkownika: 4, 5, 6, 8, 10, 12, 15 kHz<br \/>(ca\u0142kowite pasmo cz\u0119stotliwo\u015bci 2 &#8211; 22 kHz)<\/td>\n<\/tr>\n<tr>\n<td>Szeroko\u015b\u0107 impulsu<\/td>\n<td>user selectable 0.07\u2009\u2013\u20091.5\u2009ms<\/td>\n<\/tr>\n<tr>\n<td>Typ impulsu<\/td>\n<td>Ricker, CW, LFM chirp<\/td>\n<\/tr>\n<tr>\n<td>Szybko\u015b\u0107 pingowania<\/td>\n<td>do 60\u2009pings\/s<\/td>\n<\/tr>\n<tr>\n<td>Jednostka nadawcza (Transceiver)<\/td>\n<td>W\u20090.52m \u00d7 D\u20090.40m \u00d7 H\u20090.34m (19&#8221;\/7U) \/ 35kg<\/td>\n<\/tr>\n<tr>\n<td>Przetwornik (kabel 30 m)<\/td>\n<td>W\u20090.34m \u00d7 D\u20090.26m \u00d7 H\u20090.08m \/ 30kg z kablem<\/td>\n<\/tr>\n<tr>\n<td>Kompensacja Heave \/ Roll \/ Pitch\u00a0<\/td>\n<td>heave, roll (w zale\u017cno\u015bci od danych z czujnik\u00f3w zewn\u0119trznych)<\/td>\n<\/tr>\n<tr>\n<td>Akwizycja danych<\/td>\n<td>Cyfrowy 16 (24) bit @ 96 kHz cz\u0119stotliwo\u015b\u0107 pr\u00f3bkowania;<br \/>PF dane z echosondy o obwiedni 100 kHz \/ \u015blad dna;<br \/>SLF pe\u0142nofalowe dane pod dnem<\/td>\n<\/tr>\n<tr>\n<td>Wej\u015bcie pomocnicze<\/td>\n<td>GNSS, HRP sensor, trigger<\/td>\n<\/tr>\n<tr>\n<td>Wyj\u015bcie pomocnicze<\/td>\n<td>trigger, bottom track, analogue SLF<\/td>\n<\/tr>\n<tr>\n<td>Zasilanie<\/td>\n<td>100-240 V AC \/ &lt;300 W<br \/>opcjonalny zewn\u0119trzny inwerter pr\u0105du sta\u0142ego (12 V lub 24 V)<\/td>\n<\/tr>\n<tr>\n<td>Sterowanie \/ Przechowywanie danych PC<\/td>\n<td>Wewn\u0119trzny komputer PC (Windows\u00ae 10); w zestawie<\/td>\n<\/tr>\n<\/tbody>\n<\/table>\n<\/div>\n<p><!-- {\"type\":\"layout\",\"children\":[{\"type\":\"section\",\"props\":{\"style\":\"default\",\"width\":\"default\",\"vertical_align\":\"middle\",\"title_position\":\"top-left\",\"title_rotation\":\"left\",\"title_breakpoint\":\"xl\",\"image_position\":\"center-center\"},\"children\":[{\"type\":\"row\",\"children\":[{\"type\":\"column\",\"props\":{\"image_position\":\"center-center\",\"media_overlay_gradient\":\"\"},\"children\":[{\"type\":\"headline\",\"props\":{\"title_element\":\"h1\",\"content\":\"\n\n<h1 class=\\\"uk-article-title\\\">Echosonda parametryczna Innomar standard<\\\/h1>\"}},{\"type\":\"divider\",\"props\":{\"divider_element\":\"hr\"}}]}]}]},{\"type\":\"section\",\"props\":{\"style\":\"default\",\"width\":\"default\",\"vertical_align\":\"middle\",\"title_position\":\"top-left\",\"title_rotation\":\"left\",\"title_breakpoint\":\"xl\",\"image_position\":\"center-center\"},\"children\":[{\"type\":\"row\",\"props\":{\"layout\":\"1-2,1-2\"},\"children\":[{\"type\":\"column\",\"props\":{\"image_position\":\"center-center\",\"media_overlay_gradient\":\"\",\"width_medium\":\"1-2\"},\"children\":[{\"type\":\"image\",\"props\":{\"margin\":\"default\",\"image_svg_color\":\"emphasis\",\"image\":\"wp-content\\\/uploads\\\/2021\\\/02\\\/Innomar_standard_topside-left.png\"}},{\"type\":\"button\",\"props\":{\"grid_column_gap\":\"small\",\"grid_row_gap\":\"small\",\"margin\":\"default\",\"text_align\":\"center\"},\"children\":[{\"type\":\"button_item\",\"props\":{\"button_style\":\"default\",\"icon_align\":\"left\",\"content\":\"Broszura \",\"link\":\"innomar-flyer\\\/Innomar-standard-SBP_7U_Flyer.pdf\"}}]}]},{\"type\":\"column\",\"props\":{\"image_position\":\"center-center\",\"media_overlay_gradient\":\"\",\"width_medium\":\"1-2\"},\"children\":[{\"type\":\"text\",\"props\":{\"margin\":\"default\",\"column_breakpoint\":\"m\",\"content\":\"\n\n<p>Z szerokiej gamy echosond parametrycznych\\u00a0 Innomar, standardowy model Innomar jest najbardziej wszechstronny: jest wystarczaj\\u0105co ma\\u0142y, aby m\\u00f3g\\u0142 by\\u0107 u\\u017cywany na ma\\u0142ych \\u0142odziach do bada\\u0144 przybrze\\u017cnych, ale r\\u00f3wnie\\u017c wystarczaj\\u0105co wydajny, aby m\\u00f3g\\u0142 by\\u0107 stosowany do bada\\u0144 morskich do g\\u0142\\u0119boko\\u015bci 500 metr\\u00f3w.<\\\/p>\\n\n\n<p>Wysoka cz\\u0119stotliwo\\u015b\\u0107 ping\\u00f3w, niewielki rozmiar i mo\\u017cliwo\\u015b\\u0107 transmisji impuls\\u00f3w d\\u017awi\\u0119kowych w szerokim zakresie cz\\u0119stotliwo\\u015bci zapewniaj\\u0105 dane o dnie morza z doskona\\u0142\\u0105 rozdzielczo\\u015bci\\u0105 i bardzo dobr\\u0105 penetracj\\u0105 osad\\u00f3w. Elektroniczna stabilizacja wi\\u0105zki daje dobre wyniki r\\u00f3wnie\\u017c w z\\u0142ych warunkach pogodowych.<\\\/p>\\n\n\n<p>Przyjazne dla u\\u017cytkownika oprogramowanie do akwizycji danych i sterowania systemem (SESWIN) umo\\u017cliwia zdaln\\u0105 prac\\u0119 w sieci, jak r\\u00f3wnie\\u017c zdaln\\u0105 wizualizacj\\u0119 danych.<\\\/p>\\n\n\n<p>Standardowy model Innomar pozyskuje dane pe\\u0142nofalowe, kt\\u00f3re mog\\u0105 by\\u0107 przetwarzane przez dowolne oprogramowanie sejsmiczne (format SEG-Y). Innomar dostarcza r\\u00f3wnie\\u017c oprogramowanie do postprocessingu ISE specjalizowane dla danych Innomar SBP.<\\\/p>\\n\n\n<p>Model ten by\\u0142 pierwszym modelem Innomar SBP (\\\"SES-96 standard\\\"), wprowadzonym na rynek mi\\u0119dzynarodowy w 1997 roku. Najnowsza generacja zosta\\u0142a wprowadzona na rynek pod koniec 2020 roku.<\\\/p>\\n\n\n<p>Model \\\"Innomar standard\\\" by\\u0142 wcze\\u015bniej znany r\\u00f3wnie\\u017c jako \\\"SES-96 standard\\\", \\\"SES-2000 standard\\\" i \\\"SES standard\\\".<\\\/p>\"}}]}]}]},{\"type\":\"section\",\"props\":{\"style\":\"default\",\"width\":\"default\",\"vertical_align\":\"middle\",\"title_position\":\"top-left\",\"title_rotation\":\"left\",\"title_breakpoint\":\"xl\",\"image_position\":\"center-center\"},\"children\":[{\"type\":\"row\",\"children\":[{\"type\":\"column\",\"props\":{\"image_position\":\"center-center\",\"media_overlay_gradient\":\"\"},\"children\":[{\"type\":\"image\",\"props\":{\"margin\":\"default\",\"image_svg_color\":\"emphasis\",\"image\":\"wp-content\\\/uploads\\\/2021\\\/02\\\/echoprint-shallow-06.jpg\",\"text_align\":\"center\"}},{\"type\":\"text\",\"props\":{\"margin\":\"default\",\"column_breakpoint\":\"m\",\"content\":\"\n\n<p style=\\\"text-align: center;\\\">Przyk\\u0142ad standardowych danych SBP firmy Innomar (cz\\u0119stotliwo\\u015b\\u0107 8kHz; zakres 160-205m)<\\\/p>\"}}]}]}]},{\"type\":\"section\",\"props\":{\"style\":\"secondary\",\"width\":\"default\",\"vertical_align\":\"middle\",\"title_position\":\"top-left\",\"title_rotation\":\"left\",\"title_breakpoint\":\"xl\",\"image_position\":\"center-center\"},\"children\":[{\"type\":\"row\",\"children\":[{\"type\":\"column\",\"props\":{\"image_position\":\"center-center\",\"media_overlay_gradient\":\"\"},\"children\":[{\"type\":\"text\",\"props\":{\"margin\":\"default\",\"column_breakpoint\":\"m\",\"content\":\"\n\n<h2 style=\\\"text-align: left;\\\">Specyfikacja techniczna\\u00a0<\\\/h2>\\n\n\n<table width=\\\"100%\\\">\n\n<colgroup> \n\n<col width=\\\"40%\\\" \\\/> \n\n<col width=\\\"60%\\\" \\\/> <\\\/colgroup>\\n\n\n<tbody>\\n\n\n<tr>\\n\n\n<td>Zakres g\\u0142\\u0119boko\\u015bci\\u00a0<\\\/td>\\n\n\n<td>0.5\\u2009\\u2013\\u2009500\\u2009m<\\\/td>\\n<\\\/tr>\\n\n\n<tr>\\n\n\n<td>Penetracja osad\\u00f3w<\\\/td>\\n\n\n<td>do 50 m (w zale\\u017cno\\u015bci od rodzaju osad\\u00f3w i ha\\u0142asu)<\\\/td>\\n<\\\/tr>\\n\n\n<tr>\\n\n\n<td>Zasi\\u0119g \\\/ Rozdzielczo\\u015b\\u0107 warstwy<\\\/td>\\n\n\n<td>ok. 1\\u2009cm \\\/ do 5\\u2009cm<\\\/td>\\n<\\\/tr>\\n\n\n<tr>\\n\n\n<td>Szeroko\\u015b\\u0107 wi\\u0105zki nadawczej (-3dB)<\\\/td>\\n\n\n<td>ok. \\u00b12\\u00b0 \\\/ powierzchnia &lt;7% g\\u0142\\u0119boko\\u015bci wody<\\\/td>\\n<\\\/tr>\\n\n\n<tr>\\n\n\n<td>Cz\\u0119stotliwo\\u015bci podstawowe (PF)<\\\/td>\\n\n\n<td>ok. 100\\u2009kHz (pasmo cz\\u0119stotliwo\\u015bci 85\\u2009\\u2013\\u2009115\\u2009kHz)<\\\/td>\\n<\\\/tr>\\n\n\n<tr>\\n\n\n<td>PF Poziom \\u017ar\\u00f3d\\u0142a \\\/ Moc akustyczna<\\\/td>\\n\n\n<td>&gt;240\\u2009dB\\\/\\\/\\u00b5Pa\\u2009re\\u20091m \\\/ ~3.5\\u2009kW<\\\/td>\\n<\\\/tr>\\n\n\n<tr>\\n\n\n<td>Wt\\u00f3rna niska cz\\u0119stotliwo\\u015b\\u0107 (SLF)<\\\/td>\\n\n\n<td>Cz\\u0119stotliwo\\u015b\\u0107 \\u015brodkowa wybierana przez u\\u017cytkownika: 4, 5, 6, 8, 10, 12, 15 kHz<br \\\/>(ca\\u0142kowite pasmo cz\\u0119stotliwo\\u015bci 2 - 22 kHz)<\\\/td>\\n<\\\/tr>\\n\n\n<tr>\\n\n\n<td>Szeroko\\u015b\\u0107 impulsu<\\\/td>\\n\n\n<td>user selectable 0.07\\u2009\\u2013\\u20091.5\\u2009ms<\\\/td>\\n<\\\/tr>\\n\n\n<tr>\\n\n\n<td>Typ impulsu<\\\/td>\\n\n\n<td>Ricker, CW, LFM chirp<\\\/td>\\n<\\\/tr>\\n\n\n<tr>\\n\n\n<td>Szybko\\u015b\\u0107 pingowania<\\\/td>\\n\n\n<td>do 60\\u2009pings\\\/s<\\\/td>\\n<\\\/tr>\\n\n\n<tr>\\n\n\n<td>Jednostka nadawcza (Transceiver)<\\\/td>\\n\n\n<td>W\\u20090.52m \\u00d7 D\\u20090.40m \\u00d7 H\\u20090.34m (19''\\\/7U) \\\/ 35kg<\\\/td>\\n<\\\/tr>\\n\n\n<tr>\\n\n\n<td>Przetwornik (kabel 30 m)<\\\/td>\\n\n\n<td>W\\u20090.34m \\u00d7 D\\u20090.26m \\u00d7 H\\u20090.08m \\\/ 30kg z kablem<\\\/td>\\n<\\\/tr>\\n\n\n<tr>\\n\n\n<td>Kompensacja Heave \\\/ Roll \\\/ Pitch\\u00a0<\\\/td>\\n\n\n<td>heave, roll (w zale\\u017cno\\u015bci od danych z czujnik\\u00f3w zewn\\u0119trznych)<\\\/td>\\n<\\\/tr>\\n\n\n<tr>\\n\n\n<td>Akwizycja danych<\\\/td>\\n\n\n<td>Cyfrowy 16 (24) bit @ 96 kHz cz\\u0119stotliwo\\u015b\\u0107 pr\\u00f3bkowania;<br \\\/>PF dane z echosondy o obwiedni 100 kHz \\\/ \\u015blad dna;<br \\\/>SLF pe\\u0142nofalowe dane pod dnem<\\\/td>\\n<\\\/tr>\\n\n\n<tr>\\n\n\n<td>Wej\\u015bcie pomocnicze<\\\/td>\\n\n\n<td>GNSS, HRP sensor, trigger<\\\/td>\\n<\\\/tr>\\n\n\n<tr>\\n\n\n<td>Wyj\\u015bcie pomocnicze<\\\/td>\\n\n\n<td>trigger, bottom track, analogue SLF<\\\/td>\\n<\\\/tr>\\n\n\n<tr>\\n\n\n<td>Zasilanie<\\\/td>\\n\n\n<td>100-240 V AC \\\/ &lt;300 W<br \\\/>opcjonalny zewn\\u0119trzny inwerter pr\\u0105du sta\\u0142ego (12 V lub 24 V)<\\\/td>\\n<\\\/tr>\\n\n\n<tr>\\n\n\n<td>Sterowanie \\\/ Przechowywanie danych PC<\\\/td>\\n\n\n<td>Wewn\\u0119trzny komputer PC (Windows\\u00ae 10); w zestawie<\\\/td>\\n<\\\/tr>\\n<\\\/tbody>\\n<\\\/table>\"}}]}]}]}],\"version\":\"2.3.25\"} --><\/p>\n","protected":false},"excerpt":{"rendered":"<p>Echosonda parametryczna Innomar standard Broszura Z szerokiej gamy echosond parametrycznych\u00a0 Innomar, standardowy model Innomar jest najbardziej wszechstronny: jest wystarczaj\u0105co ma\u0142y, aby m\u00f3g\u0142 by\u0107 u\u017cywany na ma\u0142ych \u0142odziach do bada\u0144 przybrze\u017cnych, ale r\u00f3wnie\u017c wystarczaj\u0105co wydajny, aby m\u00f3g\u0142 by\u0107 stosowany do bada\u0144 morskich do g\u0142\u0119boko\u015bci 500 metr\u00f3w. Wysoka cz\u0119stotliwo\u015b\u0107 ping\u00f3w, niewielki rozmiar i mo\u017cliwo\u015b\u0107 transmisji impuls\u00f3w d\u017awi\u0119kowych [&hellip;]<\/p>\n","protected":false},"author":10,"featured_media":0,"parent":0,"menu_order":0,"comment_status":"closed","ping_status":"closed","template":"","meta":{"footnotes":""},"class_list":["post-8487","page","type-page","status-publish","hentry"],"yoast_head":"<!-- This site is optimized with the Yoast SEO plugin v27.5 - https:\/\/yoast.com\/product\/yoast-seo-wordpress\/ -->\n<title>Echosonda parametryczna Innomar Standard - ESCORT TECHNOLOGY<\/title>\n<meta name=\"robots\" content=\"index, follow, max-snippet:-1, max-image-preview:large, max-video-preview:-1\" \/>\n<link rel=\"canonical\" href=\"https:\/\/escort-technology.com\/pl\/echosonda-parametryczna-innomar-standard\/\" \/>\n<meta property=\"og:locale\" content=\"pl_PL\" \/>\n<meta property=\"og:type\" content=\"article\" \/>\n<meta property=\"og:title\" content=\"Echosonda parametryczna Innomar Standard - ESCORT TECHNOLOGY\" \/>\n<meta property=\"og:description\" content=\"Echosonda parametryczna Innomar standard Broszura Z szerokiej gamy echosond parametrycznych\u00a0 Innomar, standardowy model Innomar jest najbardziej wszechstronny: jest wystarczaj\u0105co ma\u0142y, aby m\u00f3g\u0142 by\u0107 u\u017cywany na ma\u0142ych \u0142odziach do bada\u0144 przybrze\u017cnych, ale r\u00f3wnie\u017c wystarczaj\u0105co wydajny, aby m\u00f3g\u0142 by\u0107 stosowany do bada\u0144 morskich do g\u0142\u0119boko\u015bci 500 metr\u00f3w. Wysoka cz\u0119stotliwo\u015b\u0107 ping\u00f3w, niewielki rozmiar i mo\u017cliwo\u015b\u0107 transmisji impuls\u00f3w d\u017awi\u0119kowych [&hellip;]\" \/>\n<meta property=\"og:url\" content=\"https:\/\/escort-technology.com\/pl\/echosonda-parametryczna-innomar-standard\/\" \/>\n<meta property=\"og:site_name\" content=\"ESCORT TECHNOLOGY\" \/>\n<meta property=\"article:publisher\" content=\"https:\/\/www.facebook.com\/elektronika.morska\/\" \/>\n<meta property=\"article:modified_time\" content=\"2021-03-09T13:05:26+00:00\" \/>\n<meta property=\"og:image\" content=\"https:\/\/escort-technology.com\/wp-content\/uploads\/2021\/02\/Innomar_standard_topside-left.png\" \/>\n<meta name=\"twitter:card\" content=\"summary_large_image\" \/>\n<meta name=\"twitter:label1\" content=\"Szacowany czas czytania\" \/>\n\t<meta name=\"twitter:data1\" content=\"2 minuty\" \/>\n<script type=\"application\/ld+json\" class=\"yoast-schema-graph\">{\"@context\":\"https:\\\/\\\/schema.org\",\"@graph\":[{\"@type\":\"WebPage\",\"@id\":\"https:\\\/\\\/escort-technology.com\\\/pl\\\/echosonda-parametryczna-innomar-standard\\\/\",\"url\":\"https:\\\/\\\/escort-technology.com\\\/pl\\\/echosonda-parametryczna-innomar-standard\\\/\",\"name\":\"Echosonda parametryczna Innomar Standard - ESCORT TECHNOLOGY\",\"isPartOf\":{\"@id\":\"http:\\\/\\\/escort-technology.com\\\/de\\\/#website\"},\"datePublished\":\"2021-03-09T13:04:10+00:00\",\"dateModified\":\"2021-03-09T13:05:26+00:00\",\"breadcrumb\":{\"@id\":\"https:\\\/\\\/escort-technology.com\\\/pl\\\/echosonda-parametryczna-innomar-standard\\\/#breadcrumb\"},\"inLanguage\":\"pl-PL\",\"potentialAction\":[{\"@type\":\"ReadAction\",\"target\":[\"https:\\\/\\\/escort-technology.com\\\/pl\\\/echosonda-parametryczna-innomar-standard\\\/\"]}]},{\"@type\":\"BreadcrumbList\",\"@id\":\"https:\\\/\\\/escort-technology.com\\\/pl\\\/echosonda-parametryczna-innomar-standard\\\/#breadcrumb\",\"itemListElement\":[{\"@type\":\"ListItem\",\"position\":1,\"name\":\"Strona g\u0142\u00f3wna\",\"item\":\"https:\\\/\\\/escort-technology.com\\\/\"},{\"@type\":\"ListItem\",\"position\":2,\"name\":\"Echosonda parametryczna Innomar Standard\"}]},{\"@type\":\"WebSite\",\"@id\":\"http:\\\/\\\/escort-technology.com\\\/de\\\/#website\",\"url\":\"http:\\\/\\\/escort-technology.com\\\/de\\\/\",\"name\":\"ESCORT TECHNOLOGY\",\"description\":\"Elektronika morska i l\u0105dowa\",\"publisher\":{\"@id\":\"http:\\\/\\\/escort-technology.com\\\/de\\\/#organization\"},\"potentialAction\":[{\"@type\":\"SearchAction\",\"target\":{\"@type\":\"EntryPoint\",\"urlTemplate\":\"http:\\\/\\\/escort-technology.com\\\/de\\\/?s={search_term_string}\"},\"query-input\":{\"@type\":\"PropertyValueSpecification\",\"valueRequired\":true,\"valueName\":\"search_term_string\"}}],\"inLanguage\":\"pl-PL\"},{\"@type\":\"Organization\",\"@id\":\"http:\\\/\\\/escort-technology.com\\\/de\\\/#organization\",\"name\":\"ESCORT TECHNOLOGY\",\"url\":\"http:\\\/\\\/escort-technology.com\\\/de\\\/\",\"logo\":{\"@type\":\"ImageObject\",\"inLanguage\":\"pl-PL\",\"@id\":\"http:\\\/\\\/escort-technology.com\\\/de\\\/#\\\/schema\\\/logo\\\/image\\\/\",\"url\":\"https:\\\/\\\/escort-technology.com\\\/wp-content\\\/uploads\\\/logo-1.jpg\",\"contentUrl\":\"https:\\\/\\\/escort-technology.com\\\/wp-content\\\/uploads\\\/logo-1.jpg\",\"width\":600,\"height\":165,\"caption\":\"ESCORT TECHNOLOGY\"},\"image\":{\"@id\":\"http:\\\/\\\/escort-technology.com\\\/de\\\/#\\\/schema\\\/logo\\\/image\\\/\"},\"sameAs\":[\"https:\\\/\\\/www.facebook.com\\\/elektronika.morska\\\/\",\"https:\\\/\\\/www.linkedin.com\\\/company\\\/escort-sp-z-o-o-\\\/\"]}]}<\/script>\n<!-- \/ Yoast SEO plugin. -->","yoast_head_json":{"title":"Echosonda parametryczna Innomar Standard - ESCORT TECHNOLOGY","robots":{"index":"index","follow":"follow","max-snippet":"max-snippet:-1","max-image-preview":"max-image-preview:large","max-video-preview":"max-video-preview:-1"},"canonical":"https:\/\/escort-technology.com\/pl\/echosonda-parametryczna-innomar-standard\/","og_locale":"pl_PL","og_type":"article","og_title":"Echosonda parametryczna Innomar Standard - ESCORT TECHNOLOGY","og_description":"Echosonda parametryczna Innomar standard Broszura Z szerokiej gamy echosond parametrycznych\u00a0 Innomar, standardowy model Innomar jest najbardziej wszechstronny: jest wystarczaj\u0105co ma\u0142y, aby m\u00f3g\u0142 by\u0107 u\u017cywany na ma\u0142ych \u0142odziach do bada\u0144 przybrze\u017cnych, ale r\u00f3wnie\u017c wystarczaj\u0105co wydajny, aby m\u00f3g\u0142 by\u0107 stosowany do bada\u0144 morskich do g\u0142\u0119boko\u015bci 500 metr\u00f3w. Wysoka cz\u0119stotliwo\u015b\u0107 ping\u00f3w, niewielki rozmiar i mo\u017cliwo\u015b\u0107 transmisji impuls\u00f3w d\u017awi\u0119kowych [&hellip;]","og_url":"https:\/\/escort-technology.com\/pl\/echosonda-parametryczna-innomar-standard\/","og_site_name":"ESCORT TECHNOLOGY","article_publisher":"https:\/\/www.facebook.com\/elektronika.morska\/","article_modified_time":"2021-03-09T13:05:26+00:00","og_image":[{"url":"https:\/\/escort-technology.com\/wp-content\/uploads\/2021\/02\/Innomar_standard_topside-left.png","type":"","width":"","height":""}],"twitter_card":"summary_large_image","twitter_misc":{"Szacowany czas czytania":"2 minuty"},"schema":{"@context":"https:\/\/schema.org","@graph":[{"@type":"WebPage","@id":"https:\/\/escort-technology.com\/pl\/echosonda-parametryczna-innomar-standard\/","url":"https:\/\/escort-technology.com\/pl\/echosonda-parametryczna-innomar-standard\/","name":"Echosonda parametryczna Innomar Standard - ESCORT TECHNOLOGY","isPartOf":{"@id":"http:\/\/escort-technology.com\/de\/#website"},"datePublished":"2021-03-09T13:04:10+00:00","dateModified":"2021-03-09T13:05:26+00:00","breadcrumb":{"@id":"https:\/\/escort-technology.com\/pl\/echosonda-parametryczna-innomar-standard\/#breadcrumb"},"inLanguage":"pl-PL","potentialAction":[{"@type":"ReadAction","target":["https:\/\/escort-technology.com\/pl\/echosonda-parametryczna-innomar-standard\/"]}]},{"@type":"BreadcrumbList","@id":"https:\/\/escort-technology.com\/pl\/echosonda-parametryczna-innomar-standard\/#breadcrumb","itemListElement":[{"@type":"ListItem","position":1,"name":"Strona g\u0142\u00f3wna","item":"https:\/\/escort-technology.com\/"},{"@type":"ListItem","position":2,"name":"Echosonda parametryczna Innomar Standard"}]},{"@type":"WebSite","@id":"http:\/\/escort-technology.com\/de\/#website","url":"http:\/\/escort-technology.com\/de\/","name":"ESCORT TECHNOLOGY","description":"Elektronika morska i l\u0105dowa","publisher":{"@id":"http:\/\/escort-technology.com\/de\/#organization"},"potentialAction":[{"@type":"SearchAction","target":{"@type":"EntryPoint","urlTemplate":"http:\/\/escort-technology.com\/de\/?s={search_term_string}"},"query-input":{"@type":"PropertyValueSpecification","valueRequired":true,"valueName":"search_term_string"}}],"inLanguage":"pl-PL"},{"@type":"Organization","@id":"http:\/\/escort-technology.com\/de\/#organization","name":"ESCORT TECHNOLOGY","url":"http:\/\/escort-technology.com\/de\/","logo":{"@type":"ImageObject","inLanguage":"pl-PL","@id":"http:\/\/escort-technology.com\/de\/#\/schema\/logo\/image\/","url":"https:\/\/escort-technology.com\/wp-content\/uploads\/logo-1.jpg","contentUrl":"https:\/\/escort-technology.com\/wp-content\/uploads\/logo-1.jpg","width":600,"height":165,"caption":"ESCORT TECHNOLOGY"},"image":{"@id":"http:\/\/escort-technology.com\/de\/#\/schema\/logo\/image\/"},"sameAs":["https:\/\/www.facebook.com\/elektronika.morska\/","https:\/\/www.linkedin.com\/company\/escort-sp-z-o-o-\/"]}]}},"_links":{"self":[{"href":"https:\/\/escort-technology.com\/pl\/wp-json\/wp\/v2\/pages\/8487","targetHints":{"allow":["GET"]}}],"collection":[{"href":"https:\/\/escort-technology.com\/pl\/wp-json\/wp\/v2\/pages"}],"about":[{"href":"https:\/\/escort-technology.com\/pl\/wp-json\/wp\/v2\/types\/page"}],"author":[{"embeddable":true,"href":"https:\/\/escort-technology.com\/pl\/wp-json\/wp\/v2\/users\/10"}],"replies":[{"embeddable":true,"href":"https:\/\/escort-technology.com\/pl\/wp-json\/wp\/v2\/comments?post=8487"}],"version-history":[{"count":8,"href":"https:\/\/escort-technology.com\/pl\/wp-json\/wp\/v2\/pages\/8487\/revisions"}],"predecessor-version":[{"id":8567,"href":"https:\/\/escort-technology.com\/pl\/wp-json\/wp\/v2\/pages\/8487\/revisions\/8567"}],"wp:attachment":[{"href":"https:\/\/escort-technology.com\/pl\/wp-json\/wp\/v2\/media?parent=8487"}],"curies":[{"name":"wp","href":"https:\/\/api.w.org\/{rel}","templated":true}]}}