{"id":8521,"date":"2021-03-09T14:05:25","date_gmt":"2021-03-09T13:05:25","guid":{"rendered":"https:\/\/escort-technology.com\/?page_id=8521"},"modified":"2021-03-09T14:05:25","modified_gmt":"2021-03-09T13:05:25","slug":"echosonda-parametryczna-innomar-medium-100","status":"publish","type":"page","link":"https:\/\/escort-technology.com\/pl\/echosonda-parametryczna-innomar-medium-100\/","title":{"rendered":"Echosonda parametryczna Innomar medium-100"},"content":{"rendered":"<h1>\n<h1 class=\"uk-article-title\">Echosonda parametryczna Innomar medium-100<\/h1>\n<\/h1>\n<hr>\n<p><img decoding=\"async\" src=\"\/wp-content\/uploads\/2021\/02\/Innomar_medium-100_topside-left.png\" alt=\"\"><\/p>\n<div>\n<p>Echosonda parametryczna Innomar medium-100 jest przeznaczona do zastosowa\u0144 morskich do g\u0142\u0119boko\u015bci 2000m. Przetwornik mo\u017ce by\u0107 zamontowany zar\u00f3wno z boku jak i w kad\u0142ubie.<\/p>\n<p>Innomar medium-100 SBP pozyskuje dane w postaci pe\u0142nych fal (24 bit), kt\u00f3re mog\u0105 by\u0107 przetwarzane przez dowolne oprogramowanie sejsmiczne (format SEG-Y). Innomar dostarcza r\u00f3wnie\u017c oprogramowanie do postprocessingu ISE, specjalizuj\u0105ce si\u0119 w przetwarzaniu danych Innomar SBP.<\/p>\n<p>Pierwsza generacja tego modelu SBP zosta\u0142a wprowadzona w 2004 roku (&#8222;SES-2000 medium&#8221;), natomiast najnowsza generacja zosta\u0142a uruchomiona w 2020 roku. Model Innomar medium-100 by\u0142 wcze\u015bniej znany r\u00f3wnie\u017c pod nazwami &#8222;SES-2000 medium&#8221;, &#8222;SES-2000 medium-100&#8221; i &#8222;SES medium-100&#8221;.<\/p>\n<\/div>\n<p><img decoding=\"async\" src=\"\/wp-content\/uploads\/2021\/02\/innomar-medium100-data-northsea-sand.gif\" alt=\"\"><\/p>\n<div>\n<p style=\"text-align: center;\">Przyk\u0142ad danych Innomar medium-100 SBP w p\u0142ytkiej wodzie<br \/>(zakres 35-60m; obszar piasku Morza P\u00f3\u0142nocnego; cz\u0119stotliwo\u015b\u0107 8kHz).<\/p>\n<\/div>\n<p><img decoding=\"async\" src=\"\/wp-content\/uploads\/2021\/02\/innomar-medium100-data_1720-1860m_5k4_680x450.gif\" alt=\"\"><\/p>\n<div>\n<p style=\"text-align: center;\">Przyk\u0142ad danych Innomar medium-100 SBP w g\u0142\u0119bokiej wodzie; dwa wycinki danych w powi\u0119kszeniu<br \/>(zakres 1720-1860m; g\u0142\u0119boko\u015b\u0107 wody ok. 1800m; cz\u0119stotliwo\u015b\u0107 5kHz).<\/p>\n<\/div>\n<div>\n<h2>Specyfikacja techniczna<\/h2>\n<table width=\"100%\">\n<colgroup>\n<col width=\"40%\" \/>\n<col width=\"60%\" \/> <\/colgroup>\n<tbody>\n<tr>\n<td style=\"text-align: left;\">Zakres g\u0142\u0119boko\u015bci wody<\/td>\n<td>2\u2009\u2013\u20092,000\u2009m<\/td>\n<\/tr>\n<tr>\n<td>Penetracja osad\u00f3w<\/td>\n<td>do 70 m (w zale\u017cno\u015bci od rodzaju osadu i ha\u0142asu)<\/td>\n<\/tr>\n<tr>\n<td>Zasi\u0119g \/ Rozdzielczo\u015b\u0107 warstwy<\/td>\n<td>ok. 1\u2009cm \/ do 5\u2009cm<\/td>\n<\/tr>\n<tr>\n<td>Szeroko\u015b\u0107 wi\u0105zki nadawczej (-3dB)<\/td>\n<td>ok. \u00b11\u00b0 \/ \u015blad &lt;3,5% g\u0142\u0119boko\u015bci wody<\/td>\n<\/tr>\n<tr>\n<td>Cz\u0119stotliwo\u015bci podstawowe (PF)<\/td>\n<td>ok. 100 kHz (pasmo cz\u0119stotliwo\u015bci 85 &#8211; 115 kHz)<\/td>\n<\/tr>\n<tr>\n<td>PF Poziom \u017ar\u00f3d\u0142a \/ Moc akustyczna<\/td>\n<td>&gt;247\u2009dB\/\/\u00b5Pa\u2009re\u20091m \/ ~5.5\u2009kW<\/td>\n<\/tr>\n<tr>\n<td>Wt\u00f3rna niska cz\u0119stotliwo\u015b\u0107 (SLF)<\/td>\n<td>cz\u0119stotliwo\u015b\u0107 \u015brodkowa wybierana przez u\u017cytkownika: 3.5, 5, 6, 8, 10, 12, 15 kHz<br \/>(ca\u0142kowite pasmo cz\u0119stotliwo\u015bci 2 &#8211; 22 kHz)<\/td>\n<\/tr>\n<tr>\n<td>Szeroko\u015b\u0107 impulsu<\/td>\n<td>Wybierane przez u\u017cytkownika 0,07 &#8211; 3,5 ms<\/td>\n<\/tr>\n<tr>\n<td>Typ impulsu<\/td>\n<td>Ricker, CW, LFM chirp<\/td>\n<\/tr>\n<tr>\n<td>Szybko\u015b\u0107 pingowania<\/td>\n<td>do 40\u2009pings\/s<\/td>\n<\/tr>\n<tr>\n<td>Jednostka nadawcza (Transceiver)<\/td>\n<td>W\u20090.52m \u00d7 D\u20090.40m \u00d7 H\u20090.44m (19&#8221;\/9U) \/ 44kg<\/td>\n<\/tr>\n<tr>\n<td>Przetwornik (z kablem 30m)<\/td>\n<td>monta\u017c na s\u0142upie: Szer. 0,50m \u00d7 D 0,50m \u00d7 Wys. 0,12m \/ 60kg<br \/>monta\u017c na kad\u0142ubie:\u2009\u2009 Szer. 0,60m \u00d7 D 0,50m \u00d7 wys. 0,20m \/ 90kg<\/td>\n<\/tr>\n<tr>\n<td>Heave \/ Roll \/ Pitch Kompensacja<\/td>\n<td>heave, roll (w zale\u017cno\u015bci od danych z czujnik\u00f3w zewn\u0119trznych)<\/td>\n<\/tr>\n<tr>\n<td>Akwizycja danych<\/td>\n<td>cyfrowa 24 bit @ 96 kHz cz\u0119stotliwo\u015b\u0107 pr\u00f3bkowania;<br \/>PF dane z echosondy o obwiedni 100 kHz \/ \u015blad dna;<br \/>SLF pe\u0142nofalowe dane pod dnem<\/td>\n<\/tr>\n<tr>\n<td>Wej\u015bcie pomocnicze<\/td>\n<td>GNSS, HRP sensor, trigger<\/td>\n<\/tr>\n<tr>\n<td>Wyj\u015bcie pomocnicze<\/td>\n<td>trigger, bottom track, analogue SLF<\/td>\n<\/tr>\n<tr>\n<td>Zasilanie<\/td>\n<td>100\u2013240\u2009V\u2009AC \/ &lt;400\u2009W<\/td>\n<\/tr>\n<tr>\n<td>Sterowanie \/ Przechowywanie danych PC<\/td>\n<td>Wewn\u0119trzny komputer PC (Windows\u00ae 10); w zestawie<\/td>\n<\/tr>\n<\/tbody>\n<\/table>\n<\/div>\n<p><!-- {\"type\":\"layout\",\"children\":[{\"type\":\"section\",\"props\":{\"style\":\"default\",\"width\":\"default\",\"vertical_align\":\"middle\",\"title_position\":\"top-left\",\"title_rotation\":\"left\",\"title_breakpoint\":\"xl\",\"image_position\":\"center-center\"},\"children\":[{\"type\":\"row\",\"children\":[{\"type\":\"column\",\"props\":{\"image_position\":\"center-center\",\"media_overlay_gradient\":\"\"},\"children\":[{\"type\":\"headline\",\"props\":{\"title_element\":\"h1\",\"content\":\"\n\n<h1 class=\\\"uk-article-title\\\">Echosonda parametryczna Innomar medium-100<\\\/h1>\"}},{\"type\":\"divider\",\"props\":{\"divider_element\":\"hr\"}}]}]}]},{\"type\":\"section\",\"props\":{\"style\":\"default\",\"width\":\"default\",\"vertical_align\":\"middle\",\"title_position\":\"top-left\",\"title_rotation\":\"left\",\"title_breakpoint\":\"xl\",\"image_position\":\"center-center\"},\"children\":[{\"type\":\"row\",\"props\":{\"layout\":\"1-2,1-2\"},\"children\":[{\"type\":\"column\",\"props\":{\"image_position\":\"center-center\",\"media_overlay_gradient\":\"\",\"width_medium\":\"1-2\"},\"children\":[{\"type\":\"image\",\"props\":{\"margin\":\"default\",\"image_svg_color\":\"emphasis\",\"image\":\"wp-content\\\/uploads\\\/2021\\\/02\\\/Innomar_medium-100_topside-left.png\"}}]},{\"type\":\"column\",\"props\":{\"image_position\":\"center-center\",\"media_overlay_gradient\":\"\",\"width_medium\":\"1-2\"},\"children\":[{\"type\":\"text\",\"props\":{\"margin\":\"default\",\"column_breakpoint\":\"m\",\"content\":\"\n\n<p>Echosonda parametryczna Innomar medium-100 jest przeznaczona do zastosowa\\u0144 morskich do g\\u0142\\u0119boko\\u015bci 2000m. Przetwornik mo\\u017ce by\\u0107 zamontowany zar\\u00f3wno z boku jak i w kad\\u0142ubie.<\\\/p>\\n\n\n<p>Innomar medium-100 SBP pozyskuje dane w postaci pe\\u0142nych fal (24 bit), kt\\u00f3re mog\\u0105 by\\u0107 przetwarzane przez dowolne oprogramowanie sejsmiczne (format SEG-Y). Innomar dostarcza r\\u00f3wnie\\u017c oprogramowanie do postprocessingu ISE, specjalizuj\\u0105ce si\\u0119 w przetwarzaniu danych Innomar SBP.<\\\/p>\\n\n\n<p>Pierwsza generacja tego modelu SBP zosta\\u0142a wprowadzona w 2004 roku (\\\"SES-2000 medium\\\"), natomiast najnowsza generacja zosta\\u0142a uruchomiona w 2020 roku. Model Innomar medium-100 by\\u0142 wcze\\u015bniej znany r\\u00f3wnie\\u017c pod nazwami \\\"SES-2000 medium\\\", \\\"SES-2000 medium-100\\\" i \\\"SES medium-100\\\".<\\\/p>\"}}]}]}]},{\"type\":\"section\",\"props\":{\"style\":\"default\",\"width\":\"default\",\"vertical_align\":\"middle\",\"title_position\":\"top-left\",\"title_rotation\":\"left\",\"title_breakpoint\":\"xl\",\"image_position\":\"center-center\"},\"children\":[{\"type\":\"row\",\"children\":[{\"type\":\"column\",\"props\":{\"image_position\":\"center-center\",\"media_overlay_gradient\":\"\"},\"children\":[{\"type\":\"image\",\"props\":{\"margin\":\"default\",\"image_svg_color\":\"emphasis\",\"image\":\"wp-content\\\/uploads\\\/2021\\\/02\\\/innomar-medium100-data-northsea-sand.gif\",\"text_align\":\"center\"}},{\"type\":\"text\",\"props\":{\"margin\":\"default\",\"column_breakpoint\":\"m\",\"content\":\"\n\n<p style=\\\"text-align: center;\\\">Przyk\\u0142ad danych Innomar medium-100 SBP w p\\u0142ytkiej wodzie<br \\\/>(zakres 35-60m; obszar piasku Morza P\\u00f3\\u0142nocnego; cz\\u0119stotliwo\\u015b\\u0107 8kHz).<\\\/p>\"}}]}]}]},{\"type\":\"section\",\"props\":{\"style\":\"default\",\"width\":\"default\",\"vertical_align\":\"middle\",\"title_position\":\"top-left\",\"title_rotation\":\"left\",\"title_breakpoint\":\"xl\",\"image_position\":\"center-center\"},\"children\":[{\"type\":\"row\",\"children\":[{\"type\":\"column\",\"props\":{\"image_position\":\"center-center\",\"media_overlay_gradient\":\"\"},\"children\":[{\"type\":\"image\",\"props\":{\"margin\":\"default\",\"image_svg_color\":\"emphasis\",\"image\":\"wp-content\\\/uploads\\\/2021\\\/02\\\/innomar-medium100-data_1720-1860m_5k4_680x450.gif\",\"text_align\":\"center\"}},{\"type\":\"text\",\"props\":{\"margin\":\"default\",\"column_breakpoint\":\"m\",\"content\":\"\n\n<p style=\\\"text-align: center;\\\">Przyk\\u0142ad danych Innomar medium-100 SBP w g\\u0142\\u0119bokiej wodzie; dwa wycinki danych w powi\\u0119kszeniu<br \\\/>(zakres 1720-1860m; g\\u0142\\u0119boko\\u015b\\u0107 wody ok. 1800m; cz\\u0119stotliwo\\u015b\\u0107 5kHz).<\\\/p>\"}}]}]}]},{\"type\":\"section\",\"props\":{\"style\":\"secondary\",\"width\":\"default\",\"vertical_align\":\"middle\",\"title_position\":\"top-left\",\"title_rotation\":\"left\",\"title_breakpoint\":\"xl\",\"image_position\":\"center-center\"},\"children\":[{\"type\":\"row\",\"children\":[{\"type\":\"column\",\"props\":{\"image_position\":\"center-center\",\"media_overlay_gradient\":\"\"},\"children\":[{\"type\":\"text\",\"props\":{\"margin\":\"default\",\"column_breakpoint\":\"m\",\"content\":\"\n\n<h2>Specyfikacja techniczna<\\\/h2>\\n\n\n<table width=\\\"100%\\\">\n\n<colgroup> \n\n<col width=\\\"40%\\\" \\\/> \n\n<col width=\\\"60%\\\" \\\/> <\\\/colgroup>\\n\n\n<tbody>\\n\n\n<tr>\\n\n\n<td style=\\\"text-align: left;\\\">Zakres g\\u0142\\u0119boko\\u015bci wody<\\\/td>\\n\n\n<td>2\\u2009\\u2013\\u20092,000\\u2009m<\\\/td>\\n<\\\/tr>\\n\n\n<tr>\\n\n\n<td>Penetracja osad\\u00f3w<\\\/td>\\n\n\n<td>do 70 m (w zale\\u017cno\\u015bci od rodzaju osadu i ha\\u0142asu)<\\\/td>\\n<\\\/tr>\\n\n\n<tr>\\n\n\n<td>Zasi\\u0119g \\\/ Rozdzielczo\\u015b\\u0107 warstwy<\\\/td>\\n\n\n<td>ok. 1\\u2009cm \\\/ do 5\\u2009cm<\\\/td>\\n<\\\/tr>\\n\n\n<tr>\\n\n\n<td>Szeroko\\u015b\\u0107 wi\\u0105zki nadawczej (-3dB)<\\\/td>\\n\n\n<td>ok. \\u00b11\\u00b0 \\\/ \\u015blad &lt;3,5% g\\u0142\\u0119boko\\u015bci wody<\\\/td>\\n<\\\/tr>\\n\n\n<tr>\\n\n\n<td>Cz\\u0119stotliwo\\u015bci podstawowe (PF)<\\\/td>\\n\n\n<td>ok. 100 kHz (pasmo cz\\u0119stotliwo\\u015bci 85 - 115 kHz)<\\\/td>\\n<\\\/tr>\\n\n\n<tr>\\n\n\n<td>PF Poziom \\u017ar\\u00f3d\\u0142a \\\/ Moc akustyczna<\\\/td>\\n\n\n<td>&gt;247\\u2009dB\\\/\\\/\\u00b5Pa\\u2009re\\u20091m \\\/ ~5.5\\u2009kW<\\\/td>\\n<\\\/tr>\\n\n\n<tr>\\n\n\n<td>Wt\\u00f3rna niska cz\\u0119stotliwo\\u015b\\u0107 (SLF)<\\\/td>\\n\n\n<td>cz\\u0119stotliwo\\u015b\\u0107 \\u015brodkowa wybierana przez u\\u017cytkownika: 3.5, 5, 6, 8, 10, 12, 15 kHz<br \\\/>(ca\\u0142kowite pasmo cz\\u0119stotliwo\\u015bci 2 - 22 kHz)<\\\/td>\\n<\\\/tr>\\n\n\n<tr>\\n\n\n<td>Szeroko\\u015b\\u0107 impulsu<\\\/td>\\n\n\n<td>Wybierane przez u\\u017cytkownika 0,07 - 3,5 ms<\\\/td>\\n<\\\/tr>\\n\n\n<tr>\\n\n\n<td>Typ impulsu<\\\/td>\\n\n\n<td>Ricker, CW, LFM chirp<\\\/td>\\n<\\\/tr>\\n\n\n<tr>\\n\n\n<td>Szybko\\u015b\\u0107 pingowania<\\\/td>\\n\n\n<td>do 40\\u2009pings\\\/s<\\\/td>\\n<\\\/tr>\\n\n\n<tr>\\n\n\n<td>Jednostka nadawcza (Transceiver)<\\\/td>\\n\n\n<td>W\\u20090.52m \\u00d7 D\\u20090.40m \\u00d7 H\\u20090.44m (19''\\\/9U) \\\/ 44kg<\\\/td>\\n<\\\/tr>\\n\n\n<tr>\\n\n\n<td>Przetwornik (z kablem 30m)<\\\/td>\\n\n\n<td>monta\\u017c na s\\u0142upie: Szer. 0,50m \\u00d7 D 0,50m \\u00d7 Wys. 0,12m \\\/ 60kg<br \\\/>monta\\u017c na kad\\u0142ubie:\\u2009\\u2009 Szer. 0,60m \\u00d7 D 0,50m \\u00d7 wys. 0,20m \\\/ 90kg<\\\/td>\\n<\\\/tr>\\n\n\n<tr>\\n\n\n<td>Heave \\\/ Roll \\\/ Pitch Kompensacja<\\\/td>\\n\n\n<td>heave, roll (w zale\\u017cno\\u015bci od danych z czujnik\\u00f3w zewn\\u0119trznych)<\\\/td>\\n<\\\/tr>\\n\n\n<tr>\\n\n\n<td>Akwizycja danych<\\\/td>\\n\n\n<td>cyfrowa 24 bit @ 96 kHz cz\\u0119stotliwo\\u015b\\u0107 pr\\u00f3bkowania;<br \\\/>PF dane z echosondy o obwiedni 100 kHz \\\/ \\u015blad dna;<br \\\/>SLF pe\\u0142nofalowe dane pod dnem<\\\/td>\\n<\\\/tr>\\n\n\n<tr>\\n\n\n<td>Wej\\u015bcie pomocnicze<\\\/td>\\n\n\n<td>GNSS, HRP sensor, trigger<\\\/td>\\n<\\\/tr>\\n\n\n<tr>\\n\n\n<td>Wyj\\u015bcie pomocnicze<\\\/td>\\n\n\n<td>trigger, bottom track, analogue SLF<\\\/td>\\n<\\\/tr>\\n\n\n<tr>\\n\n\n<td>Zasilanie<\\\/td>\\n\n\n<td>100\\u2013240\\u2009V\\u2009AC \\\/ &lt;400\\u2009W<\\\/td>\\n<\\\/tr>\\n\n\n<tr>\\n\n\n<td>Sterowanie \\\/ Przechowywanie danych PC<\\\/td>\\n\n\n<td>Wewn\\u0119trzny komputer PC (Windows\\u00ae 10); w zestawie<\\\/td>\\n<\\\/tr>\\n<\\\/tbody>\\n<\\\/table>\"}}]}]}]}],\"version\":\"2.3.25\"} --><\/p>\n","protected":false},"excerpt":{"rendered":"<p>Echosonda parametryczna Innomar medium-100 Echosonda parametryczna Innomar medium-100 jest przeznaczona do zastosowa\u0144 morskich do g\u0142\u0119boko\u015bci 2000m. Przetwornik mo\u017ce by\u0107 zamontowany zar\u00f3wno z boku jak i w kad\u0142ubie. Innomar medium-100 SBP pozyskuje dane w postaci pe\u0142nych fal (24 bit), kt\u00f3re mog\u0105 by\u0107 przetwarzane przez dowolne oprogramowanie sejsmiczne (format SEG-Y). Innomar dostarcza r\u00f3wnie\u017c oprogramowanie do postprocessingu ISE, [&hellip;]<\/p>\n","protected":false},"author":10,"featured_media":0,"parent":0,"menu_order":0,"comment_status":"closed","ping_status":"closed","template":"","meta":{"footnotes":""},"class_list":["post-8521","page","type-page","status-publish","hentry"],"yoast_head":"<!-- This site is optimized with the Yoast SEO plugin v27.5 - https:\/\/yoast.com\/product\/yoast-seo-wordpress\/ -->\n<title>Echosonda parametryczna Innomar medium-100 - ESCORT TECHNOLOGY<\/title>\n<meta name=\"robots\" content=\"index, follow, max-snippet:-1, max-image-preview:large, max-video-preview:-1\" \/>\n<link rel=\"canonical\" href=\"https:\/\/escort-technology.com\/pl\/echosonda-parametryczna-innomar-medium-100\/\" \/>\n<meta property=\"og:locale\" content=\"pl_PL\" \/>\n<meta property=\"og:type\" content=\"article\" \/>\n<meta property=\"og:title\" content=\"Echosonda parametryczna Innomar medium-100 - ESCORT TECHNOLOGY\" \/>\n<meta property=\"og:description\" content=\"Echosonda parametryczna Innomar medium-100 Echosonda parametryczna Innomar medium-100 jest przeznaczona do zastosowa\u0144 morskich do g\u0142\u0119boko\u015bci 2000m. Przetwornik mo\u017ce by\u0107 zamontowany zar\u00f3wno z boku jak i w kad\u0142ubie. Innomar medium-100 SBP pozyskuje dane w postaci pe\u0142nych fal (24 bit), kt\u00f3re mog\u0105 by\u0107 przetwarzane przez dowolne oprogramowanie sejsmiczne (format SEG-Y). Innomar dostarcza r\u00f3wnie\u017c oprogramowanie do postprocessingu ISE, [&hellip;]\" \/>\n<meta property=\"og:url\" content=\"https:\/\/escort-technology.com\/pl\/echosonda-parametryczna-innomar-medium-100\/\" \/>\n<meta property=\"og:site_name\" content=\"ESCORT TECHNOLOGY\" \/>\n<meta property=\"article:publisher\" content=\"https:\/\/www.facebook.com\/elektronika.morska\/\" \/>\n<meta property=\"og:image\" content=\"https:\/\/escort-technology.com\/wp-content\/uploads\/2021\/02\/Innomar_medium-100_topside-left.png\" \/>\n<meta name=\"twitter:card\" content=\"summary_large_image\" \/>\n<meta name=\"twitter:label1\" content=\"Szacowany czas czytania\" \/>\n\t<meta name=\"twitter:data1\" content=\"2 minuty\" \/>\n<script type=\"application\/ld+json\" class=\"yoast-schema-graph\">{\"@context\":\"https:\\\/\\\/schema.org\",\"@graph\":[{\"@type\":\"WebPage\",\"@id\":\"https:\\\/\\\/escort-technology.com\\\/pl\\\/echosonda-parametryczna-innomar-medium-100\\\/\",\"url\":\"https:\\\/\\\/escort-technology.com\\\/pl\\\/echosonda-parametryczna-innomar-medium-100\\\/\",\"name\":\"Echosonda parametryczna Innomar medium-100 - ESCORT TECHNOLOGY\",\"isPartOf\":{\"@id\":\"http:\\\/\\\/escort-technology.com\\\/de\\\/#website\"},\"datePublished\":\"2021-03-09T13:05:25+00:00\",\"breadcrumb\":{\"@id\":\"https:\\\/\\\/escort-technology.com\\\/pl\\\/echosonda-parametryczna-innomar-medium-100\\\/#breadcrumb\"},\"inLanguage\":\"pl-PL\",\"potentialAction\":[{\"@type\":\"ReadAction\",\"target\":[\"https:\\\/\\\/escort-technology.com\\\/pl\\\/echosonda-parametryczna-innomar-medium-100\\\/\"]}]},{\"@type\":\"BreadcrumbList\",\"@id\":\"https:\\\/\\\/escort-technology.com\\\/pl\\\/echosonda-parametryczna-innomar-medium-100\\\/#breadcrumb\",\"itemListElement\":[{\"@type\":\"ListItem\",\"position\":1,\"name\":\"Strona g\u0142\u00f3wna\",\"item\":\"https:\\\/\\\/escort-technology.com\\\/\"},{\"@type\":\"ListItem\",\"position\":2,\"name\":\"Echosonda parametryczna Innomar medium-100\"}]},{\"@type\":\"WebSite\",\"@id\":\"http:\\\/\\\/escort-technology.com\\\/de\\\/#website\",\"url\":\"http:\\\/\\\/escort-technology.com\\\/de\\\/\",\"name\":\"ESCORT TECHNOLOGY\",\"description\":\"Elektronika morska i l\u0105dowa\",\"publisher\":{\"@id\":\"http:\\\/\\\/escort-technology.com\\\/de\\\/#organization\"},\"potentialAction\":[{\"@type\":\"SearchAction\",\"target\":{\"@type\":\"EntryPoint\",\"urlTemplate\":\"http:\\\/\\\/escort-technology.com\\\/de\\\/?s={search_term_string}\"},\"query-input\":{\"@type\":\"PropertyValueSpecification\",\"valueRequired\":true,\"valueName\":\"search_term_string\"}}],\"inLanguage\":\"pl-PL\"},{\"@type\":\"Organization\",\"@id\":\"http:\\\/\\\/escort-technology.com\\\/de\\\/#organization\",\"name\":\"ESCORT TECHNOLOGY\",\"url\":\"http:\\\/\\\/escort-technology.com\\\/de\\\/\",\"logo\":{\"@type\":\"ImageObject\",\"inLanguage\":\"pl-PL\",\"@id\":\"http:\\\/\\\/escort-technology.com\\\/de\\\/#\\\/schema\\\/logo\\\/image\\\/\",\"url\":\"https:\\\/\\\/escort-technology.com\\\/wp-content\\\/uploads\\\/logo-1.jpg\",\"contentUrl\":\"https:\\\/\\\/escort-technology.com\\\/wp-content\\\/uploads\\\/logo-1.jpg\",\"width\":600,\"height\":165,\"caption\":\"ESCORT TECHNOLOGY\"},\"image\":{\"@id\":\"http:\\\/\\\/escort-technology.com\\\/de\\\/#\\\/schema\\\/logo\\\/image\\\/\"},\"sameAs\":[\"https:\\\/\\\/www.facebook.com\\\/elektronika.morska\\\/\",\"https:\\\/\\\/www.linkedin.com\\\/company\\\/escort-sp-z-o-o-\\\/\"]}]}<\/script>\n<!-- \/ Yoast SEO plugin. -->","yoast_head_json":{"title":"Echosonda parametryczna Innomar medium-100 - ESCORT TECHNOLOGY","robots":{"index":"index","follow":"follow","max-snippet":"max-snippet:-1","max-image-preview":"max-image-preview:large","max-video-preview":"max-video-preview:-1"},"canonical":"https:\/\/escort-technology.com\/pl\/echosonda-parametryczna-innomar-medium-100\/","og_locale":"pl_PL","og_type":"article","og_title":"Echosonda parametryczna Innomar medium-100 - ESCORT TECHNOLOGY","og_description":"Echosonda parametryczna Innomar medium-100 Echosonda parametryczna Innomar medium-100 jest przeznaczona do zastosowa\u0144 morskich do g\u0142\u0119boko\u015bci 2000m. Przetwornik mo\u017ce by\u0107 zamontowany zar\u00f3wno z boku jak i w kad\u0142ubie. Innomar medium-100 SBP pozyskuje dane w postaci pe\u0142nych fal (24 bit), kt\u00f3re mog\u0105 by\u0107 przetwarzane przez dowolne oprogramowanie sejsmiczne (format SEG-Y). Innomar dostarcza r\u00f3wnie\u017c oprogramowanie do postprocessingu ISE, [&hellip;]","og_url":"https:\/\/escort-technology.com\/pl\/echosonda-parametryczna-innomar-medium-100\/","og_site_name":"ESCORT TECHNOLOGY","article_publisher":"https:\/\/www.facebook.com\/elektronika.morska\/","og_image":[{"url":"https:\/\/escort-technology.com\/wp-content\/uploads\/2021\/02\/Innomar_medium-100_topside-left.png","type":"","width":"","height":""}],"twitter_card":"summary_large_image","twitter_misc":{"Szacowany czas czytania":"2 minuty"},"schema":{"@context":"https:\/\/schema.org","@graph":[{"@type":"WebPage","@id":"https:\/\/escort-technology.com\/pl\/echosonda-parametryczna-innomar-medium-100\/","url":"https:\/\/escort-technology.com\/pl\/echosonda-parametryczna-innomar-medium-100\/","name":"Echosonda parametryczna Innomar medium-100 - ESCORT TECHNOLOGY","isPartOf":{"@id":"http:\/\/escort-technology.com\/de\/#website"},"datePublished":"2021-03-09T13:05:25+00:00","breadcrumb":{"@id":"https:\/\/escort-technology.com\/pl\/echosonda-parametryczna-innomar-medium-100\/#breadcrumb"},"inLanguage":"pl-PL","potentialAction":[{"@type":"ReadAction","target":["https:\/\/escort-technology.com\/pl\/echosonda-parametryczna-innomar-medium-100\/"]}]},{"@type":"BreadcrumbList","@id":"https:\/\/escort-technology.com\/pl\/echosonda-parametryczna-innomar-medium-100\/#breadcrumb","itemListElement":[{"@type":"ListItem","position":1,"name":"Strona g\u0142\u00f3wna","item":"https:\/\/escort-technology.com\/"},{"@type":"ListItem","position":2,"name":"Echosonda parametryczna Innomar medium-100"}]},{"@type":"WebSite","@id":"http:\/\/escort-technology.com\/de\/#website","url":"http:\/\/escort-technology.com\/de\/","name":"ESCORT TECHNOLOGY","description":"Elektronika morska i l\u0105dowa","publisher":{"@id":"http:\/\/escort-technology.com\/de\/#organization"},"potentialAction":[{"@type":"SearchAction","target":{"@type":"EntryPoint","urlTemplate":"http:\/\/escort-technology.com\/de\/?s={search_term_string}"},"query-input":{"@type":"PropertyValueSpecification","valueRequired":true,"valueName":"search_term_string"}}],"inLanguage":"pl-PL"},{"@type":"Organization","@id":"http:\/\/escort-technology.com\/de\/#organization","name":"ESCORT TECHNOLOGY","url":"http:\/\/escort-technology.com\/de\/","logo":{"@type":"ImageObject","inLanguage":"pl-PL","@id":"http:\/\/escort-technology.com\/de\/#\/schema\/logo\/image\/","url":"https:\/\/escort-technology.com\/wp-content\/uploads\/logo-1.jpg","contentUrl":"https:\/\/escort-technology.com\/wp-content\/uploads\/logo-1.jpg","width":600,"height":165,"caption":"ESCORT TECHNOLOGY"},"image":{"@id":"http:\/\/escort-technology.com\/de\/#\/schema\/logo\/image\/"},"sameAs":["https:\/\/www.facebook.com\/elektronika.morska\/","https:\/\/www.linkedin.com\/company\/escort-sp-z-o-o-\/"]}]}},"_links":{"self":[{"href":"https:\/\/escort-technology.com\/pl\/wp-json\/wp\/v2\/pages\/8521","targetHints":{"allow":["GET"]}}],"collection":[{"href":"https:\/\/escort-technology.com\/pl\/wp-json\/wp\/v2\/pages"}],"about":[{"href":"https:\/\/escort-technology.com\/pl\/wp-json\/wp\/v2\/types\/page"}],"author":[{"embeddable":true,"href":"https:\/\/escort-technology.com\/pl\/wp-json\/wp\/v2\/users\/10"}],"replies":[{"embeddable":true,"href":"https:\/\/escort-technology.com\/pl\/wp-json\/wp\/v2\/comments?post=8521"}],"version-history":[{"count":7,"href":"https:\/\/escort-technology.com\/pl\/wp-json\/wp\/v2\/pages\/8521\/revisions"}],"predecessor-version":[{"id":8532,"href":"https:\/\/escort-technology.com\/pl\/wp-json\/wp\/v2\/pages\/8521\/revisions\/8532"}],"wp:attachment":[{"href":"https:\/\/escort-technology.com\/pl\/wp-json\/wp\/v2\/media?parent=8521"}],"curies":[{"name":"wp","href":"https:\/\/api.w.org\/{rel}","templated":true}]}}