{"id":8533,"date":"2021-02-26T12:24:55","date_gmt":"2021-02-26T11:24:55","guid":{"rendered":"https:\/\/escort-technology.com\/?page_id=8533"},"modified":"2021-03-09T14:05:26","modified_gmt":"2021-03-09T13:05:26","slug":"echosonda-parametryczna-innomar-medium-70","status":"publish","type":"page","link":"https:\/\/escort-technology.com\/pl\/echosonda-parametryczna-innomar-medium-70\/","title":{"rendered":"Echosonda parametryczna Innomar medium-70"},"content":{"rendered":"<h1>\n<h1 class=\"uk-article-title\">Echosonda parametryczna Innomar medium-70<\/h1>\n<\/h1>\n<hr>\n<p><img decoding=\"async\" src=\"\/wp-content\/uploads\/2021\/02\/Innomar_medium-70_topside-left.png\" alt=\"\"><\/p>\n<div>\n<p>Echosonda parametryczna Innomar medium-70 jest przeznaczona do zastosowa\u0144 morskich do g\u0142\u0119boko\u015bci 2500m.<\/p>\n<p>Model ten jest dost\u0119pny w dw\u00f3ch wersjach. Wersja podstawowa posiada kompensacj\u0119 przechy\u0142\u00f3w i ko\u0142ysa\u0144, natomiast wersja &#8222;POM&#8221; oferuje dodatkow\u0105 kompensacj\u0119 wychyle\u0144.<\/p>\n<p>Innomar medium-70 SBP zbiera dane w postaci pe\u0142nofalowej, kt\u00f3re mog\u0105 by\u0107 przetwarzane przez dowolne oprogramowanie sejsmiczne (format SEG-Y). Innomar dostarcza r\u00f3wnie\u017c oprogramowanie do postprocessingu ISE, kt\u00f3re specjalizuje si\u0119 w przetwarzaniu danych z Innomar SBP.<\/p>\n<p>Nowa generacja tego modelu zosta\u0142a wprowadzona na rynek w 2020 roku. Waga i rozmiar jednostki topside zosta\u0142y zredukowane o ponad 35%. Model Innomar medium-70 by\u0142 wcze\u015bniej znany r\u00f3wnie\u017c jako &#8222;SES-2000 medium-70&#8221; i &#8222;SES medium-70&#8221;.<\/p>\n<p>\u00a0<\/p>\n<\/div>\n<p><img decoding=\"async\" src=\"\/wp-content\/uploads\/2021\/02\/echoprint-medium-02.jpg\" alt=\"\"><\/p>\n<div>\n<p style=\"text-align: center;\">Innomar medium-70 echosonda parametryczna <br \/>(zakres 340m-480m; penetracja osad\u00f3w do 50m; cz\u0119stotliwo\u015b\u0107 10kHz).<\/p>\n<\/div>\n<div>\n<h2>Specyfikacja techniczna<\/h2>\n<table width=\"100%\">\n<colgroup>\n<col width=\"40%\" \/>\n<col width=\"60%\" \/> <\/colgroup>\n<tbody>\n<tr>\n<td>Zakres g\u0142\u0119boko\u015bci wody<\/td>\n<td>2\u2009\u2013\u20092,500\u2009m<\/td>\n<\/tr>\n<tr>\n<td>Penetracja osad\u00f3w<\/td>\n<td>do 100 m (w zale\u017cno\u015bci od rodzaju osad\u00f3w i ha\u0142asu)<\/td>\n<\/tr>\n<tr>\n<td>Zasi\u0119g \/ Rozdzielczo\u015b\u0107 warstwy<\/td>\n<td>ok. 1 cm \/ do 8 cm<\/td>\n<\/tr>\n<tr>\n<td>Szeroko\u015b\u0107 wi\u0105zki nadawczej (-3dB)<\/td>\n<td>ok. \u00b11,5\u00b0 \/ powierzchnia podstawy &lt;5,5% g\u0142\u0119boko\u015bci wody<\/td>\n<\/tr>\n<tr>\n<td>Cz\u0119stotliwo\u015bci podstawowe (PF)<\/td>\n<td>ok. 70 kHz (pasmo cz\u0119stotliwo\u015bci 60 &#8211; 80 kHz)<\/td>\n<\/tr>\n<tr>\n<td>PF Poziom \u017ar\u00f3d\u0142a \/ Moc akustyczna<\/td>\n<td>&gt;246\u2009dB\/\/\u00b5Pa\u2009re\u20091m \/ ~7.5\u2009kW<\/td>\n<\/tr>\n<tr>\n<td>Wt\u00f3rna niska cz\u0119stotliwo\u015b\u0107 (SLF)<\/td>\n<td>Cz\u0119stotliwo\u015b\u0107 \u015brodkowa wybierana przez u\u017cytkownika: 3, 4, 5, 6, 8, 10, 12 kHz<br \/>(ca\u0142kowite pasmo cz\u0119stotliwo\u015bci 1,5 &#8211; 15 kHz)<\/td>\n<\/tr>\n<tr>\n<td>Szeroko\u015b\u0107 impulsu<\/td>\n<td>user selectable 0.1\u2009\u2013\u20095\u2009ms<\/td>\n<\/tr>\n<tr>\n<td>Typ impulsu<\/td>\n<td>Ricker, CW, LFM chirp<\/td>\n<\/tr>\n<tr>\n<td>Szybko\u015b\u0107 pingowania<\/td>\n<td>up to 40\u2009pings\/s<\/td>\n<\/tr>\n<tr>\n<td>Jednostka nadawcza (Transceiver)<\/td>\n<td>W\u20090.52m \u00d7 D\u20090.40m \u00d7 H\u20090.58m (19&#8221;\/12U) \/ 77kg<\/td>\n<\/tr>\n<tr>\n<td>Przetwornik (kabel 30m)<\/td>\n<td>W\u20090.60m \u00d7 D\u20090.60m \u00d7 H\u20090.25m \/ 150kg (excl. cable)<\/td>\n<\/tr>\n<tr>\n<td>Heave \/ Roll \/ Pitch Kompensacja<\/td>\n<td>heave, roll, (pitch);w zale\u017cno\u015bci od danych z czujnik\u00f3w zewn\u0119trznych<\/td>\n<\/tr>\n<tr>\n<td>Akwizycja danych<\/td>\n<td>digital 24\u2009bit @ 96\u2009kHz sample rate; <br \/>PF 70\u2009kHz envelope echosounder data \/ bottom track;<br \/>SLF full-waveform sub-bottom data<\/td>\n<\/tr>\n<tr>\n<td>Wej\u015bcie pomocnicze<\/td>\n<td>GNSS, HRP sensor, trigger<\/td>\n<\/tr>\n<tr>\n<td>Wyj\u015bcie pomocnicze<\/td>\n<td>trigger, bottom track, analogue SLF<\/td>\n<\/tr>\n<tr>\n<td>Zasilanie<\/td>\n<td>100\u2013240\u2009V\u2009AC \/ &lt;450\u2009W<\/td>\n<\/tr>\n<tr>\n<td>Sterowanie \/ Przechowywanie danych PC<\/td>\n<td>Wewn\u0119trzny komputer PC (Windows\u00ae 10); w zestawie<\/td>\n<\/tr>\n<\/tbody>\n<\/table>\n<\/div>\n<p><!-- {\"type\":\"layout\",\"children\":[{\"type\":\"section\",\"props\":{\"style\":\"default\",\"width\":\"default\",\"vertical_align\":\"middle\",\"title_position\":\"top-left\",\"title_rotation\":\"left\",\"title_breakpoint\":\"xl\",\"image_position\":\"center-center\"},\"children\":[{\"type\":\"row\",\"children\":[{\"type\":\"column\",\"props\":{\"image_position\":\"center-center\",\"media_overlay_gradient\":\"\"},\"children\":[{\"type\":\"headline\",\"props\":{\"title_element\":\"h1\",\"content\":\"\n\n<h1 class=\\\"uk-article-title\\\">Echosonda parametryczna Innomar medium-70<\\\/h1>\"}},{\"type\":\"divider\",\"props\":{\"divider_element\":\"hr\"}}]}]}]},{\"type\":\"section\",\"props\":{\"style\":\"default\",\"width\":\"default\",\"vertical_align\":\"middle\",\"title_position\":\"top-left\",\"title_rotation\":\"left\",\"title_breakpoint\":\"xl\",\"image_position\":\"center-center\"},\"children\":[{\"type\":\"row\",\"props\":{\"layout\":\"1-2,1-2\"},\"children\":[{\"type\":\"column\",\"props\":{\"image_position\":\"center-center\",\"media_overlay_gradient\":\"\",\"width_medium\":\"1-2\"},\"children\":[{\"type\":\"image\",\"props\":{\"margin\":\"default\",\"image_svg_color\":\"emphasis\",\"image\":\"wp-content\\\/uploads\\\/2021\\\/02\\\/Innomar_medium-70_topside-left.png\"}}]},{\"type\":\"column\",\"props\":{\"image_position\":\"center-center\",\"media_overlay_gradient\":\"\",\"width_medium\":\"1-2\"},\"children\":[{\"type\":\"text\",\"props\":{\"margin\":\"default\",\"column_breakpoint\":\"m\",\"content\":\"\n\n<p>Echosonda parametryczna Innomar medium-70 jest przeznaczona do zastosowa\\u0144 morskich do g\\u0142\\u0119boko\\u015bci 2500m.<\\\/p>\\n\n\n<p>Model ten jest dost\\u0119pny w dw\\u00f3ch wersjach. Wersja podstawowa posiada kompensacj\\u0119 przechy\\u0142\\u00f3w i ko\\u0142ysa\\u0144, natomiast wersja \\\"POM\\\" oferuje dodatkow\\u0105 kompensacj\\u0119 wychyle\\u0144.<\\\/p>\\n\n\n<p>Innomar medium-70 SBP zbiera dane w postaci pe\\u0142nofalowej, kt\\u00f3re mog\\u0105 by\\u0107 przetwarzane przez dowolne oprogramowanie sejsmiczne (format SEG-Y). Innomar dostarcza r\\u00f3wnie\\u017c oprogramowanie do postprocessingu ISE, kt\\u00f3re specjalizuje si\\u0119 w przetwarzaniu danych z Innomar SBP.<\\\/p>\\n\n\n<p>Nowa generacja tego modelu zosta\\u0142a wprowadzona na rynek w 2020 roku. Waga i rozmiar jednostki topside zosta\\u0142y zredukowane o ponad 35%. Model Innomar medium-70 by\\u0142 wcze\\u015bniej znany r\\u00f3wnie\\u017c jako \\\"SES-2000 medium-70\\\" i \\\"SES medium-70\\\".<\\\/p>\\n\n\n<p>\\u00a0<\\\/p>\"}}]}]}]},{\"type\":\"section\",\"props\":{\"style\":\"default\",\"width\":\"default\",\"vertical_align\":\"middle\",\"title_position\":\"top-left\",\"title_rotation\":\"left\",\"title_breakpoint\":\"xl\",\"image_position\":\"center-center\"},\"children\":[{\"type\":\"row\",\"children\":[{\"type\":\"column\",\"props\":{\"image_position\":\"center-center\",\"media_overlay_gradient\":\"\"},\"children\":[{\"type\":\"image\",\"props\":{\"margin\":\"default\",\"image_svg_color\":\"emphasis\",\"image\":\"wp-content\\\/uploads\\\/2021\\\/02\\\/echoprint-medium-02.jpg\",\"text_align\":\"center\"}},{\"type\":\"text\",\"props\":{\"margin\":\"default\",\"column_breakpoint\":\"m\",\"content\":\"\n\n<p style=\\\"text-align: center;\\\">Innomar medium-70 echosonda parametryczna <br \\\/>(zakres 340m-480m; penetracja osad\\u00f3w do 50m; cz\\u0119stotliwo\\u015b\\u0107 10kHz).<\\\/p>\"}}]}]}]},{\"type\":\"section\",\"props\":{\"style\":\"secondary\",\"width\":\"default\",\"vertical_align\":\"middle\",\"title_position\":\"top-left\",\"title_rotation\":\"left\",\"title_breakpoint\":\"xl\",\"image_position\":\"center-center\"},\"children\":[{\"type\":\"row\",\"children\":[{\"type\":\"column\",\"props\":{\"image_position\":\"center-center\",\"media_overlay_gradient\":\"\"},\"children\":[{\"type\":\"text\",\"props\":{\"margin\":\"default\",\"column_breakpoint\":\"m\",\"content\":\"\n\n<h2>Specyfikacja techniczna<\\\/h2>\\n\n\n<table width=\\\"100%\\\">\n\n<colgroup> \n\n<col width=\\\"40%\\\" \\\/> \n\n<col width=\\\"60%\\\" \\\/> <\\\/colgroup>\\n\n\n<tbody>\\n\n\n<tr>\\n\n\n<td>Zakres g\\u0142\\u0119boko\\u015bci wody<\\\/td>\\n\n\n<td>2\\u2009\\u2013\\u20092,500\\u2009m<\\\/td>\\n<\\\/tr>\\n\n\n<tr>\\n\n\n<td>Penetracja osad\\u00f3w<\\\/td>\\n\n\n<td>do 100 m (w zale\\u017cno\\u015bci od rodzaju osad\\u00f3w i ha\\u0142asu)<\\\/td>\\n<\\\/tr>\\n\n\n<tr>\\n\n\n<td>Zasi\\u0119g \\\/ Rozdzielczo\\u015b\\u0107 warstwy<\\\/td>\\n\n\n<td>ok. 1 cm \\\/ do 8 cm<\\\/td>\\n<\\\/tr>\\n\n\n<tr>\\n\n\n<td>Szeroko\\u015b\\u0107 wi\\u0105zki nadawczej (-3dB)<\\\/td>\\n\n\n<td>ok. \\u00b11,5\\u00b0 \\\/ powierzchnia podstawy &lt;5,5% g\\u0142\\u0119boko\\u015bci wody<\\\/td>\\n<\\\/tr>\\n\n\n<tr>\\n\n\n<td>Cz\\u0119stotliwo\\u015bci podstawowe (PF)<\\\/td>\\n\n\n<td>ok. 70 kHz (pasmo cz\\u0119stotliwo\\u015bci 60 - 80 kHz)<\\\/td>\\n<\\\/tr>\\n\n\n<tr>\\n\n\n<td>PF Poziom \\u017ar\\u00f3d\\u0142a \\\/ Moc akustyczna<\\\/td>\\n\n\n<td>&gt;246\\u2009dB\\\/\\\/\\u00b5Pa\\u2009re\\u20091m \\\/ ~7.5\\u2009kW<\\\/td>\\n<\\\/tr>\\n\n\n<tr>\\n\n\n<td>Wt\\u00f3rna niska cz\\u0119stotliwo\\u015b\\u0107 (SLF)<\\\/td>\\n\n\n<td>Cz\\u0119stotliwo\\u015b\\u0107 \\u015brodkowa wybierana przez u\\u017cytkownika: 3, 4, 5, 6, 8, 10, 12 kHz<br \\\/>(ca\\u0142kowite pasmo cz\\u0119stotliwo\\u015bci 1,5 - 15 kHz)<\\\/td>\\n<\\\/tr>\\n\n\n<tr>\\n\n\n<td>Szeroko\\u015b\\u0107 impulsu<\\\/td>\\n\n\n<td>user selectable 0.1\\u2009\\u2013\\u20095\\u2009ms<\\\/td>\\n<\\\/tr>\\n\n\n<tr>\\n\n\n<td>Typ impulsu<\\\/td>\\n\n\n<td>Ricker, CW, LFM chirp<\\\/td>\\n<\\\/tr>\\n\n\n<tr>\\n\n\n<td>Szybko\\u015b\\u0107 pingowania<\\\/td>\\n\n\n<td>up to 40\\u2009pings\\\/s<\\\/td>\\n<\\\/tr>\\n\n\n<tr>\\n\n\n<td>Jednostka nadawcza (Transceiver)<\\\/td>\\n\n\n<td>W\\u20090.52m \\u00d7 D\\u20090.40m \\u00d7 H\\u20090.58m (19''\\\/12U) \\\/ 77kg<\\\/td>\\n<\\\/tr>\\n\n\n<tr>\\n\n\n<td>Przetwornik (kabel 30m)<\\\/td>\\n\n\n<td>W\\u20090.60m \\u00d7 D\\u20090.60m \\u00d7 H\\u20090.25m \\\/ 150kg (excl. cable)<\\\/td>\\n<\\\/tr>\\n\n\n<tr>\\n\n\n<td>Heave \\\/ Roll \\\/ Pitch Kompensacja<\\\/td>\\n\n\n<td>heave, roll, (pitch);w zale\\u017cno\\u015bci od danych z czujnik\\u00f3w zewn\\u0119trznych<\\\/td>\\n<\\\/tr>\\n\n\n<tr>\\n\n\n<td>Akwizycja danych<\\\/td>\\n\n\n<td>digital 24\\u2009bit @ 96\\u2009kHz sample rate; <br \\\/>PF 70\\u2009kHz envelope echosounder data \\\/ bottom track;<br \\\/>SLF full-waveform sub-bottom data<\\\/td>\\n<\\\/tr>\\n\n\n<tr>\\n\n\n<td>Wej\\u015bcie pomocnicze<\\\/td>\\n\n\n<td>GNSS, HRP sensor, trigger<\\\/td>\\n<\\\/tr>\\n\n\n<tr>\\n\n\n<td>Wyj\\u015bcie pomocnicze<\\\/td>\\n\n\n<td>trigger, bottom track, analogue SLF<\\\/td>\\n<\\\/tr>\\n\n\n<tr>\\n\n\n<td>Zasilanie<\\\/td>\\n\n\n<td>100\\u2013240\\u2009V\\u2009AC \\\/ &lt;450\\u2009W<\\\/td>\\n<\\\/tr>\\n\n\n<tr>\\n\n\n<td>Sterowanie \\\/ Przechowywanie danych PC<\\\/td>\\n\n\n<td>Wewn\\u0119trzny komputer PC (Windows\\u00ae 10); w zestawie<\\\/td>\\n<\\\/tr>\\n<\\\/tbody>\\n<\\\/table>\"}}]}]}]}],\"version\":\"2.3.25\"} --><\/p>\n","protected":false},"excerpt":{"rendered":"<p>Echosonda parametryczna Innomar medium-70 Echosonda parametryczna Innomar medium-70 jest przeznaczona do zastosowa\u0144 morskich do g\u0142\u0119boko\u015bci 2500m. Model ten jest dost\u0119pny w dw\u00f3ch wersjach. Wersja podstawowa posiada kompensacj\u0119 przechy\u0142\u00f3w i ko\u0142ysa\u0144, natomiast wersja &#8222;POM&#8221; oferuje dodatkow\u0105 kompensacj\u0119 wychyle\u0144. Innomar medium-70 SBP zbiera dane w postaci pe\u0142nofalowej, kt\u00f3re mog\u0105 by\u0107 przetwarzane przez dowolne oprogramowanie sejsmiczne (format SEG-Y). [&hellip;]<\/p>\n","protected":false},"author":10,"featured_media":0,"parent":0,"menu_order":0,"comment_status":"closed","ping_status":"closed","template":"","meta":{"footnotes":""},"class_list":["post-8533","page","type-page","status-publish","hentry"],"yoast_head":"<!-- This site is optimized with the Yoast SEO plugin v27.6 - https:\/\/yoast.com\/product\/yoast-seo-wordpress\/ -->\n<title>Echosonda parametryczna Innomar medium-70 - ESCORT TECHNOLOGY<\/title>\n<meta name=\"robots\" content=\"index, follow, max-snippet:-1, max-image-preview:large, max-video-preview:-1\" \/>\n<link rel=\"canonical\" href=\"https:\/\/escort-technology.com\/pl\/echosonda-parametryczna-innomar-medium-70\/\" \/>\n<meta property=\"og:locale\" content=\"pl_PL\" \/>\n<meta property=\"og:type\" content=\"article\" \/>\n<meta property=\"og:title\" content=\"Echosonda parametryczna Innomar medium-70 - ESCORT TECHNOLOGY\" \/>\n<meta property=\"og:description\" content=\"Echosonda parametryczna Innomar medium-70 Echosonda parametryczna Innomar medium-70 jest przeznaczona do zastosowa\u0144 morskich do g\u0142\u0119boko\u015bci 2500m. Model ten jest dost\u0119pny w dw\u00f3ch wersjach. Wersja podstawowa posiada kompensacj\u0119 przechy\u0142\u00f3w i ko\u0142ysa\u0144, natomiast wersja &#8222;POM&#8221; oferuje dodatkow\u0105 kompensacj\u0119 wychyle\u0144. Innomar medium-70 SBP zbiera dane w postaci pe\u0142nofalowej, kt\u00f3re mog\u0105 by\u0107 przetwarzane przez dowolne oprogramowanie sejsmiczne (format SEG-Y). [&hellip;]\" \/>\n<meta property=\"og:url\" content=\"https:\/\/escort-technology.com\/pl\/echosonda-parametryczna-innomar-medium-70\/\" \/>\n<meta property=\"og:site_name\" content=\"ESCORT TECHNOLOGY\" \/>\n<meta property=\"article:publisher\" content=\"https:\/\/www.facebook.com\/elektronika.morska\/\" \/>\n<meta property=\"article:modified_time\" content=\"2021-03-09T13:05:26+00:00\" \/>\n<meta property=\"og:image\" content=\"https:\/\/escort-technology.com\/wp-content\/uploads\/2021\/02\/Innomar_medium-70_topside-left.png\" \/>\n<meta name=\"twitter:card\" content=\"summary_large_image\" \/>\n<meta name=\"twitter:label1\" content=\"Szacowany czas czytania\" \/>\n\t<meta name=\"twitter:data1\" content=\"2 minuty\" \/>\n<script type=\"application\/ld+json\" class=\"yoast-schema-graph\">{\"@context\":\"https:\\\/\\\/schema.org\",\"@graph\":[{\"@type\":\"WebPage\",\"@id\":\"https:\\\/\\\/escort-technology.com\\\/pl\\\/echosonda-parametryczna-innomar-medium-70\\\/\",\"url\":\"https:\\\/\\\/escort-technology.com\\\/pl\\\/echosonda-parametryczna-innomar-medium-70\\\/\",\"name\":\"Echosonda parametryczna Innomar medium-70 - ESCORT TECHNOLOGY\",\"isPartOf\":{\"@id\":\"http:\\\/\\\/escort-technology.com\\\/de\\\/#website\"},\"datePublished\":\"2021-02-26T11:24:55+00:00\",\"dateModified\":\"2021-03-09T13:05:26+00:00\",\"breadcrumb\":{\"@id\":\"https:\\\/\\\/escort-technology.com\\\/pl\\\/echosonda-parametryczna-innomar-medium-70\\\/#breadcrumb\"},\"inLanguage\":\"pl-PL\",\"potentialAction\":[{\"@type\":\"ReadAction\",\"target\":[\"https:\\\/\\\/escort-technology.com\\\/pl\\\/echosonda-parametryczna-innomar-medium-70\\\/\"]}]},{\"@type\":\"BreadcrumbList\",\"@id\":\"https:\\\/\\\/escort-technology.com\\\/pl\\\/echosonda-parametryczna-innomar-medium-70\\\/#breadcrumb\",\"itemListElement\":[{\"@type\":\"ListItem\",\"position\":1,\"name\":\"Strona g\u0142\u00f3wna\",\"item\":\"https:\\\/\\\/escort-technology.com\\\/\"},{\"@type\":\"ListItem\",\"position\":2,\"name\":\"Echosonda parametryczna Innomar medium-70\"}]},{\"@type\":\"WebSite\",\"@id\":\"http:\\\/\\\/escort-technology.com\\\/de\\\/#website\",\"url\":\"http:\\\/\\\/escort-technology.com\\\/de\\\/\",\"name\":\"ESCORT TECHNOLOGY\",\"description\":\"Elektronika morska i l\u0105dowa\",\"publisher\":{\"@id\":\"http:\\\/\\\/escort-technology.com\\\/de\\\/#organization\"},\"potentialAction\":[{\"@type\":\"SearchAction\",\"target\":{\"@type\":\"EntryPoint\",\"urlTemplate\":\"http:\\\/\\\/escort-technology.com\\\/de\\\/?s={search_term_string}\"},\"query-input\":{\"@type\":\"PropertyValueSpecification\",\"valueRequired\":true,\"valueName\":\"search_term_string\"}}],\"inLanguage\":\"pl-PL\"},{\"@type\":\"Organization\",\"@id\":\"http:\\\/\\\/escort-technology.com\\\/de\\\/#organization\",\"name\":\"ESCORT TECHNOLOGY\",\"url\":\"http:\\\/\\\/escort-technology.com\\\/de\\\/\",\"logo\":{\"@type\":\"ImageObject\",\"inLanguage\":\"pl-PL\",\"@id\":\"http:\\\/\\\/escort-technology.com\\\/de\\\/#\\\/schema\\\/logo\\\/image\\\/\",\"url\":\"https:\\\/\\\/escort-technology.com\\\/wp-content\\\/uploads\\\/logo-1.jpg\",\"contentUrl\":\"https:\\\/\\\/escort-technology.com\\\/wp-content\\\/uploads\\\/logo-1.jpg\",\"width\":600,\"height\":165,\"caption\":\"ESCORT TECHNOLOGY\"},\"image\":{\"@id\":\"http:\\\/\\\/escort-technology.com\\\/de\\\/#\\\/schema\\\/logo\\\/image\\\/\"},\"sameAs\":[\"https:\\\/\\\/www.facebook.com\\\/elektronika.morska\\\/\",\"https:\\\/\\\/www.linkedin.com\\\/company\\\/escort-sp-z-o-o-\\\/\"]}]}<\/script>\n<!-- \/ Yoast SEO plugin. -->","yoast_head_json":{"title":"Echosonda parametryczna Innomar medium-70 - ESCORT TECHNOLOGY","robots":{"index":"index","follow":"follow","max-snippet":"max-snippet:-1","max-image-preview":"max-image-preview:large","max-video-preview":"max-video-preview:-1"},"canonical":"https:\/\/escort-technology.com\/pl\/echosonda-parametryczna-innomar-medium-70\/","og_locale":"pl_PL","og_type":"article","og_title":"Echosonda parametryczna Innomar medium-70 - ESCORT TECHNOLOGY","og_description":"Echosonda parametryczna Innomar medium-70 Echosonda parametryczna Innomar medium-70 jest przeznaczona do zastosowa\u0144 morskich do g\u0142\u0119boko\u015bci 2500m. Model ten jest dost\u0119pny w dw\u00f3ch wersjach. Wersja podstawowa posiada kompensacj\u0119 przechy\u0142\u00f3w i ko\u0142ysa\u0144, natomiast wersja &#8222;POM&#8221; oferuje dodatkow\u0105 kompensacj\u0119 wychyle\u0144. Innomar medium-70 SBP zbiera dane w postaci pe\u0142nofalowej, kt\u00f3re mog\u0105 by\u0107 przetwarzane przez dowolne oprogramowanie sejsmiczne (format SEG-Y). [&hellip;]","og_url":"https:\/\/escort-technology.com\/pl\/echosonda-parametryczna-innomar-medium-70\/","og_site_name":"ESCORT TECHNOLOGY","article_publisher":"https:\/\/www.facebook.com\/elektronika.morska\/","article_modified_time":"2021-03-09T13:05:26+00:00","og_image":[{"url":"https:\/\/escort-technology.com\/wp-content\/uploads\/2021\/02\/Innomar_medium-70_topside-left.png","type":"","width":"","height":""}],"twitter_card":"summary_large_image","twitter_misc":{"Szacowany czas czytania":"2 minuty"},"schema":{"@context":"https:\/\/schema.org","@graph":[{"@type":"WebPage","@id":"https:\/\/escort-technology.com\/pl\/echosonda-parametryczna-innomar-medium-70\/","url":"https:\/\/escort-technology.com\/pl\/echosonda-parametryczna-innomar-medium-70\/","name":"Echosonda parametryczna Innomar medium-70 - ESCORT TECHNOLOGY","isPartOf":{"@id":"http:\/\/escort-technology.com\/de\/#website"},"datePublished":"2021-02-26T11:24:55+00:00","dateModified":"2021-03-09T13:05:26+00:00","breadcrumb":{"@id":"https:\/\/escort-technology.com\/pl\/echosonda-parametryczna-innomar-medium-70\/#breadcrumb"},"inLanguage":"pl-PL","potentialAction":[{"@type":"ReadAction","target":["https:\/\/escort-technology.com\/pl\/echosonda-parametryczna-innomar-medium-70\/"]}]},{"@type":"BreadcrumbList","@id":"https:\/\/escort-technology.com\/pl\/echosonda-parametryczna-innomar-medium-70\/#breadcrumb","itemListElement":[{"@type":"ListItem","position":1,"name":"Strona g\u0142\u00f3wna","item":"https:\/\/escort-technology.com\/"},{"@type":"ListItem","position":2,"name":"Echosonda parametryczna Innomar medium-70"}]},{"@type":"WebSite","@id":"http:\/\/escort-technology.com\/de\/#website","url":"http:\/\/escort-technology.com\/de\/","name":"ESCORT TECHNOLOGY","description":"Elektronika morska i l\u0105dowa","publisher":{"@id":"http:\/\/escort-technology.com\/de\/#organization"},"potentialAction":[{"@type":"SearchAction","target":{"@type":"EntryPoint","urlTemplate":"http:\/\/escort-technology.com\/de\/?s={search_term_string}"},"query-input":{"@type":"PropertyValueSpecification","valueRequired":true,"valueName":"search_term_string"}}],"inLanguage":"pl-PL"},{"@type":"Organization","@id":"http:\/\/escort-technology.com\/de\/#organization","name":"ESCORT TECHNOLOGY","url":"http:\/\/escort-technology.com\/de\/","logo":{"@type":"ImageObject","inLanguage":"pl-PL","@id":"http:\/\/escort-technology.com\/de\/#\/schema\/logo\/image\/","url":"https:\/\/escort-technology.com\/wp-content\/uploads\/logo-1.jpg","contentUrl":"https:\/\/escort-technology.com\/wp-content\/uploads\/logo-1.jpg","width":600,"height":165,"caption":"ESCORT TECHNOLOGY"},"image":{"@id":"http:\/\/escort-technology.com\/de\/#\/schema\/logo\/image\/"},"sameAs":["https:\/\/www.facebook.com\/elektronika.morska\/","https:\/\/www.linkedin.com\/company\/escort-sp-z-o-o-\/"]}]}},"_links":{"self":[{"href":"https:\/\/escort-technology.com\/pl\/wp-json\/wp\/v2\/pages\/8533","targetHints":{"allow":["GET"]}}],"collection":[{"href":"https:\/\/escort-technology.com\/pl\/wp-json\/wp\/v2\/pages"}],"about":[{"href":"https:\/\/escort-technology.com\/pl\/wp-json\/wp\/v2\/types\/page"}],"author":[{"embeddable":true,"href":"https:\/\/escort-technology.com\/pl\/wp-json\/wp\/v2\/users\/10"}],"replies":[{"embeddable":true,"href":"https:\/\/escort-technology.com\/pl\/wp-json\/wp\/v2\/comments?post=8533"}],"version-history":[{"count":7,"href":"https:\/\/escort-technology.com\/pl\/wp-json\/wp\/v2\/pages\/8533\/revisions"}],"predecessor-version":[{"id":8543,"href":"https:\/\/escort-technology.com\/pl\/wp-json\/wp\/v2\/pages\/8533\/revisions\/8543"}],"wp:attachment":[{"href":"https:\/\/escort-technology.com\/pl\/wp-json\/wp\/v2\/media?parent=8533"}],"curies":[{"name":"wp","href":"https:\/\/api.w.org\/{rel}","templated":true}]}}