{"id":8569,"date":"2021-03-10T14:02:37","date_gmt":"2021-03-10T13:02:37","guid":{"rendered":"https:\/\/escort-technology.com\/?page_id=8569"},"modified":"2021-03-10T14:15:44","modified_gmt":"2021-03-10T13:15:44","slug":"innomar-autonomous-usv","status":"publish","type":"page","link":"https:\/\/escort-technology.com\/pl\/innomar-autonomous-usv\/","title":{"rendered":"Innomar autonomous USV"},"content":{"rendered":"<h1>\n<p>Innomar autonomous USV<\/p>\n<\/h1>\n<hr>\n<p><img decoding=\"async\" src=\"\/wp-content\/uploads\/2021\/03\/innomar-autonomous-asv.jpg\" alt=\"\"><\/p>\n<div>\n<h3>Echosondy parametryczne Innomar s\u0105 cz\u0119sto u\u017cywane na p\u0142ytkich i bardzo p\u0142ytkich wodach z ograniczonym dost\u0119pem dla statk\u00f3w i \u0142odzi. W celu wsparcia takich bada\u0144 Innomar oferuje zdalnie sterowany pojazd powierzchniowy wst\u0119pnie skonfigurowany z inteligentnym SBP firmy Innomar.<\/h3>\n<p>Pojazd ten mo\u017ce by\u0107 u\u017cywany do automatycznego badania wcze\u015bniej zdefiniowanego obszaru lub do pracy w obszarach chronionych, takich jak zbiorniki wody pitnej. Mo\u017cliwe jest r\u00f3wnie\u017c zintegrowanie urz\u0105dze\u0144 innych firm, takich jak ADCP, MBES lub sonary boczne.<\/p>\n<\/div>\n<p>\n    <a href=\"https:\/\/www.innomar.com\/innomar-flyer\/Innomar-ses2000-autonomous.pdf\">Broszura <\/a>\n<\/p>\n<div>\n<h2>Elementy systemu<\/h2>\n<p><img decoding=\"async\" class=\"aligncenter\" title=\"Innomar autonomous ASV system overview\" src=\"https:\/\/www.innomar.com\/galeries\/Products\/innomar-autonomous-parts.png\" alt=\"Innomar autonomous ASV system overview\" border=\"0\" \/><\/p>\n<p>Echosonda parametryczna Innomar Smart (3) z przetwornikiem i uchwytem monta\u017cowym (4)<br \/>nadmuchiwana platforma pomiarowa dotOcean Calypso (1)<br \/>skrzynka na elektronik\u0119 steruj\u0105c\u0105 platformy (2) (dotOcean AYB, zasilacz bezprzerwowy (UPS) dla komputera i elektroniki steruj\u0105cej, czujniki) oraz akumulator p\u0119dnika<br \/>dotOcean AYB \/ Atlantis cloud auto-nawigacja, r\u0119czny pilot radiowy<br \/>jedna skrzynka na bateri\u0119 \u0142adunkow\u0105 (5)<br \/>p\u0119dniki podwodne (6)<br \/>anteny WiFi i LTE\/4G (7)<br \/>opcjonalnie: podw\u00f3jna antena GNSS dla pozycji i kursu<\/p>\n<p>Uwaga: Ze wzgl\u0119du na ograniczenia w wysy\u0142ce, baterie zazwyczaj nie s\u0105 zawarte w dostawie.<\/p>\n<\/div>\n<div>\n<h2>Specyfikacja techniczna<\/h2>\n<table>\n<colgroup>\n<col width=\"40%\" \/>\n<col width=\"60%\" \/> <\/colgroup>\n<tbody>\n<tr>\n<td colspan=\"2\">\n<p><b>\u00a0<\/b><\/p>\n<p>Echosonda parmetryczna Smart<\/p>\n<\/td>\n<\/tr>\n<tr>\n<td>Zakres g\u0142\u0119boko\u015bci<\/td>\n<td>0.5\u2009\u2013\u2009100\u2009m<\/td>\n<\/tr>\n<tr>\n<td>Penetracja osad\u00f3w<\/td>\n<td>do 20 m (w zale\u017cno\u015bci od rodzaju osadu i ha\u0142asu)<\/td>\n<\/tr>\n<tr>\n<td>Zasi\u0119g \/ Rozdzielczo\u015b\u0107 warstwy<\/td>\n<td>ok. 1 cm \/ lepiej ni\u017c 10 cm<\/td>\n<\/tr>\n<tr>\n<td>Szeroko\u015b\u0107 wi\u0105zki nadawczej (-3dB)<\/td>\n<td>ok. \u00b12,5\u00b0 \/ powierzchnia podstawy &lt;9% g\u0142\u0119boko\u015bci wody<\/td>\n<\/tr>\n<tr>\n<td>Cz\u0119stotliwo\u015bci podstawowe (PF)<\/td>\n<td>ok. 100 kHz (pasmo cz\u0119stotliwo\u015bci 90 &#8211; 110 kHz)<\/td>\n<\/tr>\n<tr>\n<td>PF Poziom \u017ar\u00f3d\u0142a \/ Moc akustyczna<\/td>\n<td>&gt;235\u2009dB\/\/\u00b5Pa\u2009re\u20091m \/ ~2\u2009kW<\/td>\n<\/tr>\n<tr>\n<td>Wt\u00f3rna niska cz\u0119stotliwo\u015b\u0107 (SLF)<\/td>\n<td>Cz\u0119stotliwo\u015b\u0107 \u015brodkowa 10 kHz (ca\u0142kowite pasmo cz\u0119stotliwo\u015bci 5 &#8211; 15 kHz)<\/td>\n<\/tr>\n<tr>\n<td>Szeroko\u015b\u0107 impulsu<\/td>\n<td>Wybierane przez u\u017cytkownika 0,1 &#8211; 0,5 ms<\/td>\n<\/tr>\n<tr>\n<td>Rodzaj impulsu<\/td>\n<td>Ricker, CW<\/td>\n<\/tr>\n<tr>\n<td>Cz\u0119stotliwo\u015b\u0107 pingowania<\/td>\n<td>do 40\u2009pings\/s<\/td>\n<\/tr>\n<tr>\n<td>Kompensacja przechy\u0142u\/rolki\/pochylenia<\/td>\n<td>przechy\u0142 (w zale\u017cno\u015bci od danych z czujnik\u00f3w zewn\u0119trznych)<\/td>\n<\/tr>\n<tr>\n<td>Akwizycja danych<\/td>\n<td>cyfrowe 16 bit\u00f3w @ ~70 kHz cz\u0119stotliwo\u015b\u0107 pr\u00f3bkowania;<br \/>PF 100 kHz obwiednia danych z echosondy \/ \u015blad dna;<br \/>SLF 10kHz dane poddenne o pe\u0142nej fali<\/td>\n<\/tr>\n<tr>\n<td>Wymiary \/ Waga<\/td>\n<td>W\u20090.43m \u00d7 D\u20090.33m \u00d7 H\u20090.23m \/ 9\u2009kg<\/td>\n<\/tr>\n<tr>\n<td>Zasilanie<\/td>\n<td>10\u2009\u2013\u200930\u2009V\u2009DC \/ &lt;100\u2009W<\/td>\n<\/tr>\n<tr>\n<td>Przetwornik (kabel 2m)<\/td>\n<td>W\u200930cm \u00d7 D\u200922cm \u00d7 H\u20099cm \/ 13kg <br \/>wraz z kablem i uchwytem mocuj\u0105cym<\/td>\n<\/tr>\n<tr>\n<td colspan=\"2\"><b>Survey Platform \/ Propulsion \/ Power Supply<\/b><\/td>\n<\/tr>\n<tr>\n<td>Wymiary \/ Waga<\/td>\n<td>L\u2009180cm \u00d7 W\u200993cm \u00d7 H\u200920cm \/ 16kg<\/td>\n<\/tr>\n<tr>\n<td>Wyporno\u015b\u0107<\/td>\n<td>max. 150\u2009kg<\/td>\n<\/tr>\n<tr>\n<td>Zdalna kontrola<\/td>\n<td>komunikacja (3G \/ 4G) lub radiowo R\/C<\/td>\n<\/tr>\n<tr>\n<td>Prze\u015bwit pod st\u0119pk\u0105<\/td>\n<td>25\u2009cm<\/td>\n<\/tr>\n<tr>\n<td>Pr\u0119dko\u015b\u0107<\/td>\n<td>max. 3\u2009w\u0119z\u0142y<\/td>\n<\/tr>\n<tr>\n<td>Monta\u017c czujnika<\/td>\n<td>via uchwycie lub zdejmowanym uchwycie<\/td>\n<\/tr>\n<tr>\n<td>Kontrola platformy<\/td>\n<td>W\u200966cm \u00d7 D\u200952cm \u00d7 H\u200938cm \/ 29kg (bez baterii)<br \/>\u0142\u0105cznie z elektronik\u0105 steruj\u0105c\u0105, komputerem do zbierania danych z UPS<\/td>\n<\/tr>\n<tr>\n<td colspan=\"2\"><b>Payload Power Supply<\/b><\/td>\n<\/tr>\n<tr>\n<td>Obudowa baterii<\/td>\n<td>W\u20090.43m \u00d7 D\u20090.33m \u00d7 H\u20090.23m \/ 4\u2009kg (bez baterii)<\/td>\n<\/tr>\n<\/tbody>\n<\/table>\n<\/div>\n<p><!-- {\"type\":\"layout\",\"children\":[{\"type\":\"section\",\"props\":{\"style\":\"default\",\"width\":\"default\",\"vertical_align\":\"middle\",\"title_position\":\"top-left\",\"title_rotation\":\"left\",\"title_breakpoint\":\"xl\",\"image_position\":\"center-center\"},\"children\":[{\"type\":\"row\",\"children\":[{\"type\":\"column\",\"props\":{\"image_position\":\"center-center\",\"media_overlay_gradient\":\"\"},\"children\":[{\"type\":\"headline\",\"props\":{\"title_element\":\"h1\",\"content\":\"\n\n<p>Innomar autonomous USV<\\\/p>\"}},{\"type\":\"divider\",\"props\":{\"divider_element\":\"hr\"}}]}]}]},{\"type\":\"section\",\"props\":{\"style\":\"default\",\"width\":\"default\",\"vertical_align\":\"middle\",\"title_position\":\"top-left\",\"title_rotation\":\"left\",\"title_breakpoint\":\"xl\",\"image_position\":\"center-center\"},\"children\":[{\"type\":\"row\",\"props\":{\"layout\":\"1-2,1-2\"},\"children\":[{\"type\":\"column\",\"props\":{\"image_position\":\"center-center\",\"media_overlay_gradient\":\"\",\"width_medium\":\"1-2\"},\"children\":[{\"type\":\"image\",\"props\":{\"margin\":\"default\",\"image_svg_color\":\"emphasis\",\"image\":\"wp-content\\\/uploads\\\/2021\\\/03\\\/innomar-autonomous-asv.jpg\"}}]},{\"type\":\"column\",\"props\":{\"image_position\":\"center-center\",\"media_overlay_gradient\":\"\",\"width_medium\":\"1-2\"},\"children\":[{\"type\":\"text\",\"props\":{\"margin\":\"default\",\"column_breakpoint\":\"m\",\"content\":\"\n\n<h3>Echosondy parametryczne Innomar s\\u0105 cz\\u0119sto u\\u017cywane na p\\u0142ytkich i bardzo p\\u0142ytkich wodach z ograniczonym dost\\u0119pem dla statk\\u00f3w i \\u0142odzi. W celu wsparcia takich bada\\u0144 Innomar oferuje zdalnie sterowany pojazd powierzchniowy wst\\u0119pnie skonfigurowany z inteligentnym SBP firmy Innomar.<\\\/h3>\\n\n\n<p>Pojazd ten mo\\u017ce by\\u0107 u\\u017cywany do automatycznego badania wcze\\u015bniej zdefiniowanego obszaru lub do pracy w obszarach chronionych, takich jak zbiorniki wody pitnej. Mo\\u017cliwe jest r\\u00f3wnie\\u017c zintegrowanie urz\\u0105dze\\u0144 innych firm, takich jak ADCP, MBES lub sonary boczne.<\\\/p>\"}},{\"type\":\"button\",\"props\":{\"grid_column_gap\":\"small\",\"grid_row_gap\":\"small\",\"margin\":\"default\",\"text_align\":\"center\"},\"children\":[{\"type\":\"button_item\",\"props\":{\"button_style\":\"default\",\"icon_align\":\"left\",\"content\":\"Broszura \",\"link\":\"https:\\\/\\\/www.innomar.com\\\/innomar-flyer\\\/Innomar-ses2000-autonomous.pdf\"}}]}]}]}]},{\"type\":\"section\",\"props\":{\"style\":\"default\",\"width\":\"default\",\"vertical_align\":\"middle\",\"title_position\":\"top-left\",\"title_rotation\":\"left\",\"title_breakpoint\":\"xl\",\"image_position\":\"center-center\"},\"children\":[{\"type\":\"row\",\"children\":[{\"type\":\"column\",\"props\":{\"image_position\":\"center-center\",\"media_overlay_gradient\":\"\"},\"children\":[{\"type\":\"text\",\"props\":{\"margin\":\"default\",\"column_breakpoint\":\"m\",\"content\":\"\n\n<h2>Elementy systemu<\\\/h2>\\n\n\n<p><img class=\\\"aligncenter\\\" title=\\\"Innomar autonomous ASV system overview\\\" src=\\\"https:\\\/\\\/www.innomar.com\\\/galeries\\\/Products\\\/innomar-autonomous-parts.png\\\" alt=\\\"Innomar autonomous ASV system overview\\\" border=\\\"0\\\" \\\/><\\\/p>\\n\n\n<p>Echosonda parametryczna Innomar Smart (3) z przetwornikiem i uchwytem monta\\u017cowym (4)<br \\\/>nadmuchiwana platforma pomiarowa dotOcean Calypso (1)<br \\\/>skrzynka na elektronik\\u0119 steruj\\u0105c\\u0105 platformy (2) (dotOcean AYB, zasilacz bezprzerwowy (UPS) dla komputera i elektroniki steruj\\u0105cej, czujniki) oraz akumulator p\\u0119dnika<br \\\/>dotOcean AYB \\\/ Atlantis cloud auto-nawigacja, r\\u0119czny pilot radiowy<br \\\/>jedna skrzynka na bateri\\u0119 \\u0142adunkow\\u0105 (5)<br \\\/>p\\u0119dniki podwodne (6)<br \\\/>anteny WiFi i LTE\\\/4G (7)<br \\\/>opcjonalnie: podw\\u00f3jna antena GNSS dla pozycji i kursu<\\\/p>\\n\n\n<p>Uwaga: Ze wzgl\\u0119du na ograniczenia w wysy\\u0142ce, baterie zazwyczaj nie s\\u0105 zawarte w dostawie.<\\\/p>\"}}]}]}]},{\"type\":\"section\",\"props\":{\"style\":\"secondary\",\"width\":\"default\",\"vertical_align\":\"middle\",\"title_position\":\"top-left\",\"title_rotation\":\"left\",\"title_breakpoint\":\"xl\",\"image_position\":\"center-center\"},\"children\":[{\"type\":\"row\",\"children\":[{\"type\":\"column\",\"props\":{\"image_position\":\"center-center\",\"media_overlay_gradient\":\"\"},\"children\":[{\"type\":\"text\",\"props\":{\"margin\":\"default\",\"column_breakpoint\":\"m\",\"content\":\"\n\n<h2>Specyfikacja techniczna<\\\/h2>\\n\n\n<table>\n\n<colgroup> \n\n<col width=\\\"40%\\\" \\\/> \n\n<col width=\\\"60%\\\" \\\/> <\\\/colgroup>\\n\n\n<tbody>\\n\n\n<tr>\\n\n\n<td colspan=\\\"2\\\">\\n\n\n<p><b>\\u00a0<\\\/b><\\\/p>\\n\n\n<p>Echosonda parmetryczna Smart<\\\/p>\\n<\\\/td>\\n<\\\/tr>\\n\n\n<tr>\\n\n\n<td>Zakres g\\u0142\\u0119boko\\u015bci<\\\/td>\\n\n\n<td>0.5\\u2009\\u2013\\u2009100\\u2009m<\\\/td>\\n<\\\/tr>\\n\n\n<tr>\\n\n\n<td>Penetracja osad\\u00f3w<\\\/td>\\n\n\n<td>do 20 m (w zale\\u017cno\\u015bci od rodzaju osadu i ha\\u0142asu)<\\\/td>\\n<\\\/tr>\\n\n\n<tr>\\n\n\n<td>Zasi\\u0119g \\\/ Rozdzielczo\\u015b\\u0107 warstwy<\\\/td>\\n\n\n<td>ok. 1 cm \\\/ lepiej ni\\u017c 10 cm<\\\/td>\\n<\\\/tr>\\n\n\n<tr>\\n\n\n<td>Szeroko\\u015b\\u0107 wi\\u0105zki nadawczej (-3dB)<\\\/td>\\n\n\n<td>ok. \\u00b12,5\\u00b0 \\\/ powierzchnia podstawy &lt;9% g\\u0142\\u0119boko\\u015bci wody<\\\/td>\\n<\\\/tr>\\n\n\n<tr>\\n\n\n<td>Cz\\u0119stotliwo\\u015bci podstawowe (PF)<\\\/td>\\n\n\n<td>ok. 100 kHz (pasmo cz\\u0119stotliwo\\u015bci 90 - 110 kHz)<\\\/td>\\n<\\\/tr>\\n\n\n<tr>\\n\n\n<td>PF Poziom \\u017ar\\u00f3d\\u0142a \\\/ Moc akustyczna<\\\/td>\\n\n\n<td>&gt;235\\u2009dB\\\/\\\/\\u00b5Pa\\u2009re\\u20091m \\\/ ~2\\u2009kW<\\\/td>\\n<\\\/tr>\\n\n\n<tr>\\n\n\n<td>Wt\\u00f3rna niska cz\\u0119stotliwo\\u015b\\u0107 (SLF)<\\\/td>\\n\n\n<td>Cz\\u0119stotliwo\\u015b\\u0107 \\u015brodkowa 10 kHz (ca\\u0142kowite pasmo cz\\u0119stotliwo\\u015bci 5 - 15 kHz)<\\\/td>\\n<\\\/tr>\\n\n\n<tr>\\n\n\n<td>Szeroko\\u015b\\u0107 impulsu<\\\/td>\\n\n\n<td>Wybierane przez u\\u017cytkownika 0,1 - 0,5 ms<\\\/td>\\n<\\\/tr>\\n\n\n<tr>\\n\n\n<td>Rodzaj impulsu<\\\/td>\\n\n\n<td>Ricker, CW<\\\/td>\\n<\\\/tr>\\n\n\n<tr>\\n\n\n<td>Cz\\u0119stotliwo\\u015b\\u0107 pingowania<\\\/td>\\n\n\n<td>do 40\\u2009pings\\\/s<\\\/td>\\n<\\\/tr>\\n\n\n<tr>\\n\n\n<td>Kompensacja przechy\\u0142u\\\/rolki\\\/pochylenia<\\\/td>\\n\n\n<td>przechy\\u0142 (w zale\\u017cno\\u015bci od danych z czujnik\\u00f3w zewn\\u0119trznych)<\\\/td>\\n<\\\/tr>\\n\n\n<tr>\\n\n\n<td>Akwizycja danych<\\\/td>\\n\n\n<td>cyfrowe 16 bit\\u00f3w @ ~70 kHz cz\\u0119stotliwo\\u015b\\u0107 pr\\u00f3bkowania;<br \\\/>PF 100 kHz obwiednia danych z echosondy \\\/ \\u015blad dna;<br \\\/>SLF 10kHz dane poddenne o pe\\u0142nej fali<\\\/td>\\n<\\\/tr>\\n\n\n<tr>\\n\n\n<td>Wymiary \\\/ Waga<\\\/td>\\n\n\n<td>W\\u20090.43m \\u00d7 D\\u20090.33m \\u00d7 H\\u20090.23m \\\/ 9\\u2009kg<\\\/td>\\n<\\\/tr>\\n\n\n<tr>\\n\n\n<td>Zasilanie<\\\/td>\\n\n\n<td>10\\u2009\\u2013\\u200930\\u2009V\\u2009DC \\\/ &lt;100\\u2009W<\\\/td>\\n<\\\/tr>\\n\n\n<tr>\\n\n\n<td>Przetwornik (kabel 2m)<\\\/td>\\n\n\n<td>W\\u200930cm \\u00d7 D\\u200922cm \\u00d7 H\\u20099cm \\\/ 13kg <br \\\/>wraz z kablem i uchwytem mocuj\\u0105cym<\\\/td>\\n<\\\/tr>\\n\n\n<tr>\\n\n\n<td colspan=\\\"2\\\"><br \\\/><b>Survey Platform \\\/ Propulsion \\\/ Power Supply<\\\/b><\\\/td>\\n<\\\/tr>\\n\n\n<tr>\\n\n\n<td>Wymiary \\\/ Waga<\\\/td>\\n\n\n<td>L\\u2009180cm \\u00d7 W\\u200993cm \\u00d7 H\\u200920cm \\\/ 16kg<\\\/td>\\n<\\\/tr>\\n\n\n<tr>\\n\n\n<td>Wyporno\\u015b\\u0107<\\\/td>\\n\n\n<td>max. 150\\u2009kg<\\\/td>\\n<\\\/tr>\\n\n\n<tr>\\n\n\n<td>Zdalna kontrola<\\\/td>\\n\n\n<td>komunikacja (3G \\\/ 4G) lub radiowo R\\\/C<\\\/td>\\n<\\\/tr>\\n\n\n<tr>\\n\n\n<td>Prze\\u015bwit pod st\\u0119pk\\u0105<\\\/td>\\n\n\n<td>25\\u2009cm<\\\/td>\\n<\\\/tr>\\n\n\n<tr>\\n\n\n<td>Pr\\u0119dko\\u015b\\u0107<\\\/td>\\n\n\n<td>max. 3\\u2009w\\u0119z\\u0142y<\\\/td>\\n<\\\/tr>\\n\n\n<tr>\\n\n\n<td>Monta\\u017c czujnika<\\\/td>\\n\n\n<td>via uchwycie lub zdejmowanym uchwycie<\\\/td>\\n<\\\/tr>\\n\n\n<tr>\\n\n\n<td>Kontrola platformy<\\\/td>\\n\n\n<td>W\\u200966cm \\u00d7 D\\u200952cm \\u00d7 H\\u200938cm \\\/ 29kg (bez baterii)<br \\\/>\\u0142\\u0105cznie z elektronik\\u0105 steruj\\u0105c\\u0105, komputerem do zbierania danych z UPS<\\\/td>\\n<\\\/tr>\\n\n\n<tr>\\n\n\n<td colspan=\\\"2\\\"><br \\\/><b>Payload Power Supply<\\\/b><\\\/td>\\n<\\\/tr>\\n\n\n<tr>\\n\n\n<td>Obudowa baterii<\\\/td>\\n\n\n<td>W\\u20090.43m \\u00d7 D\\u20090.33m \\u00d7 H\\u20090.23m \\\/ 4\\u2009kg (bez baterii)<\\\/td>\\n<\\\/tr>\\n<\\\/tbody>\\n<\\\/table>\"}}]}]}]}],\"version\":\"2.3.25\"} --><\/p>\n","protected":false},"excerpt":{"rendered":"<p>Innomar autonomous USV Echosondy parametryczne Innomar s\u0105 cz\u0119sto u\u017cywane na p\u0142ytkich i bardzo p\u0142ytkich wodach z ograniczonym dost\u0119pem dla statk\u00f3w i \u0142odzi. W celu wsparcia takich bada\u0144 Innomar oferuje zdalnie sterowany pojazd powierzchniowy wst\u0119pnie skonfigurowany z inteligentnym SBP firmy Innomar. Pojazd ten mo\u017ce by\u0107 u\u017cywany do automatycznego badania wcze\u015bniej zdefiniowanego obszaru lub do pracy w [&hellip;]<\/p>\n","protected":false},"author":10,"featured_media":0,"parent":0,"menu_order":0,"comment_status":"closed","ping_status":"closed","template":"","meta":{"footnotes":""},"class_list":["post-8569","page","type-page","status-publish","hentry"],"yoast_head":"<!-- This site is optimized with the Yoast SEO plugin v27.5 - https:\/\/yoast.com\/product\/yoast-seo-wordpress\/ -->\n<title>Innomar autonomous USV - ESCORT TECHNOLOGY<\/title>\n<meta name=\"robots\" content=\"index, follow, max-snippet:-1, max-image-preview:large, max-video-preview:-1\" \/>\n<link rel=\"canonical\" href=\"https:\/\/escort-technology.com\/pl\/innomar-autonomous-usv\/\" \/>\n<meta property=\"og:locale\" content=\"pl_PL\" \/>\n<meta property=\"og:type\" content=\"article\" \/>\n<meta property=\"og:title\" content=\"Innomar autonomous USV - ESCORT TECHNOLOGY\" \/>\n<meta property=\"og:description\" content=\"Innomar autonomous USV Echosondy parametryczne Innomar s\u0105 cz\u0119sto u\u017cywane na p\u0142ytkich i bardzo p\u0142ytkich wodach z ograniczonym dost\u0119pem dla statk\u00f3w i \u0142odzi. W celu wsparcia takich bada\u0144 Innomar oferuje zdalnie sterowany pojazd powierzchniowy wst\u0119pnie skonfigurowany z inteligentnym SBP firmy Innomar. Pojazd ten mo\u017ce by\u0107 u\u017cywany do automatycznego badania wcze\u015bniej zdefiniowanego obszaru lub do pracy w [&hellip;]\" \/>\n<meta property=\"og:url\" content=\"https:\/\/escort-technology.com\/pl\/innomar-autonomous-usv\/\" \/>\n<meta property=\"og:site_name\" content=\"ESCORT TECHNOLOGY\" \/>\n<meta property=\"article:publisher\" content=\"https:\/\/www.facebook.com\/elektronika.morska\/\" \/>\n<meta property=\"article:modified_time\" content=\"2021-03-10T13:15:44+00:00\" \/>\n<meta property=\"og:image\" content=\"https:\/\/escort-technology.com\/wp-content\/uploads\/2021\/03\/innomar-autonomous-asv.jpg\" \/>\n<meta name=\"twitter:card\" content=\"summary_large_image\" \/>\n<meta name=\"twitter:label1\" content=\"Szacowany czas czytania\" \/>\n\t<meta name=\"twitter:data1\" content=\"2 minuty\" \/>\n<script type=\"application\/ld+json\" class=\"yoast-schema-graph\">{\"@context\":\"https:\\\/\\\/schema.org\",\"@graph\":[{\"@type\":\"WebPage\",\"@id\":\"https:\\\/\\\/escort-technology.com\\\/pl\\\/innomar-autonomous-usv\\\/\",\"url\":\"https:\\\/\\\/escort-technology.com\\\/pl\\\/innomar-autonomous-usv\\\/\",\"name\":\"Innomar autonomous USV - ESCORT TECHNOLOGY\",\"isPartOf\":{\"@id\":\"http:\\\/\\\/escort-technology.com\\\/de\\\/#website\"},\"primaryImageOfPage\":{\"@id\":\"https:\\\/\\\/escort-technology.com\\\/pl\\\/innomar-autonomous-usv\\\/#primaryimage\"},\"image\":{\"@id\":\"https:\\\/\\\/escort-technology.com\\\/pl\\\/innomar-autonomous-usv\\\/#primaryimage\"},\"thumbnailUrl\":\"https:\\\/\\\/www.innomar.com\\\/galeries\\\/Products\\\/innomar-autonomous-parts.png\",\"datePublished\":\"2021-03-10T13:02:37+00:00\",\"dateModified\":\"2021-03-10T13:15:44+00:00\",\"breadcrumb\":{\"@id\":\"https:\\\/\\\/escort-technology.com\\\/pl\\\/innomar-autonomous-usv\\\/#breadcrumb\"},\"inLanguage\":\"pl-PL\",\"potentialAction\":[{\"@type\":\"ReadAction\",\"target\":[\"https:\\\/\\\/escort-technology.com\\\/pl\\\/innomar-autonomous-usv\\\/\"]}]},{\"@type\":\"ImageObject\",\"inLanguage\":\"pl-PL\",\"@id\":\"https:\\\/\\\/escort-technology.com\\\/pl\\\/innomar-autonomous-usv\\\/#primaryimage\",\"url\":\"https:\\\/\\\/www.innomar.com\\\/galeries\\\/Products\\\/innomar-autonomous-parts.png\",\"contentUrl\":\"https:\\\/\\\/www.innomar.com\\\/galeries\\\/Products\\\/innomar-autonomous-parts.png\"},{\"@type\":\"BreadcrumbList\",\"@id\":\"https:\\\/\\\/escort-technology.com\\\/pl\\\/innomar-autonomous-usv\\\/#breadcrumb\",\"itemListElement\":[{\"@type\":\"ListItem\",\"position\":1,\"name\":\"Strona g\u0142\u00f3wna\",\"item\":\"https:\\\/\\\/escort-technology.com\\\/\"},{\"@type\":\"ListItem\",\"position\":2,\"name\":\"Innomar autonomous USV\"}]},{\"@type\":\"WebSite\",\"@id\":\"http:\\\/\\\/escort-technology.com\\\/de\\\/#website\",\"url\":\"http:\\\/\\\/escort-technology.com\\\/de\\\/\",\"name\":\"ESCORT TECHNOLOGY\",\"description\":\"Elektronika morska i l\u0105dowa\",\"publisher\":{\"@id\":\"http:\\\/\\\/escort-technology.com\\\/de\\\/#organization\"},\"potentialAction\":[{\"@type\":\"SearchAction\",\"target\":{\"@type\":\"EntryPoint\",\"urlTemplate\":\"http:\\\/\\\/escort-technology.com\\\/de\\\/?s={search_term_string}\"},\"query-input\":{\"@type\":\"PropertyValueSpecification\",\"valueRequired\":true,\"valueName\":\"search_term_string\"}}],\"inLanguage\":\"pl-PL\"},{\"@type\":\"Organization\",\"@id\":\"http:\\\/\\\/escort-technology.com\\\/de\\\/#organization\",\"name\":\"ESCORT TECHNOLOGY\",\"url\":\"http:\\\/\\\/escort-technology.com\\\/de\\\/\",\"logo\":{\"@type\":\"ImageObject\",\"inLanguage\":\"pl-PL\",\"@id\":\"http:\\\/\\\/escort-technology.com\\\/de\\\/#\\\/schema\\\/logo\\\/image\\\/\",\"url\":\"https:\\\/\\\/escort-technology.com\\\/wp-content\\\/uploads\\\/logo-1.jpg\",\"contentUrl\":\"https:\\\/\\\/escort-technology.com\\\/wp-content\\\/uploads\\\/logo-1.jpg\",\"width\":600,\"height\":165,\"caption\":\"ESCORT TECHNOLOGY\"},\"image\":{\"@id\":\"http:\\\/\\\/escort-technology.com\\\/de\\\/#\\\/schema\\\/logo\\\/image\\\/\"},\"sameAs\":[\"https:\\\/\\\/www.facebook.com\\\/elektronika.morska\\\/\",\"https:\\\/\\\/www.linkedin.com\\\/company\\\/escort-sp-z-o-o-\\\/\"]}]}<\/script>\n<!-- \/ Yoast SEO plugin. -->","yoast_head_json":{"title":"Innomar autonomous USV - ESCORT TECHNOLOGY","robots":{"index":"index","follow":"follow","max-snippet":"max-snippet:-1","max-image-preview":"max-image-preview:large","max-video-preview":"max-video-preview:-1"},"canonical":"https:\/\/escort-technology.com\/pl\/innomar-autonomous-usv\/","og_locale":"pl_PL","og_type":"article","og_title":"Innomar autonomous USV - ESCORT TECHNOLOGY","og_description":"Innomar autonomous USV Echosondy parametryczne Innomar s\u0105 cz\u0119sto u\u017cywane na p\u0142ytkich i bardzo p\u0142ytkich wodach z ograniczonym dost\u0119pem dla statk\u00f3w i \u0142odzi. W celu wsparcia takich bada\u0144 Innomar oferuje zdalnie sterowany pojazd powierzchniowy wst\u0119pnie skonfigurowany z inteligentnym SBP firmy Innomar. Pojazd ten mo\u017ce by\u0107 u\u017cywany do automatycznego badania wcze\u015bniej zdefiniowanego obszaru lub do pracy w [&hellip;]","og_url":"https:\/\/escort-technology.com\/pl\/innomar-autonomous-usv\/","og_site_name":"ESCORT TECHNOLOGY","article_publisher":"https:\/\/www.facebook.com\/elektronika.morska\/","article_modified_time":"2021-03-10T13:15:44+00:00","og_image":[{"url":"https:\/\/escort-technology.com\/wp-content\/uploads\/2021\/03\/innomar-autonomous-asv.jpg","type":"","width":"","height":""}],"twitter_card":"summary_large_image","twitter_misc":{"Szacowany czas czytania":"2 minuty"},"schema":{"@context":"https:\/\/schema.org","@graph":[{"@type":"WebPage","@id":"https:\/\/escort-technology.com\/pl\/innomar-autonomous-usv\/","url":"https:\/\/escort-technology.com\/pl\/innomar-autonomous-usv\/","name":"Innomar autonomous USV - ESCORT TECHNOLOGY","isPartOf":{"@id":"http:\/\/escort-technology.com\/de\/#website"},"primaryImageOfPage":{"@id":"https:\/\/escort-technology.com\/pl\/innomar-autonomous-usv\/#primaryimage"},"image":{"@id":"https:\/\/escort-technology.com\/pl\/innomar-autonomous-usv\/#primaryimage"},"thumbnailUrl":"https:\/\/www.innomar.com\/galeries\/Products\/innomar-autonomous-parts.png","datePublished":"2021-03-10T13:02:37+00:00","dateModified":"2021-03-10T13:15:44+00:00","breadcrumb":{"@id":"https:\/\/escort-technology.com\/pl\/innomar-autonomous-usv\/#breadcrumb"},"inLanguage":"pl-PL","potentialAction":[{"@type":"ReadAction","target":["https:\/\/escort-technology.com\/pl\/innomar-autonomous-usv\/"]}]},{"@type":"ImageObject","inLanguage":"pl-PL","@id":"https:\/\/escort-technology.com\/pl\/innomar-autonomous-usv\/#primaryimage","url":"https:\/\/www.innomar.com\/galeries\/Products\/innomar-autonomous-parts.png","contentUrl":"https:\/\/www.innomar.com\/galeries\/Products\/innomar-autonomous-parts.png"},{"@type":"BreadcrumbList","@id":"https:\/\/escort-technology.com\/pl\/innomar-autonomous-usv\/#breadcrumb","itemListElement":[{"@type":"ListItem","position":1,"name":"Strona g\u0142\u00f3wna","item":"https:\/\/escort-technology.com\/"},{"@type":"ListItem","position":2,"name":"Innomar autonomous USV"}]},{"@type":"WebSite","@id":"http:\/\/escort-technology.com\/de\/#website","url":"http:\/\/escort-technology.com\/de\/","name":"ESCORT TECHNOLOGY","description":"Elektronika morska i l\u0105dowa","publisher":{"@id":"http:\/\/escort-technology.com\/de\/#organization"},"potentialAction":[{"@type":"SearchAction","target":{"@type":"EntryPoint","urlTemplate":"http:\/\/escort-technology.com\/de\/?s={search_term_string}"},"query-input":{"@type":"PropertyValueSpecification","valueRequired":true,"valueName":"search_term_string"}}],"inLanguage":"pl-PL"},{"@type":"Organization","@id":"http:\/\/escort-technology.com\/de\/#organization","name":"ESCORT TECHNOLOGY","url":"http:\/\/escort-technology.com\/de\/","logo":{"@type":"ImageObject","inLanguage":"pl-PL","@id":"http:\/\/escort-technology.com\/de\/#\/schema\/logo\/image\/","url":"https:\/\/escort-technology.com\/wp-content\/uploads\/logo-1.jpg","contentUrl":"https:\/\/escort-technology.com\/wp-content\/uploads\/logo-1.jpg","width":600,"height":165,"caption":"ESCORT TECHNOLOGY"},"image":{"@id":"http:\/\/escort-technology.com\/de\/#\/schema\/logo\/image\/"},"sameAs":["https:\/\/www.facebook.com\/elektronika.morska\/","https:\/\/www.linkedin.com\/company\/escort-sp-z-o-o-\/"]}]}},"_links":{"self":[{"href":"https:\/\/escort-technology.com\/pl\/wp-json\/wp\/v2\/pages\/8569","targetHints":{"allow":["GET"]}}],"collection":[{"href":"https:\/\/escort-technology.com\/pl\/wp-json\/wp\/v2\/pages"}],"about":[{"href":"https:\/\/escort-technology.com\/pl\/wp-json\/wp\/v2\/types\/page"}],"author":[{"embeddable":true,"href":"https:\/\/escort-technology.com\/pl\/wp-json\/wp\/v2\/users\/10"}],"replies":[{"embeddable":true,"href":"https:\/\/escort-technology.com\/pl\/wp-json\/wp\/v2\/comments?post=8569"}],"version-history":[{"count":5,"href":"https:\/\/escort-technology.com\/pl\/wp-json\/wp\/v2\/pages\/8569\/revisions"}],"predecessor-version":[{"id":8577,"href":"https:\/\/escort-technology.com\/pl\/wp-json\/wp\/v2\/pages\/8569\/revisions\/8577"}],"wp:attachment":[{"href":"https:\/\/escort-technology.com\/pl\/wp-json\/wp\/v2\/media?parent=8569"}],"curies":[{"name":"wp","href":"https:\/\/api.w.org\/{rel}","templated":true}]}}