{"id":8619,"date":"2021-05-06T09:08:24","date_gmt":"2021-05-06T07:08:24","guid":{"rendered":"https:\/\/escort-technology.com\/?page_id=8619"},"modified":"2021-05-06T09:08:24","modified_gmt":"2021-05-06T07:08:24","slug":"ploter-marki-koden-model-gtd-120","status":"publish","type":"page","link":"https:\/\/escort-technology.com\/pl\/ploter-marki-koden-model-gtd-120\/","title":{"rendered":"Ploter marki KODEN model GTD-120"},"content":{"rendered":"<h1>\n<h1 class=\"uk-article-title\">Ploter marki KODEN model GTD-120<\/h1>\n<\/h1>\n<hr>\n<p><img decoding=\"async\" src=\"\/wp-content\/uploads\/2021\/03\/GTD-120-R-e1548377125364.png\" alt=\"\"><\/p>\n<p>\n    <a href=\"https:\/\/www.koden-electronics.co.jp\/cms\/wp-content\/uploads\/2019\/01\/gtd-120.pdf\">Broszura <\/a>\n<\/p>\n<div>\n<h3>Cechy\u00a0<\/h3>\n<p>Wewn\u0105trz wy\u015bwietlacza znajduje si\u0119 &#8222;pami\u0119\u0107&#8221;, do kt\u00f3rej w ka\u017cdej chwili mo\u017cna zapisa\u0107 dane o znaku, w\u0142asnym \u015bladzie, \u015bladzie docelowym, trasie, obrazie i ustawieniach. Zaleca si\u0119 zapisywanie wa\u017cnych danych w tej &#8222;pami\u0119ci&#8221; na karcie SD. Dane mog\u0105 by\u0107 zapisywane i importowane pomi\u0119dzy &#8222;pami\u0119ci\u0105&#8221; a kart\u0105 SD.<br \/>Obs\u0142uguje karty SD o rozmiarach od 2 do 8GB.<\/p>\n<h3>Wy\u015bwietlanie dw\u00f3ch zakres\u00f3w<\/h3>\n<p>Mo\u017cliwo\u015b\u0107 wy\u015bwietlania dw\u00f3ch r\u00f3\u017cnych zakres\u00f3w na jednym ekranie.<br \/>Mo\u017cesz wybra\u0107 dwa r\u00f3\u017cne zakresy w tym samym czasie, ustawiaj\u0105c ekran plotera obok siebie.<\/p>\n<h3>Funkcja wy\u015bwietlania AIS<\/h3>\n<p>Po pod\u0142\u0105czeniu do odbiornika AIS, symbole AIS b\u0119d\u0105 wy\u015bwietlane na ekranie. Do 128 symboli AIS mo\u017ce by\u0107 wy\u015bwietlanych.<br \/>Wbudowana p\u0142yta interfejsu AIS, wy\u015bwietla inne informacje o statku po pod\u0142\u0105czeniu odbiornika AIS.<\/p>\n<h3>Wysokiej jako\u015bci wy\u015bwietlacz LCD zapewnia wysok\u0105 widoczno\u015b\u0107 w ka\u017cdych warunkach<\/h3>\n<p>Zastosowanie specjalnego filtra (pow\u0142oka AR). Obraz jest wyra\u017anie wy\u015bwietlany w \u015bwietle s\u0142onecznym, zapobiega si\u0119 r\u00f3wnie\u017c odbiciom na ekranie LCD.<\/p>\n<h3>Przyjazna dla u\u017cytkownika obs\u0142uga<\/h3>\n<p>\u0141atwa obs\u0142uga za pomoc\u0105 pojedynczych przycisk\u00f3w funkcyjnych i pokr\u0119te\u0142, mo\u017cna szybko nauczy\u0107 si\u0119 obs\u0142ugi.<br \/>Klawisze [F1] i [F2] s\u0142u\u017c\u0105 do wywo\u0142ywania zarejestrowanych funkcji za pomoc\u0105 jednego dotkni\u0119cia.<\/p>\n<\/div>\n<p><!-- {\"type\":\"layout\",\"children\":[{\"type\":\"section\",\"props\":{\"style\":\"default\",\"width\":\"default\",\"vertical_align\":\"middle\",\"title_position\":\"top-left\",\"title_rotation\":\"left\",\"title_breakpoint\":\"xl\",\"image_position\":\"center-center\"},\"children\":[{\"type\":\"row\",\"children\":[{\"type\":\"column\",\"props\":{\"image_position\":\"center-center\",\"media_overlay_gradient\":\"\"},\"children\":[{\"type\":\"headline\",\"props\":{\"title_element\":\"h1\",\"content\":\"\n\n<h1 class=\\\"uk-article-title\\\">Ploter marki KODEN model GTD-120<\\\/h1>\"}},{\"type\":\"divider\",\"props\":{\"divider_element\":\"hr\"}}]}]}]},{\"type\":\"section\",\"props\":{\"style\":\"default\",\"width\":\"default\",\"vertical_align\":\"middle\",\"title_position\":\"top-left\",\"title_rotation\":\"left\",\"title_breakpoint\":\"xl\",\"image_position\":\"center-center\"},\"children\":[{\"type\":\"row\",\"props\":{\"layout\":\"1-3,2-3\"},\"children\":[{\"type\":\"column\",\"props\":{\"image_position\":\"center-center\",\"media_overlay_gradient\":\"\",\"width_medium\":\"1-3\"},\"children\":[{\"type\":\"image\",\"props\":{\"margin\":\"default\",\"image_svg_color\":\"emphasis\",\"image\":\"wp-content\\\/uploads\\\/2021\\\/03\\\/GTD-120-R-e1548377125364.png\",\"text_align\":\"center\"}},{\"type\":\"button\",\"props\":{\"grid_column_gap\":\"small\",\"grid_row_gap\":\"small\",\"margin\":\"default\",\"text_align\":\"center\"},\"children\":[{\"type\":\"button_item\",\"props\":{\"button_style\":\"default\",\"icon_align\":\"left\",\"content\":\"Broszura \",\"link\":\"https:\\\/\\\/www.koden-electronics.co.jp\\\/cms\\\/wp-content\\\/uploads\\\/2019\\\/01\\\/gtd-120.pdf\"}}]}]},{\"type\":\"column\",\"props\":{\"image_position\":\"center-center\",\"media_overlay_gradient\":\"\",\"width_medium\":\"2-3\"},\"children\":[{\"type\":\"text\",\"props\":{\"margin\":\"default\",\"column_breakpoint\":\"m\",\"content\":\"\n\n<h3>Cechy\\u00a0<\\\/h3>\\n\n\n<p>Wewn\\u0105trz wy\\u015bwietlacza znajduje si\\u0119 \\\"pami\\u0119\\u0107\\\", do kt\\u00f3rej w ka\\u017cdej chwili mo\\u017cna zapisa\\u0107 dane o znaku, w\\u0142asnym \\u015bladzie, \\u015bladzie docelowym, trasie, obrazie i ustawieniach. Zaleca si\\u0119 zapisywanie wa\\u017cnych danych w tej \\\"pami\\u0119ci\\\" na karcie SD. Dane mog\\u0105 by\\u0107 zapisywane i importowane pomi\\u0119dzy \\\"pami\\u0119ci\\u0105\\\" a kart\\u0105 SD.<br \\\/>Obs\\u0142uguje karty SD o rozmiarach od 2 do 8GB.<\\\/p>\\n\n\n<h3>Wy\\u015bwietlanie dw\\u00f3ch zakres\\u00f3w<\\\/h3>\\n\n\n<p>Mo\\u017cliwo\\u015b\\u0107 wy\\u015bwietlania dw\\u00f3ch r\\u00f3\\u017cnych zakres\\u00f3w na jednym ekranie.<br \\\/>Mo\\u017cesz wybra\\u0107 dwa r\\u00f3\\u017cne zakresy w tym samym czasie, ustawiaj\\u0105c ekran plotera obok siebie.<\\\/p>\\n\n\n<h3>Funkcja wy\\u015bwietlania AIS<\\\/h3>\\n\n\n<p>Po pod\\u0142\\u0105czeniu do odbiornika AIS, symbole AIS b\\u0119d\\u0105 wy\\u015bwietlane na ekranie. Do 128 symboli AIS mo\\u017ce by\\u0107 wy\\u015bwietlanych.<br \\\/>Wbudowana p\\u0142yta interfejsu AIS, wy\\u015bwietla inne informacje o statku po pod\\u0142\\u0105czeniu odbiornika AIS.<\\\/p>\\n\n\n<h3>Wysokiej jako\\u015bci wy\\u015bwietlacz LCD zapewnia wysok\\u0105 widoczno\\u015b\\u0107 w ka\\u017cdych warunkach<\\\/h3>\\n\n\n<p>Zastosowanie specjalnego filtra (pow\\u0142oka AR). Obraz jest wyra\\u017anie wy\\u015bwietlany w \\u015bwietle s\\u0142onecznym, zapobiega si\\u0119 r\\u00f3wnie\\u017c odbiciom na ekranie LCD.<\\\/p>\\n\n\n<h3>Przyjazna dla u\\u017cytkownika obs\\u0142uga<\\\/h3>\\n\n\n<p>\\u0141atwa obs\\u0142uga za pomoc\\u0105 pojedynczych przycisk\\u00f3w funkcyjnych i pokr\\u0119te\\u0142, mo\\u017cna szybko nauczy\\u0107 si\\u0119 obs\\u0142ugi.<br \\\/>Klawisze [F1] i [F2] s\\u0142u\\u017c\\u0105 do wywo\\u0142ywania zarejestrowanych funkcji za pomoc\\u0105 jednego dotkni\\u0119cia.<\\\/p>\"}}]}]}]}],\"version\":\"2.3.25\"} --><\/p>\n","protected":false},"excerpt":{"rendered":"<p>Ploter marki KODEN model GTD-120 Broszura Cechy\u00a0 Wewn\u0105trz wy\u015bwietlacza znajduje si\u0119 &#8222;pami\u0119\u0107&#8221;, do kt\u00f3rej w ka\u017cdej chwili mo\u017cna zapisa\u0107 dane o znaku, w\u0142asnym \u015bladzie, \u015bladzie docelowym, trasie, obrazie i ustawieniach. Zaleca si\u0119 zapisywanie wa\u017cnych danych w tej &#8222;pami\u0119ci&#8221; na karcie SD. Dane mog\u0105 by\u0107 zapisywane i importowane pomi\u0119dzy &#8222;pami\u0119ci\u0105&#8221; a kart\u0105 SD.Obs\u0142uguje karty SD o [&hellip;]<\/p>\n","protected":false},"author":10,"featured_media":0,"parent":0,"menu_order":0,"comment_status":"closed","ping_status":"closed","template":"","meta":{"footnotes":""},"class_list":["post-8619","page","type-page","status-publish","hentry"],"yoast_head":"<!-- This site is optimized with the Yoast SEO plugin v27.6 - https:\/\/yoast.com\/product\/yoast-seo-wordpress\/ -->\n<title>Ploter marki KODEN model GTD-120 - ESCORT TECHNOLOGY<\/title>\n<meta name=\"robots\" content=\"index, follow, max-snippet:-1, max-image-preview:large, max-video-preview:-1\" \/>\n<link rel=\"canonical\" href=\"https:\/\/escort-technology.com\/pl\/de\/ploter-marki-koden-model-gtd-120\/\" \/>\n<meta property=\"og:locale\" content=\"pl_PL\" \/>\n<meta property=\"og:type\" content=\"article\" \/>\n<meta property=\"og:title\" content=\"Ploter marki KODEN model GTD-120 - ESCORT TECHNOLOGY\" \/>\n<meta property=\"og:description\" content=\"Ploter marki KODEN model GTD-120 Broszura Cechy\u00a0 Wewn\u0105trz wy\u015bwietlacza znajduje si\u0119 &#8222;pami\u0119\u0107&#8221;, do kt\u00f3rej w ka\u017cdej chwili mo\u017cna zapisa\u0107 dane o znaku, w\u0142asnym \u015bladzie, \u015bladzie docelowym, trasie, obrazie i ustawieniach. Zaleca si\u0119 zapisywanie wa\u017cnych danych w tej &#8222;pami\u0119ci&#8221; na karcie SD. Dane mog\u0105 by\u0107 zapisywane i importowane pomi\u0119dzy &#8222;pami\u0119ci\u0105&#8221; a kart\u0105 SD.Obs\u0142uguje karty SD o [&hellip;]\" \/>\n<meta property=\"og:url\" content=\"https:\/\/escort-technology.com\/pl\/de\/ploter-marki-koden-model-gtd-120\/\" \/>\n<meta property=\"og:site_name\" content=\"ESCORT TECHNOLOGY\" \/>\n<meta property=\"article:publisher\" content=\"https:\/\/www.facebook.com\/elektronika.morska\/\" \/>\n<meta property=\"og:image\" content=\"https:\/\/escort-technology.com\/wp-content\/uploads\/2021\/03\/GTD-120-R-e1548377125364.png\" \/>\n<meta name=\"twitter:card\" content=\"summary_large_image\" \/>\n<meta name=\"twitter:label1\" content=\"Szacowany czas czytania\" \/>\n\t<meta name=\"twitter:data1\" content=\"1 minuta\" \/>\n<script type=\"application\/ld+json\" class=\"yoast-schema-graph\">{\"@context\":\"https:\\\/\\\/schema.org\",\"@graph\":[{\"@type\":\"WebPage\",\"@id\":\"https:\\\/\\\/escort-technology.com\\\/de\\\/ploter-marki-koden-model-gtd-120\\\/\",\"url\":\"https:\\\/\\\/escort-technology.com\\\/de\\\/ploter-marki-koden-model-gtd-120\\\/\",\"name\":\"Ploter marki KODEN model GTD-120 - ESCORT TECHNOLOGY\",\"isPartOf\":{\"@id\":\"http:\\\/\\\/escort-technology.com\\\/de\\\/#website\"},\"datePublished\":\"2021-05-06T07:08:24+00:00\",\"breadcrumb\":{\"@id\":\"https:\\\/\\\/escort-technology.com\\\/de\\\/ploter-marki-koden-model-gtd-120\\\/#breadcrumb\"},\"inLanguage\":\"pl-PL\",\"potentialAction\":[{\"@type\":\"ReadAction\",\"target\":[\"https:\\\/\\\/escort-technology.com\\\/de\\\/ploter-marki-koden-model-gtd-120\\\/\"]}]},{\"@type\":\"BreadcrumbList\",\"@id\":\"https:\\\/\\\/escort-technology.com\\\/de\\\/ploter-marki-koden-model-gtd-120\\\/#breadcrumb\",\"itemListElement\":[{\"@type\":\"ListItem\",\"position\":1,\"name\":\"Strona g\u0142\u00f3wna\",\"item\":\"https:\\\/\\\/escort-technology.com\\\/\"},{\"@type\":\"ListItem\",\"position\":2,\"name\":\"Ploter marki KODEN model GTD-120\"}]},{\"@type\":\"WebSite\",\"@id\":\"http:\\\/\\\/escort-technology.com\\\/de\\\/#website\",\"url\":\"http:\\\/\\\/escort-technology.com\\\/de\\\/\",\"name\":\"ESCORT TECHNOLOGY\",\"description\":\"Elektronika morska i l\u0105dowa\",\"publisher\":{\"@id\":\"http:\\\/\\\/escort-technology.com\\\/de\\\/#organization\"},\"potentialAction\":[{\"@type\":\"SearchAction\",\"target\":{\"@type\":\"EntryPoint\",\"urlTemplate\":\"http:\\\/\\\/escort-technology.com\\\/de\\\/?s={search_term_string}\"},\"query-input\":{\"@type\":\"PropertyValueSpecification\",\"valueRequired\":true,\"valueName\":\"search_term_string\"}}],\"inLanguage\":\"pl-PL\"},{\"@type\":\"Organization\",\"@id\":\"http:\\\/\\\/escort-technology.com\\\/de\\\/#organization\",\"name\":\"ESCORT TECHNOLOGY\",\"url\":\"http:\\\/\\\/escort-technology.com\\\/de\\\/\",\"logo\":{\"@type\":\"ImageObject\",\"inLanguage\":\"pl-PL\",\"@id\":\"http:\\\/\\\/escort-technology.com\\\/de\\\/#\\\/schema\\\/logo\\\/image\\\/\",\"url\":\"https:\\\/\\\/escort-technology.com\\\/wp-content\\\/uploads\\\/logo-1.jpg\",\"contentUrl\":\"https:\\\/\\\/escort-technology.com\\\/wp-content\\\/uploads\\\/logo-1.jpg\",\"width\":600,\"height\":165,\"caption\":\"ESCORT TECHNOLOGY\"},\"image\":{\"@id\":\"http:\\\/\\\/escort-technology.com\\\/de\\\/#\\\/schema\\\/logo\\\/image\\\/\"},\"sameAs\":[\"https:\\\/\\\/www.facebook.com\\\/elektronika.morska\\\/\",\"https:\\\/\\\/www.linkedin.com\\\/company\\\/escort-sp-z-o-o-\\\/\"]}]}<\/script>\n<!-- \/ Yoast SEO plugin. -->","yoast_head_json":{"title":"Ploter marki KODEN model GTD-120 - ESCORT TECHNOLOGY","robots":{"index":"index","follow":"follow","max-snippet":"max-snippet:-1","max-image-preview":"max-image-preview:large","max-video-preview":"max-video-preview:-1"},"canonical":"https:\/\/escort-technology.com\/pl\/de\/ploter-marki-koden-model-gtd-120\/","og_locale":"pl_PL","og_type":"article","og_title":"Ploter marki KODEN model GTD-120 - ESCORT TECHNOLOGY","og_description":"Ploter marki KODEN model GTD-120 Broszura Cechy\u00a0 Wewn\u0105trz wy\u015bwietlacza znajduje si\u0119 &#8222;pami\u0119\u0107&#8221;, do kt\u00f3rej w ka\u017cdej chwili mo\u017cna zapisa\u0107 dane o znaku, w\u0142asnym \u015bladzie, \u015bladzie docelowym, trasie, obrazie i ustawieniach. Zaleca si\u0119 zapisywanie wa\u017cnych danych w tej &#8222;pami\u0119ci&#8221; na karcie SD. Dane mog\u0105 by\u0107 zapisywane i importowane pomi\u0119dzy &#8222;pami\u0119ci\u0105&#8221; a kart\u0105 SD.Obs\u0142uguje karty SD o [&hellip;]","og_url":"https:\/\/escort-technology.com\/pl\/de\/ploter-marki-koden-model-gtd-120\/","og_site_name":"ESCORT TECHNOLOGY","article_publisher":"https:\/\/www.facebook.com\/elektronika.morska\/","og_image":[{"url":"https:\/\/escort-technology.com\/wp-content\/uploads\/2021\/03\/GTD-120-R-e1548377125364.png","type":"","width":"","height":""}],"twitter_card":"summary_large_image","twitter_misc":{"Szacowany czas czytania":"1 minuta"},"schema":{"@context":"https:\/\/schema.org","@graph":[{"@type":"WebPage","@id":"https:\/\/escort-technology.com\/de\/ploter-marki-koden-model-gtd-120\/","url":"https:\/\/escort-technology.com\/de\/ploter-marki-koden-model-gtd-120\/","name":"Ploter marki KODEN model GTD-120 - ESCORT TECHNOLOGY","isPartOf":{"@id":"http:\/\/escort-technology.com\/de\/#website"},"datePublished":"2021-05-06T07:08:24+00:00","breadcrumb":{"@id":"https:\/\/escort-technology.com\/de\/ploter-marki-koden-model-gtd-120\/#breadcrumb"},"inLanguage":"pl-PL","potentialAction":[{"@type":"ReadAction","target":["https:\/\/escort-technology.com\/de\/ploter-marki-koden-model-gtd-120\/"]}]},{"@type":"BreadcrumbList","@id":"https:\/\/escort-technology.com\/de\/ploter-marki-koden-model-gtd-120\/#breadcrumb","itemListElement":[{"@type":"ListItem","position":1,"name":"Strona g\u0142\u00f3wna","item":"https:\/\/escort-technology.com\/"},{"@type":"ListItem","position":2,"name":"Ploter marki KODEN model GTD-120"}]},{"@type":"WebSite","@id":"http:\/\/escort-technology.com\/de\/#website","url":"http:\/\/escort-technology.com\/de\/","name":"ESCORT TECHNOLOGY","description":"Elektronika morska i l\u0105dowa","publisher":{"@id":"http:\/\/escort-technology.com\/de\/#organization"},"potentialAction":[{"@type":"SearchAction","target":{"@type":"EntryPoint","urlTemplate":"http:\/\/escort-technology.com\/de\/?s={search_term_string}"},"query-input":{"@type":"PropertyValueSpecification","valueRequired":true,"valueName":"search_term_string"}}],"inLanguage":"pl-PL"},{"@type":"Organization","@id":"http:\/\/escort-technology.com\/de\/#organization","name":"ESCORT TECHNOLOGY","url":"http:\/\/escort-technology.com\/de\/","logo":{"@type":"ImageObject","inLanguage":"pl-PL","@id":"http:\/\/escort-technology.com\/de\/#\/schema\/logo\/image\/","url":"https:\/\/escort-technology.com\/wp-content\/uploads\/logo-1.jpg","contentUrl":"https:\/\/escort-technology.com\/wp-content\/uploads\/logo-1.jpg","width":600,"height":165,"caption":"ESCORT TECHNOLOGY"},"image":{"@id":"http:\/\/escort-technology.com\/de\/#\/schema\/logo\/image\/"},"sameAs":["https:\/\/www.facebook.com\/elektronika.morska\/","https:\/\/www.linkedin.com\/company\/escort-sp-z-o-o-\/"]}]}},"_links":{"self":[{"href":"https:\/\/escort-technology.com\/pl\/wp-json\/wp\/v2\/pages\/8619","targetHints":{"allow":["GET"]}}],"collection":[{"href":"https:\/\/escort-technology.com\/pl\/wp-json\/wp\/v2\/pages"}],"about":[{"href":"https:\/\/escort-technology.com\/pl\/wp-json\/wp\/v2\/types\/page"}],"author":[{"embeddable":true,"href":"https:\/\/escort-technology.com\/pl\/wp-json\/wp\/v2\/users\/10"}],"replies":[{"embeddable":true,"href":"https:\/\/escort-technology.com\/pl\/wp-json\/wp\/v2\/comments?post=8619"}],"version-history":[{"count":4,"href":"https:\/\/escort-technology.com\/pl\/wp-json\/wp\/v2\/pages\/8619\/revisions"}],"predecessor-version":[{"id":8624,"href":"https:\/\/escort-technology.com\/pl\/wp-json\/wp\/v2\/pages\/8619\/revisions\/8624"}],"wp:attachment":[{"href":"https:\/\/escort-technology.com\/pl\/wp-json\/wp\/v2\/media?parent=8619"}],"curies":[{"name":"wp","href":"https:\/\/api.w.org\/{rel}","templated":true}]}}