{"id":8661,"date":"2021-04-23T09:59:53","date_gmt":"2021-04-23T07:59:53","guid":{"rendered":"https:\/\/escort-technology.com\/?page_id=8661"},"modified":"2021-04-23T09:59:53","modified_gmt":"2021-04-23T07:59:53","slug":"radiotelefon-icom-model-ic-m94de","status":"publish","type":"page","link":"https:\/\/escort-technology.com\/pl\/radiotelefon-icom-model-ic-m94de\/","title":{"rendered":"Radiotelefon ICOM model IC-M94DE"},"content":{"rendered":"<h1>\n<p class=\"uk-article-title\">Radiotelefon ICOM model IC-M94DE<\/p>\n<\/h1>\n<hr>\n<p><img decoding=\"async\" src=\"\/wp-content\/uploads\/2021\/04\/20201201150137_64377.png\" alt=\"\"><\/p>\n<p>\n    <a href=\"\/wp-content\/uploads\/2021\/04\/IC-M94DE_BRO_ENG_20210310.pdf\">broszura pl<\/a>\n<\/p>\n<div>\n<p><strong>Odbiornik AIS i DSC w jednym r\u0119cznym urz\u0105dzeniu morskim<\/strong><br \/>Odbiornik AIS i funkcja DSC dodatkowo zwi\u0119kszaj\u0105 Twoje bezpiecze\u0144stwo na morzu. Zintegrowany odbiornik AIS wy\u015bwietla na ekranie informacje o ruchu statk\u00f3w. Funkcja wywo\u0142ania docelowego AIS pozwala na \u0142atwe skonfigurowanie indywidualnego wywo\u0142ania DSC. Wywo\u0142ania alarmowe mog\u0105 by\u0107 wykonywane za pomoc\u0105 przycisku Distress na tylnym panelu.<\/p>\n<p><strong>Moc wyj\u015bciowa 6 W RF i 10 godzin czasu pracy<\/strong><br \/>Moc nadawcza IC-M94DE wynosz\u0105ca 6 W*1 zapewnia u\u017cytkownikowi zwi\u0119kszony zasi\u0119g komunikacji. Do\u0142\u0105czony akumulator litowo-jonowy BP-306 o du\u017cej pojemno\u015bci 2400 mAh (typowy) zapewnia 10 godzin czasu pracy w normalnych warunkach*2.<\/p>\n<p>*1 5 W dla wersji AUS<br \/>*2 Przybli\u017cona, typowa praca z TX: RX: Standby= 5: 5: 90 duty ratio, gdy funkcja oszcz\u0119dzania energii jest w\u0142\u0105czona.<\/p>\n<p><strong>Wyj\u015bcie Audio 1500 mW <\/strong><br \/>Niestandardowy g\u0142o\u015bnik Icom o du\u017cej mocy zapewnia g\u0142o\u015bne 1500 mW (typowe) wyj\u015bcie audio z ulepszon\u0105 czysto\u015bci\u0105 d\u017awi\u0119ku akustycznego dla ha\u0142a\u015bliwych \u015brodowisk morskich.<\/p>\n<p><strong>Uproszczona funkcja nawigacji<\/strong><\/p>\n<p>Funkcja nawigacji prowadzi u\u017cytkownika do okre\u015blonego punktu orientacyjnego. Jako punkty orientacyjne mo\u017cna przypisa\u0107 do 50 ulubionych miejsc po\u0142owu lub miejsc docelowych.<\/p>\n<p><strong>Funkcje Float&#8217;n Flash i MOB Auto Set<\/strong><br \/>Je\u015bli IC-M94DE wpadnie do wody, b\u0119dzie unosi\u0142 si\u0119 na wodzie, a ekran LCD, klawisze i przycisk alarmowy na tylnym panelu b\u0119d\u0105 miga\u0107 pomagaj\u0105c Ci go odnale\u017a\u0107. Naci\u015bni\u0119cie przycisku alarmowego podczas dzia\u0142ania funkcji Float&#8217;n Flash spowoduje wys\u0142anie sygna\u0142u alarmowego MOB.<\/p>\n<p><strong>Inne cechy<\/strong><br \/>Zintegrowany odbiornik GPS\u3000<br \/>Technologia aktywnej redukcji szum\u00f3w<br \/>Wodoszczelno\u015b\u0107 IPX7 (1 m g\u0142\u0119boko\u015bci wody przez 30 minut)<br \/>Funkcje Dualwatch i Tri-watch<br \/>Funkcja ulubionego kana\u0142u<br \/>Obs\u0142uga 4-cyfrowych kana\u0142\u00f3w<br \/>AquaQuake&#x2122; zapobiega pogorszeniu jako\u015bci d\u017awi\u0119ku z zalanego wod\u0105 g\u0142o\u015bnika<\/p>\n<\/div>\n<p><!--more--><br \/>\n<!-- {\"type\":\"layout\",\"children\":[{\"type\":\"section\",\"props\":{\"style\":\"default\",\"width\":\"default\",\"vertical_align\":\"middle\",\"title_position\":\"top-left\",\"title_rotation\":\"left\",\"title_breakpoint\":\"xl\",\"image_position\":\"center-center\"},\"children\":[{\"type\":\"row\",\"children\":[{\"type\":\"column\",\"props\":{\"image_position\":\"center-center\",\"media_overlay_gradient\":\"\"},\"children\":[{\"type\":\"headline\",\"props\":{\"title_element\":\"h1\",\"content\":\"\n\n<p class=\\\"uk-article-title\\\">Radiotelefon ICOM model IC-M94DE<\\\/p>\"}},{\"type\":\"divider\",\"props\":{\"divider_element\":\"hr\"}}]}]}]},{\"type\":\"section\",\"props\":{\"style\":\"default\",\"width\":\"default\",\"vertical_align\":\"middle\",\"title_position\":\"top-left\",\"title_rotation\":\"left\",\"title_breakpoint\":\"xl\",\"image_position\":\"center-center\"},\"children\":[{\"type\":\"row\",\"props\":{\"layout\":\"1-2,1-2\"},\"children\":[{\"type\":\"column\",\"props\":{\"image_position\":\"center-center\",\"media_overlay_gradient\":\"\",\"width_medium\":\"1-2\"},\"children\":[{\"type\":\"image\",\"props\":{\"margin\":\"default\",\"image_svg_color\":\"emphasis\",\"image\":\"wp-content\\\/uploads\\\/2021\\\/04\\\/20201201150137_64377.png\"}},{\"type\":\"button\",\"props\":{\"grid_column_gap\":\"small\",\"grid_row_gap\":\"small\",\"margin\":\"default\",\"text_align\":\"center\"},\"children\":[{\"type\":\"button_item\",\"props\":{\"button_style\":\"default\",\"icon_align\":\"left\",\"content\":\"broszura pl\",\"link\":\"wp-content\\\/uploads\\\/2021\\\/04\\\/IC-M94DE_BRO_ENG_20210310.pdf\"}}]}]},{\"type\":\"column\",\"props\":{\"image_position\":\"center-center\",\"media_overlay_gradient\":\"\",\"width_medium\":\"1-2\"},\"children\":[{\"type\":\"text\",\"props\":{\"margin\":\"default\",\"column_breakpoint\":\"m\",\"content\":\"\n\n<p><strong>Odbiornik AIS i DSC w jednym r\\u0119cznym urz\\u0105dzeniu morskim<\\\/strong><br \\\/>Odbiornik AIS i funkcja DSC dodatkowo zwi\\u0119kszaj\\u0105 Twoje bezpiecze\\u0144stwo na morzu. Zintegrowany odbiornik AIS wy\\u015bwietla na ekranie informacje o ruchu statk\\u00f3w. Funkcja wywo\\u0142ania docelowego AIS pozwala na \\u0142atwe skonfigurowanie indywidualnego wywo\\u0142ania DSC. Wywo\\u0142ania alarmowe mog\\u0105 by\\u0107 wykonywane za pomoc\\u0105 przycisku Distress na tylnym panelu.<\\\/p>\\n\n\n<p><strong>Moc wyj\\u015bciowa 6 W RF i 10 godzin czasu pracy<\\\/strong><br \\\/>Moc nadawcza IC-M94DE wynosz\\u0105ca 6 W*1 zapewnia u\\u017cytkownikowi zwi\\u0119kszony zasi\\u0119g komunikacji. Do\\u0142\\u0105czony akumulator litowo-jonowy BP-306 o du\\u017cej pojemno\\u015bci 2400 mAh (typowy) zapewnia 10 godzin czasu pracy w normalnych warunkach*2.<\\\/p>\\n\n\n<p>*1 5 W dla wersji AUS<br \\\/>*2 Przybli\\u017cona, typowa praca z TX: RX: Standby= 5: 5: 90 duty ratio, gdy funkcja oszcz\\u0119dzania energii jest w\\u0142\\u0105czona.<\\\/p>\\n\n\n<p><strong>Wyj\\u015bcie Audio 1500 mW <\\\/strong><br \\\/>Niestandardowy g\\u0142o\\u015bnik Icom o du\\u017cej mocy zapewnia g\\u0142o\\u015bne 1500 mW (typowe) wyj\\u015bcie audio z ulepszon\\u0105 czysto\\u015bci\\u0105 d\\u017awi\\u0119ku akustycznego dla ha\\u0142a\\u015bliwych \\u015brodowisk morskich.<\\\/p>\\n\n\n<p><strong>Uproszczona funkcja nawigacji<\\\/strong><\\\/p>\\n\n\n<p>Funkcja nawigacji prowadzi u\\u017cytkownika do okre\\u015blonego punktu orientacyjnego. Jako punkty orientacyjne mo\\u017cna przypisa\\u0107 do 50 ulubionych miejsc po\\u0142owu lub miejsc docelowych.<\\\/p>\\n\n\n<p><strong>Funkcje Float'n Flash i MOB Auto Set<\\\/strong><br \\\/>Je\\u015bli IC-M94DE wpadnie do wody, b\\u0119dzie unosi\\u0142 si\\u0119 na wodzie, a ekran LCD, klawisze i przycisk alarmowy na tylnym panelu b\\u0119d\\u0105 miga\\u0107 pomagaj\\u0105c Ci go odnale\\u017a\\u0107. Naci\\u015bni\\u0119cie przycisku alarmowego podczas dzia\\u0142ania funkcji Float'n Flash spowoduje wys\\u0142anie sygna\\u0142u alarmowego MOB.<\\\/p>\\n\n\n<p><strong>Inne cechy<\\\/strong><br \\\/>Zintegrowany odbiornik GPS\\u3000<br \\\/>Technologia aktywnej redukcji szum\\u00f3w<br \\\/>Wodoszczelno\\u015b\\u0107 IPX7 (1 m g\\u0142\\u0119boko\\u015bci wody przez 30 minut)<br \\\/>Funkcje Dualwatch i Tri-watch<br \\\/>Funkcja ulubionego kana\\u0142u<br \\\/>Obs\\u0142uga 4-cyfrowych kana\\u0142\\u00f3w<br \\\/>AquaQuake\\u2122 zapobiega pogorszeniu jako\\u015bci d\\u017awi\\u0119ku z zalanego wod\\u0105 g\\u0142o\\u015bnika<\\\/p>\"}}]}]}]}],\"version\":\"2.4.10\"} --><\/p>\n","protected":false},"excerpt":{"rendered":"<p>Radiotelefon ICOM model IC-M94DE broszura pl Odbiornik AIS i DSC w jednym r\u0119cznym urz\u0105dzeniu morskimOdbiornik AIS i funkcja DSC dodatkowo zwi\u0119kszaj\u0105 Twoje bezpiecze\u0144stwo na morzu. Zintegrowany odbiornik AIS wy\u015bwietla na ekranie informacje o ruchu statk\u00f3w. Funkcja wywo\u0142ania docelowego AIS pozwala na \u0142atwe skonfigurowanie indywidualnego wywo\u0142ania DSC. Wywo\u0142ania alarmowe mog\u0105 by\u0107 wykonywane za pomoc\u0105 przycisku Distress [&hellip;]<\/p>\n","protected":false},"author":10,"featured_media":0,"parent":0,"menu_order":0,"comment_status":"closed","ping_status":"closed","template":"","meta":{"footnotes":""},"class_list":["post-8661","page","type-page","status-publish","hentry"],"yoast_head":"<!-- This site is optimized with the Yoast SEO plugin v27.4 - https:\/\/yoast.com\/product\/yoast-seo-wordpress\/ -->\n<title>Radiotelefon ICOM model IC-M94DE - ESCORT TECHNOLOGY<\/title>\n<meta name=\"robots\" content=\"index, follow, max-snippet:-1, max-image-preview:large, max-video-preview:-1\" \/>\n<link rel=\"canonical\" href=\"https:\/\/escort-technology.com\/pl\/radiotelefon-icom-model-ic-m94de\/\" \/>\n<meta property=\"og:locale\" content=\"pl_PL\" \/>\n<meta property=\"og:type\" content=\"article\" \/>\n<meta property=\"og:title\" content=\"Radiotelefon ICOM model IC-M94DE - ESCORT TECHNOLOGY\" \/>\n<meta property=\"og:description\" content=\"Radiotelefon ICOM model IC-M94DE broszura pl Odbiornik AIS i DSC w jednym r\u0119cznym urz\u0105dzeniu morskimOdbiornik AIS i funkcja DSC dodatkowo zwi\u0119kszaj\u0105 Twoje bezpiecze\u0144stwo na morzu. Zintegrowany odbiornik AIS wy\u015bwietla na ekranie informacje o ruchu statk\u00f3w. Funkcja wywo\u0142ania docelowego AIS pozwala na \u0142atwe skonfigurowanie indywidualnego wywo\u0142ania DSC. Wywo\u0142ania alarmowe mog\u0105 by\u0107 wykonywane za pomoc\u0105 przycisku Distress [&hellip;]\" \/>\n<meta property=\"og:url\" content=\"https:\/\/escort-technology.com\/pl\/radiotelefon-icom-model-ic-m94de\/\" \/>\n<meta property=\"og:site_name\" content=\"ESCORT TECHNOLOGY\" \/>\n<meta property=\"article:publisher\" content=\"https:\/\/www.facebook.com\/elektronika.morska\/\" \/>\n<meta property=\"og:image\" content=\"https:\/\/escort-technology.com\/wp-content\/uploads\/2021\/04\/20201201150137_64377.png\" \/>\n<meta name=\"twitter:card\" content=\"summary_large_image\" \/>\n<meta name=\"twitter:label1\" content=\"Szacowany czas czytania\" \/>\n\t<meta name=\"twitter:data1\" content=\"1 minuta\" \/>\n<script type=\"application\/ld+json\" class=\"yoast-schema-graph\">{\"@context\":\"https:\\\/\\\/schema.org\",\"@graph\":[{\"@type\":\"WebPage\",\"@id\":\"https:\\\/\\\/escort-technology.com\\\/en\\\/radiotelefon-icom-model-ic-m94de\\\/\",\"url\":\"https:\\\/\\\/escort-technology.com\\\/en\\\/radiotelefon-icom-model-ic-m94de\\\/\",\"name\":\"Radiotelefon ICOM model IC-M94DE - ESCORT TECHNOLOGY\",\"isPartOf\":{\"@id\":\"http:\\\/\\\/escort-technology.com\\\/de\\\/#website\"},\"datePublished\":\"2021-04-23T07:59:53+00:00\",\"breadcrumb\":{\"@id\":\"https:\\\/\\\/escort-technology.com\\\/en\\\/radiotelefon-icom-model-ic-m94de\\\/#breadcrumb\"},\"inLanguage\":\"pl-PL\",\"potentialAction\":[{\"@type\":\"ReadAction\",\"target\":[\"https:\\\/\\\/escort-technology.com\\\/en\\\/radiotelefon-icom-model-ic-m94de\\\/\"]}]},{\"@type\":\"BreadcrumbList\",\"@id\":\"https:\\\/\\\/escort-technology.com\\\/en\\\/radiotelefon-icom-model-ic-m94de\\\/#breadcrumb\",\"itemListElement\":[{\"@type\":\"ListItem\",\"position\":1,\"name\":\"Strona g\u0142\u00f3wna\",\"item\":\"https:\\\/\\\/escort-technology.com\\\/\"},{\"@type\":\"ListItem\",\"position\":2,\"name\":\"Radiotelefon ICOM model IC-M94DE\"}]},{\"@type\":\"WebSite\",\"@id\":\"http:\\\/\\\/escort-technology.com\\\/de\\\/#website\",\"url\":\"http:\\\/\\\/escort-technology.com\\\/de\\\/\",\"name\":\"ESCORT TECHNOLOGY\",\"description\":\"Elektronika morska i l\u0105dowa\",\"publisher\":{\"@id\":\"http:\\\/\\\/escort-technology.com\\\/de\\\/#organization\"},\"potentialAction\":[{\"@type\":\"SearchAction\",\"target\":{\"@type\":\"EntryPoint\",\"urlTemplate\":\"http:\\\/\\\/escort-technology.com\\\/de\\\/?s={search_term_string}\"},\"query-input\":{\"@type\":\"PropertyValueSpecification\",\"valueRequired\":true,\"valueName\":\"search_term_string\"}}],\"inLanguage\":\"pl-PL\"},{\"@type\":\"Organization\",\"@id\":\"http:\\\/\\\/escort-technology.com\\\/de\\\/#organization\",\"name\":\"ESCORT TECHNOLOGY\",\"url\":\"http:\\\/\\\/escort-technology.com\\\/de\\\/\",\"logo\":{\"@type\":\"ImageObject\",\"inLanguage\":\"pl-PL\",\"@id\":\"http:\\\/\\\/escort-technology.com\\\/de\\\/#\\\/schema\\\/logo\\\/image\\\/\",\"url\":\"https:\\\/\\\/escort-technology.com\\\/wp-content\\\/uploads\\\/logo-1.jpg\",\"contentUrl\":\"https:\\\/\\\/escort-technology.com\\\/wp-content\\\/uploads\\\/logo-1.jpg\",\"width\":600,\"height\":165,\"caption\":\"ESCORT TECHNOLOGY\"},\"image\":{\"@id\":\"http:\\\/\\\/escort-technology.com\\\/de\\\/#\\\/schema\\\/logo\\\/image\\\/\"},\"sameAs\":[\"https:\\\/\\\/www.facebook.com\\\/elektronika.morska\\\/\",\"https:\\\/\\\/www.linkedin.com\\\/company\\\/escort-sp-z-o-o-\\\/\"]}]}<\/script>\n<!-- \/ Yoast SEO plugin. -->","yoast_head_json":{"title":"Radiotelefon ICOM model IC-M94DE - ESCORT TECHNOLOGY","robots":{"index":"index","follow":"follow","max-snippet":"max-snippet:-1","max-image-preview":"max-image-preview:large","max-video-preview":"max-video-preview:-1"},"canonical":"https:\/\/escort-technology.com\/pl\/radiotelefon-icom-model-ic-m94de\/","og_locale":"pl_PL","og_type":"article","og_title":"Radiotelefon ICOM model IC-M94DE - ESCORT TECHNOLOGY","og_description":"Radiotelefon ICOM model IC-M94DE broszura pl Odbiornik AIS i DSC w jednym r\u0119cznym urz\u0105dzeniu morskimOdbiornik AIS i funkcja DSC dodatkowo zwi\u0119kszaj\u0105 Twoje bezpiecze\u0144stwo na morzu. Zintegrowany odbiornik AIS wy\u015bwietla na ekranie informacje o ruchu statk\u00f3w. Funkcja wywo\u0142ania docelowego AIS pozwala na \u0142atwe skonfigurowanie indywidualnego wywo\u0142ania DSC. Wywo\u0142ania alarmowe mog\u0105 by\u0107 wykonywane za pomoc\u0105 przycisku Distress [&hellip;]","og_url":"https:\/\/escort-technology.com\/pl\/radiotelefon-icom-model-ic-m94de\/","og_site_name":"ESCORT TECHNOLOGY","article_publisher":"https:\/\/www.facebook.com\/elektronika.morska\/","og_image":[{"url":"https:\/\/escort-technology.com\/wp-content\/uploads\/2021\/04\/20201201150137_64377.png","type":"","width":"","height":""}],"twitter_card":"summary_large_image","twitter_misc":{"Szacowany czas czytania":"1 minuta"},"schema":{"@context":"https:\/\/schema.org","@graph":[{"@type":"WebPage","@id":"https:\/\/escort-technology.com\/en\/radiotelefon-icom-model-ic-m94de\/","url":"https:\/\/escort-technology.com\/en\/radiotelefon-icom-model-ic-m94de\/","name":"Radiotelefon ICOM model IC-M94DE - ESCORT TECHNOLOGY","isPartOf":{"@id":"http:\/\/escort-technology.com\/de\/#website"},"datePublished":"2021-04-23T07:59:53+00:00","breadcrumb":{"@id":"https:\/\/escort-technology.com\/en\/radiotelefon-icom-model-ic-m94de\/#breadcrumb"},"inLanguage":"pl-PL","potentialAction":[{"@type":"ReadAction","target":["https:\/\/escort-technology.com\/en\/radiotelefon-icom-model-ic-m94de\/"]}]},{"@type":"BreadcrumbList","@id":"https:\/\/escort-technology.com\/en\/radiotelefon-icom-model-ic-m94de\/#breadcrumb","itemListElement":[{"@type":"ListItem","position":1,"name":"Strona g\u0142\u00f3wna","item":"https:\/\/escort-technology.com\/"},{"@type":"ListItem","position":2,"name":"Radiotelefon ICOM model IC-M94DE"}]},{"@type":"WebSite","@id":"http:\/\/escort-technology.com\/de\/#website","url":"http:\/\/escort-technology.com\/de\/","name":"ESCORT TECHNOLOGY","description":"Elektronika morska i l\u0105dowa","publisher":{"@id":"http:\/\/escort-technology.com\/de\/#organization"},"potentialAction":[{"@type":"SearchAction","target":{"@type":"EntryPoint","urlTemplate":"http:\/\/escort-technology.com\/de\/?s={search_term_string}"},"query-input":{"@type":"PropertyValueSpecification","valueRequired":true,"valueName":"search_term_string"}}],"inLanguage":"pl-PL"},{"@type":"Organization","@id":"http:\/\/escort-technology.com\/de\/#organization","name":"ESCORT TECHNOLOGY","url":"http:\/\/escort-technology.com\/de\/","logo":{"@type":"ImageObject","inLanguage":"pl-PL","@id":"http:\/\/escort-technology.com\/de\/#\/schema\/logo\/image\/","url":"https:\/\/escort-technology.com\/wp-content\/uploads\/logo-1.jpg","contentUrl":"https:\/\/escort-technology.com\/wp-content\/uploads\/logo-1.jpg","width":600,"height":165,"caption":"ESCORT TECHNOLOGY"},"image":{"@id":"http:\/\/escort-technology.com\/de\/#\/schema\/logo\/image\/"},"sameAs":["https:\/\/www.facebook.com\/elektronika.morska\/","https:\/\/www.linkedin.com\/company\/escort-sp-z-o-o-\/"]}]}},"_links":{"self":[{"href":"https:\/\/escort-technology.com\/pl\/wp-json\/wp\/v2\/pages\/8661","targetHints":{"allow":["GET"]}}],"collection":[{"href":"https:\/\/escort-technology.com\/pl\/wp-json\/wp\/v2\/pages"}],"about":[{"href":"https:\/\/escort-technology.com\/pl\/wp-json\/wp\/v2\/types\/page"}],"author":[{"embeddable":true,"href":"https:\/\/escort-technology.com\/pl\/wp-json\/wp\/v2\/users\/10"}],"replies":[{"embeddable":true,"href":"https:\/\/escort-technology.com\/pl\/wp-json\/wp\/v2\/comments?post=8661"}],"version-history":[{"count":6,"href":"https:\/\/escort-technology.com\/pl\/wp-json\/wp\/v2\/pages\/8661\/revisions"}],"predecessor-version":[{"id":8669,"href":"https:\/\/escort-technology.com\/pl\/wp-json\/wp\/v2\/pages\/8661\/revisions\/8669"}],"wp:attachment":[{"href":"https:\/\/escort-technology.com\/pl\/wp-json\/wp\/v2\/media?parent=8661"}],"curies":[{"name":"wp","href":"https:\/\/api.w.org\/{rel}","templated":true}]}}