{"id":8712,"date":"2021-04-27T08:51:08","date_gmt":"2021-04-27T06:51:08","guid":{"rendered":"https:\/\/escort-technology.com\/?page_id=8712"},"modified":"2021-05-04T13:44:23","modified_gmt":"2021-05-04T11:44:23","slug":"radiotelefony-sailor-serii-sp3500","status":"publish","type":"page","link":"https:\/\/escort-technology.com\/pl\/radiotelefony-sailor-serii-sp3500\/","title":{"rendered":"Radiotelefony SAILOR serii SP3500"},"content":{"rendered":"<h1>\n<p class=\"uk-article-title\">Radiotelefony SAILOR serii SP3500<\/p>\n<\/h1>\n<hr>\n<p><img decoding=\"async\" src=\"\/wp-content\/uploads\/2021\/04\/sp3500.jpg\" alt=\"\"><\/p>\n<p>\n    <a href=\"\/wp-content\/uploads\/2021\/04\/71-124280_sailor_sp3500_portable_series_lo.pdf\">Karta katalogowa <\/a>\n<\/p>\n<div>\n<p>\u00a0Zaprojektowane tak, aby wygodnie mie\u015bci\u0142y si\u0119 w d\u0142oni, s\u0105 one r\u00f3wnie\u017c wyposa\u017cone w \u017cebrowany uchwyt, kt\u00f3ry pozwala na wygodne trzymanie urz\u0105dzenia nawet w r\u0119kawicach roboczych.<br \/>Radiotelefon zosta\u0142 wyposa\u017cony w du\u017ce dotykowe przyciski i pokr\u0119t\u0142a, kt\u00f3re w po\u0142\u0105czeniu z przyjaznym dla u\u017cytkownika interfejsem, sprawia \u017ce komunikacja na pok\u0142adzie nie mo\u017ce by\u0107 prostsza. Ka\u017cde urz\u0105dzenie przeno\u015bne z serii SAILOR SP3500 jest r\u00f3wnie\u017c wyposa\u017cone w du\u017cy, \u0142atwy do, odczytu wy\u015bwietlacz z czerwonym pod\u015bwietleniem, aby chroni\u0107 wzrok w nocy.<br \/>Seria przeno\u015bnych urz\u0105dze\u0144 SAILOR SP3500 obejmuje siedem wysokiej jako\u015bci, trwa\u0142ych modeli zaprojektowanych specjalnie do u\u017cytku morskiego dla wszystkich typach statk\u00f3w, w tym rybackich, tankowc\u00f3w, \u0142adunkowych lub przybrze\u017cnych:<\/p>\n<ul>\n<li>SAILOR SP3510 Przeno\u015bny VHF<\/li>\n<li>SAILOR SP3515 Przeno\u015bny VHF z scramblerem i CTCSS<\/li>\n<li>SAILOR SP3520 Przeno\u015bny VHF GMDSS<\/li>\n<li>SAILOR SP3530 Przeno\u015bny VHF ATEX<\/li>\n<li>SAILOR SP3540 Przeno\u015bny VHF ATEX GMDSS<\/li>\n<li>SAILOR SP3550 Przeno\u015bny UHF<\/li>\n<li>SAILOR SP3560 Przeno\u015bny UHF ATEX<\/li>\n<\/ul>\n<\/div>\n<p><!--more--><br \/>\n<!-- {\"type\":\"layout\",\"children\":[{\"type\":\"section\",\"props\":{\"style\":\"default\",\"width\":\"default\",\"vertical_align\":\"middle\",\"title_position\":\"top-left\",\"title_rotation\":\"left\",\"title_breakpoint\":\"xl\",\"image_position\":\"center-center\"},\"children\":[{\"type\":\"row\",\"children\":[{\"type\":\"column\",\"props\":{\"image_position\":\"center-center\",\"media_overlay_gradient\":\"\"},\"children\":[{\"type\":\"headline\",\"props\":{\"title_element\":\"h1\",\"content\":\"\n\n<p class=\\\"uk-article-title\\\">Radiotelefony SAILOR serii SP3500<\\\/p>\"}},{\"type\":\"divider\",\"props\":{\"divider_element\":\"hr\"}}]}]}]},{\"type\":\"section\",\"props\":{\"style\":\"default\",\"width\":\"default\",\"vertical_align\":\"middle\",\"title_position\":\"top-left\",\"title_rotation\":\"left\",\"title_breakpoint\":\"xl\",\"image_position\":\"center-center\"},\"children\":[{\"type\":\"row\",\"children\":[{\"type\":\"column\",\"props\":{\"image_position\":\"center-center\",\"media_overlay_gradient\":\"\"},\"children\":[{\"type\":\"image\",\"props\":{\"margin\":\"default\",\"image_svg_color\":\"emphasis\",\"image\":\"wp-content\\\/uploads\\\/2021\\\/04\\\/sp3500.jpg\",\"image_width\":\"450\",\"text_align\":\"center\"}},{\"type\":\"button\",\"props\":{\"grid_column_gap\":\"small\",\"grid_row_gap\":\"small\",\"margin\":\"default\",\"text_align\":\"center\"},\"children\":[{\"type\":\"button_item\",\"props\":{\"button_style\":\"default\",\"icon_align\":\"left\",\"content\":\"Karta katalogowa \",\"link\":\"wp-content\\\/uploads\\\/2021\\\/04\\\/71-124280_sailor_sp3500_portable_series_lo.pdf\"}}]}]}]}]},{\"type\":\"section\",\"props\":{\"style\":\"default\",\"width\":\"default\",\"vertical_align\":\"middle\",\"title_position\":\"top-left\",\"title_rotation\":\"left\",\"title_breakpoint\":\"xl\",\"image_position\":\"center-center\"},\"children\":[{\"type\":\"row\",\"children\":[{\"type\":\"column\",\"props\":{\"image_position\":\"center-center\",\"media_overlay_gradient\":\"\"},\"children\":[{\"type\":\"text\",\"props\":{\"margin\":\"default\",\"column_breakpoint\":\"m\",\"content\":\"\n\n<p>\\u00a0Zaprojektowane tak, aby wygodnie mie\\u015bci\\u0142y si\\u0119 w d\\u0142oni, s\\u0105 one r\\u00f3wnie\\u017c wyposa\\u017cone w \\u017cebrowany uchwyt, kt\\u00f3ry pozwala na wygodne trzymanie urz\\u0105dzenia nawet w r\\u0119kawicach roboczych.<br \\\/>Radiotelefon zosta\\u0142 wyposa\\u017cony w du\\u017ce dotykowe przyciski i pokr\\u0119t\\u0142a, kt\\u00f3re w po\\u0142\\u0105czeniu z przyjaznym dla u\\u017cytkownika interfejsem, sprawia \\u017ce komunikacja na pok\\u0142adzie nie mo\\u017ce by\\u0107 prostsza. Ka\\u017cde urz\\u0105dzenie przeno\\u015bne z serii SAILOR SP3500 jest r\\u00f3wnie\\u017c wyposa\\u017cone w du\\u017cy, \\u0142atwy do, odczytu wy\\u015bwietlacz z czerwonym pod\\u015bwietleniem, aby chroni\\u0107 wzrok w nocy.<br \\\/>Seria przeno\\u015bnych urz\\u0105dze\\u0144 SAILOR SP3500 obejmuje siedem wysokiej jako\\u015bci, trwa\\u0142ych modeli zaprojektowanych specjalnie do u\\u017cytku morskiego dla wszystkich typach statk\\u00f3w, w tym rybackich, tankowc\\u00f3w, \\u0142adunkowych lub przybrze\\u017cnych:<\\\/p>\\n\n\n<ul>\\n\n\n<li>SAILOR SP3510 Przeno\\u015bny VHF<\\\/li>\\n\n\n<li>SAILOR SP3515 Przeno\\u015bny VHF z scramblerem i CTCSS<\\\/li>\\n\n\n<li>SAILOR SP3520 Przeno\\u015bny VHF GMDSS<\\\/li>\\n\n\n<li>SAILOR SP3530 Przeno\\u015bny VHF ATEX<\\\/li>\\n\n\n<li>SAILOR SP3540 Przeno\\u015bny VHF ATEX GMDSS<\\\/li>\\n\n\n<li>SAILOR SP3550 Przeno\\u015bny UHF<\\\/li>\\n\n\n<li>SAILOR SP3560 Przeno\\u015bny UHF ATEX<\\\/li>\\n<\\\/ul>\"}}]}]}]}],\"version\":\"2.4.14\"} --><\/p>\n","protected":false},"excerpt":{"rendered":"<p>Radiotelefony SAILOR serii SP3500 Karta katalogowa \u00a0Zaprojektowane tak, aby wygodnie mie\u015bci\u0142y si\u0119 w d\u0142oni, s\u0105 one r\u00f3wnie\u017c wyposa\u017cone w \u017cebrowany uchwyt, kt\u00f3ry pozwala na wygodne trzymanie urz\u0105dzenia nawet w r\u0119kawicach roboczych.Radiotelefon zosta\u0142 wyposa\u017cony w du\u017ce dotykowe przyciski i pokr\u0119t\u0142a, kt\u00f3re w po\u0142\u0105czeniu z przyjaznym dla u\u017cytkownika interfejsem, sprawia \u017ce komunikacja na pok\u0142adzie nie mo\u017ce by\u0107 [&hellip;]<\/p>\n","protected":false},"author":10,"featured_media":0,"parent":0,"menu_order":0,"comment_status":"closed","ping_status":"closed","template":"","meta":{"footnotes":""},"class_list":["post-8712","page","type-page","status-publish","hentry"],"yoast_head":"<!-- This site is optimized with the Yoast SEO plugin v27.6 - https:\/\/yoast.com\/product\/yoast-seo-wordpress\/ -->\n<title>Radiotelefony SAILOR serii SP3500 - ESCORT TECHNOLOGY<\/title>\n<meta name=\"robots\" content=\"index, follow, max-snippet:-1, max-image-preview:large, max-video-preview:-1\" \/>\n<link rel=\"canonical\" href=\"http:\/\/escort-technology.com\/pl\/radiotelefony-sailor-serii-sp3500\/\" \/>\n<meta property=\"og:locale\" content=\"pl_PL\" \/>\n<meta property=\"og:type\" content=\"article\" \/>\n<meta property=\"og:title\" content=\"Radiotelefony SAILOR serii SP3500 - ESCORT TECHNOLOGY\" \/>\n<meta property=\"og:description\" content=\"Radiotelefony SAILOR serii SP3500 Karta katalogowa \u00a0Zaprojektowane tak, aby wygodnie mie\u015bci\u0142y si\u0119 w d\u0142oni, s\u0105 one r\u00f3wnie\u017c wyposa\u017cone w \u017cebrowany uchwyt, kt\u00f3ry pozwala na wygodne trzymanie urz\u0105dzenia nawet w r\u0119kawicach roboczych.Radiotelefon zosta\u0142 wyposa\u017cony w du\u017ce dotykowe przyciski i pokr\u0119t\u0142a, kt\u00f3re w po\u0142\u0105czeniu z przyjaznym dla u\u017cytkownika interfejsem, sprawia \u017ce komunikacja na pok\u0142adzie nie mo\u017ce by\u0107 [&hellip;]\" \/>\n<meta property=\"og:url\" content=\"http:\/\/escort-technology.com\/pl\/radiotelefony-sailor-serii-sp3500\/\" \/>\n<meta property=\"og:site_name\" content=\"ESCORT TECHNOLOGY\" \/>\n<meta property=\"article:publisher\" content=\"https:\/\/www.facebook.com\/elektronika.morska\/\" \/>\n<meta property=\"article:modified_time\" content=\"2021-05-04T11:44:23+00:00\" \/>\n<meta property=\"og:image\" content=\"https:\/\/escort-technology.com\/wp-content\/uploads\/2021\/04\/sp3500.jpg\" \/>\n<meta name=\"twitter:card\" content=\"summary_large_image\" \/>\n<meta name=\"twitter:label1\" content=\"Szacowany czas czytania\" \/>\n\t<meta name=\"twitter:data1\" content=\"1 minuta\" \/>\n<script type=\"application\/ld+json\" class=\"yoast-schema-graph\">{\"@context\":\"https:\\\/\\\/schema.org\",\"@graph\":[{\"@type\":\"WebPage\",\"@id\":\"http:\\\/\\\/escort-technology.com\\\/en\\\/radiotelefony-sailor-serii-sp3500\\\/\",\"url\":\"http:\\\/\\\/escort-technology.com\\\/en\\\/radiotelefony-sailor-serii-sp3500\\\/\",\"name\":\"Radiotelefony SAILOR serii SP3500 - ESCORT TECHNOLOGY\",\"isPartOf\":{\"@id\":\"http:\\\/\\\/escort-technology.com\\\/de\\\/#website\"},\"datePublished\":\"2021-04-27T06:51:08+00:00\",\"dateModified\":\"2021-05-04T11:44:23+00:00\",\"breadcrumb\":{\"@id\":\"http:\\\/\\\/escort-technology.com\\\/en\\\/radiotelefony-sailor-serii-sp3500\\\/#breadcrumb\"},\"inLanguage\":\"pl-PL\",\"potentialAction\":[{\"@type\":\"ReadAction\",\"target\":[\"http:\\\/\\\/escort-technology.com\\\/en\\\/radiotelefony-sailor-serii-sp3500\\\/\"]}]},{\"@type\":\"BreadcrumbList\",\"@id\":\"http:\\\/\\\/escort-technology.com\\\/en\\\/radiotelefony-sailor-serii-sp3500\\\/#breadcrumb\",\"itemListElement\":[{\"@type\":\"ListItem\",\"position\":1,\"name\":\"Strona g\u0142\u00f3wna\",\"item\":\"https:\\\/\\\/escort-technology.com\\\/\"},{\"@type\":\"ListItem\",\"position\":2,\"name\":\"Radiotelefony SAILOR serii SP3500\"}]},{\"@type\":\"WebSite\",\"@id\":\"http:\\\/\\\/escort-technology.com\\\/de\\\/#website\",\"url\":\"http:\\\/\\\/escort-technology.com\\\/de\\\/\",\"name\":\"ESCORT TECHNOLOGY\",\"description\":\"Elektronika morska i l\u0105dowa\",\"publisher\":{\"@id\":\"http:\\\/\\\/escort-technology.com\\\/de\\\/#organization\"},\"potentialAction\":[{\"@type\":\"SearchAction\",\"target\":{\"@type\":\"EntryPoint\",\"urlTemplate\":\"http:\\\/\\\/escort-technology.com\\\/de\\\/?s={search_term_string}\"},\"query-input\":{\"@type\":\"PropertyValueSpecification\",\"valueRequired\":true,\"valueName\":\"search_term_string\"}}],\"inLanguage\":\"pl-PL\"},{\"@type\":\"Organization\",\"@id\":\"http:\\\/\\\/escort-technology.com\\\/de\\\/#organization\",\"name\":\"ESCORT TECHNOLOGY\",\"url\":\"http:\\\/\\\/escort-technology.com\\\/de\\\/\",\"logo\":{\"@type\":\"ImageObject\",\"inLanguage\":\"pl-PL\",\"@id\":\"http:\\\/\\\/escort-technology.com\\\/de\\\/#\\\/schema\\\/logo\\\/image\\\/\",\"url\":\"https:\\\/\\\/escort-technology.com\\\/wp-content\\\/uploads\\\/logo-1.jpg\",\"contentUrl\":\"https:\\\/\\\/escort-technology.com\\\/wp-content\\\/uploads\\\/logo-1.jpg\",\"width\":600,\"height\":165,\"caption\":\"ESCORT TECHNOLOGY\"},\"image\":{\"@id\":\"http:\\\/\\\/escort-technology.com\\\/de\\\/#\\\/schema\\\/logo\\\/image\\\/\"},\"sameAs\":[\"https:\\\/\\\/www.facebook.com\\\/elektronika.morska\\\/\",\"https:\\\/\\\/www.linkedin.com\\\/company\\\/escort-sp-z-o-o-\\\/\"]}]}<\/script>\n<!-- \/ Yoast SEO plugin. -->","yoast_head_json":{"title":"Radiotelefony SAILOR serii SP3500 - ESCORT TECHNOLOGY","robots":{"index":"index","follow":"follow","max-snippet":"max-snippet:-1","max-image-preview":"max-image-preview:large","max-video-preview":"max-video-preview:-1"},"canonical":"http:\/\/escort-technology.com\/pl\/radiotelefony-sailor-serii-sp3500\/","og_locale":"pl_PL","og_type":"article","og_title":"Radiotelefony SAILOR serii SP3500 - ESCORT TECHNOLOGY","og_description":"Radiotelefony SAILOR serii SP3500 Karta katalogowa \u00a0Zaprojektowane tak, aby wygodnie mie\u015bci\u0142y si\u0119 w d\u0142oni, s\u0105 one r\u00f3wnie\u017c wyposa\u017cone w \u017cebrowany uchwyt, kt\u00f3ry pozwala na wygodne trzymanie urz\u0105dzenia nawet w r\u0119kawicach roboczych.Radiotelefon zosta\u0142 wyposa\u017cony w du\u017ce dotykowe przyciski i pokr\u0119t\u0142a, kt\u00f3re w po\u0142\u0105czeniu z przyjaznym dla u\u017cytkownika interfejsem, sprawia \u017ce komunikacja na pok\u0142adzie nie mo\u017ce by\u0107 [&hellip;]","og_url":"http:\/\/escort-technology.com\/pl\/radiotelefony-sailor-serii-sp3500\/","og_site_name":"ESCORT TECHNOLOGY","article_publisher":"https:\/\/www.facebook.com\/elektronika.morska\/","article_modified_time":"2021-05-04T11:44:23+00:00","og_image":[{"url":"https:\/\/escort-technology.com\/wp-content\/uploads\/2021\/04\/sp3500.jpg","type":"","width":"","height":""}],"twitter_card":"summary_large_image","twitter_misc":{"Szacowany czas czytania":"1 minuta"},"schema":{"@context":"https:\/\/schema.org","@graph":[{"@type":"WebPage","@id":"http:\/\/escort-technology.com\/en\/radiotelefony-sailor-serii-sp3500\/","url":"http:\/\/escort-technology.com\/en\/radiotelefony-sailor-serii-sp3500\/","name":"Radiotelefony SAILOR serii SP3500 - ESCORT TECHNOLOGY","isPartOf":{"@id":"http:\/\/escort-technology.com\/de\/#website"},"datePublished":"2021-04-27T06:51:08+00:00","dateModified":"2021-05-04T11:44:23+00:00","breadcrumb":{"@id":"http:\/\/escort-technology.com\/en\/radiotelefony-sailor-serii-sp3500\/#breadcrumb"},"inLanguage":"pl-PL","potentialAction":[{"@type":"ReadAction","target":["http:\/\/escort-technology.com\/en\/radiotelefony-sailor-serii-sp3500\/"]}]},{"@type":"BreadcrumbList","@id":"http:\/\/escort-technology.com\/en\/radiotelefony-sailor-serii-sp3500\/#breadcrumb","itemListElement":[{"@type":"ListItem","position":1,"name":"Strona g\u0142\u00f3wna","item":"https:\/\/escort-technology.com\/"},{"@type":"ListItem","position":2,"name":"Radiotelefony SAILOR serii SP3500"}]},{"@type":"WebSite","@id":"http:\/\/escort-technology.com\/de\/#website","url":"http:\/\/escort-technology.com\/de\/","name":"ESCORT TECHNOLOGY","description":"Elektronika morska i l\u0105dowa","publisher":{"@id":"http:\/\/escort-technology.com\/de\/#organization"},"potentialAction":[{"@type":"SearchAction","target":{"@type":"EntryPoint","urlTemplate":"http:\/\/escort-technology.com\/de\/?s={search_term_string}"},"query-input":{"@type":"PropertyValueSpecification","valueRequired":true,"valueName":"search_term_string"}}],"inLanguage":"pl-PL"},{"@type":"Organization","@id":"http:\/\/escort-technology.com\/de\/#organization","name":"ESCORT TECHNOLOGY","url":"http:\/\/escort-technology.com\/de\/","logo":{"@type":"ImageObject","inLanguage":"pl-PL","@id":"http:\/\/escort-technology.com\/de\/#\/schema\/logo\/image\/","url":"https:\/\/escort-technology.com\/wp-content\/uploads\/logo-1.jpg","contentUrl":"https:\/\/escort-technology.com\/wp-content\/uploads\/logo-1.jpg","width":600,"height":165,"caption":"ESCORT TECHNOLOGY"},"image":{"@id":"http:\/\/escort-technology.com\/de\/#\/schema\/logo\/image\/"},"sameAs":["https:\/\/www.facebook.com\/elektronika.morska\/","https:\/\/www.linkedin.com\/company\/escort-sp-z-o-o-\/"]}]}},"_links":{"self":[{"href":"https:\/\/escort-technology.com\/pl\/wp-json\/wp\/v2\/pages\/8712","targetHints":{"allow":["GET"]}}],"collection":[{"href":"https:\/\/escort-technology.com\/pl\/wp-json\/wp\/v2\/pages"}],"about":[{"href":"https:\/\/escort-technology.com\/pl\/wp-json\/wp\/v2\/types\/page"}],"author":[{"embeddable":true,"href":"https:\/\/escort-technology.com\/pl\/wp-json\/wp\/v2\/users\/10"}],"replies":[{"embeddable":true,"href":"https:\/\/escort-technology.com\/pl\/wp-json\/wp\/v2\/comments?post=8712"}],"version-history":[{"count":4,"href":"https:\/\/escort-technology.com\/pl\/wp-json\/wp\/v2\/pages\/8712\/revisions"}],"predecessor-version":[{"id":9078,"href":"https:\/\/escort-technology.com\/pl\/wp-json\/wp\/v2\/pages\/8712\/revisions\/9078"}],"wp:attachment":[{"href":"https:\/\/escort-technology.com\/pl\/wp-json\/wp\/v2\/media?parent=8712"}],"curies":[{"name":"wp","href":"https:\/\/api.w.org\/{rel}","templated":true}]}}