{"id":8772,"date":"2021-04-27T12:02:55","date_gmt":"2021-04-27T10:02:55","guid":{"rendered":"https:\/\/escort-technology.com\/?page_id=8772"},"modified":"2021-04-27T12:02:55","modified_gmt":"2021-04-27T10:02:55","slug":"echosonda-badawcza-simrad-ek80","status":"publish","type":"page","link":"https:\/\/escort-technology.com\/pl\/echosonda-badawcza-simrad-ek80\/","title":{"rendered":"Echosonda badawcza Simrad EK80"},"content":{"rendered":"<h1>\n<p>Echosonda badawcza Simrad EK80<\/p>\n<\/h1>\n<hr>\n<p><img decoding=\"async\" src=\"\/wp-content\/uploads\/2021\/04\/ek80-system..jpg\" alt=\"\"><\/p>\n<p>\n    <a href=\"https:\/\/www.simrad.online\/ek80\/sales\/ek80_ds_en_a4.pdf\">karta katalogowa<\/a>\n<\/p>\n<div>\n<h3>Simrad EK80 jest wysoce precyzyjn\u0105 echosond\u0105 naukow\u0105 i systemem ADCP zaprojektowanym do ilo\u015bciowego okre\u015blania i monitorowania podwodnych ekosystem\u00f3w. Simrad EK80 jest systemem modu\u0142owym, zdolnym do obs\u0142ugi kilku r\u00f3\u017cnych kombinacji transceivera i przetwornika, a wszystko to za po\u015brednictwem tej samej stacji operatora.<\/h3>\n<p>Simrad EK80 jest najnowocze\u015bniejsz\u0105 &#8222;high-endow\u0105&#8221; echosond\u0105 naukow\u0105 z dzielon\u0105 wi\u0105zk\u0105 na<br \/>rynku naukowym w rybo\u0142\u00f3wstwie. W oparciu o ponad 60 lat bada\u0144 i rozwoju w \u015bcis\u0142ej wsp\u00f3\u0142pracy<br \/>wsp\u00f3\u0142pracy z wiod\u0105cymi naukowcami morskimi, ten szerokopasmowy system echosondy zast\u0105pi\u0142<br \/>s\u0142ynnej EK60, kt\u00f3ra sta\u0142a si\u0119 mi\u0119dzynarodowym standardem w ocenie zasob\u00f3w rybnych.<\/p>\n<\/div>\n<p><img decoding=\"async\" src=\"\/wp-content\/uploads\/2021\/04\/bm010102_101_106_ek80_screen_capture_1000px_web.jpg\" alt=\"\"><\/p>\n<div>\n<p style=\"text-align: center;\">(A) G\u00f3rny pasek umo\u017cliwia szybki dost\u0119p do kluczowych funkcji i informacji nawigacyjnych.<br \/>(B) Pasek odtwarzania umo\u017cliwia pobieranie zapisanych plik\u00f3w i sterowanie odtwarzaniem.<br \/>(C) Widoki echogramu<br \/>(D) Okienka informacyjne dostarczaj\u0105 dodatkowych i szczeg\u00f3\u0142owych danych z prezentacji EK80.<br \/>(E) System menu g\u0142\u00f3wnego<br \/>(F) Menu drugorz\u0119dne<br \/>(G) Pasek dolny<\/p>\n<\/div>\n<p><img decoding=\"async\" src=\"\/wp-content\/uploads\/2021\/04\/ek80-system1..jpg\" alt=\"\"><\/p>\n<div>\n<h3>NAJWA\u017bNIEJSZE CECHY<\/h3>\n<p>Wysoki zakres dynamiki<br \/>Zapis surowych danych<br \/>Niski poziom szum\u00f3w w\u0142asnych<br \/>Wysoka cz\u0119stotliwo\u015b\u0107 ping\u00f3w<br \/>Wielocz\u0119stotliwo\u015bciowa aplikacja do identyfikacji gatunk\u00f3w<br \/>Jednoczesna transmisja wszystkich cz\u0119stotliwo\u015bci<br \/>Kilka cz\u0119stotliwo\u015bci pokrywaj\u0105cych t\u0119 sam\u0105 obj\u0119to\u015b\u0107 pr\u00f3bkowania<br \/>Szerokopasmowa funkcja\u00a0 cz\u0119stotliwo\u015bci (&#8222;chirp&#8221;) w po\u0142\u0105czeniu z zaawansowanym przetwarzaniem sygna\u0142u daje wyj\u0105tkowo dobry stosunek sygna\u0142u do szumu i rozdzielczo\u015b\u0107 zakresu<br \/>Zdalne sterowanie<br \/>Przechowywanie i ponowne \u0142adowanie ustawie\u0144 osobistych<br \/>Interfejs sieciowy do zapisu surowych danych<br \/>Funkcja akustycznego dopplerowskiego profilera pr\u0105du (ADCP) z EC15-3C<br \/>Oprogramowanie bez licencji dla cel\u00f3w odtwarzania<\/p>\n<\/div>\n<div>\n<h3>TYPOWE ZASTOSOWANIA<\/h3>\n<p>Obserwatoria oceaniczne<br \/>Badania migracji ryb<br \/>D\u0142ugoterminowe badania biologiczne<br \/>Lepsza ocena zasob\u00f3w rybnych<br \/>Profilowanie s\u0142upa wody<br \/>Simrad EK80 dzia\u0142a z przetwornikami o pojedynczej i\/lub rozdzielonej wi\u0105zce i dostarcza Ci dedykowan\u0105 wbudowan\u0105 aplikacj\u0119 do kalibracji. Z kilkoma dost\u0119pnymi transceiverami jest on dobrze dostosowany do sta\u0142ej instalacji na pok\u0142adzie statku badawczego, lecz nadal kompaktowy i stanowi naturalny wyb\u00f3r do u\u017cytku przeno\u015bnego.<\/p>\n<p>Integracja echa w czasie rzeczywistym i analiza si\u0142y celu w nieograniczonej liczbie warstw jest zapewniona, jak r\u00f3wnie\u017c przechowywanie surowych danych do odtworzenia lub analizy w jednym z kilku pakiet\u00f3w oprogramowania do post-processingu. Dost\u0119pnych jest kilka opcji post-processingu dla szybkiej analizy i raportowania bada\u0144.<\/p>\n<p>System echosondy jest modu\u0142owy i mo\u017cna zestawia\u0107 dowolne kombinacje transceiver\u00f3w i przetwornik\u00f3w, aby dopasowa\u0107 go do swoich cel\u00f3w badawczych.<\/p>\n<\/div>\n<p><!--more--><br \/>\n<!-- {\"type\":\"layout\",\"children\":[{\"type\":\"section\",\"props\":{\"style\":\"default\",\"width\":\"default\",\"vertical_align\":\"middle\",\"title_position\":\"top-left\",\"title_rotation\":\"left\",\"title_breakpoint\":\"xl\",\"image_position\":\"center-center\"},\"children\":[{\"type\":\"row\",\"children\":[{\"type\":\"column\",\"props\":{\"image_position\":\"center-center\",\"media_overlay_gradient\":\"\"},\"children\":[{\"type\":\"headline\",\"props\":{\"title_element\":\"h1\",\"content\":\"\n\n<p>Echosonda badawcza Simrad EK80<\\\/p>\"}},{\"type\":\"divider\",\"props\":{\"divider_element\":\"hr\"}}]}]}]},{\"type\":\"section\",\"props\":{\"style\":\"default\",\"width\":\"default\",\"vertical_align\":\"middle\",\"title_position\":\"top-left\",\"title_rotation\":\"left\",\"title_breakpoint\":\"xl\",\"image_position\":\"center-center\"},\"children\":[{\"type\":\"row\",\"props\":{\"layout\":\"1-2,1-2\"},\"children\":[{\"type\":\"column\",\"props\":{\"image_position\":\"center-center\",\"media_overlay_gradient\":\"\",\"width_medium\":\"1-2\"},\"children\":[{\"type\":\"image\",\"props\":{\"margin\":\"default\",\"image_svg_color\":\"emphasis\",\"image\":\"wp-content\\\/uploads\\\/2021\\\/04\\\/ek80-system..jpg\"}},{\"type\":\"button\",\"props\":{\"grid_column_gap\":\"small\",\"grid_row_gap\":\"small\",\"margin\":\"default\",\"text_align\":\"center\"},\"children\":[{\"type\":\"button_item\",\"props\":{\"button_style\":\"default\",\"icon_align\":\"left\",\"content\":\"karta katalogowa\",\"link\":\"https:\\\/\\\/www.simrad.online\\\/ek80\\\/sales\\\/ek80_ds_en_a4.pdf\"}}]}]},{\"type\":\"column\",\"props\":{\"image_position\":\"center-center\",\"media_overlay_gradient\":\"\",\"width_medium\":\"1-2\"},\"children\":[{\"type\":\"text\",\"props\":{\"margin\":\"default\",\"column_breakpoint\":\"m\",\"content\":\"\n\n<h3>Simrad EK80 jest wysoce precyzyjn\\u0105 echosond\\u0105 naukow\\u0105 i systemem ADCP zaprojektowanym do ilo\\u015bciowego okre\\u015blania i monitorowania podwodnych ekosystem\\u00f3w. Simrad EK80 jest systemem modu\\u0142owym, zdolnym do obs\\u0142ugi kilku r\\u00f3\\u017cnych kombinacji transceivera i przetwornika, a wszystko to za po\\u015brednictwem tej samej stacji operatora.<\\\/h3>\\n\n\n<p>Simrad EK80 jest najnowocze\\u015bniejsz\\u0105 \\\"high-endow\\u0105\\\" echosond\\u0105 naukow\\u0105 z dzielon\\u0105 wi\\u0105zk\\u0105 na<br \\\/>rynku naukowym w rybo\\u0142\\u00f3wstwie. W oparciu o ponad 60 lat bada\\u0144 i rozwoju w \\u015bcis\\u0142ej wsp\\u00f3\\u0142pracy<br \\\/>wsp\\u00f3\\u0142pracy z wiod\\u0105cymi naukowcami morskimi, ten szerokopasmowy system echosondy zast\\u0105pi\\u0142<br \\\/>s\\u0142ynnej EK60, kt\\u00f3ra sta\\u0142a si\\u0119 mi\\u0119dzynarodowym standardem w ocenie zasob\\u00f3w rybnych.<\\\/p>\"}}]}]}]},{\"type\":\"section\",\"props\":{\"style\":\"default\",\"width\":\"default\",\"vertical_align\":\"middle\",\"title_position\":\"top-left\",\"title_rotation\":\"left\",\"title_breakpoint\":\"xl\",\"image_position\":\"center-center\"},\"children\":[{\"type\":\"row\",\"children\":[{\"type\":\"column\",\"props\":{\"image_position\":\"center-center\",\"media_overlay_gradient\":\"\"},\"children\":[{\"type\":\"image\",\"props\":{\"margin\":\"default\",\"image_svg_color\":\"emphasis\",\"image\":\"wp-content\\\/uploads\\\/2021\\\/04\\\/bm010102_101_106_ek80_screen_capture_1000px_web.jpg\",\"text_align\":\"center\"}},{\"type\":\"text\",\"props\":{\"margin\":\"default\",\"column_breakpoint\":\"m\",\"content\":\"\n\n<p style=\\\"text-align: center;\\\">(A) G\\u00f3rny pasek umo\\u017cliwia szybki dost\\u0119p do kluczowych funkcji i informacji nawigacyjnych.<br \\\/>(B) Pasek odtwarzania umo\\u017cliwia pobieranie zapisanych plik\\u00f3w i sterowanie odtwarzaniem.<br \\\/>(C) Widoki echogramu<br \\\/>(D) Okienka informacyjne dostarczaj\\u0105 dodatkowych i szczeg\\u00f3\\u0142owych danych z prezentacji EK80.<br \\\/>(E) System menu g\\u0142\\u00f3wnego<br \\\/>(F) Menu drugorz\\u0119dne<br \\\/>(G) Pasek dolny<\\\/p>\"}}]}]}]},{\"type\":\"section\",\"props\":{\"style\":\"default\",\"width\":\"default\",\"vertical_align\":\"middle\",\"title_position\":\"top-left\",\"title_rotation\":\"left\",\"title_breakpoint\":\"xl\",\"image_position\":\"center-center\"},\"children\":[{\"type\":\"row\",\"props\":{\"layout\":\"1-2,1-2\"},\"children\":[{\"type\":\"column\",\"props\":{\"image_position\":\"center-center\",\"media_overlay_gradient\":\"\",\"width_medium\":\"1-2\"},\"children\":[{\"type\":\"image\",\"props\":{\"margin\":\"default\",\"image_svg_color\":\"emphasis\",\"image\":\"wp-content\\\/uploads\\\/2021\\\/04\\\/ek80-system1..jpg\"}}]},{\"type\":\"column\",\"props\":{\"image_position\":\"center-center\",\"media_overlay_gradient\":\"\",\"width_medium\":\"1-2\"},\"children\":[{\"type\":\"text\",\"props\":{\"margin\":\"default\",\"column_breakpoint\":\"m\",\"content\":\"\n\n<h3>NAJWA\\u017bNIEJSZE CECHY<\\\/h3>\\n\n\n<p>Wysoki zakres dynamiki<br \\\/>Zapis surowych danych<br \\\/>Niski poziom szum\\u00f3w w\\u0142asnych<br \\\/>Wysoka cz\\u0119stotliwo\\u015b\\u0107 ping\\u00f3w<br \\\/>Wielocz\\u0119stotliwo\\u015bciowa aplikacja do identyfikacji gatunk\\u00f3w<br \\\/>Jednoczesna transmisja wszystkich cz\\u0119stotliwo\\u015bci<br \\\/>Kilka cz\\u0119stotliwo\\u015bci pokrywaj\\u0105cych t\\u0119 sam\\u0105 obj\\u0119to\\u015b\\u0107 pr\\u00f3bkowania<br \\\/>Szerokopasmowa funkcja\\u00a0 cz\\u0119stotliwo\\u015bci (\\\"chirp\\\") w po\\u0142\\u0105czeniu z zaawansowanym przetwarzaniem sygna\\u0142u daje wyj\\u0105tkowo dobry stosunek sygna\\u0142u do szumu i rozdzielczo\\u015b\\u0107 zakresu<br \\\/>Zdalne sterowanie<br \\\/>Przechowywanie i ponowne \\u0142adowanie ustawie\\u0144 osobistych<br \\\/>Interfejs sieciowy do zapisu surowych danych<br \\\/>Funkcja akustycznego dopplerowskiego profilera pr\\u0105du (ADCP) z EC15-3C<br \\\/>Oprogramowanie bez licencji dla cel\\u00f3w odtwarzania<\\\/p>\"}}]}]}]},{\"type\":\"section\",\"props\":{\"style\":\"default\",\"width\":\"default\",\"vertical_align\":\"middle\",\"title_position\":\"top-left\",\"title_rotation\":\"left\",\"title_breakpoint\":\"xl\",\"image_position\":\"center-center\"},\"children\":[{\"type\":\"row\",\"children\":[{\"type\":\"column\",\"props\":{\"image_position\":\"center-center\",\"media_overlay_gradient\":\"\"},\"children\":[{\"type\":\"text\",\"props\":{\"margin\":\"default\",\"column_breakpoint\":\"m\",\"content\":\"\n\n<h3>TYPOWE ZASTOSOWANIA<\\\/h3>\\n\n\n<p>Obserwatoria oceaniczne<br \\\/>Badania migracji ryb<br \\\/>D\\u0142ugoterminowe badania biologiczne<br \\\/>Lepsza ocena zasob\\u00f3w rybnych<br \\\/>Profilowanie s\\u0142upa wody<br \\\/>Simrad EK80 dzia\\u0142a z przetwornikami o pojedynczej i\\\/lub rozdzielonej wi\\u0105zce i dostarcza Ci dedykowan\\u0105 wbudowan\\u0105 aplikacj\\u0119 do kalibracji. Z kilkoma dost\\u0119pnymi transceiverami jest on dobrze dostosowany do sta\\u0142ej instalacji na pok\\u0142adzie statku badawczego, lecz nadal kompaktowy i stanowi naturalny wyb\\u00f3r do u\\u017cytku przeno\\u015bnego.<\\\/p>\\n\n\n<p>Integracja echa w czasie rzeczywistym i analiza si\\u0142y celu w nieograniczonej liczbie warstw jest zapewniona, jak r\\u00f3wnie\\u017c przechowywanie surowych danych do odtworzenia lub analizy w jednym z kilku pakiet\\u00f3w oprogramowania do post-processingu. Dost\\u0119pnych jest kilka opcji post-processingu dla szybkiej analizy i raportowania bada\\u0144.<\\\/p>\\n\n\n<p>System echosondy jest modu\\u0142owy i mo\\u017cna zestawia\\u0107 dowolne kombinacje transceiver\\u00f3w i przetwornik\\u00f3w, aby dopasowa\\u0107 go do swoich cel\\u00f3w badawczych.<\\\/p>\"}}]}]}]}],\"version\":\"2.4.14\"} --><\/p>\n","protected":false},"excerpt":{"rendered":"<p>Echosonda badawcza Simrad EK80 karta katalogowa Simrad EK80 jest wysoce precyzyjn\u0105 echosond\u0105 naukow\u0105 i systemem ADCP zaprojektowanym do ilo\u015bciowego okre\u015blania i monitorowania podwodnych ekosystem\u00f3w. Simrad EK80 jest systemem modu\u0142owym, zdolnym do obs\u0142ugi kilku r\u00f3\u017cnych kombinacji transceivera i przetwornika, a wszystko to za po\u015brednictwem tej samej stacji operatora. Simrad EK80 jest najnowocze\u015bniejsz\u0105 &#8222;high-endow\u0105&#8221; echosond\u0105 naukow\u0105 z [&hellip;]<\/p>\n","protected":false},"author":10,"featured_media":0,"parent":0,"menu_order":0,"comment_status":"closed","ping_status":"closed","template":"","meta":{"footnotes":""},"class_list":["post-8772","page","type-page","status-publish","hentry"],"yoast_head":"<!-- This site is optimized with the Yoast SEO plugin v27.6 - https:\/\/yoast.com\/product\/yoast-seo-wordpress\/ -->\n<title>Echosonda badawcza Simrad EK80 - ESCORT TECHNOLOGY<\/title>\n<meta name=\"robots\" content=\"index, follow, max-snippet:-1, max-image-preview:large, max-video-preview:-1\" \/>\n<link rel=\"canonical\" href=\"https:\/\/escort-technology.com\/pl\/echosonda-badawcza-simrad-ek80\/\" \/>\n<meta property=\"og:locale\" content=\"pl_PL\" \/>\n<meta property=\"og:type\" content=\"article\" \/>\n<meta property=\"og:title\" content=\"Echosonda badawcza Simrad EK80 - ESCORT TECHNOLOGY\" \/>\n<meta property=\"og:description\" content=\"Echosonda badawcza Simrad EK80 karta katalogowa Simrad EK80 jest wysoce precyzyjn\u0105 echosond\u0105 naukow\u0105 i systemem ADCP zaprojektowanym do ilo\u015bciowego okre\u015blania i monitorowania podwodnych ekosystem\u00f3w. Simrad EK80 jest systemem modu\u0142owym, zdolnym do obs\u0142ugi kilku r\u00f3\u017cnych kombinacji transceivera i przetwornika, a wszystko to za po\u015brednictwem tej samej stacji operatora. Simrad EK80 jest najnowocze\u015bniejsz\u0105 &#8222;high-endow\u0105&#8221; echosond\u0105 naukow\u0105 z [&hellip;]\" \/>\n<meta property=\"og:url\" content=\"https:\/\/escort-technology.com\/pl\/echosonda-badawcza-simrad-ek80\/\" \/>\n<meta property=\"og:site_name\" content=\"ESCORT TECHNOLOGY\" \/>\n<meta property=\"article:publisher\" content=\"https:\/\/www.facebook.com\/elektronika.morska\/\" \/>\n<meta property=\"og:image\" content=\"https:\/\/escort-technology.com\/wp-content\/uploads\/2021\/04\/ek80-system..jpg\" \/>\n<meta name=\"twitter:card\" content=\"summary_large_image\" \/>\n<meta name=\"twitter:label1\" content=\"Szacowany czas czytania\" \/>\n\t<meta name=\"twitter:data1\" content=\"2 minuty\" \/>\n<script type=\"application\/ld+json\" class=\"yoast-schema-graph\">{\"@context\":\"https:\\\/\\\/schema.org\",\"@graph\":[{\"@type\":\"WebPage\",\"@id\":\"https:\\\/\\\/escort-technology.com\\\/en\\\/echosonda-badawcza-simrad-ek80\\\/\",\"url\":\"https:\\\/\\\/escort-technology.com\\\/en\\\/echosonda-badawcza-simrad-ek80\\\/\",\"name\":\"Echosonda badawcza Simrad EK80 - ESCORT TECHNOLOGY\",\"isPartOf\":{\"@id\":\"http:\\\/\\\/escort-technology.com\\\/de\\\/#website\"},\"datePublished\":\"2021-04-27T10:02:55+00:00\",\"breadcrumb\":{\"@id\":\"https:\\\/\\\/escort-technology.com\\\/en\\\/echosonda-badawcza-simrad-ek80\\\/#breadcrumb\"},\"inLanguage\":\"pl-PL\",\"potentialAction\":[{\"@type\":\"ReadAction\",\"target\":[\"https:\\\/\\\/escort-technology.com\\\/en\\\/echosonda-badawcza-simrad-ek80\\\/\"]}]},{\"@type\":\"BreadcrumbList\",\"@id\":\"https:\\\/\\\/escort-technology.com\\\/en\\\/echosonda-badawcza-simrad-ek80\\\/#breadcrumb\",\"itemListElement\":[{\"@type\":\"ListItem\",\"position\":1,\"name\":\"Strona g\u0142\u00f3wna\",\"item\":\"https:\\\/\\\/escort-technology.com\\\/\"},{\"@type\":\"ListItem\",\"position\":2,\"name\":\"Echosonda badawcza Simrad EK80\"}]},{\"@type\":\"WebSite\",\"@id\":\"http:\\\/\\\/escort-technology.com\\\/de\\\/#website\",\"url\":\"http:\\\/\\\/escort-technology.com\\\/de\\\/\",\"name\":\"ESCORT TECHNOLOGY\",\"description\":\"Elektronika morska i l\u0105dowa\",\"publisher\":{\"@id\":\"http:\\\/\\\/escort-technology.com\\\/de\\\/#organization\"},\"potentialAction\":[{\"@type\":\"SearchAction\",\"target\":{\"@type\":\"EntryPoint\",\"urlTemplate\":\"http:\\\/\\\/escort-technology.com\\\/de\\\/?s={search_term_string}\"},\"query-input\":{\"@type\":\"PropertyValueSpecification\",\"valueRequired\":true,\"valueName\":\"search_term_string\"}}],\"inLanguage\":\"pl-PL\"},{\"@type\":\"Organization\",\"@id\":\"http:\\\/\\\/escort-technology.com\\\/de\\\/#organization\",\"name\":\"ESCORT TECHNOLOGY\",\"url\":\"http:\\\/\\\/escort-technology.com\\\/de\\\/\",\"logo\":{\"@type\":\"ImageObject\",\"inLanguage\":\"pl-PL\",\"@id\":\"http:\\\/\\\/escort-technology.com\\\/de\\\/#\\\/schema\\\/logo\\\/image\\\/\",\"url\":\"https:\\\/\\\/escort-technology.com\\\/wp-content\\\/uploads\\\/logo-1.jpg\",\"contentUrl\":\"https:\\\/\\\/escort-technology.com\\\/wp-content\\\/uploads\\\/logo-1.jpg\",\"width\":600,\"height\":165,\"caption\":\"ESCORT TECHNOLOGY\"},\"image\":{\"@id\":\"http:\\\/\\\/escort-technology.com\\\/de\\\/#\\\/schema\\\/logo\\\/image\\\/\"},\"sameAs\":[\"https:\\\/\\\/www.facebook.com\\\/elektronika.morska\\\/\",\"https:\\\/\\\/www.linkedin.com\\\/company\\\/escort-sp-z-o-o-\\\/\"]}]}<\/script>\n<!-- \/ Yoast SEO plugin. -->","yoast_head_json":{"title":"Echosonda badawcza Simrad EK80 - ESCORT TECHNOLOGY","robots":{"index":"index","follow":"follow","max-snippet":"max-snippet:-1","max-image-preview":"max-image-preview:large","max-video-preview":"max-video-preview:-1"},"canonical":"https:\/\/escort-technology.com\/pl\/echosonda-badawcza-simrad-ek80\/","og_locale":"pl_PL","og_type":"article","og_title":"Echosonda badawcza Simrad EK80 - ESCORT TECHNOLOGY","og_description":"Echosonda badawcza Simrad EK80 karta katalogowa Simrad EK80 jest wysoce precyzyjn\u0105 echosond\u0105 naukow\u0105 i systemem ADCP zaprojektowanym do ilo\u015bciowego okre\u015blania i monitorowania podwodnych ekosystem\u00f3w. Simrad EK80 jest systemem modu\u0142owym, zdolnym do obs\u0142ugi kilku r\u00f3\u017cnych kombinacji transceivera i przetwornika, a wszystko to za po\u015brednictwem tej samej stacji operatora. Simrad EK80 jest najnowocze\u015bniejsz\u0105 &#8222;high-endow\u0105&#8221; echosond\u0105 naukow\u0105 z [&hellip;]","og_url":"https:\/\/escort-technology.com\/pl\/echosonda-badawcza-simrad-ek80\/","og_site_name":"ESCORT TECHNOLOGY","article_publisher":"https:\/\/www.facebook.com\/elektronika.morska\/","og_image":[{"url":"https:\/\/escort-technology.com\/wp-content\/uploads\/2021\/04\/ek80-system..jpg","type":"","width":"","height":""}],"twitter_card":"summary_large_image","twitter_misc":{"Szacowany czas czytania":"2 minuty"},"schema":{"@context":"https:\/\/schema.org","@graph":[{"@type":"WebPage","@id":"https:\/\/escort-technology.com\/en\/echosonda-badawcza-simrad-ek80\/","url":"https:\/\/escort-technology.com\/en\/echosonda-badawcza-simrad-ek80\/","name":"Echosonda badawcza Simrad EK80 - ESCORT TECHNOLOGY","isPartOf":{"@id":"http:\/\/escort-technology.com\/de\/#website"},"datePublished":"2021-04-27T10:02:55+00:00","breadcrumb":{"@id":"https:\/\/escort-technology.com\/en\/echosonda-badawcza-simrad-ek80\/#breadcrumb"},"inLanguage":"pl-PL","potentialAction":[{"@type":"ReadAction","target":["https:\/\/escort-technology.com\/en\/echosonda-badawcza-simrad-ek80\/"]}]},{"@type":"BreadcrumbList","@id":"https:\/\/escort-technology.com\/en\/echosonda-badawcza-simrad-ek80\/#breadcrumb","itemListElement":[{"@type":"ListItem","position":1,"name":"Strona g\u0142\u00f3wna","item":"https:\/\/escort-technology.com\/"},{"@type":"ListItem","position":2,"name":"Echosonda badawcza Simrad EK80"}]},{"@type":"WebSite","@id":"http:\/\/escort-technology.com\/de\/#website","url":"http:\/\/escort-technology.com\/de\/","name":"ESCORT TECHNOLOGY","description":"Elektronika morska i l\u0105dowa","publisher":{"@id":"http:\/\/escort-technology.com\/de\/#organization"},"potentialAction":[{"@type":"SearchAction","target":{"@type":"EntryPoint","urlTemplate":"http:\/\/escort-technology.com\/de\/?s={search_term_string}"},"query-input":{"@type":"PropertyValueSpecification","valueRequired":true,"valueName":"search_term_string"}}],"inLanguage":"pl-PL"},{"@type":"Organization","@id":"http:\/\/escort-technology.com\/de\/#organization","name":"ESCORT TECHNOLOGY","url":"http:\/\/escort-technology.com\/de\/","logo":{"@type":"ImageObject","inLanguage":"pl-PL","@id":"http:\/\/escort-technology.com\/de\/#\/schema\/logo\/image\/","url":"https:\/\/escort-technology.com\/wp-content\/uploads\/logo-1.jpg","contentUrl":"https:\/\/escort-technology.com\/wp-content\/uploads\/logo-1.jpg","width":600,"height":165,"caption":"ESCORT TECHNOLOGY"},"image":{"@id":"http:\/\/escort-technology.com\/de\/#\/schema\/logo\/image\/"},"sameAs":["https:\/\/www.facebook.com\/elektronika.morska\/","https:\/\/www.linkedin.com\/company\/escort-sp-z-o-o-\/"]}]}},"_links":{"self":[{"href":"https:\/\/escort-technology.com\/pl\/wp-json\/wp\/v2\/pages\/8772","targetHints":{"allow":["GET"]}}],"collection":[{"href":"https:\/\/escort-technology.com\/pl\/wp-json\/wp\/v2\/pages"}],"about":[{"href":"https:\/\/escort-technology.com\/pl\/wp-json\/wp\/v2\/types\/page"}],"author":[{"embeddable":true,"href":"https:\/\/escort-technology.com\/pl\/wp-json\/wp\/v2\/users\/10"}],"replies":[{"embeddable":true,"href":"https:\/\/escort-technology.com\/pl\/wp-json\/wp\/v2\/comments?post=8772"}],"version-history":[{"count":6,"href":"https:\/\/escort-technology.com\/pl\/wp-json\/wp\/v2\/pages\/8772\/revisions"}],"predecessor-version":[{"id":8783,"href":"https:\/\/escort-technology.com\/pl\/wp-json\/wp\/v2\/pages\/8772\/revisions\/8783"}],"wp:attachment":[{"href":"https:\/\/escort-technology.com\/pl\/wp-json\/wp\/v2\/media?parent=8772"}],"curies":[{"name":"wp","href":"https:\/\/api.w.org\/{rel}","templated":true}]}}