{"id":8793,"date":"2021-04-28T13:57:41","date_gmt":"2021-04-28T11:57:41","guid":{"rendered":"https:\/\/escort-technology.com\/?page_id=8793"},"modified":"2021-04-28T13:57:41","modified_gmt":"2021-04-28T11:57:41","slug":"bezkablowa-echosonda-sieciowa-simrad-px-trawleye","status":"publish","type":"page","link":"https:\/\/escort-technology.com\/pl\/bezkablowa-echosonda-sieciowa-simrad-px-trawleye\/","title":{"rendered":"Bezkablowa echosonda sieciowa SIMRAD PX TRAWLEYE"},"content":{"rendered":"<h1>\n<p class=\"uk-article-title\">Bezkablowa echosonda sieciowa SIMRAD PX TRAWLEYE<\/p>\n<\/h1>\n<hr>\n<div>\n<p>Czujnik jest dost\u0119pny w trzech r\u00f3\u017cnych wersjach:<\/p>\n<p>PX TrawlEye<br \/>PX TrawlEye G\u0142\u0119boko\u015b\u0107\/Temperatura (D\/T)<br \/>PX TrawlEye Catch\/Temperature (C\/T)<\/p>\n<p>Wersja jest definiowana przez rodzaj pokrywy czujnika. Podstawowa wersja czujnika posiada neutraln\u0105 pokryw\u0119. Mo\u017ce on wykonywa\u0107 nast\u0119puj\u0105ce pomiary:<\/p>\n<p>Echogram<br \/>przechy\u0142 i nachylenie<br \/>Wysoko\u015b\u0107<br \/>R\u00f3\u017cnica geometrii<br \/>Stan akumulatora<br \/>Simrad PX TrawlEye dostarcza w czasie rzeczywistym echogram z w\u0142oka za pomoc\u0105 \u0142\u0105cza bezprzewodowego. Czujnik jest wyposa\u017cony w z\u0142o\u017cony przetwornik echosondy umo\u017cliwiaj\u0105cy zaawansowane impulsy LFM (liniowa modulacja cz\u0119stotliwo\u015bci, znana r\u00f3wnie\u017c jako &#8222;Chirp&#8221;). Echosonda mo\u017ce by\u0107 skonfigurowana tak, aby pasowa\u0142a do r\u00f3\u017cnych \u0142owisk. Mo\u017cna zmienia\u0107 d\u0142ugo\u015b\u0107 impulsu, rodzaj impulsu, wzmocnienie echosondy, zasi\u0119g echa, moc komunikacji i inne parametry pracy.<\/p>\n<p>Do odbioru informacji z czujnika potrzebny jest odpowiedni odbiornik. Dane PX TrawlEye nie mog\u0105 by\u0107 odbierane przez odbiorniki PI50 lub PI60, potrzebny jest dedykowany odbiornik SR70. Potrzebujesz r\u00f3wnie\u017c jednego lub wi\u0119cej hydrofon\u00f3w, jak r\u00f3wnie\u017c komputera z uruchomionym programem Simrad TV80.<\/p>\n<p>Mo\u017cesz u\u017cy\u0107 wszystkich naszych hydrofon\u00f3w PI. Mo\u017cesz nawet u\u017cy\u0107 typ\u00f3w innych ni\u017c Simrad, pod warunkiem, \u017ce cz\u0119stotliwo\u015b\u0107 komunikacji jest zgodna.<\/p>\n<p>Domy\u015blnie, czujnik mo\u017ce wykona\u0107 dwa pomiary. Aby doda\u0107 dodatkowe pomiary, musisz kupi\u0107 dedykowan\u0105 licencj\u0119. Licencja ta pozwala na wykonanie do pi\u0119ciu pomiar\u00f3w jednocze\u015bnie.<\/p>\n<ul class=\"cardsList__3col\">\n<li>Po\u0142\u00f3w<\/li>\n<li>G\u0142\u0119boko\u015b\u0107<\/li>\n<li>Geometria<\/li>\n<li>Wysoko\u015b\u0107<\/li>\n<li>Rozstawienie<\/li>\n<li>Temperatura<\/li>\n<li>Stan baterii<\/li>\n<\/ul>\n<\/div>\n<p><img decoding=\"async\" src=\"\/wp-content\/uploads\/2021\/04\/trowleye-portable1.jpg\" alt=\"\"><\/p>\n<p>\n    <a href=\"https:\/\/escort-technology.com\/wp-content\/uploads\/simrad-px-trawleye-pol.pdf\">karta katalogowa<\/a>\n<\/p>\n<p><!--more--><br \/>\n<!-- {\"type\":\"layout\",\"children\":[{\"type\":\"section\",\"props\":{\"style\":\"default\",\"width\":\"default\",\"vertical_align\":\"middle\",\"title_position\":\"top-left\",\"title_rotation\":\"left\",\"title_breakpoint\":\"xl\",\"image_position\":\"center-center\"},\"children\":[{\"type\":\"row\",\"children\":[{\"type\":\"column\",\"props\":{\"image_position\":\"center-center\",\"media_overlay_gradient\":\"\"},\"children\":[{\"type\":\"headline\",\"props\":{\"title_element\":\"h1\",\"content\":\"\n\n<p class=\\\"uk-article-title\\\">Bezkablowa echosonda sieciowa SIMRAD PX TRAWLEYE<\\\/p>\"}},{\"type\":\"divider\",\"props\":{\"divider_element\":\"hr\"}}]}]}]},{\"type\":\"section\",\"props\":{\"style\":\"default\",\"width\":\"default\",\"vertical_align\":\"middle\",\"title_position\":\"top-left\",\"title_rotation\":\"left\",\"title_breakpoint\":\"xl\",\"image_position\":\"center-center\"},\"children\":[{\"type\":\"row\",\"props\":{\"layout\":\"1-2,1-2\"},\"children\":[{\"type\":\"column\",\"props\":{\"image_position\":\"center-center\",\"media_overlay_gradient\":\"\",\"width_medium\":\"1-2\"},\"children\":[{\"type\":\"text\",\"props\":{\"margin\":\"default\",\"column_breakpoint\":\"m\",\"content\":\"\n\n<p>Czujnik jest dost\\u0119pny w trzech r\\u00f3\\u017cnych wersjach:<\\\/p>\\n\n\n<p>PX TrawlEye<br \\\/>PX TrawlEye G\\u0142\\u0119boko\\u015b\\u0107\\\/Temperatura (D\\\/T)<br \\\/>PX TrawlEye Catch\\\/Temperature (C\\\/T)<\\\/p>\\n\n\n<p>Wersja jest definiowana przez rodzaj pokrywy czujnika. Podstawowa wersja czujnika posiada neutraln\\u0105 pokryw\\u0119. Mo\\u017ce on wykonywa\\u0107 nast\\u0119puj\\u0105ce pomiary:<\\\/p>\\n\n\n<p>Echogram<br \\\/>przechy\\u0142 i nachylenie<br \\\/>Wysoko\\u015b\\u0107<br \\\/>R\\u00f3\\u017cnica geometrii<br \\\/>Stan akumulatora<br \\\/>Simrad PX TrawlEye dostarcza w czasie rzeczywistym echogram z w\\u0142oka za pomoc\\u0105 \\u0142\\u0105cza bezprzewodowego. Czujnik jest wyposa\\u017cony w z\\u0142o\\u017cony przetwornik echosondy umo\\u017cliwiaj\\u0105cy zaawansowane impulsy LFM (liniowa modulacja cz\\u0119stotliwo\\u015bci, znana r\\u00f3wnie\\u017c jako \\\"Chirp\\\"). Echosonda mo\\u017ce by\\u0107 skonfigurowana tak, aby pasowa\\u0142a do r\\u00f3\\u017cnych \\u0142owisk. Mo\\u017cna zmienia\\u0107 d\\u0142ugo\\u015b\\u0107 impulsu, rodzaj impulsu, wzmocnienie echosondy, zasi\\u0119g echa, moc komunikacji i inne parametry pracy.<\\\/p>\\n\n\n<p>Do odbioru informacji z czujnika potrzebny jest odpowiedni odbiornik. Dane PX TrawlEye nie mog\\u0105 by\\u0107 odbierane przez odbiorniki PI50 lub PI60, potrzebny jest dedykowany odbiornik SR70. Potrzebujesz r\\u00f3wnie\\u017c jednego lub wi\\u0119cej hydrofon\\u00f3w, jak r\\u00f3wnie\\u017c komputera z uruchomionym programem Simrad TV80.<\\\/p>\\n\n\n<p>Mo\\u017cesz u\\u017cy\\u0107 wszystkich naszych hydrofon\\u00f3w PI. Mo\\u017cesz nawet u\\u017cy\\u0107 typ\\u00f3w innych ni\\u017c Simrad, pod warunkiem, \\u017ce cz\\u0119stotliwo\\u015b\\u0107 komunikacji jest zgodna.<\\\/p>\\n\n\n<p>Domy\\u015blnie, czujnik mo\\u017ce wykona\\u0107 dwa pomiary. Aby doda\\u0107 dodatkowe pomiary, musisz kupi\\u0107 dedykowan\\u0105 licencj\\u0119. Licencja ta pozwala na wykonanie do pi\\u0119ciu pomiar\\u00f3w jednocze\\u015bnie.<\\\/p>\\n\n\n<ul class=\\\"cardsList__3col\\\">\\n\n\n<li>Po\\u0142\\u00f3w<\\\/li>\\n\n\n<li>G\\u0142\\u0119boko\\u015b\\u0107<\\\/li>\\n\n\n<li>Geometria<\\\/li>\\n\n\n<li>Wysoko\\u015b\\u0107<\\\/li>\\n\n\n<li>Rozstawienie<\\\/li>\\n\n\n<li>Temperatura<\\\/li>\\n\n\n<li>Stan baterii<\\\/li>\\n<\\\/ul>\"}}]},{\"type\":\"column\",\"props\":{\"image_position\":\"center-center\",\"media_overlay_gradient\":\"\",\"width_medium\":\"1-2\"},\"children\":[{\"type\":\"image\",\"props\":{\"margin\":\"default\",\"image_svg_color\":\"emphasis\",\"image\":\"wp-content\\\/uploads\\\/2021\\\/04\\\/trowleye-portable1.jpg\",\"text_align\":\"center\"}},{\"type\":\"button\",\"props\":{\"grid_column_gap\":\"small\",\"grid_row_gap\":\"small\",\"margin\":\"default\",\"text_align\":\"center\"},\"children\":[{\"type\":\"button_item\",\"props\":{\"button_style\":\"default\",\"icon_align\":\"left\",\"link\":\"https:\\\/\\\/escort-technology.com\\\/wp-content\\\/uploads\\\/simrad-px-trawleye-pol.pdf\",\"content\":\"karta katalogowa\"}}]}]}]}]}],\"version\":\"2.4.14\"} --><\/p>\n","protected":false},"excerpt":{"rendered":"<p>Bezkablowa echosonda sieciowa SIMRAD PX TRAWLEYE Czujnik jest dost\u0119pny w trzech r\u00f3\u017cnych wersjach: PX TrawlEyePX TrawlEye G\u0142\u0119boko\u015b\u0107\/Temperatura (D\/T)PX TrawlEye Catch\/Temperature (C\/T) Wersja jest definiowana przez rodzaj pokrywy czujnika. Podstawowa wersja czujnika posiada neutraln\u0105 pokryw\u0119. Mo\u017ce on wykonywa\u0107 nast\u0119puj\u0105ce pomiary: Echogramprzechy\u0142 i nachylenieWysoko\u015b\u0107R\u00f3\u017cnica geometriiStan akumulatoraSimrad PX TrawlEye dostarcza w czasie rzeczywistym echogram z w\u0142oka za pomoc\u0105 [&hellip;]<\/p>\n","protected":false},"author":10,"featured_media":0,"parent":0,"menu_order":0,"comment_status":"closed","ping_status":"closed","template":"","meta":{"footnotes":""},"class_list":["post-8793","page","type-page","status-publish","hentry"],"yoast_head":"<!-- This site is optimized with the Yoast SEO plugin v27.6 - https:\/\/yoast.com\/product\/yoast-seo-wordpress\/ -->\n<title>Bezkablowa echosonda sieciowa SIMRAD PX TRAWLEYE - ESCORT TECHNOLOGY<\/title>\n<meta name=\"robots\" content=\"index, follow, max-snippet:-1, max-image-preview:large, max-video-preview:-1\" \/>\n<link rel=\"canonical\" href=\"http:\/\/escort-technology.com\/pl\/bezkablowa-echosonda-sieciowa-simrad-px-trawleye\/\" \/>\n<meta property=\"og:locale\" content=\"pl_PL\" \/>\n<meta property=\"og:type\" content=\"article\" \/>\n<meta property=\"og:title\" content=\"Bezkablowa echosonda sieciowa SIMRAD PX TRAWLEYE - ESCORT TECHNOLOGY\" \/>\n<meta property=\"og:description\" content=\"Bezkablowa echosonda sieciowa SIMRAD PX TRAWLEYE Czujnik jest dost\u0119pny w trzech r\u00f3\u017cnych wersjach: PX TrawlEyePX TrawlEye G\u0142\u0119boko\u015b\u0107\/Temperatura (D\/T)PX TrawlEye Catch\/Temperature (C\/T) Wersja jest definiowana przez rodzaj pokrywy czujnika. Podstawowa wersja czujnika posiada neutraln\u0105 pokryw\u0119. Mo\u017ce on wykonywa\u0107 nast\u0119puj\u0105ce pomiary: Echogramprzechy\u0142 i nachylenieWysoko\u015b\u0107R\u00f3\u017cnica geometriiStan akumulatoraSimrad PX TrawlEye dostarcza w czasie rzeczywistym echogram z w\u0142oka za pomoc\u0105 [&hellip;]\" \/>\n<meta property=\"og:url\" content=\"http:\/\/escort-technology.com\/pl\/bezkablowa-echosonda-sieciowa-simrad-px-trawleye\/\" \/>\n<meta property=\"og:site_name\" content=\"ESCORT TECHNOLOGY\" \/>\n<meta property=\"article:publisher\" content=\"https:\/\/www.facebook.com\/elektronika.morska\/\" \/>\n<meta property=\"og:image\" content=\"https:\/\/escort-technology.com\/wp-content\/uploads\/2021\/04\/trowleye-portable1.jpg\" \/>\n<meta name=\"twitter:card\" content=\"summary_large_image\" \/>\n<meta name=\"twitter:label1\" content=\"Szacowany czas czytania\" \/>\n\t<meta name=\"twitter:data1\" content=\"1 minuta\" \/>\n<script type=\"application\/ld+json\" class=\"yoast-schema-graph\">{\"@context\":\"https:\\\/\\\/schema.org\",\"@graph\":[{\"@type\":\"WebPage\",\"@id\":\"http:\\\/\\\/escort-technology.com\\\/en\\\/bezkablowa-echosonda-sieciowa-simrad-px-trawleye\\\/\",\"url\":\"http:\\\/\\\/escort-technology.com\\\/en\\\/bezkablowa-echosonda-sieciowa-simrad-px-trawleye\\\/\",\"name\":\"Bezkablowa echosonda sieciowa SIMRAD PX TRAWLEYE - ESCORT TECHNOLOGY\",\"isPartOf\":{\"@id\":\"http:\\\/\\\/escort-technology.com\\\/de\\\/#website\"},\"datePublished\":\"2021-04-28T11:57:41+00:00\",\"breadcrumb\":{\"@id\":\"http:\\\/\\\/escort-technology.com\\\/en\\\/bezkablowa-echosonda-sieciowa-simrad-px-trawleye\\\/#breadcrumb\"},\"inLanguage\":\"pl-PL\",\"potentialAction\":[{\"@type\":\"ReadAction\",\"target\":[\"http:\\\/\\\/escort-technology.com\\\/en\\\/bezkablowa-echosonda-sieciowa-simrad-px-trawleye\\\/\"]}]},{\"@type\":\"BreadcrumbList\",\"@id\":\"http:\\\/\\\/escort-technology.com\\\/en\\\/bezkablowa-echosonda-sieciowa-simrad-px-trawleye\\\/#breadcrumb\",\"itemListElement\":[{\"@type\":\"ListItem\",\"position\":1,\"name\":\"Strona g\u0142\u00f3wna\",\"item\":\"https:\\\/\\\/escort-technology.com\\\/\"},{\"@type\":\"ListItem\",\"position\":2,\"name\":\"Bezkablowa echosonda sieciowa SIMRAD PX TRAWLEYE\"}]},{\"@type\":\"WebSite\",\"@id\":\"http:\\\/\\\/escort-technology.com\\\/de\\\/#website\",\"url\":\"http:\\\/\\\/escort-technology.com\\\/de\\\/\",\"name\":\"ESCORT TECHNOLOGY\",\"description\":\"Elektronika morska i l\u0105dowa\",\"publisher\":{\"@id\":\"http:\\\/\\\/escort-technology.com\\\/de\\\/#organization\"},\"potentialAction\":[{\"@type\":\"SearchAction\",\"target\":{\"@type\":\"EntryPoint\",\"urlTemplate\":\"http:\\\/\\\/escort-technology.com\\\/de\\\/?s={search_term_string}\"},\"query-input\":{\"@type\":\"PropertyValueSpecification\",\"valueRequired\":true,\"valueName\":\"search_term_string\"}}],\"inLanguage\":\"pl-PL\"},{\"@type\":\"Organization\",\"@id\":\"http:\\\/\\\/escort-technology.com\\\/de\\\/#organization\",\"name\":\"ESCORT TECHNOLOGY\",\"url\":\"http:\\\/\\\/escort-technology.com\\\/de\\\/\",\"logo\":{\"@type\":\"ImageObject\",\"inLanguage\":\"pl-PL\",\"@id\":\"http:\\\/\\\/escort-technology.com\\\/de\\\/#\\\/schema\\\/logo\\\/image\\\/\",\"url\":\"https:\\\/\\\/escort-technology.com\\\/wp-content\\\/uploads\\\/logo-1.jpg\",\"contentUrl\":\"https:\\\/\\\/escort-technology.com\\\/wp-content\\\/uploads\\\/logo-1.jpg\",\"width\":600,\"height\":165,\"caption\":\"ESCORT TECHNOLOGY\"},\"image\":{\"@id\":\"http:\\\/\\\/escort-technology.com\\\/de\\\/#\\\/schema\\\/logo\\\/image\\\/\"},\"sameAs\":[\"https:\\\/\\\/www.facebook.com\\\/elektronika.morska\\\/\",\"https:\\\/\\\/www.linkedin.com\\\/company\\\/escort-sp-z-o-o-\\\/\"]}]}<\/script>\n<!-- \/ Yoast SEO plugin. -->","yoast_head_json":{"title":"Bezkablowa echosonda sieciowa SIMRAD PX TRAWLEYE - ESCORT TECHNOLOGY","robots":{"index":"index","follow":"follow","max-snippet":"max-snippet:-1","max-image-preview":"max-image-preview:large","max-video-preview":"max-video-preview:-1"},"canonical":"http:\/\/escort-technology.com\/pl\/bezkablowa-echosonda-sieciowa-simrad-px-trawleye\/","og_locale":"pl_PL","og_type":"article","og_title":"Bezkablowa echosonda sieciowa SIMRAD PX TRAWLEYE - ESCORT TECHNOLOGY","og_description":"Bezkablowa echosonda sieciowa SIMRAD PX TRAWLEYE Czujnik jest dost\u0119pny w trzech r\u00f3\u017cnych wersjach: PX TrawlEyePX TrawlEye G\u0142\u0119boko\u015b\u0107\/Temperatura (D\/T)PX TrawlEye Catch\/Temperature (C\/T) Wersja jest definiowana przez rodzaj pokrywy czujnika. Podstawowa wersja czujnika posiada neutraln\u0105 pokryw\u0119. Mo\u017ce on wykonywa\u0107 nast\u0119puj\u0105ce pomiary: Echogramprzechy\u0142 i nachylenieWysoko\u015b\u0107R\u00f3\u017cnica geometriiStan akumulatoraSimrad PX TrawlEye dostarcza w czasie rzeczywistym echogram z w\u0142oka za pomoc\u0105 [&hellip;]","og_url":"http:\/\/escort-technology.com\/pl\/bezkablowa-echosonda-sieciowa-simrad-px-trawleye\/","og_site_name":"ESCORT TECHNOLOGY","article_publisher":"https:\/\/www.facebook.com\/elektronika.morska\/","og_image":[{"url":"https:\/\/escort-technology.com\/wp-content\/uploads\/2021\/04\/trowleye-portable1.jpg","type":"","width":"","height":""}],"twitter_card":"summary_large_image","twitter_misc":{"Szacowany czas czytania":"1 minuta"},"schema":{"@context":"https:\/\/schema.org","@graph":[{"@type":"WebPage","@id":"http:\/\/escort-technology.com\/en\/bezkablowa-echosonda-sieciowa-simrad-px-trawleye\/","url":"http:\/\/escort-technology.com\/en\/bezkablowa-echosonda-sieciowa-simrad-px-trawleye\/","name":"Bezkablowa echosonda sieciowa SIMRAD PX TRAWLEYE - ESCORT TECHNOLOGY","isPartOf":{"@id":"http:\/\/escort-technology.com\/de\/#website"},"datePublished":"2021-04-28T11:57:41+00:00","breadcrumb":{"@id":"http:\/\/escort-technology.com\/en\/bezkablowa-echosonda-sieciowa-simrad-px-trawleye\/#breadcrumb"},"inLanguage":"pl-PL","potentialAction":[{"@type":"ReadAction","target":["http:\/\/escort-technology.com\/en\/bezkablowa-echosonda-sieciowa-simrad-px-trawleye\/"]}]},{"@type":"BreadcrumbList","@id":"http:\/\/escort-technology.com\/en\/bezkablowa-echosonda-sieciowa-simrad-px-trawleye\/#breadcrumb","itemListElement":[{"@type":"ListItem","position":1,"name":"Strona g\u0142\u00f3wna","item":"https:\/\/escort-technology.com\/"},{"@type":"ListItem","position":2,"name":"Bezkablowa echosonda sieciowa SIMRAD PX TRAWLEYE"}]},{"@type":"WebSite","@id":"http:\/\/escort-technology.com\/de\/#website","url":"http:\/\/escort-technology.com\/de\/","name":"ESCORT TECHNOLOGY","description":"Elektronika morska i l\u0105dowa","publisher":{"@id":"http:\/\/escort-technology.com\/de\/#organization"},"potentialAction":[{"@type":"SearchAction","target":{"@type":"EntryPoint","urlTemplate":"http:\/\/escort-technology.com\/de\/?s={search_term_string}"},"query-input":{"@type":"PropertyValueSpecification","valueRequired":true,"valueName":"search_term_string"}}],"inLanguage":"pl-PL"},{"@type":"Organization","@id":"http:\/\/escort-technology.com\/de\/#organization","name":"ESCORT TECHNOLOGY","url":"http:\/\/escort-technology.com\/de\/","logo":{"@type":"ImageObject","inLanguage":"pl-PL","@id":"http:\/\/escort-technology.com\/de\/#\/schema\/logo\/image\/","url":"https:\/\/escort-technology.com\/wp-content\/uploads\/logo-1.jpg","contentUrl":"https:\/\/escort-technology.com\/wp-content\/uploads\/logo-1.jpg","width":600,"height":165,"caption":"ESCORT TECHNOLOGY"},"image":{"@id":"http:\/\/escort-technology.com\/de\/#\/schema\/logo\/image\/"},"sameAs":["https:\/\/www.facebook.com\/elektronika.morska\/","https:\/\/www.linkedin.com\/company\/escort-sp-z-o-o-\/"]}]}},"_links":{"self":[{"href":"https:\/\/escort-technology.com\/pl\/wp-json\/wp\/v2\/pages\/8793","targetHints":{"allow":["GET"]}}],"collection":[{"href":"https:\/\/escort-technology.com\/pl\/wp-json\/wp\/v2\/pages"}],"about":[{"href":"https:\/\/escort-technology.com\/pl\/wp-json\/wp\/v2\/types\/page"}],"author":[{"embeddable":true,"href":"https:\/\/escort-technology.com\/pl\/wp-json\/wp\/v2\/users\/10"}],"replies":[{"embeddable":true,"href":"https:\/\/escort-technology.com\/pl\/wp-json\/wp\/v2\/comments?post=8793"}],"version-history":[{"count":4,"href":"https:\/\/escort-technology.com\/pl\/wp-json\/wp\/v2\/pages\/8793\/revisions"}],"predecessor-version":[{"id":8798,"href":"https:\/\/escort-technology.com\/pl\/wp-json\/wp\/v2\/pages\/8793\/revisions\/8798"}],"wp:attachment":[{"href":"https:\/\/escort-technology.com\/pl\/wp-json\/wp\/v2\/media?parent=8793"}],"curies":[{"name":"wp","href":"https:\/\/api.w.org\/{rel}","templated":true}]}}