{"id":8816,"date":"2021-04-28T06:21:51","date_gmt":"2021-04-28T04:21:51","guid":{"rendered":"https:\/\/escort-technology.com\/?page_id=8816"},"modified":"2021-04-28T06:21:51","modified_gmt":"2021-04-28T04:21:51","slug":"system-monitoringu-geometrii-wloka-simrad-iti","status":"publish","type":"page","link":"https:\/\/escort-technology.com\/pl\/system-monitoringu-geometrii-wloka-simrad-iti\/","title":{"rendered":"System monitoringu geometrii w\u0142oka Simrad ITI"},"content":{"rendered":"<h1>\n<p class=\"uk-article-title\">System monitoringu geometrii w\u0142oka Simrad ITI<\/p>\n<\/h1>\n<hr>\n<p><img decoding=\"async\" src=\"\/wp-content\/uploads\/2021\/04\/ITI-Kongsberg.png\" alt=\"\"><\/p>\n<div>\n<p><strong>Simrad ITI jest kompletnym bezprzewodowym systemem pozycjonowania i monitorowania w\u0142oka, zaprojektowanym w celu poprawy kontroli i wydajno\u015bci w po\u0142owach pelagicznych i\u00a0 dennych.<\/strong><\/p>\n<p>Gdy wymaga tego system, solidne czujniki zasilane bateriami, zamontowane na w\u0142oku, przekazuj\u0105 wa\u017cne informacje na statek. System Simrad ITI umo\u017cliwia monitorowanie dok\u0142adnej pozycji narz\u0119dzia po\u0142owowego oraz tego, co dzieje si\u0119 we w\u0142oku i wok\u00f3\u0142 niego, dostarczaj\u0105c kluczowych informacji dla skutecznego, zyskownego i odpowiedzialnego rybo\u0142\u00f3wstwa.<\/p>\n<\/div>\n<div>\n<p>Znajomo\u015b\u0107 pozycji tra\u0142u pozwala omija\u0107 wraki, przeszkody na dnie morskim oraz namierza\u0107 \u0142owiska na podstawie informacji z echosondy i sonaru.<\/p>\n<p>Gdy wymaga tego system, solidne czujniki zasilane bateriami, zamontowane na w\u0142oku, przekazuj\u0105 wa\u017cne informacje na statek. System Simrad ITI umo\u017cliwia monitorowanie dok\u0142adnej pozycji narz\u0119dzia po\u0142owowego oraz tego, co dzieje si\u0119 we w\u0142oku i wok\u00f3\u0142 niego, dostarczaj\u0105c kluczowych informacji dla skutecznego, zyskownego i odpowiedzialnego rybo\u0142\u00f3wstwa.<\/p>\n<\/div>\n<p><img decoding=\"async\" src=\"\/wp-content\/uploads\/2021\/04\/bm012007-013_0500_iti_system_illustration.jpg\" alt=\"\"><br \/>\n<img decoding=\"async\" src=\"\/wp-content\/uploads\/2021\/04\/bm012009-001_0500_iti_screen_capture.jpg\" alt=\"\"><\/p>\n<div>\n<p>Prezentacja jest podzielona na trzy widoki:<\/p>\n<p>Widok poziomy pokazuje odleg\u0142o\u015b\u0107 i namiar do w\u0142oka, drzwi lub rozpi\u0119to\u015b\u0107 skrzyde\u0142 oraz po\u0142\u00f3w.<br \/>Widok pionowy pokazuje g\u0142\u0119boko\u015b\u0107 w\u0142oka, temperatur\u0119 morza, po\u0142\u00f3w, kontury dna z echosondy oraz op\u00f3\u017anienie czasowe mi\u0119dzy statkiem a w\u0142okiem.<br \/>Widok z rufy pokazuje wysoko\u015b\u0107 w\u0142oka, prze\u015bwit dna oraz odchylenie w\u0142oka od linii kursu statku.<br \/>Dodatkowo pokazane jest pokrycie echosondy na g\u0142\u0119boko\u015bci w\u0142oka.<\/p>\n<\/div>\n<p><!--more--><br \/>\n<!-- {\"type\":\"layout\",\"children\":[{\"type\":\"section\",\"props\":{\"style\":\"default\",\"width\":\"default\",\"vertical_align\":\"middle\",\"title_position\":\"top-left\",\"title_rotation\":\"left\",\"title_breakpoint\":\"xl\",\"image_position\":\"center-center\"},\"children\":[{\"type\":\"row\",\"children\":[{\"type\":\"column\",\"props\":{\"image_position\":\"center-center\",\"media_overlay_gradient\":\"\"},\"children\":[{\"type\":\"headline\",\"props\":{\"title_element\":\"h1\",\"content\":\"\n\n<p class=\\\"uk-article-title\\\">System monitoringu geometrii w\\u0142oka Simrad ITI<\\\/p>\"}},{\"type\":\"divider\",\"props\":{\"divider_element\":\"hr\"}}]}]}]},{\"type\":\"section\",\"props\":{\"style\":\"default\",\"width\":\"default\",\"vertical_align\":\"middle\",\"title_position\":\"top-left\",\"title_rotation\":\"left\",\"title_breakpoint\":\"xl\",\"image_position\":\"center-center\"},\"children\":[{\"type\":\"row\",\"props\":{\"layout\":\"1-2,1-2\"},\"children\":[{\"type\":\"column\",\"props\":{\"image_position\":\"center-center\",\"media_overlay_gradient\":\"\",\"width_medium\":\"1-2\"},\"children\":[{\"type\":\"image\",\"props\":{\"margin\":\"default\",\"image_svg_color\":\"emphasis\",\"image\":\"wp-content\\\/uploads\\\/2021\\\/04\\\/ITI-Kongsberg.png\"}}]},{\"type\":\"column\",\"props\":{\"image_position\":\"center-center\",\"media_overlay_gradient\":\"\",\"width_medium\":\"1-2\"},\"children\":[{\"type\":\"text\",\"props\":{\"margin\":\"default\",\"column_breakpoint\":\"m\",\"content\":\"\n\n<p><strong>Simrad ITI jest kompletnym bezprzewodowym systemem pozycjonowania i monitorowania w\\u0142oka, zaprojektowanym w celu poprawy kontroli i wydajno\\u015bci w po\\u0142owach pelagicznych i\\u00a0 dennych.<\\\/strong><\\\/p>\\n\n\n<p>Gdy wymaga tego system, solidne czujniki zasilane bateriami, zamontowane na w\\u0142oku, przekazuj\\u0105 wa\\u017cne informacje na statek. System Simrad ITI umo\\u017cliwia monitorowanie dok\\u0142adnej pozycji narz\\u0119dzia po\\u0142owowego oraz tego, co dzieje si\\u0119 we w\\u0142oku i wok\\u00f3\\u0142 niego, dostarczaj\\u0105c kluczowych informacji dla skutecznego, zyskownego i odpowiedzialnego rybo\\u0142\\u00f3wstwa.<\\\/p>\"}}]}]}]},{\"type\":\"section\",\"props\":{\"style\":\"default\",\"width\":\"default\",\"vertical_align\":\"middle\",\"title_position\":\"top-left\",\"title_rotation\":\"left\",\"title_breakpoint\":\"xl\",\"image_position\":\"center-center\"},\"children\":[{\"type\":\"row\",\"props\":{\"layout\":\"1-2,1-2\"},\"children\":[{\"type\":\"column\",\"props\":{\"image_position\":\"center-center\",\"media_overlay_gradient\":\"\",\"width_medium\":\"1-2\"},\"children\":[{\"type\":\"text\",\"props\":{\"margin\":\"default\",\"column_breakpoint\":\"m\",\"content\":\"\n\n<p>Znajomo\\u015b\\u0107 pozycji tra\\u0142u pozwala omija\\u0107 wraki, przeszkody na dnie morskim oraz namierza\\u0107 \\u0142owiska na podstawie informacji z echosondy i sonaru.<\\\/p>\\n\n\n<p>Gdy wymaga tego system, solidne czujniki zasilane bateriami, zamontowane na w\\u0142oku, przekazuj\\u0105 wa\\u017cne informacje na statek. System Simrad ITI umo\\u017cliwia monitorowanie dok\\u0142adnej pozycji narz\\u0119dzia po\\u0142owowego oraz tego, co dzieje si\\u0119 we w\\u0142oku i wok\\u00f3\\u0142 niego, dostarczaj\\u0105c kluczowych informacji dla skutecznego, zyskownego i odpowiedzialnego rybo\\u0142\\u00f3wstwa.<\\\/p>\"}}]},{\"type\":\"column\",\"props\":{\"image_position\":\"center-center\",\"media_overlay_gradient\":\"\",\"width_medium\":\"1-2\"},\"children\":[{\"type\":\"image\",\"props\":{\"margin\":\"default\",\"image_svg_color\":\"emphasis\",\"image\":\"wp-content\\\/uploads\\\/2021\\\/04\\\/bm012007-013_0500_iti_system_illustration.jpg\"}}]}]}]},{\"type\":\"section\",\"props\":{\"style\":\"default\",\"width\":\"default\",\"vertical_align\":\"middle\",\"title_position\":\"top-left\",\"title_rotation\":\"left\",\"title_breakpoint\":\"xl\",\"image_position\":\"center-center\"},\"children\":[{\"type\":\"row\",\"props\":{\"layout\":\"1-2,1-2\"},\"children\":[{\"type\":\"column\",\"props\":{\"image_position\":\"center-center\",\"media_overlay_gradient\":\"\",\"width_medium\":\"1-2\"},\"children\":[{\"type\":\"image\",\"props\":{\"margin\":\"default\",\"image_svg_color\":\"emphasis\",\"image\":\"wp-content\\\/uploads\\\/2021\\\/04\\\/bm012009-001_0500_iti_screen_capture.jpg\"}}]},{\"type\":\"column\",\"props\":{\"image_position\":\"center-center\",\"media_overlay_gradient\":\"\",\"width_medium\":\"1-2\"},\"children\":[{\"type\":\"text\",\"props\":{\"margin\":\"default\",\"column_breakpoint\":\"m\",\"content\":\"\n\n<p>Prezentacja jest podzielona na trzy widoki:<\\\/p>\\n\n\n<p>Widok poziomy pokazuje odleg\\u0142o\\u015b\\u0107 i namiar do w\\u0142oka, drzwi lub rozpi\\u0119to\\u015b\\u0107 skrzyde\\u0142 oraz po\\u0142\\u00f3w.<br \\\/>Widok pionowy pokazuje g\\u0142\\u0119boko\\u015b\\u0107 w\\u0142oka, temperatur\\u0119 morza, po\\u0142\\u00f3w, kontury dna z echosondy oraz op\\u00f3\\u017anienie czasowe mi\\u0119dzy statkiem a w\\u0142okiem.<br \\\/>Widok z rufy pokazuje wysoko\\u015b\\u0107 w\\u0142oka, prze\\u015bwit dna oraz odchylenie w\\u0142oka od linii kursu statku.<br \\\/>Dodatkowo pokazane jest pokrycie echosondy na g\\u0142\\u0119boko\\u015bci w\\u0142oka.<\\\/p>\"}}]}]}]}],\"version\":\"2.4.14\"} --><\/p>\n","protected":false},"excerpt":{"rendered":"<p>System monitoringu geometrii w\u0142oka Simrad ITI Simrad ITI jest kompletnym bezprzewodowym systemem pozycjonowania i monitorowania w\u0142oka, zaprojektowanym w celu poprawy kontroli i wydajno\u015bci w po\u0142owach pelagicznych i\u00a0 dennych. Gdy wymaga tego system, solidne czujniki zasilane bateriami, zamontowane na w\u0142oku, przekazuj\u0105 wa\u017cne informacje na statek. System Simrad ITI umo\u017cliwia monitorowanie dok\u0142adnej pozycji narz\u0119dzia po\u0142owowego oraz tego, [&hellip;]<\/p>\n","protected":false},"author":10,"featured_media":0,"parent":0,"menu_order":0,"comment_status":"closed","ping_status":"closed","template":"","meta":{"footnotes":""},"class_list":["post-8816","page","type-page","status-publish","hentry"],"yoast_head":"<!-- This site is optimized with the Yoast SEO plugin v27.6 - https:\/\/yoast.com\/product\/yoast-seo-wordpress\/ -->\n<title>System monitoringu geometrii w\u0142oka Simrad ITI - ESCORT TECHNOLOGY<\/title>\n<meta name=\"robots\" content=\"index, follow, max-snippet:-1, max-image-preview:large, max-video-preview:-1\" \/>\n<link rel=\"canonical\" href=\"https:\/\/escort-technology.com\/pl\/system-monitoringu-geometrii-wloka-simrad-iti\/\" \/>\n<meta property=\"og:locale\" content=\"pl_PL\" \/>\n<meta property=\"og:type\" content=\"article\" \/>\n<meta property=\"og:title\" content=\"System monitoringu geometrii w\u0142oka Simrad ITI - ESCORT TECHNOLOGY\" \/>\n<meta property=\"og:description\" content=\"System monitoringu geometrii w\u0142oka Simrad ITI Simrad ITI jest kompletnym bezprzewodowym systemem pozycjonowania i monitorowania w\u0142oka, zaprojektowanym w celu poprawy kontroli i wydajno\u015bci w po\u0142owach pelagicznych i\u00a0 dennych. Gdy wymaga tego system, solidne czujniki zasilane bateriami, zamontowane na w\u0142oku, przekazuj\u0105 wa\u017cne informacje na statek. System Simrad ITI umo\u017cliwia monitorowanie dok\u0142adnej pozycji narz\u0119dzia po\u0142owowego oraz tego, [&hellip;]\" \/>\n<meta property=\"og:url\" content=\"https:\/\/escort-technology.com\/pl\/system-monitoringu-geometrii-wloka-simrad-iti\/\" \/>\n<meta property=\"og:site_name\" content=\"ESCORT TECHNOLOGY\" \/>\n<meta property=\"article:publisher\" content=\"https:\/\/www.facebook.com\/elektronika.morska\/\" \/>\n<meta property=\"og:image\" content=\"https:\/\/escort-technology.com\/wp-content\/uploads\/2021\/04\/ITI-Kongsberg.png\" \/>\n<meta name=\"twitter:card\" content=\"summary_large_image\" \/>\n<meta name=\"twitter:label1\" content=\"Szacowany czas czytania\" \/>\n\t<meta name=\"twitter:data1\" content=\"1 minuta\" \/>\n<script type=\"application\/ld+json\" class=\"yoast-schema-graph\">{\"@context\":\"https:\\\/\\\/schema.org\",\"@graph\":[{\"@type\":\"WebPage\",\"@id\":\"https:\\\/\\\/escort-technology.com\\\/pl\\\/system-monitoringu-geometrii-wloka-simrad-iti\\\/\",\"url\":\"https:\\\/\\\/escort-technology.com\\\/pl\\\/system-monitoringu-geometrii-wloka-simrad-iti\\\/\",\"name\":\"System monitoringu geometrii w\u0142oka Simrad ITI - ESCORT TECHNOLOGY\",\"isPartOf\":{\"@id\":\"http:\\\/\\\/escort-technology.com\\\/de\\\/#website\"},\"datePublished\":\"2021-04-28T04:21:51+00:00\",\"breadcrumb\":{\"@id\":\"https:\\\/\\\/escort-technology.com\\\/pl\\\/system-monitoringu-geometrii-wloka-simrad-iti\\\/#breadcrumb\"},\"inLanguage\":\"pl-PL\",\"potentialAction\":[{\"@type\":\"ReadAction\",\"target\":[\"https:\\\/\\\/escort-technology.com\\\/pl\\\/system-monitoringu-geometrii-wloka-simrad-iti\\\/\"]}]},{\"@type\":\"BreadcrumbList\",\"@id\":\"https:\\\/\\\/escort-technology.com\\\/pl\\\/system-monitoringu-geometrii-wloka-simrad-iti\\\/#breadcrumb\",\"itemListElement\":[{\"@type\":\"ListItem\",\"position\":1,\"name\":\"Strona g\u0142\u00f3wna\",\"item\":\"https:\\\/\\\/escort-technology.com\\\/\"},{\"@type\":\"ListItem\",\"position\":2,\"name\":\"System monitoringu geometrii w\u0142oka Simrad ITI\"}]},{\"@type\":\"WebSite\",\"@id\":\"http:\\\/\\\/escort-technology.com\\\/de\\\/#website\",\"url\":\"http:\\\/\\\/escort-technology.com\\\/de\\\/\",\"name\":\"ESCORT TECHNOLOGY\",\"description\":\"Elektronika morska i l\u0105dowa\",\"publisher\":{\"@id\":\"http:\\\/\\\/escort-technology.com\\\/de\\\/#organization\"},\"potentialAction\":[{\"@type\":\"SearchAction\",\"target\":{\"@type\":\"EntryPoint\",\"urlTemplate\":\"http:\\\/\\\/escort-technology.com\\\/de\\\/?s={search_term_string}\"},\"query-input\":{\"@type\":\"PropertyValueSpecification\",\"valueRequired\":true,\"valueName\":\"search_term_string\"}}],\"inLanguage\":\"pl-PL\"},{\"@type\":\"Organization\",\"@id\":\"http:\\\/\\\/escort-technology.com\\\/de\\\/#organization\",\"name\":\"ESCORT TECHNOLOGY\",\"url\":\"http:\\\/\\\/escort-technology.com\\\/de\\\/\",\"logo\":{\"@type\":\"ImageObject\",\"inLanguage\":\"pl-PL\",\"@id\":\"http:\\\/\\\/escort-technology.com\\\/de\\\/#\\\/schema\\\/logo\\\/image\\\/\",\"url\":\"https:\\\/\\\/escort-technology.com\\\/wp-content\\\/uploads\\\/logo-1.jpg\",\"contentUrl\":\"https:\\\/\\\/escort-technology.com\\\/wp-content\\\/uploads\\\/logo-1.jpg\",\"width\":600,\"height\":165,\"caption\":\"ESCORT TECHNOLOGY\"},\"image\":{\"@id\":\"http:\\\/\\\/escort-technology.com\\\/de\\\/#\\\/schema\\\/logo\\\/image\\\/\"},\"sameAs\":[\"https:\\\/\\\/www.facebook.com\\\/elektronika.morska\\\/\",\"https:\\\/\\\/www.linkedin.com\\\/company\\\/escort-sp-z-o-o-\\\/\"]}]}<\/script>\n<!-- \/ Yoast SEO plugin. -->","yoast_head_json":{"title":"System monitoringu geometrii w\u0142oka Simrad ITI - ESCORT TECHNOLOGY","robots":{"index":"index","follow":"follow","max-snippet":"max-snippet:-1","max-image-preview":"max-image-preview:large","max-video-preview":"max-video-preview:-1"},"canonical":"https:\/\/escort-technology.com\/pl\/system-monitoringu-geometrii-wloka-simrad-iti\/","og_locale":"pl_PL","og_type":"article","og_title":"System monitoringu geometrii w\u0142oka Simrad ITI - ESCORT TECHNOLOGY","og_description":"System monitoringu geometrii w\u0142oka Simrad ITI Simrad ITI jest kompletnym bezprzewodowym systemem pozycjonowania i monitorowania w\u0142oka, zaprojektowanym w celu poprawy kontroli i wydajno\u015bci w po\u0142owach pelagicznych i\u00a0 dennych. Gdy wymaga tego system, solidne czujniki zasilane bateriami, zamontowane na w\u0142oku, przekazuj\u0105 wa\u017cne informacje na statek. System Simrad ITI umo\u017cliwia monitorowanie dok\u0142adnej pozycji narz\u0119dzia po\u0142owowego oraz tego, [&hellip;]","og_url":"https:\/\/escort-technology.com\/pl\/system-monitoringu-geometrii-wloka-simrad-iti\/","og_site_name":"ESCORT TECHNOLOGY","article_publisher":"https:\/\/www.facebook.com\/elektronika.morska\/","og_image":[{"url":"https:\/\/escort-technology.com\/wp-content\/uploads\/2021\/04\/ITI-Kongsberg.png","type":"","width":"","height":""}],"twitter_card":"summary_large_image","twitter_misc":{"Szacowany czas czytania":"1 minuta"},"schema":{"@context":"https:\/\/schema.org","@graph":[{"@type":"WebPage","@id":"https:\/\/escort-technology.com\/pl\/system-monitoringu-geometrii-wloka-simrad-iti\/","url":"https:\/\/escort-technology.com\/pl\/system-monitoringu-geometrii-wloka-simrad-iti\/","name":"System monitoringu geometrii w\u0142oka Simrad ITI - ESCORT TECHNOLOGY","isPartOf":{"@id":"http:\/\/escort-technology.com\/de\/#website"},"datePublished":"2021-04-28T04:21:51+00:00","breadcrumb":{"@id":"https:\/\/escort-technology.com\/pl\/system-monitoringu-geometrii-wloka-simrad-iti\/#breadcrumb"},"inLanguage":"pl-PL","potentialAction":[{"@type":"ReadAction","target":["https:\/\/escort-technology.com\/pl\/system-monitoringu-geometrii-wloka-simrad-iti\/"]}]},{"@type":"BreadcrumbList","@id":"https:\/\/escort-technology.com\/pl\/system-monitoringu-geometrii-wloka-simrad-iti\/#breadcrumb","itemListElement":[{"@type":"ListItem","position":1,"name":"Strona g\u0142\u00f3wna","item":"https:\/\/escort-technology.com\/"},{"@type":"ListItem","position":2,"name":"System monitoringu geometrii w\u0142oka Simrad ITI"}]},{"@type":"WebSite","@id":"http:\/\/escort-technology.com\/de\/#website","url":"http:\/\/escort-technology.com\/de\/","name":"ESCORT TECHNOLOGY","description":"Elektronika morska i l\u0105dowa","publisher":{"@id":"http:\/\/escort-technology.com\/de\/#organization"},"potentialAction":[{"@type":"SearchAction","target":{"@type":"EntryPoint","urlTemplate":"http:\/\/escort-technology.com\/de\/?s={search_term_string}"},"query-input":{"@type":"PropertyValueSpecification","valueRequired":true,"valueName":"search_term_string"}}],"inLanguage":"pl-PL"},{"@type":"Organization","@id":"http:\/\/escort-technology.com\/de\/#organization","name":"ESCORT TECHNOLOGY","url":"http:\/\/escort-technology.com\/de\/","logo":{"@type":"ImageObject","inLanguage":"pl-PL","@id":"http:\/\/escort-technology.com\/de\/#\/schema\/logo\/image\/","url":"https:\/\/escort-technology.com\/wp-content\/uploads\/logo-1.jpg","contentUrl":"https:\/\/escort-technology.com\/wp-content\/uploads\/logo-1.jpg","width":600,"height":165,"caption":"ESCORT TECHNOLOGY"},"image":{"@id":"http:\/\/escort-technology.com\/de\/#\/schema\/logo\/image\/"},"sameAs":["https:\/\/www.facebook.com\/elektronika.morska\/","https:\/\/www.linkedin.com\/company\/escort-sp-z-o-o-\/"]}]}},"_links":{"self":[{"href":"https:\/\/escort-technology.com\/pl\/wp-json\/wp\/v2\/pages\/8816","targetHints":{"allow":["GET"]}}],"collection":[{"href":"https:\/\/escort-technology.com\/pl\/wp-json\/wp\/v2\/pages"}],"about":[{"href":"https:\/\/escort-technology.com\/pl\/wp-json\/wp\/v2\/types\/page"}],"author":[{"embeddable":true,"href":"https:\/\/escort-technology.com\/pl\/wp-json\/wp\/v2\/users\/10"}],"replies":[{"embeddable":true,"href":"https:\/\/escort-technology.com\/pl\/wp-json\/wp\/v2\/comments?post=8816"}],"version-history":[{"count":3,"href":"https:\/\/escort-technology.com\/pl\/wp-json\/wp\/v2\/pages\/8816\/revisions"}],"predecessor-version":[{"id":8822,"href":"https:\/\/escort-technology.com\/pl\/wp-json\/wp\/v2\/pages\/8816\/revisions\/8822"}],"wp:attachment":[{"href":"https:\/\/escort-technology.com\/pl\/wp-json\/wp\/v2\/media?parent=8816"}],"curies":[{"name":"wp","href":"https:\/\/api.w.org\/{rel}","templated":true}]}}