{"id":8920,"date":"2021-04-28T12:24:58","date_gmt":"2021-04-28T10:24:58","guid":{"rendered":"https:\/\/escort-technology.com\/?page_id=8920"},"modified":"2021-04-29T13:16:16","modified_gmt":"2021-04-29T11:16:16","slug":"echosondy-nawigacyjne-skipper","status":"publish","type":"page","link":"https:\/\/escort-technology.com\/pl\/echosondy-nawigacyjne-skipper\/","title":{"rendered":"Echosondy nawigacyjne Skipper"},"content":{"rendered":"<h1>\n<p class=\"uk-article-title\">Echosondy nawigacyjne Skipper<\/p>\n<\/h1>\n<hr>\n<p><img decoding=\"async\" src=\"\/wp-content\/uploads\/2021\/04\/ESN100-SB-web.jpg\" alt=\"\"><\/p>\n<h1>SKIPPER ESN100<\/h1>\n<p>\n    <a href=\"\/skipdoc\/data\/Product%20Brochures\/Navigational%20Echo%20Sounders\/ESN100%20Brochure.pdf\">Karta katalogowa <\/a>\n<\/p>\n<div>\n<p>Cechy:<\/p>\n<ul>\n<li>Spe\u0142nia wymagania IMO z MED-B<\/li>\n<li>Echosonda nawigacyjna<\/li>\n<li>Pojedyncza cz\u0119stotliwo\u015b\u0107 &#8211; 50 lub 200 kHz<\/li>\n<li>Kolorowy ekran dotykowy 9&#8243;<\/li>\n<li>Auto Gain<\/li>\n<li>Auto TVG<\/li>\n<li>Automatyczny zasi\u0119g<\/li>\n<li>Auto Power<\/li>\n<\/ul>\n<\/div>\n<p><img decoding=\"async\" src=\"\/wp-content\/uploads\/2021\/04\/ESN200-screen-cropped.jpg\" alt=\"\"><\/p>\n<h1>SKIPPER ESN200<\/h1>\n<p>\n    <a href=\"\/skipdoc\/data\/Product%20Brochures\/Navigational%20Echo%20Sounders\/ESN200%20bruchure%202020_12_10.pdf\">Karta katalogowa <\/a>\n<\/p>\n<div>\n<p>Cechy:<\/p>\n<ul>\n<li>Spe\u0142nia wymagania IMO MED-B<\/li>\n<li>Nawigacyjna echosonda<\/li>\n<li>Podw\u00f3jna cz\u0119stotliwo\u015b\u0107<\/li>\n<li>Kolorowy ekran dotykowy 9&#8243;<\/li>\n<li>Auto Gain<\/li>\n<li>Auto TVG<\/li>\n<li>Automatyczny zasi\u0119g<\/li>\n<li>Auto Power<\/li>\n<li>Gotowo\u015b\u0107 do INS i IBS<\/li>\n<\/ul>\n<\/div>\n<p><!--more--><br \/>\n<!-- {\"type\":\"layout\",\"children\":[{\"type\":\"section\",\"props\":{\"style\":\"default\",\"width\":\"default\",\"vertical_align\":\"middle\",\"title_position\":\"top-left\",\"title_rotation\":\"left\",\"title_breakpoint\":\"xl\",\"image_position\":\"center-center\"},\"children\":[{\"type\":\"row\",\"children\":[{\"type\":\"column\",\"props\":{\"image_position\":\"center-center\",\"media_overlay_gradient\":\"\"},\"children\":[{\"type\":\"headline\",\"props\":{\"title_element\":\"h1\",\"content\":\"\n\n<p class=\\\"uk-article-title\\\">Echosondy nawigacyjne Skipper<\\\/p>\"}},{\"type\":\"divider\",\"props\":{\"divider_element\":\"hr\"}}]}]}]},{\"type\":\"section\",\"props\":{\"style\":\"default\",\"width\":\"default\",\"vertical_align\":\"middle\",\"title_position\":\"top-left\",\"title_rotation\":\"left\",\"title_breakpoint\":\"xl\",\"image_position\":\"center-center\"},\"children\":[{\"type\":\"row\",\"props\":{\"layout\":\"1-2,1-2\"},\"children\":[{\"type\":\"column\",\"props\":{\"image_position\":\"center-center\",\"media_overlay_gradient\":\"\",\"width_medium\":\"1-2\"},\"children\":[{\"type\":\"image\",\"props\":{\"margin\":\"default\",\"image_svg_color\":\"emphasis\",\"image\":\"wp-content\\\/uploads\\\/2021\\\/04\\\/ESN100-SB-web.jpg\",\"text_align\":\"center\"}},{\"type\":\"headline\",\"props\":{\"title_element\":\"h1\",\"content\":\"SKIPPER ESN100\",\"text_align\":\"center\"}},{\"type\":\"button\",\"props\":{\"grid_column_gap\":\"small\",\"grid_row_gap\":\"small\",\"margin\":\"default\",\"text_align\":\"center\"},\"children\":[{\"type\":\"button_item\",\"props\":{\"button_style\":\"default\",\"icon_align\":\"left\",\"content\":\"Karta katalogowa \",\"link\":\"skipdoc\\\/data\\\/\\\/Product%20Brochures\\\/Navigational%20Echo%20Sounders\\\/ESN100%20Brochure.pdf\"}}]},{\"type\":\"text\",\"props\":{\"margin\":\"default\",\"column_breakpoint\":\"m\",\"content\":\"\n\n<p>Cechy:<\\\/p>\\n\n\n<ul>\\n\n\n<li>Spe\\u0142nia wymagania IMO z MED-B<\\\/li>\\n\n\n<li>Echosonda nawigacyjna<\\\/li>\\n\n\n<li>Pojedyncza cz\\u0119stotliwo\\u015b\\u0107 - 50 lub 200 kHz<\\\/li>\\n\n\n<li>Kolorowy ekran dotykowy 9\\\"<\\\/li>\\n\n\n<li>Auto Gain<\\\/li>\\n\n\n<li>Auto TVG<\\\/li>\\n\n\n<li>Automatyczny zasi\\u0119g<\\\/li>\\n\n\n<li>Auto Power<\\\/li>\\n<\\\/ul>\"}}]},{\"type\":\"column\",\"props\":{\"image_position\":\"center-center\",\"media_overlay_gradient\":\"\",\"width_medium\":\"1-2\"},\"children\":[{\"type\":\"image\",\"props\":{\"margin\":\"default\",\"image_svg_color\":\"emphasis\",\"image\":\"wp-content\\\/uploads\\\/2021\\\/04\\\/ESN200-screen-cropped.jpg\",\"text_align\":\"center\"}},{\"type\":\"headline\",\"props\":{\"title_element\":\"h1\",\"content\":\"SKIPPER ESN200\",\"text_align\":\"center\"}},{\"type\":\"button\",\"props\":{\"grid_column_gap\":\"small\",\"grid_row_gap\":\"small\",\"margin\":\"default\",\"text_align\":\"center\"},\"children\":[{\"type\":\"button_item\",\"props\":{\"button_style\":\"default\",\"icon_align\":\"left\",\"content\":\"Karta katalogowa \",\"link\":\"skipdoc\\\/data\\\/\\\/Product%20Brochures\\\/Navigational%20Echo%20Sounders\\\/ESN200%20bruchure%202020_12_10.pdf\"}}]},{\"type\":\"text\",\"props\":{\"margin\":\"default\",\"column_breakpoint\":\"m\",\"content\":\"\n\n<p>Cechy:<\\\/p>\\n\n\n<ul>\\n\n\n<li>Spe\\u0142nia wymagania IMO MED-B<\\\/li>\\n\n\n<li>Nawigacyjna echosonda<\\\/li>\\n\n\n<li>Podw\\u00f3jna cz\\u0119stotliwo\\u015b\\u0107<\\\/li>\\n\n\n<li>Kolorowy ekran dotykowy 9\\\"<\\\/li>\\n\n\n<li>Auto Gain<\\\/li>\\n\n\n<li>Auto TVG<\\\/li>\\n\n\n<li>Automatyczny zasi\\u0119g<\\\/li>\\n\n\n<li>Auto Power<\\\/li>\\n\n\n<li>Gotowo\\u015b\\u0107 do INS i IBS<\\\/li>\\n<\\\/ul>\"}}]}]}]}],\"version\":\"2.4.14\"} --><\/p>\n","protected":false},"excerpt":{"rendered":"<p>Echosondy nawigacyjne Skipper SKIPPER ESN100 Karta katalogowa Cechy: Spe\u0142nia wymagania IMO z MED-B Echosonda nawigacyjna Pojedyncza cz\u0119stotliwo\u015b\u0107 &#8211; 50 lub 200 kHz Kolorowy ekran dotykowy 9&#8243; Auto Gain Auto TVG Automatyczny zasi\u0119g Auto Power SKIPPER ESN200 Karta katalogowa Cechy: Spe\u0142nia wymagania IMO MED-B Nawigacyjna echosonda Podw\u00f3jna cz\u0119stotliwo\u015b\u0107 Kolorowy ekran dotykowy 9&#8243; Auto Gain Auto TVG [&hellip;]<\/p>\n","protected":false},"author":10,"featured_media":0,"parent":0,"menu_order":0,"comment_status":"closed","ping_status":"closed","template":"","meta":{"footnotes":""},"class_list":["post-8920","page","type-page","status-publish","hentry"],"yoast_head":"<!-- This site is optimized with the Yoast SEO plugin v27.6 - https:\/\/yoast.com\/product\/yoast-seo-wordpress\/ -->\n<title>Echosondy nawigacyjne Skipper - ESCORT TECHNOLOGY<\/title>\n<meta name=\"robots\" content=\"index, follow, max-snippet:-1, max-image-preview:large, max-video-preview:-1\" \/>\n<link rel=\"canonical\" href=\"https:\/\/escort-technology.com\/pl\/echosondy-nawigacyjne-skipper\/\" \/>\n<meta property=\"og:locale\" content=\"pl_PL\" \/>\n<meta property=\"og:type\" content=\"article\" \/>\n<meta property=\"og:title\" content=\"Echosondy nawigacyjne Skipper - ESCORT TECHNOLOGY\" \/>\n<meta property=\"og:description\" content=\"Echosondy nawigacyjne Skipper SKIPPER ESN100 Karta katalogowa Cechy: Spe\u0142nia wymagania IMO z MED-B Echosonda nawigacyjna Pojedyncza cz\u0119stotliwo\u015b\u0107 &#8211; 50 lub 200 kHz Kolorowy ekran dotykowy 9&#8243; Auto Gain Auto TVG Automatyczny zasi\u0119g Auto Power SKIPPER ESN200 Karta katalogowa Cechy: Spe\u0142nia wymagania IMO MED-B Nawigacyjna echosonda Podw\u00f3jna cz\u0119stotliwo\u015b\u0107 Kolorowy ekran dotykowy 9&#8243; Auto Gain Auto TVG [&hellip;]\" \/>\n<meta property=\"og:url\" content=\"https:\/\/escort-technology.com\/pl\/echosondy-nawigacyjne-skipper\/\" \/>\n<meta property=\"og:site_name\" content=\"ESCORT TECHNOLOGY\" \/>\n<meta property=\"article:publisher\" content=\"https:\/\/www.facebook.com\/elektronika.morska\/\" \/>\n<meta property=\"article:modified_time\" content=\"2021-04-29T11:16:16+00:00\" \/>\n<meta property=\"og:image\" content=\"https:\/\/escort-technology.com\/wp-content\/uploads\/2021\/04\/ESN100-SB-web.jpg\" \/>\n<meta name=\"twitter:card\" content=\"summary_large_image\" \/>\n<script type=\"application\/ld+json\" class=\"yoast-schema-graph\">{\"@context\":\"https:\\\/\\\/schema.org\",\"@graph\":[{\"@type\":\"WebPage\",\"@id\":\"https:\\\/\\\/escort-technology.com\\\/pl\\\/echosondy-nawigacyjne-skipper\\\/\",\"url\":\"https:\\\/\\\/escort-technology.com\\\/pl\\\/echosondy-nawigacyjne-skipper\\\/\",\"name\":\"Echosondy nawigacyjne Skipper - ESCORT TECHNOLOGY\",\"isPartOf\":{\"@id\":\"http:\\\/\\\/escort-technology.com\\\/de\\\/#website\"},\"datePublished\":\"2021-04-28T10:24:58+00:00\",\"dateModified\":\"2021-04-29T11:16:16+00:00\",\"breadcrumb\":{\"@id\":\"https:\\\/\\\/escort-technology.com\\\/pl\\\/echosondy-nawigacyjne-skipper\\\/#breadcrumb\"},\"inLanguage\":\"pl-PL\",\"potentialAction\":[{\"@type\":\"ReadAction\",\"target\":[\"https:\\\/\\\/escort-technology.com\\\/pl\\\/echosondy-nawigacyjne-skipper\\\/\"]}]},{\"@type\":\"BreadcrumbList\",\"@id\":\"https:\\\/\\\/escort-technology.com\\\/pl\\\/echosondy-nawigacyjne-skipper\\\/#breadcrumb\",\"itemListElement\":[{\"@type\":\"ListItem\",\"position\":1,\"name\":\"Strona g\u0142\u00f3wna\",\"item\":\"https:\\\/\\\/escort-technology.com\\\/\"},{\"@type\":\"ListItem\",\"position\":2,\"name\":\"Echosondy nawigacyjne Skipper\"}]},{\"@type\":\"WebSite\",\"@id\":\"http:\\\/\\\/escort-technology.com\\\/de\\\/#website\",\"url\":\"http:\\\/\\\/escort-technology.com\\\/de\\\/\",\"name\":\"ESCORT TECHNOLOGY\",\"description\":\"Elektronika morska i l\u0105dowa\",\"publisher\":{\"@id\":\"http:\\\/\\\/escort-technology.com\\\/de\\\/#organization\"},\"potentialAction\":[{\"@type\":\"SearchAction\",\"target\":{\"@type\":\"EntryPoint\",\"urlTemplate\":\"http:\\\/\\\/escort-technology.com\\\/de\\\/?s={search_term_string}\"},\"query-input\":{\"@type\":\"PropertyValueSpecification\",\"valueRequired\":true,\"valueName\":\"search_term_string\"}}],\"inLanguage\":\"pl-PL\"},{\"@type\":\"Organization\",\"@id\":\"http:\\\/\\\/escort-technology.com\\\/de\\\/#organization\",\"name\":\"ESCORT TECHNOLOGY\",\"url\":\"http:\\\/\\\/escort-technology.com\\\/de\\\/\",\"logo\":{\"@type\":\"ImageObject\",\"inLanguage\":\"pl-PL\",\"@id\":\"http:\\\/\\\/escort-technology.com\\\/de\\\/#\\\/schema\\\/logo\\\/image\\\/\",\"url\":\"https:\\\/\\\/escort-technology.com\\\/wp-content\\\/uploads\\\/logo-1.jpg\",\"contentUrl\":\"https:\\\/\\\/escort-technology.com\\\/wp-content\\\/uploads\\\/logo-1.jpg\",\"width\":600,\"height\":165,\"caption\":\"ESCORT TECHNOLOGY\"},\"image\":{\"@id\":\"http:\\\/\\\/escort-technology.com\\\/de\\\/#\\\/schema\\\/logo\\\/image\\\/\"},\"sameAs\":[\"https:\\\/\\\/www.facebook.com\\\/elektronika.morska\\\/\",\"https:\\\/\\\/www.linkedin.com\\\/company\\\/escort-sp-z-o-o-\\\/\"]}]}<\/script>\n<!-- \/ Yoast SEO plugin. -->","yoast_head_json":{"title":"Echosondy nawigacyjne Skipper - ESCORT TECHNOLOGY","robots":{"index":"index","follow":"follow","max-snippet":"max-snippet:-1","max-image-preview":"max-image-preview:large","max-video-preview":"max-video-preview:-1"},"canonical":"https:\/\/escort-technology.com\/pl\/echosondy-nawigacyjne-skipper\/","og_locale":"pl_PL","og_type":"article","og_title":"Echosondy nawigacyjne Skipper - ESCORT TECHNOLOGY","og_description":"Echosondy nawigacyjne Skipper SKIPPER ESN100 Karta katalogowa Cechy: Spe\u0142nia wymagania IMO z MED-B Echosonda nawigacyjna Pojedyncza cz\u0119stotliwo\u015b\u0107 &#8211; 50 lub 200 kHz Kolorowy ekran dotykowy 9&#8243; Auto Gain Auto TVG Automatyczny zasi\u0119g Auto Power SKIPPER ESN200 Karta katalogowa Cechy: Spe\u0142nia wymagania IMO MED-B Nawigacyjna echosonda Podw\u00f3jna cz\u0119stotliwo\u015b\u0107 Kolorowy ekran dotykowy 9&#8243; Auto Gain Auto TVG [&hellip;]","og_url":"https:\/\/escort-technology.com\/pl\/echosondy-nawigacyjne-skipper\/","og_site_name":"ESCORT TECHNOLOGY","article_publisher":"https:\/\/www.facebook.com\/elektronika.morska\/","article_modified_time":"2021-04-29T11:16:16+00:00","og_image":[{"url":"https:\/\/escort-technology.com\/wp-content\/uploads\/2021\/04\/ESN100-SB-web.jpg","type":"","width":"","height":""}],"twitter_card":"summary_large_image","schema":{"@context":"https:\/\/schema.org","@graph":[{"@type":"WebPage","@id":"https:\/\/escort-technology.com\/pl\/echosondy-nawigacyjne-skipper\/","url":"https:\/\/escort-technology.com\/pl\/echosondy-nawigacyjne-skipper\/","name":"Echosondy nawigacyjne Skipper - ESCORT TECHNOLOGY","isPartOf":{"@id":"http:\/\/escort-technology.com\/de\/#website"},"datePublished":"2021-04-28T10:24:58+00:00","dateModified":"2021-04-29T11:16:16+00:00","breadcrumb":{"@id":"https:\/\/escort-technology.com\/pl\/echosondy-nawigacyjne-skipper\/#breadcrumb"},"inLanguage":"pl-PL","potentialAction":[{"@type":"ReadAction","target":["https:\/\/escort-technology.com\/pl\/echosondy-nawigacyjne-skipper\/"]}]},{"@type":"BreadcrumbList","@id":"https:\/\/escort-technology.com\/pl\/echosondy-nawigacyjne-skipper\/#breadcrumb","itemListElement":[{"@type":"ListItem","position":1,"name":"Strona g\u0142\u00f3wna","item":"https:\/\/escort-technology.com\/"},{"@type":"ListItem","position":2,"name":"Echosondy nawigacyjne Skipper"}]},{"@type":"WebSite","@id":"http:\/\/escort-technology.com\/de\/#website","url":"http:\/\/escort-technology.com\/de\/","name":"ESCORT TECHNOLOGY","description":"Elektronika morska i l\u0105dowa","publisher":{"@id":"http:\/\/escort-technology.com\/de\/#organization"},"potentialAction":[{"@type":"SearchAction","target":{"@type":"EntryPoint","urlTemplate":"http:\/\/escort-technology.com\/de\/?s={search_term_string}"},"query-input":{"@type":"PropertyValueSpecification","valueRequired":true,"valueName":"search_term_string"}}],"inLanguage":"pl-PL"},{"@type":"Organization","@id":"http:\/\/escort-technology.com\/de\/#organization","name":"ESCORT TECHNOLOGY","url":"http:\/\/escort-technology.com\/de\/","logo":{"@type":"ImageObject","inLanguage":"pl-PL","@id":"http:\/\/escort-technology.com\/de\/#\/schema\/logo\/image\/","url":"https:\/\/escort-technology.com\/wp-content\/uploads\/logo-1.jpg","contentUrl":"https:\/\/escort-technology.com\/wp-content\/uploads\/logo-1.jpg","width":600,"height":165,"caption":"ESCORT TECHNOLOGY"},"image":{"@id":"http:\/\/escort-technology.com\/de\/#\/schema\/logo\/image\/"},"sameAs":["https:\/\/www.facebook.com\/elektronika.morska\/","https:\/\/www.linkedin.com\/company\/escort-sp-z-o-o-\/"]}]}},"_links":{"self":[{"href":"https:\/\/escort-technology.com\/pl\/wp-json\/wp\/v2\/pages\/8920","targetHints":{"allow":["GET"]}}],"collection":[{"href":"https:\/\/escort-technology.com\/pl\/wp-json\/wp\/v2\/pages"}],"about":[{"href":"https:\/\/escort-technology.com\/pl\/wp-json\/wp\/v2\/types\/page"}],"author":[{"embeddable":true,"href":"https:\/\/escort-technology.com\/pl\/wp-json\/wp\/v2\/users\/10"}],"replies":[{"embeddable":true,"href":"https:\/\/escort-technology.com\/pl\/wp-json\/wp\/v2\/comments?post=8920"}],"version-history":[{"count":7,"href":"https:\/\/escort-technology.com\/pl\/wp-json\/wp\/v2\/pages\/8920\/revisions"}],"predecessor-version":[{"id":9019,"href":"https:\/\/escort-technology.com\/pl\/wp-json\/wp\/v2\/pages\/8920\/revisions\/9019"}],"wp:attachment":[{"href":"https:\/\/escort-technology.com\/pl\/wp-json\/wp\/v2\/media?parent=8920"}],"curies":[{"name":"wp","href":"https:\/\/api.w.org\/{rel}","templated":true}]}}