{"id":8943,"date":"2021-04-28T14:40:05","date_gmt":"2021-04-28T12:40:05","guid":{"rendered":"https:\/\/escort-technology.com\/?page_id=8943"},"modified":"2021-04-29T10:56:31","modified_gmt":"2021-04-29T08:56:31","slug":"logi-marki-skipper","status":"publish","type":"page","link":"https:\/\/escort-technology.com\/pl\/logi-marki-skipper\/","title":{"rendered":"Logi marki Skipper"},"content":{"rendered":"<h1>\n<h1 class=\"uk-article-title\">Logi marki Skipper<\/h1>\n<\/h1>\n<hr>\n<p><a href=\"https:\/\/escort-technology.com\/?page_id=8959&#038;preview=true\"><img decoding=\"async\" src=\"\/wp-content\/uploads\/2021\/04\/SATLOG1000-cropped.gif\" alt=\"\"><\/a><\/p>\n<h1><a href=\"https:\/\/escort-technology.com\/?page_id=8959&#038;preview=true\"><\/p>\n<h3 style=\"text-align: center;\">SKIPPER SD21 Pr\u0119dko\u015b\u0107 nad ziemi\u0105 (SOG) Rejestr pr\u0119dko\u015bci z wbudowanym czujnikiem STW<\/h3>\n<p><\/a><\/h1>\n<p><a href=\"https:\/\/escort-technology.com\/?page_id=8965&#038;preview=true\"><img decoding=\"async\" src=\"\/wp-content\/uploads\/2021\/04\/DL1-display-for-web-1.jpg\" alt=\"\"><\/a><\/p>\n<h1><a href=\"https:\/\/escort-technology.com\/?page_id=8965&#038;preview=true\"><\/p>\n<h3 itemprop=\"name\" style=\"text-align: center;\">Log SKIPPER DL1 Multi<\/h3>\n<p><\/a><\/h1>\n<p><a href=\"https:\/\/escort-technology.com\/?page_id=8972&#038;preview=true\"><img decoding=\"async\" src=\"\/wp-content\/uploads\/2021\/04\/SATLOG1000-cropped.gif\" alt=\"\"><\/a><\/p>\n<h1><a href=\"https:\/\/escort-technology.com\/?page_id=8972&#038;preview=true\"><\/p>\n<h3 itemprop=\"name\" style=\"text-align: center;\">Log SKIPPER SATLOG SL1200<\/h3>\n<p><\/a><\/h1>\n<p><a href=\"https:\/\/escort-technology.com\/log-skipper-dl1\/\"><img decoding=\"async\" src=\"\/wp-content\/uploads\/2021\/04\/thumb_SKIPPER-CD401E2-SA.jpg\" alt=\"\"><\/a><\/p>\n<h1><a href=\"https:\/\/escort-technology.com\/log-skipper-dl1\/\"><\/p>\n<h3 itemprop=\"name\" style=\"text-align: center;\">Log SKIPPER DL1<\/h3>\n<p><\/a><\/h1>\n<p><a href=\"https:\/\/escort-technology.com\/?page_id=8991&#038;preview=true\"><img decoding=\"async\" src=\"\/wp-content\/uploads\/2021\/04\/RUNC-DL21.jpg\" alt=\"\"><\/a><\/p>\n<h1><a href=\"https:\/\/escort-technology.com\/?page_id=8991&#038;preview=true\"><\/p>\n<h3 itemprop=\"name\" style=\"text-align: center;\">Log SKIPPER DL21<\/h3>\n<p><\/a><\/h1>\n<p><a href=\"https:\/\/escort-technology.com\/?page_id=8997&#038;preview=true\"><img decoding=\"async\" src=\"\/wp-content\/uploads\/2021\/04\/DL1-display-for-web-1.jpg\" alt=\"\"><\/a><\/p>\n<h1><a href=\"https:\/\/escort-technology.com\/?page_id=8997&#038;preview=true\"><\/p>\n<h3 itemprop=\"name\" style=\"text-align: center;\">Log SKIPPER EML224 COMPACT<\/h3>\n<p><\/a><\/h1>\n<p><a href=\"https:\/\/escort-technology.com\/?page_id=9005&#038;preview=true\"><img decoding=\"async\" src=\"\/wp-content\/uploads\/2021\/04\/RUNC-DL21.jpg\" alt=\"\"><\/a><\/p>\n<h1><a href=\"https:\/\/escort-technology.com\/?page_id=9005&#038;preview=true\"><\/p>\n<h3 itemprop=\"name\" style=\"text-align: center;\">Log SKIPPER DL2<\/h3>\n<p><\/a><\/h1>\n<p><a href=\"https:\/\/escort-technology.com\/log-skipper-eml224-graphic\/\"><img decoding=\"async\" src=\"\/wp-content\/uploads\/2021\/04\/thumb_SKIPPER-EML224N-SA.jpg\" alt=\"\"><\/a><\/p>\n<h1><a href=\"https:\/\/escort-technology.com\/log-skipper-eml224-graphic\/\"><\/p>\n<h3 itemprop=\"name\" style=\"text-align: center;\">Log SKIPPER EML224 Graphic<\/h3>\n<p><\/a><\/h1>\n<p><!--more--><br \/>\n<!-- {\"type\":\"layout\",\"children\":[{\"type\":\"section\",\"props\":{\"style\":\"default\",\"width\":\"default\",\"vertical_align\":\"middle\",\"title_position\":\"top-left\",\"title_rotation\":\"left\",\"title_breakpoint\":\"xl\",\"image_position\":\"center-center\"},\"children\":[{\"type\":\"row\",\"children\":[{\"type\":\"column\",\"props\":{\"image_position\":\"center-center\",\"media_overlay_gradient\":\"\"},\"children\":[{\"type\":\"headline\",\"props\":{\"title_element\":\"h1\",\"content\":\"\n\n<h1 class=\\\"uk-article-title\\\">Logi marki Skipper<\\\/h1>\"}},{\"type\":\"divider\",\"props\":{\"divider_element\":\"hr\"}}]}]}]},{\"type\":\"section\",\"props\":{\"style\":\"default\",\"width\":\"default\",\"vertical_align\":\"middle\",\"title_position\":\"top-left\",\"title_rotation\":\"left\",\"title_breakpoint\":\"xl\",\"image_position\":\"center-center\"},\"children\":[{\"type\":\"row\",\"props\":{\"layout\":\"1-2,1-2\"},\"children\":[{\"type\":\"column\",\"props\":{\"image_position\":\"center-center\",\"media_overlay_gradient\":\"\",\"width_medium\":\"1-2\"},\"children\":[{\"type\":\"image\",\"props\":{\"margin\":\"default\",\"image_svg_color\":\"emphasis\",\"image\":\"wp-content\\\/uploads\\\/2021\\\/04\\\/SATLOG1000-cropped.gif\",\"link\":\"https:\\\/\\\/escort-technology.com\\\/?page_id=8959&preview=true\"}},{\"type\":\"headline\",\"props\":{\"title_element\":\"h1\",\"content\":\"\n\n<h3 style=\\\"text-align: center;\\\">SKIPPER SD21 Pr\\u0119dko\\u015b\\u0107 nad ziemi\\u0105 (SOG) Rejestr pr\\u0119dko\\u015bci z wbudowanym czujnikiem STW<\\\/h3>\",\"link\":\"https:\\\/\\\/escort-technology.com\\\/?page_id=8959&preview=true\"}}]},{\"type\":\"column\",\"props\":{\"image_position\":\"center-center\",\"media_overlay_gradient\":\"\",\"width_medium\":\"1-2\"},\"children\":[{\"type\":\"image\",\"props\":{\"margin\":\"default\",\"image_svg_color\":\"emphasis\",\"image\":\"wp-content\\\/uploads\\\/2021\\\/04\\\/DL1-display-for-web-1.jpg\",\"text_align\":\"center\",\"link\":\"https:\\\/\\\/escort-technology.com\\\/?page_id=8965&preview=true\"}},{\"type\":\"headline\",\"props\":{\"title_element\":\"h1\",\"content\":\"\n\n<h3 itemprop=\\\"name\\\" style=\\\"text-align: center;\\\">Log SKIPPER DL1 Multi<\\\/h3>\",\"link\":\"https:\\\/\\\/escort-technology.com\\\/?page_id=8965&preview=true\"}}]}]}]},{\"type\":\"section\",\"props\":{\"style\":\"default\",\"width\":\"default\",\"vertical_align\":\"middle\",\"title_position\":\"top-left\",\"title_rotation\":\"left\",\"title_breakpoint\":\"xl\",\"image_position\":\"center-center\"},\"children\":[{\"type\":\"row\",\"props\":{\"layout\":\"1-2,1-2\"},\"children\":[{\"type\":\"column\",\"props\":{\"image_position\":\"center-center\",\"media_overlay_gradient\":\"\",\"width_medium\":\"1-2\"},\"children\":[{\"type\":\"image\",\"props\":{\"margin\":\"default\",\"image_svg_color\":\"emphasis\",\"image\":\"wp-content\\\/uploads\\\/2021\\\/04\\\/SATLOG1000-cropped.gif\",\"link\":\"https:\\\/\\\/escort-technology.com\\\/?page_id=8972&preview=true\"}},{\"type\":\"headline\",\"props\":{\"title_element\":\"h1\",\"content\":\"\n\n<h3 itemprop=\\\"name\\\" style=\\\"text-align: center;\\\">Log SKIPPER SATLOG SL1200<\\\/h3>\",\"text_align\":\"center\",\"link\":\"https:\\\/\\\/escort-technology.com\\\/?page_id=8972&preview=true\"}}]},{\"type\":\"column\",\"props\":{\"image_position\":\"center-center\",\"media_overlay_gradient\":\"\",\"width_medium\":\"1-2\"},\"children\":[{\"type\":\"image\",\"props\":{\"margin\":\"default\",\"image_svg_color\":\"emphasis\",\"image\":\"wp-content\\\/uploads\\\/2021\\\/04\\\/thumb_SKIPPER-CD401E2-SA.jpg\",\"text_align\":\"center\",\"link\":\"https:\\\/\\\/escort-technology.com\\\/log-skipper-dl1\\\/\"}},{\"type\":\"headline\",\"props\":{\"title_element\":\"h1\",\"content\":\"\n\n<h3 itemprop=\\\"name\\\" style=\\\"text-align: center;\\\">Log SKIPPER DL1<\\\/h3>\",\"link\":\"https:\\\/\\\/escort-technology.com\\\/log-skipper-dl1\\\/\"}}]}]}]},{\"type\":\"section\",\"props\":{\"style\":\"default\",\"width\":\"default\",\"vertical_align\":\"middle\",\"title_position\":\"top-left\",\"title_rotation\":\"left\",\"title_breakpoint\":\"xl\",\"image_position\":\"center-center\"},\"children\":[{\"type\":\"row\",\"props\":{\"layout\":\"1-2,1-2\"},\"children\":[{\"type\":\"column\",\"props\":{\"image_position\":\"center-center\",\"media_overlay_gradient\":\"\",\"width_medium\":\"1-2\"},\"children\":[{\"type\":\"image\",\"props\":{\"margin\":\"default\",\"image_svg_color\":\"emphasis\",\"image\":\"wp-content\\\/uploads\\\/2021\\\/04\\\/RUNC-DL21.jpg\",\"image_height\":\"250\",\"link\":\"https:\\\/\\\/escort-technology.com\\\/?page_id=8991&preview=true\"}},{\"type\":\"headline\",\"props\":{\"title_element\":\"h1\",\"content\":\"\n\n<h3 itemprop=\\\"name\\\" style=\\\"text-align: center;\\\">Log SKIPPER DL21<\\\/h3>\",\"link\":\"https:\\\/\\\/escort-technology.com\\\/?page_id=8991&preview=true\"}}]},{\"type\":\"column\",\"props\":{\"image_position\":\"center-center\",\"media_overlay_gradient\":\"\",\"width_medium\":\"1-2\"},\"children\":[{\"type\":\"image\",\"props\":{\"margin\":\"default\",\"image_svg_color\":\"emphasis\",\"image\":\"wp-content\\\/uploads\\\/2021\\\/04\\\/DL1-display-for-web-1.jpg\",\"text_align\":\"center\",\"link\":\"https:\\\/\\\/escort-technology.com\\\/?page_id=8997&preview=true\"}},{\"type\":\"headline\",\"props\":{\"title_element\":\"h1\",\"content\":\"\n\n<h3 itemprop=\\\"name\\\" style=\\\"text-align: center;\\\">Log SKIPPER EML224 COMPACT<\\\/h3>\",\"text_align\":\"center\",\"link\":\"https:\\\/\\\/escort-technology.com\\\/?page_id=8997&preview=true\"}}]}]}]},{\"type\":\"section\",\"props\":{\"style\":\"default\",\"width\":\"default\",\"vertical_align\":\"middle\",\"title_position\":\"top-left\",\"title_rotation\":\"left\",\"title_breakpoint\":\"xl\",\"image_position\":\"center-center\"},\"children\":[{\"type\":\"row\",\"props\":{\"layout\":\"1-2,1-2\"},\"children\":[{\"type\":\"column\",\"props\":{\"image_position\":\"center-center\",\"media_overlay_gradient\":\"\",\"width_medium\":\"1-2\"},\"children\":[{\"type\":\"image\",\"props\":{\"margin\":\"default\",\"image_svg_color\":\"emphasis\",\"image\":\"wp-content\\\/uploads\\\/2021\\\/04\\\/RUNC-DL21.jpg\",\"image_width\":\"410\",\"link\":\"https:\\\/\\\/escort-technology.com\\\/?page_id=9005&preview=true\"}},{\"type\":\"headline\",\"props\":{\"title_element\":\"h1\",\"content\":\"\n\n<h3 itemprop=\\\"name\\\" style=\\\"text-align: center;\\\">Log SKIPPER DL2<\\\/h3>\",\"link\":\"https:\\\/\\\/escort-technology.com\\\/?page_id=9005&preview=true\"}}]},{\"type\":\"column\",\"props\":{\"image_position\":\"center-center\",\"media_overlay_gradient\":\"\",\"width_medium\":\"1-2\"},\"children\":[{\"type\":\"image\",\"props\":{\"margin\":\"default\",\"image_svg_color\":\"emphasis\",\"image\":\"wp-content\\\/uploads\\\/2021\\\/04\\\/thumb_SKIPPER-EML224N-SA.jpg\",\"text_align\":\"center\",\"link\":\"https:\\\/\\\/escort-technology.com\\\/log-skipper-eml224-graphic\\\/\"}},{\"type\":\"headline\",\"props\":{\"title_element\":\"h1\",\"content\":\"\n\n<h3 itemprop=\\\"name\\\" style=\\\"text-align: center;\\\">Log SKIPPER EML224 Graphic<\\\/h3>\",\"link\":\"https:\\\/\\\/escort-technology.com\\\/log-skipper-eml224-graphic\\\/\"}}]}]}]}],\"version\":\"2.4.14\"} --><\/p>\n","protected":false},"excerpt":{"rendered":"<p>Logi marki Skipper SKIPPER SD21 Pr\u0119dko\u015b\u0107 nad ziemi\u0105 (SOG) Rejestr pr\u0119dko\u015bci z wbudowanym czujnikiem STW Log SKIPPER DL1 Multi Log SKIPPER SATLOG SL1200 Log SKIPPER DL1 Log SKIPPER DL21 Log SKIPPER EML224 COMPACT Log SKIPPER DL2 Log SKIPPER EML224 Graphic<\/p>\n","protected":false},"author":10,"featured_media":0,"parent":0,"menu_order":0,"comment_status":"closed","ping_status":"closed","template":"","meta":{"footnotes":""},"class_list":["post-8943","page","type-page","status-publish","hentry"],"yoast_head":"<!-- This site is optimized with the Yoast SEO plugin v27.5 - https:\/\/yoast.com\/product\/yoast-seo-wordpress\/ -->\n<title>Logi marki Skipper - ESCORT TECHNOLOGY<\/title>\n<meta name=\"robots\" content=\"index, follow, max-snippet:-1, max-image-preview:large, max-video-preview:-1\" \/>\n<link rel=\"canonical\" href=\"https:\/\/escort-technology.com\/pl\/logi-marki-skipper\/\" \/>\n<meta property=\"og:locale\" content=\"pl_PL\" \/>\n<meta property=\"og:type\" content=\"article\" \/>\n<meta property=\"og:title\" content=\"Logi marki Skipper - ESCORT TECHNOLOGY\" \/>\n<meta property=\"og:description\" content=\"Logi marki Skipper SKIPPER SD21 Pr\u0119dko\u015b\u0107 nad ziemi\u0105 (SOG) Rejestr pr\u0119dko\u015bci z wbudowanym czujnikiem STW Log SKIPPER DL1 Multi Log SKIPPER SATLOG SL1200 Log SKIPPER DL1 Log SKIPPER DL21 Log SKIPPER EML224 COMPACT Log SKIPPER DL2 Log SKIPPER EML224 Graphic\" \/>\n<meta property=\"og:url\" content=\"https:\/\/escort-technology.com\/pl\/logi-marki-skipper\/\" \/>\n<meta property=\"og:site_name\" content=\"ESCORT TECHNOLOGY\" \/>\n<meta property=\"article:publisher\" content=\"https:\/\/www.facebook.com\/elektronika.morska\/\" \/>\n<meta property=\"article:modified_time\" content=\"2021-04-29T08:56:31+00:00\" \/>\n<meta property=\"og:image\" content=\"https:\/\/escort-technology.com\/wp-content\/uploads\/2021\/04\/SATLOG1000-cropped.gif\" \/>\n<meta name=\"twitter:card\" content=\"summary_large_image\" \/>\n<script type=\"application\/ld+json\" class=\"yoast-schema-graph\">{\"@context\":\"https:\\\/\\\/schema.org\",\"@graph\":[{\"@type\":\"WebPage\",\"@id\":\"https:\\\/\\\/escort-technology.com\\\/pl\\\/logi-marki-skipper\\\/\",\"url\":\"https:\\\/\\\/escort-technology.com\\\/pl\\\/logi-marki-skipper\\\/\",\"name\":\"Logi marki Skipper - ESCORT TECHNOLOGY\",\"isPartOf\":{\"@id\":\"http:\\\/\\\/escort-technology.com\\\/de\\\/#website\"},\"datePublished\":\"2021-04-28T12:40:05+00:00\",\"dateModified\":\"2021-04-29T08:56:31+00:00\",\"breadcrumb\":{\"@id\":\"https:\\\/\\\/escort-technology.com\\\/pl\\\/logi-marki-skipper\\\/#breadcrumb\"},\"inLanguage\":\"pl-PL\",\"potentialAction\":[{\"@type\":\"ReadAction\",\"target\":[\"https:\\\/\\\/escort-technology.com\\\/pl\\\/logi-marki-skipper\\\/\"]}]},{\"@type\":\"BreadcrumbList\",\"@id\":\"https:\\\/\\\/escort-technology.com\\\/pl\\\/logi-marki-skipper\\\/#breadcrumb\",\"itemListElement\":[{\"@type\":\"ListItem\",\"position\":1,\"name\":\"Strona g\u0142\u00f3wna\",\"item\":\"https:\\\/\\\/escort-technology.com\\\/\"},{\"@type\":\"ListItem\",\"position\":2,\"name\":\"Logi marki Skipper\"}]},{\"@type\":\"WebSite\",\"@id\":\"http:\\\/\\\/escort-technology.com\\\/de\\\/#website\",\"url\":\"http:\\\/\\\/escort-technology.com\\\/de\\\/\",\"name\":\"ESCORT TECHNOLOGY\",\"description\":\"Elektronika morska i l\u0105dowa\",\"publisher\":{\"@id\":\"http:\\\/\\\/escort-technology.com\\\/de\\\/#organization\"},\"potentialAction\":[{\"@type\":\"SearchAction\",\"target\":{\"@type\":\"EntryPoint\",\"urlTemplate\":\"http:\\\/\\\/escort-technology.com\\\/de\\\/?s={search_term_string}\"},\"query-input\":{\"@type\":\"PropertyValueSpecification\",\"valueRequired\":true,\"valueName\":\"search_term_string\"}}],\"inLanguage\":\"pl-PL\"},{\"@type\":\"Organization\",\"@id\":\"http:\\\/\\\/escort-technology.com\\\/de\\\/#organization\",\"name\":\"ESCORT TECHNOLOGY\",\"url\":\"http:\\\/\\\/escort-technology.com\\\/de\\\/\",\"logo\":{\"@type\":\"ImageObject\",\"inLanguage\":\"pl-PL\",\"@id\":\"http:\\\/\\\/escort-technology.com\\\/de\\\/#\\\/schema\\\/logo\\\/image\\\/\",\"url\":\"https:\\\/\\\/escort-technology.com\\\/wp-content\\\/uploads\\\/logo-1.jpg\",\"contentUrl\":\"https:\\\/\\\/escort-technology.com\\\/wp-content\\\/uploads\\\/logo-1.jpg\",\"width\":600,\"height\":165,\"caption\":\"ESCORT TECHNOLOGY\"},\"image\":{\"@id\":\"http:\\\/\\\/escort-technology.com\\\/de\\\/#\\\/schema\\\/logo\\\/image\\\/\"},\"sameAs\":[\"https:\\\/\\\/www.facebook.com\\\/elektronika.morska\\\/\",\"https:\\\/\\\/www.linkedin.com\\\/company\\\/escort-sp-z-o-o-\\\/\"]}]}<\/script>\n<!-- \/ Yoast SEO plugin. -->","yoast_head_json":{"title":"Logi marki Skipper - ESCORT TECHNOLOGY","robots":{"index":"index","follow":"follow","max-snippet":"max-snippet:-1","max-image-preview":"max-image-preview:large","max-video-preview":"max-video-preview:-1"},"canonical":"https:\/\/escort-technology.com\/pl\/logi-marki-skipper\/","og_locale":"pl_PL","og_type":"article","og_title":"Logi marki Skipper - ESCORT TECHNOLOGY","og_description":"Logi marki Skipper SKIPPER SD21 Pr\u0119dko\u015b\u0107 nad ziemi\u0105 (SOG) Rejestr pr\u0119dko\u015bci z wbudowanym czujnikiem STW Log SKIPPER DL1 Multi Log SKIPPER SATLOG SL1200 Log SKIPPER DL1 Log SKIPPER DL21 Log SKIPPER EML224 COMPACT Log SKIPPER DL2 Log SKIPPER EML224 Graphic","og_url":"https:\/\/escort-technology.com\/pl\/logi-marki-skipper\/","og_site_name":"ESCORT TECHNOLOGY","article_publisher":"https:\/\/www.facebook.com\/elektronika.morska\/","article_modified_time":"2021-04-29T08:56:31+00:00","og_image":[{"url":"https:\/\/escort-technology.com\/wp-content\/uploads\/2021\/04\/SATLOG1000-cropped.gif","type":"","width":"","height":""}],"twitter_card":"summary_large_image","schema":{"@context":"https:\/\/schema.org","@graph":[{"@type":"WebPage","@id":"https:\/\/escort-technology.com\/pl\/logi-marki-skipper\/","url":"https:\/\/escort-technology.com\/pl\/logi-marki-skipper\/","name":"Logi marki Skipper - ESCORT TECHNOLOGY","isPartOf":{"@id":"http:\/\/escort-technology.com\/de\/#website"},"datePublished":"2021-04-28T12:40:05+00:00","dateModified":"2021-04-29T08:56:31+00:00","breadcrumb":{"@id":"https:\/\/escort-technology.com\/pl\/logi-marki-skipper\/#breadcrumb"},"inLanguage":"pl-PL","potentialAction":[{"@type":"ReadAction","target":["https:\/\/escort-technology.com\/pl\/logi-marki-skipper\/"]}]},{"@type":"BreadcrumbList","@id":"https:\/\/escort-technology.com\/pl\/logi-marki-skipper\/#breadcrumb","itemListElement":[{"@type":"ListItem","position":1,"name":"Strona g\u0142\u00f3wna","item":"https:\/\/escort-technology.com\/"},{"@type":"ListItem","position":2,"name":"Logi marki Skipper"}]},{"@type":"WebSite","@id":"http:\/\/escort-technology.com\/de\/#website","url":"http:\/\/escort-technology.com\/de\/","name":"ESCORT TECHNOLOGY","description":"Elektronika morska i l\u0105dowa","publisher":{"@id":"http:\/\/escort-technology.com\/de\/#organization"},"potentialAction":[{"@type":"SearchAction","target":{"@type":"EntryPoint","urlTemplate":"http:\/\/escort-technology.com\/de\/?s={search_term_string}"},"query-input":{"@type":"PropertyValueSpecification","valueRequired":true,"valueName":"search_term_string"}}],"inLanguage":"pl-PL"},{"@type":"Organization","@id":"http:\/\/escort-technology.com\/de\/#organization","name":"ESCORT TECHNOLOGY","url":"http:\/\/escort-technology.com\/de\/","logo":{"@type":"ImageObject","inLanguage":"pl-PL","@id":"http:\/\/escort-technology.com\/de\/#\/schema\/logo\/image\/","url":"https:\/\/escort-technology.com\/wp-content\/uploads\/logo-1.jpg","contentUrl":"https:\/\/escort-technology.com\/wp-content\/uploads\/logo-1.jpg","width":600,"height":165,"caption":"ESCORT TECHNOLOGY"},"image":{"@id":"http:\/\/escort-technology.com\/de\/#\/schema\/logo\/image\/"},"sameAs":["https:\/\/www.facebook.com\/elektronika.morska\/","https:\/\/www.linkedin.com\/company\/escort-sp-z-o-o-\/"]}]}},"_links":{"self":[{"href":"https:\/\/escort-technology.com\/pl\/wp-json\/wp\/v2\/pages\/8943","targetHints":{"allow":["GET"]}}],"collection":[{"href":"https:\/\/escort-technology.com\/pl\/wp-json\/wp\/v2\/pages"}],"about":[{"href":"https:\/\/escort-technology.com\/pl\/wp-json\/wp\/v2\/types\/page"}],"author":[{"embeddable":true,"href":"https:\/\/escort-technology.com\/pl\/wp-json\/wp\/v2\/users\/10"}],"replies":[{"embeddable":true,"href":"https:\/\/escort-technology.com\/pl\/wp-json\/wp\/v2\/comments?post=8943"}],"version-history":[{"count":17,"href":"https:\/\/escort-technology.com\/pl\/wp-json\/wp\/v2\/pages\/8943\/revisions"}],"predecessor-version":[{"id":9015,"href":"https:\/\/escort-technology.com\/pl\/wp-json\/wp\/v2\/pages\/8943\/revisions\/9015"}],"wp:attachment":[{"href":"https:\/\/escort-technology.com\/pl\/wp-json\/wp\/v2\/media?parent=8943"}],"curies":[{"name":"wp","href":"https:\/\/api.w.org\/{rel}","templated":true}]}}