{"id":8959,"date":"2021-04-29T09:20:08","date_gmt":"2021-04-29T07:20:08","guid":{"rendered":"https:\/\/escort-technology.com\/?page_id=8959"},"modified":"2021-04-29T09:20:08","modified_gmt":"2021-04-29T07:20:08","slug":"log-skipper-sd21-sog","status":"publish","type":"page","link":"https:\/\/escort-technology.com\/pl\/log-skipper-sd21-sog\/","title":{"rendered":"Log SKIPPER SD21 (SOG)"},"content":{"rendered":"<h1>\n<p class=\"uk-article-title\">Log SKIPPER SD21 (SOG)<\/p>\n<\/h1>\n<hr>\n<p><img decoding=\"async\" src=\"\/wp-content\/uploads\/2021\/04\/SD21-screen.gif\" alt=\"\"><\/p>\n<div>\n<ul>\n<li><strong>Spe\u0142nia wymagania IMO, MED-B<\/strong><\/li>\n<li><strong>Pr\u0119dko\u015b\u0107 nad dnem (SOG) w trzech osiach (tryb dokowania)<\/strong><\/li>\n<li><strong>Pr\u0119dko\u015b\u0107 dopplerowska po wodzie (STW) w jednej osi<\/strong><\/li>\n<li><strong>Odczyt temperatury morskiej z czujnika<\/strong><\/li>\n<li><strong>Wyj\u015bcie NMEA 0183<\/strong><\/li>\n<li><strong>Wyj\u015bcie LAN<\/strong><\/li>\n<li><strong>GPS, Glonas (SOG) i log pr\u0119dko\u015bci dopplerowskiej (STW)<\/strong><\/li>\n<\/ul>\n<\/div>\n<p>\n    <a href=\"http:\/\/www.skipper-service.no\/skipdoc\/data\/\/\/\/Product%20Brochures\/\/Navigational%20Speed%20Logs\/SD21%20brochure.pdf\">Broszura <\/a>\n<\/p>\n<div>\n<p>Specyfikacja logu:<\/p>\n<ul>\n<li>Ilo\u015b\u0107 osi: 3+1<\/li>\n<li>Zakres pr\u0119dko\u015bci\u00a0 wzd\u0142u\u017cnej +\/- 99,9 W\u0119z\u0142\u00f3w z Satlog, +\/- W\u0119z\u0142\u00f3w z doppler logu<\/li>\n<li>Zakres pr\u0119dko\u015bci poprzecznej +\/-50 W\u0119z\u0142\u00f3w z Satlog<\/li>\n<li>Zasilanie: AC-115-230V 50\/60Hz, DC-20-32V<\/li>\n<li>Pob\u00f3r pr\u0105du: Ekran 5W, jednostka 10W<\/li>\n<li>Wodoszczelno\u015b\u0107: antena-IP66,<\/li>\n<li>Wyj\u015bcia danych: 4x NMEA0183, 2x LAN<\/li>\n<li>Wej\u015bcia danych 2xNMEA0183, 2x LAN<\/li>\n<\/ul>\n<\/div>\n<p><!--more--><br \/>\n<!-- {\"type\":\"layout\",\"children\":[{\"type\":\"section\",\"props\":{\"style\":\"default\",\"width\":\"default\",\"vertical_align\":\"middle\",\"title_position\":\"top-left\",\"title_rotation\":\"left\",\"title_breakpoint\":\"xl\",\"image_position\":\"center-center\"},\"children\":[{\"type\":\"row\",\"children\":[{\"type\":\"column\",\"props\":{\"image_position\":\"center-center\",\"media_overlay_gradient\":\"\"},\"children\":[{\"type\":\"headline\",\"props\":{\"title_element\":\"h1\",\"content\":\"\n\n<p class=\\\"uk-article-title\\\">Log SKIPPER SD21 (SOG)<\\\/p>\"}},{\"type\":\"divider\",\"props\":{\"divider_element\":\"hr\"}}]}]}]},{\"type\":\"section\",\"props\":{\"style\":\"default\",\"width\":\"default\",\"vertical_align\":\"middle\",\"title_position\":\"top-left\",\"title_rotation\":\"left\",\"title_breakpoint\":\"xl\",\"image_position\":\"center-center\"},\"children\":[{\"type\":\"row\",\"props\":{\"layout\":\"1-2,1-2\"},\"children\":[{\"type\":\"column\",\"props\":{\"image_position\":\"center-center\",\"media_overlay_gradient\":\"\",\"width_medium\":\"1-2\"},\"children\":[{\"type\":\"image\",\"props\":{\"margin\":\"default\",\"image_svg_color\":\"emphasis\",\"image\":\"wp-content\\\/uploads\\\/2021\\\/04\\\/SD21-screen.gif\"}}]},{\"type\":\"column\",\"props\":{\"image_position\":\"center-center\",\"media_overlay_gradient\":\"\",\"width_medium\":\"1-2\"},\"children\":[{\"type\":\"text\",\"props\":{\"margin\":\"default\",\"column_breakpoint\":\"m\",\"content\":\"\n\n<ul>\\n\n\n<li><strong>Spe\\u0142nia wymagania IMO, MED-B<\\\/strong><\\\/li>\\n\n\n<li><strong>Pr\\u0119dko\\u015b\\u0107 nad dnem (SOG) w trzech osiach (tryb dokowania)<\\\/strong><\\\/li>\\n\n\n<li><strong>Pr\\u0119dko\\u015b\\u0107 dopplerowska po wodzie (STW) w jednej osi<\\\/strong><\\\/li>\\n\n\n<li><strong>Odczyt temperatury morskiej z czujnika<\\\/strong><\\\/li>\\n\n\n<li><strong>Wyj\\u015bcie NMEA 0183<\\\/strong><\\\/li>\\n\n\n<li><strong>Wyj\\u015bcie LAN<\\\/strong><\\\/li>\\n\n\n<li><strong>GPS, Glonas (SOG) i log pr\\u0119dko\\u015bci dopplerowskiej (STW)<\\\/strong><\\\/li>\\n<\\\/ul>\"}},{\"type\":\"button\",\"props\":{\"grid_column_gap\":\"small\",\"grid_row_gap\":\"small\",\"margin\":\"default\",\"text_align\":\"center\"},\"children\":[{\"type\":\"button_item\",\"props\":{\"button_style\":\"default\",\"icon_align\":\"left\",\"content\":\"Broszura \",\"link\":\"http:\\\/\\\/www.skipper-service.no\\\/skipdoc\\\/data\\\/\\\/\\\/\\\/Product%20Brochures\\\/\\\/Navigational%20Speed%20Logs\\\/SD21%20brochure.pdf\"}}]}]}]}]},{\"type\":\"section\",\"props\":{\"style\":\"default\",\"width\":\"default\",\"vertical_align\":\"middle\",\"title_position\":\"top-left\",\"title_rotation\":\"left\",\"title_breakpoint\":\"xl\",\"image_position\":\"center-center\"},\"children\":[{\"type\":\"row\",\"children\":[{\"type\":\"column\",\"props\":{\"image_position\":\"center-center\",\"media_overlay_gradient\":\"\"},\"children\":[{\"type\":\"text\",\"props\":{\"margin\":\"default\",\"column_breakpoint\":\"m\",\"content\":\"\n\n<p>Specyfikacja logu:<\\\/p>\\n\n\n<ul>\\n\n\n<li>Ilo\\u015b\\u0107 osi: 3+1<\\\/li>\\n\n\n<li>Zakres pr\\u0119dko\\u015bci\\u00a0 wzd\\u0142u\\u017cnej +\\\/- 99,9 W\\u0119z\\u0142\\u00f3w z Satlog, +\\\/- W\\u0119z\\u0142\\u00f3w z doppler logu<\\\/li>\\n\n\n<li>Zakres pr\\u0119dko\\u015bci poprzecznej +\\\/-50 W\\u0119z\\u0142\\u00f3w z Satlog<\\\/li>\\n\n\n<li>Zasilanie: AC-115-230V 50\\\/60Hz, DC-20-32V<\\\/li>\\n\n\n<li>Pob\\u00f3r pr\\u0105du: Ekran 5W, jednostka 10W<\\\/li>\\n\n\n<li>Wodoszczelno\\u015b\\u0107: antena-IP66,<\\\/li>\\n\n\n<li>Wyj\\u015bcia danych: 4x NMEA0183, 2x LAN<\\\/li>\\n\n\n<li>Wej\\u015bcia danych 2xNMEA0183, 2x LAN<\\\/li>\\n<\\\/ul>\"}}]}]}]}],\"version\":\"2.4.14\"} --><\/p>\n","protected":false},"excerpt":{"rendered":"<p>Log SKIPPER SD21 (SOG) Spe\u0142nia wymagania IMO, MED-B Pr\u0119dko\u015b\u0107 nad dnem (SOG) w trzech osiach (tryb dokowania) Pr\u0119dko\u015b\u0107 dopplerowska po wodzie (STW) w jednej osi Odczyt temperatury morskiej z czujnika Wyj\u015bcie NMEA 0183 Wyj\u015bcie LAN GPS, Glonas (SOG) i log pr\u0119dko\u015bci dopplerowskiej (STW) Broszura Specyfikacja logu: Ilo\u015b\u0107 osi: 3+1 Zakres pr\u0119dko\u015bci\u00a0 wzd\u0142u\u017cnej +\/- 99,9 W\u0119z\u0142\u00f3w [&hellip;]<\/p>\n","protected":false},"author":10,"featured_media":0,"parent":0,"menu_order":0,"comment_status":"closed","ping_status":"closed","template":"","meta":{"footnotes":""},"class_list":["post-8959","page","type-page","status-publish","hentry"],"yoast_head":"<!-- This site is optimized with the Yoast SEO plugin v27.5 - https:\/\/yoast.com\/product\/yoast-seo-wordpress\/ -->\n<title>Log SKIPPER SD21 (SOG) - ESCORT TECHNOLOGY<\/title>\n<meta name=\"robots\" content=\"index, follow, max-snippet:-1, max-image-preview:large, max-video-preview:-1\" \/>\n<link rel=\"canonical\" href=\"http:\/\/escort-technology.com\/pl\/de\/log-skipper-sd21-sog\/\" \/>\n<meta property=\"og:locale\" content=\"pl_PL\" \/>\n<meta property=\"og:type\" content=\"article\" \/>\n<meta property=\"og:title\" content=\"Log SKIPPER SD21 (SOG) - ESCORT TECHNOLOGY\" \/>\n<meta property=\"og:description\" content=\"Log SKIPPER SD21 (SOG) Spe\u0142nia wymagania IMO, MED-B Pr\u0119dko\u015b\u0107 nad dnem (SOG) w trzech osiach (tryb dokowania) Pr\u0119dko\u015b\u0107 dopplerowska po wodzie (STW) w jednej osi Odczyt temperatury morskiej z czujnika Wyj\u015bcie NMEA 0183 Wyj\u015bcie LAN GPS, Glonas (SOG) i log pr\u0119dko\u015bci dopplerowskiej (STW) Broszura Specyfikacja logu: Ilo\u015b\u0107 osi: 3+1 Zakres pr\u0119dko\u015bci\u00a0 wzd\u0142u\u017cnej +\/- 99,9 W\u0119z\u0142\u00f3w [&hellip;]\" \/>\n<meta property=\"og:url\" content=\"http:\/\/escort-technology.com\/pl\/de\/log-skipper-sd21-sog\/\" \/>\n<meta property=\"og:site_name\" content=\"ESCORT TECHNOLOGY\" \/>\n<meta property=\"article:publisher\" content=\"https:\/\/www.facebook.com\/elektronika.morska\/\" \/>\n<meta property=\"og:image\" content=\"https:\/\/escort-technology.com\/wp-content\/uploads\/2021\/04\/SD21-screen.gif\" \/>\n<meta name=\"twitter:card\" content=\"summary_large_image\" \/>\n<meta name=\"twitter:label1\" content=\"Szacowany czas czytania\" \/>\n\t<meta name=\"twitter:data1\" content=\"1 minuta\" \/>\n<script type=\"application\/ld+json\" class=\"yoast-schema-graph\">{\"@context\":\"https:\\\/\\\/schema.org\",\"@graph\":[{\"@type\":\"WebPage\",\"@id\":\"http:\\\/\\\/escort-technology.com\\\/de\\\/log-skipper-sd21-sog\\\/\",\"url\":\"http:\\\/\\\/escort-technology.com\\\/de\\\/log-skipper-sd21-sog\\\/\",\"name\":\"Log SKIPPER SD21 (SOG) - ESCORT TECHNOLOGY\",\"isPartOf\":{\"@id\":\"http:\\\/\\\/escort-technology.com\\\/de\\\/#website\"},\"datePublished\":\"2021-04-29T07:20:08+00:00\",\"breadcrumb\":{\"@id\":\"http:\\\/\\\/escort-technology.com\\\/de\\\/log-skipper-sd21-sog\\\/#breadcrumb\"},\"inLanguage\":\"pl-PL\",\"potentialAction\":[{\"@type\":\"ReadAction\",\"target\":[\"http:\\\/\\\/escort-technology.com\\\/de\\\/log-skipper-sd21-sog\\\/\"]}]},{\"@type\":\"BreadcrumbList\",\"@id\":\"http:\\\/\\\/escort-technology.com\\\/de\\\/log-skipper-sd21-sog\\\/#breadcrumb\",\"itemListElement\":[{\"@type\":\"ListItem\",\"position\":1,\"name\":\"Strona g\u0142\u00f3wna\",\"item\":\"https:\\\/\\\/escort-technology.com\\\/\"},{\"@type\":\"ListItem\",\"position\":2,\"name\":\"Log SKIPPER SD21 (SOG)\"}]},{\"@type\":\"WebSite\",\"@id\":\"http:\\\/\\\/escort-technology.com\\\/de\\\/#website\",\"url\":\"http:\\\/\\\/escort-technology.com\\\/de\\\/\",\"name\":\"ESCORT TECHNOLOGY\",\"description\":\"Elektronika morska i l\u0105dowa\",\"publisher\":{\"@id\":\"http:\\\/\\\/escort-technology.com\\\/de\\\/#organization\"},\"potentialAction\":[{\"@type\":\"SearchAction\",\"target\":{\"@type\":\"EntryPoint\",\"urlTemplate\":\"http:\\\/\\\/escort-technology.com\\\/de\\\/?s={search_term_string}\"},\"query-input\":{\"@type\":\"PropertyValueSpecification\",\"valueRequired\":true,\"valueName\":\"search_term_string\"}}],\"inLanguage\":\"pl-PL\"},{\"@type\":\"Organization\",\"@id\":\"http:\\\/\\\/escort-technology.com\\\/de\\\/#organization\",\"name\":\"ESCORT TECHNOLOGY\",\"url\":\"http:\\\/\\\/escort-technology.com\\\/de\\\/\",\"logo\":{\"@type\":\"ImageObject\",\"inLanguage\":\"pl-PL\",\"@id\":\"http:\\\/\\\/escort-technology.com\\\/de\\\/#\\\/schema\\\/logo\\\/image\\\/\",\"url\":\"https:\\\/\\\/escort-technology.com\\\/wp-content\\\/uploads\\\/logo-1.jpg\",\"contentUrl\":\"https:\\\/\\\/escort-technology.com\\\/wp-content\\\/uploads\\\/logo-1.jpg\",\"width\":600,\"height\":165,\"caption\":\"ESCORT TECHNOLOGY\"},\"image\":{\"@id\":\"http:\\\/\\\/escort-technology.com\\\/de\\\/#\\\/schema\\\/logo\\\/image\\\/\"},\"sameAs\":[\"https:\\\/\\\/www.facebook.com\\\/elektronika.morska\\\/\",\"https:\\\/\\\/www.linkedin.com\\\/company\\\/escort-sp-z-o-o-\\\/\"]}]}<\/script>\n<!-- \/ Yoast SEO plugin. -->","yoast_head_json":{"title":"Log SKIPPER SD21 (SOG) - ESCORT TECHNOLOGY","robots":{"index":"index","follow":"follow","max-snippet":"max-snippet:-1","max-image-preview":"max-image-preview:large","max-video-preview":"max-video-preview:-1"},"canonical":"http:\/\/escort-technology.com\/pl\/de\/log-skipper-sd21-sog\/","og_locale":"pl_PL","og_type":"article","og_title":"Log SKIPPER SD21 (SOG) - ESCORT TECHNOLOGY","og_description":"Log SKIPPER SD21 (SOG) Spe\u0142nia wymagania IMO, MED-B Pr\u0119dko\u015b\u0107 nad dnem (SOG) w trzech osiach (tryb dokowania) Pr\u0119dko\u015b\u0107 dopplerowska po wodzie (STW) w jednej osi Odczyt temperatury morskiej z czujnika Wyj\u015bcie NMEA 0183 Wyj\u015bcie LAN GPS, Glonas (SOG) i log pr\u0119dko\u015bci dopplerowskiej (STW) Broszura Specyfikacja logu: Ilo\u015b\u0107 osi: 3+1 Zakres pr\u0119dko\u015bci\u00a0 wzd\u0142u\u017cnej +\/- 99,9 W\u0119z\u0142\u00f3w [&hellip;]","og_url":"http:\/\/escort-technology.com\/pl\/de\/log-skipper-sd21-sog\/","og_site_name":"ESCORT TECHNOLOGY","article_publisher":"https:\/\/www.facebook.com\/elektronika.morska\/","og_image":[{"url":"https:\/\/escort-technology.com\/wp-content\/uploads\/2021\/04\/SD21-screen.gif","type":"","width":"","height":""}],"twitter_card":"summary_large_image","twitter_misc":{"Szacowany czas czytania":"1 minuta"},"schema":{"@context":"https:\/\/schema.org","@graph":[{"@type":"WebPage","@id":"http:\/\/escort-technology.com\/de\/log-skipper-sd21-sog\/","url":"http:\/\/escort-technology.com\/de\/log-skipper-sd21-sog\/","name":"Log SKIPPER SD21 (SOG) - ESCORT TECHNOLOGY","isPartOf":{"@id":"http:\/\/escort-technology.com\/de\/#website"},"datePublished":"2021-04-29T07:20:08+00:00","breadcrumb":{"@id":"http:\/\/escort-technology.com\/de\/log-skipper-sd21-sog\/#breadcrumb"},"inLanguage":"pl-PL","potentialAction":[{"@type":"ReadAction","target":["http:\/\/escort-technology.com\/de\/log-skipper-sd21-sog\/"]}]},{"@type":"BreadcrumbList","@id":"http:\/\/escort-technology.com\/de\/log-skipper-sd21-sog\/#breadcrumb","itemListElement":[{"@type":"ListItem","position":1,"name":"Strona g\u0142\u00f3wna","item":"https:\/\/escort-technology.com\/"},{"@type":"ListItem","position":2,"name":"Log SKIPPER SD21 (SOG)"}]},{"@type":"WebSite","@id":"http:\/\/escort-technology.com\/de\/#website","url":"http:\/\/escort-technology.com\/de\/","name":"ESCORT TECHNOLOGY","description":"Elektronika morska i l\u0105dowa","publisher":{"@id":"http:\/\/escort-technology.com\/de\/#organization"},"potentialAction":[{"@type":"SearchAction","target":{"@type":"EntryPoint","urlTemplate":"http:\/\/escort-technology.com\/de\/?s={search_term_string}"},"query-input":{"@type":"PropertyValueSpecification","valueRequired":true,"valueName":"search_term_string"}}],"inLanguage":"pl-PL"},{"@type":"Organization","@id":"http:\/\/escort-technology.com\/de\/#organization","name":"ESCORT TECHNOLOGY","url":"http:\/\/escort-technology.com\/de\/","logo":{"@type":"ImageObject","inLanguage":"pl-PL","@id":"http:\/\/escort-technology.com\/de\/#\/schema\/logo\/image\/","url":"https:\/\/escort-technology.com\/wp-content\/uploads\/logo-1.jpg","contentUrl":"https:\/\/escort-technology.com\/wp-content\/uploads\/logo-1.jpg","width":600,"height":165,"caption":"ESCORT TECHNOLOGY"},"image":{"@id":"http:\/\/escort-technology.com\/de\/#\/schema\/logo\/image\/"},"sameAs":["https:\/\/www.facebook.com\/elektronika.morska\/","https:\/\/www.linkedin.com\/company\/escort-sp-z-o-o-\/"]}]}},"_links":{"self":[{"href":"https:\/\/escort-technology.com\/pl\/wp-json\/wp\/v2\/pages\/8959","targetHints":{"allow":["GET"]}}],"collection":[{"href":"https:\/\/escort-technology.com\/pl\/wp-json\/wp\/v2\/pages"}],"about":[{"href":"https:\/\/escort-technology.com\/pl\/wp-json\/wp\/v2\/types\/page"}],"author":[{"embeddable":true,"href":"https:\/\/escort-technology.com\/pl\/wp-json\/wp\/v2\/users\/10"}],"replies":[{"embeddable":true,"href":"https:\/\/escort-technology.com\/pl\/wp-json\/wp\/v2\/comments?post=8959"}],"version-history":[{"count":2,"href":"https:\/\/escort-technology.com\/pl\/wp-json\/wp\/v2\/pages\/8959\/revisions"}],"predecessor-version":[{"id":8964,"href":"https:\/\/escort-technology.com\/pl\/wp-json\/wp\/v2\/pages\/8959\/revisions\/8964"}],"wp:attachment":[{"href":"https:\/\/escort-technology.com\/pl\/wp-json\/wp\/v2\/media?parent=8959"}],"curies":[{"name":"wp","href":"https:\/\/api.w.org\/{rel}","templated":true}]}}