{"id":8981,"date":"2021-04-29T09:50:33","date_gmt":"2021-04-29T07:50:33","guid":{"rendered":"https:\/\/escort-technology.com\/?page_id=8981"},"modified":"2021-04-29T09:50:33","modified_gmt":"2021-04-29T07:50:33","slug":"log-skipper-dl1","status":"publish","type":"page","link":"https:\/\/escort-technology.com\/pl\/log-skipper-dl1\/","title":{"rendered":"Log SKIPPER DL1"},"content":{"rendered":"<h1>\n<h1 itemprop=\"name\">Log SKIPPER DL1<\/h1>\n<\/h1>\n<hr>\n<p><img decoding=\"async\" src=\"\/wp-content\/uploads\/2021\/04\/DL1.png\" alt=\"\"><\/p>\n<div>\n<ul>\n<li>Spe\u0142nia wymogi IMO\u00a0 MED-B<\/li>\n<li>Dopplerowski rejestrator pr\u0119dko\u015bci wody w jednej osi (STW)<\/li>\n<li>Kompaktowy wy\u015bwietlacz 144&#215;144 mm<\/li>\n<li>Odczyt temperatury morskiej z czujnika<\/li>\n<li>NMEA 0183 i wyj\u015bcie impuls\u00f3w analogowych<\/li>\n<li>3 przyjazne dla u\u017cytkownika programowalne wy\u015bwietlacze i zintegrowane menu<\/li>\n<li>RMRS i CCS dost\u0119pne na \u017cyczenie<\/li>\n<li>W pe\u0142ni automatyczne ustawienia<\/li>\n<\/ul>\n<\/div>\n<p>\n    <a href=\"http:\/\/www.skipper-service.no\/skipdoc\/data\/\/\/\/Product%20Brochures\/\/Navigational%20Speed%20Logs\/DL1_Brochure_2019-11-12.pdf\">Broszura <\/a>\n<\/p>\n<div>\n<p>SKIPPER DL1 jest jednoosiowym logiem pr\u0119dko\u015bci, pracuj\u0105cym na zasadzie dopplerowskiej, podaj\u0105cym pr\u0119dko\u015b\u0107 wzd\u0142u\u017cn\u0105 statku (STW) i odleg\u0142o\u015b\u0107 wzgl\u0119dem wody morskiej. SKIPPER DL1 podaje dok\u0142adne parametry nawigacyjne, mierzone na bie\u017c\u0105co i prezentowane w logiczny, przyjazny dla u\u017cytkownika spos\u00f3b.<\/p>\n<\/div>\n<div>\n<p>Cechy:<\/p>\n<ul>\n<li>Pr\u0119dko\u015b\u0107 w wodzie<\/li>\n<li>Temperatura wody<\/li>\n<li>Interfejsy &#8211; NMEA 0183<\/li>\n<li>Wy\u015bwietlacz &#8211; 28 x 30 LED matryca punktowa z pe\u0142nym przyciemnieniem nocnym<\/li>\n<li>3 \u0142atwe w u\u017cyciu, programowalne przez u\u017cytkownika wy\u015bwietlacze, zintegrowane menu<\/li>\n<li>W pe\u0142ni automatyczne ustawienia<\/li>\n<li>Opcje monta\u017cu &#8211; zbiornik, zaw\u00f3r morski dla konstrukcji jedno- lub dwukad\u0142ubowych<\/li>\n<li>Mo\u017cliwo\u015b\u0107 doposa\u017cenia w system EML224<\/li>\n<\/ul>\n<\/div>\n<p><!--more--><br \/>\n<!-- {\"type\":\"layout\",\"children\":[{\"type\":\"section\",\"props\":{\"style\":\"default\",\"width\":\"default\",\"vertical_align\":\"middle\",\"title_position\":\"top-left\",\"title_rotation\":\"left\",\"title_breakpoint\":\"xl\",\"image_position\":\"center-center\"},\"children\":[{\"type\":\"row\",\"children\":[{\"type\":\"column\",\"props\":{\"image_position\":\"center-center\",\"media_overlay_gradient\":\"\"},\"children\":[{\"type\":\"headline\",\"props\":{\"title_element\":\"h1\",\"content\":\"\n\n<h1 itemprop=\\\"name\\\">Log SKIPPER DL1<\\\/h1>\"}},{\"type\":\"divider\",\"props\":{\"divider_element\":\"hr\"}}]}]}]},{\"type\":\"section\",\"props\":{\"style\":\"default\",\"width\":\"default\",\"vertical_align\":\"middle\",\"title_position\":\"top-left\",\"title_rotation\":\"left\",\"title_breakpoint\":\"xl\",\"image_position\":\"center-center\"},\"children\":[{\"type\":\"row\",\"props\":{\"layout\":\"1-2,1-2\"},\"children\":[{\"type\":\"column\",\"props\":{\"image_position\":\"center-center\",\"media_overlay_gradient\":\"\",\"width_medium\":\"1-2\"},\"children\":[{\"type\":\"image\",\"props\":{\"margin\":\"default\",\"image_svg_color\":\"emphasis\",\"image\":\"wp-content\\\/uploads\\\/2021\\\/04\\\/DL1.png\"}}]},{\"type\":\"column\",\"props\":{\"image_position\":\"center-center\",\"media_overlay_gradient\":\"\",\"width_medium\":\"1-2\"},\"children\":[{\"type\":\"text\",\"props\":{\"margin\":\"default\",\"column_breakpoint\":\"m\",\"content\":\"\n\n<ul>\\n\n\n<li>Spe\\u0142nia wymogi IMO\\u00a0 MED-B<\\\/li>\\n\n\n<li>Dopplerowski rejestrator pr\\u0119dko\\u015bci wody w jednej osi (STW)<\\\/li>\\n\n\n<li>Kompaktowy wy\\u015bwietlacz 144x144 mm<\\\/li>\\n\n\n<li>Odczyt temperatury morskiej z czujnika<\\\/li>\\n\n\n<li>NMEA 0183 i wyj\\u015bcie impuls\\u00f3w analogowych<\\\/li>\\n\n\n<li>3 przyjazne dla u\\u017cytkownika programowalne wy\\u015bwietlacze i zintegrowane menu<\\\/li>\\n\n\n<li>RMRS i CCS dost\\u0119pne na \\u017cyczenie<\\\/li>\\n\n\n<li>W pe\\u0142ni automatyczne ustawienia<\\\/li>\\n<\\\/ul>\"}},{\"type\":\"button\",\"props\":{\"grid_column_gap\":\"small\",\"grid_row_gap\":\"small\",\"margin\":\"default\",\"text_align\":\"center\"},\"children\":[{\"type\":\"button_item\",\"props\":{\"button_style\":\"default\",\"icon_align\":\"left\",\"content\":\"Broszura \",\"link\":\"http:\\\/\\\/www.skipper-service.no\\\/skipdoc\\\/data\\\/\\\/\\\/\\\/Product%20Brochures\\\/\\\/Navigational%20Speed%20Logs\\\/DL1_Brochure_2019-11-12.pdf\"}}]}]}]}]},{\"type\":\"section\",\"props\":{\"style\":\"default\",\"width\":\"default\",\"vertical_align\":\"middle\",\"title_position\":\"top-left\",\"title_rotation\":\"left\",\"title_breakpoint\":\"xl\",\"image_position\":\"center-center\"},\"children\":[{\"type\":\"row\",\"children\":[{\"type\":\"column\",\"props\":{\"image_position\":\"center-center\",\"media_overlay_gradient\":\"\"},\"children\":[{\"type\":\"text\",\"props\":{\"margin\":\"default\",\"column_breakpoint\":\"m\",\"content\":\"\n\n<p>SKIPPER DL1 jest jednoosiowym logiem pr\\u0119dko\\u015bci, pracuj\\u0105cym na zasadzie dopplerowskiej, podaj\\u0105cym pr\\u0119dko\\u015b\\u0107 wzd\\u0142u\\u017cn\\u0105 statku (STW) i odleg\\u0142o\\u015b\\u0107 wzgl\\u0119dem wody morskiej. SKIPPER DL1 podaje dok\\u0142adne parametry nawigacyjne, mierzone na bie\\u017c\\u0105co i prezentowane w logiczny, przyjazny dla u\\u017cytkownika spos\\u00f3b.<\\\/p>\"}},{\"type\":\"text\",\"props\":{\"margin\":\"default\",\"column_breakpoint\":\"m\",\"content\":\"\n\n<p>Cechy:<\\\/p>\\n\n\n<ul>\\n\n\n<li>Pr\\u0119dko\\u015b\\u0107 w wodzie<\\\/li>\\n\n\n<li>Temperatura wody<\\\/li>\\n\n\n<li>Interfejsy - NMEA 0183<\\\/li>\\n\n\n<li>Wy\\u015bwietlacz - 28 x 30 LED matryca punktowa z pe\\u0142nym przyciemnieniem nocnym<\\\/li>\\n\n\n<li>3 \\u0142atwe w u\\u017cyciu, programowalne przez u\\u017cytkownika wy\\u015bwietlacze, zintegrowane menu<\\\/li>\\n\n\n<li>W pe\\u0142ni automatyczne ustawienia<\\\/li>\\n\n\n<li>Opcje monta\\u017cu - zbiornik, zaw\\u00f3r morski dla konstrukcji jedno- lub dwukad\\u0142ubowych<\\\/li>\\n\n\n<li>Mo\\u017cliwo\\u015b\\u0107 doposa\\u017cenia w system EML224<\\\/li>\\n<\\\/ul>\"}}]}]}]}],\"version\":\"2.4.14\"} --><\/p>\n","protected":false},"excerpt":{"rendered":"<p>Log SKIPPER DL1 Spe\u0142nia wymogi IMO\u00a0 MED-B Dopplerowski rejestrator pr\u0119dko\u015bci wody w jednej osi (STW) Kompaktowy wy\u015bwietlacz 144&#215;144 mm Odczyt temperatury morskiej z czujnika NMEA 0183 i wyj\u015bcie impuls\u00f3w analogowych 3 przyjazne dla u\u017cytkownika programowalne wy\u015bwietlacze i zintegrowane menu RMRS i CCS dost\u0119pne na \u017cyczenie W pe\u0142ni automatyczne ustawienia Broszura SKIPPER DL1 jest jednoosiowym logiem [&hellip;]<\/p>\n","protected":false},"author":10,"featured_media":0,"parent":0,"menu_order":0,"comment_status":"closed","ping_status":"closed","template":"","meta":{"footnotes":""},"class_list":["post-8981","page","type-page","status-publish","hentry"],"yoast_head":"<!-- This site is optimized with the Yoast SEO plugin v27.5 - https:\/\/yoast.com\/product\/yoast-seo-wordpress\/ -->\n<title>Log SKIPPER DL1 - ESCORT TECHNOLOGY<\/title>\n<meta name=\"robots\" content=\"index, follow, max-snippet:-1, max-image-preview:large, max-video-preview:-1\" \/>\n<link rel=\"canonical\" href=\"http:\/\/escort-technology.com\/pl\/de\/log-skipper-dl1\/\" \/>\n<meta property=\"og:locale\" content=\"pl_PL\" \/>\n<meta property=\"og:type\" content=\"article\" \/>\n<meta property=\"og:title\" content=\"Log SKIPPER DL1 - ESCORT TECHNOLOGY\" \/>\n<meta property=\"og:description\" content=\"Log SKIPPER DL1 Spe\u0142nia wymogi IMO\u00a0 MED-B Dopplerowski rejestrator pr\u0119dko\u015bci wody w jednej osi (STW) Kompaktowy wy\u015bwietlacz 144&#215;144 mm Odczyt temperatury morskiej z czujnika NMEA 0183 i wyj\u015bcie impuls\u00f3w analogowych 3 przyjazne dla u\u017cytkownika programowalne wy\u015bwietlacze i zintegrowane menu RMRS i CCS dost\u0119pne na \u017cyczenie W pe\u0142ni automatyczne ustawienia Broszura SKIPPER DL1 jest jednoosiowym logiem [&hellip;]\" \/>\n<meta property=\"og:url\" content=\"http:\/\/escort-technology.com\/pl\/de\/log-skipper-dl1\/\" \/>\n<meta property=\"og:site_name\" content=\"ESCORT TECHNOLOGY\" \/>\n<meta property=\"article:publisher\" content=\"https:\/\/www.facebook.com\/elektronika.morska\/\" \/>\n<meta property=\"og:image\" content=\"https:\/\/escort-technology.com\/wp-content\/uploads\/2021\/04\/DL1.png\" \/>\n<meta name=\"twitter:card\" content=\"summary_large_image\" \/>\n<meta name=\"twitter:label1\" content=\"Szacowany czas czytania\" \/>\n\t<meta name=\"twitter:data1\" content=\"1 minuta\" \/>\n<script type=\"application\/ld+json\" class=\"yoast-schema-graph\">{\"@context\":\"https:\\\/\\\/schema.org\",\"@graph\":[{\"@type\":\"WebPage\",\"@id\":\"http:\\\/\\\/escort-technology.com\\\/de\\\/log-skipper-dl1\\\/\",\"url\":\"http:\\\/\\\/escort-technology.com\\\/de\\\/log-skipper-dl1\\\/\",\"name\":\"Log SKIPPER DL1 - ESCORT TECHNOLOGY\",\"isPartOf\":{\"@id\":\"http:\\\/\\\/escort-technology.com\\\/de\\\/#website\"},\"datePublished\":\"2021-04-29T07:50:33+00:00\",\"breadcrumb\":{\"@id\":\"http:\\\/\\\/escort-technology.com\\\/de\\\/log-skipper-dl1\\\/#breadcrumb\"},\"inLanguage\":\"pl-PL\",\"potentialAction\":[{\"@type\":\"ReadAction\",\"target\":[\"http:\\\/\\\/escort-technology.com\\\/de\\\/log-skipper-dl1\\\/\"]}]},{\"@type\":\"BreadcrumbList\",\"@id\":\"http:\\\/\\\/escort-technology.com\\\/de\\\/log-skipper-dl1\\\/#breadcrumb\",\"itemListElement\":[{\"@type\":\"ListItem\",\"position\":1,\"name\":\"Strona g\u0142\u00f3wna\",\"item\":\"https:\\\/\\\/escort-technology.com\\\/\"},{\"@type\":\"ListItem\",\"position\":2,\"name\":\"Log SKIPPER DL1\"}]},{\"@type\":\"WebSite\",\"@id\":\"http:\\\/\\\/escort-technology.com\\\/de\\\/#website\",\"url\":\"http:\\\/\\\/escort-technology.com\\\/de\\\/\",\"name\":\"ESCORT TECHNOLOGY\",\"description\":\"Elektronika morska i l\u0105dowa\",\"publisher\":{\"@id\":\"http:\\\/\\\/escort-technology.com\\\/de\\\/#organization\"},\"potentialAction\":[{\"@type\":\"SearchAction\",\"target\":{\"@type\":\"EntryPoint\",\"urlTemplate\":\"http:\\\/\\\/escort-technology.com\\\/de\\\/?s={search_term_string}\"},\"query-input\":{\"@type\":\"PropertyValueSpecification\",\"valueRequired\":true,\"valueName\":\"search_term_string\"}}],\"inLanguage\":\"pl-PL\"},{\"@type\":\"Organization\",\"@id\":\"http:\\\/\\\/escort-technology.com\\\/de\\\/#organization\",\"name\":\"ESCORT TECHNOLOGY\",\"url\":\"http:\\\/\\\/escort-technology.com\\\/de\\\/\",\"logo\":{\"@type\":\"ImageObject\",\"inLanguage\":\"pl-PL\",\"@id\":\"http:\\\/\\\/escort-technology.com\\\/de\\\/#\\\/schema\\\/logo\\\/image\\\/\",\"url\":\"https:\\\/\\\/escort-technology.com\\\/wp-content\\\/uploads\\\/logo-1.jpg\",\"contentUrl\":\"https:\\\/\\\/escort-technology.com\\\/wp-content\\\/uploads\\\/logo-1.jpg\",\"width\":600,\"height\":165,\"caption\":\"ESCORT TECHNOLOGY\"},\"image\":{\"@id\":\"http:\\\/\\\/escort-technology.com\\\/de\\\/#\\\/schema\\\/logo\\\/image\\\/\"},\"sameAs\":[\"https:\\\/\\\/www.facebook.com\\\/elektronika.morska\\\/\",\"https:\\\/\\\/www.linkedin.com\\\/company\\\/escort-sp-z-o-o-\\\/\"]}]}<\/script>\n<!-- \/ Yoast SEO plugin. -->","yoast_head_json":{"title":"Log SKIPPER DL1 - ESCORT TECHNOLOGY","robots":{"index":"index","follow":"follow","max-snippet":"max-snippet:-1","max-image-preview":"max-image-preview:large","max-video-preview":"max-video-preview:-1"},"canonical":"http:\/\/escort-technology.com\/pl\/de\/log-skipper-dl1\/","og_locale":"pl_PL","og_type":"article","og_title":"Log SKIPPER DL1 - ESCORT TECHNOLOGY","og_description":"Log SKIPPER DL1 Spe\u0142nia wymogi IMO\u00a0 MED-B Dopplerowski rejestrator pr\u0119dko\u015bci wody w jednej osi (STW) Kompaktowy wy\u015bwietlacz 144&#215;144 mm Odczyt temperatury morskiej z czujnika NMEA 0183 i wyj\u015bcie impuls\u00f3w analogowych 3 przyjazne dla u\u017cytkownika programowalne wy\u015bwietlacze i zintegrowane menu RMRS i CCS dost\u0119pne na \u017cyczenie W pe\u0142ni automatyczne ustawienia Broszura SKIPPER DL1 jest jednoosiowym logiem [&hellip;]","og_url":"http:\/\/escort-technology.com\/pl\/de\/log-skipper-dl1\/","og_site_name":"ESCORT TECHNOLOGY","article_publisher":"https:\/\/www.facebook.com\/elektronika.morska\/","og_image":[{"url":"https:\/\/escort-technology.com\/wp-content\/uploads\/2021\/04\/DL1.png","type":"","width":"","height":""}],"twitter_card":"summary_large_image","twitter_misc":{"Szacowany czas czytania":"1 minuta"},"schema":{"@context":"https:\/\/schema.org","@graph":[{"@type":"WebPage","@id":"http:\/\/escort-technology.com\/de\/log-skipper-dl1\/","url":"http:\/\/escort-technology.com\/de\/log-skipper-dl1\/","name":"Log SKIPPER DL1 - ESCORT TECHNOLOGY","isPartOf":{"@id":"http:\/\/escort-technology.com\/de\/#website"},"datePublished":"2021-04-29T07:50:33+00:00","breadcrumb":{"@id":"http:\/\/escort-technology.com\/de\/log-skipper-dl1\/#breadcrumb"},"inLanguage":"pl-PL","potentialAction":[{"@type":"ReadAction","target":["http:\/\/escort-technology.com\/de\/log-skipper-dl1\/"]}]},{"@type":"BreadcrumbList","@id":"http:\/\/escort-technology.com\/de\/log-skipper-dl1\/#breadcrumb","itemListElement":[{"@type":"ListItem","position":1,"name":"Strona g\u0142\u00f3wna","item":"https:\/\/escort-technology.com\/"},{"@type":"ListItem","position":2,"name":"Log SKIPPER DL1"}]},{"@type":"WebSite","@id":"http:\/\/escort-technology.com\/de\/#website","url":"http:\/\/escort-technology.com\/de\/","name":"ESCORT TECHNOLOGY","description":"Elektronika morska i l\u0105dowa","publisher":{"@id":"http:\/\/escort-technology.com\/de\/#organization"},"potentialAction":[{"@type":"SearchAction","target":{"@type":"EntryPoint","urlTemplate":"http:\/\/escort-technology.com\/de\/?s={search_term_string}"},"query-input":{"@type":"PropertyValueSpecification","valueRequired":true,"valueName":"search_term_string"}}],"inLanguage":"pl-PL"},{"@type":"Organization","@id":"http:\/\/escort-technology.com\/de\/#organization","name":"ESCORT TECHNOLOGY","url":"http:\/\/escort-technology.com\/de\/","logo":{"@type":"ImageObject","inLanguage":"pl-PL","@id":"http:\/\/escort-technology.com\/de\/#\/schema\/logo\/image\/","url":"https:\/\/escort-technology.com\/wp-content\/uploads\/logo-1.jpg","contentUrl":"https:\/\/escort-technology.com\/wp-content\/uploads\/logo-1.jpg","width":600,"height":165,"caption":"ESCORT TECHNOLOGY"},"image":{"@id":"http:\/\/escort-technology.com\/de\/#\/schema\/logo\/image\/"},"sameAs":["https:\/\/www.facebook.com\/elektronika.morska\/","https:\/\/www.linkedin.com\/company\/escort-sp-z-o-o-\/"]}]}},"_links":{"self":[{"href":"https:\/\/escort-technology.com\/pl\/wp-json\/wp\/v2\/pages\/8981","targetHints":{"allow":["GET"]}}],"collection":[{"href":"https:\/\/escort-technology.com\/pl\/wp-json\/wp\/v2\/pages"}],"about":[{"href":"https:\/\/escort-technology.com\/pl\/wp-json\/wp\/v2\/types\/page"}],"author":[{"embeddable":true,"href":"https:\/\/escort-technology.com\/pl\/wp-json\/wp\/v2\/users\/10"}],"replies":[{"embeddable":true,"href":"https:\/\/escort-technology.com\/pl\/wp-json\/wp\/v2\/comments?post=8981"}],"version-history":[{"count":5,"href":"https:\/\/escort-technology.com\/pl\/wp-json\/wp\/v2\/pages\/8981\/revisions"}],"predecessor-version":[{"id":8987,"href":"https:\/\/escort-technology.com\/pl\/wp-json\/wp\/v2\/pages\/8981\/revisions\/8987"}],"wp:attachment":[{"href":"https:\/\/escort-technology.com\/pl\/wp-json\/wp\/v2\/media?parent=8981"}],"curies":[{"name":"wp","href":"https:\/\/api.w.org\/{rel}","templated":true}]}}