{"id":9048,"date":"2021-05-06T09:07:10","date_gmt":"2021-05-06T07:07:10","guid":{"rendered":"https:\/\/escort-technology.com\/?page_id=9048"},"modified":"2021-05-14T15:40:08","modified_gmt":"2021-05-14T13:40:08","slug":"przetworniki-marki-skipper","status":"publish","type":"page","link":"https:\/\/escort-technology.com\/pl\/przetworniki-marki-skipper\/","title":{"rendered":"Przetworniki marki Skipper"},"content":{"rendered":"<h1>\n<h1 class=\"uk-article-title\">Przetworniki marki Skipper<\/h1>\n<\/h1>\n<hr>\n<p><img decoding=\"async\" src=\"\/wp-content\/uploads\/2021\/04\/ETS50200-SA-web.jpg\" alt=\"\"><br \/>\n<img decoding=\"async\" src=\"\/wp-content\/uploads\/2021\/04\/thumb_ETN200T.jpg\" alt=\"\"><br \/>\n<img decoding=\"async\" src=\"\/wp-content\/uploads\/2021\/04\/thumb_ETN038G.jpg\" alt=\"\"><\/p>\n<div>\n<p style=\"text-align: center;\"><strong>Dwu cz\u0119stotliwo\u015bciowy\u00a0 przetworniki SKIPPER 50\/200 kHz<\/strong><\/p>\n<ul>\n<li>Podw\u00f3jny przetwornik nawigacyjny 50 i 200 kHz<\/li>\n<li>R\u00f3\u017cne adaptery pasuj\u0105ce do r\u00f3\u017cnych obud\u00f3w dennych<\/li>\n<li>Opcjonalna d\u0142ugo\u015b\u0107 kabla (25 lub 50 m)<\/li>\n<\/ul>\n<\/div>\n<div>\n<p style=\"text-align: center;\"><strong>Przetworniki SKIPPER 200 kHz<\/strong><\/p>\n<ul>\n<li>R\u00f3\u017cne adaptery do r\u00f3\u017cnych uk\u0142ad\u00f3w dna<\/li>\n<li>Opcjonalna d\u0142ugo\u015b\u0107 kabla (25 i 40 m)<\/li>\n<li>Zasi\u0119g Wersja ma\u0142a: 250 m<\/li>\n<li>Zasi\u0119g Wersja du\u017ca: 350 m<\/li>\n<\/ul>\n<\/div>\n<div>\n<p style=\"text-align: center;\"><strong>Przetworniki SKIPPER 38 kHz<\/strong><\/p>\n<ul>\n<li>R\u00f3\u017cne adaptery do r\u00f3\u017cnych uk\u0142ad\u00f3w dna<\/li>\n<li>D\u0142ugo\u015b\u0107 kabla 40 m<\/li>\n<li>Zasi\u0119g 1 500 m<\/li>\n<\/ul>\n<\/div>\n<p><img decoding=\"async\" src=\"\/wp-content\/uploads\/2021\/04\/thumb_ETN050G.jpg\" alt=\"\"><br \/>\n<img decoding=\"async\" src=\"\/wp-content\/uploads\/2021\/04\/thumb_ETN024T.jpg\" alt=\"\"><\/p>\n<div>\n<p style=\"text-align: center;\"><strong>Przetworniki SKIPPER 50 kHz<\/strong><\/p>\n<ul>\n<li>R\u00f3\u017cne adaptery do r\u00f3\u017cnych uk\u0142ad\u00f3w dna<\/li>\n<li>Opcjonalna d\u0142ugo\u015b\u0107 kabla (25 i 40 m)<\/li>\n<li>Zasi\u0119g 750 m<\/li>\n<\/ul>\n<\/div>\n<div>\n<p><strong>Przetworniki SKIPPER 24 kHz<\/strong><\/p>\n<ul>\n<li>R\u00f3\u017cne adaptery do r\u00f3\u017cnych uk\u0142ad\u00f3w dna<\/li>\n<li>D\u0142ugo\u015b\u0107 kabla 40 m<\/li>\n<li>Zasi\u0119g 4 000 m<\/li>\n<\/ul>\n<\/div>\n<p><img decoding=\"async\" src=\"\/wp-content\/uploads\/2021\/05\/ETF38A.gif\" alt=\"\"><br \/>\n<img decoding=\"async\" src=\"\/wp-content\/uploads\/2021\/05\/ZZL-01021.gif\" alt=\"\"><br \/>\n<img decoding=\"async\" src=\"\/wp-content\/uploads\/2021\/05\/ETF50D.gif\" alt=\"\"><\/p>\n<div>\n<p style=\"text-align: center;\"><strong>Przetwornik rybacki 38 kHz ETF38A<\/strong><\/p>\n<ul>\n<li>Przetwornik rybacki 38 kHz<\/li>\n<li>Moc 2,5 kW<\/li>\n<li>Monta\u017c zewn\u0119trzny w kszta\u0142cie \u0142odzi<\/li>\n<\/ul>\n<\/div>\n<div>\n<p style=\"text-align: center;\"><strong>Przetwornik rybacki 200 kHz ZZL 01021<\/strong><\/p>\n<ul>\n<li>Przetwornik rybacki 200 kHz<\/li>\n<li>Moc 1,5 kW<\/li>\n<li>8\u00b0 okr\u0105g\u0142y<\/li>\n<\/ul>\n<\/div>\n<div>\n<p style=\"text-align: center;\"><strong>Przetwornik rybacki 50 kHz ETF50D<\/strong><\/p>\n<ul>\n<li>Airmar 10&#215;16\u00b0 50 kHz<\/li>\n<li>Moc 2 kW<\/li>\n<li>Monta\u017c zewn\u0119trzny,\u00a0 w kszta\u0142cie \u0142odzi <\/li>\n<\/ul>\n<\/div>\n<p><img decoding=\"async\" src=\"\/wp-content\/uploads\/2021\/05\/ETF050BZC.gif\" alt=\"\"><br \/>\n<img decoding=\"async\" src=\"\/wp-content\/uploads\/2021\/05\/ZZL-01012.gif\" alt=\"\"><br \/>\n<img decoding=\"async\" src=\"\/wp-content\/uploads\/2021\/05\/ETF38E.gif\" alt=\"\"><\/p>\n<div>\n<p style=\"text-align: center;\"><strong>Przetwornik rybacki 50 kHz ETF050BZC<\/strong><\/p>\n<ul>\n<li>Przetwornik rybacki 50 kHz<\/li>\n<li>Moc 800 W<\/li>\n<li>30\u00b0 okr\u0105g\u0142y<\/li>\n<\/ul>\n<\/div>\n<div>\n<p style=\"text-align: center;\"><strong>ZZL-01012 D\u0142awnica z br\u0105zu 4&#8243;<\/strong><\/p>\n<\/div>\n<div>\n<p style=\"text-align: center;\"><strong>Przetwornik rybacki 38 kHz ETF38E<\/strong><\/p>\n<ul>\n<li>Airmar 11&#215;19\u00b0 38 kHz<\/li>\n<li>Moc 1,2 kW<\/li>\n<li>Monta\u017c zewn\u0119trzny, w kszta\u0142cie \u0142odzi<\/li>\n<\/ul>\n<\/div>\n<p><!--more--><br \/>\n<!-- {\"type\":\"layout\",\"children\":[{\"type\":\"section\",\"props\":{\"style\":\"default\",\"width\":\"default\",\"vertical_align\":\"middle\",\"title_position\":\"top-left\",\"title_rotation\":\"left\",\"title_breakpoint\":\"xl\",\"image_position\":\"center-center\"},\"children\":[{\"type\":\"row\",\"children\":[{\"type\":\"column\",\"props\":{\"image_position\":\"center-center\",\"media_overlay_gradient\":\"\"},\"children\":[{\"type\":\"headline\",\"props\":{\"title_element\":\"h1\",\"content\":\"\n\n<h1 class=\\\"uk-article-title\\\">Przetworniki marki Skipper<\\\/h1>\"}},{\"type\":\"divider\",\"props\":{\"divider_element\":\"hr\"}}]}]}]},{\"type\":\"section\",\"props\":{\"style\":\"default\",\"width\":\"default\",\"vertical_align\":\"middle\",\"title_position\":\"top-left\",\"title_rotation\":\"left\",\"title_breakpoint\":\"xl\",\"image_position\":\"center-center\",\"title\":\"Przetworniki nawigacyjne\"},\"children\":[{\"type\":\"row\",\"props\":{\"layout\":\"1-3,1-3,1-3\"},\"children\":[{\"type\":\"column\",\"props\":{\"image_position\":\"center-center\",\"media_overlay_gradient\":\"\",\"width_medium\":\"1-3\"},\"children\":[{\"type\":\"image\",\"props\":{\"margin\":\"default\",\"image_svg_color\":\"emphasis\",\"image\":\"wp-content\\\/uploads\\\/2021\\\/04\\\/ETS50200-SA-web.jpg\",\"text_align\":\"center\"}}]},{\"type\":\"column\",\"props\":{\"image_position\":\"center-center\",\"media_overlay_gradient\":\"\",\"width_medium\":\"1-3\"},\"children\":[{\"type\":\"image\",\"props\":{\"margin\":\"default\",\"image_svg_color\":\"emphasis\",\"image\":\"wp-content\\\/uploads\\\/2021\\\/04\\\/thumb_ETN200T.jpg\",\"text_align\":\"center\"}}]},{\"type\":\"column\",\"props\":{\"image_position\":\"center-center\",\"media_overlay_gradient\":\"\",\"width_medium\":\"1-3\"},\"children\":[{\"type\":\"image\",\"props\":{\"margin\":\"default\",\"image_svg_color\":\"emphasis\",\"image\":\"wp-content\\\/uploads\\\/2021\\\/04\\\/thumb_ETN038G.jpg\",\"text_align\":\"center\"}}]}]},{\"type\":\"row\",\"props\":{\"layout\":\"1-3,1-3,1-3\"},\"children\":[{\"type\":\"column\",\"props\":{\"image_position\":\"center-center\",\"media_overlay_gradient\":\"\",\"width_medium\":\"1-3\"},\"children\":[{\"type\":\"text\",\"props\":{\"margin\":\"default\",\"column_breakpoint\":\"m\",\"content\":\"\n\n<p style=\\\"text-align: center;\\\"><strong>Dwu cz\\u0119stotliwo\\u015bciowy\\u00a0 przetworniki SKIPPER 50\\\/200 kHz<\\\/strong><\\\/p>\\n\n\n<ul>\\n\n\n<li>Podw\\u00f3jny przetwornik nawigacyjny 50 i 200 kHz<\\\/li>\\n\n\n<li>R\\u00f3\\u017cne adaptery pasuj\\u0105ce do r\\u00f3\\u017cnych obud\\u00f3w dennych<\\\/li>\\n\n\n<li>Opcjonalna d\\u0142ugo\\u015b\\u0107 kabla (25 lub 50 m)<\\\/li>\\n<\\\/ul>\"}}]},{\"type\":\"column\",\"props\":{\"image_position\":\"center-center\",\"media_overlay_gradient\":\"\",\"width_medium\":\"1-3\"},\"children\":[{\"type\":\"text\",\"props\":{\"margin\":\"default\",\"column_breakpoint\":\"m\",\"content\":\"\n\n<p style=\\\"text-align: center;\\\"><strong>Przetworniki SKIPPER 200 kHz<\\\/strong><\\\/p>\\n\n\n<ul>\\n\n\n<li>R\\u00f3\\u017cne adaptery do r\\u00f3\\u017cnych uk\\u0142ad\\u00f3w dna<\\\/li>\\n\n\n<li>Opcjonalna d\\u0142ugo\\u015b\\u0107 kabla (25 i 40 m)<\\\/li>\\n\n\n<li>Zasi\\u0119g Wersja ma\\u0142a: 250 m<\\\/li>\\n\n\n<li>Zasi\\u0119g Wersja du\\u017ca: 350 m<\\\/li>\\n<\\\/ul>\"}}]},{\"type\":\"column\",\"props\":{\"image_position\":\"center-center\",\"media_overlay_gradient\":\"\",\"width_medium\":\"1-3\"},\"children\":[{\"type\":\"text\",\"props\":{\"margin\":\"default\",\"column_breakpoint\":\"m\",\"content\":\"\n\n<p style=\\\"text-align: center;\\\"><strong>Przetworniki SKIPPER 38 kHz<\\\/strong><\\\/p>\\n\n\n<ul>\\n\n\n<li>R\\u00f3\\u017cne adaptery do r\\u00f3\\u017cnych uk\\u0142ad\\u00f3w dna<\\\/li>\\n\n\n<li>D\\u0142ugo\\u015b\\u0107 kabla 40 m<\\\/li>\\n\n\n<li>Zasi\\u0119g 1 500 m<\\\/li>\\n<\\\/ul>\"}}]}]}]},{\"type\":\"section\",\"props\":{\"style\":\"default\",\"width\":\"default\",\"vertical_align\":\"middle\",\"title_position\":\"top-left\",\"title_rotation\":\"left\",\"title_breakpoint\":\"xl\",\"image_position\":\"center-center\"},\"children\":[{\"type\":\"row\",\"props\":{\"layout\":\"1-3,1-3,1-3\"},\"children\":[{\"type\":\"column\",\"props\":{\"image_position\":\"center-center\",\"media_overlay_gradient\":\"\",\"width_medium\":\"1-3\"},\"children\":[{\"type\":\"image\",\"props\":{\"margin\":\"default\",\"image_svg_color\":\"emphasis\",\"image\":\"wp-content\\\/uploads\\\/2021\\\/04\\\/thumb_ETN050G.jpg\",\"text_align\":\"center\"}}]},{\"type\":\"column\",\"props\":{\"image_position\":\"center-center\",\"media_overlay_gradient\":\"\",\"width_medium\":\"1-3\"},\"children\":[{\"type\":\"image\",\"props\":{\"margin\":\"default\",\"image_svg_color\":\"emphasis\",\"image\":\"wp-content\\\/uploads\\\/2021\\\/04\\\/thumb_ETN024T.jpg\",\"text_align\":\"center\"}}]},{\"type\":\"column\",\"props\":{\"image_position\":\"center-center\",\"media_overlay_gradient\":\"\",\"width_medium\":\"1-3\"},\"children\":[]}]},{\"type\":\"row\",\"props\":{\"layout\":\"1-3,1-3,1-3\"},\"children\":[{\"type\":\"column\",\"props\":{\"image_position\":\"center-center\",\"media_overlay_gradient\":\"\",\"width_medium\":\"1-3\"},\"children\":[{\"type\":\"text\",\"props\":{\"margin\":\"default\",\"column_breakpoint\":\"m\",\"content\":\"\n\n<p style=\\\"text-align: center;\\\"><strong>Przetworniki SKIPPER 50 kHz<\\\/strong><\\\/p>\\n\n\n<ul>\\n\n\n<li>R\\u00f3\\u017cne adaptery do r\\u00f3\\u017cnych uk\\u0142ad\\u00f3w dna<\\\/li>\\n\n\n<li>Opcjonalna d\\u0142ugo\\u015b\\u0107 kabla (25 i 40 m)<\\\/li>\\n\n\n<li>Zasi\\u0119g 750 m<\\\/li>\\n<\\\/ul>\"}}]},{\"type\":\"column\",\"props\":{\"image_position\":\"center-center\",\"media_overlay_gradient\":\"\",\"width_medium\":\"1-3\"},\"children\":[{\"type\":\"text\",\"props\":{\"margin\":\"default\",\"column_breakpoint\":\"m\",\"content\":\"\n\n<p><strong>Przetworniki SKIPPER 24 kHz<\\\/strong><\\\/p>\\n\n\n<ul>\\n\n\n<li>R\\u00f3\\u017cne adaptery do r\\u00f3\\u017cnych uk\\u0142ad\\u00f3w dna<\\\/li>\\n\n\n<li>D\\u0142ugo\\u015b\\u0107 kabla 40 m<\\\/li>\\n\n\n<li>Zasi\\u0119g 4 000 m<\\\/li>\\n<\\\/ul>\"}}]},{\"type\":\"column\",\"props\":{\"image_position\":\"center-center\",\"media_overlay_gradient\":\"\",\"width_medium\":\"1-3\"},\"children\":[]}]}]},{\"type\":\"section\",\"props\":{\"style\":\"default\",\"width\":\"default\",\"vertical_align\":\"middle\",\"title_position\":\"top-left\",\"title_rotation\":\"left\",\"title_breakpoint\":\"xl\",\"image_position\":\"center-center\",\"title\":\"Przetworniki rybackie \"},\"children\":[{\"type\":\"row\",\"props\":{\"layout\":\"1-3,1-3,1-3\"},\"children\":[{\"type\":\"column\",\"props\":{\"image_position\":\"center-center\",\"media_overlay_gradient\":\"\",\"width_medium\":\"1-3\"},\"children\":[{\"type\":\"image\",\"props\":{\"margin\":\"default\",\"image_svg_color\":\"emphasis\",\"image\":\"wp-content\\\/uploads\\\/2021\\\/05\\\/ETF38A.gif\",\"text_align\":\"center\",\"maxwidth\":\"small\",\"block_align\":\"center\"}}]},{\"type\":\"column\",\"props\":{\"image_position\":\"center-center\",\"media_overlay_gradient\":\"\",\"width_medium\":\"1-3\"},\"children\":[{\"type\":\"image\",\"props\":{\"margin\":\"default\",\"image_svg_color\":\"emphasis\",\"image\":\"wp-content\\\/uploads\\\/2021\\\/05\\\/ZZL-01021.gif\",\"image_width\":\"100\",\"image_height\":\"50\",\"maxwidth\":\"small\",\"block_align\":\"center\"}}]},{\"type\":\"column\",\"props\":{\"image_position\":\"center-center\",\"media_overlay_gradient\":\"\",\"width_medium\":\"1-3\"},\"children\":[{\"type\":\"image\",\"props\":{\"margin\":\"default\",\"image_svg_color\":\"emphasis\",\"image\":\"wp-content\\\/uploads\\\/2021\\\/05\\\/ETF50D.gif\",\"text_align\":\"center\",\"maxwidth\":\"small\",\"block_align\":\"center\"}}]}]},{\"type\":\"row\",\"props\":{\"layout\":\"1-3,1-3,1-3\"},\"children\":[{\"type\":\"column\",\"props\":{\"image_position\":\"center-center\",\"media_overlay_gradient\":\"\",\"width_medium\":\"1-3\"},\"children\":[{\"type\":\"text\",\"props\":{\"margin\":\"default\",\"column_breakpoint\":\"m\",\"content\":\"\n\n<p style=\\\"text-align: center;\\\"><strong>Przetwornik rybacki 38 kHz ETF38A<\\\/strong><\\\/p>\\n\n\n<ul>\\n\n\n<li>Przetwornik rybacki 38 kHz<\\\/li>\\n\n\n<li>Moc 2,5 kW<\\\/li>\\n\n\n<li>Monta\\u017c zewn\\u0119trzny w kszta\\u0142cie \\u0142odzi<\\\/li>\\n<\\\/ul>\"}}]},{\"type\":\"column\",\"props\":{\"image_position\":\"center-center\",\"media_overlay_gradient\":\"\",\"width_medium\":\"1-3\"},\"children\":[{\"type\":\"text\",\"props\":{\"margin\":\"default\",\"column_breakpoint\":\"m\",\"content\":\"\n\n<p style=\\\"text-align: center;\\\"><strong>Przetwornik rybacki 200 kHz ZZL 01021<\\\/strong><\\\/p>\\n\n\n<ul>\\n\n\n<li>Przetwornik rybacki 200 kHz<\\\/li>\\n\n\n<li>Moc 1,5 kW<\\\/li>\\n\n\n<li>8\\u00b0 okr\\u0105g\\u0142y<\\\/li>\\n<\\\/ul>\"}}]},{\"type\":\"column\",\"props\":{\"image_position\":\"center-center\",\"media_overlay_gradient\":\"\",\"width_medium\":\"1-3\"},\"children\":[{\"type\":\"text\",\"props\":{\"margin\":\"default\",\"column_breakpoint\":\"m\",\"content\":\"\n\n<p style=\\\"text-align: center;\\\"><strong>Przetwornik rybacki 50 kHz ETF50D<\\\/strong><\\\/p>\\n\n\n<ul>\\n\n\n<li>Airmar 10x16\\u00b0 50 kHz<\\\/li>\\n\n\n<li>Moc 2 kW<\\\/li>\\n\n\n<li>Monta\\u017c zewn\\u0119trzny,\\u00a0 w kszta\\u0142cie \\u0142odzi <\\\/li>\\n<\\\/ul>\"}}]}]}]},{\"type\":\"section\",\"props\":{\"style\":\"default\",\"width\":\"default\",\"vertical_align\":\"middle\",\"title_position\":\"top-left\",\"title_rotation\":\"left\",\"title_breakpoint\":\"xl\",\"image_position\":\"center-center\"},\"children\":[{\"type\":\"row\",\"props\":{\"layout\":\"1-3,1-3,1-3\"},\"children\":[{\"type\":\"column\",\"props\":{\"image_position\":\"center-center\",\"media_overlay_gradient\":\"\",\"width_medium\":\"1-3\"},\"children\":[{\"type\":\"image\",\"props\":{\"margin\":\"default\",\"image_svg_color\":\"emphasis\",\"image\":\"wp-content\\\/uploads\\\/2021\\\/05\\\/ETF050BZC.gif\",\"image_width\":\"100\",\"maxwidth\":\"small\",\"block_align\":\"center\"}}]},{\"type\":\"column\",\"props\":{\"image_position\":\"center-center\",\"media_overlay_gradient\":\"\",\"width_medium\":\"1-3\"},\"children\":[{\"type\":\"image\",\"props\":{\"margin\":\"small\",\"image_svg_color\":\"emphasis\",\"image\":\"wp-content\\\/uploads\\\/2021\\\/05\\\/ZZL-01012.gif\",\"image_width\":\"100\",\"maxwidth\":\"small\",\"block_align\":\"center\"}}]},{\"type\":\"column\",\"props\":{\"image_position\":\"center-center\",\"media_overlay_gradient\":\"\",\"width_medium\":\"1-3\"},\"children\":[{\"type\":\"image\",\"props\":{\"margin\":\"default\",\"image_svg_color\":\"emphasis\",\"image\":\"wp-content\\\/uploads\\\/2021\\\/05\\\/ETF38E.gif\",\"image_width\":\"100\",\"maxwidth\":\"small\",\"block_align\":\"center\"}}]}]},{\"type\":\"row\",\"props\":{\"layout\":\"1-3,1-3,1-3\"},\"children\":[{\"type\":\"column\",\"props\":{\"image_position\":\"center-center\",\"media_overlay_gradient\":\"\",\"width_medium\":\"1-3\"},\"children\":[{\"type\":\"text\",\"props\":{\"margin\":\"default\",\"column_breakpoint\":\"m\",\"content\":\"\n\n<p style=\\\"text-align: center;\\\"><strong>Przetwornik rybacki 50 kHz ETF050BZC<\\\/strong><\\\/p>\\n\n\n<ul>\\n\n\n<li>Przetwornik rybacki 50 kHz<\\\/li>\\n\n\n<li>Moc 800 W<\\\/li>\\n\n\n<li>30\\u00b0 okr\\u0105g\\u0142y<\\\/li>\\n<\\\/ul>\"}}]},{\"type\":\"column\",\"props\":{\"image_position\":\"center-center\",\"media_overlay_gradient\":\"\",\"width_medium\":\"1-3\"},\"children\":[{\"type\":\"text\",\"props\":{\"margin\":\"default\",\"column_breakpoint\":\"m\",\"content\":\"\n\n<p style=\\\"text-align: center;\\\"><strong>ZZL-01012 D\\u0142awnica z br\\u0105zu 4\\\"<\\\/strong><\\\/p>\"}}]},{\"type\":\"column\",\"props\":{\"image_position\":\"center-center\",\"media_overlay_gradient\":\"\",\"width_medium\":\"1-3\"},\"children\":[{\"type\":\"text\",\"props\":{\"margin\":\"default\",\"column_breakpoint\":\"m\",\"content\":\"\n\n<p style=\\\"text-align: center;\\\"><strong>Przetwornik rybacki 38 kHz ETF38E<\\\/strong><\\\/p>\\n\n\n<ul>\\n\n\n<li>Airmar 11x19\\u00b0 38 kHz<\\\/li>\\n\n\n<li>Moc 1,2 kW<\\\/li>\\n\n\n<li>Monta\\u017c zewn\\u0119trzny, w kszta\\u0142cie \\u0142odzi<\\\/li>\\n<\\\/ul>\"}}]}]}]}],\"version\":\"2.4.14\"} --><\/p>\n","protected":false},"excerpt":{"rendered":"<p>Przetworniki marki Skipper Dwu cz\u0119stotliwo\u015bciowy\u00a0 przetworniki SKIPPER 50\/200 kHz Podw\u00f3jny przetwornik nawigacyjny 50 i 200 kHz R\u00f3\u017cne adaptery pasuj\u0105ce do r\u00f3\u017cnych obud\u00f3w dennych Opcjonalna d\u0142ugo\u015b\u0107 kabla (25 lub 50 m) Przetworniki SKIPPER 200 kHz R\u00f3\u017cne adaptery do r\u00f3\u017cnych uk\u0142ad\u00f3w dna Opcjonalna d\u0142ugo\u015b\u0107 kabla (25 i 40 m) Zasi\u0119g Wersja ma\u0142a: 250 m Zasi\u0119g Wersja du\u017ca: [&hellip;]<\/p>\n","protected":false},"author":10,"featured_media":0,"parent":0,"menu_order":0,"comment_status":"closed","ping_status":"closed","template":"","meta":{"footnotes":""},"class_list":["post-9048","page","type-page","status-publish","hentry"],"yoast_head":"<!-- This site is optimized with the Yoast SEO plugin v27.5 - https:\/\/yoast.com\/product\/yoast-seo-wordpress\/ -->\n<title>Przetworniki marki Skipper - ESCORT TECHNOLOGY<\/title>\n<meta name=\"robots\" content=\"index, follow, max-snippet:-1, max-image-preview:large, max-video-preview:-1\" \/>\n<link rel=\"canonical\" href=\"http:\/\/escort-technology.com\/pl\/de\/przetworniki-marki-skipper\/\" \/>\n<meta property=\"og:locale\" content=\"pl_PL\" \/>\n<meta property=\"og:type\" content=\"article\" \/>\n<meta property=\"og:title\" content=\"Przetworniki marki Skipper - ESCORT TECHNOLOGY\" \/>\n<meta property=\"og:description\" content=\"Przetworniki marki Skipper Dwu cz\u0119stotliwo\u015bciowy\u00a0 przetworniki SKIPPER 50\/200 kHz Podw\u00f3jny przetwornik nawigacyjny 50 i 200 kHz R\u00f3\u017cne adaptery pasuj\u0105ce do r\u00f3\u017cnych obud\u00f3w dennych Opcjonalna d\u0142ugo\u015b\u0107 kabla (25 lub 50 m) Przetworniki SKIPPER 200 kHz R\u00f3\u017cne adaptery do r\u00f3\u017cnych uk\u0142ad\u00f3w dna Opcjonalna d\u0142ugo\u015b\u0107 kabla (25 i 40 m) Zasi\u0119g Wersja ma\u0142a: 250 m Zasi\u0119g Wersja du\u017ca: [&hellip;]\" \/>\n<meta property=\"og:url\" content=\"http:\/\/escort-technology.com\/pl\/de\/przetworniki-marki-skipper\/\" \/>\n<meta property=\"og:site_name\" content=\"ESCORT TECHNOLOGY\" \/>\n<meta property=\"article:publisher\" content=\"https:\/\/www.facebook.com\/elektronika.morska\/\" \/>\n<meta property=\"article:modified_time\" content=\"2021-05-14T13:40:08+00:00\" \/>\n<meta property=\"og:image\" content=\"https:\/\/escort-technology.com\/wp-content\/uploads\/2021\/04\/ETS50200-SA-web.jpg\" \/>\n<meta name=\"twitter:card\" content=\"summary_large_image\" \/>\n<meta name=\"twitter:label1\" content=\"Szacowany czas czytania\" \/>\n\t<meta name=\"twitter:data1\" content=\"1 minuta\" \/>\n<script type=\"application\/ld+json\" class=\"yoast-schema-graph\">{\"@context\":\"https:\\\/\\\/schema.org\",\"@graph\":[{\"@type\":\"WebPage\",\"@id\":\"http:\\\/\\\/escort-technology.com\\\/de\\\/przetworniki-marki-skipper\\\/\",\"url\":\"http:\\\/\\\/escort-technology.com\\\/de\\\/przetworniki-marki-skipper\\\/\",\"name\":\"Przetworniki marki Skipper - ESCORT TECHNOLOGY\",\"isPartOf\":{\"@id\":\"http:\\\/\\\/escort-technology.com\\\/de\\\/#website\"},\"datePublished\":\"2021-05-06T07:07:10+00:00\",\"dateModified\":\"2021-05-14T13:40:08+00:00\",\"breadcrumb\":{\"@id\":\"http:\\\/\\\/escort-technology.com\\\/de\\\/przetworniki-marki-skipper\\\/#breadcrumb\"},\"inLanguage\":\"pl-PL\",\"potentialAction\":[{\"@type\":\"ReadAction\",\"target\":[\"http:\\\/\\\/escort-technology.com\\\/de\\\/przetworniki-marki-skipper\\\/\"]}]},{\"@type\":\"BreadcrumbList\",\"@id\":\"http:\\\/\\\/escort-technology.com\\\/de\\\/przetworniki-marki-skipper\\\/#breadcrumb\",\"itemListElement\":[{\"@type\":\"ListItem\",\"position\":1,\"name\":\"Strona g\u0142\u00f3wna\",\"item\":\"https:\\\/\\\/escort-technology.com\\\/\"},{\"@type\":\"ListItem\",\"position\":2,\"name\":\"Przetworniki marki Skipper\"}]},{\"@type\":\"WebSite\",\"@id\":\"http:\\\/\\\/escort-technology.com\\\/de\\\/#website\",\"url\":\"http:\\\/\\\/escort-technology.com\\\/de\\\/\",\"name\":\"ESCORT TECHNOLOGY\",\"description\":\"Elektronika morska i l\u0105dowa\",\"publisher\":{\"@id\":\"http:\\\/\\\/escort-technology.com\\\/de\\\/#organization\"},\"potentialAction\":[{\"@type\":\"SearchAction\",\"target\":{\"@type\":\"EntryPoint\",\"urlTemplate\":\"http:\\\/\\\/escort-technology.com\\\/de\\\/?s={search_term_string}\"},\"query-input\":{\"@type\":\"PropertyValueSpecification\",\"valueRequired\":true,\"valueName\":\"search_term_string\"}}],\"inLanguage\":\"pl-PL\"},{\"@type\":\"Organization\",\"@id\":\"http:\\\/\\\/escort-technology.com\\\/de\\\/#organization\",\"name\":\"ESCORT TECHNOLOGY\",\"url\":\"http:\\\/\\\/escort-technology.com\\\/de\\\/\",\"logo\":{\"@type\":\"ImageObject\",\"inLanguage\":\"pl-PL\",\"@id\":\"http:\\\/\\\/escort-technology.com\\\/de\\\/#\\\/schema\\\/logo\\\/image\\\/\",\"url\":\"https:\\\/\\\/escort-technology.com\\\/wp-content\\\/uploads\\\/logo-1.jpg\",\"contentUrl\":\"https:\\\/\\\/escort-technology.com\\\/wp-content\\\/uploads\\\/logo-1.jpg\",\"width\":600,\"height\":165,\"caption\":\"ESCORT TECHNOLOGY\"},\"image\":{\"@id\":\"http:\\\/\\\/escort-technology.com\\\/de\\\/#\\\/schema\\\/logo\\\/image\\\/\"},\"sameAs\":[\"https:\\\/\\\/www.facebook.com\\\/elektronika.morska\\\/\",\"https:\\\/\\\/www.linkedin.com\\\/company\\\/escort-sp-z-o-o-\\\/\"]}]}<\/script>\n<!-- \/ Yoast SEO plugin. -->","yoast_head_json":{"title":"Przetworniki marki Skipper - ESCORT TECHNOLOGY","robots":{"index":"index","follow":"follow","max-snippet":"max-snippet:-1","max-image-preview":"max-image-preview:large","max-video-preview":"max-video-preview:-1"},"canonical":"http:\/\/escort-technology.com\/pl\/de\/przetworniki-marki-skipper\/","og_locale":"pl_PL","og_type":"article","og_title":"Przetworniki marki Skipper - ESCORT TECHNOLOGY","og_description":"Przetworniki marki Skipper Dwu cz\u0119stotliwo\u015bciowy\u00a0 przetworniki SKIPPER 50\/200 kHz Podw\u00f3jny przetwornik nawigacyjny 50 i 200 kHz R\u00f3\u017cne adaptery pasuj\u0105ce do r\u00f3\u017cnych obud\u00f3w dennych Opcjonalna d\u0142ugo\u015b\u0107 kabla (25 lub 50 m) Przetworniki SKIPPER 200 kHz R\u00f3\u017cne adaptery do r\u00f3\u017cnych uk\u0142ad\u00f3w dna Opcjonalna d\u0142ugo\u015b\u0107 kabla (25 i 40 m) Zasi\u0119g Wersja ma\u0142a: 250 m Zasi\u0119g Wersja du\u017ca: [&hellip;]","og_url":"http:\/\/escort-technology.com\/pl\/de\/przetworniki-marki-skipper\/","og_site_name":"ESCORT TECHNOLOGY","article_publisher":"https:\/\/www.facebook.com\/elektronika.morska\/","article_modified_time":"2021-05-14T13:40:08+00:00","og_image":[{"url":"https:\/\/escort-technology.com\/wp-content\/uploads\/2021\/04\/ETS50200-SA-web.jpg","type":"","width":"","height":""}],"twitter_card":"summary_large_image","twitter_misc":{"Szacowany czas czytania":"1 minuta"},"schema":{"@context":"https:\/\/schema.org","@graph":[{"@type":"WebPage","@id":"http:\/\/escort-technology.com\/de\/przetworniki-marki-skipper\/","url":"http:\/\/escort-technology.com\/de\/przetworniki-marki-skipper\/","name":"Przetworniki marki Skipper - ESCORT TECHNOLOGY","isPartOf":{"@id":"http:\/\/escort-technology.com\/de\/#website"},"datePublished":"2021-05-06T07:07:10+00:00","dateModified":"2021-05-14T13:40:08+00:00","breadcrumb":{"@id":"http:\/\/escort-technology.com\/de\/przetworniki-marki-skipper\/#breadcrumb"},"inLanguage":"pl-PL","potentialAction":[{"@type":"ReadAction","target":["http:\/\/escort-technology.com\/de\/przetworniki-marki-skipper\/"]}]},{"@type":"BreadcrumbList","@id":"http:\/\/escort-technology.com\/de\/przetworniki-marki-skipper\/#breadcrumb","itemListElement":[{"@type":"ListItem","position":1,"name":"Strona g\u0142\u00f3wna","item":"https:\/\/escort-technology.com\/"},{"@type":"ListItem","position":2,"name":"Przetworniki marki Skipper"}]},{"@type":"WebSite","@id":"http:\/\/escort-technology.com\/de\/#website","url":"http:\/\/escort-technology.com\/de\/","name":"ESCORT TECHNOLOGY","description":"Elektronika morska i l\u0105dowa","publisher":{"@id":"http:\/\/escort-technology.com\/de\/#organization"},"potentialAction":[{"@type":"SearchAction","target":{"@type":"EntryPoint","urlTemplate":"http:\/\/escort-technology.com\/de\/?s={search_term_string}"},"query-input":{"@type":"PropertyValueSpecification","valueRequired":true,"valueName":"search_term_string"}}],"inLanguage":"pl-PL"},{"@type":"Organization","@id":"http:\/\/escort-technology.com\/de\/#organization","name":"ESCORT TECHNOLOGY","url":"http:\/\/escort-technology.com\/de\/","logo":{"@type":"ImageObject","inLanguage":"pl-PL","@id":"http:\/\/escort-technology.com\/de\/#\/schema\/logo\/image\/","url":"https:\/\/escort-technology.com\/wp-content\/uploads\/logo-1.jpg","contentUrl":"https:\/\/escort-technology.com\/wp-content\/uploads\/logo-1.jpg","width":600,"height":165,"caption":"ESCORT TECHNOLOGY"},"image":{"@id":"http:\/\/escort-technology.com\/de\/#\/schema\/logo\/image\/"},"sameAs":["https:\/\/www.facebook.com\/elektronika.morska\/","https:\/\/www.linkedin.com\/company\/escort-sp-z-o-o-\/"]}]}},"_links":{"self":[{"href":"https:\/\/escort-technology.com\/pl\/wp-json\/wp\/v2\/pages\/9048","targetHints":{"allow":["GET"]}}],"collection":[{"href":"https:\/\/escort-technology.com\/pl\/wp-json\/wp\/v2\/pages"}],"about":[{"href":"https:\/\/escort-technology.com\/pl\/wp-json\/wp\/v2\/types\/page"}],"author":[{"embeddable":true,"href":"https:\/\/escort-technology.com\/pl\/wp-json\/wp\/v2\/users\/10"}],"replies":[{"embeddable":true,"href":"https:\/\/escort-technology.com\/pl\/wp-json\/wp\/v2\/comments?post=9048"}],"version-history":[{"count":15,"href":"https:\/\/escort-technology.com\/pl\/wp-json\/wp\/v2\/pages\/9048\/revisions"}],"predecessor-version":[{"id":9287,"href":"https:\/\/escort-technology.com\/pl\/wp-json\/wp\/v2\/pages\/9048\/revisions\/9287"}],"wp:attachment":[{"href":"https:\/\/escort-technology.com\/pl\/wp-json\/wp\/v2\/media?parent=9048"}],"curies":[{"name":"wp","href":"https:\/\/api.w.org\/{rel}","templated":true}]}}