{"id":9121,"date":"2021-05-06T14:07:35","date_gmt":"2021-05-06T12:07:35","guid":{"rendered":"https:\/\/escort-technology.com\/?page_id=9121"},"modified":"2021-05-06T14:20:32","modified_gmt":"2021-05-06T12:20:32","slug":"transponder-ais-klasy-b-simrad-nais-500","status":"publish","type":"page","link":"https:\/\/escort-technology.com\/pl\/transponder-ais-klasy-b-simrad-nais-500\/","title":{"rendered":"Transponder AIS klasy B Simrad NAIS-500"},"content":{"rendered":"<h1>\n<h1 class=\"uk-article-title\">Transponder AIS klasy B Simrad NAIS-500<\/h1>\n<\/h1>\n<hr>\n<div>\n<p><strong>Zmniejsz swoje ryzyko kolizji z tym w pe\u0142ni zintegrowanym transponderem AIS klasy B &#8211; niezb\u0119dnym do nawigacji po dzisiejszych ruchliwych szlakach \u017ceglugowych i zat\u0142oczonych portach. Kompaktowy w rozmiarze, lekki, ca\u0142kowicie wodoodporny, o niskim poborze mocy i posiadaj\u0105cy wiele mo\u017cliwo\u015bci po\u0142\u0105cze\u0144, NAIS 500 jest idealny do \u0142\u0105czenia w sie\u0107 z dowolnym chartploterem \/ wy\u015bwietlaczem wielofunkcyjnym serii NSS, NSO lub GO i systemem Simrad RS VHF.<\/strong><\/p>\n<\/div>\n<ul>\n<li>\n<p>        <img decoding=\"async\" src=\"\/wp-content\/uploads\/2021\/05\/NAIS_500_MAIN.png\" alt=\"\"><\/p>\n<\/li>\n<li>\n<p>        <img decoding=\"async\" src=\"\/wp-content\/uploads\/2021\/05\/000-13611-001_04.jpg\" alt=\"\"><\/p>\n<\/li>\n<li>\n<p>        <img decoding=\"async\" src=\"\/wp-content\/uploads\/2021\/05\/000-13611-001_03.jpg\" alt=\"\"><\/p>\n<\/li>\n<li>\n<p>        <img decoding=\"async\" src=\"\/wp-content\/uploads\/2021\/05\/000-13611-001_01.jpg\" alt=\"\"><\/p>\n<\/li>\n<\/ul>\n<ul>\n<li>\n<h3>Szczeg\u00f3\u0142y produktu<\/h3>\n<div>\n<p><strong>Zatwierdzony dla klasy B<\/strong><\/p>\n<p>Spe\u0142nia surowe przepisy okre\u015blone dla tej klasy system\u00f3w automatycznej identyfikacji.<\/p>\n<p><strong>Wysy\u0142anie i odbieranie<\/strong><\/p>\n<p>Urz\u0105dzenie NAIS 500 zapewnia, \u017ce jeste\u015b widoczny i mo\u017cesz by\u0107 widoczny na wodzie poprzez wysy\u0142anie sygna\u0142u do innych statk\u00f3w z Twoimi danymi nawigacyjnymi.. Pozwala to na zaplanowanie wszelkich niezb\u0119dnych manewr\u00f3w omijania z du\u017cym wyprzedzeniem.<\/p>\n<p><strong>Zintegrowane rozwi\u0105zanie<\/strong><\/p>\n<p>Po\u0142\u0105cz w sie\u0107 z chartploterem\/wy\u015bwietlaczem wielofunkcyjnym serii NSS, NSO lub GO oraz morskim radiem VHF, aby uzyska\u0107 w pe\u0142ni zintegrowany system.<\/p>\n<p><strong>R\u00f3\u017cnorodne po\u0142\u0105czenia sieciowe<\/strong><\/p>\n<p>Kompatybilny z NMEA 2000\u00ae, NMEA 0183\u00ae, multipleksowaniem NMEA 0183\u00ae i USB.<\/p>\n<p><strong>Wodoodporny<\/strong><\/p>\n<p>Norma IPX7.<\/p>\n<p><strong>Lekka obudowa<\/strong><\/p>\n<p>Tylko 250 gram\u00f3w.<\/p>\n<p><strong>Niski pob\u00f3r mocy<\/strong><\/p>\n<p>Idealny dla \u017cagl\u00f3wek lub \u0142odzi motorowych, NAIS 500 charakteryzuje si\u0119 niskim \u015brednim poborem pr\u0105du 180 mA przy 12 VDC.<\/p>\n<\/div>\n<\/li>\n<li>\n<h3>G\u0142\u00f3wne cechy<\/h3>\n<div>\n<ul>\n<li>Zatwierdzona klasa B<\/li>\n<li>Wysy\u0142anie i odbieranie danych<\/li>\n<li>Zintegrowane rozwi\u0105zanie<\/li>\n<li>Wiele po\u0142\u0105cze\u0144 sieciowych<\/li>\n<li>Wodoodporny<\/li>\n<li>Lekka obudowa<\/li>\n<li>Niski pob\u00f3r mocy<\/li>\n<li>Szeroki zakres napi\u0119\u0107<\/li>\n<\/ul>\n<\/div>\n<\/li>\n<li>\n<h3>Zestaw zawiera:<\/h3>\n<div>\n<ul class=\"c-in-the-box__bullets\">\n<li class=\"c-in-the-box__item col-xs-12 col-sm-6 col-md-12\"><img decoding=\"async\" src=\"https:\/\/www.simrad-yachting.com\/globalassets\/inriver\/resources\/000-0119-79_0.png?w=60&amp;h=40&amp;scale=both&amp;mode=crop\" \/><span class=\"c-in-the-box__name\">N2K-T-RD Network T-Connector<\/span><\/li>\n<li class=\"c-in-the-box__item col-xs-12 col-sm-6 col-md-12\"><img decoding=\"async\" src=\"https:\/\/www.simrad-yachting.com\/globalassets\/inriver\/resources\/000-0127-53_0.png?w=60&amp;h=40&amp;scale=both&amp;mode=crop\" \/><span class=\"c-in-the-box__name\">NMEA 2000 6ft Kabel sieciowy<br \/><\/span><\/li>\n<li class=\"c-in-the-box__item col-xs-12 col-sm-6 col-md-12\"><img decoding=\"async\" src=\"https:\/\/www.simrad-yachting.com\/globalassets\/inriver\/resources\/000-13611-001_01.jpg?w=60&amp;h=40&amp;scale=both&amp;mode=crop\" \/><span class=\"c-in-the-box__name\">NAIS-500<\/span><\/li>\n<li class=\"c-in-the-box__item col-xs-12 col-sm-6 col-md-12\"><img decoding=\"async\" src=\"https:\/\/www.simrad-yachting.com\/globalassets\/inriver\/resources\/nais_500_gps.png?w=60&amp;h=40&amp;scale=both&amp;mode=crop\" \/><span class=\"c-in-the-box__name\">GPS-500: antena GPS do transpondera NAIS-500 AIS <br \/><\/span><\/li>\n<\/ul>\n<\/div>\n<\/li>\n<\/ul>\n<p><!--more--><br \/>\n<!-- {\"type\":\"layout\",\"children\":[{\"type\":\"section\",\"props\":{\"style\":\"default\",\"width\":\"default\",\"vertical_align\":\"middle\",\"title_position\":\"top-left\",\"title_rotation\":\"left\",\"title_breakpoint\":\"xl\",\"image_position\":\"center-center\"},\"children\":[{\"type\":\"row\",\"children\":[{\"type\":\"column\",\"props\":{\"image_position\":\"center-center\",\"media_overlay_gradient\":\"\"},\"children\":[{\"type\":\"headline\",\"props\":{\"title_element\":\"h1\",\"content\":\"\n\n<h1 class=\\\"uk-article-title\\\">Transponder AIS klasy B Simrad NAIS-500<\\\/h1>\"}},{\"type\":\"divider\",\"props\":{\"divider_element\":\"hr\"}}]}]}]},{\"type\":\"section\",\"props\":{\"style\":\"default\",\"width\":\"default\",\"vertical_align\":\"middle\",\"title_position\":\"top-left\",\"title_rotation\":\"left\",\"title_breakpoint\":\"xl\",\"image_position\":\"center-center\"},\"children\":[{\"type\":\"row\",\"props\":{\"layout\":\"1-2,1-2\"},\"children\":[{\"type\":\"column\",\"props\":{\"image_position\":\"center-center\",\"media_overlay_gradient\":\"\",\"width_medium\":\"1-2\"},\"children\":[{\"type\":\"text\",\"props\":{\"margin\":\"default\",\"column_breakpoint\":\"m\",\"content\":\"\n\n<p><strong>Zmniejsz swoje ryzyko kolizji z tym w pe\\u0142ni zintegrowanym transponderem AIS klasy B - niezb\\u0119dnym do nawigacji po dzisiejszych ruchliwych szlakach \\u017ceglugowych i zat\\u0142oczonych portach. Kompaktowy w rozmiarze, lekki, ca\\u0142kowicie wodoodporny, o niskim poborze mocy i posiadaj\\u0105cy wiele mo\\u017cliwo\\u015bci po\\u0142\\u0105cze\\u0144, NAIS 500 jest idealny do \\u0142\\u0105czenia w sie\\u0107 z dowolnym chartploterem \\\/ wy\\u015bwietlaczem wielofunkcyjnym serii NSS, NSO lub GO i systemem Simrad RS VHF.<\\\/strong><\\\/p>\"}}]},{\"type\":\"column\",\"props\":{\"image_position\":\"center-center\",\"media_overlay_gradient\":\"\",\"width_medium\":\"1-2\"},\"children\":[{\"type\":\"slideshow\",\"props\":{\"show_title\":true,\"show_meta\":true,\"show_content\":true,\"show_link\":true,\"show_thumbnail\":true,\"slideshow_min_height\":\"200\",\"slideshow_autoplay_pause\":true,\"nav\":\"dotnav\",\"nav_position\":\"bottom-center\",\"nav_position_margin\":\"medium\",\"nav_align\":\"center\",\"nav_breakpoint\":\"s\",\"thumbnav_width\":\"100\",\"thumbnav_height\":\"75\",\"thumbnav_svg_color\":\"emphasis\",\"slidenav\":\"default\",\"slidenav_margin\":\"medium\",\"slidenav_breakpoint\":\"s\",\"slidenav_outside_breakpoint\":\"xl\",\"overlay_position\":\"center-left\",\"overlay_animation\":\"parallax\",\"title_element\":\"h3\",\"meta_style\":\"meta\",\"meta_align\":\"below-title\",\"meta_element\":\"div\",\"link_text\":\"Read more\",\"link_style\":\"default\",\"margin\":\"default\",\"slideshow_height\":\"\"},\"children\":[{\"type\":\"slideshow_item\",\"props\":{\"image\":\"wp-content\\\/uploads\\\/2021\\\/05\\\/NAIS_500_MAIN.png\"}},{\"type\":\"slideshow_item\",\"props\":{\"image\":\"wp-content\\\/uploads\\\/2021\\\/05\\\/000-13611-001_04.jpg\"}},{\"type\":\"slideshow_item\",\"props\":{\"image\":\"wp-content\\\/uploads\\\/2021\\\/05\\\/000-13611-001_03.jpg\"}},{\"type\":\"slideshow_item\",\"props\":{\"image\":\"wp-content\\\/uploads\\\/2021\\\/05\\\/000-13611-001_01.jpg\"}}]}]}]}]},{\"type\":\"section\",\"props\":{\"style\":\"default\",\"width\":\"default\",\"vertical_align\":\"middle\",\"title_position\":\"top-left\",\"title_rotation\":\"left\",\"title_breakpoint\":\"xl\",\"image_position\":\"center-center\"},\"children\":[{\"type\":\"row\",\"children\":[{\"type\":\"column\",\"props\":{\"image_position\":\"center-center\",\"media_overlay_gradient\":\"\"},\"children\":[{\"type\":\"switcher\",\"props\":{\"show_title\":true,\"show_meta\":true,\"show_content\":true,\"show_image\":true,\"show_link\":true,\"show_label\":true,\"show_thumbnail\":true,\"switcher_style\":\"tab\",\"switcher_thumbnail_svg_color\":\"emphasis\",\"switcher_position\":\"top\",\"switcher_align\":\"left\",\"switcher_grid_width\":\"auto\",\"switcher_grid_breakpoint\":\"m\",\"switcher_animation\":\"fade\",\"switcher_height\":true,\"title_element\":\"h3\",\"title_align\":\"top\",\"title_grid_width\":\"1-2\",\"title_grid_breakpoint\":\"m\",\"meta_style\":\"meta\",\"meta_align\":\"below-title\",\"meta_element\":\"div\",\"content_column_breakpoint\":\"m\",\"image_svg_color\":\"emphasis\",\"image_align\":\"top\",\"image_grid_width\":\"1-2\",\"image_grid_breakpoint\":\"m\",\"switcher_thumbnail_width\":\"100\",\"switcher_thumbnail_height\":\"75\",\"link_text\":\"Read more\",\"link_style\":\"default\",\"margin\":\"default\"},\"children\":[{\"type\":\"switcher_item\",\"props\":{\"title\":\"Szczeg\\u00f3\\u0142y produktu\",\"content\":\"\n\n<p><strong>Zatwierdzony dla klasy B<\\\/strong><\\\/p>\\n\n\n<p>Spe\\u0142nia surowe przepisy okre\\u015blone dla tej klasy system\\u00f3w automatycznej identyfikacji.<\\\/p>\\n\n\n<p><strong>Wysy\\u0142anie i odbieranie<\\\/strong><\\\/p>\\n\n\n<p>Urz\\u0105dzenie NAIS 500 zapewnia, \\u017ce jeste\\u015b widoczny i mo\\u017cesz by\\u0107 widoczny na wodzie poprzez wysy\\u0142anie sygna\\u0142u do innych statk\\u00f3w z Twoimi danymi nawigacyjnymi.. Pozwala to na zaplanowanie wszelkich niezb\\u0119dnych manewr\\u00f3w omijania z du\\u017cym wyprzedzeniem.<\\\/p>\\n\n\n<p><strong>Zintegrowane rozwi\\u0105zanie<\\\/strong><\\\/p>\\n\n\n<p>Po\\u0142\\u0105cz w sie\\u0107 z chartploterem\\\/wy\\u015bwietlaczem wielofunkcyjnym serii NSS, NSO lub GO oraz morskim radiem VHF, aby uzyska\\u0107 w pe\\u0142ni zintegrowany system.<\\\/p>\\n\n\n<p><strong>R\\u00f3\\u017cnorodne po\\u0142\\u0105czenia sieciowe<\\\/strong><\\\/p>\\n\n\n<p>Kompatybilny z NMEA 2000\\u00ae, NMEA 0183\\u00ae, multipleksowaniem NMEA 0183\\u00ae i USB.<\\\/p>\\n\n\n<p><strong>Wodoodporny<\\\/strong><\\\/p>\\n\n\n<p>Norma IPX7.<\\\/p>\\n\n\n<p><strong>Lekka obudowa<\\\/strong><\\\/p>\\n\n\n<p>Tylko 250 gram\\u00f3w.<\\\/p>\\n\n\n<p><strong>Niski pob\\u00f3r mocy<\\\/strong><\\\/p>\\n\n\n<p>Idealny dla \\u017cagl\\u00f3wek lub \\u0142odzi motorowych, NAIS 500 charakteryzuje si\\u0119 niskim \\u015brednim poborem pr\\u0105du 180 mA przy 12 VDC.<\\\/p>\"}},{\"type\":\"switcher_item\",\"props\":{\"title\":\"G\\u0142\\u00f3wne cechy\",\"content\":\"\n\n<ul>\\n\n\n<li>Zatwierdzona klasa B<\\\/li>\\n\n\n<li>Wysy\\u0142anie i odbieranie danych<\\\/li>\\n\n\n<li>Zintegrowane rozwi\\u0105zanie<\\\/li>\\n\n\n<li>Wiele po\\u0142\\u0105cze\\u0144 sieciowych<\\\/li>\\n\n\n<li>Wodoodporny<\\\/li>\\n\n\n<li>Lekka obudowa<\\\/li>\\n\n\n<li>Niski pob\\u00f3r mocy<\\\/li>\\n\n\n<li>Szeroki zakres napi\\u0119\\u0107<\\\/li>\\n<\\\/ul>\"}},{\"type\":\"switcher_item\",\"props\":{\"title\":\"Zestaw zawiera:\",\"content\":\"\n\n<ul class=\\\"c-in-the-box__bullets\\\">\\n\n\n<li class=\\\"c-in-the-box__item col-xs-12 col-sm-6 col-md-12\\\"><img src=\\\"https:\\\/\\\/www.simrad-yachting.com\\\/globalassets\\\/inriver\\\/resources\\\/000-0119-79_0.png?w=60&amp;h=40&amp;scale=both&amp;mode=crop\\\" \\\/><span class=\\\"c-in-the-box__name\\\">N2K-T-RD Network T-Connector<\\\/span><\\\/li>\\n\n\n<li class=\\\"c-in-the-box__item col-xs-12 col-sm-6 col-md-12\\\"><img src=\\\"https:\\\/\\\/www.simrad-yachting.com\\\/globalassets\\\/inriver\\\/resources\\\/000-0127-53_0.png?w=60&amp;h=40&amp;scale=both&amp;mode=crop\\\" \\\/><span class=\\\"c-in-the-box__name\\\">NMEA 2000 6ft Kabel sieciowy<br \\\/><\\\/span><\\\/li>\\n\n\n<li class=\\\"c-in-the-box__item col-xs-12 col-sm-6 col-md-12\\\"><img src=\\\"https:\\\/\\\/www.simrad-yachting.com\\\/globalassets\\\/inriver\\\/resources\\\/000-13611-001_01.jpg?w=60&amp;h=40&amp;scale=both&amp;mode=crop\\\" \\\/><span class=\\\"c-in-the-box__name\\\">NAIS-500<\\\/span><\\\/li>\\n\n\n<li class=\\\"c-in-the-box__item col-xs-12 col-sm-6 col-md-12\\\"><img src=\\\"https:\\\/\\\/www.simrad-yachting.com\\\/globalassets\\\/inriver\\\/resources\\\/nais_500_gps.png?w=60&amp;h=40&amp;scale=both&amp;mode=crop\\\" \\\/><span class=\\\"c-in-the-box__name\\\">GPS-500: antena GPS do transpondera NAIS-500 AIS <br \\\/><\\\/span><\\\/li>\\n<\\\/ul>\"}}]}]}]}]}],\"version\":\"2.4.14\"} --><\/p>\n","protected":false},"excerpt":{"rendered":"<p>Transponder AIS klasy B Simrad NAIS-500 Zmniejsz swoje ryzyko kolizji z tym w pe\u0142ni zintegrowanym transponderem AIS klasy B &#8211; niezb\u0119dnym do nawigacji po dzisiejszych ruchliwych szlakach \u017ceglugowych i zat\u0142oczonych portach. Kompaktowy w rozmiarze, lekki, ca\u0142kowicie wodoodporny, o niskim poborze mocy i posiadaj\u0105cy wiele mo\u017cliwo\u015bci po\u0142\u0105cze\u0144, NAIS 500 jest idealny do \u0142\u0105czenia w sie\u0107 z [&hellip;]<\/p>\n","protected":false},"author":10,"featured_media":0,"parent":0,"menu_order":0,"comment_status":"closed","ping_status":"closed","template":"","meta":{"footnotes":""},"class_list":["post-9121","page","type-page","status-publish","hentry"],"yoast_head":"<!-- This site is optimized with the Yoast SEO plugin v27.6 - https:\/\/yoast.com\/product\/yoast-seo-wordpress\/ -->\n<title>Transponder AIS klasy B Simrad NAIS-500 - ESCORT TECHNOLOGY<\/title>\n<meta name=\"robots\" content=\"index, follow, max-snippet:-1, max-image-preview:large, max-video-preview:-1\" \/>\n<link rel=\"canonical\" href=\"https:\/\/escort-technology.com\/pl\/transponder-ais-klasy-b-simrad-nais-500\/\" \/>\n<meta property=\"og:locale\" content=\"pl_PL\" \/>\n<meta property=\"og:type\" content=\"article\" \/>\n<meta property=\"og:title\" content=\"Transponder AIS klasy B Simrad NAIS-500 - ESCORT TECHNOLOGY\" \/>\n<meta property=\"og:description\" content=\"Transponder AIS klasy B Simrad NAIS-500 Zmniejsz swoje ryzyko kolizji z tym w pe\u0142ni zintegrowanym transponderem AIS klasy B &#8211; niezb\u0119dnym do nawigacji po dzisiejszych ruchliwych szlakach \u017ceglugowych i zat\u0142oczonych portach. Kompaktowy w rozmiarze, lekki, ca\u0142kowicie wodoodporny, o niskim poborze mocy i posiadaj\u0105cy wiele mo\u017cliwo\u015bci po\u0142\u0105cze\u0144, NAIS 500 jest idealny do \u0142\u0105czenia w sie\u0107 z [&hellip;]\" \/>\n<meta property=\"og:url\" content=\"https:\/\/escort-technology.com\/pl\/transponder-ais-klasy-b-simrad-nais-500\/\" \/>\n<meta property=\"og:site_name\" content=\"ESCORT TECHNOLOGY\" \/>\n<meta property=\"article:publisher\" content=\"https:\/\/www.facebook.com\/elektronika.morska\/\" \/>\n<meta property=\"article:modified_time\" content=\"2021-05-06T12:20:32+00:00\" \/>\n<meta property=\"og:image\" content=\"https:\/\/escort-technology.com\/wp-content\/uploads\/2021\/05\/NAIS_500_MAIN.png\" \/>\n<meta name=\"twitter:card\" content=\"summary_large_image\" \/>\n<meta name=\"twitter:label1\" content=\"Szacowany czas czytania\" \/>\n\t<meta name=\"twitter:data1\" content=\"1 minuta\" \/>\n<script type=\"application\/ld+json\" class=\"yoast-schema-graph\">{\"@context\":\"https:\\\/\\\/schema.org\",\"@graph\":[{\"@type\":\"WebPage\",\"@id\":\"https:\\\/\\\/escort-technology.com\\\/en\\\/transponder-ais-klasy-b-simrad-nais-500\\\/\",\"url\":\"https:\\\/\\\/escort-technology.com\\\/en\\\/transponder-ais-klasy-b-simrad-nais-500\\\/\",\"name\":\"Transponder AIS klasy B Simrad NAIS-500 - ESCORT TECHNOLOGY\",\"isPartOf\":{\"@id\":\"http:\\\/\\\/escort-technology.com\\\/de\\\/#website\"},\"primaryImageOfPage\":{\"@id\":\"https:\\\/\\\/escort-technology.com\\\/en\\\/transponder-ais-klasy-b-simrad-nais-500\\\/#primaryimage\"},\"image\":{\"@id\":\"https:\\\/\\\/escort-technology.com\\\/en\\\/transponder-ais-klasy-b-simrad-nais-500\\\/#primaryimage\"},\"thumbnailUrl\":\"https:\\\/\\\/www.simrad-yachting.com\\\/globalassets\\\/inriver\\\/resources\\\/000-0119-79_0.png?w=60&amp;h=40&amp;scale=both&amp;mode=crop\",\"datePublished\":\"2021-05-06T12:07:35+00:00\",\"dateModified\":\"2021-05-06T12:20:32+00:00\",\"breadcrumb\":{\"@id\":\"https:\\\/\\\/escort-technology.com\\\/en\\\/transponder-ais-klasy-b-simrad-nais-500\\\/#breadcrumb\"},\"inLanguage\":\"pl-PL\",\"potentialAction\":[{\"@type\":\"ReadAction\",\"target\":[\"https:\\\/\\\/escort-technology.com\\\/en\\\/transponder-ais-klasy-b-simrad-nais-500\\\/\"]}]},{\"@type\":\"ImageObject\",\"inLanguage\":\"pl-PL\",\"@id\":\"https:\\\/\\\/escort-technology.com\\\/en\\\/transponder-ais-klasy-b-simrad-nais-500\\\/#primaryimage\",\"url\":\"https:\\\/\\\/www.simrad-yachting.com\\\/globalassets\\\/inriver\\\/resources\\\/000-0119-79_0.png?w=60&amp;h=40&amp;scale=both&amp;mode=crop\",\"contentUrl\":\"https:\\\/\\\/www.simrad-yachting.com\\\/globalassets\\\/inriver\\\/resources\\\/000-0119-79_0.png?w=60&amp;h=40&amp;scale=both&amp;mode=crop\"},{\"@type\":\"BreadcrumbList\",\"@id\":\"https:\\\/\\\/escort-technology.com\\\/en\\\/transponder-ais-klasy-b-simrad-nais-500\\\/#breadcrumb\",\"itemListElement\":[{\"@type\":\"ListItem\",\"position\":1,\"name\":\"Strona g\u0142\u00f3wna\",\"item\":\"https:\\\/\\\/escort-technology.com\\\/\"},{\"@type\":\"ListItem\",\"position\":2,\"name\":\"Transponder AIS klasy B Simrad NAIS-500\"}]},{\"@type\":\"WebSite\",\"@id\":\"http:\\\/\\\/escort-technology.com\\\/de\\\/#website\",\"url\":\"http:\\\/\\\/escort-technology.com\\\/de\\\/\",\"name\":\"ESCORT TECHNOLOGY\",\"description\":\"Elektronika morska i l\u0105dowa\",\"publisher\":{\"@id\":\"http:\\\/\\\/escort-technology.com\\\/de\\\/#organization\"},\"potentialAction\":[{\"@type\":\"SearchAction\",\"target\":{\"@type\":\"EntryPoint\",\"urlTemplate\":\"http:\\\/\\\/escort-technology.com\\\/de\\\/?s={search_term_string}\"},\"query-input\":{\"@type\":\"PropertyValueSpecification\",\"valueRequired\":true,\"valueName\":\"search_term_string\"}}],\"inLanguage\":\"pl-PL\"},{\"@type\":\"Organization\",\"@id\":\"http:\\\/\\\/escort-technology.com\\\/de\\\/#organization\",\"name\":\"ESCORT TECHNOLOGY\",\"url\":\"http:\\\/\\\/escort-technology.com\\\/de\\\/\",\"logo\":{\"@type\":\"ImageObject\",\"inLanguage\":\"pl-PL\",\"@id\":\"http:\\\/\\\/escort-technology.com\\\/de\\\/#\\\/schema\\\/logo\\\/image\\\/\",\"url\":\"https:\\\/\\\/escort-technology.com\\\/wp-content\\\/uploads\\\/logo-1.jpg\",\"contentUrl\":\"https:\\\/\\\/escort-technology.com\\\/wp-content\\\/uploads\\\/logo-1.jpg\",\"width\":600,\"height\":165,\"caption\":\"ESCORT TECHNOLOGY\"},\"image\":{\"@id\":\"http:\\\/\\\/escort-technology.com\\\/de\\\/#\\\/schema\\\/logo\\\/image\\\/\"},\"sameAs\":[\"https:\\\/\\\/www.facebook.com\\\/elektronika.morska\\\/\",\"https:\\\/\\\/www.linkedin.com\\\/company\\\/escort-sp-z-o-o-\\\/\"]}]}<\/script>\n<!-- \/ Yoast SEO plugin. -->","yoast_head_json":{"title":"Transponder AIS klasy B Simrad NAIS-500 - ESCORT TECHNOLOGY","robots":{"index":"index","follow":"follow","max-snippet":"max-snippet:-1","max-image-preview":"max-image-preview:large","max-video-preview":"max-video-preview:-1"},"canonical":"https:\/\/escort-technology.com\/pl\/transponder-ais-klasy-b-simrad-nais-500\/","og_locale":"pl_PL","og_type":"article","og_title":"Transponder AIS klasy B Simrad NAIS-500 - ESCORT TECHNOLOGY","og_description":"Transponder AIS klasy B Simrad NAIS-500 Zmniejsz swoje ryzyko kolizji z tym w pe\u0142ni zintegrowanym transponderem AIS klasy B &#8211; niezb\u0119dnym do nawigacji po dzisiejszych ruchliwych szlakach \u017ceglugowych i zat\u0142oczonych portach. Kompaktowy w rozmiarze, lekki, ca\u0142kowicie wodoodporny, o niskim poborze mocy i posiadaj\u0105cy wiele mo\u017cliwo\u015bci po\u0142\u0105cze\u0144, NAIS 500 jest idealny do \u0142\u0105czenia w sie\u0107 z [&hellip;]","og_url":"https:\/\/escort-technology.com\/pl\/transponder-ais-klasy-b-simrad-nais-500\/","og_site_name":"ESCORT TECHNOLOGY","article_publisher":"https:\/\/www.facebook.com\/elektronika.morska\/","article_modified_time":"2021-05-06T12:20:32+00:00","og_image":[{"url":"https:\/\/escort-technology.com\/wp-content\/uploads\/2021\/05\/NAIS_500_MAIN.png","type":"","width":"","height":""}],"twitter_card":"summary_large_image","twitter_misc":{"Szacowany czas czytania":"1 minuta"},"schema":{"@context":"https:\/\/schema.org","@graph":[{"@type":"WebPage","@id":"https:\/\/escort-technology.com\/en\/transponder-ais-klasy-b-simrad-nais-500\/","url":"https:\/\/escort-technology.com\/en\/transponder-ais-klasy-b-simrad-nais-500\/","name":"Transponder AIS klasy B Simrad NAIS-500 - ESCORT TECHNOLOGY","isPartOf":{"@id":"http:\/\/escort-technology.com\/de\/#website"},"primaryImageOfPage":{"@id":"https:\/\/escort-technology.com\/en\/transponder-ais-klasy-b-simrad-nais-500\/#primaryimage"},"image":{"@id":"https:\/\/escort-technology.com\/en\/transponder-ais-klasy-b-simrad-nais-500\/#primaryimage"},"thumbnailUrl":"https:\/\/www.simrad-yachting.com\/globalassets\/inriver\/resources\/000-0119-79_0.png?w=60&amp;h=40&amp;scale=both&amp;mode=crop","datePublished":"2021-05-06T12:07:35+00:00","dateModified":"2021-05-06T12:20:32+00:00","breadcrumb":{"@id":"https:\/\/escort-technology.com\/en\/transponder-ais-klasy-b-simrad-nais-500\/#breadcrumb"},"inLanguage":"pl-PL","potentialAction":[{"@type":"ReadAction","target":["https:\/\/escort-technology.com\/en\/transponder-ais-klasy-b-simrad-nais-500\/"]}]},{"@type":"ImageObject","inLanguage":"pl-PL","@id":"https:\/\/escort-technology.com\/en\/transponder-ais-klasy-b-simrad-nais-500\/#primaryimage","url":"https:\/\/www.simrad-yachting.com\/globalassets\/inriver\/resources\/000-0119-79_0.png?w=60&amp;h=40&amp;scale=both&amp;mode=crop","contentUrl":"https:\/\/www.simrad-yachting.com\/globalassets\/inriver\/resources\/000-0119-79_0.png?w=60&amp;h=40&amp;scale=both&amp;mode=crop"},{"@type":"BreadcrumbList","@id":"https:\/\/escort-technology.com\/en\/transponder-ais-klasy-b-simrad-nais-500\/#breadcrumb","itemListElement":[{"@type":"ListItem","position":1,"name":"Strona g\u0142\u00f3wna","item":"https:\/\/escort-technology.com\/"},{"@type":"ListItem","position":2,"name":"Transponder AIS klasy B Simrad NAIS-500"}]},{"@type":"WebSite","@id":"http:\/\/escort-technology.com\/de\/#website","url":"http:\/\/escort-technology.com\/de\/","name":"ESCORT TECHNOLOGY","description":"Elektronika morska i l\u0105dowa","publisher":{"@id":"http:\/\/escort-technology.com\/de\/#organization"},"potentialAction":[{"@type":"SearchAction","target":{"@type":"EntryPoint","urlTemplate":"http:\/\/escort-technology.com\/de\/?s={search_term_string}"},"query-input":{"@type":"PropertyValueSpecification","valueRequired":true,"valueName":"search_term_string"}}],"inLanguage":"pl-PL"},{"@type":"Organization","@id":"http:\/\/escort-technology.com\/de\/#organization","name":"ESCORT TECHNOLOGY","url":"http:\/\/escort-technology.com\/de\/","logo":{"@type":"ImageObject","inLanguage":"pl-PL","@id":"http:\/\/escort-technology.com\/de\/#\/schema\/logo\/image\/","url":"https:\/\/escort-technology.com\/wp-content\/uploads\/logo-1.jpg","contentUrl":"https:\/\/escort-technology.com\/wp-content\/uploads\/logo-1.jpg","width":600,"height":165,"caption":"ESCORT TECHNOLOGY"},"image":{"@id":"http:\/\/escort-technology.com\/de\/#\/schema\/logo\/image\/"},"sameAs":["https:\/\/www.facebook.com\/elektronika.morska\/","https:\/\/www.linkedin.com\/company\/escort-sp-z-o-o-\/"]}]}},"_links":{"self":[{"href":"https:\/\/escort-technology.com\/pl\/wp-json\/wp\/v2\/pages\/9121","targetHints":{"allow":["GET"]}}],"collection":[{"href":"https:\/\/escort-technology.com\/pl\/wp-json\/wp\/v2\/pages"}],"about":[{"href":"https:\/\/escort-technology.com\/pl\/wp-json\/wp\/v2\/types\/page"}],"author":[{"embeddable":true,"href":"https:\/\/escort-technology.com\/pl\/wp-json\/wp\/v2\/users\/10"}],"replies":[{"embeddable":true,"href":"https:\/\/escort-technology.com\/pl\/wp-json\/wp\/v2\/comments?post=9121"}],"version-history":[{"count":7,"href":"https:\/\/escort-technology.com\/pl\/wp-json\/wp\/v2\/pages\/9121\/revisions"}],"predecessor-version":[{"id":9134,"href":"https:\/\/escort-technology.com\/pl\/wp-json\/wp\/v2\/pages\/9121\/revisions\/9134"}],"wp:attachment":[{"href":"https:\/\/escort-technology.com\/pl\/wp-json\/wp\/v2\/media?parent=9121"}],"curies":[{"name":"wp","href":"https:\/\/api.w.org\/{rel}","templated":true}]}}