{"id":9135,"date":"2021-05-06T14:49:25","date_gmt":"2021-05-06T12:49:25","guid":{"rendered":"https:\/\/escort-technology.com\/?page_id=9135"},"modified":"2021-05-06T15:16:41","modified_gmt":"2021-05-06T13:16:41","slug":"rozdzielacz-antenowy-simrad-nspl-500","status":"publish","type":"page","link":"https:\/\/escort-technology.com\/pl\/rozdzielacz-antenowy-simrad-nspl-500\/","title":{"rendered":"Rozdzielacz antenowy Simrad NSPL-500"},"content":{"rendered":"<h1>\n<h1 class=\"uk-article-title\">Rozdzielacz antenowy Simrad NSPL-500<\/h1>\n<\/h1>\n<hr>\n<div>\n<p><strong>Oszcz\u0119d\u017a sobie k\u0142opot\u00f3w z instalacj\u0105 kosztownej drugiej anteny i wykorzystaj istniej\u0105c\u0105 pojedyncz\u0105 anten\u0119 z VHF\/AIS\/FM, dzi\u0119ki lekkiemu, kompaktowemu rozdzielaczowi antenowemu NSPL 500. W po\u0142\u0105czeniu z systemem NAIS 500 AIS, mo\u017cesz widzie\u0107 i by\u0107 widzianym na wodzie, czy to na ruchliwych szlakach \u017ceglugowych czy w zat\u0142oczonych portach.<\/strong><\/p>\n<\/div>\n<ul>\n<li>\n<p>        <img decoding=\"async\" src=\"\/wp-content\/uploads\/2021\/05\/000-13612-001_02.jpg\" alt=\"\"><\/p>\n<\/li>\n<li>\n<p>        <img decoding=\"async\" src=\"\/wp-content\/uploads\/2021\/05\/000-13612-001_04.jpg\" alt=\"\"><\/p>\n<\/li>\n<li>\n<p>        <img decoding=\"async\" src=\"\/wp-content\/uploads\/2021\/05\/000-13612-001_01.jpg\" alt=\"\"><\/p>\n<\/li>\n<\/ul>\n<ul>\n<li>\n<h3>Opis produktu<\/h3>\n<div>\n<p><strong>Plug and Play<\/strong><br \/>Z\u0142\u0105cze FM do SonicHub&#x2122; 2 lub dowolnego zgodnego stereofonicznego urz\u0105dzenia FM.<\/p>\n<p><strong>Lekkie urz\u0105dzenie<\/strong><br \/>Tylko 260 gram\u00f3w.<\/p>\n<p><strong>Wodoodporny<\/strong><br \/>Norma IPX7.<\/p>\n<p><strong>Niski pob\u00f3r mocy<\/strong><br \/>Idealny dla \u017cagl\u00f3wek lub \u0142odzi motorowych, NSPL 500 charakteryzuje si\u0119 niskim \u015brednim poborem pr\u0105du poni\u017cej 150 mA przy 12 V DC.<\/p>\n<p><strong>Szeroki zakres napi\u0119cia<\/strong><br \/>NSPL 500 jest odpowiedni dla system\u00f3w 12 lub 24 V DC z szerokim zakresem obs\u0142ugiwanych napi\u0119\u0107 wej\u015bciowych od 9,6 V do 31,2 V DC.<\/p>\n<p><strong>Wysoka wydajno\u015b\u0107 przy niskich stratach<\/strong><br \/>Wysoko wydajna konstrukcja NSPL 500 oznacza brak t\u0142umienia przy odbiorze AIS i VHF oraz niskie t\u0142umienie przy nadawaniu AIS i VHF.<\/p>\n<\/div>\n<\/li>\n<li>\n<h3>Specyfikacja<\/h3>\n<div>\n<table class=\"specifications\">\n<tbody>\n<tr>\n<td>Wymiary<\/td>\n<td>152 x 98 x 52 mm (L x W x H)<\/td>\n<\/tr>\n<tr class=\"gray\">\n<td>Waga<\/td>\n<td>260 g<\/td>\n<\/tr>\n<tr>\n<td>Zasilanie<\/td>\n<td>DC 9.6 to 31.2 V<\/td>\n<\/tr>\n<tr class=\"gray\">\n<td>Pob\u00f3r<\/td>\n<td>&lt;150 mA at 12 VDC<\/td>\n<\/tr>\n<tr>\n<td>Zakres cz\u0119stotliwo\u015bci VHF i AIS <\/td>\n<td>156 MHz to 162 MHz<\/td>\n<\/tr>\n<tr class=\"gray\">\n<td>T\u0142umienie AIS &amp; VHF 0 dB<\/td>\n<td>0 dB<\/td>\n<\/tr>\n<tr>\n<td>T\u0142umienie AIS &amp; VHF <\/td>\n<td>Typical 1 dB<\/td>\n<\/tr>\n<tr class=\"gray\">\n<td>Max moc wej\u015bciowa, AIS <\/td>\n<td>12.5 W<\/td>\n<\/tr>\n<tr>\n<td>Max moc wej\u015bciowa, VHF <\/td>\n<td>25 W<\/td>\n<\/tr>\n<tr class=\"gray\">\n<td>Min moc wej\u015bciowa, VHF <\/td>\n<td>0.5 W<\/td>\n<\/tr>\n<tr>\n<td>Impedancja wej\u015bcia anteny AIS, VHF<\/td>\n<td>50 Ohms<\/td>\n<\/tr>\n<tr class=\"gray\">\n<td>Impedancja wej\u015bcia FM <\/td>\n<td>75 Ohms<\/td>\n<\/tr>\n<tr>\n<td>Temperatura pracy<\/td>\n<td>-15\u00baC to +55\u00baC<\/td>\n<\/tr>\n<tr class=\"gray\">\n<td>Ochrona <\/td>\n<td>IP67<\/td>\n<\/tr>\n<\/tbody>\n<\/table>\n<\/div>\n<\/li>\n<\/ul>\n<p><!--more--><br \/>\n<!-- {\"type\":\"layout\",\"children\":[{\"type\":\"section\",\"props\":{\"style\":\"default\",\"width\":\"default\",\"vertical_align\":\"middle\",\"title_position\":\"top-left\",\"title_rotation\":\"left\",\"title_breakpoint\":\"xl\",\"image_position\":\"center-center\"},\"children\":[{\"type\":\"row\",\"children\":[{\"type\":\"column\",\"props\":{\"image_position\":\"center-center\",\"media_overlay_gradient\":\"\"},\"children\":[{\"type\":\"headline\",\"props\":{\"title_element\":\"h1\",\"content\":\"\n\n<h1 class=\\\"uk-article-title\\\">Rozdzielacz antenowy Simrad NSPL-500<\\\/h1>\"}},{\"type\":\"divider\",\"props\":{\"divider_element\":\"hr\"}}]}]}]},{\"type\":\"section\",\"props\":{\"style\":\"default\",\"width\":\"default\",\"vertical_align\":\"middle\",\"title_position\":\"top-left\",\"title_rotation\":\"left\",\"title_breakpoint\":\"xl\",\"image_position\":\"center-center\"},\"children\":[{\"type\":\"row\",\"props\":{\"layout\":\"1-2,1-2\"},\"children\":[{\"type\":\"column\",\"props\":{\"image_position\":\"center-center\",\"media_overlay_gradient\":\"\",\"width_medium\":\"1-2\"},\"children\":[{\"type\":\"text\",\"props\":{\"margin\":\"default\",\"column_breakpoint\":\"m\",\"content\":\"\n\n<p><strong>Oszcz\\u0119d\\u017a sobie k\\u0142opot\\u00f3w z instalacj\\u0105 kosztownej drugiej anteny i wykorzystaj istniej\\u0105c\\u0105 pojedyncz\\u0105 anten\\u0119 z VHF\\\/AIS\\\/FM, dzi\\u0119ki lekkiemu, kompaktowemu rozdzielaczowi antenowemu NSPL 500. W po\\u0142\\u0105czeniu z systemem NAIS 500 AIS, mo\\u017cesz widzie\\u0107 i by\\u0107 widzianym na wodzie, czy to na ruchliwych szlakach \\u017ceglugowych czy w zat\\u0142oczonych portach.<\\\/strong><\\\/p>\"}}]},{\"type\":\"column\",\"props\":{\"image_position\":\"center-center\",\"media_overlay_gradient\":\"\",\"width_medium\":\"1-2\"},\"children\":[{\"type\":\"slideshow\",\"props\":{\"show_title\":true,\"show_meta\":true,\"show_content\":true,\"show_link\":true,\"show_thumbnail\":true,\"slideshow_min_height\":\"200\",\"slideshow_autoplay_pause\":true,\"nav\":\"dotnav\",\"nav_position\":\"bottom-center\",\"nav_position_margin\":\"medium\",\"nav_align\":\"center\",\"nav_breakpoint\":\"s\",\"thumbnav_width\":\"100\",\"thumbnav_height\":\"75\",\"thumbnav_svg_color\":\"emphasis\",\"slidenav\":\"default\",\"slidenav_margin\":\"medium\",\"slidenav_breakpoint\":\"s\",\"slidenav_outside_breakpoint\":\"xl\",\"overlay_position\":\"center-left\",\"overlay_animation\":\"parallax\",\"title_element\":\"h3\",\"meta_style\":\"meta\",\"meta_align\":\"below-title\",\"meta_element\":\"div\",\"link_text\":\"Read more\",\"link_style\":\"default\",\"margin\":\"default\"},\"children\":[{\"type\":\"slideshow_item\",\"props\":{\"image\":\"wp-content\\\/uploads\\\/2021\\\/05\\\/000-13612-001_02.jpg\"}},{\"type\":\"slideshow_item\",\"props\":{\"image\":\"wp-content\\\/uploads\\\/2021\\\/05\\\/000-13612-001_04.jpg\"}},{\"type\":\"slideshow_item\",\"props\":{\"image\":\"wp-content\\\/uploads\\\/2021\\\/05\\\/000-13612-001_01.jpg\"}}]}]}]}]},{\"type\":\"section\",\"props\":{\"style\":\"default\",\"width\":\"default\",\"vertical_align\":\"middle\",\"title_position\":\"top-left\",\"title_rotation\":\"left\",\"title_breakpoint\":\"xl\",\"image_position\":\"center-center\"},\"children\":[{\"type\":\"row\",\"children\":[{\"type\":\"column\",\"props\":{\"image_position\":\"center-center\",\"media_overlay_gradient\":\"\"},\"children\":[{\"type\":\"switcher\",\"props\":{\"show_title\":true,\"show_meta\":true,\"show_content\":true,\"show_image\":true,\"show_link\":true,\"show_label\":true,\"show_thumbnail\":true,\"switcher_style\":\"tab\",\"switcher_thumbnail_svg_color\":\"emphasis\",\"switcher_position\":\"top\",\"switcher_align\":\"left\",\"switcher_grid_width\":\"auto\",\"switcher_grid_breakpoint\":\"m\",\"switcher_animation\":\"fade\",\"switcher_height\":true,\"title_element\":\"h3\",\"title_align\":\"top\",\"title_grid_width\":\"1-2\",\"title_grid_breakpoint\":\"m\",\"meta_style\":\"meta\",\"meta_align\":\"below-title\",\"meta_element\":\"div\",\"content_column_breakpoint\":\"m\",\"image_svg_color\":\"emphasis\",\"image_align\":\"top\",\"image_grid_width\":\"1-2\",\"image_grid_breakpoint\":\"m\",\"switcher_thumbnail_width\":\"100\",\"switcher_thumbnail_height\":\"75\",\"link_text\":\"Read more\",\"link_style\":\"default\",\"margin\":\"default\"},\"children\":[{\"type\":\"switcher_item\",\"props\":{\"title\":\"Opis produktu\",\"content\":\"\n\n<p><strong>Plug and Play<\\\/strong><br \\\/>Z\\u0142\\u0105cze FM do SonicHub\\u2122 2 lub dowolnego zgodnego stereofonicznego urz\\u0105dzenia FM.<\\\/p>\\n\n\n<p><strong>Lekkie urz\\u0105dzenie<\\\/strong><br \\\/>Tylko 260 gram\\u00f3w.<\\\/p>\\n\n\n<p><strong>Wodoodporny<\\\/strong><br \\\/>Norma IPX7.<\\\/p>\\n\n\n<p><strong>Niski pob\\u00f3r mocy<\\\/strong><br \\\/>Idealny dla \\u017cagl\\u00f3wek lub \\u0142odzi motorowych, NSPL 500 charakteryzuje si\\u0119 niskim \\u015brednim poborem pr\\u0105du poni\\u017cej 150 mA przy 12 V DC.<\\\/p>\\n\n\n<p><strong>Szeroki zakres napi\\u0119cia<\\\/strong><br \\\/>NSPL 500 jest odpowiedni dla system\\u00f3w 12 lub 24 V DC z szerokim zakresem obs\\u0142ugiwanych napi\\u0119\\u0107 wej\\u015bciowych od 9,6 V do 31,2 V DC.<\\\/p>\\n\n\n<p><strong>Wysoka wydajno\\u015b\\u0107 przy niskich stratach<\\\/strong><br \\\/>Wysoko wydajna konstrukcja NSPL 500 oznacza brak t\\u0142umienia przy odbiorze AIS i VHF oraz niskie t\\u0142umienie przy nadawaniu AIS i VHF.<\\\/p>\"}},{\"type\":\"switcher_item\",\"props\":{\"title\":\"Specyfikacja\",\"content\":\"\n\n<table class=\\\"specifications\\\">\\n\n\n<tbody>\\n\n\n<tr>\\n\n\n<td>Wymiary<\\\/td>\\n\n\n<td>152 x 98 x 52 mm (L x W x H)<\\\/td>\\n<\\\/tr>\\n\n\n<tr class=\\\"gray\\\">\\n\n\n<td>Waga<\\\/td>\\n\n\n<td>260 g<\\\/td>\\n<\\\/tr>\\n\n\n<tr>\\n\n\n<td>Zasilanie<\\\/td>\\n\n\n<td>DC 9.6 to 31.2 V<\\\/td>\\n<\\\/tr>\\n\n\n<tr class=\\\"gray\\\">\\n\n\n<td>Pob\\u00f3r<\\\/td>\\n\n\n<td>&lt;150 mA at 12 VDC<\\\/td>\\n<\\\/tr>\\n\n\n<tr>\\n\n\n<td>Zakres cz\\u0119stotliwo\\u015bci VHF i AIS <\\\/td>\\n\n\n<td>156 MHz to 162 MHz<\\\/td>\\n<\\\/tr>\\n\n\n<tr class=\\\"gray\\\">\\n\n\n<td>T\\u0142umienie AIS &amp; VHF 0 dB<\\\/td>\\n\n\n<td>0 dB<\\\/td>\\n<\\\/tr>\\n\n\n<tr>\\n\n\n<td>T\\u0142umienie AIS &amp; VHF <\\\/td>\\n\n\n<td>Typical 1 dB<\\\/td>\\n<\\\/tr>\\n\n\n<tr class=\\\"gray\\\">\\n\n\n<td>Max moc wej\\u015bciowa, AIS <\\\/td>\\n\n\n<td>12.5 W<\\\/td>\\n<\\\/tr>\\n\n\n<tr>\\n\n\n<td>Max moc wej\\u015bciowa, VHF <\\\/td>\\n\n\n<td>25 W<\\\/td>\\n<\\\/tr>\\n\n\n<tr class=\\\"gray\\\">\\n\n\n<td>Min moc wej\\u015bciowa, VHF <\\\/td>\\n\n\n<td>0.5 W<\\\/td>\\n<\\\/tr>\\n\n\n<tr>\\n\n\n<td>Impedancja wej\\u015bcia anteny AIS, VHF<\\\/td>\\n\n\n<td>50 Ohms<\\\/td>\\n<\\\/tr>\\n\n\n<tr class=\\\"gray\\\">\\n\n\n<td>Impedancja wej\\u015bcia FM <\\\/td>\\n\n\n<td>75 Ohms<\\\/td>\\n<\\\/tr>\\n\n\n<tr>\\n\n\n<td>Temperatura pracy<\\\/td>\\n\n\n<td>-15\\u00baC to +55\\u00baC<\\\/td>\\n<\\\/tr>\\n\n\n<tr class=\\\"gray\\\">\\n\n\n<td>Ochrona <\\\/td>\\n\n\n<td>IP67<\\\/td>\\n<\\\/tr>\\n<\\\/tbody>\\n<\\\/table>\"}}]}]}]}]}],\"version\":\"2.4.14\"} --><\/p>\n","protected":false},"excerpt":{"rendered":"<p>Rozdzielacz antenowy Simrad NSPL-500 Oszcz\u0119d\u017a sobie k\u0142opot\u00f3w z instalacj\u0105 kosztownej drugiej anteny i wykorzystaj istniej\u0105c\u0105 pojedyncz\u0105 anten\u0119 z VHF\/AIS\/FM, dzi\u0119ki lekkiemu, kompaktowemu rozdzielaczowi antenowemu NSPL 500. W po\u0142\u0105czeniu z systemem NAIS 500 AIS, mo\u017cesz widzie\u0107 i by\u0107 widzianym na wodzie, czy to na ruchliwych szlakach \u017ceglugowych czy w zat\u0142oczonych portach. Opis produktu Plug and PlayZ\u0142\u0105cze [&hellip;]<\/p>\n","protected":false},"author":10,"featured_media":0,"parent":0,"menu_order":0,"comment_status":"closed","ping_status":"closed","template":"","meta":{"footnotes":""},"class_list":["post-9135","page","type-page","status-publish","hentry"],"yoast_head":"<!-- This site is optimized with the Yoast SEO plugin v27.6 - https:\/\/yoast.com\/product\/yoast-seo-wordpress\/ -->\n<title>Rozdzielacz antenowy Simrad NSPL-500 - ESCORT TECHNOLOGY<\/title>\n<meta name=\"robots\" content=\"index, follow, max-snippet:-1, max-image-preview:large, max-video-preview:-1\" \/>\n<link rel=\"canonical\" href=\"https:\/\/escort-technology.com\/pl\/de\/rozdzielacz-antenowy-simrad-nspl-500\/\" \/>\n<meta property=\"og:locale\" content=\"pl_PL\" \/>\n<meta property=\"og:type\" content=\"article\" \/>\n<meta property=\"og:title\" content=\"Rozdzielacz antenowy Simrad NSPL-500 - ESCORT TECHNOLOGY\" \/>\n<meta property=\"og:description\" content=\"Rozdzielacz antenowy Simrad NSPL-500 Oszcz\u0119d\u017a sobie k\u0142opot\u00f3w z instalacj\u0105 kosztownej drugiej anteny i wykorzystaj istniej\u0105c\u0105 pojedyncz\u0105 anten\u0119 z VHF\/AIS\/FM, dzi\u0119ki lekkiemu, kompaktowemu rozdzielaczowi antenowemu NSPL 500. W po\u0142\u0105czeniu z systemem NAIS 500 AIS, mo\u017cesz widzie\u0107 i by\u0107 widzianym na wodzie, czy to na ruchliwych szlakach \u017ceglugowych czy w zat\u0142oczonych portach. Opis produktu Plug and PlayZ\u0142\u0105cze [&hellip;]\" \/>\n<meta property=\"og:url\" content=\"https:\/\/escort-technology.com\/pl\/de\/rozdzielacz-antenowy-simrad-nspl-500\/\" \/>\n<meta property=\"og:site_name\" content=\"ESCORT TECHNOLOGY\" \/>\n<meta property=\"article:publisher\" content=\"https:\/\/www.facebook.com\/elektronika.morska\/\" \/>\n<meta property=\"article:modified_time\" content=\"2021-05-06T13:16:41+00:00\" \/>\n<meta property=\"og:image\" content=\"https:\/\/escort-technology.com\/wp-content\/uploads\/2021\/05\/000-13612-001_02.jpg\" \/>\n<meta name=\"twitter:card\" content=\"summary_large_image\" \/>\n<meta name=\"twitter:label1\" content=\"Szacowany czas czytania\" \/>\n\t<meta name=\"twitter:data1\" content=\"1 minuta\" \/>\n<script type=\"application\/ld+json\" class=\"yoast-schema-graph\">{\"@context\":\"https:\\\/\\\/schema.org\",\"@graph\":[{\"@type\":\"WebPage\",\"@id\":\"https:\\\/\\\/escort-technology.com\\\/de\\\/rozdzielacz-antenowy-simrad-nspl-500\\\/\",\"url\":\"https:\\\/\\\/escort-technology.com\\\/de\\\/rozdzielacz-antenowy-simrad-nspl-500\\\/\",\"name\":\"Rozdzielacz antenowy Simrad NSPL-500 - ESCORT TECHNOLOGY\",\"isPartOf\":{\"@id\":\"http:\\\/\\\/escort-technology.com\\\/de\\\/#website\"},\"datePublished\":\"2021-05-06T12:49:25+00:00\",\"dateModified\":\"2021-05-06T13:16:41+00:00\",\"breadcrumb\":{\"@id\":\"https:\\\/\\\/escort-technology.com\\\/de\\\/rozdzielacz-antenowy-simrad-nspl-500\\\/#breadcrumb\"},\"inLanguage\":\"pl-PL\",\"potentialAction\":[{\"@type\":\"ReadAction\",\"target\":[\"https:\\\/\\\/escort-technology.com\\\/de\\\/rozdzielacz-antenowy-simrad-nspl-500\\\/\"]}]},{\"@type\":\"BreadcrumbList\",\"@id\":\"https:\\\/\\\/escort-technology.com\\\/de\\\/rozdzielacz-antenowy-simrad-nspl-500\\\/#breadcrumb\",\"itemListElement\":[{\"@type\":\"ListItem\",\"position\":1,\"name\":\"Strona g\u0142\u00f3wna\",\"item\":\"https:\\\/\\\/escort-technology.com\\\/\"},{\"@type\":\"ListItem\",\"position\":2,\"name\":\"Rozdzielacz antenowy Simrad NSPL-500\"}]},{\"@type\":\"WebSite\",\"@id\":\"http:\\\/\\\/escort-technology.com\\\/de\\\/#website\",\"url\":\"http:\\\/\\\/escort-technology.com\\\/de\\\/\",\"name\":\"ESCORT TECHNOLOGY\",\"description\":\"Elektronika morska i l\u0105dowa\",\"publisher\":{\"@id\":\"http:\\\/\\\/escort-technology.com\\\/de\\\/#organization\"},\"potentialAction\":[{\"@type\":\"SearchAction\",\"target\":{\"@type\":\"EntryPoint\",\"urlTemplate\":\"http:\\\/\\\/escort-technology.com\\\/de\\\/?s={search_term_string}\"},\"query-input\":{\"@type\":\"PropertyValueSpecification\",\"valueRequired\":true,\"valueName\":\"search_term_string\"}}],\"inLanguage\":\"pl-PL\"},{\"@type\":\"Organization\",\"@id\":\"http:\\\/\\\/escort-technology.com\\\/de\\\/#organization\",\"name\":\"ESCORT TECHNOLOGY\",\"url\":\"http:\\\/\\\/escort-technology.com\\\/de\\\/\",\"logo\":{\"@type\":\"ImageObject\",\"inLanguage\":\"pl-PL\",\"@id\":\"http:\\\/\\\/escort-technology.com\\\/de\\\/#\\\/schema\\\/logo\\\/image\\\/\",\"url\":\"https:\\\/\\\/escort-technology.com\\\/wp-content\\\/uploads\\\/logo-1.jpg\",\"contentUrl\":\"https:\\\/\\\/escort-technology.com\\\/wp-content\\\/uploads\\\/logo-1.jpg\",\"width\":600,\"height\":165,\"caption\":\"ESCORT TECHNOLOGY\"},\"image\":{\"@id\":\"http:\\\/\\\/escort-technology.com\\\/de\\\/#\\\/schema\\\/logo\\\/image\\\/\"},\"sameAs\":[\"https:\\\/\\\/www.facebook.com\\\/elektronika.morska\\\/\",\"https:\\\/\\\/www.linkedin.com\\\/company\\\/escort-sp-z-o-o-\\\/\"]}]}<\/script>\n<!-- \/ Yoast SEO plugin. -->","yoast_head_json":{"title":"Rozdzielacz antenowy Simrad NSPL-500 - ESCORT TECHNOLOGY","robots":{"index":"index","follow":"follow","max-snippet":"max-snippet:-1","max-image-preview":"max-image-preview:large","max-video-preview":"max-video-preview:-1"},"canonical":"https:\/\/escort-technology.com\/pl\/de\/rozdzielacz-antenowy-simrad-nspl-500\/","og_locale":"pl_PL","og_type":"article","og_title":"Rozdzielacz antenowy Simrad NSPL-500 - ESCORT TECHNOLOGY","og_description":"Rozdzielacz antenowy Simrad NSPL-500 Oszcz\u0119d\u017a sobie k\u0142opot\u00f3w z instalacj\u0105 kosztownej drugiej anteny i wykorzystaj istniej\u0105c\u0105 pojedyncz\u0105 anten\u0119 z VHF\/AIS\/FM, dzi\u0119ki lekkiemu, kompaktowemu rozdzielaczowi antenowemu NSPL 500. W po\u0142\u0105czeniu z systemem NAIS 500 AIS, mo\u017cesz widzie\u0107 i by\u0107 widzianym na wodzie, czy to na ruchliwych szlakach \u017ceglugowych czy w zat\u0142oczonych portach. Opis produktu Plug and PlayZ\u0142\u0105cze [&hellip;]","og_url":"https:\/\/escort-technology.com\/pl\/de\/rozdzielacz-antenowy-simrad-nspl-500\/","og_site_name":"ESCORT TECHNOLOGY","article_publisher":"https:\/\/www.facebook.com\/elektronika.morska\/","article_modified_time":"2021-05-06T13:16:41+00:00","og_image":[{"url":"https:\/\/escort-technology.com\/wp-content\/uploads\/2021\/05\/000-13612-001_02.jpg","type":"","width":"","height":""}],"twitter_card":"summary_large_image","twitter_misc":{"Szacowany czas czytania":"1 minuta"},"schema":{"@context":"https:\/\/schema.org","@graph":[{"@type":"WebPage","@id":"https:\/\/escort-technology.com\/de\/rozdzielacz-antenowy-simrad-nspl-500\/","url":"https:\/\/escort-technology.com\/de\/rozdzielacz-antenowy-simrad-nspl-500\/","name":"Rozdzielacz antenowy Simrad NSPL-500 - ESCORT TECHNOLOGY","isPartOf":{"@id":"http:\/\/escort-technology.com\/de\/#website"},"datePublished":"2021-05-06T12:49:25+00:00","dateModified":"2021-05-06T13:16:41+00:00","breadcrumb":{"@id":"https:\/\/escort-technology.com\/de\/rozdzielacz-antenowy-simrad-nspl-500\/#breadcrumb"},"inLanguage":"pl-PL","potentialAction":[{"@type":"ReadAction","target":["https:\/\/escort-technology.com\/de\/rozdzielacz-antenowy-simrad-nspl-500\/"]}]},{"@type":"BreadcrumbList","@id":"https:\/\/escort-technology.com\/de\/rozdzielacz-antenowy-simrad-nspl-500\/#breadcrumb","itemListElement":[{"@type":"ListItem","position":1,"name":"Strona g\u0142\u00f3wna","item":"https:\/\/escort-technology.com\/"},{"@type":"ListItem","position":2,"name":"Rozdzielacz antenowy Simrad NSPL-500"}]},{"@type":"WebSite","@id":"http:\/\/escort-technology.com\/de\/#website","url":"http:\/\/escort-technology.com\/de\/","name":"ESCORT TECHNOLOGY","description":"Elektronika morska i l\u0105dowa","publisher":{"@id":"http:\/\/escort-technology.com\/de\/#organization"},"potentialAction":[{"@type":"SearchAction","target":{"@type":"EntryPoint","urlTemplate":"http:\/\/escort-technology.com\/de\/?s={search_term_string}"},"query-input":{"@type":"PropertyValueSpecification","valueRequired":true,"valueName":"search_term_string"}}],"inLanguage":"pl-PL"},{"@type":"Organization","@id":"http:\/\/escort-technology.com\/de\/#organization","name":"ESCORT TECHNOLOGY","url":"http:\/\/escort-technology.com\/de\/","logo":{"@type":"ImageObject","inLanguage":"pl-PL","@id":"http:\/\/escort-technology.com\/de\/#\/schema\/logo\/image\/","url":"https:\/\/escort-technology.com\/wp-content\/uploads\/logo-1.jpg","contentUrl":"https:\/\/escort-technology.com\/wp-content\/uploads\/logo-1.jpg","width":600,"height":165,"caption":"ESCORT TECHNOLOGY"},"image":{"@id":"http:\/\/escort-technology.com\/de\/#\/schema\/logo\/image\/"},"sameAs":["https:\/\/www.facebook.com\/elektronika.morska\/","https:\/\/www.linkedin.com\/company\/escort-sp-z-o-o-\/"]}]}},"_links":{"self":[{"href":"https:\/\/escort-technology.com\/pl\/wp-json\/wp\/v2\/pages\/9135","targetHints":{"allow":["GET"]}}],"collection":[{"href":"https:\/\/escort-technology.com\/pl\/wp-json\/wp\/v2\/pages"}],"about":[{"href":"https:\/\/escort-technology.com\/pl\/wp-json\/wp\/v2\/types\/page"}],"author":[{"embeddable":true,"href":"https:\/\/escort-technology.com\/pl\/wp-json\/wp\/v2\/users\/10"}],"replies":[{"embeddable":true,"href":"https:\/\/escort-technology.com\/pl\/wp-json\/wp\/v2\/comments?post=9135"}],"version-history":[{"count":6,"href":"https:\/\/escort-technology.com\/pl\/wp-json\/wp\/v2\/pages\/9135\/revisions"}],"predecessor-version":[{"id":9146,"href":"https:\/\/escort-technology.com\/pl\/wp-json\/wp\/v2\/pages\/9135\/revisions\/9146"}],"wp:attachment":[{"href":"https:\/\/escort-technology.com\/pl\/wp-json\/wp\/v2\/media?parent=9135"}],"curies":[{"name":"wp","href":"https:\/\/api.w.org\/{rel}","templated":true}]}}