{"id":9163,"date":"2021-05-13T10:48:23","date_gmt":"2021-05-13T08:48:23","guid":{"rendered":"https:\/\/escort-technology.com\/?page_id=9163"},"modified":"2021-05-13T11:03:34","modified_gmt":"2021-05-13T09:03:34","slug":"nowosci-w-mapach-c-map-dla-simrada","status":"publish","type":"page","link":"https:\/\/escort-technology.com\/pl\/nowosci-w-mapach-c-map-dla-simrada\/","title":{"rendered":"Nowo\u015bci w mapach C-Map dla Simrada"},"content":{"rendered":"<h1>\n<h1 class=\"uk-article-title\">Nowo\u015bci w mapach C-Map dla Simrada<\/h1>\n<\/h1>\n<hr>\n<p><img decoding=\"async\" src=\"\/wp-content\/uploads\/2021\/05\/Jasny-Blekitny-Moda-Facebook-Zdjecie-w-Tle-1-1.png\" alt=\"\"><\/p>\n<div>\n<h3>Ka\u017cda mapa REVEAL zawiera:<\/h3>\n<ul>\n<li>W pe\u0142ni funkcjonalne mapy wektorowe<\/li>\n<li>Dok\u0142adne plany port\u00f3w jachtowych<\/li>\n<li>Przyciemnione reliefy<\/li>\n<li>Dynamiczne mapy rastrowe<\/li>\n<li>Hi-Res Batymetria<\/li>\n<li>Zdj\u0119cia lotnicze<\/li>\n<li>Zintegrowana warstwa Genesis<\/li>\n<li>Nak\u0142adka satelitarna<\/li>\n<li>Dowolne cieniowanie g\u0142\u0119boko\u015bci<\/li>\n<li>Bezp\u0142atna subskrypcja Easy Routing&#x2122;12-miesi\u0119czne bezp\u0142atne aktualizacje<\/li>\n<li>P\u0142ywy i pr\u0105dy<\/li>\n<\/ul>\n<ul><\/ul>\n<h3>R\u00f3\u017cnice mi\u0119dzy oferowanymi mapami:<\/h3>\n<p>Wersja bogatsza, czyli REVEAL posiada dodatkowo mapy rastrowe, zdj\u0119cia z samolotu i z satelity, Izobaty przedstawione w 3D.<\/p>\n<\/div>\n<div>\n<h3>Ka\u017cda mapa DISCOVER zawiera:<\/h3>\n<ul>\n<li>Pe\u0142nowarto\u015bciowe mapy wektorowe<\/li>\n<li>P\u0142ywy i pr\u0105dy<\/li>\n<li>Warstw\u0119 batymetryczn\u0105 Hi Res<\/li>\n<li>Dok\u0142adne plany port\u00f3w jachtowych<\/li>\n<li>Zintegrowan\u0105 warstw\u0119 Genesis<\/li>\n<li>Dowolne cieniowanie g\u0142\u0119boko\u015bci<\/li>\n<li>12-miesi\u0119czne bezp\u0142atne aktualizacje<\/li>\n<li>Bezp\u0142atn\u0105 subskrypcj\u0119<\/li>\n<li>\u0141atwe wyznaczanie trasy<\/li>\n<\/ul>\n<\/div>\n<div>\n<h3>Poni\u017cej przedstawiamy symbole i obszary najcz\u0119\u015bciej zamawianych map w naszym sklepie:<\/h3>\n<h3>DISCOVER: M-EN-Y214-MS Polish Coast &amp; Inland<\/h3>\n<h3>DISCOVER: M-EN-Y055-MS Baltic Sea<\/h3>\n<h3>REVEAL: M-EN-Y299-MS Baltic Sea<\/h3>\n<\/div>\n<p><!--more--><br \/>\n<!-- {\"type\":\"layout\",\"children\":[{\"type\":\"section\",\"props\":{\"style\":\"default\",\"width\":\"default\",\"vertical_align\":\"middle\",\"title_position\":\"top-left\",\"title_rotation\":\"left\",\"title_breakpoint\":\"xl\",\"image_position\":\"center-center\"},\"children\":[{\"type\":\"row\",\"children\":[{\"type\":\"column\",\"props\":{\"image_position\":\"center-center\",\"media_overlay_gradient\":\"\"},\"children\":[{\"type\":\"headline\",\"props\":{\"title_element\":\"h1\",\"content\":\"\n\n<h1 class=\\\"uk-article-title\\\">Nowo\\u015bci w mapach C-Map dla Simrada<\\\/h1>\"}},{\"type\":\"divider\",\"props\":{\"divider_element\":\"hr\"}}]}]}]},{\"type\":\"section\",\"props\":{\"style\":\"default\",\"width\":\"default\",\"vertical_align\":\"middle\",\"title_position\":\"top-left\",\"title_rotation\":\"left\",\"title_breakpoint\":\"xl\",\"image_position\":\"center-center\"},\"children\":[{\"type\":\"row\",\"children\":[{\"type\":\"column\",\"props\":{\"image_position\":\"center-center\",\"media_overlay_gradient\":\"\"},\"children\":[{\"type\":\"image\",\"props\":{\"margin\":\"default\",\"image_svg_color\":\"emphasis\",\"image\":\"wp-content\\\/uploads\\\/2021\\\/05\\\/Jasny-Blekitny-Moda-Facebook-Zdjecie-w-Tle-1-1.png\",\"text_align\":\"center\"}}]}]}]},{\"type\":\"section\",\"props\":{\"style\":\"default\",\"width\":\"default\",\"vertical_align\":\"middle\",\"title_position\":\"top-left\",\"title_rotation\":\"left\",\"title_breakpoint\":\"xl\",\"image_position\":\"center-center\"},\"children\":[{\"type\":\"row\",\"props\":{\"layout\":\"1-2,1-2\"},\"children\":[{\"type\":\"column\",\"props\":{\"image_position\":\"center-center\",\"media_overlay_gradient\":\"\",\"width_medium\":\"1-2\"},\"children\":[{\"type\":\"text\",\"props\":{\"margin\":\"default\",\"column_breakpoint\":\"m\",\"content\":\"\n\n<h3>Ka\\u017cda mapa REVEAL zawiera:<\\\/h3>\\n\n\n<ul>\\n\n\n<li>W pe\\u0142ni funkcjonalne mapy wektorowe<\\\/li>\\n\n\n<li>Dok\\u0142adne plany port\\u00f3w jachtowych<\\\/li>\\n\n\n<li>Przyciemnione reliefy<\\\/li>\\n\n\n<li>Dynamiczne mapy rastrowe<\\\/li>\\n\n\n<li>Hi-Res Batymetria<\\\/li>\\n\n\n<li>Zdj\\u0119cia lotnicze<\\\/li>\\n\n\n<li>Zintegrowana warstwa Genesis<\\\/li>\\n\n\n<li>Nak\\u0142adka satelitarna<\\\/li>\\n\n\n<li>Dowolne cieniowanie g\\u0142\\u0119boko\\u015bci<\\\/li>\\n\n\n<li>Bezp\\u0142atna subskrypcja Easy Routing\\u212212-miesi\\u0119czne bezp\\u0142atne aktualizacje<\\\/li>\\n\n\n<li>P\\u0142ywy i pr\\u0105dy<\\\/li>\\n<\\\/ul>\\n\n\n<ul><\\\/ul>\\n\n\n<h3>R\\u00f3\\u017cnice mi\\u0119dzy oferowanymi mapami:<\\\/h3>\\n\n\n<p>Wersja bogatsza, czyli REVEAL posiada dodatkowo mapy rastrowe, zdj\\u0119cia z samolotu i z satelity, Izobaty przedstawione w 3D.<\\\/p>\"}}]},{\"type\":\"column\",\"props\":{\"image_position\":\"center-center\",\"media_overlay_gradient\":\"\",\"width_medium\":\"1-2\"},\"children\":[{\"type\":\"text\",\"props\":{\"margin\":\"default\",\"column_breakpoint\":\"m\",\"content\":\"\n\n<h3>Ka\\u017cda mapa DISCOVER zawiera:<\\\/h3>\\n\n\n<ul>\\n\n\n<li>Pe\\u0142nowarto\\u015bciowe mapy wektorowe<\\\/li>\\n\n\n<li>P\\u0142ywy i pr\\u0105dy<\\\/li>\\n\n\n<li>Warstw\\u0119 batymetryczn\\u0105 Hi Res<\\\/li>\\n\n\n<li>Dok\\u0142adne plany port\\u00f3w jachtowych<\\\/li>\\n\n\n<li>Zintegrowan\\u0105 warstw\\u0119 Genesis<\\\/li>\\n\n\n<li>Dowolne cieniowanie g\\u0142\\u0119boko\\u015bci<\\\/li>\\n\n\n<li>12-miesi\\u0119czne bezp\\u0142atne aktualizacje<\\\/li>\\n\n\n<li>Bezp\\u0142atn\\u0105 subskrypcj\\u0119<\\\/li>\\n\n\n<li>\\u0141atwe wyznaczanie trasy<\\\/li>\\n<\\\/ul>\"}}]}]}]},{\"type\":\"section\",\"props\":{\"style\":\"default\",\"width\":\"default\",\"vertical_align\":\"middle\",\"title_position\":\"top-left\",\"title_rotation\":\"left\",\"title_breakpoint\":\"xl\",\"image_position\":\"center-center\"},\"children\":[{\"type\":\"row\",\"children\":[{\"type\":\"column\",\"props\":{\"image_position\":\"center-center\",\"media_overlay_gradient\":\"\"},\"children\":[{\"type\":\"text\",\"props\":{\"margin\":\"default\",\"column_breakpoint\":\"m\",\"content\":\"\n\n<h3>Poni\\u017cej przedstawiamy symbole i obszary najcz\\u0119\\u015bciej zamawianych map w naszym sklepie:<\\\/h3>\\n\n\n<h3>DISCOVER: M-EN-Y214-MS Polish Coast &amp; Inland<\\\/h3>\\n\n\n<h3>DISCOVER: M-EN-Y055-MS Baltic Sea<\\\/h3>\\n\n\n<h3>REVEAL: M-EN-Y299-MS Baltic Sea<\\\/h3>\"}}]}]}]}],\"version\":\"2.4.14\"} --><\/p>\n","protected":false},"excerpt":{"rendered":"<p>Nowo\u015bci w mapach C-Map dla Simrada Ka\u017cda mapa REVEAL zawiera: W pe\u0142ni funkcjonalne mapy wektorowe Dok\u0142adne plany port\u00f3w jachtowych Przyciemnione reliefy Dynamiczne mapy rastrowe Hi-Res Batymetria Zdj\u0119cia lotnicze Zintegrowana warstwa Genesis Nak\u0142adka satelitarna Dowolne cieniowanie g\u0142\u0119boko\u015bci Bezp\u0142atna subskrypcja Easy Routing&#x2122;12-miesi\u0119czne bezp\u0142atne aktualizacje P\u0142ywy i pr\u0105dy R\u00f3\u017cnice mi\u0119dzy oferowanymi mapami: Wersja bogatsza, czyli REVEAL posiada dodatkowo [&hellip;]<\/p>\n","protected":false},"author":10,"featured_media":0,"parent":0,"menu_order":0,"comment_status":"closed","ping_status":"closed","template":"","meta":{"footnotes":""},"class_list":["post-9163","page","type-page","status-publish","hentry"],"yoast_head":"<!-- This site is optimized with the Yoast SEO plugin v27.6 - https:\/\/yoast.com\/product\/yoast-seo-wordpress\/ -->\n<title>Nowo\u015bci w mapach C-Map dla Simrada - ESCORT TECHNOLOGY<\/title>\n<meta name=\"robots\" content=\"index, follow, max-snippet:-1, max-image-preview:large, max-video-preview:-1\" \/>\n<link rel=\"canonical\" href=\"https:\/\/escort-technology.com\/pl\/nowosci-w-mapach-c-map-dla-simrada\/\" \/>\n<meta property=\"og:locale\" content=\"pl_PL\" \/>\n<meta property=\"og:type\" content=\"article\" \/>\n<meta property=\"og:title\" content=\"Nowo\u015bci w mapach C-Map dla Simrada - ESCORT TECHNOLOGY\" \/>\n<meta property=\"og:description\" content=\"Nowo\u015bci w mapach C-Map dla Simrada Ka\u017cda mapa REVEAL zawiera: W pe\u0142ni funkcjonalne mapy wektorowe Dok\u0142adne plany port\u00f3w jachtowych Przyciemnione reliefy Dynamiczne mapy rastrowe Hi-Res Batymetria Zdj\u0119cia lotnicze Zintegrowana warstwa Genesis Nak\u0142adka satelitarna Dowolne cieniowanie g\u0142\u0119boko\u015bci Bezp\u0142atna subskrypcja Easy Routing&#x2122;12-miesi\u0119czne bezp\u0142atne aktualizacje P\u0142ywy i pr\u0105dy R\u00f3\u017cnice mi\u0119dzy oferowanymi mapami: Wersja bogatsza, czyli REVEAL posiada dodatkowo [&hellip;]\" \/>\n<meta property=\"og:url\" content=\"https:\/\/escort-technology.com\/pl\/nowosci-w-mapach-c-map-dla-simrada\/\" \/>\n<meta property=\"og:site_name\" content=\"ESCORT TECHNOLOGY\" \/>\n<meta property=\"article:publisher\" content=\"https:\/\/www.facebook.com\/elektronika.morska\/\" \/>\n<meta property=\"article:modified_time\" content=\"2021-05-13T09:03:34+00:00\" \/>\n<meta property=\"og:image\" content=\"https:\/\/escort-technology.com\/wp-content\/uploads\/2021\/05\/Jasny-Blekitny-Moda-Facebook-Zdjecie-w-Tle-1-1.png\" \/>\n<meta name=\"twitter:card\" content=\"summary_large_image\" \/>\n<meta name=\"twitter:label1\" content=\"Szacowany czas czytania\" \/>\n\t<meta name=\"twitter:data1\" content=\"1 minuta\" \/>\n<script type=\"application\/ld+json\" class=\"yoast-schema-graph\">{\"@context\":\"https:\\\/\\\/schema.org\",\"@graph\":[{\"@type\":\"WebPage\",\"@id\":\"https:\\\/\\\/escort-technology.com\\\/pl\\\/nowosci-w-mapach-c-map-dla-simrada\\\/\",\"url\":\"https:\\\/\\\/escort-technology.com\\\/pl\\\/nowosci-w-mapach-c-map-dla-simrada\\\/\",\"name\":\"Nowo\u015bci w mapach C-Map dla Simrada - ESCORT TECHNOLOGY\",\"isPartOf\":{\"@id\":\"http:\\\/\\\/escort-technology.com\\\/de\\\/#website\"},\"datePublished\":\"2021-05-13T08:48:23+00:00\",\"dateModified\":\"2021-05-13T09:03:34+00:00\",\"breadcrumb\":{\"@id\":\"https:\\\/\\\/escort-technology.com\\\/pl\\\/nowosci-w-mapach-c-map-dla-simrada\\\/#breadcrumb\"},\"inLanguage\":\"pl-PL\",\"potentialAction\":[{\"@type\":\"ReadAction\",\"target\":[\"https:\\\/\\\/escort-technology.com\\\/pl\\\/nowosci-w-mapach-c-map-dla-simrada\\\/\"]}]},{\"@type\":\"BreadcrumbList\",\"@id\":\"https:\\\/\\\/escort-technology.com\\\/pl\\\/nowosci-w-mapach-c-map-dla-simrada\\\/#breadcrumb\",\"itemListElement\":[{\"@type\":\"ListItem\",\"position\":1,\"name\":\"Strona g\u0142\u00f3wna\",\"item\":\"https:\\\/\\\/escort-technology.com\\\/\"},{\"@type\":\"ListItem\",\"position\":2,\"name\":\"Nowo\u015bci w mapach C-Map dla Simrada\"}]},{\"@type\":\"WebSite\",\"@id\":\"http:\\\/\\\/escort-technology.com\\\/de\\\/#website\",\"url\":\"http:\\\/\\\/escort-technology.com\\\/de\\\/\",\"name\":\"ESCORT TECHNOLOGY\",\"description\":\"Elektronika morska i l\u0105dowa\",\"publisher\":{\"@id\":\"http:\\\/\\\/escort-technology.com\\\/de\\\/#organization\"},\"potentialAction\":[{\"@type\":\"SearchAction\",\"target\":{\"@type\":\"EntryPoint\",\"urlTemplate\":\"http:\\\/\\\/escort-technology.com\\\/de\\\/?s={search_term_string}\"},\"query-input\":{\"@type\":\"PropertyValueSpecification\",\"valueRequired\":true,\"valueName\":\"search_term_string\"}}],\"inLanguage\":\"pl-PL\"},{\"@type\":\"Organization\",\"@id\":\"http:\\\/\\\/escort-technology.com\\\/de\\\/#organization\",\"name\":\"ESCORT TECHNOLOGY\",\"url\":\"http:\\\/\\\/escort-technology.com\\\/de\\\/\",\"logo\":{\"@type\":\"ImageObject\",\"inLanguage\":\"pl-PL\",\"@id\":\"http:\\\/\\\/escort-technology.com\\\/de\\\/#\\\/schema\\\/logo\\\/image\\\/\",\"url\":\"https:\\\/\\\/escort-technology.com\\\/wp-content\\\/uploads\\\/logo-1.jpg\",\"contentUrl\":\"https:\\\/\\\/escort-technology.com\\\/wp-content\\\/uploads\\\/logo-1.jpg\",\"width\":600,\"height\":165,\"caption\":\"ESCORT TECHNOLOGY\"},\"image\":{\"@id\":\"http:\\\/\\\/escort-technology.com\\\/de\\\/#\\\/schema\\\/logo\\\/image\\\/\"},\"sameAs\":[\"https:\\\/\\\/www.facebook.com\\\/elektronika.morska\\\/\",\"https:\\\/\\\/www.linkedin.com\\\/company\\\/escort-sp-z-o-o-\\\/\"]}]}<\/script>\n<!-- \/ Yoast SEO plugin. -->","yoast_head_json":{"title":"Nowo\u015bci w mapach C-Map dla Simrada - ESCORT TECHNOLOGY","robots":{"index":"index","follow":"follow","max-snippet":"max-snippet:-1","max-image-preview":"max-image-preview:large","max-video-preview":"max-video-preview:-1"},"canonical":"https:\/\/escort-technology.com\/pl\/nowosci-w-mapach-c-map-dla-simrada\/","og_locale":"pl_PL","og_type":"article","og_title":"Nowo\u015bci w mapach C-Map dla Simrada - ESCORT TECHNOLOGY","og_description":"Nowo\u015bci w mapach C-Map dla Simrada Ka\u017cda mapa REVEAL zawiera: W pe\u0142ni funkcjonalne mapy wektorowe Dok\u0142adne plany port\u00f3w jachtowych Przyciemnione reliefy Dynamiczne mapy rastrowe Hi-Res Batymetria Zdj\u0119cia lotnicze Zintegrowana warstwa Genesis Nak\u0142adka satelitarna Dowolne cieniowanie g\u0142\u0119boko\u015bci Bezp\u0142atna subskrypcja Easy Routing&#x2122;12-miesi\u0119czne bezp\u0142atne aktualizacje P\u0142ywy i pr\u0105dy R\u00f3\u017cnice mi\u0119dzy oferowanymi mapami: Wersja bogatsza, czyli REVEAL posiada dodatkowo [&hellip;]","og_url":"https:\/\/escort-technology.com\/pl\/nowosci-w-mapach-c-map-dla-simrada\/","og_site_name":"ESCORT TECHNOLOGY","article_publisher":"https:\/\/www.facebook.com\/elektronika.morska\/","article_modified_time":"2021-05-13T09:03:34+00:00","og_image":[{"url":"https:\/\/escort-technology.com\/wp-content\/uploads\/2021\/05\/Jasny-Blekitny-Moda-Facebook-Zdjecie-w-Tle-1-1.png","type":"","width":"","height":""}],"twitter_card":"summary_large_image","twitter_misc":{"Szacowany czas czytania":"1 minuta"},"schema":{"@context":"https:\/\/schema.org","@graph":[{"@type":"WebPage","@id":"https:\/\/escort-technology.com\/pl\/nowosci-w-mapach-c-map-dla-simrada\/","url":"https:\/\/escort-technology.com\/pl\/nowosci-w-mapach-c-map-dla-simrada\/","name":"Nowo\u015bci w mapach C-Map dla Simrada - ESCORT TECHNOLOGY","isPartOf":{"@id":"http:\/\/escort-technology.com\/de\/#website"},"datePublished":"2021-05-13T08:48:23+00:00","dateModified":"2021-05-13T09:03:34+00:00","breadcrumb":{"@id":"https:\/\/escort-technology.com\/pl\/nowosci-w-mapach-c-map-dla-simrada\/#breadcrumb"},"inLanguage":"pl-PL","potentialAction":[{"@type":"ReadAction","target":["https:\/\/escort-technology.com\/pl\/nowosci-w-mapach-c-map-dla-simrada\/"]}]},{"@type":"BreadcrumbList","@id":"https:\/\/escort-technology.com\/pl\/nowosci-w-mapach-c-map-dla-simrada\/#breadcrumb","itemListElement":[{"@type":"ListItem","position":1,"name":"Strona g\u0142\u00f3wna","item":"https:\/\/escort-technology.com\/"},{"@type":"ListItem","position":2,"name":"Nowo\u015bci w mapach C-Map dla Simrada"}]},{"@type":"WebSite","@id":"http:\/\/escort-technology.com\/de\/#website","url":"http:\/\/escort-technology.com\/de\/","name":"ESCORT TECHNOLOGY","description":"Elektronika morska i l\u0105dowa","publisher":{"@id":"http:\/\/escort-technology.com\/de\/#organization"},"potentialAction":[{"@type":"SearchAction","target":{"@type":"EntryPoint","urlTemplate":"http:\/\/escort-technology.com\/de\/?s={search_term_string}"},"query-input":{"@type":"PropertyValueSpecification","valueRequired":true,"valueName":"search_term_string"}}],"inLanguage":"pl-PL"},{"@type":"Organization","@id":"http:\/\/escort-technology.com\/de\/#organization","name":"ESCORT TECHNOLOGY","url":"http:\/\/escort-technology.com\/de\/","logo":{"@type":"ImageObject","inLanguage":"pl-PL","@id":"http:\/\/escort-technology.com\/de\/#\/schema\/logo\/image\/","url":"https:\/\/escort-technology.com\/wp-content\/uploads\/logo-1.jpg","contentUrl":"https:\/\/escort-technology.com\/wp-content\/uploads\/logo-1.jpg","width":600,"height":165,"caption":"ESCORT TECHNOLOGY"},"image":{"@id":"http:\/\/escort-technology.com\/de\/#\/schema\/logo\/image\/"},"sameAs":["https:\/\/www.facebook.com\/elektronika.morska\/","https:\/\/www.linkedin.com\/company\/escort-sp-z-o-o-\/"]}]}},"_links":{"self":[{"href":"https:\/\/escort-technology.com\/pl\/wp-json\/wp\/v2\/pages\/9163","targetHints":{"allow":["GET"]}}],"collection":[{"href":"https:\/\/escort-technology.com\/pl\/wp-json\/wp\/v2\/pages"}],"about":[{"href":"https:\/\/escort-technology.com\/pl\/wp-json\/wp\/v2\/types\/page"}],"author":[{"embeddable":true,"href":"https:\/\/escort-technology.com\/pl\/wp-json\/wp\/v2\/users\/10"}],"replies":[{"embeddable":true,"href":"https:\/\/escort-technology.com\/pl\/wp-json\/wp\/v2\/comments?post=9163"}],"version-history":[{"count":3,"href":"https:\/\/escort-technology.com\/pl\/wp-json\/wp\/v2\/pages\/9163\/revisions"}],"predecessor-version":[{"id":9172,"href":"https:\/\/escort-technology.com\/pl\/wp-json\/wp\/v2\/pages\/9163\/revisions\/9172"}],"wp:attachment":[{"href":"https:\/\/escort-technology.com\/pl\/wp-json\/wp\/v2\/media?parent=9163"}],"curies":[{"name":"wp","href":"https:\/\/api.w.org\/{rel}","templated":true}]}}