{"id":9219,"date":"2021-05-14T10:34:24","date_gmt":"2021-05-14T08:34:24","guid":{"rendered":"https:\/\/escort-technology.com\/?page_id=9219"},"modified":"2021-05-14T11:04:28","modified_gmt":"2021-05-14T09:04:28","slug":"kamera-akustyczna-aris-explorer-1200","status":"publish","type":"page","link":"https:\/\/escort-technology.com\/pl\/kamera-akustyczna-aris-explorer-1200\/","title":{"rendered":"Kamera akustyczna ARIS EXPLORER 1200"},"content":{"rendered":"<h1>\n<h1 class=\"uk-article-title\">Kamera akustyczna ARIS EXPLORER 1200<\/h1>\n<\/h1>\n<hr>\n<p><img decoding=\"async\" src=\"\/wp-content\/uploads\/2021\/05\/2-ARIS-1200_1.jpg\" alt=\"\"><\/p>\n<div>\n<p>Cz\u0119stotliwo\u015b\u0107 identyfikacji: \u00a01.2 MHz<\/p>\n<p>Cz\u0119stotliwo\u015b\u0107 detekcji: \u00a00.7 MHz<\/p>\n<p>Zakres pracy: \u00a0300m<\/p>\n<\/div>\n<p>\n    <a href=\"http:\/\/www.soundmetrics.com\/Products\/ARIS-Sonars\/ARIS-Explorer-1200\/015337_RevC_ARIS-Explorer-1200_Brochure\">Karta katalogowa <\/a>\n<\/p>\n<div>\n<p>ARIS Explorer 1200 zapewnia czysto\u015b\u0107 obrazu, kt\u00f3ra jest niepor\u00f3wnywalna z \u017cadnym innym sonarem w swojej klasie. Przy cz\u0119stotliwo\u015bci 1,2 MHz, ten sonar obrazowy zapewnia szczeg\u00f3\u0142owo\u015b\u0107 wymagan\u0105 do identyfikacji na \u015brednim dystansie. Przy ni\u017cszej cz\u0119stotliwo\u015bci, 0,7 MHz, wyrazisto\u015b\u0107 obrazu sonaru ARIS czyni go idealnym narz\u0119dziem do wykrywania cel\u00f3w do 80 metr\u00f3w. Obrazy o jako\u015bci zbli\u017conej do wideo s\u0105 prezentowane za pomoc\u0105 wielofunkcyjnego oprogramowania. ARIS 1200 doskonale sprawdza si\u0119 w rybo\u0142\u00f3wstwie\/biologii morskiej ze wzgl\u0119du na zdolno\u015b\u0107 do dostarczania niezb\u0119dnych szczeg\u00f3\u0142\u00f3w w czasie rzeczywistym, z mo\u017cliwo\u015bci\u0105 rozr\u00f3\u017cniania ryb od szcz\u0105tk\u00f3w.<\/p>\n<\/div>\n<p><!--more--><br \/>\n<!-- {\"type\":\"layout\",\"children\":[{\"type\":\"section\",\"props\":{\"style\":\"default\",\"width\":\"default\",\"vertical_align\":\"middle\",\"title_position\":\"top-left\",\"title_rotation\":\"left\",\"title_breakpoint\":\"xl\",\"image_position\":\"center-center\"},\"children\":[{\"type\":\"row\",\"children\":[{\"type\":\"column\",\"props\":{\"image_position\":\"center-center\",\"media_overlay_gradient\":\"\"},\"children\":[{\"type\":\"headline\",\"props\":{\"title_element\":\"h1\",\"content\":\"\n\n<h1 class=\\\"uk-article-title\\\">Kamera akustyczna ARIS EXPLORER 1200<\\\/h1>\"}},{\"type\":\"divider\",\"props\":{\"divider_element\":\"hr\"}}]}]}]},{\"type\":\"section\",\"props\":{\"style\":\"default\",\"width\":\"default\",\"vertical_align\":\"middle\",\"title_position\":\"top-left\",\"title_rotation\":\"left\",\"title_breakpoint\":\"xl\",\"image_position\":\"center-center\"},\"children\":[{\"type\":\"row\",\"props\":{\"layout\":\"1-2,1-2\"},\"children\":[{\"type\":\"column\",\"props\":{\"image_position\":\"center-center\",\"media_overlay_gradient\":\"\",\"width_medium\":\"1-2\"},\"children\":[{\"type\":\"image\",\"props\":{\"margin\":\"default\",\"image_svg_color\":\"emphasis\",\"image\":\"wp-content\\\/uploads\\\/2021\\\/05\\\/2-ARIS-1200_1.jpg\"}}]},{\"type\":\"column\",\"props\":{\"image_position\":\"center-center\",\"media_overlay_gradient\":\"\",\"width_medium\":\"1-2\"},\"children\":[{\"type\":\"text\",\"props\":{\"margin\":\"default\",\"column_breakpoint\":\"m\",\"content\":\"\n\n<p>Cz\\u0119stotliwo\\u015b\\u0107 identyfikacji: \\u00a01.2 MHz<\\\/p>\\n\n\n<p>Cz\\u0119stotliwo\\u015b\\u0107 detekcji: \\u00a00.7 MHz<\\\/p>\\n\n\n<p>Zakres pracy: \\u00a0300m<\\\/p>\"}},{\"type\":\"button\",\"props\":{\"grid_column_gap\":\"small\",\"grid_row_gap\":\"small\",\"margin\":\"default\"},\"children\":[{\"type\":\"button_item\",\"props\":{\"button_style\":\"default\",\"icon_align\":\"left\",\"content\":\"Karta katalogowa \",\"link\":\"http:\\\/\\\/www.soundmetrics.com\\\/Products\\\/ARIS-Sonars\\\/ARIS-Explorer-1200\\\/015337_RevC_ARIS-Explorer-1200_Brochure\"}}]}]}]}]},{\"type\":\"section\",\"props\":{\"style\":\"default\",\"width\":\"default\",\"vertical_align\":\"middle\",\"title_position\":\"top-left\",\"title_rotation\":\"left\",\"title_breakpoint\":\"xl\",\"image_position\":\"center-center\"},\"children\":[{\"type\":\"row\",\"children\":[{\"type\":\"column\",\"props\":{\"image_position\":\"center-center\",\"media_overlay_gradient\":\"\"},\"children\":[{\"type\":\"text\",\"props\":{\"margin\":\"default\",\"column_breakpoint\":\"m\",\"content\":\"\n\n<p>ARIS Explorer 1200 zapewnia czysto\\u015b\\u0107 obrazu, kt\\u00f3ra jest niepor\\u00f3wnywalna z \\u017cadnym innym sonarem w swojej klasie. Przy cz\\u0119stotliwo\\u015bci 1,2 MHz, ten sonar obrazowy zapewnia szczeg\\u00f3\\u0142owo\\u015b\\u0107 wymagan\\u0105 do identyfikacji na \\u015brednim dystansie. Przy ni\\u017cszej cz\\u0119stotliwo\\u015bci, 0,7 MHz, wyrazisto\\u015b\\u0107 obrazu sonaru ARIS czyni go idealnym narz\\u0119dziem do wykrywania cel\\u00f3w do 80 metr\\u00f3w. Obrazy o jako\\u015bci zbli\\u017conej do wideo s\\u0105 prezentowane za pomoc\\u0105 wielofunkcyjnego oprogramowania. ARIS 1200 doskonale sprawdza si\\u0119 w rybo\\u0142\\u00f3wstwie\\\/biologii morskiej ze wzgl\\u0119du na zdolno\\u015b\\u0107 do dostarczania niezb\\u0119dnych szczeg\\u00f3\\u0142\\u00f3w w czasie rzeczywistym, z mo\\u017cliwo\\u015bci\\u0105 rozr\\u00f3\\u017cniania ryb od szcz\\u0105tk\\u00f3w.<\\\/p>\"}}]}]}]}],\"version\":\"2.4.14\"} --><\/p>\n","protected":false},"excerpt":{"rendered":"<p>Kamera akustyczna ARIS EXPLORER 1200 Cz\u0119stotliwo\u015b\u0107 identyfikacji: \u00a01.2 MHz Cz\u0119stotliwo\u015b\u0107 detekcji: \u00a00.7 MHz Zakres pracy: \u00a0300m Karta katalogowa ARIS Explorer 1200 zapewnia czysto\u015b\u0107 obrazu, kt\u00f3ra jest niepor\u00f3wnywalna z \u017cadnym innym sonarem w swojej klasie. Przy cz\u0119stotliwo\u015bci 1,2 MHz, ten sonar obrazowy zapewnia szczeg\u00f3\u0142owo\u015b\u0107 wymagan\u0105 do identyfikacji na \u015brednim dystansie. Przy ni\u017cszej cz\u0119stotliwo\u015bci, 0,7 MHz, wyrazisto\u015b\u0107 [&hellip;]<\/p>\n","protected":false},"author":10,"featured_media":0,"parent":0,"menu_order":0,"comment_status":"closed","ping_status":"closed","template":"","meta":{"footnotes":""},"class_list":["post-9219","page","type-page","status-publish","hentry"],"yoast_head":"<!-- This site is optimized with the Yoast SEO plugin v27.4 - https:\/\/yoast.com\/product\/yoast-seo-wordpress\/ -->\n<title>Kamera akustyczna ARIS EXPLORER 1200 - ESCORT TECHNOLOGY<\/title>\n<meta name=\"robots\" content=\"index, follow, max-snippet:-1, max-image-preview:large, max-video-preview:-1\" \/>\n<link rel=\"canonical\" href=\"http:\/\/escort-technology.com\/pl\/kamera-akustyczna-aris-explorer-1200\/\" \/>\n<meta property=\"og:locale\" content=\"pl_PL\" \/>\n<meta property=\"og:type\" content=\"article\" \/>\n<meta property=\"og:title\" content=\"Kamera akustyczna ARIS EXPLORER 1200 - ESCORT TECHNOLOGY\" \/>\n<meta property=\"og:description\" content=\"Kamera akustyczna ARIS EXPLORER 1200 Cz\u0119stotliwo\u015b\u0107 identyfikacji: \u00a01.2 MHz Cz\u0119stotliwo\u015b\u0107 detekcji: \u00a00.7 MHz Zakres pracy: \u00a0300m Karta katalogowa ARIS Explorer 1200 zapewnia czysto\u015b\u0107 obrazu, kt\u00f3ra jest niepor\u00f3wnywalna z \u017cadnym innym sonarem w swojej klasie. Przy cz\u0119stotliwo\u015bci 1,2 MHz, ten sonar obrazowy zapewnia szczeg\u00f3\u0142owo\u015b\u0107 wymagan\u0105 do identyfikacji na \u015brednim dystansie. Przy ni\u017cszej cz\u0119stotliwo\u015bci, 0,7 MHz, wyrazisto\u015b\u0107 [&hellip;]\" \/>\n<meta property=\"og:url\" content=\"http:\/\/escort-technology.com\/pl\/kamera-akustyczna-aris-explorer-1200\/\" \/>\n<meta property=\"og:site_name\" content=\"ESCORT TECHNOLOGY\" \/>\n<meta property=\"article:publisher\" content=\"https:\/\/www.facebook.com\/elektronika.morska\/\" \/>\n<meta property=\"article:modified_time\" content=\"2021-05-14T09:04:28+00:00\" \/>\n<meta property=\"og:image\" content=\"https:\/\/escort-technology.com\/wp-content\/uploads\/2021\/05\/2-ARIS-1200_1.jpg\" \/>\n<meta name=\"twitter:card\" content=\"summary_large_image\" \/>\n<meta name=\"twitter:label1\" content=\"Szacowany czas czytania\" \/>\n\t<meta name=\"twitter:data1\" content=\"1 minuta\" \/>\n<script type=\"application\/ld+json\" class=\"yoast-schema-graph\">{\"@context\":\"https:\\\/\\\/schema.org\",\"@graph\":[{\"@type\":\"WebPage\",\"@id\":\"http:\\\/\\\/escort-technology.com\\\/pl\\\/kamera-akustyczna-aris-explorer-1200\\\/\",\"url\":\"http:\\\/\\\/escort-technology.com\\\/pl\\\/kamera-akustyczna-aris-explorer-1200\\\/\",\"name\":\"Kamera akustyczna ARIS EXPLORER 1200 - ESCORT TECHNOLOGY\",\"isPartOf\":{\"@id\":\"http:\\\/\\\/escort-technology.com\\\/de\\\/#website\"},\"datePublished\":\"2021-05-14T08:34:24+00:00\",\"dateModified\":\"2021-05-14T09:04:28+00:00\",\"breadcrumb\":{\"@id\":\"http:\\\/\\\/escort-technology.com\\\/pl\\\/kamera-akustyczna-aris-explorer-1200\\\/#breadcrumb\"},\"inLanguage\":\"pl-PL\",\"potentialAction\":[{\"@type\":\"ReadAction\",\"target\":[\"http:\\\/\\\/escort-technology.com\\\/pl\\\/kamera-akustyczna-aris-explorer-1200\\\/\"]}]},{\"@type\":\"BreadcrumbList\",\"@id\":\"http:\\\/\\\/escort-technology.com\\\/pl\\\/kamera-akustyczna-aris-explorer-1200\\\/#breadcrumb\",\"itemListElement\":[{\"@type\":\"ListItem\",\"position\":1,\"name\":\"Strona g\u0142\u00f3wna\",\"item\":\"https:\\\/\\\/escort-technology.com\\\/\"},{\"@type\":\"ListItem\",\"position\":2,\"name\":\"Kamera akustyczna ARIS EXPLORER 1200\"}]},{\"@type\":\"WebSite\",\"@id\":\"http:\\\/\\\/escort-technology.com\\\/de\\\/#website\",\"url\":\"http:\\\/\\\/escort-technology.com\\\/de\\\/\",\"name\":\"ESCORT TECHNOLOGY\",\"description\":\"Elektronika morska i l\u0105dowa\",\"publisher\":{\"@id\":\"http:\\\/\\\/escort-technology.com\\\/de\\\/#organization\"},\"potentialAction\":[{\"@type\":\"SearchAction\",\"target\":{\"@type\":\"EntryPoint\",\"urlTemplate\":\"http:\\\/\\\/escort-technology.com\\\/de\\\/?s={search_term_string}\"},\"query-input\":{\"@type\":\"PropertyValueSpecification\",\"valueRequired\":true,\"valueName\":\"search_term_string\"}}],\"inLanguage\":\"pl-PL\"},{\"@type\":\"Organization\",\"@id\":\"http:\\\/\\\/escort-technology.com\\\/de\\\/#organization\",\"name\":\"ESCORT TECHNOLOGY\",\"url\":\"http:\\\/\\\/escort-technology.com\\\/de\\\/\",\"logo\":{\"@type\":\"ImageObject\",\"inLanguage\":\"pl-PL\",\"@id\":\"http:\\\/\\\/escort-technology.com\\\/de\\\/#\\\/schema\\\/logo\\\/image\\\/\",\"url\":\"https:\\\/\\\/escort-technology.com\\\/wp-content\\\/uploads\\\/logo-1.jpg\",\"contentUrl\":\"https:\\\/\\\/escort-technology.com\\\/wp-content\\\/uploads\\\/logo-1.jpg\",\"width\":600,\"height\":165,\"caption\":\"ESCORT TECHNOLOGY\"},\"image\":{\"@id\":\"http:\\\/\\\/escort-technology.com\\\/de\\\/#\\\/schema\\\/logo\\\/image\\\/\"},\"sameAs\":[\"https:\\\/\\\/www.facebook.com\\\/elektronika.morska\\\/\",\"https:\\\/\\\/www.linkedin.com\\\/company\\\/escort-sp-z-o-o-\\\/\"]}]}<\/script>\n<!-- \/ Yoast SEO plugin. -->","yoast_head_json":{"title":"Kamera akustyczna ARIS EXPLORER 1200 - ESCORT TECHNOLOGY","robots":{"index":"index","follow":"follow","max-snippet":"max-snippet:-1","max-image-preview":"max-image-preview:large","max-video-preview":"max-video-preview:-1"},"canonical":"http:\/\/escort-technology.com\/pl\/kamera-akustyczna-aris-explorer-1200\/","og_locale":"pl_PL","og_type":"article","og_title":"Kamera akustyczna ARIS EXPLORER 1200 - ESCORT TECHNOLOGY","og_description":"Kamera akustyczna ARIS EXPLORER 1200 Cz\u0119stotliwo\u015b\u0107 identyfikacji: \u00a01.2 MHz Cz\u0119stotliwo\u015b\u0107 detekcji: \u00a00.7 MHz Zakres pracy: \u00a0300m Karta katalogowa ARIS Explorer 1200 zapewnia czysto\u015b\u0107 obrazu, kt\u00f3ra jest niepor\u00f3wnywalna z \u017cadnym innym sonarem w swojej klasie. Przy cz\u0119stotliwo\u015bci 1,2 MHz, ten sonar obrazowy zapewnia szczeg\u00f3\u0142owo\u015b\u0107 wymagan\u0105 do identyfikacji na \u015brednim dystansie. Przy ni\u017cszej cz\u0119stotliwo\u015bci, 0,7 MHz, wyrazisto\u015b\u0107 [&hellip;]","og_url":"http:\/\/escort-technology.com\/pl\/kamera-akustyczna-aris-explorer-1200\/","og_site_name":"ESCORT TECHNOLOGY","article_publisher":"https:\/\/www.facebook.com\/elektronika.morska\/","article_modified_time":"2021-05-14T09:04:28+00:00","og_image":[{"url":"https:\/\/escort-technology.com\/wp-content\/uploads\/2021\/05\/2-ARIS-1200_1.jpg","type":"","width":"","height":""}],"twitter_card":"summary_large_image","twitter_misc":{"Szacowany czas czytania":"1 minuta"},"schema":{"@context":"https:\/\/schema.org","@graph":[{"@type":"WebPage","@id":"http:\/\/escort-technology.com\/pl\/kamera-akustyczna-aris-explorer-1200\/","url":"http:\/\/escort-technology.com\/pl\/kamera-akustyczna-aris-explorer-1200\/","name":"Kamera akustyczna ARIS EXPLORER 1200 - ESCORT TECHNOLOGY","isPartOf":{"@id":"http:\/\/escort-technology.com\/de\/#website"},"datePublished":"2021-05-14T08:34:24+00:00","dateModified":"2021-05-14T09:04:28+00:00","breadcrumb":{"@id":"http:\/\/escort-technology.com\/pl\/kamera-akustyczna-aris-explorer-1200\/#breadcrumb"},"inLanguage":"pl-PL","potentialAction":[{"@type":"ReadAction","target":["http:\/\/escort-technology.com\/pl\/kamera-akustyczna-aris-explorer-1200\/"]}]},{"@type":"BreadcrumbList","@id":"http:\/\/escort-technology.com\/pl\/kamera-akustyczna-aris-explorer-1200\/#breadcrumb","itemListElement":[{"@type":"ListItem","position":1,"name":"Strona g\u0142\u00f3wna","item":"https:\/\/escort-technology.com\/"},{"@type":"ListItem","position":2,"name":"Kamera akustyczna ARIS EXPLORER 1200"}]},{"@type":"WebSite","@id":"http:\/\/escort-technology.com\/de\/#website","url":"http:\/\/escort-technology.com\/de\/","name":"ESCORT TECHNOLOGY","description":"Elektronika morska i l\u0105dowa","publisher":{"@id":"http:\/\/escort-technology.com\/de\/#organization"},"potentialAction":[{"@type":"SearchAction","target":{"@type":"EntryPoint","urlTemplate":"http:\/\/escort-technology.com\/de\/?s={search_term_string}"},"query-input":{"@type":"PropertyValueSpecification","valueRequired":true,"valueName":"search_term_string"}}],"inLanguage":"pl-PL"},{"@type":"Organization","@id":"http:\/\/escort-technology.com\/de\/#organization","name":"ESCORT TECHNOLOGY","url":"http:\/\/escort-technology.com\/de\/","logo":{"@type":"ImageObject","inLanguage":"pl-PL","@id":"http:\/\/escort-technology.com\/de\/#\/schema\/logo\/image\/","url":"https:\/\/escort-technology.com\/wp-content\/uploads\/logo-1.jpg","contentUrl":"https:\/\/escort-technology.com\/wp-content\/uploads\/logo-1.jpg","width":600,"height":165,"caption":"ESCORT TECHNOLOGY"},"image":{"@id":"http:\/\/escort-technology.com\/de\/#\/schema\/logo\/image\/"},"sameAs":["https:\/\/www.facebook.com\/elektronika.morska\/","https:\/\/www.linkedin.com\/company\/escort-sp-z-o-o-\/"]}]}},"_links":{"self":[{"href":"https:\/\/escort-technology.com\/pl\/wp-json\/wp\/v2\/pages\/9219","targetHints":{"allow":["GET"]}}],"collection":[{"href":"https:\/\/escort-technology.com\/pl\/wp-json\/wp\/v2\/pages"}],"about":[{"href":"https:\/\/escort-technology.com\/pl\/wp-json\/wp\/v2\/types\/page"}],"author":[{"embeddable":true,"href":"https:\/\/escort-technology.com\/pl\/wp-json\/wp\/v2\/users\/10"}],"replies":[{"embeddable":true,"href":"https:\/\/escort-technology.com\/pl\/wp-json\/wp\/v2\/comments?post=9219"}],"version-history":[{"count":3,"href":"https:\/\/escort-technology.com\/pl\/wp-json\/wp\/v2\/pages\/9219\/revisions"}],"predecessor-version":[{"id":9224,"href":"https:\/\/escort-technology.com\/pl\/wp-json\/wp\/v2\/pages\/9219\/revisions\/9224"}],"wp:attachment":[{"href":"https:\/\/escort-technology.com\/pl\/wp-json\/wp\/v2\/media?parent=9219"}],"curies":[{"name":"wp","href":"https:\/\/api.w.org\/{rel}","templated":true}]}}