{"id":9347,"date":"2021-05-18T12:07:38","date_gmt":"2021-05-18T10:07:38","guid":{"rendered":"https:\/\/escort-technology.com\/?page_id=9347"},"modified":"2021-05-18T14:07:23","modified_gmt":"2021-05-18T12:07:23","slug":"radiotelefon-vhf-simrad-rs20s","status":"publish","type":"page","link":"https:\/\/escort-technology.com\/pl\/radiotelefon-vhf-simrad-rs20s\/","title":{"rendered":"Radiotelefon VHF SIMRAD RS20S"},"content":{"rendered":"<h1>\n<h1 class=\"uk-article-title\">Radiotelefon VHF SIMRAD RS20S<\/h1>\n<\/h1>\n<hr>\n<p><img decoding=\"async\" src=\"\/wp-content\/uploads\/000-14491-001_01.jpg\" alt=\"\"><\/p>\n<div>\n<\/p>\n<p><strong>Pozosta\u0144 bezpieczny i w kontakcie dzi\u0119ki temu niezawodnemu radiu VHF z DSC klasy D i zintegrowanym odbiornikiem GPS. Wszechstronny RS20S jest idealny dla r\u00f3\u017cnych \u0142odzi, od ma\u0142ych RIB-\u00f3w do wi\u0119kszych jednostek i zosta\u0142 zaprojektowany tak, aby pasowa\u0142 do niskoprofilowego stylu naszych szklanych wy\u015bwietlaczy mostkowych i akcesori\u00f3w.<\/strong><\/p>\n<\/div>\n<ul>\n<li>\n<h3>Opis produktu <\/h3>\n<div>\n<p><strong>\u0141atwe w u\u017cyciu radio dla ka\u017cdego statku<\/strong><br \/>Wyra\u017ane widzenie w jasnym \u015bwietle dziennym dzi\u0119ki wysoce kontrastowemu czarno-bia\u0142emu wy\u015bwietlaczowi i odwr\u00f3conemu trybowi bia\u0142o-czarnemu w nocy. Obrotowe pokr\u0119t\u0142o u\u0142atwia wyb\u00f3r kana\u0142u, a du\u017ce przyciski zapewniaj\u0105 szybki dost\u0119p do innych kluczowych funkcji. Dedykowane przyciski kana\u0142u 16, znajduj\u0105ce si\u0119 zar\u00f3wno na radiotelefonie, jak i na jego mikrofonie, oferuj\u0105 natychmiastowy dost\u0119p do kana\u0142u awaryjnego. Do\u0142\u0105czony wspornik kardanowy umo\u017cliwia prost\u0105 instalacj\u0119 na stole, nad g\u0142ow\u0105 lub w grodzi. Mo\u017cliwa jest r\u00f3wnie\u017c instalacja podtynkowa, z \u0142atwym monta\u017cem od przodu, aby dopasowa\u0107 si\u0119 do niskoprofilowego stylu naszych szklanych wy\u015bwietlaczy\u00a0 i akcesori\u00f3w.<\/p>\n<p><strong>Zatwierdzenie DSC klasy D<\/strong><br \/>DSC, czyli &#8222;Digital Selective Calling&#8221;, u\u0142atwia pozostawanie w kontakcie z innymi \u017ceglarzami i umo\u017cliwia nadawanie lokalizacji \u0142odzi w nag\u0142ych wypadkach. Je\u015bli znajdziesz si\u0119 w tarapatach, dedykowany przycisk &#8222;distress&#8221; na RS20 zainicjuje wezwanie pomocy DSC, kt\u00f3re wy\u015ble pozycj\u0119 Twojej \u0142odzi do ka\u017cdego, kto znajdzie si\u0119 w zasi\u0119gu VHF. U\u017cywany razem z tradycyjnym radiowym wezwaniem pomocy, u\u0142atwia to innym \u017ceglarzom z radiami obs\u0142uguj\u0105cymi DSC zarejestrowanie Twojej sytuacji i przyj\u015bcie Ci z pomoc\u0105. Zintegrowany odbiornik GPS oznacza, \u017ce Twoja pozycja mo\u017ce zosta\u0107 wys\u0142ana nawet wtedy, gdy inne urz\u0105dzenia elektroniczne na \u0142odzi s\u0105 wy\u0142\u0105czone.<\/p>\n<p><strong>\u0141atwy dost\u0119p do wszystkich kana\u0142\u00f3w mi\u0119dzynarodowych<\/strong><br \/>Radiotelefon RS20S zosta\u0142 zaprojektowany do u\u017cytku globalnego i obs\u0142uguje wszystkie kana\u0142y mi\u0119dzynarodowe. Dzi\u0119ki tr\u00f3jkana\u0142owemu zegarkowi mo\u017cna \u0142atwo skanowa\u0107 pomi\u0119dzy bie\u017c\u0105cym kana\u0142em, kana\u0142em awaryjnym 16 i innym kana\u0142em priorytetowym skonfigurowanym przez u\u017cytkownika. Mo\u017cna r\u00f3wnie\u017c skanowa\u0107 wszystkie dost\u0119pne kana\u0142y lub tylko wybrane ulubione. Kana\u0142y alarmowe mog\u0105 by\u0107 traktowane priorytetowo podczas skanowania, aby zmniejszy\u0107 prawdopodobie\u0144stwo przeoczenia wezwa\u0144 pomocy lub innych pilnych komunikat\u00f3w dotycz\u0105cych bezpiecze\u0144stwa.<\/p>\n<\/div>\n<\/li>\n<li>\n<h3>Cechy <\/h3>\n<div>\n<ul>\n<li>Wbudowana antena GPS<\/li>\n<li>Odbieraj dane GPS z kompatybilnego urz\u0105dzenia GPS: Z\u0142\u0105cze SMA dla opcjonalnej zewn\u0119trznej anteny GPS (000-13613-001)<\/li>\n<li>Zast\u0119puje obecny RS12 VHF poziomu podstawowego<\/li>\n<li>\u0141\u0105czno\u015b\u0107 NMEA2000 dla zaawansowanej funkcjonalno\u015bci, jak grupowanie pod\u015bwietlenia, gdy pod\u0142\u0105czone do urz\u0105dze\u0144 MFD firmy Simrad<\/li>\n<li>\u0141\u0105czno\u015b\u0107 NMEA0183<\/li>\n<li>Wyj\u015bcie DSC (dla wywo\u0142ania DSC), DSE (dla rozszerzonej pozycji podczas wykonywania \u017c\u0105dania Lat\/Long i Buddy Track).<\/li>\n<li>Nowa konstrukcja mechaniczna montowana z przodu dla \u0142atwej instalacji<\/li>\n<li>Konstrukcja niskoprofilowa, aby dopasowa\u0107 si\u0119 do stylu urz\u0105dze\u0144 wielofunkcyjnych Simrad<\/li>\n<\/ul>\n<\/div>\n<\/li>\n<li>\n<h3>Zestaw zawiera:<\/h3>\n<div>\n<div class=\"c-banner-block__text c-banner-block__text--body e-richtext c-banner-block__in-the-box\">\n<ul class=\"c-in-the-box__bullets\">\n<li class=\"c-in-the-box__item col-xs-12 col-sm-6 col-md-12\"><img decoding=\"async\" src=\"https:\/\/www.simrad-yachting.com\/globalassets\/inriver\/resources\/000-14261-001_1.png?w=60&amp;h=40&amp;scale=both&amp;mode=crop\" \/> <span class=\"c-in-the-box__name\">RS20\/V20 \u2013 Uchwyt mocuj\u0105cy<\/span><\/li>\n<li class=\"c-in-the-box__item col-xs-12 col-sm-6 col-md-12\"><img decoding=\"async\" src=\"https:\/\/www.simrad-yachting.com\/globalassets\/inriver\/resources\/000-14263-001_00.png?w=60&amp;h=40&amp;scale=both&amp;mode=crop\" \/> <span class=\"c-in-the-box__name\">RS20\/V20 \u2013 Pokr\u0119t\u0142a uchwytu\u00a0<\/span><\/li>\n<\/ul>\n<\/div>\n<\/div>\n<\/li>\n<\/ul>\n<p><!--more--><br \/>\n<!-- {\"type\":\"layout\",\"children\":[{\"type\":\"section\",\"props\":{\"style\":\"default\",\"width\":\"default\",\"vertical_align\":\"middle\",\"title_position\":\"top-left\",\"title_rotation\":\"left\",\"title_breakpoint\":\"xl\",\"image_position\":\"center-center\"},\"children\":[{\"type\":\"row\",\"children\":[{\"type\":\"column\",\"props\":{\"image_position\":\"center-center\",\"media_overlay_gradient\":\"\"},\"children\":[{\"type\":\"headline\",\"props\":{\"title_element\":\"h1\",\"content\":\"\n\n<h1 class=\\\"uk-article-title\\\">Radiotelefon VHF SIMRAD RS20S<\\\/h1>\"}},{\"type\":\"divider\",\"props\":{\"divider_element\":\"hr\"}}]}]}]},{\"type\":\"section\",\"props\":{\"style\":\"default\",\"width\":\"default\",\"vertical_align\":\"middle\",\"title_position\":\"top-left\",\"title_rotation\":\"left\",\"title_breakpoint\":\"xl\",\"image_position\":\"center-center\"},\"children\":[{\"type\":\"row\",\"props\":{\"layout\":\"1-2,1-2\"},\"children\":[{\"type\":\"column\",\"props\":{\"image_position\":\"center-center\",\"media_overlay_gradient\":\"\",\"width_medium\":\"1-2\"},\"children\":[{\"type\":\"image\",\"props\":{\"margin\":\"default\",\"image_svg_color\":\"emphasis\",\"image\":\"wp-content\\\/uploads\\\/000-14491-001_01.jpg\"}}]},{\"type\":\"column\",\"props\":{\"image_position\":\"center-center\",\"media_overlay_gradient\":\"\",\"width_medium\":\"1-2\"},\"children\":[{\"type\":\"text\",\"props\":{\"margin\":\"default\",\"column_breakpoint\":\"m\",\"content\":\"\n\n<p><\\\/p>\\n\n\n<p><\\\/p>\\n\n\n<p><strong>Pozosta\\u0144 bezpieczny i w kontakcie dzi\\u0119ki temu niezawodnemu radiu VHF z DSC klasy D i zintegrowanym odbiornikiem GPS. Wszechstronny RS20S jest idealny dla r\\u00f3\\u017cnych \\u0142odzi, od ma\\u0142ych RIB-\\u00f3w do wi\\u0119kszych jednostek i zosta\\u0142 zaprojektowany tak, aby pasowa\\u0142 do niskoprofilowego stylu naszych szklanych wy\\u015bwietlaczy mostkowych i akcesori\\u00f3w.<\\\/strong><\\\/p>\"}}]}]}]},{\"type\":\"section\",\"props\":{\"style\":\"default\",\"width\":\"default\",\"vertical_align\":\"middle\",\"title_position\":\"top-left\",\"title_rotation\":\"left\",\"title_breakpoint\":\"xl\",\"image_position\":\"center-center\"},\"children\":[{\"type\":\"row\",\"children\":[{\"type\":\"column\",\"props\":{\"image_position\":\"center-center\",\"media_overlay_gradient\":\"\"},\"children\":[{\"type\":\"switcher\",\"props\":{\"show_title\":true,\"show_meta\":true,\"show_content\":true,\"show_image\":true,\"show_link\":true,\"show_label\":true,\"show_thumbnail\":true,\"switcher_style\":\"tab\",\"switcher_thumbnail_svg_color\":\"emphasis\",\"switcher_position\":\"top\",\"switcher_align\":\"left\",\"switcher_grid_width\":\"auto\",\"switcher_grid_breakpoint\":\"m\",\"switcher_animation\":\"fade\",\"switcher_height\":true,\"title_element\":\"h3\",\"title_align\":\"top\",\"title_grid_width\":\"1-2\",\"title_grid_breakpoint\":\"m\",\"meta_style\":\"meta\",\"meta_align\":\"below-title\",\"meta_element\":\"div\",\"content_column_breakpoint\":\"m\",\"image_svg_color\":\"emphasis\",\"image_align\":\"top\",\"image_grid_width\":\"1-2\",\"image_grid_breakpoint\":\"m\",\"switcher_thumbnail_width\":\"100\",\"switcher_thumbnail_height\":\"75\",\"link_text\":\"Read more\",\"link_style\":\"default\",\"margin\":\"default\"},\"children\":[{\"type\":\"switcher_item\",\"props\":{\"title\":\"Opis produktu \",\"content\":\"\n\n<p><strong>\\u0141atwe w u\\u017cyciu radio dla ka\\u017cdego statku<\\\/strong><br \\\/>Wyra\\u017ane widzenie w jasnym \\u015bwietle dziennym dzi\\u0119ki wysoce kontrastowemu czarno-bia\\u0142emu wy\\u015bwietlaczowi i odwr\\u00f3conemu trybowi bia\\u0142o-czarnemu w nocy. Obrotowe pokr\\u0119t\\u0142o u\\u0142atwia wyb\\u00f3r kana\\u0142u, a du\\u017ce przyciski zapewniaj\\u0105 szybki dost\\u0119p do innych kluczowych funkcji. Dedykowane przyciski kana\\u0142u 16, znajduj\\u0105ce si\\u0119 zar\\u00f3wno na radiotelefonie, jak i na jego mikrofonie, oferuj\\u0105 natychmiastowy dost\\u0119p do kana\\u0142u awaryjnego. Do\\u0142\\u0105czony wspornik kardanowy umo\\u017cliwia prost\\u0105 instalacj\\u0119 na stole, nad g\\u0142ow\\u0105 lub w grodzi. Mo\\u017cliwa jest r\\u00f3wnie\\u017c instalacja podtynkowa, z \\u0142atwym monta\\u017cem od przodu, aby dopasowa\\u0107 si\\u0119 do niskoprofilowego stylu naszych szklanych wy\\u015bwietlaczy\\u00a0 i akcesori\\u00f3w.<\\\/p>\\n\n\n<p><strong>Zatwierdzenie DSC klasy D<\\\/strong><br \\\/>DSC, czyli \\\"Digital Selective Calling\\\", u\\u0142atwia pozostawanie w kontakcie z innymi \\u017ceglarzami i umo\\u017cliwia nadawanie lokalizacji \\u0142odzi w nag\\u0142ych wypadkach. Je\\u015bli znajdziesz si\\u0119 w tarapatach, dedykowany przycisk \\\"distress\\\" na RS20 zainicjuje wezwanie pomocy DSC, kt\\u00f3re wy\\u015ble pozycj\\u0119 Twojej \\u0142odzi do ka\\u017cdego, kto znajdzie si\\u0119 w zasi\\u0119gu VHF. U\\u017cywany razem z tradycyjnym radiowym wezwaniem pomocy, u\\u0142atwia to innym \\u017ceglarzom z radiami obs\\u0142uguj\\u0105cymi DSC zarejestrowanie Twojej sytuacji i przyj\\u015bcie Ci z pomoc\\u0105. Zintegrowany odbiornik GPS oznacza, \\u017ce Twoja pozycja mo\\u017ce zosta\\u0107 wys\\u0142ana nawet wtedy, gdy inne urz\\u0105dzenia elektroniczne na \\u0142odzi s\\u0105 wy\\u0142\\u0105czone.<\\\/p>\\n\n\n<p><strong>\\u0141atwy dost\\u0119p do wszystkich kana\\u0142\\u00f3w mi\\u0119dzynarodowych<\\\/strong><br \\\/>Radiotelefon RS20S zosta\\u0142 zaprojektowany do u\\u017cytku globalnego i obs\\u0142uguje wszystkie kana\\u0142y mi\\u0119dzynarodowe. Dzi\\u0119ki tr\\u00f3jkana\\u0142owemu zegarkowi mo\\u017cna \\u0142atwo skanowa\\u0107 pomi\\u0119dzy bie\\u017c\\u0105cym kana\\u0142em, kana\\u0142em awaryjnym 16 i innym kana\\u0142em priorytetowym skonfigurowanym przez u\\u017cytkownika. Mo\\u017cna r\\u00f3wnie\\u017c skanowa\\u0107 wszystkie dost\\u0119pne kana\\u0142y lub tylko wybrane ulubione. Kana\\u0142y alarmowe mog\\u0105 by\\u0107 traktowane priorytetowo podczas skanowania, aby zmniejszy\\u0107 prawdopodobie\\u0144stwo przeoczenia wezwa\\u0144 pomocy lub innych pilnych komunikat\\u00f3w dotycz\\u0105cych bezpiecze\\u0144stwa.<\\\/p>\"}},{\"type\":\"switcher_item\",\"props\":{\"title\":\"Cechy \",\"content\":\"\n\n<ul>\\n\n\n<li>Wbudowana antena GPS<\\\/li>\\n\n\n<li>Odbieraj dane GPS z kompatybilnego urz\\u0105dzenia GPS: Z\\u0142\\u0105cze SMA dla opcjonalnej zewn\\u0119trznej anteny GPS (000-13613-001)<\\\/li>\\n\n\n<li>Zast\\u0119puje obecny RS12 VHF poziomu podstawowego<\\\/li>\\n\n\n<li>\\u0141\\u0105czno\\u015b\\u0107 NMEA2000 dla zaawansowanej funkcjonalno\\u015bci, jak grupowanie pod\\u015bwietlenia, gdy pod\\u0142\\u0105czone do urz\\u0105dze\\u0144 MFD firmy Simrad<\\\/li>\\n\n\n<li>\\u0141\\u0105czno\\u015b\\u0107 NMEA0183<\\\/li>\\n\n\n<li>Wyj\\u015bcie DSC (dla wywo\\u0142ania DSC), DSE (dla rozszerzonej pozycji podczas wykonywania \\u017c\\u0105dania Lat\\\/Long i Buddy Track).<\\\/li>\\n\n\n<li>Nowa konstrukcja mechaniczna montowana z przodu dla \\u0142atwej instalacji<\\\/li>\\n\n\n<li>Konstrukcja niskoprofilowa, aby dopasowa\\u0107 si\\u0119 do stylu urz\\u0105dze\\u0144 wielofunkcyjnych Simrad<\\\/li>\\n<\\\/ul>\"}},{\"type\":\"switcher_item\",\"props\":{\"title\":\"Zestaw zawiera:\",\"content\":\"\n\n<div class=\\\"c-banner-block__text c-banner-block__text--body e-richtext c-banner-block__in-the-box\\\">\\n\n\n<ul class=\\\"c-in-the-box__bullets\\\">\\n\n\n<li class=\\\"c-in-the-box__item col-xs-12 col-sm-6 col-md-12\\\"><img src=\\\"https:\\\/\\\/www.simrad-yachting.com\\\/globalassets\\\/inriver\\\/resources\\\/000-14261-001_1.png?w=60&amp;h=40&amp;scale=both&amp;mode=crop\\\" \\\/> <span class=\\\"c-in-the-box__name\\\">RS20\\\/V20 \\u2013 Uchwyt mocuj\\u0105cy<\\\/span><\\\/li>\\n\n\n<li class=\\\"c-in-the-box__item col-xs-12 col-sm-6 col-md-12\\\"><img src=\\\"https:\\\/\\\/www.simrad-yachting.com\\\/globalassets\\\/inriver\\\/resources\\\/000-14263-001_00.png?w=60&amp;h=40&amp;scale=both&amp;mode=crop\\\" \\\/> <span class=\\\"c-in-the-box__name\\\">RS20\\\/V20 \\u2013 Pokr\\u0119t\\u0142a uchwytu\\u00a0<\\\/span><\\\/li>\\n<\\\/ul>\\n<\\\/div>\"}}]}]}]}]}],\"version\":\"2.4.14\"} --><\/p>\n","protected":false},"excerpt":{"rendered":"<p>Radiotelefon VHF SIMRAD RS20S Pozosta\u0144 bezpieczny i w kontakcie dzi\u0119ki temu niezawodnemu radiu VHF z DSC klasy D i zintegrowanym odbiornikiem GPS. Wszechstronny RS20S jest idealny dla r\u00f3\u017cnych \u0142odzi, od ma\u0142ych RIB-\u00f3w do wi\u0119kszych jednostek i zosta\u0142 zaprojektowany tak, aby pasowa\u0142 do niskoprofilowego stylu naszych szklanych wy\u015bwietlaczy mostkowych i akcesori\u00f3w. Opis produktu \u0141atwe w u\u017cyciu [&hellip;]<\/p>\n","protected":false},"author":10,"featured_media":0,"parent":0,"menu_order":0,"comment_status":"closed","ping_status":"closed","template":"","meta":{"footnotes":""},"class_list":["post-9347","page","type-page","status-publish","hentry"],"yoast_head":"<!-- This site is optimized with the Yoast SEO plugin v27.5 - https:\/\/yoast.com\/product\/yoast-seo-wordpress\/ -->\n<title>Radiotelefon VHF SIMRAD RS20S - ESCORT TECHNOLOGY<\/title>\n<meta name=\"robots\" content=\"index, follow, max-snippet:-1, max-image-preview:large, max-video-preview:-1\" \/>\n<link rel=\"canonical\" href=\"https:\/\/escort-technology.com\/pl\/radiotelefon-vhf-simrad-rs20s\/\" \/>\n<meta property=\"og:locale\" content=\"pl_PL\" \/>\n<meta property=\"og:type\" content=\"article\" \/>\n<meta property=\"og:title\" content=\"Radiotelefon VHF SIMRAD RS20S - ESCORT TECHNOLOGY\" \/>\n<meta property=\"og:description\" content=\"Radiotelefon VHF SIMRAD RS20S Pozosta\u0144 bezpieczny i w kontakcie dzi\u0119ki temu niezawodnemu radiu VHF z DSC klasy D i zintegrowanym odbiornikiem GPS. Wszechstronny RS20S jest idealny dla r\u00f3\u017cnych \u0142odzi, od ma\u0142ych RIB-\u00f3w do wi\u0119kszych jednostek i zosta\u0142 zaprojektowany tak, aby pasowa\u0142 do niskoprofilowego stylu naszych szklanych wy\u015bwietlaczy mostkowych i akcesori\u00f3w. Opis produktu \u0141atwe w u\u017cyciu [&hellip;]\" \/>\n<meta property=\"og:url\" content=\"https:\/\/escort-technology.com\/pl\/radiotelefon-vhf-simrad-rs20s\/\" \/>\n<meta property=\"og:site_name\" content=\"ESCORT TECHNOLOGY\" \/>\n<meta property=\"article:publisher\" content=\"https:\/\/www.facebook.com\/elektronika.morska\/\" \/>\n<meta property=\"article:modified_time\" content=\"2021-05-18T12:07:23+00:00\" \/>\n<meta property=\"og:image\" content=\"https:\/\/escort-technology.com\/wp-content\/uploads\/000-14491-001_01.jpg\" \/>\n<meta name=\"twitter:card\" content=\"summary_large_image\" \/>\n<meta name=\"twitter:label1\" content=\"Szacowany czas czytania\" \/>\n\t<meta name=\"twitter:data1\" content=\"2 minuty\" \/>\n<script type=\"application\/ld+json\" class=\"yoast-schema-graph\">{\"@context\":\"https:\\\/\\\/schema.org\",\"@graph\":[{\"@type\":\"WebPage\",\"@id\":\"https:\\\/\\\/escort-technology.com\\\/en\\\/radiotelefon-vhf-simrad-rs20s\\\/\",\"url\":\"https:\\\/\\\/escort-technology.com\\\/en\\\/radiotelefon-vhf-simrad-rs20s\\\/\",\"name\":\"Radiotelefon VHF SIMRAD RS20S - ESCORT TECHNOLOGY\",\"isPartOf\":{\"@id\":\"http:\\\/\\\/escort-technology.com\\\/de\\\/#website\"},\"primaryImageOfPage\":{\"@id\":\"https:\\\/\\\/escort-technology.com\\\/en\\\/radiotelefon-vhf-simrad-rs20s\\\/#primaryimage\"},\"image\":{\"@id\":\"https:\\\/\\\/escort-technology.com\\\/en\\\/radiotelefon-vhf-simrad-rs20s\\\/#primaryimage\"},\"thumbnailUrl\":\"https:\\\/\\\/www.simrad-yachting.com\\\/globalassets\\\/inriver\\\/resources\\\/000-14261-001_1.png?w=60&amp;h=40&amp;scale=both&amp;mode=crop\",\"datePublished\":\"2021-05-18T10:07:38+00:00\",\"dateModified\":\"2021-05-18T12:07:23+00:00\",\"breadcrumb\":{\"@id\":\"https:\\\/\\\/escort-technology.com\\\/en\\\/radiotelefon-vhf-simrad-rs20s\\\/#breadcrumb\"},\"inLanguage\":\"pl-PL\",\"potentialAction\":[{\"@type\":\"ReadAction\",\"target\":[\"https:\\\/\\\/escort-technology.com\\\/en\\\/radiotelefon-vhf-simrad-rs20s\\\/\"]}]},{\"@type\":\"ImageObject\",\"inLanguage\":\"pl-PL\",\"@id\":\"https:\\\/\\\/escort-technology.com\\\/en\\\/radiotelefon-vhf-simrad-rs20s\\\/#primaryimage\",\"url\":\"https:\\\/\\\/www.simrad-yachting.com\\\/globalassets\\\/inriver\\\/resources\\\/000-14261-001_1.png?w=60&amp;h=40&amp;scale=both&amp;mode=crop\",\"contentUrl\":\"https:\\\/\\\/www.simrad-yachting.com\\\/globalassets\\\/inriver\\\/resources\\\/000-14261-001_1.png?w=60&amp;h=40&amp;scale=both&amp;mode=crop\"},{\"@type\":\"BreadcrumbList\",\"@id\":\"https:\\\/\\\/escort-technology.com\\\/en\\\/radiotelefon-vhf-simrad-rs20s\\\/#breadcrumb\",\"itemListElement\":[{\"@type\":\"ListItem\",\"position\":1,\"name\":\"Strona g\u0142\u00f3wna\",\"item\":\"https:\\\/\\\/escort-technology.com\\\/\"},{\"@type\":\"ListItem\",\"position\":2,\"name\":\"Radiotelefon VHF SIMRAD RS20S\"}]},{\"@type\":\"WebSite\",\"@id\":\"http:\\\/\\\/escort-technology.com\\\/de\\\/#website\",\"url\":\"http:\\\/\\\/escort-technology.com\\\/de\\\/\",\"name\":\"ESCORT TECHNOLOGY\",\"description\":\"Elektronika morska i l\u0105dowa\",\"publisher\":{\"@id\":\"http:\\\/\\\/escort-technology.com\\\/de\\\/#organization\"},\"potentialAction\":[{\"@type\":\"SearchAction\",\"target\":{\"@type\":\"EntryPoint\",\"urlTemplate\":\"http:\\\/\\\/escort-technology.com\\\/de\\\/?s={search_term_string}\"},\"query-input\":{\"@type\":\"PropertyValueSpecification\",\"valueRequired\":true,\"valueName\":\"search_term_string\"}}],\"inLanguage\":\"pl-PL\"},{\"@type\":\"Organization\",\"@id\":\"http:\\\/\\\/escort-technology.com\\\/de\\\/#organization\",\"name\":\"ESCORT TECHNOLOGY\",\"url\":\"http:\\\/\\\/escort-technology.com\\\/de\\\/\",\"logo\":{\"@type\":\"ImageObject\",\"inLanguage\":\"pl-PL\",\"@id\":\"http:\\\/\\\/escort-technology.com\\\/de\\\/#\\\/schema\\\/logo\\\/image\\\/\",\"url\":\"https:\\\/\\\/escort-technology.com\\\/wp-content\\\/uploads\\\/logo-1.jpg\",\"contentUrl\":\"https:\\\/\\\/escort-technology.com\\\/wp-content\\\/uploads\\\/logo-1.jpg\",\"width\":600,\"height\":165,\"caption\":\"ESCORT TECHNOLOGY\"},\"image\":{\"@id\":\"http:\\\/\\\/escort-technology.com\\\/de\\\/#\\\/schema\\\/logo\\\/image\\\/\"},\"sameAs\":[\"https:\\\/\\\/www.facebook.com\\\/elektronika.morska\\\/\",\"https:\\\/\\\/www.linkedin.com\\\/company\\\/escort-sp-z-o-o-\\\/\"]}]}<\/script>\n<!-- \/ Yoast SEO plugin. -->","yoast_head_json":{"title":"Radiotelefon VHF SIMRAD RS20S - ESCORT TECHNOLOGY","robots":{"index":"index","follow":"follow","max-snippet":"max-snippet:-1","max-image-preview":"max-image-preview:large","max-video-preview":"max-video-preview:-1"},"canonical":"https:\/\/escort-technology.com\/pl\/radiotelefon-vhf-simrad-rs20s\/","og_locale":"pl_PL","og_type":"article","og_title":"Radiotelefon VHF SIMRAD RS20S - ESCORT TECHNOLOGY","og_description":"Radiotelefon VHF SIMRAD RS20S Pozosta\u0144 bezpieczny i w kontakcie dzi\u0119ki temu niezawodnemu radiu VHF z DSC klasy D i zintegrowanym odbiornikiem GPS. Wszechstronny RS20S jest idealny dla r\u00f3\u017cnych \u0142odzi, od ma\u0142ych RIB-\u00f3w do wi\u0119kszych jednostek i zosta\u0142 zaprojektowany tak, aby pasowa\u0142 do niskoprofilowego stylu naszych szklanych wy\u015bwietlaczy mostkowych i akcesori\u00f3w. Opis produktu \u0141atwe w u\u017cyciu [&hellip;]","og_url":"https:\/\/escort-technology.com\/pl\/radiotelefon-vhf-simrad-rs20s\/","og_site_name":"ESCORT TECHNOLOGY","article_publisher":"https:\/\/www.facebook.com\/elektronika.morska\/","article_modified_time":"2021-05-18T12:07:23+00:00","og_image":[{"url":"https:\/\/escort-technology.com\/wp-content\/uploads\/000-14491-001_01.jpg","type":"","width":"","height":""}],"twitter_card":"summary_large_image","twitter_misc":{"Szacowany czas czytania":"2 minuty"},"schema":{"@context":"https:\/\/schema.org","@graph":[{"@type":"WebPage","@id":"https:\/\/escort-technology.com\/en\/radiotelefon-vhf-simrad-rs20s\/","url":"https:\/\/escort-technology.com\/en\/radiotelefon-vhf-simrad-rs20s\/","name":"Radiotelefon VHF SIMRAD RS20S - ESCORT TECHNOLOGY","isPartOf":{"@id":"http:\/\/escort-technology.com\/de\/#website"},"primaryImageOfPage":{"@id":"https:\/\/escort-technology.com\/en\/radiotelefon-vhf-simrad-rs20s\/#primaryimage"},"image":{"@id":"https:\/\/escort-technology.com\/en\/radiotelefon-vhf-simrad-rs20s\/#primaryimage"},"thumbnailUrl":"https:\/\/www.simrad-yachting.com\/globalassets\/inriver\/resources\/000-14261-001_1.png?w=60&amp;h=40&amp;scale=both&amp;mode=crop","datePublished":"2021-05-18T10:07:38+00:00","dateModified":"2021-05-18T12:07:23+00:00","breadcrumb":{"@id":"https:\/\/escort-technology.com\/en\/radiotelefon-vhf-simrad-rs20s\/#breadcrumb"},"inLanguage":"pl-PL","potentialAction":[{"@type":"ReadAction","target":["https:\/\/escort-technology.com\/en\/radiotelefon-vhf-simrad-rs20s\/"]}]},{"@type":"ImageObject","inLanguage":"pl-PL","@id":"https:\/\/escort-technology.com\/en\/radiotelefon-vhf-simrad-rs20s\/#primaryimage","url":"https:\/\/www.simrad-yachting.com\/globalassets\/inriver\/resources\/000-14261-001_1.png?w=60&amp;h=40&amp;scale=both&amp;mode=crop","contentUrl":"https:\/\/www.simrad-yachting.com\/globalassets\/inriver\/resources\/000-14261-001_1.png?w=60&amp;h=40&amp;scale=both&amp;mode=crop"},{"@type":"BreadcrumbList","@id":"https:\/\/escort-technology.com\/en\/radiotelefon-vhf-simrad-rs20s\/#breadcrumb","itemListElement":[{"@type":"ListItem","position":1,"name":"Strona g\u0142\u00f3wna","item":"https:\/\/escort-technology.com\/"},{"@type":"ListItem","position":2,"name":"Radiotelefon VHF SIMRAD RS20S"}]},{"@type":"WebSite","@id":"http:\/\/escort-technology.com\/de\/#website","url":"http:\/\/escort-technology.com\/de\/","name":"ESCORT TECHNOLOGY","description":"Elektronika morska i l\u0105dowa","publisher":{"@id":"http:\/\/escort-technology.com\/de\/#organization"},"potentialAction":[{"@type":"SearchAction","target":{"@type":"EntryPoint","urlTemplate":"http:\/\/escort-technology.com\/de\/?s={search_term_string}"},"query-input":{"@type":"PropertyValueSpecification","valueRequired":true,"valueName":"search_term_string"}}],"inLanguage":"pl-PL"},{"@type":"Organization","@id":"http:\/\/escort-technology.com\/de\/#organization","name":"ESCORT TECHNOLOGY","url":"http:\/\/escort-technology.com\/de\/","logo":{"@type":"ImageObject","inLanguage":"pl-PL","@id":"http:\/\/escort-technology.com\/de\/#\/schema\/logo\/image\/","url":"https:\/\/escort-technology.com\/wp-content\/uploads\/logo-1.jpg","contentUrl":"https:\/\/escort-technology.com\/wp-content\/uploads\/logo-1.jpg","width":600,"height":165,"caption":"ESCORT TECHNOLOGY"},"image":{"@id":"http:\/\/escort-technology.com\/de\/#\/schema\/logo\/image\/"},"sameAs":["https:\/\/www.facebook.com\/elektronika.morska\/","https:\/\/www.linkedin.com\/company\/escort-sp-z-o-o-\/"]}]}},"_links":{"self":[{"href":"https:\/\/escort-technology.com\/pl\/wp-json\/wp\/v2\/pages\/9347","targetHints":{"allow":["GET"]}}],"collection":[{"href":"https:\/\/escort-technology.com\/pl\/wp-json\/wp\/v2\/pages"}],"about":[{"href":"https:\/\/escort-technology.com\/pl\/wp-json\/wp\/v2\/types\/page"}],"author":[{"embeddable":true,"href":"https:\/\/escort-technology.com\/pl\/wp-json\/wp\/v2\/users\/10"}],"replies":[{"embeddable":true,"href":"https:\/\/escort-technology.com\/pl\/wp-json\/wp\/v2\/comments?post=9347"}],"version-history":[{"count":4,"href":"https:\/\/escort-technology.com\/pl\/wp-json\/wp\/v2\/pages\/9347\/revisions"}],"predecessor-version":[{"id":9352,"href":"https:\/\/escort-technology.com\/pl\/wp-json\/wp\/v2\/pages\/9347\/revisions\/9352"}],"wp:attachment":[{"href":"https:\/\/escort-technology.com\/pl\/wp-json\/wp\/v2\/media?parent=9347"}],"curies":[{"name":"wp","href":"https:\/\/api.w.org\/{rel}","templated":true}]}}