{"id":9416,"date":"2021-07-19T08:52:58","date_gmt":"2021-07-19T06:52:58","guid":{"rendered":"https:\/\/escort-technology.com\/?page_id=9416"},"modified":"2021-07-20T13:14:49","modified_gmt":"2021-07-20T11:14:49","slug":"kamery-podwodne-serii-luxus","status":"publish","type":"page","link":"https:\/\/escort-technology.com\/pl\/kamery-podwodne-serii-luxus\/","title":{"rendered":"Kamery podwodne serii LUXUS"},"content":{"rendered":"<h1>\n<h1 class=\"uk-article-title\">Kamery podwodne serii LUXUS<\/h1>\n<\/h1>\n<hr>\n<div>\n<p>Seria kamer LUXUS firmy MacArtney zosta\u0142a zaprojektowana tak, aby zapewni\u0107 niezawodno\u015b\u0107 i doskona\u0142\u0105 wydajno\u015b\u0107, jednocze\u015bnie pozwalaj\u0105c na du\u017c\u0105 elastyczno\u015b\u0107 operacyjn\u0105.<\/p>\n<p>Dzi\u0119ki bogactwu opcji i modeli, w tym kamer kompaktowych LUXUS, kamer o s\u0142abym o\u015bwietleniu, kamer z kolorowym zoomem i kamer o wysokiej rozdzielczo\u015bci, seria MacArtney LUXUS jest skomponowana tak, aby zaoferowa\u0107 odpowiednie rozwi\u0105zanie w zakresie kamer do ka\u017cdego podwodnego zastosowania. <\/p>\n<p>Kamery LUXUS s\u0105 wykonane z najwy\u017cszej jako\u015bci komponent\u00f3w elektronicznych chronionych przez piaskowan\u0105 tytanow\u0105 obudow\u0119.<\/p>\n<p>Wszystkie kamery LUXUS maj\u0105 g\u0142\u0119boko\u015b\u0107 operacyjn\u0105 do 4000 metr\u00f3w.<\/p>\n<\/div>\n<p><a href=\"https:\/\/escort-technology.com\/kamery-luxus-compact-pur\/\"><img decoding=\"async\" src=\"\/wp-content\/uploads\/2021\/07\/pur1251.jpg\" alt=\"\"><\/a><\/p>\n<h1><a href=\"https:\/\/escort-technology.com\/kamery-luxus-compact-pur\/\"><\/p>\n<h3 style=\"text-align: center;\">Kamera LUXUS Compact PUR<\/h3>\n<p><\/a><\/h1>\n<p><a href=\"https:\/\/escort-technology.com\/kamera-luxus-compact\/\"><img decoding=\"async\" src=\"\/wp-content\/uploads\/2021\/07\/luxus-compact-camera.jpg\" alt=\"\"><\/a><\/p>\n<h1><a href=\"https:\/\/escort-technology.com\/kamera-luxus-compact\/\"><\/p>\n<h3 style=\"text-align: center;\">Kamera LUXUS Compact<\/h3>\n<h3><\/h3>\n<p><\/a><\/h1>\n<p><a href=\"https:\/\/escort-technology.com\/kamera-luxus-compact-long-line-driver\/\"><img decoding=\"async\" src=\"\/wp-content\/uploads\/2021\/07\/compact-long-line-driver.jpg\" alt=\"\"><\/a><\/p>\n<h1><a href=\"https:\/\/escort-technology.com\/kamera-luxus-compact-long-line-driver\/\"><\/p>\n<h3 style=\"text-align: center;\">Kamera LUXUS Compact Long Line Driver<\/h3>\n<p><\/a><\/h1>\n<p><a href=\"https:\/\/escort-technology.com\/kamera-luxus-compact-low-light\/\"><img decoding=\"async\" src=\"\/wp-content\/uploads\/2021\/07\/compact-low-light-camera-2.jpg\" alt=\"\"><\/a><\/p>\n<h1><a href=\"https:\/\/escort-technology.com\/kamera-luxus-compact-low-light\/\"><\/p>\n<h3 style=\"text-align: center;\">Kamera LUXUS Compact LOW Light<\/h3>\n<p><\/a><\/h1>\n<p><a href=\"https:\/\/escort-technology.com\/luxus-hd-inspection-camera\/\"><img decoding=\"async\" src=\"\/wp-content\/uploads\/2021\/07\/luxus-hd-inspection-camera_2.jpg\" alt=\"\"><\/a><\/p>\n<h1><a href=\"https:\/\/escort-technology.com\/luxus-hd-inspection-camera\/\"><\/p>\n<h3 style=\"text-align: center;\">Kamera LUXUS HD Inspection<\/h3>\n<p><\/a><\/h1>\n<p><!--more--><br \/>\n<!-- {\"type\":\"layout\",\"children\":[{\"type\":\"section\",\"props\":{\"style\":\"default\",\"width\":\"default\",\"vertical_align\":\"middle\",\"title_position\":\"top-left\",\"title_rotation\":\"left\",\"title_breakpoint\":\"xl\",\"image_position\":\"center-center\"},\"children\":[{\"type\":\"row\",\"children\":[{\"type\":\"column\",\"props\":{\"image_position\":\"center-center\",\"media_overlay_gradient\":\"\"},\"children\":[{\"type\":\"headline\",\"props\":{\"title_element\":\"h1\",\"content\":\"\n\n<h1 class=\\\"uk-article-title\\\">Kamery podwodne serii LUXUS<\\\/h1>\"}},{\"type\":\"divider\",\"props\":{\"divider_element\":\"hr\"}}]}]}]},{\"type\":\"section\",\"props\":{\"style\":\"default\",\"width\":\"default\",\"vertical_align\":\"middle\",\"title_position\":\"top-left\",\"title_rotation\":\"left\",\"title_breakpoint\":\"xl\",\"image_position\":\"center-center\"},\"children\":[{\"type\":\"row\",\"children\":[{\"type\":\"column\",\"props\":{\"image_position\":\"center-center\",\"media_overlay_gradient\":\"\"},\"children\":[{\"type\":\"text\",\"props\":{\"margin\":\"default\",\"column_breakpoint\":\"m\",\"content\":\"\n\n<p>Seria kamer LUXUS firmy MacArtney zosta\\u0142a zaprojektowana tak, aby zapewni\\u0107 niezawodno\\u015b\\u0107 i doskona\\u0142\\u0105 wydajno\\u015b\\u0107, jednocze\\u015bnie pozwalaj\\u0105c na du\\u017c\\u0105 elastyczno\\u015b\\u0107 operacyjn\\u0105.<\\\/p>\\n\n\n<p>Dzi\\u0119ki bogactwu opcji i modeli, w tym kamer kompaktowych LUXUS, kamer o s\\u0142abym o\\u015bwietleniu, kamer z kolorowym zoomem i kamer o wysokiej rozdzielczo\\u015bci, seria MacArtney LUXUS jest skomponowana tak, aby zaoferowa\\u0107 odpowiednie rozwi\\u0105zanie w zakresie kamer do ka\\u017cdego podwodnego zastosowania. <\\\/p>\\n\n\n<p>Kamery LUXUS s\\u0105 wykonane z najwy\\u017cszej jako\\u015bci komponent\\u00f3w elektronicznych chronionych przez piaskowan\\u0105 tytanow\\u0105 obudow\\u0119.<\\\/p>\\n\n\n<p>Wszystkie kamery LUXUS maj\\u0105 g\\u0142\\u0119boko\\u015b\\u0107 operacyjn\\u0105 do 4000 metr\\u00f3w.<\\\/p>\"}}]}]}]},{\"type\":\"section\",\"props\":{\"style\":\"default\",\"width\":\"default\",\"vertical_align\":\"middle\",\"title_position\":\"top-left\",\"title_rotation\":\"left\",\"title_breakpoint\":\"xl\",\"image_position\":\"center-center\"},\"children\":[{\"type\":\"row\",\"props\":{\"layout\":\"1-3,1-3,1-3\"},\"children\":[{\"type\":\"column\",\"props\":{\"image_position\":\"center-center\",\"media_overlay_gradient\":\"\",\"width_medium\":\"1-3\"},\"children\":[{\"type\":\"image\",\"props\":{\"margin\":\"default\",\"image_svg_color\":\"emphasis\",\"image\":\"wp-content\\\/uploads\\\/2021\\\/07\\\/pur1251.jpg\",\"link\":\"https:\\\/\\\/escort-technology.com\\\/kamery-luxus-compact-pur\\\/\"}},{\"type\":\"headline\",\"props\":{\"title_element\":\"h1\",\"content\":\"\n\n<h3 style=\\\"text-align: center;\\\">Kamera LUXUS Compact PUR<\\\/h3>\",\"link\":\"https:\\\/\\\/escort-technology.com\\\/kamery-luxus-compact-pur\\\/\"}}]},{\"type\":\"column\",\"props\":{\"image_position\":\"center-center\",\"media_overlay_gradient\":\"\",\"width_medium\":\"1-3\"},\"children\":[{\"type\":\"image\",\"props\":{\"margin\":\"default\",\"image_svg_color\":\"emphasis\",\"image\":\"wp-content\\\/uploads\\\/2021\\\/07\\\/luxus-compact-camera.jpg\",\"link\":\"https:\\\/\\\/escort-technology.com\\\/kamera-luxus-compact\\\/\"}},{\"type\":\"headline\",\"props\":{\"title_element\":\"h1\",\"content\":\"\n\n<h3 style=\\\"text-align: center;\\\">Kamera LUXUS Compact<\\\/h3>\\n\n\n<h3><\\\/h3>\",\"link\":\"https:\\\/\\\/escort-technology.com\\\/kamera-luxus-compact\\\/\"}}]},{\"type\":\"column\",\"props\":{\"image_position\":\"center-center\",\"media_overlay_gradient\":\"\",\"width_medium\":\"1-3\"},\"children\":[{\"type\":\"image\",\"props\":{\"margin\":\"default\",\"image_svg_color\":\"emphasis\",\"image\":\"wp-content\\\/uploads\\\/2021\\\/07\\\/compact-long-line-driver.jpg\",\"link\":\"https:\\\/\\\/escort-technology.com\\\/kamera-luxus-compact-long-line-driver\\\/\"}},{\"type\":\"headline\",\"props\":{\"title_element\":\"h1\",\"content\":\"\n\n<h3 style=\\\"text-align: center;\\\">Kamera LUXUS Compact Long Line Driver<\\\/h3>\",\"link\":\"https:\\\/\\\/escort-technology.com\\\/kamera-luxus-compact-long-line-driver\\\/\"}}]}]}]},{\"type\":\"section\",\"props\":{\"style\":\"default\",\"width\":\"default\",\"vertical_align\":\"middle\",\"title_position\":\"top-left\",\"title_rotation\":\"left\",\"title_breakpoint\":\"xl\",\"image_position\":\"center-center\"},\"children\":[{\"type\":\"row\",\"props\":{\"layout\":\"1-3,1-3,1-3\"},\"children\":[{\"type\":\"column\",\"props\":{\"image_position\":\"center-center\",\"media_overlay_gradient\":\"\",\"width_medium\":\"1-3\"},\"children\":[{\"type\":\"image\",\"props\":{\"margin\":\"default\",\"image_svg_color\":\"emphasis\",\"image\":\"wp-content\\\/uploads\\\/2021\\\/07\\\/compact-low-light-camera-2.jpg\",\"link\":\"https:\\\/\\\/escort-technology.com\\\/kamera-luxus-compact-low-light\\\/\"}},{\"type\":\"headline\",\"props\":{\"title_element\":\"h1\",\"content\":\"\n\n<h3 style=\\\"text-align: center;\\\">Kamera LUXUS Compact LOW Light<\\\/h3>\",\"link\":\"https:\\\/\\\/escort-technology.com\\\/kamera-luxus-compact-low-light\\\/\"}}]},{\"type\":\"column\",\"props\":{\"image_position\":\"center-center\",\"media_overlay_gradient\":\"\",\"width_medium\":\"1-3\"},\"children\":[{\"type\":\"image\",\"props\":{\"margin\":\"default\",\"image_svg_color\":\"emphasis\",\"image\":\"wp-content\\\/uploads\\\/2021\\\/07\\\/luxus-hd-inspection-camera_2.jpg\",\"link\":\"https:\\\/\\\/escort-technology.com\\\/luxus-hd-inspection-camera\\\/\"}},{\"type\":\"headline\",\"props\":{\"title_element\":\"h1\",\"content\":\"\n\n<h3 style=\\\"text-align: center;\\\">Kamera LUXUS HD Inspection<\\\/h3>\",\"link\":\"https:\\\/\\\/escort-technology.com\\\/luxus-hd-inspection-camera\\\/\"}}]},{\"type\":\"column\",\"props\":{\"image_position\":\"center-center\",\"media_overlay_gradient\":\"\",\"width_medium\":\"1-3\"},\"children\":[]}]}]}],\"version\":\"2.4.14\"} --><\/p>\n","protected":false},"excerpt":{"rendered":"<p>Kamery podwodne serii LUXUS Seria kamer LUXUS firmy MacArtney zosta\u0142a zaprojektowana tak, aby zapewni\u0107 niezawodno\u015b\u0107 i doskona\u0142\u0105 wydajno\u015b\u0107, jednocze\u015bnie pozwalaj\u0105c na du\u017c\u0105 elastyczno\u015b\u0107 operacyjn\u0105. Dzi\u0119ki bogactwu opcji i modeli, w tym kamer kompaktowych LUXUS, kamer o s\u0142abym o\u015bwietleniu, kamer z kolorowym zoomem i kamer o wysokiej rozdzielczo\u015bci, seria MacArtney LUXUS jest skomponowana tak, aby zaoferowa\u0107 [&hellip;]<\/p>\n","protected":false},"author":10,"featured_media":0,"parent":0,"menu_order":0,"comment_status":"closed","ping_status":"closed","template":"","meta":{"footnotes":""},"class_list":["post-9416","page","type-page","status-publish","hentry"],"yoast_head":"<!-- This site is optimized with the Yoast SEO plugin v27.6 - https:\/\/yoast.com\/product\/yoast-seo-wordpress\/ -->\n<title>Kamery podwodne serii LUXUS - ESCORT TECHNOLOGY<\/title>\n<meta name=\"robots\" content=\"index, follow, max-snippet:-1, max-image-preview:large, max-video-preview:-1\" \/>\n<link rel=\"canonical\" href=\"https:\/\/escort-technology.com\/pl\/kamery-podwodne-serii-luxus\/\" \/>\n<meta property=\"og:locale\" content=\"pl_PL\" \/>\n<meta property=\"og:type\" content=\"article\" \/>\n<meta property=\"og:title\" content=\"Kamery podwodne serii LUXUS - ESCORT TECHNOLOGY\" \/>\n<meta property=\"og:description\" content=\"Kamery podwodne serii LUXUS Seria kamer LUXUS firmy MacArtney zosta\u0142a zaprojektowana tak, aby zapewni\u0107 niezawodno\u015b\u0107 i doskona\u0142\u0105 wydajno\u015b\u0107, jednocze\u015bnie pozwalaj\u0105c na du\u017c\u0105 elastyczno\u015b\u0107 operacyjn\u0105. Dzi\u0119ki bogactwu opcji i modeli, w tym kamer kompaktowych LUXUS, kamer o s\u0142abym o\u015bwietleniu, kamer z kolorowym zoomem i kamer o wysokiej rozdzielczo\u015bci, seria MacArtney LUXUS jest skomponowana tak, aby zaoferowa\u0107 [&hellip;]\" \/>\n<meta property=\"og:url\" content=\"https:\/\/escort-technology.com\/pl\/kamery-podwodne-serii-luxus\/\" \/>\n<meta property=\"og:site_name\" content=\"ESCORT TECHNOLOGY\" \/>\n<meta property=\"article:publisher\" content=\"https:\/\/www.facebook.com\/elektronika.morska\/\" \/>\n<meta property=\"article:modified_time\" content=\"2021-07-20T11:14:49+00:00\" \/>\n<meta property=\"og:image\" content=\"https:\/\/escort-technology.com\/wp-content\/uploads\/2021\/07\/pur1251.jpg\" \/>\n<meta name=\"twitter:card\" content=\"summary_large_image\" \/>\n<meta name=\"twitter:label1\" content=\"Szacowany czas czytania\" \/>\n\t<meta name=\"twitter:data1\" content=\"1 minuta\" \/>\n<script type=\"application\/ld+json\" class=\"yoast-schema-graph\">{\"@context\":\"https:\\\/\\\/schema.org\",\"@graph\":[{\"@type\":\"WebPage\",\"@id\":\"https:\\\/\\\/escort-technology.com\\\/en\\\/kamery-podwodne-serii-luxus\\\/\",\"url\":\"https:\\\/\\\/escort-technology.com\\\/en\\\/kamery-podwodne-serii-luxus\\\/\",\"name\":\"Kamery podwodne serii LUXUS - ESCORT TECHNOLOGY\",\"isPartOf\":{\"@id\":\"http:\\\/\\\/escort-technology.com\\\/de\\\/#website\"},\"datePublished\":\"2021-07-19T06:52:58+00:00\",\"dateModified\":\"2021-07-20T11:14:49+00:00\",\"breadcrumb\":{\"@id\":\"https:\\\/\\\/escort-technology.com\\\/en\\\/kamery-podwodne-serii-luxus\\\/#breadcrumb\"},\"inLanguage\":\"pl-PL\",\"potentialAction\":[{\"@type\":\"ReadAction\",\"target\":[\"https:\\\/\\\/escort-technology.com\\\/en\\\/kamery-podwodne-serii-luxus\\\/\"]}]},{\"@type\":\"BreadcrumbList\",\"@id\":\"https:\\\/\\\/escort-technology.com\\\/en\\\/kamery-podwodne-serii-luxus\\\/#breadcrumb\",\"itemListElement\":[{\"@type\":\"ListItem\",\"position\":1,\"name\":\"Strona g\u0142\u00f3wna\",\"item\":\"https:\\\/\\\/escort-technology.com\\\/\"},{\"@type\":\"ListItem\",\"position\":2,\"name\":\"Kamery podwodne serii LUXUS\"}]},{\"@type\":\"WebSite\",\"@id\":\"http:\\\/\\\/escort-technology.com\\\/de\\\/#website\",\"url\":\"http:\\\/\\\/escort-technology.com\\\/de\\\/\",\"name\":\"ESCORT TECHNOLOGY\",\"description\":\"Elektronika morska i l\u0105dowa\",\"publisher\":{\"@id\":\"http:\\\/\\\/escort-technology.com\\\/de\\\/#organization\"},\"potentialAction\":[{\"@type\":\"SearchAction\",\"target\":{\"@type\":\"EntryPoint\",\"urlTemplate\":\"http:\\\/\\\/escort-technology.com\\\/de\\\/?s={search_term_string}\"},\"query-input\":{\"@type\":\"PropertyValueSpecification\",\"valueRequired\":true,\"valueName\":\"search_term_string\"}}],\"inLanguage\":\"pl-PL\"},{\"@type\":\"Organization\",\"@id\":\"http:\\\/\\\/escort-technology.com\\\/de\\\/#organization\",\"name\":\"ESCORT TECHNOLOGY\",\"url\":\"http:\\\/\\\/escort-technology.com\\\/de\\\/\",\"logo\":{\"@type\":\"ImageObject\",\"inLanguage\":\"pl-PL\",\"@id\":\"http:\\\/\\\/escort-technology.com\\\/de\\\/#\\\/schema\\\/logo\\\/image\\\/\",\"url\":\"https:\\\/\\\/escort-technology.com\\\/wp-content\\\/uploads\\\/logo-1.jpg\",\"contentUrl\":\"https:\\\/\\\/escort-technology.com\\\/wp-content\\\/uploads\\\/logo-1.jpg\",\"width\":600,\"height\":165,\"caption\":\"ESCORT TECHNOLOGY\"},\"image\":{\"@id\":\"http:\\\/\\\/escort-technology.com\\\/de\\\/#\\\/schema\\\/logo\\\/image\\\/\"},\"sameAs\":[\"https:\\\/\\\/www.facebook.com\\\/elektronika.morska\\\/\",\"https:\\\/\\\/www.linkedin.com\\\/company\\\/escort-sp-z-o-o-\\\/\"]}]}<\/script>\n<!-- \/ Yoast SEO plugin. -->","yoast_head_json":{"title":"Kamery podwodne serii LUXUS - ESCORT TECHNOLOGY","robots":{"index":"index","follow":"follow","max-snippet":"max-snippet:-1","max-image-preview":"max-image-preview:large","max-video-preview":"max-video-preview:-1"},"canonical":"https:\/\/escort-technology.com\/pl\/kamery-podwodne-serii-luxus\/","og_locale":"pl_PL","og_type":"article","og_title":"Kamery podwodne serii LUXUS - ESCORT TECHNOLOGY","og_description":"Kamery podwodne serii LUXUS Seria kamer LUXUS firmy MacArtney zosta\u0142a zaprojektowana tak, aby zapewni\u0107 niezawodno\u015b\u0107 i doskona\u0142\u0105 wydajno\u015b\u0107, jednocze\u015bnie pozwalaj\u0105c na du\u017c\u0105 elastyczno\u015b\u0107 operacyjn\u0105. Dzi\u0119ki bogactwu opcji i modeli, w tym kamer kompaktowych LUXUS, kamer o s\u0142abym o\u015bwietleniu, kamer z kolorowym zoomem i kamer o wysokiej rozdzielczo\u015bci, seria MacArtney LUXUS jest skomponowana tak, aby zaoferowa\u0107 [&hellip;]","og_url":"https:\/\/escort-technology.com\/pl\/kamery-podwodne-serii-luxus\/","og_site_name":"ESCORT TECHNOLOGY","article_publisher":"https:\/\/www.facebook.com\/elektronika.morska\/","article_modified_time":"2021-07-20T11:14:49+00:00","og_image":[{"url":"https:\/\/escort-technology.com\/wp-content\/uploads\/2021\/07\/pur1251.jpg","type":"","width":"","height":""}],"twitter_card":"summary_large_image","twitter_misc":{"Szacowany czas czytania":"1 minuta"},"schema":{"@context":"https:\/\/schema.org","@graph":[{"@type":"WebPage","@id":"https:\/\/escort-technology.com\/en\/kamery-podwodne-serii-luxus\/","url":"https:\/\/escort-technology.com\/en\/kamery-podwodne-serii-luxus\/","name":"Kamery podwodne serii LUXUS - ESCORT TECHNOLOGY","isPartOf":{"@id":"http:\/\/escort-technology.com\/de\/#website"},"datePublished":"2021-07-19T06:52:58+00:00","dateModified":"2021-07-20T11:14:49+00:00","breadcrumb":{"@id":"https:\/\/escort-technology.com\/en\/kamery-podwodne-serii-luxus\/#breadcrumb"},"inLanguage":"pl-PL","potentialAction":[{"@type":"ReadAction","target":["https:\/\/escort-technology.com\/en\/kamery-podwodne-serii-luxus\/"]}]},{"@type":"BreadcrumbList","@id":"https:\/\/escort-technology.com\/en\/kamery-podwodne-serii-luxus\/#breadcrumb","itemListElement":[{"@type":"ListItem","position":1,"name":"Strona g\u0142\u00f3wna","item":"https:\/\/escort-technology.com\/"},{"@type":"ListItem","position":2,"name":"Kamery podwodne serii LUXUS"}]},{"@type":"WebSite","@id":"http:\/\/escort-technology.com\/de\/#website","url":"http:\/\/escort-technology.com\/de\/","name":"ESCORT TECHNOLOGY","description":"Elektronika morska i l\u0105dowa","publisher":{"@id":"http:\/\/escort-technology.com\/de\/#organization"},"potentialAction":[{"@type":"SearchAction","target":{"@type":"EntryPoint","urlTemplate":"http:\/\/escort-technology.com\/de\/?s={search_term_string}"},"query-input":{"@type":"PropertyValueSpecification","valueRequired":true,"valueName":"search_term_string"}}],"inLanguage":"pl-PL"},{"@type":"Organization","@id":"http:\/\/escort-technology.com\/de\/#organization","name":"ESCORT TECHNOLOGY","url":"http:\/\/escort-technology.com\/de\/","logo":{"@type":"ImageObject","inLanguage":"pl-PL","@id":"http:\/\/escort-technology.com\/de\/#\/schema\/logo\/image\/","url":"https:\/\/escort-technology.com\/wp-content\/uploads\/logo-1.jpg","contentUrl":"https:\/\/escort-technology.com\/wp-content\/uploads\/logo-1.jpg","width":600,"height":165,"caption":"ESCORT TECHNOLOGY"},"image":{"@id":"http:\/\/escort-technology.com\/de\/#\/schema\/logo\/image\/"},"sameAs":["https:\/\/www.facebook.com\/elektronika.morska\/","https:\/\/www.linkedin.com\/company\/escort-sp-z-o-o-\/"]}]}},"_links":{"self":[{"href":"https:\/\/escort-technology.com\/pl\/wp-json\/wp\/v2\/pages\/9416","targetHints":{"allow":["GET"]}}],"collection":[{"href":"https:\/\/escort-technology.com\/pl\/wp-json\/wp\/v2\/pages"}],"about":[{"href":"https:\/\/escort-technology.com\/pl\/wp-json\/wp\/v2\/types\/page"}],"author":[{"embeddable":true,"href":"https:\/\/escort-technology.com\/pl\/wp-json\/wp\/v2\/users\/10"}],"replies":[{"embeddable":true,"href":"https:\/\/escort-technology.com\/pl\/wp-json\/wp\/v2\/comments?post=9416"}],"version-history":[{"count":9,"href":"https:\/\/escort-technology.com\/pl\/wp-json\/wp\/v2\/pages\/9416\/revisions"}],"predecessor-version":[{"id":9474,"href":"https:\/\/escort-technology.com\/pl\/wp-json\/wp\/v2\/pages\/9416\/revisions\/9474"}],"wp:attachment":[{"href":"https:\/\/escort-technology.com\/pl\/wp-json\/wp\/v2\/media?parent=9416"}],"curies":[{"name":"wp","href":"https:\/\/api.w.org\/{rel}","templated":true}]}}