{"id":9472,"date":"2021-07-20T13:14:18","date_gmt":"2021-07-20T11:14:18","guid":{"rendered":"https:\/\/escort-technology.com\/?page_id=9472"},"modified":"2021-07-21T09:23:23","modified_gmt":"2021-07-21T07:23:23","slug":"luxus-hd-inspection-camera","status":"publish","type":"page","link":"https:\/\/escort-technology.com\/pl\/luxus-hd-inspection-camera\/","title":{"rendered":"LUXUS HD Inspection Camera"},"content":{"rendered":"<h1>\n<h1 class=\"uk-article-title\">Kamera LUXUS HD Inspection<\/h1>\n<\/h1>\n<hr>\n<p><img decoding=\"async\" src=\"\/wp-content\/uploads\/2021\/07\/luxus-hd-inspection-camera_2-1.jpg\" alt=\"\"><\/p>\n<div>\n<p>Kamera inspekcyjna LUXUS HD jest przeznaczona do stosowania w systemach ROV i jest idealna do stosowania w po\u0142\u0105czeniu z diod\u0105 LED mocy LUXUS.<\/p>\n<p>Ta kamera o wysokiej rozdzielczo\u015bci jest w stanie odbiera\u0107 funkcje sterowania, takie jak zoom cyfrowy, przys\u0142ona, balans bieli itp. za pomoc\u0105 wbudowanego menu OSD. Dost\u0119p do menu mo\u017cna uzyska\u0107 za pomoc\u0105 po\u0142\u0105czenia przewodowego.<\/p>\n<p>Kamera jest wyposa\u017cona w obiektyw o sta\u0142ej ostro\u015bci i jest natychmiast gotowa do pracy po w\u0142\u0105czeniu zasilania.<\/p>\n<p>Kamera inspekcyjna LUXUS HD zu\u017cywa zaledwie 2,5 W i mo\u017ce obs\u0142ugiwa\u0107 szeroki zakres wej\u015b\u0107 zasilania DC od 9,5 do 36 VDC. Kamera jest wyposa\u017cona w z\u0142\u0105cza SubConn\u00ae lub inne, okre\u015blone przez klienta.<\/p>\n<p>Obudowa kamery jest wykonana z piaskowanego tytanu i ma dopuszczaln\u0105 g\u0142\u0119boko\u015b\u0107\u00a0 pracy do 4 000 metr\u00f3w.<\/p>\n<p><strong>Cechy i korzy\u015bci<\/strong><\/p>\n<p>Wysoka wydajno\u015b\u0107<br \/>Jako\u015b\u0107 obrazu Full HD<br \/>Funkcja zoomu cyfrowego<br \/>Liczne regulowane ustawienia<br \/>G\u0142\u0119boko\u015b\u0107 pracy do 4,000 m<\/p>\n<p><strong>Zastosowania<\/strong><\/p>\n<p>Og\u00f3lna inspekcja podwodna<br \/>Systemy ROV<br \/>Systemy koparek<br \/>Systemy g\u0105sienicowe<br \/>Systemy kamer holowanych i opuszczanych<br \/>Systemy obserwator\u00f3w podwodnych<br \/>Zastosowania nurkowe<br \/>Monitoring wci\u0105garek i pok\u0142ad\u00f3w<\/p>\n<p><strong>Opcje<\/strong><\/p>\n<p>Szeroki wyb\u00f3r obiektyw\u00f3w<br \/>Alternatywne z\u0142\u0105cza<br \/>Niestandardowe okablowanie<br \/>NTSC lub PAL<br \/>Uchwyt monta\u017cowy LUXUS na kask<br \/>Uniwersalny uchwyt monta\u017cowy LUXUS<br \/>Uchwyt pistoletowy LUXUS<\/p>\n<\/div>\n<p>\n    <a href=\"\/wp-content\/uploads\/2021\/07\/luxus-hd-inspection-camera-POL.pdf\">Broszura <\/a>\n<\/p>\n<p><!--more--><br \/>\n<!-- {\"type\":\"layout\",\"children\":[{\"type\":\"section\",\"props\":{\"style\":\"default\",\"width\":\"default\",\"vertical_align\":\"middle\",\"title_position\":\"top-left\",\"title_rotation\":\"left\",\"title_breakpoint\":\"xl\",\"image_position\":\"center-center\"},\"children\":[{\"type\":\"row\",\"children\":[{\"type\":\"column\",\"props\":{\"image_position\":\"center-center\",\"media_overlay_gradient\":\"\"},\"children\":[{\"type\":\"headline\",\"props\":{\"title_element\":\"h1\",\"content\":\"\n\n<h1 class=\\\"uk-article-title\\\">Kamera LUXUS HD Inspection<\\\/h1>\"}},{\"type\":\"divider\",\"props\":{\"divider_element\":\"hr\"}}]}]}]},{\"type\":\"section\",\"props\":{\"style\":\"default\",\"width\":\"default\",\"vertical_align\":\"middle\",\"title_position\":\"top-left\",\"title_rotation\":\"left\",\"title_breakpoint\":\"xl\",\"image_position\":\"center-center\"},\"children\":[{\"type\":\"row\",\"children\":[{\"type\":\"column\",\"props\":{\"image_position\":\"center-center\",\"media_overlay_gradient\":\"\"},\"children\":[{\"type\":\"image\",\"props\":{\"margin\":\"default\",\"image_svg_color\":\"emphasis\",\"image\":\"wp-content\\\/uploads\\\/2021\\\/07\\\/luxus-hd-inspection-camera_2-1.jpg\",\"text_align\":\"center\"}},{\"type\":\"text\",\"props\":{\"margin\":\"default\",\"column_breakpoint\":\"m\",\"content\":\"\n\n<p>Kamera inspekcyjna LUXUS HD jest przeznaczona do stosowania w systemach ROV i jest idealna do stosowania w po\\u0142\\u0105czeniu z diod\\u0105 LED mocy LUXUS.<\\\/p>\\n\n\n<p>Ta kamera o wysokiej rozdzielczo\\u015bci jest w stanie odbiera\\u0107 funkcje sterowania, takie jak zoom cyfrowy, przys\\u0142ona, balans bieli itp. za pomoc\\u0105 wbudowanego menu OSD. Dost\\u0119p do menu mo\\u017cna uzyska\\u0107 za pomoc\\u0105 po\\u0142\\u0105czenia przewodowego.<\\\/p>\\n\n\n<p>Kamera jest wyposa\\u017cona w obiektyw o sta\\u0142ej ostro\\u015bci i jest natychmiast gotowa do pracy po w\\u0142\\u0105czeniu zasilania.<\\\/p>\\n\n\n<p>Kamera inspekcyjna LUXUS HD zu\\u017cywa zaledwie 2,5 W i mo\\u017ce obs\\u0142ugiwa\\u0107 szeroki zakres wej\\u015b\\u0107 zasilania DC od 9,5 do 36 VDC. Kamera jest wyposa\\u017cona w z\\u0142\\u0105cza SubConn\\u00ae lub inne, okre\\u015blone przez klienta.<\\\/p>\\n\n\n<p>Obudowa kamery jest wykonana z piaskowanego tytanu i ma dopuszczaln\\u0105 g\\u0142\\u0119boko\\u015b\\u0107\\u00a0 pracy do 4 000 metr\\u00f3w.<\\\/p>\\n\n\n<p><strong>Cechy i korzy\\u015bci<\\\/strong><\\\/p>\\n\n\n<p>Wysoka wydajno\\u015b\\u0107<br \\\/>Jako\\u015b\\u0107 obrazu Full HD<br \\\/>Funkcja zoomu cyfrowego<br \\\/>Liczne regulowane ustawienia<br \\\/>G\\u0142\\u0119boko\\u015b\\u0107 pracy do 4,000 m<\\\/p>\\n\n\n<p><strong>Zastosowania<\\\/strong><\\\/p>\\n\n\n<p>Og\\u00f3lna inspekcja podwodna<br \\\/>Systemy ROV<br \\\/>Systemy koparek<br \\\/>Systemy g\\u0105sienicowe<br \\\/>Systemy kamer holowanych i opuszczanych<br \\\/>Systemy obserwator\\u00f3w podwodnych<br \\\/>Zastosowania nurkowe<br \\\/>Monitoring wci\\u0105garek i pok\\u0142ad\\u00f3w<\\\/p>\\n\n\n<p><strong>Opcje<\\\/strong><\\\/p>\\n\n\n<p>Szeroki wyb\\u00f3r obiektyw\\u00f3w<br \\\/>Alternatywne z\\u0142\\u0105cza<br \\\/>Niestandardowe okablowanie<br \\\/>NTSC lub PAL<br \\\/>Uchwyt monta\\u017cowy LUXUS na kask<br \\\/>Uniwersalny uchwyt monta\\u017cowy LUXUS<br \\\/>Uchwyt pistoletowy LUXUS<\\\/p>\"}},{\"type\":\"button\",\"props\":{\"grid_column_gap\":\"small\",\"grid_row_gap\":\"small\",\"margin\":\"default\",\"text_align\":\"center\"},\"children\":[{\"type\":\"button_item\",\"props\":{\"button_style\":\"default\",\"icon_align\":\"left\",\"content\":\"Broszura \",\"link\":\"wp-content\\\/uploads\\\/2021\\\/07\\\/luxus-hd-inspection-camera-POL.pdf\"}}]}]}]}]}],\"version\":\"2.4.14\"} --><\/p>\n","protected":false},"excerpt":{"rendered":"<p>Kamera LUXUS HD Inspection Kamera inspekcyjna LUXUS HD jest przeznaczona do stosowania w systemach ROV i jest idealna do stosowania w po\u0142\u0105czeniu z diod\u0105 LED mocy LUXUS. Ta kamera o wysokiej rozdzielczo\u015bci jest w stanie odbiera\u0107 funkcje sterowania, takie jak zoom cyfrowy, przys\u0142ona, balans bieli itp. za pomoc\u0105 wbudowanego menu OSD. Dost\u0119p do menu mo\u017cna [&hellip;]<\/p>\n","protected":false},"author":10,"featured_media":0,"parent":0,"menu_order":0,"comment_status":"closed","ping_status":"closed","template":"","meta":{"footnotes":""},"class_list":["post-9472","page","type-page","status-publish","hentry"],"yoast_head":"<!-- This site is optimized with the Yoast SEO plugin v27.6 - https:\/\/yoast.com\/product\/yoast-seo-wordpress\/ -->\n<title>LUXUS HD Inspection Camera - ESCORT TECHNOLOGY<\/title>\n<meta name=\"robots\" content=\"index, follow, max-snippet:-1, max-image-preview:large, max-video-preview:-1\" \/>\n<link rel=\"canonical\" href=\"https:\/\/escort-technology.com\/pl\/luxus-hd-inspection-camera\/\" \/>\n<meta property=\"og:locale\" content=\"pl_PL\" \/>\n<meta property=\"og:type\" content=\"article\" \/>\n<meta property=\"og:title\" content=\"LUXUS HD Inspection Camera - ESCORT TECHNOLOGY\" \/>\n<meta property=\"og:description\" content=\"Kamera LUXUS HD Inspection Kamera inspekcyjna LUXUS HD jest przeznaczona do stosowania w systemach ROV i jest idealna do stosowania w po\u0142\u0105czeniu z diod\u0105 LED mocy LUXUS. Ta kamera o wysokiej rozdzielczo\u015bci jest w stanie odbiera\u0107 funkcje sterowania, takie jak zoom cyfrowy, przys\u0142ona, balans bieli itp. za pomoc\u0105 wbudowanego menu OSD. Dost\u0119p do menu mo\u017cna [&hellip;]\" \/>\n<meta property=\"og:url\" content=\"https:\/\/escort-technology.com\/pl\/luxus-hd-inspection-camera\/\" \/>\n<meta property=\"og:site_name\" content=\"ESCORT TECHNOLOGY\" \/>\n<meta property=\"article:publisher\" content=\"https:\/\/www.facebook.com\/elektronika.morska\/\" \/>\n<meta property=\"article:modified_time\" content=\"2021-07-21T07:23:23+00:00\" \/>\n<meta property=\"og:image\" content=\"https:\/\/escort-technology.com\/wp-content\/uploads\/2021\/07\/luxus-hd-inspection-camera_2-1.jpg\" \/>\n<meta name=\"twitter:card\" content=\"summary_large_image\" \/>\n<meta name=\"twitter:label1\" content=\"Szacowany czas czytania\" \/>\n\t<meta name=\"twitter:data1\" content=\"1 minuta\" \/>\n<script type=\"application\/ld+json\" class=\"yoast-schema-graph\">{\"@context\":\"https:\\\/\\\/schema.org\",\"@graph\":[{\"@type\":\"WebPage\",\"@id\":\"https:\\\/\\\/escort-technology.com\\\/en\\\/luxus-hd-inspection-camera\\\/\",\"url\":\"https:\\\/\\\/escort-technology.com\\\/en\\\/luxus-hd-inspection-camera\\\/\",\"name\":\"LUXUS HD Inspection Camera - ESCORT TECHNOLOGY\",\"isPartOf\":{\"@id\":\"http:\\\/\\\/escort-technology.com\\\/de\\\/#website\"},\"datePublished\":\"2021-07-20T11:14:18+00:00\",\"dateModified\":\"2021-07-21T07:23:23+00:00\",\"breadcrumb\":{\"@id\":\"https:\\\/\\\/escort-technology.com\\\/en\\\/luxus-hd-inspection-camera\\\/#breadcrumb\"},\"inLanguage\":\"pl-PL\",\"potentialAction\":[{\"@type\":\"ReadAction\",\"target\":[\"https:\\\/\\\/escort-technology.com\\\/en\\\/luxus-hd-inspection-camera\\\/\"]}]},{\"@type\":\"BreadcrumbList\",\"@id\":\"https:\\\/\\\/escort-technology.com\\\/en\\\/luxus-hd-inspection-camera\\\/#breadcrumb\",\"itemListElement\":[{\"@type\":\"ListItem\",\"position\":1,\"name\":\"Strona g\u0142\u00f3wna\",\"item\":\"https:\\\/\\\/escort-technology.com\\\/\"},{\"@type\":\"ListItem\",\"position\":2,\"name\":\"LUXUS HD Inspection Camera\"}]},{\"@type\":\"WebSite\",\"@id\":\"http:\\\/\\\/escort-technology.com\\\/de\\\/#website\",\"url\":\"http:\\\/\\\/escort-technology.com\\\/de\\\/\",\"name\":\"ESCORT TECHNOLOGY\",\"description\":\"Elektronika morska i l\u0105dowa\",\"publisher\":{\"@id\":\"http:\\\/\\\/escort-technology.com\\\/de\\\/#organization\"},\"potentialAction\":[{\"@type\":\"SearchAction\",\"target\":{\"@type\":\"EntryPoint\",\"urlTemplate\":\"http:\\\/\\\/escort-technology.com\\\/de\\\/?s={search_term_string}\"},\"query-input\":{\"@type\":\"PropertyValueSpecification\",\"valueRequired\":true,\"valueName\":\"search_term_string\"}}],\"inLanguage\":\"pl-PL\"},{\"@type\":\"Organization\",\"@id\":\"http:\\\/\\\/escort-technology.com\\\/de\\\/#organization\",\"name\":\"ESCORT TECHNOLOGY\",\"url\":\"http:\\\/\\\/escort-technology.com\\\/de\\\/\",\"logo\":{\"@type\":\"ImageObject\",\"inLanguage\":\"pl-PL\",\"@id\":\"http:\\\/\\\/escort-technology.com\\\/de\\\/#\\\/schema\\\/logo\\\/image\\\/\",\"url\":\"https:\\\/\\\/escort-technology.com\\\/wp-content\\\/uploads\\\/logo-1.jpg\",\"contentUrl\":\"https:\\\/\\\/escort-technology.com\\\/wp-content\\\/uploads\\\/logo-1.jpg\",\"width\":600,\"height\":165,\"caption\":\"ESCORT TECHNOLOGY\"},\"image\":{\"@id\":\"http:\\\/\\\/escort-technology.com\\\/de\\\/#\\\/schema\\\/logo\\\/image\\\/\"},\"sameAs\":[\"https:\\\/\\\/www.facebook.com\\\/elektronika.morska\\\/\",\"https:\\\/\\\/www.linkedin.com\\\/company\\\/escort-sp-z-o-o-\\\/\"]}]}<\/script>\n<!-- \/ Yoast SEO plugin. -->","yoast_head_json":{"title":"LUXUS HD Inspection Camera - ESCORT TECHNOLOGY","robots":{"index":"index","follow":"follow","max-snippet":"max-snippet:-1","max-image-preview":"max-image-preview:large","max-video-preview":"max-video-preview:-1"},"canonical":"https:\/\/escort-technology.com\/pl\/luxus-hd-inspection-camera\/","og_locale":"pl_PL","og_type":"article","og_title":"LUXUS HD Inspection Camera - ESCORT TECHNOLOGY","og_description":"Kamera LUXUS HD Inspection Kamera inspekcyjna LUXUS HD jest przeznaczona do stosowania w systemach ROV i jest idealna do stosowania w po\u0142\u0105czeniu z diod\u0105 LED mocy LUXUS. Ta kamera o wysokiej rozdzielczo\u015bci jest w stanie odbiera\u0107 funkcje sterowania, takie jak zoom cyfrowy, przys\u0142ona, balans bieli itp. za pomoc\u0105 wbudowanego menu OSD. Dost\u0119p do menu mo\u017cna [&hellip;]","og_url":"https:\/\/escort-technology.com\/pl\/luxus-hd-inspection-camera\/","og_site_name":"ESCORT TECHNOLOGY","article_publisher":"https:\/\/www.facebook.com\/elektronika.morska\/","article_modified_time":"2021-07-21T07:23:23+00:00","og_image":[{"url":"https:\/\/escort-technology.com\/wp-content\/uploads\/2021\/07\/luxus-hd-inspection-camera_2-1.jpg","type":"","width":"","height":""}],"twitter_card":"summary_large_image","twitter_misc":{"Szacowany czas czytania":"1 minuta"},"schema":{"@context":"https:\/\/schema.org","@graph":[{"@type":"WebPage","@id":"https:\/\/escort-technology.com\/en\/luxus-hd-inspection-camera\/","url":"https:\/\/escort-technology.com\/en\/luxus-hd-inspection-camera\/","name":"LUXUS HD Inspection Camera - ESCORT TECHNOLOGY","isPartOf":{"@id":"http:\/\/escort-technology.com\/de\/#website"},"datePublished":"2021-07-20T11:14:18+00:00","dateModified":"2021-07-21T07:23:23+00:00","breadcrumb":{"@id":"https:\/\/escort-technology.com\/en\/luxus-hd-inspection-camera\/#breadcrumb"},"inLanguage":"pl-PL","potentialAction":[{"@type":"ReadAction","target":["https:\/\/escort-technology.com\/en\/luxus-hd-inspection-camera\/"]}]},{"@type":"BreadcrumbList","@id":"https:\/\/escort-technology.com\/en\/luxus-hd-inspection-camera\/#breadcrumb","itemListElement":[{"@type":"ListItem","position":1,"name":"Strona g\u0142\u00f3wna","item":"https:\/\/escort-technology.com\/"},{"@type":"ListItem","position":2,"name":"LUXUS HD Inspection Camera"}]},{"@type":"WebSite","@id":"http:\/\/escort-technology.com\/de\/#website","url":"http:\/\/escort-technology.com\/de\/","name":"ESCORT TECHNOLOGY","description":"Elektronika morska i l\u0105dowa","publisher":{"@id":"http:\/\/escort-technology.com\/de\/#organization"},"potentialAction":[{"@type":"SearchAction","target":{"@type":"EntryPoint","urlTemplate":"http:\/\/escort-technology.com\/de\/?s={search_term_string}"},"query-input":{"@type":"PropertyValueSpecification","valueRequired":true,"valueName":"search_term_string"}}],"inLanguage":"pl-PL"},{"@type":"Organization","@id":"http:\/\/escort-technology.com\/de\/#organization","name":"ESCORT TECHNOLOGY","url":"http:\/\/escort-technology.com\/de\/","logo":{"@type":"ImageObject","inLanguage":"pl-PL","@id":"http:\/\/escort-technology.com\/de\/#\/schema\/logo\/image\/","url":"https:\/\/escort-technology.com\/wp-content\/uploads\/logo-1.jpg","contentUrl":"https:\/\/escort-technology.com\/wp-content\/uploads\/logo-1.jpg","width":600,"height":165,"caption":"ESCORT TECHNOLOGY"},"image":{"@id":"http:\/\/escort-technology.com\/de\/#\/schema\/logo\/image\/"},"sameAs":["https:\/\/www.facebook.com\/elektronika.morska\/","https:\/\/www.linkedin.com\/company\/escort-sp-z-o-o-\/"]}]}},"_links":{"self":[{"href":"https:\/\/escort-technology.com\/pl\/wp-json\/wp\/v2\/pages\/9472","targetHints":{"allow":["GET"]}}],"collection":[{"href":"https:\/\/escort-technology.com\/pl\/wp-json\/wp\/v2\/pages"}],"about":[{"href":"https:\/\/escort-technology.com\/pl\/wp-json\/wp\/v2\/types\/page"}],"author":[{"embeddable":true,"href":"https:\/\/escort-technology.com\/pl\/wp-json\/wp\/v2\/users\/10"}],"replies":[{"embeddable":true,"href":"https:\/\/escort-technology.com\/pl\/wp-json\/wp\/v2\/comments?post=9472"}],"version-history":[{"count":7,"href":"https:\/\/escort-technology.com\/pl\/wp-json\/wp\/v2\/pages\/9472\/revisions"}],"predecessor-version":[{"id":9483,"href":"https:\/\/escort-technology.com\/pl\/wp-json\/wp\/v2\/pages\/9472\/revisions\/9483"}],"wp:attachment":[{"href":"https:\/\/escort-technology.com\/pl\/wp-json\/wp\/v2\/media?parent=9472"}],"curies":[{"name":"wp","href":"https:\/\/api.w.org\/{rel}","templated":true}]}}