{"id":9534,"date":"2021-07-21T11:34:17","date_gmt":"2021-07-21T09:34:17","guid":{"rendered":"https:\/\/escort-technology.com\/?page_id=9534"},"modified":"2021-07-21T11:44:45","modified_gmt":"2021-07-21T09:44:45","slug":"wciagarka-macartney-elars","status":"publish","type":"page","link":"https:\/\/escort-technology.com\/pl\/wciagarka-macartney-elars\/","title":{"rendered":"Wci\u0105garka MacArtney eLARS"},"content":{"rendered":"<h1>\n<h1 class=\"uk-article-title\">Wci\u0105garka MacArtney eLARS<\/h1>\n<\/h1>\n<hr>\n<ul>\n<li>\n<p>        <img decoding=\"async\" src=\"\/wp-content\/uploads\/2021\/07\/setup-3_web_edit.jpg\" alt=\"\"><\/p>\n<\/li>\n<li>\n<p>        <img decoding=\"async\" src=\"\/wp-content\/uploads\/2021\/07\/mermac-ea35_1_dsc0278w-patentpending.jpg\" alt=\"\"><\/p>\n<\/li>\n<li>\n<p>        <img decoding=\"async\" src=\"\/wp-content\/uploads\/2021\/07\/mermac-ea35_23_pro9234w.jpg\" alt=\"\"><\/p>\n<\/li>\n<li>\n<p>        <img decoding=\"async\" src=\"\/wp-content\/uploads\/2021\/07\/20200921_132648.jpg\" alt=\"\"><\/p>\n<\/li>\n<\/ul>\n<div>\n<p>eLARS&#x2122; &#8211; w pe\u0142ni elektryczny system wci\u0105garki<\/p>\n<p>Ca\u0142kowicie elektryczny system eLARS&#x2122; wykorzystuje wypr\u00f3bowan\u0105 i przetestowan\u0105 technologi\u0119 MacArtney i stanowi odpowied\u017a na zapotrzebowanie rynku na produkty bardziej przyjazne \u015brodowisku. Wyposa\u017cony w zerowe ci\u015bnienie oleju nad wod\u0105, znacznie zmniejszaj\u0105c ryzyko rozlania oleju i zapewniaj\u0105c wydajno\u015b\u0107 energetyczn\u0105 zwi\u0119kszon\u0105 o ponad 30%, eLARS&#x2122; stanowi rozwi\u0105zanie technologiczne na miar\u0119 jutra.<\/p>\n<p>Ca\u0142kowicie elektryczny eLARS&#x2122; obs\u0142uguje szerok\u0105 gam\u0119 ROV-\u00f3w klasy inspekcyjnej i obserwacyjnej, jak r\u00f3wnie\u017c klasy roboczej. \u0141atwy do zmobilizowania na w pe\u0142ni skalowalnej platformie lub jako samodzielny produkt, eLARS&#x2122; mo\u017ce by\u0107 dostosowany do specyfikacji klienta.<\/p>\n<p>System eLARS&#x2122; jest dost\u0119pny jako kompletny system do wodowania i odzyskiwania lub jako samodzielne produkty, w tym:<\/p>\n<p>MERMAC eA skalowalna rama typu A <br \/>Seria wci\u0105garek MERMAC R ROV<br \/>Seria wci\u0105garek uniwersalnych MERMAC S<br \/>Seria wci\u0105garek MERMAC Q ze stali nierdzewnej<br \/>Seria modu\u0142owych wci\u0105garek ze stali nierdzewnej MERMAC M<\/p>\n<\/div>\n<p><iframe src=\"https:\/\/www.youtube.com\/watch?v=Xg8TqXesc8s&#038;t=164s\"><\/iframe><\/p>\n<p><!--more--><br \/>\n<!-- {\"type\":\"layout\",\"children\":[{\"type\":\"section\",\"props\":{\"style\":\"default\",\"width\":\"default\",\"vertical_align\":\"middle\",\"title_position\":\"top-left\",\"title_rotation\":\"left\",\"title_breakpoint\":\"xl\",\"image_position\":\"center-center\"},\"children\":[{\"type\":\"row\",\"children\":[{\"type\":\"column\",\"props\":{\"image_position\":\"center-center\",\"media_overlay_gradient\":\"\"},\"children\":[{\"type\":\"headline\",\"props\":{\"title_element\":\"h1\",\"content\":\"\n\n<h1 class=\\\"uk-article-title\\\">Wci\\u0105garka MacArtney eLARS<\\\/h1>\"}},{\"type\":\"divider\",\"props\":{\"divider_element\":\"hr\"}}]}]}]},{\"type\":\"section\",\"props\":{\"style\":\"default\",\"width\":\"default\",\"vertical_align\":\"middle\",\"title_position\":\"top-left\",\"title_rotation\":\"left\",\"title_breakpoint\":\"xl\",\"image_position\":\"center-center\"},\"children\":[{\"type\":\"row\",\"children\":[{\"type\":\"column\",\"props\":{\"image_position\":\"center-center\",\"media_overlay_gradient\":\"\"},\"children\":[{\"type\":\"slideshow\",\"props\":{\"show_title\":true,\"show_meta\":true,\"show_content\":true,\"show_link\":true,\"show_thumbnail\":true,\"slideshow_min_height\":300,\"slideshow_autoplay_pause\":true,\"nav\":\"dotnav\",\"nav_position\":\"bottom-center\",\"nav_position_margin\":\"medium\",\"nav_align\":\"center\",\"nav_breakpoint\":\"s\",\"thumbnav_width\":\"100\",\"thumbnav_height\":\"75\",\"thumbnav_svg_color\":\"emphasis\",\"slidenav\":\"default\",\"slidenav_margin\":\"medium\",\"slidenav_breakpoint\":\"s\",\"slidenav_outside_breakpoint\":\"xl\",\"overlay_position\":\"center-left\",\"overlay_animation\":\"parallax\",\"title_element\":\"h3\",\"meta_style\":\"meta\",\"meta_align\":\"below-title\",\"meta_element\":\"div\",\"link_text\":\"Read more\",\"link_style\":\"default\",\"margin\":\"default\"},\"children\":[{\"type\":\"slideshow_item\",\"props\":{\"image\":\"wp-content\\\/uploads\\\/2021\\\/07\\\/setup-3_web_edit.jpg\"}},{\"type\":\"slideshow_item\",\"props\":{\"image\":\"wp-content\\\/uploads\\\/2021\\\/07\\\/mermac-ea35_1_dsc0278w-patentpending.jpg\"}},{\"type\":\"slideshow_item\",\"props\":{\"image\":\"wp-content\\\/uploads\\\/2021\\\/07\\\/mermac-ea35_23_pro9234w.jpg\"}},{\"type\":\"slideshow_item\",\"props\":{\"image\":\"wp-content\\\/uploads\\\/2021\\\/07\\\/20200921_132648.jpg\"}}]}]}]}]},{\"type\":\"section\",\"props\":{\"style\":\"default\",\"width\":\"default\",\"vertical_align\":\"middle\",\"title_position\":\"top-left\",\"title_rotation\":\"left\",\"title_breakpoint\":\"xl\",\"image_position\":\"center-center\"},\"children\":[{\"type\":\"row\",\"children\":[{\"type\":\"column\",\"props\":{\"image_position\":\"center-center\",\"media_overlay_gradient\":\"\"},\"children\":[{\"type\":\"text\",\"props\":{\"margin\":\"default\",\"column_breakpoint\":\"m\",\"content\":\"\n\n<p>eLARS\\u2122 - w pe\\u0142ni elektryczny system wci\\u0105garki<\\\/p>\\n\n\n<p>Ca\\u0142kowicie elektryczny system eLARS\\u2122 wykorzystuje wypr\\u00f3bowan\\u0105 i przetestowan\\u0105 technologi\\u0119 MacArtney i stanowi odpowied\\u017a na zapotrzebowanie rynku na produkty bardziej przyjazne \\u015brodowisku. Wyposa\\u017cony w zerowe ci\\u015bnienie oleju nad wod\\u0105, znacznie zmniejszaj\\u0105c ryzyko rozlania oleju i zapewniaj\\u0105c wydajno\\u015b\\u0107 energetyczn\\u0105 zwi\\u0119kszon\\u0105 o ponad 30%, eLARS\\u2122 stanowi rozwi\\u0105zanie technologiczne na miar\\u0119 jutra.<\\\/p>\\n\n\n<p>Ca\\u0142kowicie elektryczny eLARS\\u2122 obs\\u0142uguje szerok\\u0105 gam\\u0119 ROV-\\u00f3w klasy inspekcyjnej i obserwacyjnej, jak r\\u00f3wnie\\u017c klasy roboczej. \\u0141atwy do zmobilizowania na w pe\\u0142ni skalowalnej platformie lub jako samodzielny produkt, eLARS\\u2122 mo\\u017ce by\\u0107 dostosowany do specyfikacji klienta.<\\\/p>\\n\n\n<p>System eLARS\\u2122 jest dost\\u0119pny jako kompletny system do wodowania i odzyskiwania lub jako samodzielne produkty, w tym:<\\\/p>\\n\n\n<p>MERMAC eA skalowalna rama typu A <br \\\/>Seria wci\\u0105garek MERMAC R ROV<br \\\/>Seria wci\\u0105garek uniwersalnych MERMAC S<br \\\/>Seria wci\\u0105garek MERMAC Q ze stali nierdzewnej<br \\\/>Seria modu\\u0142owych wci\\u0105garek ze stali nierdzewnej MERMAC M<\\\/p>\"}},{\"type\":\"video\",\"props\":{\"video_controls\":true,\"margin\":\"default\",\"video\":\"https:\\\/\\\/www.youtube.com\\\/watch?v=Xg8TqXesc8s&t=164s\",\"video_width\":\"600\",\"text_align\":\"center\"}}]}]}]}],\"version\":\"2.4.14\"} --><\/p>\n","protected":false},"excerpt":{"rendered":"<p>Wci\u0105garka MacArtney eLARS eLARS&#x2122; &#8211; w pe\u0142ni elektryczny system wci\u0105garki Ca\u0142kowicie elektryczny system eLARS&#x2122; wykorzystuje wypr\u00f3bowan\u0105 i przetestowan\u0105 technologi\u0119 MacArtney i stanowi odpowied\u017a na zapotrzebowanie rynku na produkty bardziej przyjazne \u015brodowisku. Wyposa\u017cony w zerowe ci\u015bnienie oleju nad wod\u0105, znacznie zmniejszaj\u0105c ryzyko rozlania oleju i zapewniaj\u0105c wydajno\u015b\u0107 energetyczn\u0105 zwi\u0119kszon\u0105 o ponad 30%, eLARS&#x2122; stanowi rozwi\u0105zanie technologiczne [&hellip;]<\/p>\n","protected":false},"author":10,"featured_media":0,"parent":0,"menu_order":0,"comment_status":"closed","ping_status":"closed","template":"","meta":{"footnotes":""},"class_list":["post-9534","page","type-page","status-publish","hentry"],"yoast_head":"<!-- This site is optimized with the Yoast SEO plugin v27.4 - https:\/\/yoast.com\/product\/yoast-seo-wordpress\/ -->\n<title>Wci\u0105garka MacArtney eLARS - ESCORT TECHNOLOGY<\/title>\n<meta name=\"robots\" content=\"index, follow, max-snippet:-1, max-image-preview:large, max-video-preview:-1\" \/>\n<link rel=\"canonical\" href=\"https:\/\/escort-technology.com\/pl\/wciagarka-macartney-elars\/\" \/>\n<meta property=\"og:locale\" content=\"pl_PL\" \/>\n<meta property=\"og:type\" content=\"article\" \/>\n<meta property=\"og:title\" content=\"Wci\u0105garka MacArtney eLARS - ESCORT TECHNOLOGY\" \/>\n<meta property=\"og:description\" content=\"Wci\u0105garka MacArtney eLARS eLARS&#x2122; &#8211; w pe\u0142ni elektryczny system wci\u0105garki Ca\u0142kowicie elektryczny system eLARS&#x2122; wykorzystuje wypr\u00f3bowan\u0105 i przetestowan\u0105 technologi\u0119 MacArtney i stanowi odpowied\u017a na zapotrzebowanie rynku na produkty bardziej przyjazne \u015brodowisku. Wyposa\u017cony w zerowe ci\u015bnienie oleju nad wod\u0105, znacznie zmniejszaj\u0105c ryzyko rozlania oleju i zapewniaj\u0105c wydajno\u015b\u0107 energetyczn\u0105 zwi\u0119kszon\u0105 o ponad 30%, eLARS&#x2122; stanowi rozwi\u0105zanie technologiczne [&hellip;]\" \/>\n<meta property=\"og:url\" content=\"https:\/\/escort-technology.com\/pl\/wciagarka-macartney-elars\/\" \/>\n<meta property=\"og:site_name\" content=\"ESCORT TECHNOLOGY\" \/>\n<meta property=\"article:publisher\" content=\"https:\/\/www.facebook.com\/elektronika.morska\/\" \/>\n<meta property=\"article:modified_time\" content=\"2021-07-21T09:44:45+00:00\" \/>\n<meta property=\"og:image\" content=\"https:\/\/escort-technology.com\/wp-content\/uploads\/2021\/07\/setup-3_web_edit.jpg\" \/>\n<meta name=\"twitter:card\" content=\"summary_large_image\" \/>\n<meta name=\"twitter:label1\" content=\"Szacowany czas czytania\" \/>\n\t<meta name=\"twitter:data1\" content=\"1 minuta\" \/>\n<script type=\"application\/ld+json\" class=\"yoast-schema-graph\">{\"@context\":\"https:\\\/\\\/schema.org\",\"@graph\":[{\"@type\":\"WebPage\",\"@id\":\"https:\\\/\\\/escort-technology.com\\\/en\\\/wciagarka-macartney-elars\\\/\",\"url\":\"https:\\\/\\\/escort-technology.com\\\/en\\\/wciagarka-macartney-elars\\\/\",\"name\":\"Wci\u0105garka MacArtney eLARS - ESCORT TECHNOLOGY\",\"isPartOf\":{\"@id\":\"http:\\\/\\\/escort-technology.com\\\/de\\\/#website\"},\"datePublished\":\"2021-07-21T09:34:17+00:00\",\"dateModified\":\"2021-07-21T09:44:45+00:00\",\"breadcrumb\":{\"@id\":\"https:\\\/\\\/escort-technology.com\\\/en\\\/wciagarka-macartney-elars\\\/#breadcrumb\"},\"inLanguage\":\"pl-PL\",\"potentialAction\":[{\"@type\":\"ReadAction\",\"target\":[\"https:\\\/\\\/escort-technology.com\\\/en\\\/wciagarka-macartney-elars\\\/\"]}]},{\"@type\":\"BreadcrumbList\",\"@id\":\"https:\\\/\\\/escort-technology.com\\\/en\\\/wciagarka-macartney-elars\\\/#breadcrumb\",\"itemListElement\":[{\"@type\":\"ListItem\",\"position\":1,\"name\":\"Strona g\u0142\u00f3wna\",\"item\":\"https:\\\/\\\/escort-technology.com\\\/\"},{\"@type\":\"ListItem\",\"position\":2,\"name\":\"Wci\u0105garka MacArtney eLARS\"}]},{\"@type\":\"WebSite\",\"@id\":\"http:\\\/\\\/escort-technology.com\\\/de\\\/#website\",\"url\":\"http:\\\/\\\/escort-technology.com\\\/de\\\/\",\"name\":\"ESCORT TECHNOLOGY\",\"description\":\"Elektronika morska i l\u0105dowa\",\"publisher\":{\"@id\":\"http:\\\/\\\/escort-technology.com\\\/de\\\/#organization\"},\"potentialAction\":[{\"@type\":\"SearchAction\",\"target\":{\"@type\":\"EntryPoint\",\"urlTemplate\":\"http:\\\/\\\/escort-technology.com\\\/de\\\/?s={search_term_string}\"},\"query-input\":{\"@type\":\"PropertyValueSpecification\",\"valueRequired\":true,\"valueName\":\"search_term_string\"}}],\"inLanguage\":\"pl-PL\"},{\"@type\":\"Organization\",\"@id\":\"http:\\\/\\\/escort-technology.com\\\/de\\\/#organization\",\"name\":\"ESCORT TECHNOLOGY\",\"url\":\"http:\\\/\\\/escort-technology.com\\\/de\\\/\",\"logo\":{\"@type\":\"ImageObject\",\"inLanguage\":\"pl-PL\",\"@id\":\"http:\\\/\\\/escort-technology.com\\\/de\\\/#\\\/schema\\\/logo\\\/image\\\/\",\"url\":\"https:\\\/\\\/escort-technology.com\\\/wp-content\\\/uploads\\\/logo-1.jpg\",\"contentUrl\":\"https:\\\/\\\/escort-technology.com\\\/wp-content\\\/uploads\\\/logo-1.jpg\",\"width\":600,\"height\":165,\"caption\":\"ESCORT TECHNOLOGY\"},\"image\":{\"@id\":\"http:\\\/\\\/escort-technology.com\\\/de\\\/#\\\/schema\\\/logo\\\/image\\\/\"},\"sameAs\":[\"https:\\\/\\\/www.facebook.com\\\/elektronika.morska\\\/\",\"https:\\\/\\\/www.linkedin.com\\\/company\\\/escort-sp-z-o-o-\\\/\"]}]}<\/script>\n<!-- \/ Yoast SEO plugin. -->","yoast_head_json":{"title":"Wci\u0105garka MacArtney eLARS - ESCORT TECHNOLOGY","robots":{"index":"index","follow":"follow","max-snippet":"max-snippet:-1","max-image-preview":"max-image-preview:large","max-video-preview":"max-video-preview:-1"},"canonical":"https:\/\/escort-technology.com\/pl\/wciagarka-macartney-elars\/","og_locale":"pl_PL","og_type":"article","og_title":"Wci\u0105garka MacArtney eLARS - ESCORT TECHNOLOGY","og_description":"Wci\u0105garka MacArtney eLARS eLARS&#x2122; &#8211; w pe\u0142ni elektryczny system wci\u0105garki Ca\u0142kowicie elektryczny system eLARS&#x2122; wykorzystuje wypr\u00f3bowan\u0105 i przetestowan\u0105 technologi\u0119 MacArtney i stanowi odpowied\u017a na zapotrzebowanie rynku na produkty bardziej przyjazne \u015brodowisku. Wyposa\u017cony w zerowe ci\u015bnienie oleju nad wod\u0105, znacznie zmniejszaj\u0105c ryzyko rozlania oleju i zapewniaj\u0105c wydajno\u015b\u0107 energetyczn\u0105 zwi\u0119kszon\u0105 o ponad 30%, eLARS&#x2122; stanowi rozwi\u0105zanie technologiczne [&hellip;]","og_url":"https:\/\/escort-technology.com\/pl\/wciagarka-macartney-elars\/","og_site_name":"ESCORT TECHNOLOGY","article_publisher":"https:\/\/www.facebook.com\/elektronika.morska\/","article_modified_time":"2021-07-21T09:44:45+00:00","og_image":[{"url":"https:\/\/escort-technology.com\/wp-content\/uploads\/2021\/07\/setup-3_web_edit.jpg","type":"","width":"","height":""}],"twitter_card":"summary_large_image","twitter_misc":{"Szacowany czas czytania":"1 minuta"},"schema":{"@context":"https:\/\/schema.org","@graph":[{"@type":"WebPage","@id":"https:\/\/escort-technology.com\/en\/wciagarka-macartney-elars\/","url":"https:\/\/escort-technology.com\/en\/wciagarka-macartney-elars\/","name":"Wci\u0105garka MacArtney eLARS - ESCORT TECHNOLOGY","isPartOf":{"@id":"http:\/\/escort-technology.com\/de\/#website"},"datePublished":"2021-07-21T09:34:17+00:00","dateModified":"2021-07-21T09:44:45+00:00","breadcrumb":{"@id":"https:\/\/escort-technology.com\/en\/wciagarka-macartney-elars\/#breadcrumb"},"inLanguage":"pl-PL","potentialAction":[{"@type":"ReadAction","target":["https:\/\/escort-technology.com\/en\/wciagarka-macartney-elars\/"]}]},{"@type":"BreadcrumbList","@id":"https:\/\/escort-technology.com\/en\/wciagarka-macartney-elars\/#breadcrumb","itemListElement":[{"@type":"ListItem","position":1,"name":"Strona g\u0142\u00f3wna","item":"https:\/\/escort-technology.com\/"},{"@type":"ListItem","position":2,"name":"Wci\u0105garka MacArtney eLARS"}]},{"@type":"WebSite","@id":"http:\/\/escort-technology.com\/de\/#website","url":"http:\/\/escort-technology.com\/de\/","name":"ESCORT TECHNOLOGY","description":"Elektronika morska i l\u0105dowa","publisher":{"@id":"http:\/\/escort-technology.com\/de\/#organization"},"potentialAction":[{"@type":"SearchAction","target":{"@type":"EntryPoint","urlTemplate":"http:\/\/escort-technology.com\/de\/?s={search_term_string}"},"query-input":{"@type":"PropertyValueSpecification","valueRequired":true,"valueName":"search_term_string"}}],"inLanguage":"pl-PL"},{"@type":"Organization","@id":"http:\/\/escort-technology.com\/de\/#organization","name":"ESCORT TECHNOLOGY","url":"http:\/\/escort-technology.com\/de\/","logo":{"@type":"ImageObject","inLanguage":"pl-PL","@id":"http:\/\/escort-technology.com\/de\/#\/schema\/logo\/image\/","url":"https:\/\/escort-technology.com\/wp-content\/uploads\/logo-1.jpg","contentUrl":"https:\/\/escort-technology.com\/wp-content\/uploads\/logo-1.jpg","width":600,"height":165,"caption":"ESCORT TECHNOLOGY"},"image":{"@id":"http:\/\/escort-technology.com\/de\/#\/schema\/logo\/image\/"},"sameAs":["https:\/\/www.facebook.com\/elektronika.morska\/","https:\/\/www.linkedin.com\/company\/escort-sp-z-o-o-\/"]}]}},"_links":{"self":[{"href":"https:\/\/escort-technology.com\/pl\/wp-json\/wp\/v2\/pages\/9534","targetHints":{"allow":["GET"]}}],"collection":[{"href":"https:\/\/escort-technology.com\/pl\/wp-json\/wp\/v2\/pages"}],"about":[{"href":"https:\/\/escort-technology.com\/pl\/wp-json\/wp\/v2\/types\/page"}],"author":[{"embeddable":true,"href":"https:\/\/escort-technology.com\/pl\/wp-json\/wp\/v2\/users\/10"}],"replies":[{"embeddable":true,"href":"https:\/\/escort-technology.com\/pl\/wp-json\/wp\/v2\/comments?post=9534"}],"version-history":[{"count":6,"href":"https:\/\/escort-technology.com\/pl\/wp-json\/wp\/v2\/pages\/9534\/revisions"}],"predecessor-version":[{"id":9545,"href":"https:\/\/escort-technology.com\/pl\/wp-json\/wp\/v2\/pages\/9534\/revisions\/9545"}],"wp:attachment":[{"href":"https:\/\/escort-technology.com\/pl\/wp-json\/wp\/v2\/media?parent=9534"}],"curies":[{"name":"wp","href":"https:\/\/api.w.org\/{rel}","templated":true}]}}