{"id":9546,"date":"2021-07-21T11:48:50","date_gmt":"2021-07-21T09:48:50","guid":{"rendered":"https:\/\/escort-technology.com\/?page_id=9546"},"modified":"2021-07-21T11:56:15","modified_gmt":"2021-07-21T09:56:15","slug":"winda-macartney-mermac-u","status":"publish","type":"page","link":"https:\/\/escort-technology.com\/pl\/winda-macartney-mermac-u\/","title":{"rendered":"Winda MacArtney MERMAC U"},"content":{"rendered":"<h1>\n<h1 class=\"uk-article-title\">Winda MacArtney MERMAC U<\/h1>\n<\/h1>\n<hr>\n<ul>\n<li>\n<p>        <img decoding=\"async\" src=\"\/wp-content\/uploads\/2021\/07\/mermac-u_3.jpg\" alt=\"\"><\/p>\n<\/li>\n<li>\n<p>        <img decoding=\"async\" src=\"\/wp-content\/uploads\/2021\/07\/mermac-u_8.jpg\" alt=\"\"><\/p>\n<\/li>\n<li>\n<p>        <img decoding=\"async\" src=\"\/wp-content\/uploads\/2021\/07\/mermac-u_7.jpg\" alt=\"\"><\/p>\n<\/li>\n<li>\n<p>        <img decoding=\"async\" src=\"\/wp-content\/uploads\/2021\/07\/mermac-u_5.jpg\" alt=\"\"><\/p>\n<\/li>\n<\/ul>\n<div>\n<p>System wci\u0105garek MERMAC U jest dost\u0119pny z kilkoma specjalnie zaprojektowanymi funkcjami i opcjami, co czyni go idealnym wyborem do zastosowania w oceanotechnice i przemy\u015ble obronnym.<\/p>\n<p>MERMAC U zawiera zaawansowan\u0105 technologi\u0119 i bazuje na dekadach bogatego do\u015bwiadczenia MacArtney w projektowaniu i produkcji wci\u0105garek oraz know-how. Stanowi innowacyjne rozwi\u0105zanie systemowe o solidnej konstrukcji, w pe\u0142ni przystosowane do wyzwa\u0144 podwodnych.<\/p>\n<p>MERMAC U, wykonany standardowo ze stali nierdzewnej, specjalnie dobranej do zastosowa\u0144 podwodnych, stanowi system o niskim stopniu z\u0142o\u017cono\u015bci, wykorzystuj\u0105cy standardowe komponenty przemys\u0142owe z hermetyzowanymi silnikami.<\/p>\n<p>MERMAC U zosta\u0142 zaprojektowany do pracy w trudnych warunkach podwodnego \u015brodowiska morskiego. Wci\u0105garka mo\u017ce by\u0107 dodatkowo wyposa\u017cona w kable w pancerzu stalowym i PUR.<br \/>Przeznaczona do pracy na g\u0142\u0119boko\u015bci do 1000 m, wci\u0105garka podwodna wyposa\u017cona jest w inteligentny system sterowania, kt\u00f3ry zapewnia elastyczn\u0105 obs\u0142ug\u0119 w zakresie pomiar\u00f3w i monitorowania. Jest w stanie uruchamia\u0107 i wyci\u0105ga\u0107 szeroki zakres pakiet\u00f3w czujnik\u00f3w podwodnych w zaprogramowanych odst\u0119pach czasu i na okre\u015blonych g\u0142\u0119boko\u015bciach.<\/p>\n<p>Oferowane s\u0105 przed\u0142u\u017cone przegl\u0105dy serwisowe.<\/p>\n<p><strong>Cechy i korzy\u015bci<\/strong><\/p>\n<p>Kompaktowy<br \/>Prosta instalacja<br \/>\u0141atwo\u015b\u0107 regulacji i konserwacji<br \/>Niska z\u0142o\u017cono\u015b\u0107<br \/>Wiele warstw kabli<\/p>\n<p><strong>Zastosowania<\/strong><\/p>\n<p>Badania zmian klimatycznych<br \/>Monitorowanie \u015brodowiska<br \/>Systemy nadzorcze\/badawcze<br \/>Kalibracja online system\u00f3w wykrywania nurk\u00f3w<\/p>\n<p><strong>Opcje<\/strong><\/p>\n<p>Szeroki wyb\u00f3r materia\u0142\u00f3w<br \/>Klatka ochronna<br \/>Pakiet danych z alarmem o awarii\/anomalii<br \/>Mocowanie na p\u0142ozach dla sta\u0142ego pozycjonowania wci\u0105garki<br \/>Integracja z obserwatoriami g\u0142\u0119binowymi<\/p>\n<\/div>\n<p>\n    <a href=\"https:\/\/www.macartney.com\/media\/8103\/mermac-u.pdf\">Broszura <\/a>\n<\/p>\n<p><!--more--><br \/>\n<!-- {\"type\":\"layout\",\"children\":[{\"type\":\"section\",\"props\":{\"style\":\"default\",\"width\":\"default\",\"vertical_align\":\"middle\",\"title_position\":\"top-left\",\"title_rotation\":\"left\",\"title_breakpoint\":\"xl\",\"image_position\":\"center-center\"},\"children\":[{\"type\":\"row\",\"children\":[{\"type\":\"column\",\"props\":{\"image_position\":\"center-center\",\"media_overlay_gradient\":\"\"},\"children\":[{\"type\":\"headline\",\"props\":{\"title_element\":\"h1\",\"content\":\"\n\n<h1 class=\\\"uk-article-title\\\">Winda MacArtney MERMAC U<\\\/h1>\"}},{\"type\":\"divider\",\"props\":{\"divider_element\":\"hr\"}},{\"type\":\"slideshow\",\"props\":{\"show_title\":true,\"show_meta\":true,\"show_content\":true,\"show_link\":true,\"show_thumbnail\":true,\"slideshow_min_height\":300,\"slideshow_autoplay_pause\":true,\"nav\":\"dotnav\",\"nav_position\":\"bottom-center\",\"nav_position_margin\":\"medium\",\"nav_align\":\"center\",\"nav_breakpoint\":\"s\",\"thumbnav_width\":\"100\",\"thumbnav_height\":\"75\",\"thumbnav_svg_color\":\"emphasis\",\"slidenav\":\"default\",\"slidenav_margin\":\"medium\",\"slidenav_breakpoint\":\"s\",\"slidenav_outside_breakpoint\":\"xl\",\"overlay_position\":\"center-left\",\"overlay_animation\":\"parallax\",\"title_element\":\"h3\",\"meta_style\":\"meta\",\"meta_align\":\"below-title\",\"meta_element\":\"div\",\"link_text\":\"Read more\",\"link_style\":\"default\",\"margin\":\"default\"},\"children\":[{\"type\":\"slideshow_item\",\"props\":{\"image\":\"wp-content\\\/uploads\\\/2021\\\/07\\\/mermac-u_3.jpg\"}},{\"type\":\"slideshow_item\",\"props\":{\"image\":\"wp-content\\\/uploads\\\/2021\\\/07\\\/mermac-u_8.jpg\"}},{\"type\":\"slideshow_item\",\"props\":{\"image\":\"wp-content\\\/uploads\\\/2021\\\/07\\\/mermac-u_7.jpg\"}},{\"type\":\"slideshow_item\",\"props\":{\"image\":\"wp-content\\\/uploads\\\/2021\\\/07\\\/mermac-u_5.jpg\"}}]}]}]}]},{\"type\":\"section\",\"props\":{\"style\":\"default\",\"width\":\"default\",\"vertical_align\":\"middle\",\"title_position\":\"top-left\",\"title_rotation\":\"left\",\"title_breakpoint\":\"xl\",\"image_position\":\"center-center\"},\"children\":[{\"type\":\"row\",\"children\":[{\"type\":\"column\",\"props\":{\"image_position\":\"center-center\",\"media_overlay_gradient\":\"\"},\"children\":[{\"type\":\"text\",\"props\":{\"margin\":\"default\",\"column_breakpoint\":\"m\",\"content\":\"\n\n<p>System wci\\u0105garek MERMAC U jest dost\\u0119pny z kilkoma specjalnie zaprojektowanymi funkcjami i opcjami, co czyni go idealnym wyborem do zastosowania w oceanotechnice i przemy\\u015ble obronnym.<\\\/p>\\n\n\n<p>MERMAC U zawiera zaawansowan\\u0105 technologi\\u0119 i bazuje na dekadach bogatego do\\u015bwiadczenia MacArtney w projektowaniu i produkcji wci\\u0105garek oraz know-how. Stanowi innowacyjne rozwi\\u0105zanie systemowe o solidnej konstrukcji, w pe\\u0142ni przystosowane do wyzwa\\u0144 podwodnych.<\\\/p>\\n\n\n<p>MERMAC U, wykonany standardowo ze stali nierdzewnej, specjalnie dobranej do zastosowa\\u0144 podwodnych, stanowi system o niskim stopniu z\\u0142o\\u017cono\\u015bci, wykorzystuj\\u0105cy standardowe komponenty przemys\\u0142owe z hermetyzowanymi silnikami.<\\\/p>\\n\n\n<p>MERMAC U zosta\\u0142 zaprojektowany do pracy w trudnych warunkach podwodnego \\u015brodowiska morskiego. Wci\\u0105garka mo\\u017ce by\\u0107 dodatkowo wyposa\\u017cona w kable w pancerzu stalowym i PUR.<br \\\/>Przeznaczona do pracy na g\\u0142\\u0119boko\\u015bci do 1000 m, wci\\u0105garka podwodna wyposa\\u017cona jest w inteligentny system sterowania, kt\\u00f3ry zapewnia elastyczn\\u0105 obs\\u0142ug\\u0119 w zakresie pomiar\\u00f3w i monitorowania. Jest w stanie uruchamia\\u0107 i wyci\\u0105ga\\u0107 szeroki zakres pakiet\\u00f3w czujnik\\u00f3w podwodnych w zaprogramowanych odst\\u0119pach czasu i na okre\\u015blonych g\\u0142\\u0119boko\\u015bciach.<\\\/p>\\n\n\n<p>Oferowane s\\u0105 przed\\u0142u\\u017cone przegl\\u0105dy serwisowe.<\\\/p>\\n\n\n<p><strong>Cechy i korzy\\u015bci<\\\/strong><\\\/p>\\n\n\n<p>Kompaktowy<br \\\/>Prosta instalacja<br \\\/>\\u0141atwo\\u015b\\u0107 regulacji i konserwacji<br \\\/>Niska z\\u0142o\\u017cono\\u015b\\u0107<br \\\/>Wiele warstw kabli<\\\/p>\\n\n\n<p><br \\\/><strong>Zastosowania<\\\/strong><\\\/p>\\n\n\n<p>Badania zmian klimatycznych<br \\\/>Monitorowanie \\u015brodowiska<br \\\/>Systemy nadzorcze\\\/badawcze<br \\\/>Kalibracja online system\\u00f3w wykrywania nurk\\u00f3w<\\\/p>\\n\n\n<p><strong>Opcje<\\\/strong><\\\/p>\\n\n\n<p>Szeroki wyb\\u00f3r materia\\u0142\\u00f3w<br \\\/>Klatka ochronna<br \\\/>Pakiet danych z alarmem o awarii\\\/anomalii<br \\\/>Mocowanie na p\\u0142ozach dla sta\\u0142ego pozycjonowania wci\\u0105garki<br \\\/>Integracja z obserwatoriami g\\u0142\\u0119binowymi<\\\/p>\"}},{\"type\":\"button\",\"props\":{\"grid_column_gap\":\"small\",\"grid_row_gap\":\"small\",\"margin\":\"default\",\"text_align\":\"center\"},\"children\":[{\"type\":\"button_item\",\"props\":{\"button_style\":\"default\",\"icon_align\":\"left\",\"content\":\"Broszura \",\"link\":\"https:\\\/\\\/www.macartney.com\\\/media\\\/8103\\\/mermac-u.pdf\"}}]}]}]}]}],\"version\":\"2.4.14\"} --><\/p>\n","protected":false},"excerpt":{"rendered":"<p>Winda MacArtney MERMAC U System wci\u0105garek MERMAC U jest dost\u0119pny z kilkoma specjalnie zaprojektowanymi funkcjami i opcjami, co czyni go idealnym wyborem do zastosowania w oceanotechnice i przemy\u015ble obronnym. MERMAC U zawiera zaawansowan\u0105 technologi\u0119 i bazuje na dekadach bogatego do\u015bwiadczenia MacArtney w projektowaniu i produkcji wci\u0105garek oraz know-how. Stanowi innowacyjne rozwi\u0105zanie systemowe o solidnej konstrukcji, [&hellip;]<\/p>\n","protected":false},"author":10,"featured_media":0,"parent":0,"menu_order":0,"comment_status":"closed","ping_status":"closed","template":"","meta":{"footnotes":""},"class_list":["post-9546","page","type-page","status-publish","hentry"],"yoast_head":"<!-- This site is optimized with the Yoast SEO plugin v27.5 - https:\/\/yoast.com\/product\/yoast-seo-wordpress\/ -->\n<title>Winda MacArtney MERMAC U - ESCORT TECHNOLOGY<\/title>\n<meta name=\"robots\" content=\"index, follow, max-snippet:-1, max-image-preview:large, max-video-preview:-1\" \/>\n<link rel=\"canonical\" href=\"https:\/\/escort-technology.com\/pl\/winda-macartney-mermac-u\/\" \/>\n<meta property=\"og:locale\" content=\"pl_PL\" \/>\n<meta property=\"og:type\" content=\"article\" \/>\n<meta property=\"og:title\" content=\"Winda MacArtney MERMAC U - ESCORT TECHNOLOGY\" \/>\n<meta property=\"og:description\" content=\"Winda MacArtney MERMAC U System wci\u0105garek MERMAC U jest dost\u0119pny z kilkoma specjalnie zaprojektowanymi funkcjami i opcjami, co czyni go idealnym wyborem do zastosowania w oceanotechnice i przemy\u015ble obronnym. MERMAC U zawiera zaawansowan\u0105 technologi\u0119 i bazuje na dekadach bogatego do\u015bwiadczenia MacArtney w projektowaniu i produkcji wci\u0105garek oraz know-how. Stanowi innowacyjne rozwi\u0105zanie systemowe o solidnej konstrukcji, [&hellip;]\" \/>\n<meta property=\"og:url\" content=\"https:\/\/escort-technology.com\/pl\/winda-macartney-mermac-u\/\" \/>\n<meta property=\"og:site_name\" content=\"ESCORT TECHNOLOGY\" \/>\n<meta property=\"article:publisher\" content=\"https:\/\/www.facebook.com\/elektronika.morska\/\" \/>\n<meta property=\"article:modified_time\" content=\"2021-07-21T09:56:15+00:00\" \/>\n<meta property=\"og:image\" content=\"https:\/\/escort-technology.com\/wp-content\/uploads\/2021\/07\/mermac-u_3.jpg\" \/>\n<meta name=\"twitter:card\" content=\"summary_large_image\" \/>\n<meta name=\"twitter:label1\" content=\"Szacowany czas czytania\" \/>\n\t<meta name=\"twitter:data1\" content=\"1 minuta\" \/>\n<script type=\"application\/ld+json\" class=\"yoast-schema-graph\">{\"@context\":\"https:\\\/\\\/schema.org\",\"@graph\":[{\"@type\":\"WebPage\",\"@id\":\"https:\\\/\\\/escort-technology.com\\\/pl\\\/winda-macartney-mermac-u\\\/\",\"url\":\"https:\\\/\\\/escort-technology.com\\\/pl\\\/winda-macartney-mermac-u\\\/\",\"name\":\"Winda MacArtney MERMAC U - ESCORT TECHNOLOGY\",\"isPartOf\":{\"@id\":\"http:\\\/\\\/escort-technology.com\\\/de\\\/#website\"},\"datePublished\":\"2021-07-21T09:48:50+00:00\",\"dateModified\":\"2021-07-21T09:56:15+00:00\",\"breadcrumb\":{\"@id\":\"https:\\\/\\\/escort-technology.com\\\/pl\\\/winda-macartney-mermac-u\\\/#breadcrumb\"},\"inLanguage\":\"pl-PL\",\"potentialAction\":[{\"@type\":\"ReadAction\",\"target\":[\"https:\\\/\\\/escort-technology.com\\\/pl\\\/winda-macartney-mermac-u\\\/\"]}]},{\"@type\":\"BreadcrumbList\",\"@id\":\"https:\\\/\\\/escort-technology.com\\\/pl\\\/winda-macartney-mermac-u\\\/#breadcrumb\",\"itemListElement\":[{\"@type\":\"ListItem\",\"position\":1,\"name\":\"Strona g\u0142\u00f3wna\",\"item\":\"https:\\\/\\\/escort-technology.com\\\/\"},{\"@type\":\"ListItem\",\"position\":2,\"name\":\"Winda MacArtney MERMAC U\"}]},{\"@type\":\"WebSite\",\"@id\":\"http:\\\/\\\/escort-technology.com\\\/de\\\/#website\",\"url\":\"http:\\\/\\\/escort-technology.com\\\/de\\\/\",\"name\":\"ESCORT TECHNOLOGY\",\"description\":\"Elektronika morska i l\u0105dowa\",\"publisher\":{\"@id\":\"http:\\\/\\\/escort-technology.com\\\/de\\\/#organization\"},\"potentialAction\":[{\"@type\":\"SearchAction\",\"target\":{\"@type\":\"EntryPoint\",\"urlTemplate\":\"http:\\\/\\\/escort-technology.com\\\/de\\\/?s={search_term_string}\"},\"query-input\":{\"@type\":\"PropertyValueSpecification\",\"valueRequired\":true,\"valueName\":\"search_term_string\"}}],\"inLanguage\":\"pl-PL\"},{\"@type\":\"Organization\",\"@id\":\"http:\\\/\\\/escort-technology.com\\\/de\\\/#organization\",\"name\":\"ESCORT TECHNOLOGY\",\"url\":\"http:\\\/\\\/escort-technology.com\\\/de\\\/\",\"logo\":{\"@type\":\"ImageObject\",\"inLanguage\":\"pl-PL\",\"@id\":\"http:\\\/\\\/escort-technology.com\\\/de\\\/#\\\/schema\\\/logo\\\/image\\\/\",\"url\":\"https:\\\/\\\/escort-technology.com\\\/wp-content\\\/uploads\\\/logo-1.jpg\",\"contentUrl\":\"https:\\\/\\\/escort-technology.com\\\/wp-content\\\/uploads\\\/logo-1.jpg\",\"width\":600,\"height\":165,\"caption\":\"ESCORT TECHNOLOGY\"},\"image\":{\"@id\":\"http:\\\/\\\/escort-technology.com\\\/de\\\/#\\\/schema\\\/logo\\\/image\\\/\"},\"sameAs\":[\"https:\\\/\\\/www.facebook.com\\\/elektronika.morska\\\/\",\"https:\\\/\\\/www.linkedin.com\\\/company\\\/escort-sp-z-o-o-\\\/\"]}]}<\/script>\n<!-- \/ Yoast SEO plugin. -->","yoast_head_json":{"title":"Winda MacArtney MERMAC U - ESCORT TECHNOLOGY","robots":{"index":"index","follow":"follow","max-snippet":"max-snippet:-1","max-image-preview":"max-image-preview:large","max-video-preview":"max-video-preview:-1"},"canonical":"https:\/\/escort-technology.com\/pl\/winda-macartney-mermac-u\/","og_locale":"pl_PL","og_type":"article","og_title":"Winda MacArtney MERMAC U - ESCORT TECHNOLOGY","og_description":"Winda MacArtney MERMAC U System wci\u0105garek MERMAC U jest dost\u0119pny z kilkoma specjalnie zaprojektowanymi funkcjami i opcjami, co czyni go idealnym wyborem do zastosowania w oceanotechnice i przemy\u015ble obronnym. MERMAC U zawiera zaawansowan\u0105 technologi\u0119 i bazuje na dekadach bogatego do\u015bwiadczenia MacArtney w projektowaniu i produkcji wci\u0105garek oraz know-how. Stanowi innowacyjne rozwi\u0105zanie systemowe o solidnej konstrukcji, [&hellip;]","og_url":"https:\/\/escort-technology.com\/pl\/winda-macartney-mermac-u\/","og_site_name":"ESCORT TECHNOLOGY","article_publisher":"https:\/\/www.facebook.com\/elektronika.morska\/","article_modified_time":"2021-07-21T09:56:15+00:00","og_image":[{"url":"https:\/\/escort-technology.com\/wp-content\/uploads\/2021\/07\/mermac-u_3.jpg","type":"","width":"","height":""}],"twitter_card":"summary_large_image","twitter_misc":{"Szacowany czas czytania":"1 minuta"},"schema":{"@context":"https:\/\/schema.org","@graph":[{"@type":"WebPage","@id":"https:\/\/escort-technology.com\/pl\/winda-macartney-mermac-u\/","url":"https:\/\/escort-technology.com\/pl\/winda-macartney-mermac-u\/","name":"Winda MacArtney MERMAC U - ESCORT TECHNOLOGY","isPartOf":{"@id":"http:\/\/escort-technology.com\/de\/#website"},"datePublished":"2021-07-21T09:48:50+00:00","dateModified":"2021-07-21T09:56:15+00:00","breadcrumb":{"@id":"https:\/\/escort-technology.com\/pl\/winda-macartney-mermac-u\/#breadcrumb"},"inLanguage":"pl-PL","potentialAction":[{"@type":"ReadAction","target":["https:\/\/escort-technology.com\/pl\/winda-macartney-mermac-u\/"]}]},{"@type":"BreadcrumbList","@id":"https:\/\/escort-technology.com\/pl\/winda-macartney-mermac-u\/#breadcrumb","itemListElement":[{"@type":"ListItem","position":1,"name":"Strona g\u0142\u00f3wna","item":"https:\/\/escort-technology.com\/"},{"@type":"ListItem","position":2,"name":"Winda MacArtney MERMAC U"}]},{"@type":"WebSite","@id":"http:\/\/escort-technology.com\/de\/#website","url":"http:\/\/escort-technology.com\/de\/","name":"ESCORT TECHNOLOGY","description":"Elektronika morska i l\u0105dowa","publisher":{"@id":"http:\/\/escort-technology.com\/de\/#organization"},"potentialAction":[{"@type":"SearchAction","target":{"@type":"EntryPoint","urlTemplate":"http:\/\/escort-technology.com\/de\/?s={search_term_string}"},"query-input":{"@type":"PropertyValueSpecification","valueRequired":true,"valueName":"search_term_string"}}],"inLanguage":"pl-PL"},{"@type":"Organization","@id":"http:\/\/escort-technology.com\/de\/#organization","name":"ESCORT TECHNOLOGY","url":"http:\/\/escort-technology.com\/de\/","logo":{"@type":"ImageObject","inLanguage":"pl-PL","@id":"http:\/\/escort-technology.com\/de\/#\/schema\/logo\/image\/","url":"https:\/\/escort-technology.com\/wp-content\/uploads\/logo-1.jpg","contentUrl":"https:\/\/escort-technology.com\/wp-content\/uploads\/logo-1.jpg","width":600,"height":165,"caption":"ESCORT TECHNOLOGY"},"image":{"@id":"http:\/\/escort-technology.com\/de\/#\/schema\/logo\/image\/"},"sameAs":["https:\/\/www.facebook.com\/elektronika.morska\/","https:\/\/www.linkedin.com\/company\/escort-sp-z-o-o-\/"]}]}},"_links":{"self":[{"href":"https:\/\/escort-technology.com\/pl\/wp-json\/wp\/v2\/pages\/9546","targetHints":{"allow":["GET"]}}],"collection":[{"href":"https:\/\/escort-technology.com\/pl\/wp-json\/wp\/v2\/pages"}],"about":[{"href":"https:\/\/escort-technology.com\/pl\/wp-json\/wp\/v2\/types\/page"}],"author":[{"embeddable":true,"href":"https:\/\/escort-technology.com\/pl\/wp-json\/wp\/v2\/users\/10"}],"replies":[{"embeddable":true,"href":"https:\/\/escort-technology.com\/pl\/wp-json\/wp\/v2\/comments?post=9546"}],"version-history":[{"count":5,"href":"https:\/\/escort-technology.com\/pl\/wp-json\/wp\/v2\/pages\/9546\/revisions"}],"predecessor-version":[{"id":9557,"href":"https:\/\/escort-technology.com\/pl\/wp-json\/wp\/v2\/pages\/9546\/revisions\/9557"}],"wp:attachment":[{"href":"https:\/\/escort-technology.com\/pl\/wp-json\/wp\/v2\/media?parent=9546"}],"curies":[{"name":"wp","href":"https:\/\/api.w.org\/{rel}","templated":true}]}}