{"id":9558,"date":"2021-07-21T12:57:11","date_gmt":"2021-07-21T10:57:11","guid":{"rendered":"https:\/\/escort-technology.com\/?page_id=9558"},"modified":"2021-07-21T15:08:46","modified_gmt":"2021-07-21T13:08:46","slug":"winda-mermac-ea","status":"publish","type":"page","link":"https:\/\/escort-technology.com\/pl\/winda-mermac-ea\/","title":{"rendered":"Winda MERMAC eA"},"content":{"rendered":"<h1>\n<p>Winda MacArtney MERMAC eA<\/p>\n<\/h1>\n<hr>\n<ul>\n<li>\n<p>        <img decoding=\"async\" src=\"\/wp-content\/uploads\/2021\/07\/mermac-ea35_1_dsc0278w-patentpending-1.jpg\" alt=\"\"><\/p>\n<\/li>\n<li>\n<p>        <img decoding=\"async\" src=\"\/wp-content\/uploads\/2021\/07\/mermac-ea35_28_pro9252w2.jpg\" alt=\"\"><\/p>\n<\/li>\n<li>\n<p>        <img decoding=\"async\" src=\"\/wp-content\/uploads\/2021\/07\/mermac-ea35_7_dsc0308w.jpg\" alt=\"\"><\/p>\n<\/li>\n<\/ul>\n<div>\n<p>Wykorzystuj\u0105c znan\u0105 i sprawdzon\u0105 technologi\u0119 MacArtney, nowa ca\u0142kowicie elektryczna rama MERMAC eA jest odpowiedzi\u0105 na zapotrzebowanie rynku na produkty bardziej przyjazne \u015brodowisku.<\/p>\n<p>Nowa, przyjazna dla \u015brodowiska i ekonomiczna rama MERMAC eA wyposa\u017cona jest w sprawdzon\u0105 i przetestowan\u0105 technologi\u0119 MacArtney. Efektywno\u015b\u0107 energetyczna jest lepsza o ponad 30% w por\u00f3wnaniu do system\u00f3w hydraulicznych, a zerowe ci\u015bnienie oleju nad wod\u0105 znacznie zmniejsza ryzyko rozlania oleju.<\/p>\n<p>Rozwi\u0105zanie technologiczne jutra, zaprojektowane i wyprodukowane w Danii z ponad 40-letnim do\u015bwiadczeniem MacArtney, MERMAC eA-frame mo\u017ce by\u0107 dostarczony jako integralna cz\u0119\u015b\u0107 kompletnego systemu wodowania i odzyskiwania lub jako samodzielny A-Frame, zapewniaj\u0105c doskona\u0142\u0105 wszechstronno\u015b\u0107. Ten ca\u0142kowicie elektryczny system jest w pe\u0142ni konfigurowalny i mo\u017ce by\u0107 zaprojektowany tak, aby spe\u0142ni\u0107 specyficzne potrzeby klienta i specyfikacje techniczne.<\/p>\n<p>Solidna konstrukcja posiada opcjonalny tryb awaryjnego odzyskiwania, kt\u00f3ry umo\u017cliwia bezpieczne odzyskanie statku nawet w przypadku awarii nap\u0119du.<\/p>\n<p>MERMAC eA-frame zapewnia niski koszt posiadania poprzez konstrukcj\u0119 k\u0142ad\u0105c\u0105 nacisk na \u0142atwo\u015b\u0107 konserwacji. Cz\u0119\u015bci zamienne maj\u0105 nisk\u0105 wag\u0119, s\u0105 \u0142atwo dost\u0119pne i \u0142atwe do wymiany. Ponadto, prace konserwacyjne s\u0105 znacznie zredukowane poprzez wyeliminowanie hydrauliki. Elektroniczny system sterowania zapewnia p\u0142ynn\u0105 prac\u0119, a tym samym mniejsze zu\u017cycie.<\/p>\n<p>Efektywno\u015b\u0107 instalacji i eksploatacji, u\u0142atwiona dzi\u0119ki wyeliminowaniu prac hydraulicznych, jest dodatkowo wspomagana przez instalacj\u0119 typu Plug-and-Play i znacznie skraca czas mobilizacji.<\/p>\n<p>Mo\u017cliwo\u015bci integracji z elektrycznymi wci\u0105garkami MacArtney zapewniaj\u0105 opcje konwersji kompletnego systemu wodowania i odzyskiwania do obs\u0142ugi przez jedn\u0105 osob\u0119.<br \/>Inteligentny system sterowania umo\u017cliwia przysz\u0142e modernizacje, zapewniaj\u0105c w ten spos\u00f3b wszechstronno\u015b\u0107 i trwa\u0142o\u015b\u0107 na rynku.<\/p>\n<p>Dzi\u0119ki wysokiemu stopniowi integralno\u015bci i wbudowanej redundancji, MERMAC eA-frame zmniejsza ryzyko przestoj\u00f3w i stanowi przysz\u0142o\u015bciowe, op\u0142acalne rozwi\u0105zanie.<\/p>\n<p><strong>Cechy i korzy\u015bci<\/strong><\/p>\n<ul>\n<li>Zwi\u0119kszona wydajno\u015b\u0107 energetyczna<\/li>\n<li>Znacz\u0105co zmniejszone ryzyko wycieku oleju<\/li>\n<li>Mobilizacja typu Plug-and-Play<\/li>\n<li>Prace konserwacyjne zredukowane nawet o 50%.<\/li>\n<li>Ekonomiczne cz\u0119\u015bci zamienne z minimalnym czasem realizacji<\/li>\n<li>Uruchamianie oparte na sprawdzonej i<\/li>\n<li>przetestowanej technologii<\/li>\n<li>Wbudowana redundancja systemu uruchamiania<\/li>\n<li>Wysoka uniwersalno\u015b\u0107 i odporno\u015b\u0107 na przysz\u0142o\u015b\u0107<\/li>\n<li>Przewy\u017csza istniej\u0105ce kluczowe kryteria wydajno\u015bci LARS<\/li>\n<li>Kompaktowa konstrukcja zwi\u0119ksza przestrze\u0144 robocz\u0105 na p\u0142ozie<\/li>\n<li>W pe\u0142ni skalowalna konstrukcja obs\u0142uguje dowolne obci\u0105\u017cenie u\u017cytkowe<\/li>\n<\/ul>\n<p><strong>Zastosowania<\/strong><\/p>\n<ul>\n<li>Systemy ROV klasy roboczej, inspekcyjnej i obserwacyjnej<\/li>\n<li>Pojazdy holowane i platformy oprzyrz\u0105dowania<\/li>\n<li>Systemy, czujniki i sprz\u0119t oceanograficzny<\/li>\n<li>Systemy wiercenia pod dnem morskim i pobierania pr\u00f3bek<\/li>\n<li>Obs\u0142uga i wsparcie dla realizacji podmorskich<\/li>\n<li>Og\u00f3lne oprzyrz\u0105dowanie morskie<\/li>\n<\/ul>\n<p><strong>Opcje systemu<\/strong><\/p>\n<ul>\n<li>G\u0142owica dokuj\u0105ca z funkcj\u0105 obrotu i t\u0142umienia drga\u0144<\/li>\n<li>Sprz\u0119\u017cenie zwrotne z zatrzaskiem i pociskiem dokuj\u0105cym<\/li>\n<li>Zintegrowana wci\u0105garka i sterowanie ram\u0105 A<\/li>\n<li>Zautomatyzowane uruchamianie i odzyskiwanie<\/li>\n<li>Inteligentne wysuwanie\/wyci\u0105ganie do pracy w zawieszeniu<\/li>\n<li>Rejestrowanie danych dla potrzeb konserwacji<\/li>\n<li>Tryb awaryjnego odzyskiwania<\/li>\n<li>Uniwersalny zdalny dost\u0119p<\/li>\n<li>Zasilanie 690 VAC<\/li>\n<li>Zbieranie energii<\/li>\n<li>Certyfikacja systemu zgodnie z DNVGL-ST-0378<\/li>\n<li>Certyfikacja d\u017awigu zgodnie z DNVGL-ST-E273<\/li>\n<li>Zgodno\u015b\u0107 z norm\u0105 NORSOK Z-015<\/li>\n<li>Oznakowanie CE<\/li>\n<\/ul>\n<\/div>\n<p><iframe src=\"https:\/\/www.youtube.com\/watch?v=Xg8TqXesc8s&#038;t=1s\"><\/iframe><\/p>\n<p><!--more--><br \/>\n<!-- {\"type\":\"layout\",\"children\":[{\"type\":\"section\",\"props\":{\"style\":\"default\",\"width\":\"default\",\"vertical_align\":\"middle\",\"title_position\":\"top-left\",\"title_rotation\":\"left\",\"title_breakpoint\":\"xl\",\"image_position\":\"center-center\"},\"children\":[{\"type\":\"row\",\"children\":[{\"type\":\"column\",\"props\":{\"image_position\":\"center-center\",\"media_overlay_gradient\":\"\"},\"children\":[{\"type\":\"headline\",\"props\":{\"title_element\":\"h1\",\"content\":\"\n\n<p>Winda MacArtney MERMAC eA<\\\/p>\"}},{\"type\":\"divider\",\"props\":{\"divider_element\":\"hr\"}}]}]}]},{\"type\":\"section\",\"props\":{\"style\":\"default\",\"width\":\"default\",\"vertical_align\":\"middle\",\"title_position\":\"top-left\",\"title_rotation\":\"left\",\"title_breakpoint\":\"xl\",\"image_position\":\"center-center\"},\"children\":[{\"type\":\"row\",\"children\":[{\"type\":\"column\",\"props\":{\"image_position\":\"center-center\",\"media_overlay_gradient\":\"\"},\"children\":[{\"type\":\"slideshow\",\"props\":{\"show_title\":true,\"show_meta\":true,\"show_content\":true,\"show_link\":true,\"show_thumbnail\":true,\"slideshow_min_height\":300,\"slideshow_autoplay_pause\":true,\"nav\":\"dotnav\",\"nav_position\":\"bottom-center\",\"nav_position_margin\":\"medium\",\"nav_align\":\"center\",\"nav_breakpoint\":\"s\",\"thumbnav_width\":\"100\",\"thumbnav_height\":\"75\",\"thumbnav_svg_color\":\"emphasis\",\"slidenav\":\"default\",\"slidenav_margin\":\"medium\",\"slidenav_breakpoint\":\"s\",\"slidenav_outside_breakpoint\":\"xl\",\"overlay_position\":\"center-left\",\"overlay_animation\":\"parallax\",\"title_element\":\"h3\",\"meta_style\":\"meta\",\"meta_align\":\"below-title\",\"meta_element\":\"div\",\"link_text\":\"Read more\",\"link_style\":\"default\",\"margin\":\"default\"},\"children\":[{\"type\":\"slideshow_item\",\"props\":{\"image\":\"wp-content\\\/uploads\\\/2021\\\/07\\\/mermac-ea35_1_dsc0278w-patentpending-1.jpg\"}},{\"type\":\"slideshow_item\",\"props\":{\"image\":\"wp-content\\\/uploads\\\/2021\\\/07\\\/mermac-ea35_28_pro9252w2.jpg\"}},{\"type\":\"slideshow_item\",\"props\":{\"image\":\"wp-content\\\/uploads\\\/2021\\\/07\\\/mermac-ea35_7_dsc0308w.jpg\"}}]}]}]}]},{\"type\":\"section\",\"props\":{\"style\":\"default\",\"width\":\"default\",\"vertical_align\":\"middle\",\"title_position\":\"top-left\",\"title_rotation\":\"left\",\"title_breakpoint\":\"xl\",\"image_position\":\"center-center\"},\"children\":[{\"type\":\"row\",\"children\":[{\"type\":\"column\",\"props\":{\"image_position\":\"center-center\",\"media_overlay_gradient\":\"\"},\"children\":[{\"type\":\"text\",\"props\":{\"margin\":\"default\",\"column_breakpoint\":\"m\",\"content\":\"\n\n<p>Wykorzystuj\\u0105c znan\\u0105 i sprawdzon\\u0105 technologi\\u0119 MacArtney, nowa ca\\u0142kowicie elektryczna rama MERMAC eA jest odpowiedzi\\u0105 na zapotrzebowanie rynku na produkty bardziej przyjazne \\u015brodowisku.<\\\/p>\\n\n\n<p>Nowa, przyjazna dla \\u015brodowiska i ekonomiczna rama MERMAC eA wyposa\\u017cona jest w sprawdzon\\u0105 i przetestowan\\u0105 technologi\\u0119 MacArtney. Efektywno\\u015b\\u0107 energetyczna jest lepsza o ponad 30% w por\\u00f3wnaniu do system\\u00f3w hydraulicznych, a zerowe ci\\u015bnienie oleju nad wod\\u0105 znacznie zmniejsza ryzyko rozlania oleju.<\\\/p>\\n\n\n<p>Rozwi\\u0105zanie technologiczne jutra, zaprojektowane i wyprodukowane w Danii z ponad 40-letnim do\\u015bwiadczeniem MacArtney, MERMAC eA-frame mo\\u017ce by\\u0107 dostarczony jako integralna cz\\u0119\\u015b\\u0107 kompletnego systemu wodowania i odzyskiwania lub jako samodzielny A-Frame, zapewniaj\\u0105c doskona\\u0142\\u0105 wszechstronno\\u015b\\u0107. Ten ca\\u0142kowicie elektryczny system jest w pe\\u0142ni konfigurowalny i mo\\u017ce by\\u0107 zaprojektowany tak, aby spe\\u0142ni\\u0107 specyficzne potrzeby klienta i specyfikacje techniczne.<\\\/p>\\n\n\n<p>Solidna konstrukcja posiada opcjonalny tryb awaryjnego odzyskiwania, kt\\u00f3ry umo\\u017cliwia bezpieczne odzyskanie statku nawet w przypadku awarii nap\\u0119du.<\\\/p>\\n\n\n<p>MERMAC eA-frame zapewnia niski koszt posiadania poprzez konstrukcj\\u0119 k\\u0142ad\\u0105c\\u0105 nacisk na \\u0142atwo\\u015b\\u0107 konserwacji. Cz\\u0119\\u015bci zamienne maj\\u0105 nisk\\u0105 wag\\u0119, s\\u0105 \\u0142atwo dost\\u0119pne i \\u0142atwe do wymiany. Ponadto, prace konserwacyjne s\\u0105 znacznie zredukowane poprzez wyeliminowanie hydrauliki. Elektroniczny system sterowania zapewnia p\\u0142ynn\\u0105 prac\\u0119, a tym samym mniejsze zu\\u017cycie.<\\\/p>\\n\n\n<p>Efektywno\\u015b\\u0107 instalacji i eksploatacji, u\\u0142atwiona dzi\\u0119ki wyeliminowaniu prac hydraulicznych, jest dodatkowo wspomagana przez instalacj\\u0119 typu Plug-and-Play i znacznie skraca czas mobilizacji.<\\\/p>\\n\n\n<p>Mo\\u017cliwo\\u015bci integracji z elektrycznymi wci\\u0105garkami MacArtney zapewniaj\\u0105 opcje konwersji kompletnego systemu wodowania i odzyskiwania do obs\\u0142ugi przez jedn\\u0105 osob\\u0119.<br \\\/>Inteligentny system sterowania umo\\u017cliwia przysz\\u0142e modernizacje, zapewniaj\\u0105c w ten spos\\u00f3b wszechstronno\\u015b\\u0107 i trwa\\u0142o\\u015b\\u0107 na rynku.<\\\/p>\\n\n\n<p>Dzi\\u0119ki wysokiemu stopniowi integralno\\u015bci i wbudowanej redundancji, MERMAC eA-frame zmniejsza ryzyko przestoj\\u00f3w i stanowi przysz\\u0142o\\u015bciowe, op\\u0142acalne rozwi\\u0105zanie.<\\\/p>\\n\n\n<p><strong>Cechy i korzy\\u015bci<\\\/strong><\\\/p>\\n\n\n<ul>\\n\n\n<li>Zwi\\u0119kszona wydajno\\u015b\\u0107 energetyczna<\\\/li>\\n\n\n<li>Znacz\\u0105co zmniejszone ryzyko wycieku oleju<\\\/li>\\n\n\n<li>Mobilizacja typu Plug-and-Play<\\\/li>\\n\n\n<li>Prace konserwacyjne zredukowane nawet o 50%.<\\\/li>\\n\n\n<li>Ekonomiczne cz\\u0119\\u015bci zamienne z minimalnym czasem realizacji<\\\/li>\\n\n\n<li>Uruchamianie oparte na sprawdzonej i<\\\/li>\\n\n\n<li>przetestowanej technologii<\\\/li>\\n\n\n<li>Wbudowana redundancja systemu uruchamiania<\\\/li>\\n\n\n<li>Wysoka uniwersalno\\u015b\\u0107 i odporno\\u015b\\u0107 na przysz\\u0142o\\u015b\\u0107<\\\/li>\\n\n\n<li>Przewy\\u017csza istniej\\u0105ce kluczowe kryteria wydajno\\u015bci LARS<\\\/li>\\n\n\n<li>Kompaktowa konstrukcja zwi\\u0119ksza przestrze\\u0144 robocz\\u0105 na p\\u0142ozie<\\\/li>\\n\n\n<li>W pe\\u0142ni skalowalna konstrukcja obs\\u0142uguje dowolne obci\\u0105\\u017cenie u\\u017cytkowe<\\\/li>\\n<\\\/ul>\\n\n\n<p><strong>Zastosowania<\\\/strong><\\\/p>\\n\n\n<ul>\\n\n\n<li>Systemy ROV klasy roboczej, inspekcyjnej i obserwacyjnej<\\\/li>\\n\n\n<li>Pojazdy holowane i platformy oprzyrz\\u0105dowania<\\\/li>\\n\n\n<li>Systemy, czujniki i sprz\\u0119t oceanograficzny<\\\/li>\\n\n\n<li>Systemy wiercenia pod dnem morskim i pobierania pr\\u00f3bek<\\\/li>\\n\n\n<li>Obs\\u0142uga i wsparcie dla realizacji podmorskich<\\\/li>\\n\n\n<li>Og\\u00f3lne oprzyrz\\u0105dowanie morskie<\\\/li>\\n<\\\/ul>\\n\n\n<p><strong>Opcje systemu<\\\/strong><\\\/p>\\n\n\n<ul>\\n\n\n<li>G\\u0142owica dokuj\\u0105ca z funkcj\\u0105 obrotu i t\\u0142umienia drga\\u0144<\\\/li>\\n\n\n<li>Sprz\\u0119\\u017cenie zwrotne z zatrzaskiem i pociskiem dokuj\\u0105cym<\\\/li>\\n\n\n<li>Zintegrowana wci\\u0105garka i sterowanie ram\\u0105 A<\\\/li>\\n\n\n<li>Zautomatyzowane uruchamianie i odzyskiwanie<\\\/li>\\n\n\n<li>Inteligentne wysuwanie\\\/wyci\\u0105ganie do pracy w zawieszeniu<\\\/li>\\n\n\n<li>Rejestrowanie danych dla potrzeb konserwacji<\\\/li>\\n\n\n<li>Tryb awaryjnego odzyskiwania<\\\/li>\\n\n\n<li>Uniwersalny zdalny dost\\u0119p<\\\/li>\\n\n\n<li>Zasilanie 690 VAC<\\\/li>\\n\n\n<li>Zbieranie energii<\\\/li>\\n\n\n<li>Certyfikacja systemu zgodnie z DNVGL-ST-0378<\\\/li>\\n\n\n<li>Certyfikacja d\\u017awigu zgodnie z DNVGL-ST-E273<\\\/li>\\n\n\n<li>Zgodno\\u015b\\u0107 z norm\\u0105 NORSOK Z-015<\\\/li>\\n\n\n<li>Oznakowanie CE<\\\/li>\\n<\\\/ul>\"}},{\"type\":\"video\",\"props\":{\"video_controls\":true,\"margin\":\"default\",\"video\":\"https:\\\/\\\/www.youtube.com\\\/watch?v=Xg8TqXesc8s&t=1s\",\"video_width\":\"500\",\"text_align\":\"center\"}}]}]}]}],\"version\":\"2.4.14\"} --><\/p>\n","protected":false},"excerpt":{"rendered":"<p>Winda MacArtney MERMAC eA Wykorzystuj\u0105c znan\u0105 i sprawdzon\u0105 technologi\u0119 MacArtney, nowa ca\u0142kowicie elektryczna rama MERMAC eA jest odpowiedzi\u0105 na zapotrzebowanie rynku na produkty bardziej przyjazne \u015brodowisku. Nowa, przyjazna dla \u015brodowiska i ekonomiczna rama MERMAC eA wyposa\u017cona jest w sprawdzon\u0105 i przetestowan\u0105 technologi\u0119 MacArtney. Efektywno\u015b\u0107 energetyczna jest lepsza o ponad 30% w por\u00f3wnaniu do system\u00f3w hydraulicznych, [&hellip;]<\/p>\n","protected":false},"author":10,"featured_media":0,"parent":0,"menu_order":0,"comment_status":"closed","ping_status":"closed","template":"","meta":{"footnotes":""},"class_list":["post-9558","page","type-page","status-publish","hentry"],"yoast_head":"<!-- This site is optimized with the Yoast SEO plugin v27.5 - https:\/\/yoast.com\/product\/yoast-seo-wordpress\/ -->\n<title>Winda MERMAC eA - ESCORT TECHNOLOGY<\/title>\n<meta name=\"robots\" content=\"index, follow, max-snippet:-1, max-image-preview:large, max-video-preview:-1\" \/>\n<link rel=\"canonical\" href=\"http:\/\/escort-technology.com\/pl\/de\/winda-mermac-ea\/\" \/>\n<meta property=\"og:locale\" content=\"pl_PL\" \/>\n<meta property=\"og:type\" content=\"article\" \/>\n<meta property=\"og:title\" content=\"Winda MERMAC eA - ESCORT TECHNOLOGY\" \/>\n<meta property=\"og:description\" content=\"Winda MacArtney MERMAC eA Wykorzystuj\u0105c znan\u0105 i sprawdzon\u0105 technologi\u0119 MacArtney, nowa ca\u0142kowicie elektryczna rama MERMAC eA jest odpowiedzi\u0105 na zapotrzebowanie rynku na produkty bardziej przyjazne \u015brodowisku. Nowa, przyjazna dla \u015brodowiska i ekonomiczna rama MERMAC eA wyposa\u017cona jest w sprawdzon\u0105 i przetestowan\u0105 technologi\u0119 MacArtney. Efektywno\u015b\u0107 energetyczna jest lepsza o ponad 30% w por\u00f3wnaniu do system\u00f3w hydraulicznych, [&hellip;]\" \/>\n<meta property=\"og:url\" content=\"http:\/\/escort-technology.com\/pl\/de\/winda-mermac-ea\/\" \/>\n<meta property=\"og:site_name\" content=\"ESCORT TECHNOLOGY\" \/>\n<meta property=\"article:publisher\" content=\"https:\/\/www.facebook.com\/elektronika.morska\/\" \/>\n<meta property=\"article:modified_time\" content=\"2021-07-21T13:08:46+00:00\" \/>\n<meta property=\"og:image\" content=\"https:\/\/escort-technology.com\/wp-content\/uploads\/2021\/07\/mermac-ea35_1_dsc0278w-patentpending-1.jpg\" \/>\n<meta name=\"twitter:card\" content=\"summary_large_image\" \/>\n<meta name=\"twitter:label1\" content=\"Szacowany czas czytania\" \/>\n\t<meta name=\"twitter:data1\" content=\"2 minuty\" \/>\n<script type=\"application\/ld+json\" class=\"yoast-schema-graph\">{\"@context\":\"https:\\\/\\\/schema.org\",\"@graph\":[{\"@type\":\"WebPage\",\"@id\":\"http:\\\/\\\/escort-technology.com\\\/de\\\/winda-mermac-ea\\\/\",\"url\":\"http:\\\/\\\/escort-technology.com\\\/de\\\/winda-mermac-ea\\\/\",\"name\":\"Winda MERMAC eA - ESCORT TECHNOLOGY\",\"isPartOf\":{\"@id\":\"http:\\\/\\\/escort-technology.com\\\/de\\\/#website\"},\"datePublished\":\"2021-07-21T10:57:11+00:00\",\"dateModified\":\"2021-07-21T13:08:46+00:00\",\"breadcrumb\":{\"@id\":\"http:\\\/\\\/escort-technology.com\\\/de\\\/winda-mermac-ea\\\/#breadcrumb\"},\"inLanguage\":\"pl-PL\",\"potentialAction\":[{\"@type\":\"ReadAction\",\"target\":[\"http:\\\/\\\/escort-technology.com\\\/de\\\/winda-mermac-ea\\\/\"]}]},{\"@type\":\"BreadcrumbList\",\"@id\":\"http:\\\/\\\/escort-technology.com\\\/de\\\/winda-mermac-ea\\\/#breadcrumb\",\"itemListElement\":[{\"@type\":\"ListItem\",\"position\":1,\"name\":\"Strona g\u0142\u00f3wna\",\"item\":\"https:\\\/\\\/escort-technology.com\\\/\"},{\"@type\":\"ListItem\",\"position\":2,\"name\":\"Winda MERMAC eA\"}]},{\"@type\":\"WebSite\",\"@id\":\"http:\\\/\\\/escort-technology.com\\\/de\\\/#website\",\"url\":\"http:\\\/\\\/escort-technology.com\\\/de\\\/\",\"name\":\"ESCORT TECHNOLOGY\",\"description\":\"Elektronika morska i l\u0105dowa\",\"publisher\":{\"@id\":\"http:\\\/\\\/escort-technology.com\\\/de\\\/#organization\"},\"potentialAction\":[{\"@type\":\"SearchAction\",\"target\":{\"@type\":\"EntryPoint\",\"urlTemplate\":\"http:\\\/\\\/escort-technology.com\\\/de\\\/?s={search_term_string}\"},\"query-input\":{\"@type\":\"PropertyValueSpecification\",\"valueRequired\":true,\"valueName\":\"search_term_string\"}}],\"inLanguage\":\"pl-PL\"},{\"@type\":\"Organization\",\"@id\":\"http:\\\/\\\/escort-technology.com\\\/de\\\/#organization\",\"name\":\"ESCORT TECHNOLOGY\",\"url\":\"http:\\\/\\\/escort-technology.com\\\/de\\\/\",\"logo\":{\"@type\":\"ImageObject\",\"inLanguage\":\"pl-PL\",\"@id\":\"http:\\\/\\\/escort-technology.com\\\/de\\\/#\\\/schema\\\/logo\\\/image\\\/\",\"url\":\"https:\\\/\\\/escort-technology.com\\\/wp-content\\\/uploads\\\/logo-1.jpg\",\"contentUrl\":\"https:\\\/\\\/escort-technology.com\\\/wp-content\\\/uploads\\\/logo-1.jpg\",\"width\":600,\"height\":165,\"caption\":\"ESCORT TECHNOLOGY\"},\"image\":{\"@id\":\"http:\\\/\\\/escort-technology.com\\\/de\\\/#\\\/schema\\\/logo\\\/image\\\/\"},\"sameAs\":[\"https:\\\/\\\/www.facebook.com\\\/elektronika.morska\\\/\",\"https:\\\/\\\/www.linkedin.com\\\/company\\\/escort-sp-z-o-o-\\\/\"]}]}<\/script>\n<!-- \/ Yoast SEO plugin. -->","yoast_head_json":{"title":"Winda MERMAC eA - ESCORT TECHNOLOGY","robots":{"index":"index","follow":"follow","max-snippet":"max-snippet:-1","max-image-preview":"max-image-preview:large","max-video-preview":"max-video-preview:-1"},"canonical":"http:\/\/escort-technology.com\/pl\/de\/winda-mermac-ea\/","og_locale":"pl_PL","og_type":"article","og_title":"Winda MERMAC eA - ESCORT TECHNOLOGY","og_description":"Winda MacArtney MERMAC eA Wykorzystuj\u0105c znan\u0105 i sprawdzon\u0105 technologi\u0119 MacArtney, nowa ca\u0142kowicie elektryczna rama MERMAC eA jest odpowiedzi\u0105 na zapotrzebowanie rynku na produkty bardziej przyjazne \u015brodowisku. Nowa, przyjazna dla \u015brodowiska i ekonomiczna rama MERMAC eA wyposa\u017cona jest w sprawdzon\u0105 i przetestowan\u0105 technologi\u0119 MacArtney. Efektywno\u015b\u0107 energetyczna jest lepsza o ponad 30% w por\u00f3wnaniu do system\u00f3w hydraulicznych, [&hellip;]","og_url":"http:\/\/escort-technology.com\/pl\/de\/winda-mermac-ea\/","og_site_name":"ESCORT TECHNOLOGY","article_publisher":"https:\/\/www.facebook.com\/elektronika.morska\/","article_modified_time":"2021-07-21T13:08:46+00:00","og_image":[{"url":"https:\/\/escort-technology.com\/wp-content\/uploads\/2021\/07\/mermac-ea35_1_dsc0278w-patentpending-1.jpg","type":"","width":"","height":""}],"twitter_card":"summary_large_image","twitter_misc":{"Szacowany czas czytania":"2 minuty"},"schema":{"@context":"https:\/\/schema.org","@graph":[{"@type":"WebPage","@id":"http:\/\/escort-technology.com\/de\/winda-mermac-ea\/","url":"http:\/\/escort-technology.com\/de\/winda-mermac-ea\/","name":"Winda MERMAC eA - ESCORT TECHNOLOGY","isPartOf":{"@id":"http:\/\/escort-technology.com\/de\/#website"},"datePublished":"2021-07-21T10:57:11+00:00","dateModified":"2021-07-21T13:08:46+00:00","breadcrumb":{"@id":"http:\/\/escort-technology.com\/de\/winda-mermac-ea\/#breadcrumb"},"inLanguage":"pl-PL","potentialAction":[{"@type":"ReadAction","target":["http:\/\/escort-technology.com\/de\/winda-mermac-ea\/"]}]},{"@type":"BreadcrumbList","@id":"http:\/\/escort-technology.com\/de\/winda-mermac-ea\/#breadcrumb","itemListElement":[{"@type":"ListItem","position":1,"name":"Strona g\u0142\u00f3wna","item":"https:\/\/escort-technology.com\/"},{"@type":"ListItem","position":2,"name":"Winda MERMAC eA"}]},{"@type":"WebSite","@id":"http:\/\/escort-technology.com\/de\/#website","url":"http:\/\/escort-technology.com\/de\/","name":"ESCORT TECHNOLOGY","description":"Elektronika morska i l\u0105dowa","publisher":{"@id":"http:\/\/escort-technology.com\/de\/#organization"},"potentialAction":[{"@type":"SearchAction","target":{"@type":"EntryPoint","urlTemplate":"http:\/\/escort-technology.com\/de\/?s={search_term_string}"},"query-input":{"@type":"PropertyValueSpecification","valueRequired":true,"valueName":"search_term_string"}}],"inLanguage":"pl-PL"},{"@type":"Organization","@id":"http:\/\/escort-technology.com\/de\/#organization","name":"ESCORT TECHNOLOGY","url":"http:\/\/escort-technology.com\/de\/","logo":{"@type":"ImageObject","inLanguage":"pl-PL","@id":"http:\/\/escort-technology.com\/de\/#\/schema\/logo\/image\/","url":"https:\/\/escort-technology.com\/wp-content\/uploads\/logo-1.jpg","contentUrl":"https:\/\/escort-technology.com\/wp-content\/uploads\/logo-1.jpg","width":600,"height":165,"caption":"ESCORT TECHNOLOGY"},"image":{"@id":"http:\/\/escort-technology.com\/de\/#\/schema\/logo\/image\/"},"sameAs":["https:\/\/www.facebook.com\/elektronika.morska\/","https:\/\/www.linkedin.com\/company\/escort-sp-z-o-o-\/"]}]}},"_links":{"self":[{"href":"https:\/\/escort-technology.com\/pl\/wp-json\/wp\/v2\/pages\/9558","targetHints":{"allow":["GET"]}}],"collection":[{"href":"https:\/\/escort-technology.com\/pl\/wp-json\/wp\/v2\/pages"}],"about":[{"href":"https:\/\/escort-technology.com\/pl\/wp-json\/wp\/v2\/types\/page"}],"author":[{"embeddable":true,"href":"https:\/\/escort-technology.com\/pl\/wp-json\/wp\/v2\/users\/10"}],"replies":[{"embeddable":true,"href":"https:\/\/escort-technology.com\/pl\/wp-json\/wp\/v2\/comments?post=9558"}],"version-history":[{"count":5,"href":"https:\/\/escort-technology.com\/pl\/wp-json\/wp\/v2\/pages\/9558\/revisions"}],"predecessor-version":[{"id":9570,"href":"https:\/\/escort-technology.com\/pl\/wp-json\/wp\/v2\/pages\/9558\/revisions\/9570"}],"wp:attachment":[{"href":"https:\/\/escort-technology.com\/pl\/wp-json\/wp\/v2\/media?parent=9558"}],"curies":[{"name":"wp","href":"https:\/\/api.w.org\/{rel}","templated":true}]}}